{"id":134499,"date":"2026-04-22T09:53:23","date_gmt":"2026-04-22T07:53:23","guid":{"rendered":"https:\/\/moitoarchery.com\/?post_type=product&#038;p=134499"},"modified":"2026-04-22T11:02:00","modified_gmt":"2026-04-22T09:02:00","slug":"cinta-adhesiva-doble-cara-jet6-para-emplumado-de-flechas","status":"publish","type":"product","link":"https:\/\/moitoarchery.com\/en\/product\/cinta-adhesiva-doble-cara-jet6-para-emplumado-de-flechas\/","title":{"rendered":"Cinta Adhesiva Doble Cara Jet6 para Emplumado de Flechas (10 u)"},"content":{"rendered":"<p data-start=\"62\" data-end=\"365\">La <strong>Cinta Adhesiva Doble Cara Jet6 para Emplumado de Flechas<\/strong> es la soluci\u00f3n perfecta para fijar plumas tipo spin en tus flechas de forma r\u00e1pida, limpia y precisa. Dise\u00f1ada especialmente para vanes como las Jet6, esta cinta adhesiva de doble cara permite un emplumado eficiente sin necesidad de utilizar pegamentos l\u00edquidos.<\/p>\n<p data-start=\"367\" data-end=\"599\">Gracias a su formato pre-cortado, facilita enormemente el montaje y reemplazo de plumas, siendo ideal tanto para arqueros que buscan comodidad como para quienes necesitan realizar ajustes o reparaciones r\u00e1pidas en campo o en taller.<\/p>\n<p data-start=\"367\" data-end=\"599\"><strong>Pack de 10 hojas. Cada hoja contiene 26 unidades, se suelen instalar tres tiras por tubo.<\/strong><\/p>\n<h3 data-section-id=\"131v4uz\" data-start=\"601\" data-end=\"633\">Caracter\u00edsticas principales:<\/h3>\n<ul data-start=\"634\" data-end=\"867\">\n<li data-section-id=\"1rkkw8\" data-start=\"634\" data-end=\"692\">Cinta adhesiva de doble cara espec\u00edfica para emplumado<\/li>\n<li data-section-id=\"keyvfr\" data-start=\"693\" data-end=\"746\">Compatible con vanes tipo spin (Jet6 y similares)<\/li>\n<li data-section-id=\"17rfzfv\" data-start=\"747\" data-end=\"783\">Aplicaci\u00f3n r\u00e1pida y sin residuos<\/li>\n<li data-section-id=\"13mddim\" data-start=\"784\" data-end=\"828\">Formato pre-cortado para mayor precisi\u00f3n<\/li>\n<li data-section-id=\"su72fv\" data-start=\"829\" data-end=\"867\">Fijaci\u00f3n segura con acabado limpio<\/li>\n<\/ul>\n<h3 data-section-id=\"8heyrw\" data-start=\"869\" data-end=\"882\">Ventajas:<\/h3>\n<ul data-start=\"883\" data-end=\"1073\">\n<li data-section-id=\"5o7ccs\" data-start=\"883\" data-end=\"939\">Ahorra tiempo frente al uso de pegamento tradicional<\/li>\n<li data-section-id=\"mpgyjf\" data-start=\"940\" data-end=\"986\">Permite sustituir plumas de forma sencilla<\/li>\n<li data-section-id=\"brhebn\" data-start=\"987\" data-end=\"1026\">Mejora la uniformidad en el montaje<\/li>\n<li data-section-id=\"ybsrbf\" data-start=\"1027\" data-end=\"1073\">Ideal para mantenimiento y ajustes r\u00e1pidos<\/li>\n<\/ul>\n<h3 data-section-id=\"1g44oz5\" data-start=\"1075\" data-end=\"1102\">Recomendaciones de uso:<\/h3>\n<p data-start=\"1103\" data-end=\"1354\">Para obtener la mejor adherencia, aseg\u00farate de limpiar correctamente el tubo de la flecha antes de aplicar la cinta y presionar firmemente la pluma durante unos segundos. Se recomienda dejar reposar antes de su uso para garantizar una fijaci\u00f3n \u00f3ptima.<\/p>\n<p data-start=\"1356\" data-end=\"1471\" data-is-last-node=\"\" data-is-only-node=\"\">Una opci\u00f3n imprescindible para arqueros que buscan practicidad, precisi\u00f3n y rapidez en el emplumado de sus flechas.<\/p>\n","protected":false},"excerpt":{"rendered":"<p data-start=\"62\" data-end=\"365\">La <strong>Cinta Adhesiva Doble Cara Jet6 para Emplumado de Flechas<\/strong> es la soluci\u00f3n perfecta para fijar plumas tipo spin en tus flechas de forma r\u00e1pida, limpia y precisa. Dise\u00f1ada especialmente para vanes como las Jet6, esta cinta adhesiva de doble cara permite un emplumado eficiente sin necesidad de utilizar pegamentos l\u00edquidos.<\/p>\n<p data-start=\"367\" data-end=\"599\">Gracias a su formato pre-cortado, facilita enormemente el montaje y reemplazo de plumas, siendo ideal tanto para arqueros que buscan comodidad como para quienes necesitan realizar ajustes o reparaciones r\u00e1pidas en campo o en taller.<\/p>\n<h3 data-section-id=\"131v4uz\" data-start=\"601\" data-end=\"633\">Caracter\u00edsticas principales:<\/h3>\n<ul data-start=\"634\" data-end=\"867\">\n<li data-section-id=\"1rkkw8\" data-start=\"634\" data-end=\"692\">Cinta adhesiva de doble cara espec\u00edfica para emplumado<\/li>\n<li data-section-id=\"keyvfr\" data-start=\"693\" data-end=\"746\">Compatible con vanes tipo spin (Jet6 y similares)<\/li>\n<li data-section-id=\"17rfzfv\" data-start=\"747\" data-end=\"783\">Aplicaci\u00f3n r\u00e1pida y sin residuos<\/li>\n<li data-section-id=\"13mddim\" data-start=\"784\" data-end=\"828\">Formato pre-cortado para mayor precisi\u00f3n<\/li>\n<li data-section-id=\"su72fv\" data-start=\"829\" data-end=\"867\">Fijaci\u00f3n segura con acabado limpio<\/li>\n<\/ul>\n","protected":false},"featured_media":134503,"comment_status":"open","ping_status":"closed","template":"","meta":{"_acf_changed":false},"product_brand":[4983],"product_cat":[106,162],"product_tag":[],"class_list":{"0":"post-134499","1":"product","2":"type-product","3":"status-publish","4":"has-post-thumbnail","6":"product_brand-jet-6","7":"product_cat-flechas","8":"product_cat-pegatinas","10":"first","11":"onbackorder","12":"taxable","13":"shipping-taxable","14":"purchasable","15":"product-type-variable"},"acf":[],"yoast_head":"<!-- This site is optimized with the Yoast SEO plugin v27.3 - https:\/\/yoast.com\/product\/yoast-seo-wordpress\/ -->\n<title>Cinta Adhesiva Doble Cara Jet6 para Emplumado de Flechas (10 u) - MoitoArchery<\/title>\n<meta name=\"description\" content=\"La Cinta Adhesiva Doble Cara Jet6 para Emplumado de Flechas es la soluci\u00f3n perfecta para fijar plumas tipo spin en tus flechas de forma r\u00e1pida, limpia y precisa. Dise\u00f1ada especialmente para vanes como las Jet6, esta cinta adhesiva de doble cara permite un emplumado eficiente sin necesidad de utilizar pegamentos l\u00edquidos.Gracias a su formato pre-cortado, facilita enormemente el montaje y reemplazo de plumas, siendo ideal tanto para arqueros que buscan comodidad como para quienes necesitan realizar ajustes o reparaciones r\u00e1pidas en campo o en taller.Caracter\u00edsticas principales:Cinta adhesiva de doble cara espec\u00edfica para emplumadoCompatible con vanes tipo spin (Jet6 y similares)Aplicaci\u00f3n r\u00e1pida y sin residuosFormato pre-cortado para mayor precisi\u00f3nFijaci\u00f3n segura con acabado limpio\" \/>\n<meta name=\"robots\" content=\"index, follow, max-snippet:-1, max-image-preview:large, max-video-preview:-1\" \/>\n<link rel=\"canonical\" href=\"https:\/\/moitoarchery.com\/en\/product\/cinta-adhesiva-doble-cara-jet6-para-emplumado-de-flechas\/\" \/>\n<meta property=\"og:locale\" content=\"en_US\" \/>\n<meta property=\"og:type\" content=\"article\" \/>\n<meta property=\"og:title\" content=\"Cinta Adhesiva Doble Cara Jet6 para Emplumado de Flechas (10 u) - MoitoArchery\" \/>\n<meta property=\"og:description\" content=\"La Cinta Adhesiva Doble Cara Jet6 para Emplumado de Flechas es la soluci\u00f3n perfecta para fijar plumas tipo spin en tus flechas de forma r\u00e1pida, limpia y precisa. Dise\u00f1ada especialmente para vanes como las Jet6, esta cinta adhesiva de doble cara permite un emplumado eficiente sin necesidad de utilizar pegamentos l\u00edquidos.Gracias a su formato pre-cortado, facilita enormemente el montaje y reemplazo de plumas, siendo ideal tanto para arqueros que buscan comodidad como para quienes necesitan realizar ajustes o reparaciones r\u00e1pidas en campo o en taller.Caracter\u00edsticas principales:Cinta adhesiva de doble cara espec\u00edfica para emplumadoCompatible con vanes tipo spin (Jet6 y similares)Aplicaci\u00f3n r\u00e1pida y sin residuosFormato pre-cortado para mayor precisi\u00f3nFijaci\u00f3n segura con acabado limpio\" \/>\n<meta property=\"og:url\" content=\"https:\/\/moitoarchery.com\/en\/product\/cinta-adhesiva-doble-cara-jet6-para-emplumado-de-flechas\/\" \/>\n<meta property=\"og:site_name\" content=\"MoitoArchery\" \/>\n<meta property=\"article:publisher\" content=\"https:\/\/www.facebook.com\/arqueriaOnline\/\" \/>\n<meta property=\"article:modified_time\" content=\"2026-04-22T09:02:00+00:00\" \/>\n<meta property=\"og:image\" content=\"https:\/\/moitoarchery.com\/wp-content\/uploads\/2026\/04\/cinta-de-doble-cara-Jet6.png\" \/>\n\t<meta property=\"og:image:width\" content=\"800\" \/>\n\t<meta property=\"og:image:height\" content=\"800\" \/>\n\t<meta property=\"og:image:type\" content=\"image\/png\" \/>\n<meta name=\"twitter:card\" content=\"summary_large_image\" \/>\n<meta name=\"twitter:label1\" content=\"Est. reading time\" \/>\n\t<meta name=\"twitter:data1\" content=\"2 minutes\" \/>\n<script type=\"application\/ld+json\" class=\"yoast-schema-graph\">{\"@context\":\"https:\\\/\\\/schema.org\",\"@graph\":[{\"@type\":\"WebPage\",\"@id\":\"https:\\\/\\\/moitoarchery.com\\\/en\\\/product\\\/cinta-adhesiva-doble-cara-jet6-para-emplumado-de-flechas\\\/\",\"url\":\"https:\\\/\\\/moitoarchery.com\\\/en\\\/product\\\/cinta-adhesiva-doble-cara-jet6-para-emplumado-de-flechas\\\/\",\"name\":\"Cinta Adhesiva Doble Cara Jet6 para Emplumado de Flechas (10 u) - MoitoArchery\",\"isPartOf\":{\"@id\":\"https:\\\/\\\/moitoarchery.com\\\/en\\\/#website\"},\"primaryImageOfPage\":{\"@id\":\"https:\\\/\\\/moitoarchery.com\\\/en\\\/product\\\/cinta-adhesiva-doble-cara-jet6-para-emplumado-de-flechas\\\/#primaryimage\"},\"image\":{\"@id\":\"https:\\\/\\\/moitoarchery.com\\\/en\\\/product\\\/cinta-adhesiva-doble-cara-jet6-para-emplumado-de-flechas\\\/#primaryimage\"},\"thumbnailUrl\":\"https:\\\/\\\/moitoarchery.com\\\/wp-content\\\/uploads\\\/2026\\\/04\\\/cinta-de-doble-cara-Jet6.png\",\"datePublished\":\"2026-04-22T07:53:23+00:00\",\"dateModified\":\"2026-04-22T09:02:00+00:00\",\"description\":\"La Cinta Adhesiva Doble Cara Jet6 para Emplumado de Flechas es la soluci\u00f3n perfecta para fijar plumas tipo spin en tus flechas de forma r\u00e1pida, limpia y precisa. Dise\u00f1ada especialmente para vanes como las Jet6, esta cinta adhesiva de doble cara permite un emplumado eficiente sin necesidad de utilizar pegamentos l\u00edquidos.Gracias a su formato pre-cortado, facilita enormemente el montaje y reemplazo de plumas, siendo ideal tanto para arqueros que buscan comodidad como para quienes necesitan realizar ajustes o reparaciones r\u00e1pidas en campo o en taller.Caracter\u00edsticas principales:Cinta adhesiva de doble cara espec\u00edfica para emplumadoCompatible con vanes tipo spin (Jet6 y similares)Aplicaci\u00f3n r\u00e1pida y sin residuosFormato pre-cortado para mayor precisi\u00f3nFijaci\u00f3n segura con acabado limpio\",\"breadcrumb\":{\"@id\":\"https:\\\/\\\/moitoarchery.com\\\/en\\\/product\\\/cinta-adhesiva-doble-cara-jet6-para-emplumado-de-flechas\\\/#breadcrumb\"},\"inLanguage\":\"en-US\",\"potentialAction\":[{\"@type\":\"ReadAction\",\"target\":[\"https:\\\/\\\/moitoarchery.com\\\/en\\\/product\\\/cinta-adhesiva-doble-cara-jet6-para-emplumado-de-flechas\\\/\"]}]},{\"@type\":\"ImageObject\",\"inLanguage\":\"en-US\",\"@id\":\"https:\\\/\\\/moitoarchery.com\\\/en\\\/product\\\/cinta-adhesiva-doble-cara-jet6-para-emplumado-de-flechas\\\/#primaryimage\",\"url\":\"https:\\\/\\\/moitoarchery.com\\\/wp-content\\\/uploads\\\/2026\\\/04\\\/cinta-de-doble-cara-Jet6.png\",\"contentUrl\":\"https:\\\/\\\/moitoarchery.com\\\/wp-content\\\/uploads\\\/2026\\\/04\\\/cinta-de-doble-cara-Jet6.png\",\"width\":800,\"height\":800,\"caption\":\"Cinta Adhesiva Doble Cara Jet6 para Emplumado de Flechas\"},{\"@type\":\"BreadcrumbList\",\"@id\":\"https:\\\/\\\/moitoarchery.com\\\/en\\\/product\\\/cinta-adhesiva-doble-cara-jet6-para-emplumado-de-flechas\\\/#breadcrumb\",\"itemListElement\":[{\"@type\":\"ListItem\",\"position\":1,\"name\":\"Portada\",\"item\":\"https:\\\/\\\/moitoarchery.com\\\/en\\\/\"},{\"@type\":\"ListItem\",\"position\":2,\"name\":\"Shop\",\"item\":\"https:\\\/\\\/moitoarchery.com\\\/en\\\/shop\\\/\"},{\"@type\":\"ListItem\",\"position\":3,\"name\":\"Cinta Adhesiva Doble Cara Jet6 para Emplumado de Flechas (10 u)\"}]},{\"@type\":\"WebSite\",\"@id\":\"https:\\\/\\\/moitoarchery.com\\\/en\\\/#website\",\"url\":\"https:\\\/\\\/moitoarchery.com\\\/en\\\/\",\"name\":\"MoitoArchery\",\"description\":\"Tienda de Tiro con arco\",\"publisher\":{\"@id\":\"https:\\\/\\\/moitoarchery.com\\\/en\\\/#organization\"},\"potentialAction\":[{\"@type\":\"SearchAction\",\"target\":{\"@type\":\"EntryPoint\",\"urlTemplate\":\"https:\\\/\\\/moitoarchery.com\\\/en\\\/?s={search_term_string}\"},\"query-input\":{\"@type\":\"PropertyValueSpecification\",\"valueRequired\":true,\"valueName\":\"search_term_string\"}}],\"inLanguage\":\"en-US\"},{\"@type\":\"Organization\",\"@id\":\"https:\\\/\\\/moitoarchery.com\\\/en\\\/#organization\",\"name\":\"MoitoArchery\",\"url\":\"https:\\\/\\\/moitoarchery.com\\\/en\\\/\",\"logo\":{\"@type\":\"ImageObject\",\"inLanguage\":\"en-US\",\"@id\":\"https:\\\/\\\/moitoarchery.com\\\/en\\\/#\\\/schema\\\/logo\\\/image\\\/\",\"url\":\"https:\\\/\\\/moitoarchery.com\\\/wp-content\\\/uploads\\\/2020\\\/09\\\/logotipo-moitoarchery.png\",\"contentUrl\":\"https:\\\/\\\/moitoarchery.com\\\/wp-content\\\/uploads\\\/2020\\\/09\\\/logotipo-moitoarchery.png\",\"width\":300,\"height\":66,\"caption\":\"MoitoArchery\"},\"image\":{\"@id\":\"https:\\\/\\\/moitoarchery.com\\\/en\\\/#\\\/schema\\\/logo\\\/image\\\/\"},\"sameAs\":[\"https:\\\/\\\/www.facebook.com\\\/arqueriaOnline\\\/\",\"https:\\\/\\\/www.instagram.com\\\/moitoarchery\\\/\",\"https:\\\/\\\/www.youtube.com\\\/channel\\\/UCvmj39gVUIKVoJJ6vQC9GPA\\\/\"]}]}<\/script>\n<!-- \/ Yoast SEO plugin. -->","yoast_head_json":{"title":"Cinta Adhesiva Doble Cara Jet6 para Emplumado de Flechas (10 u) - MoitoArchery","description":"La Cinta Adhesiva Doble Cara Jet6 para Emplumado de Flechas es la soluci\u00f3n perfecta para fijar plumas tipo spin en tus flechas de forma r\u00e1pida, limpia y precisa. Dise\u00f1ada especialmente para vanes como las Jet6, esta cinta adhesiva de doble cara permite un emplumado eficiente sin necesidad de utilizar pegamentos l\u00edquidos.Gracias a su formato pre-cortado, facilita enormemente el montaje y reemplazo de plumas, siendo ideal tanto para arqueros que buscan comodidad como para quienes necesitan realizar ajustes o reparaciones r\u00e1pidas en campo o en taller.Caracter\u00edsticas principales:Cinta adhesiva de doble cara espec\u00edfica para emplumadoCompatible con vanes tipo spin (Jet6 y similares)Aplicaci\u00f3n r\u00e1pida y sin residuosFormato pre-cortado para mayor precisi\u00f3nFijaci\u00f3n segura con acabado limpio","robots":{"index":"index","follow":"follow","max-snippet":"max-snippet:-1","max-image-preview":"max-image-preview:large","max-video-preview":"max-video-preview:-1"},"canonical":"https:\/\/moitoarchery.com\/en\/product\/cinta-adhesiva-doble-cara-jet6-para-emplumado-de-flechas\/","og_locale":"en_US","og_type":"article","og_title":"Cinta Adhesiva Doble Cara Jet6 para Emplumado de Flechas (10 u) - MoitoArchery","og_description":"La Cinta Adhesiva Doble Cara Jet6 para Emplumado de Flechas es la soluci\u00f3n perfecta para fijar plumas tipo spin en tus flechas de forma r\u00e1pida, limpia y precisa. Dise\u00f1ada especialmente para vanes como las Jet6, esta cinta adhesiva de doble cara permite un emplumado eficiente sin necesidad de utilizar pegamentos l\u00edquidos.Gracias a su formato pre-cortado, facilita enormemente el montaje y reemplazo de plumas, siendo ideal tanto para arqueros que buscan comodidad como para quienes necesitan realizar ajustes o reparaciones r\u00e1pidas en campo o en taller.Caracter\u00edsticas principales:Cinta adhesiva de doble cara espec\u00edfica para emplumadoCompatible con vanes tipo spin (Jet6 y similares)Aplicaci\u00f3n r\u00e1pida y sin residuosFormato pre-cortado para mayor precisi\u00f3nFijaci\u00f3n segura con acabado limpio","og_url":"https:\/\/moitoarchery.com\/en\/product\/cinta-adhesiva-doble-cara-jet6-para-emplumado-de-flechas\/","og_site_name":"MoitoArchery","article_publisher":"https:\/\/www.facebook.com\/arqueriaOnline\/","article_modified_time":"2026-04-22T09:02:00+00:00","og_image":[{"width":800,"height":800,"url":"https:\/\/moitoarchery.com\/wp-content\/uploads\/2026\/04\/cinta-de-doble-cara-Jet6.png","type":"image\/png"}],"twitter_card":"summary_large_image","twitter_misc":{"Est. reading time":"2 minutes"},"schema":{"@context":"https:\/\/schema.org","@graph":[{"@type":"WebPage","@id":"https:\/\/moitoarchery.com\/en\/product\/cinta-adhesiva-doble-cara-jet6-para-emplumado-de-flechas\/","url":"https:\/\/moitoarchery.com\/en\/product\/cinta-adhesiva-doble-cara-jet6-para-emplumado-de-flechas\/","name":"Cinta Adhesiva Doble Cara Jet6 para Emplumado de Flechas (10 u) - MoitoArchery","isPartOf":{"@id":"https:\/\/moitoarchery.com\/en\/#website"},"primaryImageOfPage":{"@id":"https:\/\/moitoarchery.com\/en\/product\/cinta-adhesiva-doble-cara-jet6-para-emplumado-de-flechas\/#primaryimage"},"image":{"@id":"https:\/\/moitoarchery.com\/en\/product\/cinta-adhesiva-doble-cara-jet6-para-emplumado-de-flechas\/#primaryimage"},"thumbnailUrl":"https:\/\/moitoarchery.com\/wp-content\/uploads\/2026\/04\/cinta-de-doble-cara-Jet6.png","datePublished":"2026-04-22T07:53:23+00:00","dateModified":"2026-04-22T09:02:00+00:00","description":"La Cinta Adhesiva Doble Cara Jet6 para Emplumado de Flechas es la soluci\u00f3n perfecta para fijar plumas tipo spin en tus flechas de forma r\u00e1pida, limpia y precisa. Dise\u00f1ada especialmente para vanes como las Jet6, esta cinta adhesiva de doble cara permite un emplumado eficiente sin necesidad de utilizar pegamentos l\u00edquidos.Gracias a su formato pre-cortado, facilita enormemente el montaje y reemplazo de plumas, siendo ideal tanto para arqueros que buscan comodidad como para quienes necesitan realizar ajustes o reparaciones r\u00e1pidas en campo o en taller.Caracter\u00edsticas principales:Cinta adhesiva de doble cara espec\u00edfica para emplumadoCompatible con vanes tipo spin (Jet6 y similares)Aplicaci\u00f3n r\u00e1pida y sin residuosFormato pre-cortado para mayor precisi\u00f3nFijaci\u00f3n segura con acabado limpio","breadcrumb":{"@id":"https:\/\/moitoarchery.com\/en\/product\/cinta-adhesiva-doble-cara-jet6-para-emplumado-de-flechas\/#breadcrumb"},"inLanguage":"en-US","potentialAction":[{"@type":"ReadAction","target":["https:\/\/moitoarchery.com\/en\/product\/cinta-adhesiva-doble-cara-jet6-para-emplumado-de-flechas\/"]}]},{"@type":"ImageObject","inLanguage":"en-US","@id":"https:\/\/moitoarchery.com\/en\/product\/cinta-adhesiva-doble-cara-jet6-para-emplumado-de-flechas\/#primaryimage","url":"https:\/\/moitoarchery.com\/wp-content\/uploads\/2026\/04\/cinta-de-doble-cara-Jet6.png","contentUrl":"https:\/\/moitoarchery.com\/wp-content\/uploads\/2026\/04\/cinta-de-doble-cara-Jet6.png","width":800,"height":800,"caption":"Cinta Adhesiva Doble Cara Jet6 para Emplumado de Flechas"},{"@type":"BreadcrumbList","@id":"https:\/\/moitoarchery.com\/en\/product\/cinta-adhesiva-doble-cara-jet6-para-emplumado-de-flechas\/#breadcrumb","itemListElement":[{"@type":"ListItem","position":1,"name":"Portada","item":"https:\/\/moitoarchery.com\/en\/"},{"@type":"ListItem","position":2,"name":"Shop","item":"https:\/\/moitoarchery.com\/en\/shop\/"},{"@type":"ListItem","position":3,"name":"Cinta Adhesiva Doble Cara Jet6 para Emplumado de Flechas (10 u)"}]},{"@type":"WebSite","@id":"https:\/\/moitoarchery.com\/en\/#website","url":"https:\/\/moitoarchery.com\/en\/","name":"MoitoArchery","description":"Tienda de Tiro con arco","publisher":{"@id":"https:\/\/moitoarchery.com\/en\/#organization"},"potentialAction":[{"@type":"SearchAction","target":{"@type":"EntryPoint","urlTemplate":"https:\/\/moitoarchery.com\/en\/?s={search_term_string}"},"query-input":{"@type":"PropertyValueSpecification","valueRequired":true,"valueName":"search_term_string"}}],"inLanguage":"en-US"},{"@type":"Organization","@id":"https:\/\/moitoarchery.com\/en\/#organization","name":"MoitoArchery","url":"https:\/\/moitoarchery.com\/en\/","logo":{"@type":"ImageObject","inLanguage":"en-US","@id":"https:\/\/moitoarchery.com\/en\/#\/schema\/logo\/image\/","url":"https:\/\/moitoarchery.com\/wp-content\/uploads\/2020\/09\/logotipo-moitoarchery.png","contentUrl":"https:\/\/moitoarchery.com\/wp-content\/uploads\/2020\/09\/logotipo-moitoarchery.png","width":300,"height":66,"caption":"MoitoArchery"},"image":{"@id":"https:\/\/moitoarchery.com\/en\/#\/schema\/logo\/image\/"},"sameAs":["https:\/\/www.facebook.com\/arqueriaOnline\/","https:\/\/www.instagram.com\/moitoarchery\/","https:\/\/www.youtube.com\/channel\/UCvmj39gVUIKVoJJ6vQC9GPA\/"]}]}},"_links":{"self":[{"href":"https:\/\/moitoarchery.com\/en\/wp-json\/wp\/v2\/product\/134499","targetHints":{"allow":["GET"]}}],"collection":[{"href":"https:\/\/moitoarchery.com\/en\/wp-json\/wp\/v2\/product"}],"about":[{"href":"https:\/\/moitoarchery.com\/en\/wp-json\/wp\/v2\/types\/product"}],"replies":[{"embeddable":true,"href":"https:\/\/moitoarchery.com\/en\/wp-json\/wp\/v2\/comments?post=134499"}],"version-history":[{"count":3,"href":"https:\/\/moitoarchery.com\/en\/wp-json\/wp\/v2\/product\/134499\/revisions"}],"predecessor-version":[{"id":134514,"href":"https:\/\/moitoarchery.com\/en\/wp-json\/wp\/v2\/product\/134499\/revisions\/134514"}],"wp:featuredmedia":[{"embeddable":true,"href":"https:\/\/moitoarchery.com\/en\/wp-json\/wp\/v2\/media\/134503"}],"wp:attachment":[{"href":"https:\/\/moitoarchery.com\/en\/wp-json\/wp\/v2\/media?parent=134499"}],"wp:term":[{"taxonomy":"product_brand","embeddable":true,"href":"https:\/\/moitoarchery.com\/en\/wp-json\/wp\/v2\/product_brand?post=134499"},{"taxonomy":"product_cat","embeddable":true,"href":"https:\/\/moitoarchery.com\/en\/wp-json\/wp\/v2\/product_cat?post=134499"},{"taxonomy":"product_tag","embeddable":true,"href":"https:\/\/moitoarchery.com\/en\/wp-json\/wp\/v2\/product_tag?post=134499"}],"curies":[{"name":"wp","href":"https:\/\/api.w.org\/{rel}","templated":true}]}}