{"id":134348,"date":"2026-04-17T13:10:17","date_gmt":"2026-04-17T11:10:17","guid":{"rendered":"https:\/\/moitoarchery.com\/?post_type=product&#038;p=134348"},"modified":"2026-04-17T13:10:17","modified_gmt":"2026-04-17T11:10:17","slug":"cuerda-flex-pro-fast-flight-14-hilos","status":"publish","type":"product","link":"https:\/\/moitoarchery.com\/en\/product\/cuerda-flex-pro-fast-flight-14-hilos\/","title":{"rendered":"Cuerda Flex Pro Fast Flight 14 hilos"},"content":{"rendered":"<p data-start=\"317\" data-end=\"658\">La <strong data-start=\"320\" data-end=\"360\">Cuerda Flex Pro Fast Flight 14 Hilos<\/strong> est\u00e1 dise\u00f1ada para arqueros que buscan mejorar el rendimiento de su arco con una cuerda m\u00e1s r\u00e1pida, resistente y estable. Fabricada con materiales tipo <em data-start=\"513\" data-end=\"526\">Fast Flight<\/em>, ofrece una excelente transferencia de energ\u00eda, lo que se traduce en <strong data-start=\"596\" data-end=\"657\">mayor velocidad de flecha y mejor respuesta en el disparo<\/strong>.<\/p>\n<p data-start=\"660\" data-end=\"969\">Su construcci\u00f3n de <strong data-start=\"679\" data-end=\"691\">14 hilos<\/strong> proporciona un equilibrio \u00f3ptimo entre durabilidad y ligereza, siendo ideal tanto para tiro recreativo como para entrenamiento m\u00e1s exigente. Adem\u00e1s, mantiene una buena estabilidad a lo largo del uso, reduciendo la p\u00e9rdida de tensi\u00f3n y mejorando la consistencia en cada disparo.<\/p>\n<p data-start=\"971\" data-end=\"1130\">Compatible con arcos preparados para cuerdas Fast Flight, es una opci\u00f3n perfecta para arqueros que quieren dar un salto de calidad respecto a cuerdas est\u00e1ndar.<\/p>\n","protected":false},"excerpt":{"rendered":"<p data-start=\"317\" data-end=\"658\">La <strong data-start=\"320\" data-end=\"360\">Cuerda Flex Pro Fast Flight 14 Hilos<\/strong> est\u00e1 dise\u00f1ada para arqueros que buscan mejorar el rendimiento de su arco con una cuerda m\u00e1s r\u00e1pida, resistente y estable. Fabricada con materiales tipo <em data-start=\"513\" data-end=\"526\">Fast Flight<\/em>, ofrece una excelente transferencia de energ\u00eda, lo que se traduce en <strong data-start=\"596\" data-end=\"657\">mayor velocidad de flecha y mejor respuesta en el disparo<\/strong>.<\/p>\n<p data-start=\"660\" data-end=\"969\">Su construcci\u00f3n de <strong data-start=\"679\" data-end=\"691\">14 hilos<\/strong> proporciona un equilibrio \u00f3ptimo entre durabilidad y ligereza, siendo ideal tanto para tiro recreativo como para entrenamiento m\u00e1s exigente. Adem\u00e1s, mantiene una buena estabilidad a lo largo del uso, reduciendo la p\u00e9rdida de tensi\u00f3n y mejorando la consistencia en cada disparo.<\/p>\n<p data-start=\"971\" data-end=\"1130\">Compatible con arcos preparados para cuerdas Fast Flight, es una opci\u00f3n perfecta para arqueros que quieren dar un salto de calidad respecto a cuerdas est\u00e1ndar.<\/p>\n","protected":false},"featured_media":134359,"comment_status":"open","ping_status":"closed","template":"","meta":{"_acf_changed":false},"product_brand":[4067],"product_cat":[1261,175,108],"product_tag":[],"class_list":{"0":"post-134348","1":"product","2":"type-product","3":"status-publish","4":"has-post-thumbnail","6":"product_brand-flex-archery","7":"product_cat-cuerdas-para-recurvo","8":"product_cat-cuerda","9":"product_cat-hilos-y-cuerdas","11":"first","12":"onbackorder","13":"taxable","14":"shipping-taxable","15":"purchasable","16":"product-type-variable"},"acf":[],"yoast_head":"<!-- This site is optimized with the Yoast SEO plugin v27.3 - https:\/\/yoast.com\/product\/yoast-seo-wordpress\/ -->\n<title>Cuerda Flex Pro Fast Flight 14 hilos - MoitoArchery<\/title>\n<meta name=\"description\" content=\"La Cuerda Flex Pro Fast Flight 14 Hilos est\u00e1 dise\u00f1ada para arqueros que buscan mejorar el rendimiento de su arco con una cuerda m\u00e1s r\u00e1pida, resistente y estable.\" \/>\n<meta name=\"robots\" content=\"index, follow, max-snippet:-1, max-image-preview:large, max-video-preview:-1\" \/>\n<link rel=\"canonical\" href=\"https:\/\/moitoarchery.com\/en\/product\/cuerda-flex-pro-fast-flight-14-hilos\/\" \/>\n<meta property=\"og:locale\" content=\"en_US\" \/>\n<meta property=\"og:type\" content=\"article\" \/>\n<meta property=\"og:title\" content=\"Cuerda Flex Pro Fast Flight 14 hilos - MoitoArchery\" \/>\n<meta property=\"og:description\" content=\"La Cuerda Flex Pro Fast Flight 14 Hilos est\u00e1 dise\u00f1ada para arqueros que buscan mejorar el rendimiento de su arco con una cuerda m\u00e1s r\u00e1pida, resistente y estable.\" \/>\n<meta property=\"og:url\" content=\"https:\/\/moitoarchery.com\/en\/product\/cuerda-flex-pro-fast-flight-14-hilos\/\" \/>\n<meta property=\"og:site_name\" content=\"MoitoArchery\" \/>\n<meta property=\"article:publisher\" content=\"https:\/\/www.facebook.com\/arqueriaOnline\/\" \/>\n<meta property=\"og:image\" content=\"https:\/\/moitoarchery.com\/wp-content\/uploads\/2026\/04\/cuerda-flex-archery-pro.jpg\" \/>\n\t<meta property=\"og:image:width\" content=\"800\" \/>\n\t<meta property=\"og:image:height\" content=\"800\" \/>\n\t<meta property=\"og:image:type\" content=\"image\/jpeg\" \/>\n<meta name=\"twitter:card\" content=\"summary_large_image\" \/>\n<meta name=\"twitter:label1\" content=\"Est. reading time\" \/>\n\t<meta name=\"twitter:data1\" content=\"1 minute\" \/>\n<script type=\"application\/ld+json\" class=\"yoast-schema-graph\">{\"@context\":\"https:\\\/\\\/schema.org\",\"@graph\":[{\"@type\":\"WebPage\",\"@id\":\"https:\\\/\\\/moitoarchery.com\\\/en\\\/product\\\/cuerda-flex-pro-fast-flight-14-hilos\\\/\",\"url\":\"https:\\\/\\\/moitoarchery.com\\\/en\\\/product\\\/cuerda-flex-pro-fast-flight-14-hilos\\\/\",\"name\":\"Cuerda Flex Pro Fast Flight 14 hilos - MoitoArchery\",\"isPartOf\":{\"@id\":\"https:\\\/\\\/moitoarchery.com\\\/en\\\/#website\"},\"primaryImageOfPage\":{\"@id\":\"https:\\\/\\\/moitoarchery.com\\\/en\\\/product\\\/cuerda-flex-pro-fast-flight-14-hilos\\\/#primaryimage\"},\"image\":{\"@id\":\"https:\\\/\\\/moitoarchery.com\\\/en\\\/product\\\/cuerda-flex-pro-fast-flight-14-hilos\\\/#primaryimage\"},\"thumbnailUrl\":\"https:\\\/\\\/moitoarchery.com\\\/wp-content\\\/uploads\\\/2026\\\/04\\\/cuerda-flex-archery-pro.jpg\",\"datePublished\":\"2026-04-17T11:10:17+00:00\",\"description\":\"La Cuerda Flex Pro Fast Flight 14 Hilos est\u00e1 dise\u00f1ada para arqueros que buscan mejorar el rendimiento de su arco con una cuerda m\u00e1s r\u00e1pida, resistente y estable.\",\"breadcrumb\":{\"@id\":\"https:\\\/\\\/moitoarchery.com\\\/en\\\/product\\\/cuerda-flex-pro-fast-flight-14-hilos\\\/#breadcrumb\"},\"inLanguage\":\"en-US\",\"potentialAction\":[{\"@type\":\"ReadAction\",\"target\":[\"https:\\\/\\\/moitoarchery.com\\\/en\\\/product\\\/cuerda-flex-pro-fast-flight-14-hilos\\\/\"]}]},{\"@type\":\"ImageObject\",\"inLanguage\":\"en-US\",\"@id\":\"https:\\\/\\\/moitoarchery.com\\\/en\\\/product\\\/cuerda-flex-pro-fast-flight-14-hilos\\\/#primaryimage\",\"url\":\"https:\\\/\\\/moitoarchery.com\\\/wp-content\\\/uploads\\\/2026\\\/04\\\/cuerda-flex-archery-pro.jpg\",\"contentUrl\":\"https:\\\/\\\/moitoarchery.com\\\/wp-content\\\/uploads\\\/2026\\\/04\\\/cuerda-flex-archery-pro.jpg\",\"width\":800,\"height\":800},{\"@type\":\"BreadcrumbList\",\"@id\":\"https:\\\/\\\/moitoarchery.com\\\/en\\\/product\\\/cuerda-flex-pro-fast-flight-14-hilos\\\/#breadcrumb\",\"itemListElement\":[{\"@type\":\"ListItem\",\"position\":1,\"name\":\"Portada\",\"item\":\"https:\\\/\\\/moitoarchery.com\\\/en\\\/\"},{\"@type\":\"ListItem\",\"position\":2,\"name\":\"Shop\",\"item\":\"https:\\\/\\\/moitoarchery.com\\\/en\\\/shop\\\/\"},{\"@type\":\"ListItem\",\"position\":3,\"name\":\"Cuerda Flex Pro Fast Flight 14 hilos\"}]},{\"@type\":\"WebSite\",\"@id\":\"https:\\\/\\\/moitoarchery.com\\\/en\\\/#website\",\"url\":\"https:\\\/\\\/moitoarchery.com\\\/en\\\/\",\"name\":\"MoitoArchery\",\"description\":\"Tienda de Tiro con arco\",\"publisher\":{\"@id\":\"https:\\\/\\\/moitoarchery.com\\\/en\\\/#organization\"},\"potentialAction\":[{\"@type\":\"SearchAction\",\"target\":{\"@type\":\"EntryPoint\",\"urlTemplate\":\"https:\\\/\\\/moitoarchery.com\\\/en\\\/?s={search_term_string}\"},\"query-input\":{\"@type\":\"PropertyValueSpecification\",\"valueRequired\":true,\"valueName\":\"search_term_string\"}}],\"inLanguage\":\"en-US\"},{\"@type\":\"Organization\",\"@id\":\"https:\\\/\\\/moitoarchery.com\\\/en\\\/#organization\",\"name\":\"MoitoArchery\",\"url\":\"https:\\\/\\\/moitoarchery.com\\\/en\\\/\",\"logo\":{\"@type\":\"ImageObject\",\"inLanguage\":\"en-US\",\"@id\":\"https:\\\/\\\/moitoarchery.com\\\/en\\\/#\\\/schema\\\/logo\\\/image\\\/\",\"url\":\"https:\\\/\\\/moitoarchery.com\\\/wp-content\\\/uploads\\\/2020\\\/09\\\/logotipo-moitoarchery.png\",\"contentUrl\":\"https:\\\/\\\/moitoarchery.com\\\/wp-content\\\/uploads\\\/2020\\\/09\\\/logotipo-moitoarchery.png\",\"width\":300,\"height\":66,\"caption\":\"MoitoArchery\"},\"image\":{\"@id\":\"https:\\\/\\\/moitoarchery.com\\\/en\\\/#\\\/schema\\\/logo\\\/image\\\/\"},\"sameAs\":[\"https:\\\/\\\/www.facebook.com\\\/arqueriaOnline\\\/\",\"https:\\\/\\\/www.instagram.com\\\/moitoarchery\\\/\",\"https:\\\/\\\/www.youtube.com\\\/channel\\\/UCvmj39gVUIKVoJJ6vQC9GPA\\\/\"]}]}<\/script>\n<!-- \/ Yoast SEO plugin. -->","yoast_head_json":{"title":"Cuerda Flex Pro Fast Flight 14 hilos - MoitoArchery","description":"La Cuerda Flex Pro Fast Flight 14 Hilos est\u00e1 dise\u00f1ada para arqueros que buscan mejorar el rendimiento de su arco con una cuerda m\u00e1s r\u00e1pida, resistente y estable.","robots":{"index":"index","follow":"follow","max-snippet":"max-snippet:-1","max-image-preview":"max-image-preview:large","max-video-preview":"max-video-preview:-1"},"canonical":"https:\/\/moitoarchery.com\/en\/product\/cuerda-flex-pro-fast-flight-14-hilos\/","og_locale":"en_US","og_type":"article","og_title":"Cuerda Flex Pro Fast Flight 14 hilos - MoitoArchery","og_description":"La Cuerda Flex Pro Fast Flight 14 Hilos est\u00e1 dise\u00f1ada para arqueros que buscan mejorar el rendimiento de su arco con una cuerda m\u00e1s r\u00e1pida, resistente y estable.","og_url":"https:\/\/moitoarchery.com\/en\/product\/cuerda-flex-pro-fast-flight-14-hilos\/","og_site_name":"MoitoArchery","article_publisher":"https:\/\/www.facebook.com\/arqueriaOnline\/","og_image":[{"width":800,"height":800,"url":"https:\/\/moitoarchery.com\/wp-content\/uploads\/2026\/04\/cuerda-flex-archery-pro.jpg","type":"image\/jpeg"}],"twitter_card":"summary_large_image","twitter_misc":{"Est. reading time":"1 minute"},"schema":{"@context":"https:\/\/schema.org","@graph":[{"@type":"WebPage","@id":"https:\/\/moitoarchery.com\/en\/product\/cuerda-flex-pro-fast-flight-14-hilos\/","url":"https:\/\/moitoarchery.com\/en\/product\/cuerda-flex-pro-fast-flight-14-hilos\/","name":"Cuerda Flex Pro Fast Flight 14 hilos - MoitoArchery","isPartOf":{"@id":"https:\/\/moitoarchery.com\/en\/#website"},"primaryImageOfPage":{"@id":"https:\/\/moitoarchery.com\/en\/product\/cuerda-flex-pro-fast-flight-14-hilos\/#primaryimage"},"image":{"@id":"https:\/\/moitoarchery.com\/en\/product\/cuerda-flex-pro-fast-flight-14-hilos\/#primaryimage"},"thumbnailUrl":"https:\/\/moitoarchery.com\/wp-content\/uploads\/2026\/04\/cuerda-flex-archery-pro.jpg","datePublished":"2026-04-17T11:10:17+00:00","description":"La Cuerda Flex Pro Fast Flight 14 Hilos est\u00e1 dise\u00f1ada para arqueros que buscan mejorar el rendimiento de su arco con una cuerda m\u00e1s r\u00e1pida, resistente y estable.","breadcrumb":{"@id":"https:\/\/moitoarchery.com\/en\/product\/cuerda-flex-pro-fast-flight-14-hilos\/#breadcrumb"},"inLanguage":"en-US","potentialAction":[{"@type":"ReadAction","target":["https:\/\/moitoarchery.com\/en\/product\/cuerda-flex-pro-fast-flight-14-hilos\/"]}]},{"@type":"ImageObject","inLanguage":"en-US","@id":"https:\/\/moitoarchery.com\/en\/product\/cuerda-flex-pro-fast-flight-14-hilos\/#primaryimage","url":"https:\/\/moitoarchery.com\/wp-content\/uploads\/2026\/04\/cuerda-flex-archery-pro.jpg","contentUrl":"https:\/\/moitoarchery.com\/wp-content\/uploads\/2026\/04\/cuerda-flex-archery-pro.jpg","width":800,"height":800},{"@type":"BreadcrumbList","@id":"https:\/\/moitoarchery.com\/en\/product\/cuerda-flex-pro-fast-flight-14-hilos\/#breadcrumb","itemListElement":[{"@type":"ListItem","position":1,"name":"Portada","item":"https:\/\/moitoarchery.com\/en\/"},{"@type":"ListItem","position":2,"name":"Shop","item":"https:\/\/moitoarchery.com\/en\/shop\/"},{"@type":"ListItem","position":3,"name":"Cuerda Flex Pro Fast Flight 14 hilos"}]},{"@type":"WebSite","@id":"https:\/\/moitoarchery.com\/en\/#website","url":"https:\/\/moitoarchery.com\/en\/","name":"MoitoArchery","description":"Tienda de Tiro con arco","publisher":{"@id":"https:\/\/moitoarchery.com\/en\/#organization"},"potentialAction":[{"@type":"SearchAction","target":{"@type":"EntryPoint","urlTemplate":"https:\/\/moitoarchery.com\/en\/?s={search_term_string}"},"query-input":{"@type":"PropertyValueSpecification","valueRequired":true,"valueName":"search_term_string"}}],"inLanguage":"en-US"},{"@type":"Organization","@id":"https:\/\/moitoarchery.com\/en\/#organization","name":"MoitoArchery","url":"https:\/\/moitoarchery.com\/en\/","logo":{"@type":"ImageObject","inLanguage":"en-US","@id":"https:\/\/moitoarchery.com\/en\/#\/schema\/logo\/image\/","url":"https:\/\/moitoarchery.com\/wp-content\/uploads\/2020\/09\/logotipo-moitoarchery.png","contentUrl":"https:\/\/moitoarchery.com\/wp-content\/uploads\/2020\/09\/logotipo-moitoarchery.png","width":300,"height":66,"caption":"MoitoArchery"},"image":{"@id":"https:\/\/moitoarchery.com\/en\/#\/schema\/logo\/image\/"},"sameAs":["https:\/\/www.facebook.com\/arqueriaOnline\/","https:\/\/www.instagram.com\/moitoarchery\/","https:\/\/www.youtube.com\/channel\/UCvmj39gVUIKVoJJ6vQC9GPA\/"]}]}},"_links":{"self":[{"href":"https:\/\/moitoarchery.com\/en\/wp-json\/wp\/v2\/product\/134348","targetHints":{"allow":["GET"]}}],"collection":[{"href":"https:\/\/moitoarchery.com\/en\/wp-json\/wp\/v2\/product"}],"about":[{"href":"https:\/\/moitoarchery.com\/en\/wp-json\/wp\/v2\/types\/product"}],"replies":[{"embeddable":true,"href":"https:\/\/moitoarchery.com\/en\/wp-json\/wp\/v2\/comments?post=134348"}],"version-history":[{"count":1,"href":"https:\/\/moitoarchery.com\/en\/wp-json\/wp\/v2\/product\/134348\/revisions"}],"predecessor-version":[{"id":134365,"href":"https:\/\/moitoarchery.com\/en\/wp-json\/wp\/v2\/product\/134348\/revisions\/134365"}],"wp:featuredmedia":[{"embeddable":true,"href":"https:\/\/moitoarchery.com\/en\/wp-json\/wp\/v2\/media\/134359"}],"wp:attachment":[{"href":"https:\/\/moitoarchery.com\/en\/wp-json\/wp\/v2\/media?parent=134348"}],"wp:term":[{"taxonomy":"product_brand","embeddable":true,"href":"https:\/\/moitoarchery.com\/en\/wp-json\/wp\/v2\/product_brand?post=134348"},{"taxonomy":"product_cat","embeddable":true,"href":"https:\/\/moitoarchery.com\/en\/wp-json\/wp\/v2\/product_cat?post=134348"},{"taxonomy":"product_tag","embeddable":true,"href":"https:\/\/moitoarchery.com\/en\/wp-json\/wp\/v2\/product_tag?post=134348"}],"curies":[{"name":"wp","href":"https:\/\/api.w.org\/{rel}","templated":true}]}}