{"id":131510,"date":"2026-04-15T12:15:28","date_gmt":"2026-04-15T10:15:28","guid":{"rendered":"https:\/\/moitoarchery.com\/?post_type=product&#038;p=131510"},"modified":"2026-04-16T11:21:25","modified_gmt":"2026-04-16T09:21:25","slug":"gancho-para-arco-buck-trail-de-cuero-negro-ajustable","status":"publish","type":"product","link":"https:\/\/moitoarchery.com\/en\/product\/gancho-para-arco-buck-trail-de-cuero-negro-ajustable\/","title":{"rendered":"Gancho para arco Buck Trail de cuero negro ajustable"},"content":{"rendered":"<p data-start=\"233\" data-end=\"431\">El <strong data-start=\"236\" data-end=\"276\">gancho para arco Buck Trail de cuero negro<\/strong> es un accesorio pr\u00e1ctico y resistente, ideal para transportar o colgar tu arco c\u00f3modamente durante entrenamientos, recorridos de campo o jornadas de caza.<\/p>\n<p data-start=\"433\" data-end=\"670\">Fabricado en cuero de alta calidad, ofrece un ajuste sencillo para adaptarse a diferentes tipos de arco. Incorpora una <strong data-start=\"552\" data-end=\"605\">presilla trasera de cuero compatible con cintur\u00f3n<\/strong>, permitiendo llevar el arco de forma segura y siempre accesible.<\/p>\n<p data-start=\"672\" data-end=\"816\">Su dise\u00f1o compacto y duradero lo convierte en un complemento muy \u00fatil para arqueros que buscan comodidad y protecci\u00f3n en el manejo de su equipo.<\/p>\n<p data-start=\"818\" data-end=\"838\"><strong data-start=\"818\" data-end=\"838\">Caracter\u00edsticas:<\/strong><\/p>\n<ul data-start=\"839\" data-end=\"1004\">\n<li data-section-id=\"174f562\" data-start=\"839\" data-end=\"870\">Fabricado en cuero resistente<\/li>\n<li data-section-id=\"1wq7l34\" data-start=\"871\" data-end=\"908\">Ajuste f\u00e1cil para adaptarse al arco<\/li>\n<li data-section-id=\"1swxtsu\" data-start=\"909\" data-end=\"941\">Presilla trasera para cintur\u00f3n<\/li>\n<li data-section-id=\"qeajav\" data-start=\"942\" data-end=\"970\">Transporte c\u00f3modo y seguro<\/li>\n<li data-section-id=\"1s5lyvm\" data-start=\"971\" data-end=\"1004\">Ideal para tiro con arco y caza<\/li>\n<\/ul>\n","protected":false},"excerpt":{"rendered":"<p>El gancho para arco Buck Trail de cuero negro es un accesorio pr\u00e1ctico y resistente, ideal para transportar o colgar tu arco c\u00f3modamente durante entrenamientos, recorridos de campo o jornadas de caza. Fabricado en cuero de alta calidad, ofrece un ajuste sencillo para adaptarse a diferentes tipos de arco. Incorpora una presilla trasera de cuero [&hellip;]<\/p>\n","protected":false},"featured_media":131511,"comment_status":"open","ping_status":"closed","template":"","meta":{"_acf_changed":false},"product_brand":[4041],"product_cat":[104,1233,136],"product_tag":[],"class_list":{"0":"post-131510","1":"product","2":"type-product","3":"status-publish","4":"has-post-thumbnail","6":"product_brand-bearpaw","7":"product_cat-accesorios","8":"product_cat-arco-recurvo-soporte-para-arco","9":"product_cat-soporte-para-arco","11":"first","12":"instock","13":"taxable","14":"shipping-taxable","15":"purchasable","16":"product-type-simple"},"acf":[],"yoast_head":"<!-- This site is optimized with the Yoast SEO plugin v27.3 - https:\/\/yoast.com\/product\/yoast-seo-wordpress\/ -->\n<title>Gancho para arco Buck Trail de cuero negro ajustable - MoitoArchery<\/title>\n<meta name=\"description\" content=\"El gancho para arco Buck Trail de cuero negro es un accesorio pr\u00e1ctico y resistente, ideal para transportar o colgar tu arco c\u00f3modamente durante entrenamientos, recorridos de campo o jornadas de caza.Fabricado en cuero de alta calidad, ofrece un ajuste sencillo para adaptarse a diferentes tipos de arco. Incorpora una presilla trasera de cuero compatible con cintur\u00f3n, permitiendo llevar el arco de forma segura y siempre accesible.Su dise\u00f1o compacto y duradero lo convierte en un complemento muy \u00fatil para arqueros que buscan comodidad y protecci\u00f3n en el manejo de su equipo.\" \/>\n<meta name=\"robots\" content=\"index, follow, max-snippet:-1, max-image-preview:large, max-video-preview:-1\" \/>\n<link rel=\"canonical\" href=\"https:\/\/moitoarchery.com\/en\/product\/gancho-para-arco-buck-trail-de-cuero-negro-ajustable\/\" \/>\n<meta property=\"og:locale\" content=\"en_US\" \/>\n<meta property=\"og:type\" content=\"article\" \/>\n<meta property=\"og:title\" content=\"Gancho para arco Buck Trail de cuero negro ajustable - MoitoArchery\" \/>\n<meta property=\"og:description\" content=\"El gancho para arco Buck Trail de cuero negro es un accesorio pr\u00e1ctico y resistente, ideal para transportar o colgar tu arco c\u00f3modamente durante entrenamientos, recorridos de campo o jornadas de caza.Fabricado en cuero de alta calidad, ofrece un ajuste sencillo para adaptarse a diferentes tipos de arco. Incorpora una presilla trasera de cuero compatible con cintur\u00f3n, permitiendo llevar el arco de forma segura y siempre accesible.Su dise\u00f1o compacto y duradero lo convierte en un complemento muy \u00fatil para arqueros que buscan comodidad y protecci\u00f3n en el manejo de su equipo.\" \/>\n<meta property=\"og:url\" content=\"https:\/\/moitoarchery.com\/en\/product\/gancho-para-arco-buck-trail-de-cuero-negro-ajustable\/\" \/>\n<meta property=\"og:site_name\" content=\"MoitoArchery\" \/>\n<meta property=\"article:publisher\" content=\"https:\/\/www.facebook.com\/arqueriaOnline\/\" \/>\n<meta property=\"article:modified_time\" content=\"2026-04-16T09:21:25+00:00\" \/>\n<meta property=\"og:image\" content=\"https:\/\/moitoarchery.com\/wp-content\/uploads\/2026\/04\/Gancho-para-arco-recurvo-bearpaw.jpg\" \/>\n\t<meta property=\"og:image:width\" content=\"800\" \/>\n\t<meta property=\"og:image:height\" content=\"800\" \/>\n\t<meta property=\"og:image:type\" content=\"image\/jpeg\" \/>\n<meta name=\"twitter:card\" content=\"summary_large_image\" \/>\n<meta name=\"twitter:label1\" content=\"Est. reading time\" \/>\n\t<meta name=\"twitter:data1\" content=\"1 minute\" \/>\n<script type=\"application\/ld+json\" class=\"yoast-schema-graph\">{\"@context\":\"https:\\\/\\\/schema.org\",\"@graph\":[{\"@type\":\"WebPage\",\"@id\":\"https:\\\/\\\/moitoarchery.com\\\/en\\\/product\\\/gancho-para-arco-buck-trail-de-cuero-negro-ajustable\\\/\",\"url\":\"https:\\\/\\\/moitoarchery.com\\\/en\\\/product\\\/gancho-para-arco-buck-trail-de-cuero-negro-ajustable\\\/\",\"name\":\"Gancho para arco Buck Trail de cuero negro ajustable - MoitoArchery\",\"isPartOf\":{\"@id\":\"https:\\\/\\\/moitoarchery.com\\\/en\\\/#website\"},\"primaryImageOfPage\":{\"@id\":\"https:\\\/\\\/moitoarchery.com\\\/en\\\/product\\\/gancho-para-arco-buck-trail-de-cuero-negro-ajustable\\\/#primaryimage\"},\"image\":{\"@id\":\"https:\\\/\\\/moitoarchery.com\\\/en\\\/product\\\/gancho-para-arco-buck-trail-de-cuero-negro-ajustable\\\/#primaryimage\"},\"thumbnailUrl\":\"https:\\\/\\\/moitoarchery.com\\\/wp-content\\\/uploads\\\/2026\\\/04\\\/Gancho-para-arco-recurvo-bearpaw.jpg\",\"datePublished\":\"2026-04-15T10:15:28+00:00\",\"dateModified\":\"2026-04-16T09:21:25+00:00\",\"description\":\"El gancho para arco Buck Trail de cuero negro es un accesorio pr\u00e1ctico y resistente, ideal para transportar o colgar tu arco c\u00f3modamente durante entrenamientos, recorridos de campo o jornadas de caza.Fabricado en cuero de alta calidad, ofrece un ajuste sencillo para adaptarse a diferentes tipos de arco. Incorpora una presilla trasera de cuero compatible con cintur\u00f3n, permitiendo llevar el arco de forma segura y siempre accesible.Su dise\u00f1o compacto y duradero lo convierte en un complemento muy \u00fatil para arqueros que buscan comodidad y protecci\u00f3n en el manejo de su equipo.\",\"breadcrumb\":{\"@id\":\"https:\\\/\\\/moitoarchery.com\\\/en\\\/product\\\/gancho-para-arco-buck-trail-de-cuero-negro-ajustable\\\/#breadcrumb\"},\"inLanguage\":\"en-US\",\"potentialAction\":[{\"@type\":\"ReadAction\",\"target\":[\"https:\\\/\\\/moitoarchery.com\\\/en\\\/product\\\/gancho-para-arco-buck-trail-de-cuero-negro-ajustable\\\/\"]}]},{\"@type\":\"ImageObject\",\"inLanguage\":\"en-US\",\"@id\":\"https:\\\/\\\/moitoarchery.com\\\/en\\\/product\\\/gancho-para-arco-buck-trail-de-cuero-negro-ajustable\\\/#primaryimage\",\"url\":\"https:\\\/\\\/moitoarchery.com\\\/wp-content\\\/uploads\\\/2026\\\/04\\\/Gancho-para-arco-recurvo-bearpaw.jpg\",\"contentUrl\":\"https:\\\/\\\/moitoarchery.com\\\/wp-content\\\/uploads\\\/2026\\\/04\\\/Gancho-para-arco-recurvo-bearpaw.jpg\",\"width\":800,\"height\":800,\"caption\":\"Gancho para arco Buck Trail de cuero negro ajustable\"},{\"@type\":\"BreadcrumbList\",\"@id\":\"https:\\\/\\\/moitoarchery.com\\\/en\\\/product\\\/gancho-para-arco-buck-trail-de-cuero-negro-ajustable\\\/#breadcrumb\",\"itemListElement\":[{\"@type\":\"ListItem\",\"position\":1,\"name\":\"Portada\",\"item\":\"https:\\\/\\\/moitoarchery.com\\\/en\\\/\"},{\"@type\":\"ListItem\",\"position\":2,\"name\":\"Shop\",\"item\":\"https:\\\/\\\/moitoarchery.com\\\/en\\\/shop\\\/\"},{\"@type\":\"ListItem\",\"position\":3,\"name\":\"Gancho para arco Buck Trail de cuero negro ajustable\"}]},{\"@type\":\"WebSite\",\"@id\":\"https:\\\/\\\/moitoarchery.com\\\/en\\\/#website\",\"url\":\"https:\\\/\\\/moitoarchery.com\\\/en\\\/\",\"name\":\"MoitoArchery\",\"description\":\"Tienda de Tiro con arco\",\"publisher\":{\"@id\":\"https:\\\/\\\/moitoarchery.com\\\/en\\\/#organization\"},\"potentialAction\":[{\"@type\":\"SearchAction\",\"target\":{\"@type\":\"EntryPoint\",\"urlTemplate\":\"https:\\\/\\\/moitoarchery.com\\\/en\\\/?s={search_term_string}\"},\"query-input\":{\"@type\":\"PropertyValueSpecification\",\"valueRequired\":true,\"valueName\":\"search_term_string\"}}],\"inLanguage\":\"en-US\"},{\"@type\":\"Organization\",\"@id\":\"https:\\\/\\\/moitoarchery.com\\\/en\\\/#organization\",\"name\":\"MoitoArchery\",\"url\":\"https:\\\/\\\/moitoarchery.com\\\/en\\\/\",\"logo\":{\"@type\":\"ImageObject\",\"inLanguage\":\"en-US\",\"@id\":\"https:\\\/\\\/moitoarchery.com\\\/en\\\/#\\\/schema\\\/logo\\\/image\\\/\",\"url\":\"https:\\\/\\\/moitoarchery.com\\\/wp-content\\\/uploads\\\/2020\\\/09\\\/logotipo-moitoarchery.png\",\"contentUrl\":\"https:\\\/\\\/moitoarchery.com\\\/wp-content\\\/uploads\\\/2020\\\/09\\\/logotipo-moitoarchery.png\",\"width\":300,\"height\":66,\"caption\":\"MoitoArchery\"},\"image\":{\"@id\":\"https:\\\/\\\/moitoarchery.com\\\/en\\\/#\\\/schema\\\/logo\\\/image\\\/\"},\"sameAs\":[\"https:\\\/\\\/www.facebook.com\\\/arqueriaOnline\\\/\",\"https:\\\/\\\/www.instagram.com\\\/moitoarchery\\\/\",\"https:\\\/\\\/www.youtube.com\\\/channel\\\/UCvmj39gVUIKVoJJ6vQC9GPA\\\/\"]}]}<\/script>\n<!-- \/ Yoast SEO plugin. -->","yoast_head_json":{"title":"Gancho para arco Buck Trail de cuero negro ajustable - MoitoArchery","description":"El gancho para arco Buck Trail de cuero negro es un accesorio pr\u00e1ctico y resistente, ideal para transportar o colgar tu arco c\u00f3modamente durante entrenamientos, recorridos de campo o jornadas de caza.Fabricado en cuero de alta calidad, ofrece un ajuste sencillo para adaptarse a diferentes tipos de arco. Incorpora una presilla trasera de cuero compatible con cintur\u00f3n, permitiendo llevar el arco de forma segura y siempre accesible.Su dise\u00f1o compacto y duradero lo convierte en un complemento muy \u00fatil para arqueros que buscan comodidad y protecci\u00f3n en el manejo de su equipo.","robots":{"index":"index","follow":"follow","max-snippet":"max-snippet:-1","max-image-preview":"max-image-preview:large","max-video-preview":"max-video-preview:-1"},"canonical":"https:\/\/moitoarchery.com\/en\/product\/gancho-para-arco-buck-trail-de-cuero-negro-ajustable\/","og_locale":"en_US","og_type":"article","og_title":"Gancho para arco Buck Trail de cuero negro ajustable - MoitoArchery","og_description":"El gancho para arco Buck Trail de cuero negro es un accesorio pr\u00e1ctico y resistente, ideal para transportar o colgar tu arco c\u00f3modamente durante entrenamientos, recorridos de campo o jornadas de caza.Fabricado en cuero de alta calidad, ofrece un ajuste sencillo para adaptarse a diferentes tipos de arco. Incorpora una presilla trasera de cuero compatible con cintur\u00f3n, permitiendo llevar el arco de forma segura y siempre accesible.Su dise\u00f1o compacto y duradero lo convierte en un complemento muy \u00fatil para arqueros que buscan comodidad y protecci\u00f3n en el manejo de su equipo.","og_url":"https:\/\/moitoarchery.com\/en\/product\/gancho-para-arco-buck-trail-de-cuero-negro-ajustable\/","og_site_name":"MoitoArchery","article_publisher":"https:\/\/www.facebook.com\/arqueriaOnline\/","article_modified_time":"2026-04-16T09:21:25+00:00","og_image":[{"width":800,"height":800,"url":"https:\/\/moitoarchery.com\/wp-content\/uploads\/2026\/04\/Gancho-para-arco-recurvo-bearpaw.jpg","type":"image\/jpeg"}],"twitter_card":"summary_large_image","twitter_misc":{"Est. reading time":"1 minute"},"schema":{"@context":"https:\/\/schema.org","@graph":[{"@type":"WebPage","@id":"https:\/\/moitoarchery.com\/en\/product\/gancho-para-arco-buck-trail-de-cuero-negro-ajustable\/","url":"https:\/\/moitoarchery.com\/en\/product\/gancho-para-arco-buck-trail-de-cuero-negro-ajustable\/","name":"Gancho para arco Buck Trail de cuero negro ajustable - MoitoArchery","isPartOf":{"@id":"https:\/\/moitoarchery.com\/en\/#website"},"primaryImageOfPage":{"@id":"https:\/\/moitoarchery.com\/en\/product\/gancho-para-arco-buck-trail-de-cuero-negro-ajustable\/#primaryimage"},"image":{"@id":"https:\/\/moitoarchery.com\/en\/product\/gancho-para-arco-buck-trail-de-cuero-negro-ajustable\/#primaryimage"},"thumbnailUrl":"https:\/\/moitoarchery.com\/wp-content\/uploads\/2026\/04\/Gancho-para-arco-recurvo-bearpaw.jpg","datePublished":"2026-04-15T10:15:28+00:00","dateModified":"2026-04-16T09:21:25+00:00","description":"El gancho para arco Buck Trail de cuero negro es un accesorio pr\u00e1ctico y resistente, ideal para transportar o colgar tu arco c\u00f3modamente durante entrenamientos, recorridos de campo o jornadas de caza.Fabricado en cuero de alta calidad, ofrece un ajuste sencillo para adaptarse a diferentes tipos de arco. Incorpora una presilla trasera de cuero compatible con cintur\u00f3n, permitiendo llevar el arco de forma segura y siempre accesible.Su dise\u00f1o compacto y duradero lo convierte en un complemento muy \u00fatil para arqueros que buscan comodidad y protecci\u00f3n en el manejo de su equipo.","breadcrumb":{"@id":"https:\/\/moitoarchery.com\/en\/product\/gancho-para-arco-buck-trail-de-cuero-negro-ajustable\/#breadcrumb"},"inLanguage":"en-US","potentialAction":[{"@type":"ReadAction","target":["https:\/\/moitoarchery.com\/en\/product\/gancho-para-arco-buck-trail-de-cuero-negro-ajustable\/"]}]},{"@type":"ImageObject","inLanguage":"en-US","@id":"https:\/\/moitoarchery.com\/en\/product\/gancho-para-arco-buck-trail-de-cuero-negro-ajustable\/#primaryimage","url":"https:\/\/moitoarchery.com\/wp-content\/uploads\/2026\/04\/Gancho-para-arco-recurvo-bearpaw.jpg","contentUrl":"https:\/\/moitoarchery.com\/wp-content\/uploads\/2026\/04\/Gancho-para-arco-recurvo-bearpaw.jpg","width":800,"height":800,"caption":"Gancho para arco Buck Trail de cuero negro ajustable"},{"@type":"BreadcrumbList","@id":"https:\/\/moitoarchery.com\/en\/product\/gancho-para-arco-buck-trail-de-cuero-negro-ajustable\/#breadcrumb","itemListElement":[{"@type":"ListItem","position":1,"name":"Portada","item":"https:\/\/moitoarchery.com\/en\/"},{"@type":"ListItem","position":2,"name":"Shop","item":"https:\/\/moitoarchery.com\/en\/shop\/"},{"@type":"ListItem","position":3,"name":"Gancho para arco Buck Trail de cuero negro ajustable"}]},{"@type":"WebSite","@id":"https:\/\/moitoarchery.com\/en\/#website","url":"https:\/\/moitoarchery.com\/en\/","name":"MoitoArchery","description":"Tienda de Tiro con arco","publisher":{"@id":"https:\/\/moitoarchery.com\/en\/#organization"},"potentialAction":[{"@type":"SearchAction","target":{"@type":"EntryPoint","urlTemplate":"https:\/\/moitoarchery.com\/en\/?s={search_term_string}"},"query-input":{"@type":"PropertyValueSpecification","valueRequired":true,"valueName":"search_term_string"}}],"inLanguage":"en-US"},{"@type":"Organization","@id":"https:\/\/moitoarchery.com\/en\/#organization","name":"MoitoArchery","url":"https:\/\/moitoarchery.com\/en\/","logo":{"@type":"ImageObject","inLanguage":"en-US","@id":"https:\/\/moitoarchery.com\/en\/#\/schema\/logo\/image\/","url":"https:\/\/moitoarchery.com\/wp-content\/uploads\/2020\/09\/logotipo-moitoarchery.png","contentUrl":"https:\/\/moitoarchery.com\/wp-content\/uploads\/2020\/09\/logotipo-moitoarchery.png","width":300,"height":66,"caption":"MoitoArchery"},"image":{"@id":"https:\/\/moitoarchery.com\/en\/#\/schema\/logo\/image\/"},"sameAs":["https:\/\/www.facebook.com\/arqueriaOnline\/","https:\/\/www.instagram.com\/moitoarchery\/","https:\/\/www.youtube.com\/channel\/UCvmj39gVUIKVoJJ6vQC9GPA\/"]}]}},"_links":{"self":[{"href":"https:\/\/moitoarchery.com\/en\/wp-json\/wp\/v2\/product\/131510","targetHints":{"allow":["GET"]}}],"collection":[{"href":"https:\/\/moitoarchery.com\/en\/wp-json\/wp\/v2\/product"}],"about":[{"href":"https:\/\/moitoarchery.com\/en\/wp-json\/wp\/v2\/types\/product"}],"replies":[{"embeddable":true,"href":"https:\/\/moitoarchery.com\/en\/wp-json\/wp\/v2\/comments?post=131510"}],"version-history":[{"count":1,"href":"https:\/\/moitoarchery.com\/en\/wp-json\/wp\/v2\/product\/131510\/revisions"}],"predecessor-version":[{"id":131513,"href":"https:\/\/moitoarchery.com\/en\/wp-json\/wp\/v2\/product\/131510\/revisions\/131513"}],"wp:featuredmedia":[{"embeddable":true,"href":"https:\/\/moitoarchery.com\/en\/wp-json\/wp\/v2\/media\/131511"}],"wp:attachment":[{"href":"https:\/\/moitoarchery.com\/en\/wp-json\/wp\/v2\/media?parent=131510"}],"wp:term":[{"taxonomy":"product_brand","embeddable":true,"href":"https:\/\/moitoarchery.com\/en\/wp-json\/wp\/v2\/product_brand?post=131510"},{"taxonomy":"product_cat","embeddable":true,"href":"https:\/\/moitoarchery.com\/en\/wp-json\/wp\/v2\/product_cat?post=131510"},{"taxonomy":"product_tag","embeddable":true,"href":"https:\/\/moitoarchery.com\/en\/wp-json\/wp\/v2\/product_tag?post=131510"}],"curies":[{"name":"wp","href":"https:\/\/api.w.org\/{rel}","templated":true}]}}