{"id":131475,"date":"2026-04-15T10:24:27","date_gmt":"2026-04-15T08:24:27","guid":{"rendered":"https:\/\/moitoarchery.com\/?post_type=product&#038;p=131475"},"modified":"2026-04-16T11:55:17","modified_gmt":"2026-04-16T09:55:17","slug":"culatin-overfit-core-para-arco-recreativo-5mm-5-uds","status":"publish","type":"product","link":"https:\/\/moitoarchery.com\/en\/product\/culatin-overfit-core-para-arco-recreativo-5mm-5-uds\/","title":{"rendered":"Culat\u00edn Overfit Core para Arco Recreativo 5mm (5 uds)"},"content":{"rendered":"<p>Culatines tipo overfit de 5 mm, ideales para flechas de arco recreativo. Pack de 5 unidades resistentes y f\u00e1ciles de instalar.<\/p>\n<p>Dise\u00f1ado para encajar perfectamente en tubos de flecha de 5 mm, este culat\u00edn tipo <em data-start=\"543\" data-end=\"552\">overfit<\/em> se instala f\u00e1cilmente sin necesidad de herramientas especiales.<\/p>\n<p>Paquete de 5 unidades.<\/p>\n","protected":false},"excerpt":{"rendered":"<p>Culatines tipo overfit de 5 mm, ideales para flechas de arco recreativo. Pack de 5 unidades resistentes y f\u00e1ciles de instalar.<\/p>\n<p>Dise\u00f1ado para encajar perfectamente en tubos de flecha de 5 mm, este culat\u00edn tipo <em data-start=\"543\" data-end=\"552\">overfit<\/em> se instala f\u00e1cilmente sin necesidad de herramientas especiales.<\/p>\n<p>Paquete de 5 unidades.<\/p>\n","protected":false},"featured_media":131483,"comment_status":"open","ping_status":"closed","template":"","meta":{"_acf_changed":false},"product_brand":[4043],"product_cat":[158,1328,106],"product_tag":[],"class_list":{"0":"post-131475","1":"product","2":"type-product","3":"status-publish","4":"has-post-thumbnail","6":"product_brand-core-archery","7":"product_cat-culatines","8":"product_cat-culatin-exterior","9":"product_cat-flechas","11":"first","12":"onbackorder","13":"taxable","14":"shipping-taxable","15":"purchasable","16":"product-type-variable"},"acf":[],"yoast_head":"<!-- This site is optimized with the Yoast SEO plugin v27.3 - https:\/\/yoast.com\/product\/yoast-seo-wordpress\/ -->\n<title>Culat\u00edn Overfit Core para Arco Recreativo 5mm (5 uds) - MoitoArchery<\/title>\n<meta name=\"robots\" content=\"index, follow, max-snippet:-1, max-image-preview:large, max-video-preview:-1\" \/>\n<link rel=\"canonical\" href=\"https:\/\/moitoarchery.com\/en\/product\/culatin-overfit-core-para-arco-recreativo-5mm-5-uds\/\" \/>\n<meta property=\"og:locale\" content=\"en_US\" \/>\n<meta property=\"og:type\" content=\"article\" \/>\n<meta property=\"og:title\" content=\"Culat\u00edn Overfit Core para Arco Recreativo 5mm (5 uds) - MoitoArchery\" \/>\n<meta property=\"og:description\" content=\"Culatines tipo overfit de 5 mm, ideales para flechas de arco recreativo. Pack de 5 unidades resistentes y f\u00e1ciles de instalar.  Dise\u00f1ado para encajar perfectamente en tubos de flecha de 5 mm, este culat\u00edn tipo overfit se instala f\u00e1cilmente sin necesidad de herramientas especiales.  Paquete de 5 unidades.\" \/>\n<meta property=\"og:url\" content=\"https:\/\/moitoarchery.com\/en\/product\/culatin-overfit-core-para-arco-recreativo-5mm-5-uds\/\" \/>\n<meta property=\"og:site_name\" content=\"MoitoArchery\" \/>\n<meta property=\"article:publisher\" content=\"https:\/\/www.facebook.com\/arqueriaOnline\/\" \/>\n<meta property=\"article:modified_time\" content=\"2026-04-16T09:55:17+00:00\" \/>\n<meta property=\"og:image\" content=\"https:\/\/moitoarchery.com\/wp-content\/uploads\/2026\/04\/culatin-overfit-core-5mm.jpg\" \/>\n\t<meta property=\"og:image:width\" content=\"800\" \/>\n\t<meta property=\"og:image:height\" content=\"800\" \/>\n\t<meta property=\"og:image:type\" content=\"image\/jpeg\" \/>\n<meta name=\"twitter:card\" content=\"summary_large_image\" \/>\n<meta name=\"twitter:label1\" content=\"Est. reading time\" \/>\n\t<meta name=\"twitter:data1\" content=\"1 minute\" \/>\n<script type=\"application\/ld+json\" class=\"yoast-schema-graph\">{\"@context\":\"https:\\\/\\\/schema.org\",\"@graph\":[{\"@type\":\"WebPage\",\"@id\":\"https:\\\/\\\/moitoarchery.com\\\/en\\\/product\\\/culatin-overfit-core-para-arco-recreativo-5mm-5-uds\\\/\",\"url\":\"https:\\\/\\\/moitoarchery.com\\\/en\\\/product\\\/culatin-overfit-core-para-arco-recreativo-5mm-5-uds\\\/\",\"name\":\"Culat\u00edn Overfit Core para Arco Recreativo 5mm (5 uds) - MoitoArchery\",\"isPartOf\":{\"@id\":\"https:\\\/\\\/moitoarchery.com\\\/en\\\/#website\"},\"primaryImageOfPage\":{\"@id\":\"https:\\\/\\\/moitoarchery.com\\\/en\\\/product\\\/culatin-overfit-core-para-arco-recreativo-5mm-5-uds\\\/#primaryimage\"},\"image\":{\"@id\":\"https:\\\/\\\/moitoarchery.com\\\/en\\\/product\\\/culatin-overfit-core-para-arco-recreativo-5mm-5-uds\\\/#primaryimage\"},\"thumbnailUrl\":\"https:\\\/\\\/moitoarchery.com\\\/wp-content\\\/uploads\\\/2026\\\/04\\\/culatin-overfit-core-5mm.jpg\",\"datePublished\":\"2026-04-15T08:24:27+00:00\",\"dateModified\":\"2026-04-16T09:55:17+00:00\",\"breadcrumb\":{\"@id\":\"https:\\\/\\\/moitoarchery.com\\\/en\\\/product\\\/culatin-overfit-core-para-arco-recreativo-5mm-5-uds\\\/#breadcrumb\"},\"inLanguage\":\"en-US\",\"potentialAction\":[{\"@type\":\"ReadAction\",\"target\":[\"https:\\\/\\\/moitoarchery.com\\\/en\\\/product\\\/culatin-overfit-core-para-arco-recreativo-5mm-5-uds\\\/\"]}]},{\"@type\":\"ImageObject\",\"inLanguage\":\"en-US\",\"@id\":\"https:\\\/\\\/moitoarchery.com\\\/en\\\/product\\\/culatin-overfit-core-para-arco-recreativo-5mm-5-uds\\\/#primaryimage\",\"url\":\"https:\\\/\\\/moitoarchery.com\\\/wp-content\\\/uploads\\\/2026\\\/04\\\/culatin-overfit-core-5mm.jpg\",\"contentUrl\":\"https:\\\/\\\/moitoarchery.com\\\/wp-content\\\/uploads\\\/2026\\\/04\\\/culatin-overfit-core-5mm.jpg\",\"width\":800,\"height\":800},{\"@type\":\"BreadcrumbList\",\"@id\":\"https:\\\/\\\/moitoarchery.com\\\/en\\\/product\\\/culatin-overfit-core-para-arco-recreativo-5mm-5-uds\\\/#breadcrumb\",\"itemListElement\":[{\"@type\":\"ListItem\",\"position\":1,\"name\":\"Portada\",\"item\":\"https:\\\/\\\/moitoarchery.com\\\/en\\\/\"},{\"@type\":\"ListItem\",\"position\":2,\"name\":\"Shop\",\"item\":\"https:\\\/\\\/moitoarchery.com\\\/en\\\/shop\\\/\"},{\"@type\":\"ListItem\",\"position\":3,\"name\":\"Culat\u00edn Overfit Core para Arco Recreativo 5mm (5 uds)\"}]},{\"@type\":\"WebSite\",\"@id\":\"https:\\\/\\\/moitoarchery.com\\\/en\\\/#website\",\"url\":\"https:\\\/\\\/moitoarchery.com\\\/en\\\/\",\"name\":\"MoitoArchery\",\"description\":\"Tienda de Tiro con arco\",\"publisher\":{\"@id\":\"https:\\\/\\\/moitoarchery.com\\\/en\\\/#organization\"},\"potentialAction\":[{\"@type\":\"SearchAction\",\"target\":{\"@type\":\"EntryPoint\",\"urlTemplate\":\"https:\\\/\\\/moitoarchery.com\\\/en\\\/?s={search_term_string}\"},\"query-input\":{\"@type\":\"PropertyValueSpecification\",\"valueRequired\":true,\"valueName\":\"search_term_string\"}}],\"inLanguage\":\"en-US\"},{\"@type\":\"Organization\",\"@id\":\"https:\\\/\\\/moitoarchery.com\\\/en\\\/#organization\",\"name\":\"MoitoArchery\",\"url\":\"https:\\\/\\\/moitoarchery.com\\\/en\\\/\",\"logo\":{\"@type\":\"ImageObject\",\"inLanguage\":\"en-US\",\"@id\":\"https:\\\/\\\/moitoarchery.com\\\/en\\\/#\\\/schema\\\/logo\\\/image\\\/\",\"url\":\"https:\\\/\\\/moitoarchery.com\\\/wp-content\\\/uploads\\\/2020\\\/09\\\/logotipo-moitoarchery.png\",\"contentUrl\":\"https:\\\/\\\/moitoarchery.com\\\/wp-content\\\/uploads\\\/2020\\\/09\\\/logotipo-moitoarchery.png\",\"width\":300,\"height\":66,\"caption\":\"MoitoArchery\"},\"image\":{\"@id\":\"https:\\\/\\\/moitoarchery.com\\\/en\\\/#\\\/schema\\\/logo\\\/image\\\/\"},\"sameAs\":[\"https:\\\/\\\/www.facebook.com\\\/arqueriaOnline\\\/\",\"https:\\\/\\\/www.instagram.com\\\/moitoarchery\\\/\",\"https:\\\/\\\/www.youtube.com\\\/channel\\\/UCvmj39gVUIKVoJJ6vQC9GPA\\\/\"]}]}<\/script>\n<!-- \/ Yoast SEO plugin. -->","yoast_head_json":{"title":"Culat\u00edn Overfit Core para Arco Recreativo 5mm (5 uds) - MoitoArchery","robots":{"index":"index","follow":"follow","max-snippet":"max-snippet:-1","max-image-preview":"max-image-preview:large","max-video-preview":"max-video-preview:-1"},"canonical":"https:\/\/moitoarchery.com\/en\/product\/culatin-overfit-core-para-arco-recreativo-5mm-5-uds\/","og_locale":"en_US","og_type":"article","og_title":"Culat\u00edn Overfit Core para Arco Recreativo 5mm (5 uds) - MoitoArchery","og_description":"Culatines tipo overfit de 5 mm, ideales para flechas de arco recreativo. Pack de 5 unidades resistentes y f\u00e1ciles de instalar.  Dise\u00f1ado para encajar perfectamente en tubos de flecha de 5 mm, este culat\u00edn tipo overfit se instala f\u00e1cilmente sin necesidad de herramientas especiales.  Paquete de 5 unidades.","og_url":"https:\/\/moitoarchery.com\/en\/product\/culatin-overfit-core-para-arco-recreativo-5mm-5-uds\/","og_site_name":"MoitoArchery","article_publisher":"https:\/\/www.facebook.com\/arqueriaOnline\/","article_modified_time":"2026-04-16T09:55:17+00:00","og_image":[{"width":800,"height":800,"url":"https:\/\/moitoarchery.com\/wp-content\/uploads\/2026\/04\/culatin-overfit-core-5mm.jpg","type":"image\/jpeg"}],"twitter_card":"summary_large_image","twitter_misc":{"Est. reading time":"1 minute"},"schema":{"@context":"https:\/\/schema.org","@graph":[{"@type":"WebPage","@id":"https:\/\/moitoarchery.com\/en\/product\/culatin-overfit-core-para-arco-recreativo-5mm-5-uds\/","url":"https:\/\/moitoarchery.com\/en\/product\/culatin-overfit-core-para-arco-recreativo-5mm-5-uds\/","name":"Culat\u00edn Overfit Core para Arco Recreativo 5mm (5 uds) - MoitoArchery","isPartOf":{"@id":"https:\/\/moitoarchery.com\/en\/#website"},"primaryImageOfPage":{"@id":"https:\/\/moitoarchery.com\/en\/product\/culatin-overfit-core-para-arco-recreativo-5mm-5-uds\/#primaryimage"},"image":{"@id":"https:\/\/moitoarchery.com\/en\/product\/culatin-overfit-core-para-arco-recreativo-5mm-5-uds\/#primaryimage"},"thumbnailUrl":"https:\/\/moitoarchery.com\/wp-content\/uploads\/2026\/04\/culatin-overfit-core-5mm.jpg","datePublished":"2026-04-15T08:24:27+00:00","dateModified":"2026-04-16T09:55:17+00:00","breadcrumb":{"@id":"https:\/\/moitoarchery.com\/en\/product\/culatin-overfit-core-para-arco-recreativo-5mm-5-uds\/#breadcrumb"},"inLanguage":"en-US","potentialAction":[{"@type":"ReadAction","target":["https:\/\/moitoarchery.com\/en\/product\/culatin-overfit-core-para-arco-recreativo-5mm-5-uds\/"]}]},{"@type":"ImageObject","inLanguage":"en-US","@id":"https:\/\/moitoarchery.com\/en\/product\/culatin-overfit-core-para-arco-recreativo-5mm-5-uds\/#primaryimage","url":"https:\/\/moitoarchery.com\/wp-content\/uploads\/2026\/04\/culatin-overfit-core-5mm.jpg","contentUrl":"https:\/\/moitoarchery.com\/wp-content\/uploads\/2026\/04\/culatin-overfit-core-5mm.jpg","width":800,"height":800},{"@type":"BreadcrumbList","@id":"https:\/\/moitoarchery.com\/en\/product\/culatin-overfit-core-para-arco-recreativo-5mm-5-uds\/#breadcrumb","itemListElement":[{"@type":"ListItem","position":1,"name":"Portada","item":"https:\/\/moitoarchery.com\/en\/"},{"@type":"ListItem","position":2,"name":"Shop","item":"https:\/\/moitoarchery.com\/en\/shop\/"},{"@type":"ListItem","position":3,"name":"Culat\u00edn Overfit Core para Arco Recreativo 5mm (5 uds)"}]},{"@type":"WebSite","@id":"https:\/\/moitoarchery.com\/en\/#website","url":"https:\/\/moitoarchery.com\/en\/","name":"MoitoArchery","description":"Tienda de Tiro con arco","publisher":{"@id":"https:\/\/moitoarchery.com\/en\/#organization"},"potentialAction":[{"@type":"SearchAction","target":{"@type":"EntryPoint","urlTemplate":"https:\/\/moitoarchery.com\/en\/?s={search_term_string}"},"query-input":{"@type":"PropertyValueSpecification","valueRequired":true,"valueName":"search_term_string"}}],"inLanguage":"en-US"},{"@type":"Organization","@id":"https:\/\/moitoarchery.com\/en\/#organization","name":"MoitoArchery","url":"https:\/\/moitoarchery.com\/en\/","logo":{"@type":"ImageObject","inLanguage":"en-US","@id":"https:\/\/moitoarchery.com\/en\/#\/schema\/logo\/image\/","url":"https:\/\/moitoarchery.com\/wp-content\/uploads\/2020\/09\/logotipo-moitoarchery.png","contentUrl":"https:\/\/moitoarchery.com\/wp-content\/uploads\/2020\/09\/logotipo-moitoarchery.png","width":300,"height":66,"caption":"MoitoArchery"},"image":{"@id":"https:\/\/moitoarchery.com\/en\/#\/schema\/logo\/image\/"},"sameAs":["https:\/\/www.facebook.com\/arqueriaOnline\/","https:\/\/www.instagram.com\/moitoarchery\/","https:\/\/www.youtube.com\/channel\/UCvmj39gVUIKVoJJ6vQC9GPA\/"]}]}},"_links":{"self":[{"href":"https:\/\/moitoarchery.com\/en\/wp-json\/wp\/v2\/product\/131475","targetHints":{"allow":["GET"]}}],"collection":[{"href":"https:\/\/moitoarchery.com\/en\/wp-json\/wp\/v2\/product"}],"about":[{"href":"https:\/\/moitoarchery.com\/en\/wp-json\/wp\/v2\/types\/product"}],"replies":[{"embeddable":true,"href":"https:\/\/moitoarchery.com\/en\/wp-json\/wp\/v2\/comments?post=131475"}],"version-history":[{"count":1,"href":"https:\/\/moitoarchery.com\/en\/wp-json\/wp\/v2\/product\/131475\/revisions"}],"predecessor-version":[{"id":131485,"href":"https:\/\/moitoarchery.com\/en\/wp-json\/wp\/v2\/product\/131475\/revisions\/131485"}],"wp:featuredmedia":[{"embeddable":true,"href":"https:\/\/moitoarchery.com\/en\/wp-json\/wp\/v2\/media\/131483"}],"wp:attachment":[{"href":"https:\/\/moitoarchery.com\/en\/wp-json\/wp\/v2\/media?parent=131475"}],"wp:term":[{"taxonomy":"product_brand","embeddable":true,"href":"https:\/\/moitoarchery.com\/en\/wp-json\/wp\/v2\/product_brand?post=131475"},{"taxonomy":"product_cat","embeddable":true,"href":"https:\/\/moitoarchery.com\/en\/wp-json\/wp\/v2\/product_cat?post=131475"},{"taxonomy":"product_tag","embeddable":true,"href":"https:\/\/moitoarchery.com\/en\/wp-json\/wp\/v2\/product_tag?post=131475"}],"curies":[{"name":"wp","href":"https:\/\/api.w.org\/{rel}","templated":true}]}}