{"id":131396,"date":"2026-04-14T09:57:59","date_gmt":"2026-04-14T07:57:59","guid":{"rendered":"https:\/\/moitoarchery.com\/?post_type=product&#038;p=131396"},"modified":"2026-04-16T11:55:16","modified_gmt":"2026-04-16T09:55:16","slug":"pluma-spin-round-jet6-1-75-50-u","status":"publish","type":"product","link":"https:\/\/moitoarchery.com\/en\/product\/pluma-spin-round-jet6-1-75-50-u\/","title":{"rendered":"Pluma Spin Round Jet6 1.75&#8243; (50 u)"},"content":{"rendered":"<p data-start=\"41\" data-end=\"546\">La <strong data-start=\"44\" data-end=\"96\">Jet6 Round S 1.75 pulgadas (pack de 50 unidades)<\/strong> es una pluma helicoidal compacta y ligera, dise\u00f1ada para arqueros que buscan <strong data-start=\"174\" data-end=\"261\">m\u00e1xima velocidad, excelente estabilizaci\u00f3n inicial y una salida limpia de la flecha<\/strong>, especialmente en configuraciones de <strong data-start=\"299\" data-end=\"358\">recurvo y compuesto con tubos finos o de di\u00e1metro medio<\/strong>. Su <strong data-start=\"363\" data-end=\"398\">perfil Round S de 1,75 pulgadas<\/strong> proporciona un equilibrio ideal entre <strong data-start=\"437\" data-end=\"483\">baja resistencia al aire y r\u00e1pida rotaci\u00f3n<\/strong>, favoreciendo trayectorias tensas y agrupaciones consistentes.<\/p>\n<p data-start=\"548\" data-end=\"929\">Gracias a su dise\u00f1o <strong data-start=\"568\" data-end=\"606\">Jet6 de seis canales aerodin\u00e1micos<\/strong>, esta spin vane mejora el flujo de aire alrededor del culat\u00edn, generando un <strong data-start=\"683\" data-end=\"734\">giro estable desde los primeros metros de vuelo<\/strong> sin penalizar la velocidad. Su tama\u00f1o compacto la convierte en una opci\u00f3n excelente para <strong data-start=\"824\" data-end=\"854\">distancias medias y largas<\/strong>, donde una menor fricci\u00f3n ayuda a conservar mejor la energ\u00eda de la flecha.<\/p>\n<p data-start=\"931\" data-end=\"1101\">El formato de <strong data-start=\"945\" data-end=\"960\">50 unidades<\/strong> es perfecto para arqueros que desean montar varios juegos de flechas de entrenamiento o competici\u00f3n con una configuraci\u00f3n uniforme y fiable.<\/p>\n<p data-start=\"1103\" data-end=\"1135\"><strong data-start=\"1103\" data-end=\"1135\">Caracter\u00edsticas principales:<\/strong><\/p>\n<ul data-start=\"1136\" data-end=\"1470\">\n<li data-section-id=\"eb30vq\" data-start=\"1136\" data-end=\"1172\">Modelo: <strong data-start=\"1146\" data-end=\"1172\">Jet6 Round S Spin Vane<\/strong><\/li>\n<li data-section-id=\"hu0idu\" data-start=\"1173\" data-end=\"1202\">Longitud: <strong data-start=\"1185\" data-end=\"1202\">1,75 pulgadas<\/strong><\/li>\n<li data-section-id=\"hu0idu\" data-start=\"1173\" data-end=\"1202\">Colores:<strong> Negro, Azul, Verde, Naranja, Rosa, Morado, Rojo, Blanco y Amarillo.<\/strong><\/li>\n<li data-section-id=\"qn5bnm\" data-start=\"1203\" data-end=\"1230\">Cantidad: <strong data-start=\"1215\" data-end=\"1230\">50 unidades<\/strong><\/li>\n<li data-section-id=\"e4fro2\" data-start=\"1231\" data-end=\"1273\">Uso recomendado: <strong data-start=\"1250\" data-end=\"1273\">recurvo y compuesto<\/strong><\/li>\n<li data-section-id=\"1kuhy20\" data-start=\"1274\" data-end=\"1323\">Ideal para: <strong data-start=\"1288\" data-end=\"1323\">tubos finos y de di\u00e1metro medio<\/strong><\/li>\n<li data-section-id=\"10hifpc\" data-start=\"1324\" data-end=\"1367\">Perfil: <strong data-start=\"1334\" data-end=\"1367\">Round S, compacto y eficiente<\/strong><\/li>\n<li data-section-id=\"13y4py6\" data-start=\"1368\" data-end=\"1423\">Ventaja: <strong data-start=\"1379\" data-end=\"1423\">alta velocidad con r\u00e1pida estabilizaci\u00f3n<\/strong><\/li>\n<li data-section-id=\"2s5bsv\" data-start=\"1424\" data-end=\"1470\">Montaje: <strong data-start=\"1435\" data-end=\"1470\">f\u00e1cil con cinta para spin vanes<\/strong><\/li>\n<\/ul>\n","protected":false},"excerpt":{"rendered":"<p data-start=\"41\" data-end=\"546\">La <strong data-start=\"44\" data-end=\"96\">Jet6 Round S 1.75 pulgadas (pack de 50 unidades)<\/strong> es una pluma helicoidal compacta y ligera, dise\u00f1ada para arqueros que buscan <strong data-start=\"174\" data-end=\"261\">m\u00e1xima velocidad, excelente estabilizaci\u00f3n inicial y una salida limpia de la flecha<\/strong>, especialmente en configuraciones de <strong data-start=\"299\" data-end=\"358\">recurvo y compuesto con tubos finos o de di\u00e1metro medio<\/strong>. Su <strong data-start=\"363\" data-end=\"398\">perfil Round S de 1,75 pulgadas<\/strong> proporciona un equilibrio ideal entre <strong data-start=\"437\" data-end=\"483\">baja resistencia al aire y r\u00e1pida rotaci\u00f3n<\/strong>, favoreciendo trayectorias tensas y agrupaciones consistentes.<\/p>\n<p data-start=\"548\" data-end=\"929\">Gracias a su dise\u00f1o <strong data-start=\"568\" data-end=\"606\">Jet6 de seis canales aerodin\u00e1micos<\/strong>, esta spin vane mejora el flujo de aire alrededor del culat\u00edn, generando un <strong data-start=\"683\" data-end=\"734\">giro estable desde los primeros metros de vuelo<\/strong> sin penalizar la velocidad. Su tama\u00f1o compacto la convierte en una opci\u00f3n excelente para <strong data-start=\"824\" data-end=\"854\">distancias medias y largas<\/strong>, donde una menor fricci\u00f3n ayuda a conservar mejor la energ\u00eda de la flecha.<\/p>\n<p data-start=\"931\" data-end=\"1101\">El formato de <strong data-start=\"945\" data-end=\"960\">50 unidades<\/strong> es perfecto para arqueros que desean montar varios juegos de flechas de entrenamiento o competici\u00f3n con una configuraci\u00f3n uniforme y fiable.<\/p>\n","protected":false},"featured_media":131415,"comment_status":"open","ping_status":"closed","template":"","meta":{"_acf_changed":false},"product_brand":[4983],"product_cat":[1707,106,1697,163],"product_tag":[],"class_list":{"0":"post-131396","1":"product","2":"type-product","3":"status-publish","4":"has-post-thumbnail","6":"product_brand-jet-6","7":"product_cat-1-75-pulgadas","8":"product_cat-flechas","9":"product_cat-plumas","10":"product_cat-pluma-artificial","12":"first","13":"onbackorder","14":"taxable","15":"shipping-taxable","16":"purchasable","17":"product-type-variable"},"acf":[],"yoast_head":"<!-- This site is optimized with the Yoast SEO plugin v27.3 - https:\/\/yoast.com\/product\/yoast-seo-wordpress\/ -->\n<title>Pluma Spin Round Jet6 1.75&quot; (50 u) - MoitoArchery<\/title>\n<meta name=\"description\" content=\"La Jet6 Round S 1.75 pulgadas (pack de 50 unidades) es una pluma helicoidal compacta y ligera, dise\u00f1ada para arqueros que buscan m\u00e1xima velocidad, excelente estabilizaci\u00f3n inicial y una salida limpia de la flecha, especialmente en configuraciones de recurvo y compuesto con tubos finos o de di\u00e1metro medio. Su perfil Round S de 1,75 pulgadas proporciona un equilibrio ideal entre baja resistencia al aire y r\u00e1pida rotaci\u00f3n, favoreciendo trayectorias tensas y agrupaciones consistentes.Gracias a su dise\u00f1o Jet6 de seis canales aerodin\u00e1micos, esta spin vane mejora el flujo de aire alrededor del culat\u00edn, generando un giro estable desde los primeros metros de vuelo sin penalizar la velocidad. Su tama\u00f1o compacto la convierte en una opci\u00f3n excelente para distancias medias y largas, donde una menor fricci\u00f3n ayuda a conservar mejor la energ\u00eda de la flecha.El formato de 50 unidades es perfecto para arqueros que desean montar varios juegos de flechas de entrenamiento o competici\u00f3n con una configuraci\u00f3n uniforme y fiable.\" \/>\n<meta name=\"robots\" content=\"index, follow, max-snippet:-1, max-image-preview:large, max-video-preview:-1\" \/>\n<link rel=\"canonical\" href=\"https:\/\/moitoarchery.com\/en\/product\/pluma-spin-round-jet6-1-75-50-u\/\" \/>\n<meta property=\"og:locale\" content=\"en_US\" \/>\n<meta property=\"og:type\" content=\"article\" \/>\n<meta property=\"og:title\" content=\"Pluma Spin Round Jet6 1.75&quot; (50 u) - MoitoArchery\" \/>\n<meta property=\"og:description\" content=\"La Jet6 Round S 1.75 pulgadas (pack de 50 unidades) es una pluma helicoidal compacta y ligera, dise\u00f1ada para arqueros que buscan m\u00e1xima velocidad, excelente estabilizaci\u00f3n inicial y una salida limpia de la flecha, especialmente en configuraciones de recurvo y compuesto con tubos finos o de di\u00e1metro medio. Su perfil Round S de 1,75 pulgadas proporciona un equilibrio ideal entre baja resistencia al aire y r\u00e1pida rotaci\u00f3n, favoreciendo trayectorias tensas y agrupaciones consistentes.Gracias a su dise\u00f1o Jet6 de seis canales aerodin\u00e1micos, esta spin vane mejora el flujo de aire alrededor del culat\u00edn, generando un giro estable desde los primeros metros de vuelo sin penalizar la velocidad. Su tama\u00f1o compacto la convierte en una opci\u00f3n excelente para distancias medias y largas, donde una menor fricci\u00f3n ayuda a conservar mejor la energ\u00eda de la flecha.El formato de 50 unidades es perfecto para arqueros que desean montar varios juegos de flechas de entrenamiento o competici\u00f3n con una configuraci\u00f3n uniforme y fiable.\" \/>\n<meta property=\"og:url\" content=\"https:\/\/moitoarchery.com\/en\/product\/pluma-spin-round-jet6-1-75-50-u\/\" \/>\n<meta property=\"og:site_name\" content=\"MoitoArchery\" \/>\n<meta property=\"article:publisher\" content=\"https:\/\/www.facebook.com\/arqueriaOnline\/\" \/>\n<meta property=\"article:modified_time\" content=\"2026-04-16T09:55:16+00:00\" \/>\n<meta property=\"og:image\" content=\"https:\/\/moitoarchery.com\/wp-content\/uploads\/2026\/04\/Pluma-jet6-round-1.75.jpg\" \/>\n\t<meta property=\"og:image:width\" content=\"800\" \/>\n\t<meta property=\"og:image:height\" content=\"800\" \/>\n\t<meta property=\"og:image:type\" content=\"image\/jpeg\" \/>\n<meta name=\"twitter:card\" content=\"summary_large_image\" \/>\n<meta name=\"twitter:label1\" content=\"Est. reading time\" \/>\n\t<meta name=\"twitter:data1\" content=\"2 minutes\" \/>\n<script type=\"application\/ld+json\" class=\"yoast-schema-graph\">{\"@context\":\"https:\\\/\\\/schema.org\",\"@graph\":[{\"@type\":\"WebPage\",\"@id\":\"https:\\\/\\\/moitoarchery.com\\\/en\\\/product\\\/pluma-spin-round-jet6-1-75-50-u\\\/\",\"url\":\"https:\\\/\\\/moitoarchery.com\\\/en\\\/product\\\/pluma-spin-round-jet6-1-75-50-u\\\/\",\"name\":\"Pluma Spin Round Jet6 1.75\\\" (50 u) - MoitoArchery\",\"isPartOf\":{\"@id\":\"https:\\\/\\\/moitoarchery.com\\\/en\\\/#website\"},\"primaryImageOfPage\":{\"@id\":\"https:\\\/\\\/moitoarchery.com\\\/en\\\/product\\\/pluma-spin-round-jet6-1-75-50-u\\\/#primaryimage\"},\"image\":{\"@id\":\"https:\\\/\\\/moitoarchery.com\\\/en\\\/product\\\/pluma-spin-round-jet6-1-75-50-u\\\/#primaryimage\"},\"thumbnailUrl\":\"https:\\\/\\\/moitoarchery.com\\\/wp-content\\\/uploads\\\/2026\\\/04\\\/Pluma-jet6-round-1.75.jpg\",\"datePublished\":\"2026-04-14T07:57:59+00:00\",\"dateModified\":\"2026-04-16T09:55:16+00:00\",\"description\":\"La Jet6 Round S 1.75 pulgadas (pack de 50 unidades) es una pluma helicoidal compacta y ligera, dise\u00f1ada para arqueros que buscan m\u00e1xima velocidad, excelente estabilizaci\u00f3n inicial y una salida limpia de la flecha, especialmente en configuraciones de recurvo y compuesto con tubos finos o de di\u00e1metro medio. Su perfil Round S de 1,75 pulgadas proporciona un equilibrio ideal entre baja resistencia al aire y r\u00e1pida rotaci\u00f3n, favoreciendo trayectorias tensas y agrupaciones consistentes.Gracias a su dise\u00f1o Jet6 de seis canales aerodin\u00e1micos, esta spin vane mejora el flujo de aire alrededor del culat\u00edn, generando un giro estable desde los primeros metros de vuelo sin penalizar la velocidad. Su tama\u00f1o compacto la convierte en una opci\u00f3n excelente para distancias medias y largas, donde una menor fricci\u00f3n ayuda a conservar mejor la energ\u00eda de la flecha.El formato de 50 unidades es perfecto para arqueros que desean montar varios juegos de flechas de entrenamiento o competici\u00f3n con una configuraci\u00f3n uniforme y fiable.\",\"breadcrumb\":{\"@id\":\"https:\\\/\\\/moitoarchery.com\\\/en\\\/product\\\/pluma-spin-round-jet6-1-75-50-u\\\/#breadcrumb\"},\"inLanguage\":\"en-US\",\"potentialAction\":[{\"@type\":\"ReadAction\",\"target\":[\"https:\\\/\\\/moitoarchery.com\\\/en\\\/product\\\/pluma-spin-round-jet6-1-75-50-u\\\/\"]}]},{\"@type\":\"ImageObject\",\"inLanguage\":\"en-US\",\"@id\":\"https:\\\/\\\/moitoarchery.com\\\/en\\\/product\\\/pluma-spin-round-jet6-1-75-50-u\\\/#primaryimage\",\"url\":\"https:\\\/\\\/moitoarchery.com\\\/wp-content\\\/uploads\\\/2026\\\/04\\\/Pluma-jet6-round-1.75.jpg\",\"contentUrl\":\"https:\\\/\\\/moitoarchery.com\\\/wp-content\\\/uploads\\\/2026\\\/04\\\/Pluma-jet6-round-1.75.jpg\",\"width\":800,\"height\":800},{\"@type\":\"BreadcrumbList\",\"@id\":\"https:\\\/\\\/moitoarchery.com\\\/en\\\/product\\\/pluma-spin-round-jet6-1-75-50-u\\\/#breadcrumb\",\"itemListElement\":[{\"@type\":\"ListItem\",\"position\":1,\"name\":\"Portada\",\"item\":\"https:\\\/\\\/moitoarchery.com\\\/en\\\/\"},{\"@type\":\"ListItem\",\"position\":2,\"name\":\"Shop\",\"item\":\"https:\\\/\\\/moitoarchery.com\\\/en\\\/shop\\\/\"},{\"@type\":\"ListItem\",\"position\":3,\"name\":\"Pluma Spin Round Jet6 1.75&#8243; (50 u)\"}]},{\"@type\":\"WebSite\",\"@id\":\"https:\\\/\\\/moitoarchery.com\\\/en\\\/#website\",\"url\":\"https:\\\/\\\/moitoarchery.com\\\/en\\\/\",\"name\":\"MoitoArchery\",\"description\":\"Tienda de Tiro con arco\",\"publisher\":{\"@id\":\"https:\\\/\\\/moitoarchery.com\\\/en\\\/#organization\"},\"potentialAction\":[{\"@type\":\"SearchAction\",\"target\":{\"@type\":\"EntryPoint\",\"urlTemplate\":\"https:\\\/\\\/moitoarchery.com\\\/en\\\/?s={search_term_string}\"},\"query-input\":{\"@type\":\"PropertyValueSpecification\",\"valueRequired\":true,\"valueName\":\"search_term_string\"}}],\"inLanguage\":\"en-US\"},{\"@type\":\"Organization\",\"@id\":\"https:\\\/\\\/moitoarchery.com\\\/en\\\/#organization\",\"name\":\"MoitoArchery\",\"url\":\"https:\\\/\\\/moitoarchery.com\\\/en\\\/\",\"logo\":{\"@type\":\"ImageObject\",\"inLanguage\":\"en-US\",\"@id\":\"https:\\\/\\\/moitoarchery.com\\\/en\\\/#\\\/schema\\\/logo\\\/image\\\/\",\"url\":\"https:\\\/\\\/moitoarchery.com\\\/wp-content\\\/uploads\\\/2020\\\/09\\\/logotipo-moitoarchery.png\",\"contentUrl\":\"https:\\\/\\\/moitoarchery.com\\\/wp-content\\\/uploads\\\/2020\\\/09\\\/logotipo-moitoarchery.png\",\"width\":300,\"height\":66,\"caption\":\"MoitoArchery\"},\"image\":{\"@id\":\"https:\\\/\\\/moitoarchery.com\\\/en\\\/#\\\/schema\\\/logo\\\/image\\\/\"},\"sameAs\":[\"https:\\\/\\\/www.facebook.com\\\/arqueriaOnline\\\/\",\"https:\\\/\\\/www.instagram.com\\\/moitoarchery\\\/\",\"https:\\\/\\\/www.youtube.com\\\/channel\\\/UCvmj39gVUIKVoJJ6vQC9GPA\\\/\"]}]}<\/script>\n<!-- \/ Yoast SEO plugin. -->","yoast_head_json":{"title":"Pluma Spin Round Jet6 1.75\" (50 u) - MoitoArchery","description":"La Jet6 Round S 1.75 pulgadas (pack de 50 unidades) es una pluma helicoidal compacta y ligera, dise\u00f1ada para arqueros que buscan m\u00e1xima velocidad, excelente estabilizaci\u00f3n inicial y una salida limpia de la flecha, especialmente en configuraciones de recurvo y compuesto con tubos finos o de di\u00e1metro medio. Su perfil Round S de 1,75 pulgadas proporciona un equilibrio ideal entre baja resistencia al aire y r\u00e1pida rotaci\u00f3n, favoreciendo trayectorias tensas y agrupaciones consistentes.Gracias a su dise\u00f1o Jet6 de seis canales aerodin\u00e1micos, esta spin vane mejora el flujo de aire alrededor del culat\u00edn, generando un giro estable desde los primeros metros de vuelo sin penalizar la velocidad. Su tama\u00f1o compacto la convierte en una opci\u00f3n excelente para distancias medias y largas, donde una menor fricci\u00f3n ayuda a conservar mejor la energ\u00eda de la flecha.El formato de 50 unidades es perfecto para arqueros que desean montar varios juegos de flechas de entrenamiento o competici\u00f3n con una configuraci\u00f3n uniforme y fiable.","robots":{"index":"index","follow":"follow","max-snippet":"max-snippet:-1","max-image-preview":"max-image-preview:large","max-video-preview":"max-video-preview:-1"},"canonical":"https:\/\/moitoarchery.com\/en\/product\/pluma-spin-round-jet6-1-75-50-u\/","og_locale":"en_US","og_type":"article","og_title":"Pluma Spin Round Jet6 1.75\" (50 u) - MoitoArchery","og_description":"La Jet6 Round S 1.75 pulgadas (pack de 50 unidades) es una pluma helicoidal compacta y ligera, dise\u00f1ada para arqueros que buscan m\u00e1xima velocidad, excelente estabilizaci\u00f3n inicial y una salida limpia de la flecha, especialmente en configuraciones de recurvo y compuesto con tubos finos o de di\u00e1metro medio. Su perfil Round S de 1,75 pulgadas proporciona un equilibrio ideal entre baja resistencia al aire y r\u00e1pida rotaci\u00f3n, favoreciendo trayectorias tensas y agrupaciones consistentes.Gracias a su dise\u00f1o Jet6 de seis canales aerodin\u00e1micos, esta spin vane mejora el flujo de aire alrededor del culat\u00edn, generando un giro estable desde los primeros metros de vuelo sin penalizar la velocidad. Su tama\u00f1o compacto la convierte en una opci\u00f3n excelente para distancias medias y largas, donde una menor fricci\u00f3n ayuda a conservar mejor la energ\u00eda de la flecha.El formato de 50 unidades es perfecto para arqueros que desean montar varios juegos de flechas de entrenamiento o competici\u00f3n con una configuraci\u00f3n uniforme y fiable.","og_url":"https:\/\/moitoarchery.com\/en\/product\/pluma-spin-round-jet6-1-75-50-u\/","og_site_name":"MoitoArchery","article_publisher":"https:\/\/www.facebook.com\/arqueriaOnline\/","article_modified_time":"2026-04-16T09:55:16+00:00","og_image":[{"width":800,"height":800,"url":"https:\/\/moitoarchery.com\/wp-content\/uploads\/2026\/04\/Pluma-jet6-round-1.75.jpg","type":"image\/jpeg"}],"twitter_card":"summary_large_image","twitter_misc":{"Est. reading time":"2 minutes"},"schema":{"@context":"https:\/\/schema.org","@graph":[{"@type":"WebPage","@id":"https:\/\/moitoarchery.com\/en\/product\/pluma-spin-round-jet6-1-75-50-u\/","url":"https:\/\/moitoarchery.com\/en\/product\/pluma-spin-round-jet6-1-75-50-u\/","name":"Pluma Spin Round Jet6 1.75\" (50 u) - MoitoArchery","isPartOf":{"@id":"https:\/\/moitoarchery.com\/en\/#website"},"primaryImageOfPage":{"@id":"https:\/\/moitoarchery.com\/en\/product\/pluma-spin-round-jet6-1-75-50-u\/#primaryimage"},"image":{"@id":"https:\/\/moitoarchery.com\/en\/product\/pluma-spin-round-jet6-1-75-50-u\/#primaryimage"},"thumbnailUrl":"https:\/\/moitoarchery.com\/wp-content\/uploads\/2026\/04\/Pluma-jet6-round-1.75.jpg","datePublished":"2026-04-14T07:57:59+00:00","dateModified":"2026-04-16T09:55:16+00:00","description":"La Jet6 Round S 1.75 pulgadas (pack de 50 unidades) es una pluma helicoidal compacta y ligera, dise\u00f1ada para arqueros que buscan m\u00e1xima velocidad, excelente estabilizaci\u00f3n inicial y una salida limpia de la flecha, especialmente en configuraciones de recurvo y compuesto con tubos finos o de di\u00e1metro medio. Su perfil Round S de 1,75 pulgadas proporciona un equilibrio ideal entre baja resistencia al aire y r\u00e1pida rotaci\u00f3n, favoreciendo trayectorias tensas y agrupaciones consistentes.Gracias a su dise\u00f1o Jet6 de seis canales aerodin\u00e1micos, esta spin vane mejora el flujo de aire alrededor del culat\u00edn, generando un giro estable desde los primeros metros de vuelo sin penalizar la velocidad. Su tama\u00f1o compacto la convierte en una opci\u00f3n excelente para distancias medias y largas, donde una menor fricci\u00f3n ayuda a conservar mejor la energ\u00eda de la flecha.El formato de 50 unidades es perfecto para arqueros que desean montar varios juegos de flechas de entrenamiento o competici\u00f3n con una configuraci\u00f3n uniforme y fiable.","breadcrumb":{"@id":"https:\/\/moitoarchery.com\/en\/product\/pluma-spin-round-jet6-1-75-50-u\/#breadcrumb"},"inLanguage":"en-US","potentialAction":[{"@type":"ReadAction","target":["https:\/\/moitoarchery.com\/en\/product\/pluma-spin-round-jet6-1-75-50-u\/"]}]},{"@type":"ImageObject","inLanguage":"en-US","@id":"https:\/\/moitoarchery.com\/en\/product\/pluma-spin-round-jet6-1-75-50-u\/#primaryimage","url":"https:\/\/moitoarchery.com\/wp-content\/uploads\/2026\/04\/Pluma-jet6-round-1.75.jpg","contentUrl":"https:\/\/moitoarchery.com\/wp-content\/uploads\/2026\/04\/Pluma-jet6-round-1.75.jpg","width":800,"height":800},{"@type":"BreadcrumbList","@id":"https:\/\/moitoarchery.com\/en\/product\/pluma-spin-round-jet6-1-75-50-u\/#breadcrumb","itemListElement":[{"@type":"ListItem","position":1,"name":"Portada","item":"https:\/\/moitoarchery.com\/en\/"},{"@type":"ListItem","position":2,"name":"Shop","item":"https:\/\/moitoarchery.com\/en\/shop\/"},{"@type":"ListItem","position":3,"name":"Pluma Spin Round Jet6 1.75&#8243; (50 u)"}]},{"@type":"WebSite","@id":"https:\/\/moitoarchery.com\/en\/#website","url":"https:\/\/moitoarchery.com\/en\/","name":"MoitoArchery","description":"Tienda de Tiro con arco","publisher":{"@id":"https:\/\/moitoarchery.com\/en\/#organization"},"potentialAction":[{"@type":"SearchAction","target":{"@type":"EntryPoint","urlTemplate":"https:\/\/moitoarchery.com\/en\/?s={search_term_string}"},"query-input":{"@type":"PropertyValueSpecification","valueRequired":true,"valueName":"search_term_string"}}],"inLanguage":"en-US"},{"@type":"Organization","@id":"https:\/\/moitoarchery.com\/en\/#organization","name":"MoitoArchery","url":"https:\/\/moitoarchery.com\/en\/","logo":{"@type":"ImageObject","inLanguage":"en-US","@id":"https:\/\/moitoarchery.com\/en\/#\/schema\/logo\/image\/","url":"https:\/\/moitoarchery.com\/wp-content\/uploads\/2020\/09\/logotipo-moitoarchery.png","contentUrl":"https:\/\/moitoarchery.com\/wp-content\/uploads\/2020\/09\/logotipo-moitoarchery.png","width":300,"height":66,"caption":"MoitoArchery"},"image":{"@id":"https:\/\/moitoarchery.com\/en\/#\/schema\/logo\/image\/"},"sameAs":["https:\/\/www.facebook.com\/arqueriaOnline\/","https:\/\/www.instagram.com\/moitoarchery\/","https:\/\/www.youtube.com\/channel\/UCvmj39gVUIKVoJJ6vQC9GPA\/"]}]}},"_links":{"self":[{"href":"https:\/\/moitoarchery.com\/en\/wp-json\/wp\/v2\/product\/131396","targetHints":{"allow":["GET"]}}],"collection":[{"href":"https:\/\/moitoarchery.com\/en\/wp-json\/wp\/v2\/product"}],"about":[{"href":"https:\/\/moitoarchery.com\/en\/wp-json\/wp\/v2\/types\/product"}],"replies":[{"embeddable":true,"href":"https:\/\/moitoarchery.com\/en\/wp-json\/wp\/v2\/comments?post=131396"}],"version-history":[{"count":1,"href":"https:\/\/moitoarchery.com\/en\/wp-json\/wp\/v2\/product\/131396\/revisions"}],"predecessor-version":[{"id":131417,"href":"https:\/\/moitoarchery.com\/en\/wp-json\/wp\/v2\/product\/131396\/revisions\/131417"}],"wp:featuredmedia":[{"embeddable":true,"href":"https:\/\/moitoarchery.com\/en\/wp-json\/wp\/v2\/media\/131415"}],"wp:attachment":[{"href":"https:\/\/moitoarchery.com\/en\/wp-json\/wp\/v2\/media?parent=131396"}],"wp:term":[{"taxonomy":"product_brand","embeddable":true,"href":"https:\/\/moitoarchery.com\/en\/wp-json\/wp\/v2\/product_brand?post=131396"},{"taxonomy":"product_cat","embeddable":true,"href":"https:\/\/moitoarchery.com\/en\/wp-json\/wp\/v2\/product_cat?post=131396"},{"taxonomy":"product_tag","embeddable":true,"href":"https:\/\/moitoarchery.com\/en\/wp-json\/wp\/v2\/product_tag?post=131396"}],"curies":[{"name":"wp","href":"https:\/\/api.w.org\/{rel}","templated":true}]}}