{"id":131291,"date":"2026-04-13T12:29:04","date_gmt":"2026-04-13T10:29:04","guid":{"rendered":"https:\/\/moitoarchery.com\/?post_type=product&#038;p=131291"},"modified":"2026-04-16T11:55:14","modified_gmt":"2026-04-16T09:55:14","slug":"protector-de-brazo-jet-6","status":"publish","type":"product","link":"https:\/\/moitoarchery.com\/en\/product\/protector-de-brazo-jet-6\/","title":{"rendered":"Protector de brazo JET 6"},"content":{"rendered":"<p data-start=\"25\" data-end=\"267\">El <strong data-start=\"28\" data-end=\"53\">JET 6<\/strong> es un <strong data-start=\"60\" data-end=\"110\">protector de brazo ligero y de dise\u00f1o compacto<\/strong>, pensado para ofrecer una protecci\u00f3n eficiente del antebrazo durante la pr\u00e1ctica del tiro con arco sin comprometer la comodidad ni la movilidad del arquero.<\/p>\n<p data-start=\"269\" data-end=\"516\">Su estructura minimalista est\u00e1 dise\u00f1ada para reducir el contacto con la cuerda del arco, ayudando a evitar golpes o roces en el brazo y aportando mayor confianza en cada disparo. Es una opci\u00f3n ideal tanto para entrenamientos como para competici\u00f3n.<\/p>\n<p data-start=\"518\" data-end=\"716\">Fabricado con materiales resistentes y duraderos, el JET 6 combina <strong data-start=\"585\" data-end=\"625\">protecci\u00f3n, ligereza y ajuste c\u00f3modo<\/strong>, adapt\u00e1ndose f\u00e1cilmente al brazo del arquero y permitiendo una colocaci\u00f3n r\u00e1pida y segura.<\/p>\n<h4 data-start=\"718\" data-end=\"738\">Caracter\u00edsticas<\/h4>\n<ul data-start=\"739\" data-end=\"949\">\n<li data-section-id=\"1sspra\" data-start=\"739\" data-end=\"765\">Dise\u00f1o ligero y compacto<\/li>\n<li data-section-id=\"1sspra\" data-start=\"739\" data-end=\"765\">Colores: Negro, Azul, Verde, Naranja, Rosa, Morado, Rojo, Blanco, Amarillo.<\/li>\n<li data-section-id=\"113etfq\" data-start=\"766\" data-end=\"805\">Protector de antebrazo de perfil bajo<\/li>\n<li data-section-id=\"1751tmx\" data-start=\"806\" data-end=\"832\">Ajuste c\u00f3modo y sencillo<\/li>\n<li data-section-id=\"65c1n8\" data-start=\"833\" data-end=\"865\">Material resistente y duradero<\/li>\n<li data-section-id=\"1dobudm\" data-start=\"866\" data-end=\"908\">Uso recomendado para recurvo y compuesto<\/li>\n<li data-section-id=\"1efvn7f\" data-start=\"909\" data-end=\"949\">Ideal para entrenamiento y competici\u00f3n<\/li>\n<\/ul>\n<h4 data-start=\"951\" data-end=\"964\">Ventajas<\/h4>\n<ul data-start=\"965\" data-end=\"1156\">\n<li data-section-id=\"z1xxs1\" data-start=\"965\" data-end=\"1013\">Protecci\u00f3n eficaz contra impactos de la cuerda<\/li>\n<li data-section-id=\"ya2ed5\" data-start=\"1014\" data-end=\"1051\">No limita la libertad de movimiento<\/li>\n<li data-section-id=\"gdlax0\" data-start=\"1052\" data-end=\"1080\">F\u00e1cil de colocar y ajustar<\/li>\n<li data-section-id=\"12x9a7y\" data-start=\"1081\" data-end=\"1110\">Dise\u00f1o discreto y funcional<\/li>\n<li data-section-id=\"mwylli\" data-start=\"1111\" data-end=\"1156\">Adecuado para arqueros de todos los niveles<\/li>\n<\/ul>\n<p data-start=\"1158\" data-end=\"1307\" data-is-last-node=\"\" data-is-only-node=\"\">El <strong data-start=\"1161\" data-end=\"1179\">JET 6 Armguard<\/strong> es una excelente opci\u00f3n para quienes buscan un protector de brazo funcional, c\u00f3modo y fiable para su pr\u00e1ctica de tiro con arco.<\/p>\n","protected":false},"excerpt":{"rendered":"<p data-start=\"25\" data-end=\"267\">El <strong data-start=\"28\" data-end=\"53\">JET 6<\/strong> es un <strong data-start=\"60\" data-end=\"110\">protector de brazo ligero y de dise\u00f1o compacto<\/strong>, pensado para ofrecer una protecci\u00f3n eficiente del antebrazo durante la pr\u00e1ctica del tiro con arco sin comprometer la comodidad ni la movilidad del arquero.<\/p>\n<p data-start=\"269\" data-end=\"516\">Su estructura minimalista est\u00e1 dise\u00f1ada para reducir el contacto con la cuerda del arco, ayudando a evitar golpes o roces en el brazo y aportando mayor confianza en cada disparo. Es una opci\u00f3n ideal tanto para entrenamientos como para competici\u00f3n.<\/p>\n<p data-start=\"518\" data-end=\"716\">Fabricado con materiales resistentes y duraderos, el JET 6 combina <strong data-start=\"585\" data-end=\"625\">protecci\u00f3n, ligereza y ajuste c\u00f3modo<\/strong>, adapt\u00e1ndose f\u00e1cilmente al brazo del arquero y permitiendo una colocaci\u00f3n r\u00e1pida y segura.<\/p>\n<h4 data-start=\"718\" data-end=\"738\">Caracter\u00edsticas<\/h4>\n<ul data-start=\"739\" data-end=\"949\">\n<li data-section-id=\"1sspra\" data-start=\"739\" data-end=\"765\">Dise\u00f1o ligero y compacto<\/li>\n<li data-section-id=\"1sspra\" data-start=\"739\" data-end=\"765\">Colores: Negro, Azul, Verde, Naranja, Rosa, Morado, Rojo, Blanco, Amarillo.<\/li>\n<li data-section-id=\"113etfq\" data-start=\"766\" data-end=\"805\">Protector de antebrazo de perfil bajo<\/li>\n<li data-section-id=\"1751tmx\" data-start=\"806\" data-end=\"832\">Ajuste c\u00f3modo y sencillo<\/li>\n<li data-section-id=\"65c1n8\" data-start=\"833\" data-end=\"865\">Material resistente y duradero<\/li>\n<li data-section-id=\"1dobudm\" data-start=\"866\" data-end=\"908\">Uso recomendado para recurvo y compuesto<\/li>\n<li data-section-id=\"1efvn7f\" data-start=\"909\" data-end=\"949\">Ideal para entrenamiento y competici\u00f3n<\/li>\n<\/ul>\n","protected":false},"featured_media":131301,"comment_status":"open","ping_status":"closed","template":"","meta":{"_acf_changed":false},"product_brand":[4983],"product_cat":[104,1154,134],"product_tag":[],"class_list":{"0":"post-131291","1":"product","2":"type-product","3":"status-publish","4":"has-post-thumbnail","6":"product_brand-jet-6","7":"product_cat-accesorios","8":"product_cat-protector-de-tela","9":"product_cat-protector-de-brazo","11":"first","12":"onbackorder","13":"taxable","14":"shipping-taxable","15":"purchasable","16":"product-type-variable"},"acf":[],"yoast_head":"<!-- This site is optimized with the Yoast SEO plugin v27.3 - https:\/\/yoast.com\/product\/yoast-seo-wordpress\/ -->\n<title>Protector de brazo JET 6 - MoitoArchery<\/title>\n<meta name=\"description\" content=\"El JET 6 es un protector de brazo ligero y de dise\u00f1o compacto, pensado para ofrecer una protecci\u00f3n eficiente del antebrazo durante la pr\u00e1ctica del tiro con arco sin comprometer la comodidad ni la movilidad del arquero.Su estructura minimalista est\u00e1 dise\u00f1ada para reducir el contacto con la cuerda del arco, ayudando a evitar golpes o roces en el brazo y aportando mayor confianza en cada disparo. Es una opci\u00f3n ideal tanto para entrenamientos como para competici\u00f3n.Fabricado con materiales resistentes y duraderos, el JET 6 combina protecci\u00f3n, ligereza y ajuste c\u00f3modo, adapt\u00e1ndose f\u00e1cilmente al brazo del arquero y permitiendo una colocaci\u00f3n r\u00e1pida y segura.\" \/>\n<meta name=\"robots\" content=\"index, follow, max-snippet:-1, max-image-preview:large, max-video-preview:-1\" \/>\n<link rel=\"canonical\" href=\"https:\/\/moitoarchery.com\/en\/product\/protector-de-brazo-jet-6\/\" \/>\n<meta property=\"og:locale\" content=\"en_US\" \/>\n<meta property=\"og:type\" content=\"article\" \/>\n<meta property=\"og:title\" content=\"Protector de brazo JET 6 - MoitoArchery\" \/>\n<meta property=\"og:description\" content=\"El JET 6 es un protector de brazo ligero y de dise\u00f1o compacto, pensado para ofrecer una protecci\u00f3n eficiente del antebrazo durante la pr\u00e1ctica del tiro con arco sin comprometer la comodidad ni la movilidad del arquero.Su estructura minimalista est\u00e1 dise\u00f1ada para reducir el contacto con la cuerda del arco, ayudando a evitar golpes o roces en el brazo y aportando mayor confianza en cada disparo. Es una opci\u00f3n ideal tanto para entrenamientos como para competici\u00f3n.Fabricado con materiales resistentes y duraderos, el JET 6 combina protecci\u00f3n, ligereza y ajuste c\u00f3modo, adapt\u00e1ndose f\u00e1cilmente al brazo del arquero y permitiendo una colocaci\u00f3n r\u00e1pida y segura.\" \/>\n<meta property=\"og:url\" content=\"https:\/\/moitoarchery.com\/en\/product\/protector-de-brazo-jet-6\/\" \/>\n<meta property=\"og:site_name\" content=\"MoitoArchery\" \/>\n<meta property=\"article:publisher\" content=\"https:\/\/www.facebook.com\/arqueriaOnline\/\" \/>\n<meta property=\"article:modified_time\" content=\"2026-04-16T09:55:14+00:00\" \/>\n<meta property=\"og:image\" content=\"https:\/\/moitoarchery.com\/wp-content\/uploads\/2026\/04\/Protector-de-brazo-Jet-6.jpg\" \/>\n\t<meta property=\"og:image:width\" content=\"800\" \/>\n\t<meta property=\"og:image:height\" content=\"800\" \/>\n\t<meta property=\"og:image:type\" content=\"image\/jpeg\" \/>\n<meta name=\"twitter:card\" content=\"summary_large_image\" \/>\n<meta name=\"twitter:label1\" content=\"Est. reading time\" \/>\n\t<meta name=\"twitter:data1\" content=\"2 minutes\" \/>\n<script type=\"application\/ld+json\" class=\"yoast-schema-graph\">{\"@context\":\"https:\\\/\\\/schema.org\",\"@graph\":[{\"@type\":\"WebPage\",\"@id\":\"https:\\\/\\\/moitoarchery.com\\\/en\\\/product\\\/protector-de-brazo-jet-6\\\/\",\"url\":\"https:\\\/\\\/moitoarchery.com\\\/en\\\/product\\\/protector-de-brazo-jet-6\\\/\",\"name\":\"Protector de brazo JET 6 - MoitoArchery\",\"isPartOf\":{\"@id\":\"https:\\\/\\\/moitoarchery.com\\\/en\\\/#website\"},\"primaryImageOfPage\":{\"@id\":\"https:\\\/\\\/moitoarchery.com\\\/en\\\/product\\\/protector-de-brazo-jet-6\\\/#primaryimage\"},\"image\":{\"@id\":\"https:\\\/\\\/moitoarchery.com\\\/en\\\/product\\\/protector-de-brazo-jet-6\\\/#primaryimage\"},\"thumbnailUrl\":\"https:\\\/\\\/moitoarchery.com\\\/wp-content\\\/uploads\\\/2026\\\/04\\\/Protector-de-brazo-Jet-6.jpg\",\"datePublished\":\"2026-04-13T10:29:04+00:00\",\"dateModified\":\"2026-04-16T09:55:14+00:00\",\"description\":\"El JET 6 es un protector de brazo ligero y de dise\u00f1o compacto, pensado para ofrecer una protecci\u00f3n eficiente del antebrazo durante la pr\u00e1ctica del tiro con arco sin comprometer la comodidad ni la movilidad del arquero.Su estructura minimalista est\u00e1 dise\u00f1ada para reducir el contacto con la cuerda del arco, ayudando a evitar golpes o roces en el brazo y aportando mayor confianza en cada disparo. Es una opci\u00f3n ideal tanto para entrenamientos como para competici\u00f3n.Fabricado con materiales resistentes y duraderos, el JET 6 combina protecci\u00f3n, ligereza y ajuste c\u00f3modo, adapt\u00e1ndose f\u00e1cilmente al brazo del arquero y permitiendo una colocaci\u00f3n r\u00e1pida y segura.\",\"breadcrumb\":{\"@id\":\"https:\\\/\\\/moitoarchery.com\\\/en\\\/product\\\/protector-de-brazo-jet-6\\\/#breadcrumb\"},\"inLanguage\":\"en-US\",\"potentialAction\":[{\"@type\":\"ReadAction\",\"target\":[\"https:\\\/\\\/moitoarchery.com\\\/en\\\/product\\\/protector-de-brazo-jet-6\\\/\"]}]},{\"@type\":\"ImageObject\",\"inLanguage\":\"en-US\",\"@id\":\"https:\\\/\\\/moitoarchery.com\\\/en\\\/product\\\/protector-de-brazo-jet-6\\\/#primaryimage\",\"url\":\"https:\\\/\\\/moitoarchery.com\\\/wp-content\\\/uploads\\\/2026\\\/04\\\/Protector-de-brazo-Jet-6.jpg\",\"contentUrl\":\"https:\\\/\\\/moitoarchery.com\\\/wp-content\\\/uploads\\\/2026\\\/04\\\/Protector-de-brazo-Jet-6.jpg\",\"width\":800,\"height\":800,\"caption\":\"Protector de brazo JET 6\"},{\"@type\":\"BreadcrumbList\",\"@id\":\"https:\\\/\\\/moitoarchery.com\\\/en\\\/product\\\/protector-de-brazo-jet-6\\\/#breadcrumb\",\"itemListElement\":[{\"@type\":\"ListItem\",\"position\":1,\"name\":\"Portada\",\"item\":\"https:\\\/\\\/moitoarchery.com\\\/en\\\/\"},{\"@type\":\"ListItem\",\"position\":2,\"name\":\"Shop\",\"item\":\"https:\\\/\\\/moitoarchery.com\\\/en\\\/shop\\\/\"},{\"@type\":\"ListItem\",\"position\":3,\"name\":\"Protector de brazo JET 6\"}]},{\"@type\":\"WebSite\",\"@id\":\"https:\\\/\\\/moitoarchery.com\\\/en\\\/#website\",\"url\":\"https:\\\/\\\/moitoarchery.com\\\/en\\\/\",\"name\":\"MoitoArchery\",\"description\":\"Tienda de Tiro con arco\",\"publisher\":{\"@id\":\"https:\\\/\\\/moitoarchery.com\\\/en\\\/#organization\"},\"potentialAction\":[{\"@type\":\"SearchAction\",\"target\":{\"@type\":\"EntryPoint\",\"urlTemplate\":\"https:\\\/\\\/moitoarchery.com\\\/en\\\/?s={search_term_string}\"},\"query-input\":{\"@type\":\"PropertyValueSpecification\",\"valueRequired\":true,\"valueName\":\"search_term_string\"}}],\"inLanguage\":\"en-US\"},{\"@type\":\"Organization\",\"@id\":\"https:\\\/\\\/moitoarchery.com\\\/en\\\/#organization\",\"name\":\"MoitoArchery\",\"url\":\"https:\\\/\\\/moitoarchery.com\\\/en\\\/\",\"logo\":{\"@type\":\"ImageObject\",\"inLanguage\":\"en-US\",\"@id\":\"https:\\\/\\\/moitoarchery.com\\\/en\\\/#\\\/schema\\\/logo\\\/image\\\/\",\"url\":\"https:\\\/\\\/moitoarchery.com\\\/wp-content\\\/uploads\\\/2020\\\/09\\\/logotipo-moitoarchery.png\",\"contentUrl\":\"https:\\\/\\\/moitoarchery.com\\\/wp-content\\\/uploads\\\/2020\\\/09\\\/logotipo-moitoarchery.png\",\"width\":300,\"height\":66,\"caption\":\"MoitoArchery\"},\"image\":{\"@id\":\"https:\\\/\\\/moitoarchery.com\\\/en\\\/#\\\/schema\\\/logo\\\/image\\\/\"},\"sameAs\":[\"https:\\\/\\\/www.facebook.com\\\/arqueriaOnline\\\/\",\"https:\\\/\\\/www.instagram.com\\\/moitoarchery\\\/\",\"https:\\\/\\\/www.youtube.com\\\/channel\\\/UCvmj39gVUIKVoJJ6vQC9GPA\\\/\"]}]}<\/script>\n<!-- \/ Yoast SEO plugin. -->","yoast_head_json":{"title":"Protector de brazo JET 6 - MoitoArchery","description":"El JET 6 es un protector de brazo ligero y de dise\u00f1o compacto, pensado para ofrecer una protecci\u00f3n eficiente del antebrazo durante la pr\u00e1ctica del tiro con arco sin comprometer la comodidad ni la movilidad del arquero.Su estructura minimalista est\u00e1 dise\u00f1ada para reducir el contacto con la cuerda del arco, ayudando a evitar golpes o roces en el brazo y aportando mayor confianza en cada disparo. Es una opci\u00f3n ideal tanto para entrenamientos como para competici\u00f3n.Fabricado con materiales resistentes y duraderos, el JET 6 combina protecci\u00f3n, ligereza y ajuste c\u00f3modo, adapt\u00e1ndose f\u00e1cilmente al brazo del arquero y permitiendo una colocaci\u00f3n r\u00e1pida y segura.","robots":{"index":"index","follow":"follow","max-snippet":"max-snippet:-1","max-image-preview":"max-image-preview:large","max-video-preview":"max-video-preview:-1"},"canonical":"https:\/\/moitoarchery.com\/en\/product\/protector-de-brazo-jet-6\/","og_locale":"en_US","og_type":"article","og_title":"Protector de brazo JET 6 - MoitoArchery","og_description":"El JET 6 es un protector de brazo ligero y de dise\u00f1o compacto, pensado para ofrecer una protecci\u00f3n eficiente del antebrazo durante la pr\u00e1ctica del tiro con arco sin comprometer la comodidad ni la movilidad del arquero.Su estructura minimalista est\u00e1 dise\u00f1ada para reducir el contacto con la cuerda del arco, ayudando a evitar golpes o roces en el brazo y aportando mayor confianza en cada disparo. Es una opci\u00f3n ideal tanto para entrenamientos como para competici\u00f3n.Fabricado con materiales resistentes y duraderos, el JET 6 combina protecci\u00f3n, ligereza y ajuste c\u00f3modo, adapt\u00e1ndose f\u00e1cilmente al brazo del arquero y permitiendo una colocaci\u00f3n r\u00e1pida y segura.","og_url":"https:\/\/moitoarchery.com\/en\/product\/protector-de-brazo-jet-6\/","og_site_name":"MoitoArchery","article_publisher":"https:\/\/www.facebook.com\/arqueriaOnline\/","article_modified_time":"2026-04-16T09:55:14+00:00","og_image":[{"width":800,"height":800,"url":"https:\/\/moitoarchery.com\/wp-content\/uploads\/2026\/04\/Protector-de-brazo-Jet-6.jpg","type":"image\/jpeg"}],"twitter_card":"summary_large_image","twitter_misc":{"Est. reading time":"2 minutes"},"schema":{"@context":"https:\/\/schema.org","@graph":[{"@type":"WebPage","@id":"https:\/\/moitoarchery.com\/en\/product\/protector-de-brazo-jet-6\/","url":"https:\/\/moitoarchery.com\/en\/product\/protector-de-brazo-jet-6\/","name":"Protector de brazo JET 6 - MoitoArchery","isPartOf":{"@id":"https:\/\/moitoarchery.com\/en\/#website"},"primaryImageOfPage":{"@id":"https:\/\/moitoarchery.com\/en\/product\/protector-de-brazo-jet-6\/#primaryimage"},"image":{"@id":"https:\/\/moitoarchery.com\/en\/product\/protector-de-brazo-jet-6\/#primaryimage"},"thumbnailUrl":"https:\/\/moitoarchery.com\/wp-content\/uploads\/2026\/04\/Protector-de-brazo-Jet-6.jpg","datePublished":"2026-04-13T10:29:04+00:00","dateModified":"2026-04-16T09:55:14+00:00","description":"El JET 6 es un protector de brazo ligero y de dise\u00f1o compacto, pensado para ofrecer una protecci\u00f3n eficiente del antebrazo durante la pr\u00e1ctica del tiro con arco sin comprometer la comodidad ni la movilidad del arquero.Su estructura minimalista est\u00e1 dise\u00f1ada para reducir el contacto con la cuerda del arco, ayudando a evitar golpes o roces en el brazo y aportando mayor confianza en cada disparo. Es una opci\u00f3n ideal tanto para entrenamientos como para competici\u00f3n.Fabricado con materiales resistentes y duraderos, el JET 6 combina protecci\u00f3n, ligereza y ajuste c\u00f3modo, adapt\u00e1ndose f\u00e1cilmente al brazo del arquero y permitiendo una colocaci\u00f3n r\u00e1pida y segura.","breadcrumb":{"@id":"https:\/\/moitoarchery.com\/en\/product\/protector-de-brazo-jet-6\/#breadcrumb"},"inLanguage":"en-US","potentialAction":[{"@type":"ReadAction","target":["https:\/\/moitoarchery.com\/en\/product\/protector-de-brazo-jet-6\/"]}]},{"@type":"ImageObject","inLanguage":"en-US","@id":"https:\/\/moitoarchery.com\/en\/product\/protector-de-brazo-jet-6\/#primaryimage","url":"https:\/\/moitoarchery.com\/wp-content\/uploads\/2026\/04\/Protector-de-brazo-Jet-6.jpg","contentUrl":"https:\/\/moitoarchery.com\/wp-content\/uploads\/2026\/04\/Protector-de-brazo-Jet-6.jpg","width":800,"height":800,"caption":"Protector de brazo JET 6"},{"@type":"BreadcrumbList","@id":"https:\/\/moitoarchery.com\/en\/product\/protector-de-brazo-jet-6\/#breadcrumb","itemListElement":[{"@type":"ListItem","position":1,"name":"Portada","item":"https:\/\/moitoarchery.com\/en\/"},{"@type":"ListItem","position":2,"name":"Shop","item":"https:\/\/moitoarchery.com\/en\/shop\/"},{"@type":"ListItem","position":3,"name":"Protector de brazo JET 6"}]},{"@type":"WebSite","@id":"https:\/\/moitoarchery.com\/en\/#website","url":"https:\/\/moitoarchery.com\/en\/","name":"MoitoArchery","description":"Tienda de Tiro con arco","publisher":{"@id":"https:\/\/moitoarchery.com\/en\/#organization"},"potentialAction":[{"@type":"SearchAction","target":{"@type":"EntryPoint","urlTemplate":"https:\/\/moitoarchery.com\/en\/?s={search_term_string}"},"query-input":{"@type":"PropertyValueSpecification","valueRequired":true,"valueName":"search_term_string"}}],"inLanguage":"en-US"},{"@type":"Organization","@id":"https:\/\/moitoarchery.com\/en\/#organization","name":"MoitoArchery","url":"https:\/\/moitoarchery.com\/en\/","logo":{"@type":"ImageObject","inLanguage":"en-US","@id":"https:\/\/moitoarchery.com\/en\/#\/schema\/logo\/image\/","url":"https:\/\/moitoarchery.com\/wp-content\/uploads\/2020\/09\/logotipo-moitoarchery.png","contentUrl":"https:\/\/moitoarchery.com\/wp-content\/uploads\/2020\/09\/logotipo-moitoarchery.png","width":300,"height":66,"caption":"MoitoArchery"},"image":{"@id":"https:\/\/moitoarchery.com\/en\/#\/schema\/logo\/image\/"},"sameAs":["https:\/\/www.facebook.com\/arqueriaOnline\/","https:\/\/www.instagram.com\/moitoarchery\/","https:\/\/www.youtube.com\/channel\/UCvmj39gVUIKVoJJ6vQC9GPA\/"]}]}},"_links":{"self":[{"href":"https:\/\/moitoarchery.com\/en\/wp-json\/wp\/v2\/product\/131291","targetHints":{"allow":["GET"]}}],"collection":[{"href":"https:\/\/moitoarchery.com\/en\/wp-json\/wp\/v2\/product"}],"about":[{"href":"https:\/\/moitoarchery.com\/en\/wp-json\/wp\/v2\/types\/product"}],"replies":[{"embeddable":true,"href":"https:\/\/moitoarchery.com\/en\/wp-json\/wp\/v2\/comments?post=131291"}],"version-history":[{"count":1,"href":"https:\/\/moitoarchery.com\/en\/wp-json\/wp\/v2\/product\/131291\/revisions"}],"predecessor-version":[{"id":131303,"href":"https:\/\/moitoarchery.com\/en\/wp-json\/wp\/v2\/product\/131291\/revisions\/131303"}],"wp:featuredmedia":[{"embeddable":true,"href":"https:\/\/moitoarchery.com\/en\/wp-json\/wp\/v2\/media\/131301"}],"wp:attachment":[{"href":"https:\/\/moitoarchery.com\/en\/wp-json\/wp\/v2\/media?parent=131291"}],"wp:term":[{"taxonomy":"product_brand","embeddable":true,"href":"https:\/\/moitoarchery.com\/en\/wp-json\/wp\/v2\/product_brand?post=131291"},{"taxonomy":"product_cat","embeddable":true,"href":"https:\/\/moitoarchery.com\/en\/wp-json\/wp\/v2\/product_cat?post=131291"},{"taxonomy":"product_tag","embeddable":true,"href":"https:\/\/moitoarchery.com\/en\/wp-json\/wp\/v2\/product_tag?post=131291"}],"curies":[{"name":"wp","href":"https:\/\/api.w.org\/{rel}","templated":true}]}}