{"id":130993,"date":"2026-04-09T14:03:49","date_gmt":"2026-04-09T12:03:49","guid":{"rendered":"https:\/\/moitoarchery.com\/?post_type=product&#038;p=130993"},"modified":"2026-04-09T14:03:49","modified_gmt":"2026-04-09T12:03:49","slug":"kit-economico-arco-de-poleas-topoint-starting-31-19-60lbs-19-30-rh","status":"publish","type":"product","link":"https:\/\/moitoarchery.com\/en\/product\/kit-economico-arco-de-poleas-topoint-starting-31-19-60lbs-19-30-rh\/","title":{"rendered":"Kit econ\u00f3mico Arco de Poleas ToPoint Starting 31 19-60LBS 19-30\u201d RH"},"content":{"rendered":"<p>Para los arqueros que buscan una soluci\u00f3n integral, el Kit Arco de Poleas ToPoint Starting 31 ofrece todo lo necesario para empezar de inmediato. Perfecto tanto para principiantes como para arqueros experimentados, este kit incluye todos los accesorios esenciales para mejorar su rendimiento y comodidad.<\/p>\n<p><strong>El Kit incluye:<\/strong><\/p>\n<ul>\n<li><strong>Visor TP 1550 de 5 pines<\/strong>: Proporciona una punter\u00eda precisa para disparos precisos en todo momento.<\/li>\n<li><strong>Reposaflechas de galleta TP812<\/strong>: Garantiza una liberaci\u00f3n suave de la flecha y aumenta la precisi\u00f3n, crucial para un disparo consistente.<\/li>\n<li><strong>Caraj TP795<\/strong>: Facilita el transporte del arco y las flechas, proporcionando comodidad durante largas sesiones de tiro.<\/li>\n<li><strong>Peep instalado (3\/16) y D-loop colocado<\/strong>: Ahorra tiempo con este kit listo para usar, garantizando consistencia en la apertura y la liberaci\u00f3n.<\/li>\n<li><strong>Completo con un soporte para arco (TP110), llaves Allen y 6 flechas de carbono: <\/strong>Este completo kit de tiro con arco te proporciona todo lo necesario tanto para la pr\u00e1ctica como para la competici\u00f3n.<\/li>\n<li><strong>No incluye env\u00edo ni puesta a punto.<\/strong><\/li>\n<\/ul>\n<p><strong>Caracter\u00edsticas del arco:<\/strong><\/p>\n<ul>\n<li>De eje a eje: 31\u201d<\/li>\n<li>Fistmel: 7\u201d<\/li>\n<li>Peso: 3.85 LBS<\/li>\n<li>Apertura: 19-30\u201d<\/li>\n<li>Potencia: 19-60 LBS<\/li>\n<li>Velocidad IBO: 320 FPS<\/li>\n<li>Let-off: 75%<\/li>\n<\/ul>\n<h2>Encargos para pedidos al distribuidor:<\/h2>\n<p><b>Pedido por encargo:<\/b>\u00a0Para elegir colores u otras caracter\u00edsticas, si las hubiese, puede contactar con nosotros para revisar el stock disponible de nuestro distribuidor o cualquier duda de asesor\u00eda antes de realizar su pedido por encargo. Los precios pueden variar de un color a otro.<\/p>\n<p><b>Tiempo de entrega:<\/b>\u00a0El tiempo m\u00ednimo de entrega es 10-14 d\u00edas aproximadamente pero en algunos casos puede ser superior debido a posibles retrasos, falta de stock u otros motivos.<\/p>\n<p><b>Servicio de taller:<\/b>\u00a0Disponemos de servicio de montaje y ajuste en taller para todos los arcos de poleas. Puede consultar los diversos servicios en nuestra\u00a0<a href=\"https:\/\/moitoarchery.com\/servicio-de-taller-de-arqueria\/\">p\u00e1gina de taller<\/a>.<\/p>\n","protected":false},"excerpt":{"rendered":"<p>Para los arqueros que buscan una soluci\u00f3n integral, el Kit Arco de Poleas ToPoint Starting 31 ofrece todo lo necesario para empezar de inmediato. Perfecto tanto para principiantes como para arqueros experimentados, este kit incluye todos los accesorios esenciales para mejorar su rendimiento y comodidad.<\/p>\n<p><strong>El Kit incluye:<\/strong><\/p>\n<ul>\n<li><strong>Visor TP 1550 de 5 pines<\/strong>: Proporciona una punter\u00eda precisa para disparos precisos en todo momento.<\/li>\n<li><strong>Reposaflechas de galleta TP812<\/strong>: Garantiza una liberaci\u00f3n suave de la flecha y aumenta la precisi\u00f3n, crucial para un disparo consistente.<\/li>\n<li><strong>Caraj TP795<\/strong>: Facilita el transporte del arco y las flechas, proporcionando comodidad durante largas sesiones de tiro.<\/li>\n<li><strong>Peep instalado (3\/16) y D-loop colocado<\/strong>: Ahorra tiempo con este kit listo para usar, garantizando consistencia en la apertura y la liberaci\u00f3n.<\/li>\n<li><strong>Completo con un soporte para arco (TP110), llaves Allen y 6 flechas de carbono: <\/strong>Este completo kit de tiro con arco te proporciona todo lo necesario tanto para la pr\u00e1ctica como para la competici\u00f3n.<\/li>\n<li><strong>No incluye env\u00edo ni puesta a punto.<\/strong><\/li>\n<\/ul>\n","protected":false},"featured_media":72547,"comment_status":"open","ping_status":"closed","template":"","meta":{"_acf_changed":false},"product_brand":[4032],"product_cat":[466,114],"product_tag":[],"class_list":{"0":"post-130993","1":"product","2":"type-product","3":"status-publish","4":"has-post-thumbnail","6":"product_brand-topoint","7":"product_cat-kits-de-poleas","8":"product_cat-kit-arco-completo","9":"product_shipping_class-envio-pe-2090e-ba-3890e","11":"first","12":"instock","13":"taxable","14":"shipping-taxable","15":"purchasable","16":"product-type-easy_product_bundle"},"acf":[],"yoast_head":"<!-- This site is optimized with the Yoast SEO plugin v27.3 - https:\/\/yoast.com\/product\/yoast-seo-wordpress\/ -->\n<title>Kit econ\u00f3mico Arco de Poleas ToPoint Starting 31 19-60LBS 19-30\u201d RH - MoitoArchery<\/title>\n<meta name=\"description\" content=\"Para los arqueros que buscan una soluci\u00f3n integral, el Kit Arco de Poleas ToPoint Starting 31 ofrece todo lo necesario para empezar de inmediato. Perfecto tanto para principiantes como para arqueros experimentados, este kit incluye todos los accesorios esenciales para mejorar su rendimiento y comodidad.El Kit incluye:Visor TP 1550 de 5 pines: Proporciona una punter\u00eda precisa para disparos precisos en todo momento.Reposaflechas de galleta TP812: Garantiza una liberaci\u00f3n suave de la flecha y aumenta la precisi\u00f3n, crucial para un disparo consistente.Caraj TP795: Facilita el transporte del arco y las flechas, proporcionando comodidad durante largas sesiones de tiro.Peep instalado (3\/16) y D-loop colocado: Ahorra tiempo con este kit listo para usar, garantizando consistencia en la apertura y la liberaci\u00f3n.Completo con un soporte para arco (TP110), llaves Allen y 6 flechas de carbono: Este completo kit de tiro con arco te proporciona todo lo necesario tanto para la pr\u00e1ctica como para la competici\u00f3n.No incluye env\u00edo ni puesta a punto.\" \/>\n<meta name=\"robots\" content=\"index, follow, max-snippet:-1, max-image-preview:large, max-video-preview:-1\" \/>\n<link rel=\"canonical\" href=\"https:\/\/moitoarchery.com\/en\/product\/kit-economico-arco-de-poleas-topoint-starting-31-19-60lbs-19-30-rh\/\" \/>\n<meta property=\"og:locale\" content=\"en_US\" \/>\n<meta property=\"og:type\" content=\"article\" \/>\n<meta property=\"og:title\" content=\"Kit econ\u00f3mico Arco de Poleas ToPoint Starting 31 19-60LBS 19-30\u201d RH - MoitoArchery\" \/>\n<meta property=\"og:description\" content=\"Para los arqueros que buscan una soluci\u00f3n integral, el Kit Arco de Poleas ToPoint Starting 31 ofrece todo lo necesario para empezar de inmediato. Perfecto tanto para principiantes como para arqueros experimentados, este kit incluye todos los accesorios esenciales para mejorar su rendimiento y comodidad.El Kit incluye:Visor TP 1550 de 5 pines: Proporciona una punter\u00eda precisa para disparos precisos en todo momento.Reposaflechas de galleta TP812: Garantiza una liberaci\u00f3n suave de la flecha y aumenta la precisi\u00f3n, crucial para un disparo consistente.Caraj TP795: Facilita el transporte del arco y las flechas, proporcionando comodidad durante largas sesiones de tiro.Peep instalado (3\/16) y D-loop colocado: Ahorra tiempo con este kit listo para usar, garantizando consistencia en la apertura y la liberaci\u00f3n.Completo con un soporte para arco (TP110), llaves Allen y 6 flechas de carbono: Este completo kit de tiro con arco te proporciona todo lo necesario tanto para la pr\u00e1ctica como para la competici\u00f3n.No incluye env\u00edo ni puesta a punto.\" \/>\n<meta property=\"og:url\" content=\"https:\/\/moitoarchery.com\/en\/product\/kit-economico-arco-de-poleas-topoint-starting-31-19-60lbs-19-30-rh\/\" \/>\n<meta property=\"og:site_name\" content=\"MoitoArchery\" \/>\n<meta property=\"article:publisher\" content=\"https:\/\/www.facebook.com\/arqueriaOnline\/\" \/>\n<meta property=\"og:image\" content=\"https:\/\/moitoarchery.com\/wp-content\/uploads\/2024\/09\/pack-arco-de-poleas-starting-31-6-flechas.jpg\" \/>\n\t<meta property=\"og:image:width\" content=\"800\" \/>\n\t<meta property=\"og:image:height\" content=\"800\" \/>\n\t<meta property=\"og:image:type\" content=\"image\/jpeg\" \/>\n<meta name=\"twitter:card\" content=\"summary_large_image\" \/>\n<meta name=\"twitter:label1\" content=\"Est. reading time\" \/>\n\t<meta name=\"twitter:data1\" content=\"2 minutes\" \/>\n<script type=\"application\/ld+json\" class=\"yoast-schema-graph\">{\"@context\":\"https:\\\/\\\/schema.org\",\"@graph\":[{\"@type\":\"WebPage\",\"@id\":\"https:\\\/\\\/moitoarchery.com\\\/en\\\/product\\\/kit-economico-arco-de-poleas-topoint-starting-31-19-60lbs-19-30-rh\\\/\",\"url\":\"https:\\\/\\\/moitoarchery.com\\\/en\\\/product\\\/kit-economico-arco-de-poleas-topoint-starting-31-19-60lbs-19-30-rh\\\/\",\"name\":\"Kit econ\u00f3mico Arco de Poleas ToPoint Starting 31 19-60LBS 19-30\u201d RH - MoitoArchery\",\"isPartOf\":{\"@id\":\"https:\\\/\\\/moitoarchery.com\\\/en\\\/#website\"},\"primaryImageOfPage\":{\"@id\":\"https:\\\/\\\/moitoarchery.com\\\/en\\\/product\\\/kit-economico-arco-de-poleas-topoint-starting-31-19-60lbs-19-30-rh\\\/#primaryimage\"},\"image\":{\"@id\":\"https:\\\/\\\/moitoarchery.com\\\/en\\\/product\\\/kit-economico-arco-de-poleas-topoint-starting-31-19-60lbs-19-30-rh\\\/#primaryimage\"},\"thumbnailUrl\":\"https:\\\/\\\/moitoarchery.com\\\/wp-content\\\/uploads\\\/2024\\\/09\\\/pack-arco-de-poleas-starting-31-6-flechas.jpg\",\"datePublished\":\"2026-04-09T12:03:49+00:00\",\"description\":\"Para los arqueros que buscan una soluci\u00f3n integral, el Kit Arco de Poleas ToPoint Starting 31 ofrece todo lo necesario para empezar de inmediato. Perfecto tanto para principiantes como para arqueros experimentados, este kit incluye todos los accesorios esenciales para mejorar su rendimiento y comodidad.El Kit incluye:Visor TP 1550 de 5 pines: Proporciona una punter\u00eda precisa para disparos precisos en todo momento.Reposaflechas de galleta TP812: Garantiza una liberaci\u00f3n suave de la flecha y aumenta la precisi\u00f3n, crucial para un disparo consistente.Caraj TP795: Facilita el transporte del arco y las flechas, proporcionando comodidad durante largas sesiones de tiro.Peep instalado (3\\\/16) y D-loop colocado: Ahorra tiempo con este kit listo para usar, garantizando consistencia en la apertura y la liberaci\u00f3n.Completo con un soporte para arco (TP110), llaves Allen y 6 flechas de carbono: Este completo kit de tiro con arco te proporciona todo lo necesario tanto para la pr\u00e1ctica como para la competici\u00f3n.No incluye env\u00edo ni puesta a punto.\",\"breadcrumb\":{\"@id\":\"https:\\\/\\\/moitoarchery.com\\\/en\\\/product\\\/kit-economico-arco-de-poleas-topoint-starting-31-19-60lbs-19-30-rh\\\/#breadcrumb\"},\"inLanguage\":\"en-US\",\"potentialAction\":[{\"@type\":\"ReadAction\",\"target\":[\"https:\\\/\\\/moitoarchery.com\\\/en\\\/product\\\/kit-economico-arco-de-poleas-topoint-starting-31-19-60lbs-19-30-rh\\\/\"]}]},{\"@type\":\"ImageObject\",\"inLanguage\":\"en-US\",\"@id\":\"https:\\\/\\\/moitoarchery.com\\\/en\\\/product\\\/kit-economico-arco-de-poleas-topoint-starting-31-19-60lbs-19-30-rh\\\/#primaryimage\",\"url\":\"https:\\\/\\\/moitoarchery.com\\\/wp-content\\\/uploads\\\/2024\\\/09\\\/pack-arco-de-poleas-starting-31-6-flechas.jpg\",\"contentUrl\":\"https:\\\/\\\/moitoarchery.com\\\/wp-content\\\/uploads\\\/2024\\\/09\\\/pack-arco-de-poleas-starting-31-6-flechas.jpg\",\"width\":800,\"height\":800},{\"@type\":\"BreadcrumbList\",\"@id\":\"https:\\\/\\\/moitoarchery.com\\\/en\\\/product\\\/kit-economico-arco-de-poleas-topoint-starting-31-19-60lbs-19-30-rh\\\/#breadcrumb\",\"itemListElement\":[{\"@type\":\"ListItem\",\"position\":1,\"name\":\"Portada\",\"item\":\"https:\\\/\\\/moitoarchery.com\\\/en\\\/\"},{\"@type\":\"ListItem\",\"position\":2,\"name\":\"Shop\",\"item\":\"https:\\\/\\\/moitoarchery.com\\\/en\\\/shop\\\/\"},{\"@type\":\"ListItem\",\"position\":3,\"name\":\"Kit econ\u00f3mico Arco de Poleas ToPoint Starting 31 19-60LBS 19-30\u201d RH\"}]},{\"@type\":\"WebSite\",\"@id\":\"https:\\\/\\\/moitoarchery.com\\\/en\\\/#website\",\"url\":\"https:\\\/\\\/moitoarchery.com\\\/en\\\/\",\"name\":\"MoitoArchery\",\"description\":\"Tienda de Tiro con arco\",\"publisher\":{\"@id\":\"https:\\\/\\\/moitoarchery.com\\\/en\\\/#organization\"},\"potentialAction\":[{\"@type\":\"SearchAction\",\"target\":{\"@type\":\"EntryPoint\",\"urlTemplate\":\"https:\\\/\\\/moitoarchery.com\\\/en\\\/?s={search_term_string}\"},\"query-input\":{\"@type\":\"PropertyValueSpecification\",\"valueRequired\":true,\"valueName\":\"search_term_string\"}}],\"inLanguage\":\"en-US\"},{\"@type\":\"Organization\",\"@id\":\"https:\\\/\\\/moitoarchery.com\\\/en\\\/#organization\",\"name\":\"MoitoArchery\",\"url\":\"https:\\\/\\\/moitoarchery.com\\\/en\\\/\",\"logo\":{\"@type\":\"ImageObject\",\"inLanguage\":\"en-US\",\"@id\":\"https:\\\/\\\/moitoarchery.com\\\/en\\\/#\\\/schema\\\/logo\\\/image\\\/\",\"url\":\"https:\\\/\\\/moitoarchery.com\\\/wp-content\\\/uploads\\\/2020\\\/09\\\/logotipo-moitoarchery.png\",\"contentUrl\":\"https:\\\/\\\/moitoarchery.com\\\/wp-content\\\/uploads\\\/2020\\\/09\\\/logotipo-moitoarchery.png\",\"width\":300,\"height\":66,\"caption\":\"MoitoArchery\"},\"image\":{\"@id\":\"https:\\\/\\\/moitoarchery.com\\\/en\\\/#\\\/schema\\\/logo\\\/image\\\/\"},\"sameAs\":[\"https:\\\/\\\/www.facebook.com\\\/arqueriaOnline\\\/\",\"https:\\\/\\\/www.instagram.com\\\/moitoarchery\\\/\",\"https:\\\/\\\/www.youtube.com\\\/channel\\\/UCvmj39gVUIKVoJJ6vQC9GPA\\\/\"]}]}<\/script>\n<!-- \/ Yoast SEO plugin. -->","yoast_head_json":{"title":"Kit econ\u00f3mico Arco de Poleas ToPoint Starting 31 19-60LBS 19-30\u201d RH - MoitoArchery","description":"Para los arqueros que buscan una soluci\u00f3n integral, el Kit Arco de Poleas ToPoint Starting 31 ofrece todo lo necesario para empezar de inmediato. Perfecto tanto para principiantes como para arqueros experimentados, este kit incluye todos los accesorios esenciales para mejorar su rendimiento y comodidad.El Kit incluye:Visor TP 1550 de 5 pines: Proporciona una punter\u00eda precisa para disparos precisos en todo momento.Reposaflechas de galleta TP812: Garantiza una liberaci\u00f3n suave de la flecha y aumenta la precisi\u00f3n, crucial para un disparo consistente.Caraj TP795: Facilita el transporte del arco y las flechas, proporcionando comodidad durante largas sesiones de tiro.Peep instalado (3\/16) y D-loop colocado: Ahorra tiempo con este kit listo para usar, garantizando consistencia en la apertura y la liberaci\u00f3n.Completo con un soporte para arco (TP110), llaves Allen y 6 flechas de carbono: Este completo kit de tiro con arco te proporciona todo lo necesario tanto para la pr\u00e1ctica como para la competici\u00f3n.No incluye env\u00edo ni puesta a punto.","robots":{"index":"index","follow":"follow","max-snippet":"max-snippet:-1","max-image-preview":"max-image-preview:large","max-video-preview":"max-video-preview:-1"},"canonical":"https:\/\/moitoarchery.com\/en\/product\/kit-economico-arco-de-poleas-topoint-starting-31-19-60lbs-19-30-rh\/","og_locale":"en_US","og_type":"article","og_title":"Kit econ\u00f3mico Arco de Poleas ToPoint Starting 31 19-60LBS 19-30\u201d RH - MoitoArchery","og_description":"Para los arqueros que buscan una soluci\u00f3n integral, el Kit Arco de Poleas ToPoint Starting 31 ofrece todo lo necesario para empezar de inmediato. Perfecto tanto para principiantes como para arqueros experimentados, este kit incluye todos los accesorios esenciales para mejorar su rendimiento y comodidad.El Kit incluye:Visor TP 1550 de 5 pines: Proporciona una punter\u00eda precisa para disparos precisos en todo momento.Reposaflechas de galleta TP812: Garantiza una liberaci\u00f3n suave de la flecha y aumenta la precisi\u00f3n, crucial para un disparo consistente.Caraj TP795: Facilita el transporte del arco y las flechas, proporcionando comodidad durante largas sesiones de tiro.Peep instalado (3\/16) y D-loop colocado: Ahorra tiempo con este kit listo para usar, garantizando consistencia en la apertura y la liberaci\u00f3n.Completo con un soporte para arco (TP110), llaves Allen y 6 flechas de carbono: Este completo kit de tiro con arco te proporciona todo lo necesario tanto para la pr\u00e1ctica como para la competici\u00f3n.No incluye env\u00edo ni puesta a punto.","og_url":"https:\/\/moitoarchery.com\/en\/product\/kit-economico-arco-de-poleas-topoint-starting-31-19-60lbs-19-30-rh\/","og_site_name":"MoitoArchery","article_publisher":"https:\/\/www.facebook.com\/arqueriaOnline\/","og_image":[{"width":800,"height":800,"url":"https:\/\/moitoarchery.com\/wp-content\/uploads\/2024\/09\/pack-arco-de-poleas-starting-31-6-flechas.jpg","type":"image\/jpeg"}],"twitter_card":"summary_large_image","twitter_misc":{"Est. reading time":"2 minutes"},"schema":{"@context":"https:\/\/schema.org","@graph":[{"@type":"WebPage","@id":"https:\/\/moitoarchery.com\/en\/product\/kit-economico-arco-de-poleas-topoint-starting-31-19-60lbs-19-30-rh\/","url":"https:\/\/moitoarchery.com\/en\/product\/kit-economico-arco-de-poleas-topoint-starting-31-19-60lbs-19-30-rh\/","name":"Kit econ\u00f3mico Arco de Poleas ToPoint Starting 31 19-60LBS 19-30\u201d RH - MoitoArchery","isPartOf":{"@id":"https:\/\/moitoarchery.com\/en\/#website"},"primaryImageOfPage":{"@id":"https:\/\/moitoarchery.com\/en\/product\/kit-economico-arco-de-poleas-topoint-starting-31-19-60lbs-19-30-rh\/#primaryimage"},"image":{"@id":"https:\/\/moitoarchery.com\/en\/product\/kit-economico-arco-de-poleas-topoint-starting-31-19-60lbs-19-30-rh\/#primaryimage"},"thumbnailUrl":"https:\/\/moitoarchery.com\/wp-content\/uploads\/2024\/09\/pack-arco-de-poleas-starting-31-6-flechas.jpg","datePublished":"2026-04-09T12:03:49+00:00","description":"Para los arqueros que buscan una soluci\u00f3n integral, el Kit Arco de Poleas ToPoint Starting 31 ofrece todo lo necesario para empezar de inmediato. Perfecto tanto para principiantes como para arqueros experimentados, este kit incluye todos los accesorios esenciales para mejorar su rendimiento y comodidad.El Kit incluye:Visor TP 1550 de 5 pines: Proporciona una punter\u00eda precisa para disparos precisos en todo momento.Reposaflechas de galleta TP812: Garantiza una liberaci\u00f3n suave de la flecha y aumenta la precisi\u00f3n, crucial para un disparo consistente.Caraj TP795: Facilita el transporte del arco y las flechas, proporcionando comodidad durante largas sesiones de tiro.Peep instalado (3\/16) y D-loop colocado: Ahorra tiempo con este kit listo para usar, garantizando consistencia en la apertura y la liberaci\u00f3n.Completo con un soporte para arco (TP110), llaves Allen y 6 flechas de carbono: Este completo kit de tiro con arco te proporciona todo lo necesario tanto para la pr\u00e1ctica como para la competici\u00f3n.No incluye env\u00edo ni puesta a punto.","breadcrumb":{"@id":"https:\/\/moitoarchery.com\/en\/product\/kit-economico-arco-de-poleas-topoint-starting-31-19-60lbs-19-30-rh\/#breadcrumb"},"inLanguage":"en-US","potentialAction":[{"@type":"ReadAction","target":["https:\/\/moitoarchery.com\/en\/product\/kit-economico-arco-de-poleas-topoint-starting-31-19-60lbs-19-30-rh\/"]}]},{"@type":"ImageObject","inLanguage":"en-US","@id":"https:\/\/moitoarchery.com\/en\/product\/kit-economico-arco-de-poleas-topoint-starting-31-19-60lbs-19-30-rh\/#primaryimage","url":"https:\/\/moitoarchery.com\/wp-content\/uploads\/2024\/09\/pack-arco-de-poleas-starting-31-6-flechas.jpg","contentUrl":"https:\/\/moitoarchery.com\/wp-content\/uploads\/2024\/09\/pack-arco-de-poleas-starting-31-6-flechas.jpg","width":800,"height":800},{"@type":"BreadcrumbList","@id":"https:\/\/moitoarchery.com\/en\/product\/kit-economico-arco-de-poleas-topoint-starting-31-19-60lbs-19-30-rh\/#breadcrumb","itemListElement":[{"@type":"ListItem","position":1,"name":"Portada","item":"https:\/\/moitoarchery.com\/en\/"},{"@type":"ListItem","position":2,"name":"Shop","item":"https:\/\/moitoarchery.com\/en\/shop\/"},{"@type":"ListItem","position":3,"name":"Kit econ\u00f3mico Arco de Poleas ToPoint Starting 31 19-60LBS 19-30\u201d RH"}]},{"@type":"WebSite","@id":"https:\/\/moitoarchery.com\/en\/#website","url":"https:\/\/moitoarchery.com\/en\/","name":"MoitoArchery","description":"Tienda de Tiro con arco","publisher":{"@id":"https:\/\/moitoarchery.com\/en\/#organization"},"potentialAction":[{"@type":"SearchAction","target":{"@type":"EntryPoint","urlTemplate":"https:\/\/moitoarchery.com\/en\/?s={search_term_string}"},"query-input":{"@type":"PropertyValueSpecification","valueRequired":true,"valueName":"search_term_string"}}],"inLanguage":"en-US"},{"@type":"Organization","@id":"https:\/\/moitoarchery.com\/en\/#organization","name":"MoitoArchery","url":"https:\/\/moitoarchery.com\/en\/","logo":{"@type":"ImageObject","inLanguage":"en-US","@id":"https:\/\/moitoarchery.com\/en\/#\/schema\/logo\/image\/","url":"https:\/\/moitoarchery.com\/wp-content\/uploads\/2020\/09\/logotipo-moitoarchery.png","contentUrl":"https:\/\/moitoarchery.com\/wp-content\/uploads\/2020\/09\/logotipo-moitoarchery.png","width":300,"height":66,"caption":"MoitoArchery"},"image":{"@id":"https:\/\/moitoarchery.com\/en\/#\/schema\/logo\/image\/"},"sameAs":["https:\/\/www.facebook.com\/arqueriaOnline\/","https:\/\/www.instagram.com\/moitoarchery\/","https:\/\/www.youtube.com\/channel\/UCvmj39gVUIKVoJJ6vQC9GPA\/"]}]}},"_links":{"self":[{"href":"https:\/\/moitoarchery.com\/en\/wp-json\/wp\/v2\/product\/130993","targetHints":{"allow":["GET"]}}],"collection":[{"href":"https:\/\/moitoarchery.com\/en\/wp-json\/wp\/v2\/product"}],"about":[{"href":"https:\/\/moitoarchery.com\/en\/wp-json\/wp\/v2\/types\/product"}],"replies":[{"embeddable":true,"href":"https:\/\/moitoarchery.com\/en\/wp-json\/wp\/v2\/comments?post=130993"}],"version-history":[{"count":1,"href":"https:\/\/moitoarchery.com\/en\/wp-json\/wp\/v2\/product\/130993\/revisions"}],"predecessor-version":[{"id":130995,"href":"https:\/\/moitoarchery.com\/en\/wp-json\/wp\/v2\/product\/130993\/revisions\/130995"}],"wp:featuredmedia":[{"embeddable":true,"href":"https:\/\/moitoarchery.com\/en\/wp-json\/wp\/v2\/media\/72547"}],"wp:attachment":[{"href":"https:\/\/moitoarchery.com\/en\/wp-json\/wp\/v2\/media?parent=130993"}],"wp:term":[{"taxonomy":"product_brand","embeddable":true,"href":"https:\/\/moitoarchery.com\/en\/wp-json\/wp\/v2\/product_brand?post=130993"},{"taxonomy":"product_cat","embeddable":true,"href":"https:\/\/moitoarchery.com\/en\/wp-json\/wp\/v2\/product_cat?post=130993"},{"taxonomy":"product_tag","embeddable":true,"href":"https:\/\/moitoarchery.com\/en\/wp-json\/wp\/v2\/product_tag?post=130993"}],"curies":[{"name":"wp","href":"https:\/\/api.w.org\/{rel}","templated":true}]}}