{"id":130335,"date":"2026-01-22T10:12:25","date_gmt":"2026-01-22T09:12:25","guid":{"rendered":"https:\/\/moitoarchery.com\/producto\/hoyt-concept-x-40-compound-bow\/"},"modified":"2026-01-22T10:12:25","modified_gmt":"2026-01-22T09:12:25","slug":"hoyt-concept-x-40-compound-bow","status":"publish","type":"product","link":"https:\/\/moitoarchery.com\/en\/product\/hoyt-concept-x-40-compound-bow\/","title":{"rendered":"Hoyt Concept X 40 Compound Bow"},"content":{"rendered":"<p data-start=\"230\" data-end=\"584\">The Hoyt Concept X 40 is the most advanced target compound bow ever developed by Hoyt, specifically designed for high-level competition. It features the longest riser in the brand\u2019s history, providing exceptional stability, maximum precision, and an extremely solid platform for repeatable, consistent shots. <\/p>\n<p data-start=\"586\" data-end=\"925\">Thanks to its stepped shoot-through design, the Concept X 40 drastically reduces riser twist and flex, enhancing control with every shot. Combined with the advanced SCTR cam technology and the new Hoyt TXL limbs, this bow sets a new standard in performance for Olympic and compound target shooting. <\/p>\n<h3 data-start=\"932\" data-end=\"966\">\ud83d\udd27 Main Features<\/h3>\n<ul data-start=\"967\" data-end=\"1464\">\n<li data-start=\"967\" data-end=\"1042\">\n<p data-start=\"969\" data-end=\"1042\">Longest Riser Ever Manufactured by Hoyt (3\u201d Longer than Stratos)<\/p>\n<\/li>\n<li data-start=\"1043\" data-end=\"1108\">\n<p data-start=\"1045\" data-end=\"1108\">Riser 0.25 lb Lighter, Improving Overall Balance<\/p>\n<\/li>\n<li data-start=\"1109\" data-end=\"1174\">\n<p data-start=\"1111\" data-end=\"1174\">Stepped Shoot-Through Design: Reduces Twist and Flex<\/p>\n<\/li>\n<li data-start=\"1175\" data-end=\"1242\">\n<p data-start=\"1177\" data-end=\"1242\">New Roller Mount for Smoother Operation<\/p>\n<\/li>\n<li data-start=\"1243\" data-end=\"1313\">\n<p data-start=\"1245\" data-end=\"1313\">Lower Stabilizer Position for Optimized Balance<\/p>\n<\/li>\n<li data-start=\"1314\" data-end=\"1355\">\n<p data-start=\"1316\" data-end=\"1355\"><strong data-start=\"1316\" data-end=\"1353\">Advanced SCTR Cam Technology<\/strong><\/p>\n<\/li>\n<li data-start=\"1356\" data-end=\"1387\">\n<p data-start=\"1358\" data-end=\"1387\"><strong data-start=\"1358\" data-end=\"1385\">Customizable Draw Length<\/strong><\/p>\n<\/li>\n<li data-start=\"1388\" data-end=\"1464\">\n<p data-start=\"1390\" data-end=\"1464\">New Hoyt TXL Limbs: the Most Torsionally Stiff to Date<\/p>\n<\/li>\n<\/ul>\n<p data-start=\"1228\" data-end=\"1423\">*Price may vary depending on the color. We recommend contacting us before placing your order to check availability. <\/p>\n<h2>Special Orders through the Distributor:<\/h2>\n<p><b>Custom Order:<\/b> To choose colors or other features, if available, you can contact us to check the available stock from our distributor or for any advice before placing your custom order. Prices may vary depending on the color. <\/p>\n<p><b>Delivery Time:<\/b> The minimum delivery time is approximately 10\u201314 days, but in some cases it may be longer due to possible delays, lack of stock, or other reasons.<\/p>\n<p><b>Workshop Service:<\/b> We offer assembly and tuning services in our workshop for all compound bows. You can check the various services on our <a href=\"https:\/\/moitoarchery.com\/en\/archery-workshop-service-adjustments-maintenance-and-repairs\/\">workshop page.<\/a> <\/p>\n","protected":false},"excerpt":{"rendered":"<p data-start=\"230\" data-end=\"584\">The Hoyt Concept X 40 is the most advanced target compound bow ever developed by Hoyt, specifically designed for high-level competition. It features the longest riser in the brand\u2019s history, providing exceptional stability, maximum precision, and an extremely solid platform for repeatable, consistent shots. <\/p>\n<p data-start=\"586\" data-end=\"925\">Thanks to its stepped shoot-through design, the Concept X 40 drastically reduces riser twist and flex, enhancing control with every shot. Combined with the advanced SCTR cam technology and the new Hoyt TXL limbs, this bow sets a new standard in performance for Olympic and compound target shooting. <\/p>\n<h3 data-start=\"932\" data-end=\"966\">\ud83d\udd27 Main Features<\/h3>\n<ul data-start=\"967\" data-end=\"1464\">\n<li data-start=\"967\" data-end=\"1042\">\n<p data-start=\"969\" data-end=\"1042\">Longest Riser Ever Manufactured by Hoyt (3\u201d Longer than Stratos)<\/p>\n<\/li>\n<li data-start=\"1043\" data-end=\"1108\">\n<p data-start=\"1045\" data-end=\"1108\">Riser 0.25 lb Lighter, Improving Overall Balance<\/p>\n<\/li>\n<li data-start=\"1109\" data-end=\"1174\">\n<p data-start=\"1111\" data-end=\"1174\">Stepped Shoot-Through Design: Reduces Twist and Flex<\/p>\n<\/li>\n<li data-start=\"1175\" data-end=\"1242\">\n<p data-start=\"1177\" data-end=\"1242\">New Roller Mount for Smoother Operation<\/p>\n<\/li>\n<li data-start=\"1243\" data-end=\"1313\">\n<p data-start=\"1245\" data-end=\"1313\">Lower Stabilizer Position for Optimized Balance<\/p>\n<\/li>\n<li data-start=\"1314\" data-end=\"1355\">\n<p data-start=\"1316\" data-end=\"1355\"><strong data-start=\"1316\" data-end=\"1353\">Advanced SCTR Cam Technology<\/strong><\/p>\n<\/li>\n<li data-start=\"1356\" data-end=\"1387\">\n<p data-start=\"1358\" data-end=\"1387\"><strong data-start=\"1358\" data-end=\"1385\">Customizable Draw Length<\/strong><\/p>\n<\/li>\n<li data-start=\"1388\" data-end=\"1464\">\n<p data-start=\"1390\" data-end=\"1464\">New Hoyt TXL Limbs: the Most Torsionally Stiff to Date<\/p>\n<\/li>\n<\/ul>\n<p data-start=\"1228\" data-end=\"1423\">*Price may vary depending on the color. We recommend contacting us before placing your order to check availability. <\/p>\n<h2>Special Orders through the Distributor:<\/h2>\n<p><b>Custom Order:<\/b> To choose colors or other features, if available, you can contact us to check the available stock from our distributor or for any advice before placing your custom order. Prices may vary depending on the color. <\/p>\n<p><b>Delivery Time:<\/b> The minimum delivery time is approximately 10\u201314 days, but in some cases it may be longer due to possible delays, lack of stock, or other reasons.<\/p>\n<p><b>Workshop Service:<\/b> We offer assembly and tuning services in our workshop for all compound bows. You can check the various services on our <a href=\"https:\/\/moitoarchery.com\/en\/archery-workshop-service-adjustments-maintenance-and-repairs\/\">workshop page.<\/a> <\/p>\n","protected":false},"featured_media":71467,"comment_status":"open","ping_status":"closed","template":"","meta":{"_acf_changed":false},"product_brand":[],"product_cat":[2490,2491,2704],"product_tag":[],"class_list":{"0":"post-130335","1":"product","2":"type-product","3":"status-publish","4":"has-post-thumbnail","6":"product_cat-bows","7":"product_cat-compound-bows","8":"product_cat-compound-bows--35-en","9":"product_shipping_class-envio-pe-2090e-ba-3890e","11":"first","12":"onbackorder","13":"sale","14":"taxable","15":"shipping-taxable","16":"purchasable","17":"product-type-simple"},"acf":[],"yoast_head":"<!-- This site is optimized with the Yoast SEO plugin v27.0 - https:\/\/yoast.com\/product\/yoast-seo-wordpress\/ -->\n<title>Hoyt Concept X 40 Compound Bow - MoitoArchery<\/title>\n<meta name=\"description\" content=\"El Hoyt Concept X 40 es el arco de poleas target m\u00e1s avanzado jam\u00e1s desarrollado por Hoyt, dise\u00f1ado espec\u00edficamente para competici\u00f3n de alto nivel. Incorpora el riser m\u00e1s largo en la historia de la marca, ofreciendo una estabilidad excepcional, m\u00e1xima precisi\u00f3n y una plataforma extremadamente s\u00f3lida para tiros repetibles y consistentes.\" \/>\n<meta name=\"robots\" content=\"index, follow, max-snippet:-1, max-image-preview:large, max-video-preview:-1\" \/>\n<link rel=\"canonical\" href=\"https:\/\/moitoarchery.com\/en\/product\/hoyt-concept-x-40-compound-bow\/\" \/>\n<meta property=\"og:locale\" content=\"en_US\" \/>\n<meta property=\"og:type\" content=\"article\" \/>\n<meta property=\"og:title\" content=\"Hoyt Concept X 40 Compound Bow - MoitoArchery\" \/>\n<meta property=\"og:description\" content=\"El Hoyt Concept X 40 es el arco de poleas target m\u00e1s avanzado jam\u00e1s desarrollado por Hoyt, dise\u00f1ado espec\u00edficamente para competici\u00f3n de alto nivel. Incorpora el riser m\u00e1s largo en la historia de la marca, ofreciendo una estabilidad excepcional, m\u00e1xima precisi\u00f3n y una plataforma extremadamente s\u00f3lida para tiros repetibles y consistentes.\" \/>\n<meta property=\"og:url\" content=\"https:\/\/moitoarchery.com\/en\/product\/hoyt-concept-x-40-compound-bow\/\" \/>\n<meta property=\"og:site_name\" content=\"MoitoArchery\" \/>\n<meta property=\"article:publisher\" content=\"https:\/\/www.facebook.com\/arqueriaOnline\/\" \/>\n<meta property=\"og:image\" content=\"https:\/\/moitoarchery.com\/wp-content\/uploads\/2024\/11\/hoyt-concept-x40.jpg\" \/>\n\t<meta property=\"og:image:width\" content=\"800\" \/>\n\t<meta property=\"og:image:height\" content=\"800\" \/>\n\t<meta property=\"og:image:type\" content=\"image\/jpeg\" \/>\n<meta name=\"twitter:card\" content=\"summary_large_image\" \/>\n<meta name=\"twitter:label1\" content=\"Est. reading time\" \/>\n\t<meta name=\"twitter:data1\" content=\"1 minute\" \/>\n<script type=\"application\/ld+json\" class=\"yoast-schema-graph\">{\"@context\":\"https:\/\/schema.org\",\"@graph\":[{\"@type\":\"WebPage\",\"@id\":\"https:\/\/moitoarchery.com\/en\/product\/hoyt-concept-x-40-compound-bow\/\",\"url\":\"https:\/\/moitoarchery.com\/en\/product\/hoyt-concept-x-40-compound-bow\/\",\"name\":\"Hoyt Concept X 40 Compound Bow - MoitoArchery\",\"isPartOf\":{\"@id\":\"https:\/\/moitoarchery.com\/en\/#website\"},\"primaryImageOfPage\":{\"@id\":\"https:\/\/moitoarchery.com\/en\/product\/hoyt-concept-x-40-compound-bow\/#primaryimage\"},\"image\":{\"@id\":\"https:\/\/moitoarchery.com\/en\/product\/hoyt-concept-x-40-compound-bow\/#primaryimage\"},\"thumbnailUrl\":\"https:\/\/moitoarchery.com\/wp-content\/uploads\/2024\/11\/hoyt-concept-x40.jpg\",\"datePublished\":\"2026-01-22T09:12:25+00:00\",\"description\":\"El Hoyt Concept X 40 es el arco de poleas target m\u00e1s avanzado jam\u00e1s desarrollado por Hoyt, dise\u00f1ado espec\u00edficamente para competici\u00f3n de alto nivel. Incorpora el riser m\u00e1s largo en la historia de la marca, ofreciendo una estabilidad excepcional, m\u00e1xima precisi\u00f3n y una plataforma extremadamente s\u00f3lida para tiros repetibles y consistentes.\",\"breadcrumb\":{\"@id\":\"https:\/\/moitoarchery.com\/en\/product\/hoyt-concept-x-40-compound-bow\/#breadcrumb\"},\"inLanguage\":\"en-US\",\"potentialAction\":[{\"@type\":\"ReadAction\",\"target\":[\"https:\/\/moitoarchery.com\/en\/product\/hoyt-concept-x-40-compound-bow\/\"]}]},{\"@type\":\"ImageObject\",\"inLanguage\":\"en-US\",\"@id\":\"https:\/\/moitoarchery.com\/en\/product\/hoyt-concept-x-40-compound-bow\/#primaryimage\",\"url\":\"https:\/\/moitoarchery.com\/wp-content\/uploads\/2024\/11\/hoyt-concept-x40.jpg\",\"contentUrl\":\"https:\/\/moitoarchery.com\/wp-content\/uploads\/2024\/11\/hoyt-concept-x40.jpg\",\"width\":800,\"height\":800},{\"@type\":\"BreadcrumbList\",\"@id\":\"https:\/\/moitoarchery.com\/en\/product\/hoyt-concept-x-40-compound-bow\/#breadcrumb\",\"itemListElement\":[{\"@type\":\"ListItem\",\"position\":1,\"name\":\"Portada\",\"item\":\"https:\/\/moitoarchery.com\/en\/\"},{\"@type\":\"ListItem\",\"position\":2,\"name\":\"Shop\",\"item\":\"https:\/\/moitoarchery.com\/en\/shop\/\"},{\"@type\":\"ListItem\",\"position\":3,\"name\":\"Hoyt Concept X 40 Compound Bow\"}]},{\"@type\":\"WebSite\",\"@id\":\"https:\/\/moitoarchery.com\/en\/#website\",\"url\":\"https:\/\/moitoarchery.com\/en\/\",\"name\":\"MoitoArchery\",\"description\":\"Tienda de Tiro con arco\",\"publisher\":{\"@id\":\"https:\/\/moitoarchery.com\/en\/#organization\"},\"potentialAction\":[{\"@type\":\"SearchAction\",\"target\":{\"@type\":\"EntryPoint\",\"urlTemplate\":\"https:\/\/moitoarchery.com\/en\/?s={search_term_string}\"},\"query-input\":{\"@type\":\"PropertyValueSpecification\",\"valueRequired\":true,\"valueName\":\"search_term_string\"}}],\"inLanguage\":\"en-US\"},{\"@type\":\"Organization\",\"@id\":\"https:\/\/moitoarchery.com\/en\/#organization\",\"name\":\"MoitoArchery\",\"url\":\"https:\/\/moitoarchery.com\/en\/\",\"logo\":{\"@type\":\"ImageObject\",\"inLanguage\":\"en-US\",\"@id\":\"https:\/\/moitoarchery.com\/en\/#\/schema\/logo\/image\/\",\"url\":\"https:\/\/moitoarchery.com\/wp-content\/uploads\/2020\/09\/logotipo-moitoarchery.png\",\"contentUrl\":\"https:\/\/moitoarchery.com\/wp-content\/uploads\/2020\/09\/logotipo-moitoarchery.png\",\"width\":300,\"height\":66,\"caption\":\"MoitoArchery\"},\"image\":{\"@id\":\"https:\/\/moitoarchery.com\/en\/#\/schema\/logo\/image\/\"},\"sameAs\":[\"https:\/\/www.facebook.com\/arqueriaOnline\/\",\"https:\/\/www.instagram.com\/moitoarchery\/\",\"https:\/\/www.youtube.com\/channel\/UCvmj39gVUIKVoJJ6vQC9GPA\/\"]}]}<\/script>\n<!-- \/ Yoast SEO plugin. -->","yoast_head_json":{"title":"Hoyt Concept X 40 Compound Bow - MoitoArchery","description":"El Hoyt Concept X 40 es el arco de poleas target m\u00e1s avanzado jam\u00e1s desarrollado por Hoyt, dise\u00f1ado espec\u00edficamente para competici\u00f3n de alto nivel. Incorpora el riser m\u00e1s largo en la historia de la marca, ofreciendo una estabilidad excepcional, m\u00e1xima precisi\u00f3n y una plataforma extremadamente s\u00f3lida para tiros repetibles y consistentes.","robots":{"index":"index","follow":"follow","max-snippet":"max-snippet:-1","max-image-preview":"max-image-preview:large","max-video-preview":"max-video-preview:-1"},"canonical":"https:\/\/moitoarchery.com\/en\/product\/hoyt-concept-x-40-compound-bow\/","og_locale":"en_US","og_type":"article","og_title":"Hoyt Concept X 40 Compound Bow - MoitoArchery","og_description":"El Hoyt Concept X 40 es el arco de poleas target m\u00e1s avanzado jam\u00e1s desarrollado por Hoyt, dise\u00f1ado espec\u00edficamente para competici\u00f3n de alto nivel. Incorpora el riser m\u00e1s largo en la historia de la marca, ofreciendo una estabilidad excepcional, m\u00e1xima precisi\u00f3n y una plataforma extremadamente s\u00f3lida para tiros repetibles y consistentes.","og_url":"https:\/\/moitoarchery.com\/en\/product\/hoyt-concept-x-40-compound-bow\/","og_site_name":"MoitoArchery","article_publisher":"https:\/\/www.facebook.com\/arqueriaOnline\/","og_image":[{"width":800,"height":800,"url":"https:\/\/moitoarchery.com\/wp-content\/uploads\/2024\/11\/hoyt-concept-x40.jpg","type":"image\/jpeg"}],"twitter_card":"summary_large_image","twitter_misc":{"Est. reading time":"1 minute"},"schema":{"@context":"https:\/\/schema.org","@graph":[{"@type":"WebPage","@id":"https:\/\/moitoarchery.com\/en\/product\/hoyt-concept-x-40-compound-bow\/","url":"https:\/\/moitoarchery.com\/en\/product\/hoyt-concept-x-40-compound-bow\/","name":"Hoyt Concept X 40 Compound Bow - MoitoArchery","isPartOf":{"@id":"https:\/\/moitoarchery.com\/en\/#website"},"primaryImageOfPage":{"@id":"https:\/\/moitoarchery.com\/en\/product\/hoyt-concept-x-40-compound-bow\/#primaryimage"},"image":{"@id":"https:\/\/moitoarchery.com\/en\/product\/hoyt-concept-x-40-compound-bow\/#primaryimage"},"thumbnailUrl":"https:\/\/moitoarchery.com\/wp-content\/uploads\/2024\/11\/hoyt-concept-x40.jpg","datePublished":"2026-01-22T09:12:25+00:00","description":"El Hoyt Concept X 40 es el arco de poleas target m\u00e1s avanzado jam\u00e1s desarrollado por Hoyt, dise\u00f1ado espec\u00edficamente para competici\u00f3n de alto nivel. Incorpora el riser m\u00e1s largo en la historia de la marca, ofreciendo una estabilidad excepcional, m\u00e1xima precisi\u00f3n y una plataforma extremadamente s\u00f3lida para tiros repetibles y consistentes.","breadcrumb":{"@id":"https:\/\/moitoarchery.com\/en\/product\/hoyt-concept-x-40-compound-bow\/#breadcrumb"},"inLanguage":"en-US","potentialAction":[{"@type":"ReadAction","target":["https:\/\/moitoarchery.com\/en\/product\/hoyt-concept-x-40-compound-bow\/"]}]},{"@type":"ImageObject","inLanguage":"en-US","@id":"https:\/\/moitoarchery.com\/en\/product\/hoyt-concept-x-40-compound-bow\/#primaryimage","url":"https:\/\/moitoarchery.com\/wp-content\/uploads\/2024\/11\/hoyt-concept-x40.jpg","contentUrl":"https:\/\/moitoarchery.com\/wp-content\/uploads\/2024\/11\/hoyt-concept-x40.jpg","width":800,"height":800},{"@type":"BreadcrumbList","@id":"https:\/\/moitoarchery.com\/en\/product\/hoyt-concept-x-40-compound-bow\/#breadcrumb","itemListElement":[{"@type":"ListItem","position":1,"name":"Portada","item":"https:\/\/moitoarchery.com\/en\/"},{"@type":"ListItem","position":2,"name":"Shop","item":"https:\/\/moitoarchery.com\/en\/shop\/"},{"@type":"ListItem","position":3,"name":"Hoyt Concept X 40 Compound Bow"}]},{"@type":"WebSite","@id":"https:\/\/moitoarchery.com\/en\/#website","url":"https:\/\/moitoarchery.com\/en\/","name":"MoitoArchery","description":"Tienda de Tiro con arco","publisher":{"@id":"https:\/\/moitoarchery.com\/en\/#organization"},"potentialAction":[{"@type":"SearchAction","target":{"@type":"EntryPoint","urlTemplate":"https:\/\/moitoarchery.com\/en\/?s={search_term_string}"},"query-input":{"@type":"PropertyValueSpecification","valueRequired":true,"valueName":"search_term_string"}}],"inLanguage":"en-US"},{"@type":"Organization","@id":"https:\/\/moitoarchery.com\/en\/#organization","name":"MoitoArchery","url":"https:\/\/moitoarchery.com\/en\/","logo":{"@type":"ImageObject","inLanguage":"en-US","@id":"https:\/\/moitoarchery.com\/en\/#\/schema\/logo\/image\/","url":"https:\/\/moitoarchery.com\/wp-content\/uploads\/2020\/09\/logotipo-moitoarchery.png","contentUrl":"https:\/\/moitoarchery.com\/wp-content\/uploads\/2020\/09\/logotipo-moitoarchery.png","width":300,"height":66,"caption":"MoitoArchery"},"image":{"@id":"https:\/\/moitoarchery.com\/en\/#\/schema\/logo\/image\/"},"sameAs":["https:\/\/www.facebook.com\/arqueriaOnline\/","https:\/\/www.instagram.com\/moitoarchery\/","https:\/\/www.youtube.com\/channel\/UCvmj39gVUIKVoJJ6vQC9GPA\/"]}]}},"_links":{"self":[{"href":"https:\/\/moitoarchery.com\/en\/wp-json\/wp\/v2\/product\/130335","targetHints":{"allow":["GET"]}}],"collection":[{"href":"https:\/\/moitoarchery.com\/en\/wp-json\/wp\/v2\/product"}],"about":[{"href":"https:\/\/moitoarchery.com\/en\/wp-json\/wp\/v2\/types\/product"}],"replies":[{"embeddable":true,"href":"https:\/\/moitoarchery.com\/en\/wp-json\/wp\/v2\/comments?post=130335"}],"version-history":[{"count":0,"href":"https:\/\/moitoarchery.com\/en\/wp-json\/wp\/v2\/product\/130335\/revisions"}],"wp:featuredmedia":[{"embeddable":true,"href":"https:\/\/moitoarchery.com\/en\/wp-json\/wp\/v2\/media\/71467"}],"wp:attachment":[{"href":"https:\/\/moitoarchery.com\/en\/wp-json\/wp\/v2\/media?parent=130335"}],"wp:term":[{"taxonomy":"product_brand","embeddable":true,"href":"https:\/\/moitoarchery.com\/en\/wp-json\/wp\/v2\/product_brand?post=130335"},{"taxonomy":"product_cat","embeddable":true,"href":"https:\/\/moitoarchery.com\/en\/wp-json\/wp\/v2\/product_cat?post=130335"},{"taxonomy":"product_tag","embeddable":true,"href":"https:\/\/moitoarchery.com\/en\/wp-json\/wp\/v2\/product_tag?post=130335"}],"curies":[{"name":"wp","href":"https:\/\/api.w.org\/{rel}","templated":true}]}}