{"id":129483,"date":"2026-03-25T10:09:58","date_gmt":"2026-03-25T09:09:58","guid":{"rendered":"https:\/\/moitoarchery.com\/?post_type=product&#038;p=129483"},"modified":"2026-04-16T11:21:19","modified_gmt":"2026-04-16T09:21:19","slug":"bolsa-de-liberacion-wiawis","status":"publish","type":"product","link":"https:\/\/moitoarchery.com\/en\/product\/bolsa-de-liberacion-wiawis\/","title":{"rendered":"Bolsa de liberaci\u00f3n Wiawis"},"content":{"rendered":"<section class=\"text-token-text-primary w-full focus:outline-none [--shadow-height:45px] has-data-writing-block:pointer-events-none has-data-writing-block:-mt-(--shadow-height) has-data-writing-block:pt-(--shadow-height) [&amp;:has([data-writing-block])&gt;*]:pointer-events-auto scroll-mt-[calc(var(--header-height)+min(200px,max(70px,20svh)))]\" dir=\"auto\" data-turn-id=\"request-WEB:e78c7456-1b27-4f3f-8b2a-fa9ef00525c4-0\" data-testid=\"conversation-turn-2\" data-scroll-anchor=\"true\" data-turn=\"assistant\">\n<div class=\"text-base my-auto mx-auto pb-10 [--thread-content-margin:var(--thread-content-margin-xs,calc(var(--spacing)*4))] @w-sm\/main:[--thread-content-margin:var(--thread-content-margin-sm,calc(var(--spacing)*6))] @w-lg\/main:[--thread-content-margin:var(--thread-content-margin-lg,calc(var(--spacing)*16))] px-(--thread-content-margin)\">\n<div class=\"[--thread-content-max-width:40rem] @w-lg\/main:[--thread-content-max-width:48rem] mx-auto max-w-(--thread-content-max-width) flex-1 group\/turn-messages focus-visible:outline-hidden relative flex w-full min-w-0 flex-col agent-turn\">\n<div class=\"flex max-w-full flex-col gap-4 grow\">\n<div class=\"min-h-8 text-message relative flex w-full flex-col items-end gap-2 text-start break-words whitespace-normal outline-none keyboard-focused:focus-ring [.text-message+&amp;]:mt-1\" dir=\"auto\" tabindex=\"0\" data-message-author-role=\"assistant\" data-message-id=\"63975bbd-faf2-45b9-9c9b-10fc856a9e59\" data-message-model-slug=\"gpt-5-3\" data-turn-start-message=\"true\">\n<div class=\"flex w-full flex-col gap-1 empty:hidden\">\n<div class=\"markdown prose dark:prose-invert w-full wrap-break-word dark markdown-new-styling\">\n<p data-start=\"0\" data-end=\"197\">La Bolsa de liberaci\u00f3n <strong data-start=\"3\" data-end=\"27\">WIAWIS <\/strong>es un accesorio dise\u00f1ado para arqueros que utilizan disparadores (release aid) y buscan comodidad, rapidez y protecci\u00f3n para su equipo durante la pr\u00e1ctica o competici\u00f3n.<\/p>\n<h3 data-section-id=\"c3akl\" data-start=\"199\" data-end=\"233\">\ud83d\udd39 Caracter\u00edsticas principales<\/h3>\n<ul data-start=\"234\" data-end=\"673\">\n<li data-section-id=\"14ga9q0\" data-start=\"234\" data-end=\"321\"><strong data-start=\"236\" data-end=\"264\">Dise\u00f1o compacto y ligero<\/strong>: no molesta durante el tiro ni a\u00f1ade peso innecesario.<\/li>\n<li data-section-id=\"1akptnw\" data-start=\"322\" data-end=\"411\"><strong data-start=\"324\" data-end=\"341\">Acceso r\u00e1pido<\/strong>: permite guardar y sacar el disparador de forma c\u00f3moda entre tiros.<\/li>\n<li data-section-id=\"mhwogj\" data-start=\"412\" data-end=\"501\"><strong data-start=\"414\" data-end=\"437\">Material resistente<\/strong>: fabricado con tejidos duraderos para soportar uso intensivo.<\/li>\n<li data-section-id=\"be5whh\" data-start=\"502\" data-end=\"605\"><strong data-start=\"504\" data-end=\"539\">Sistema de fijaci\u00f3n al cintur\u00f3n<\/strong>: se engancha f\u00e1cilmente, manteniendo el disparador siempre a mano.<\/li>\n<li data-section-id=\"13yp6yy\" data-start=\"606\" data-end=\"673\"><strong data-start=\"608\" data-end=\"637\">Protecci\u00f3n del disparador<\/strong>: evita golpes, suciedad o p\u00e9rdidas.<\/li>\n<\/ul>\n<h3 data-section-id=\"1em99x5\" data-start=\"675\" data-end=\"703\">\ud83d\udd39 \u00bfPara qui\u00e9n es ideal?<\/h3>\n<ul data-start=\"704\" data-end=\"898\">\n<li data-section-id=\"1h34aww\" data-start=\"704\" data-end=\"757\">Arqueros de <strong data-start=\"718\" data-end=\"736\">arco compuesto<\/strong> que usan disparador.<\/li>\n<li data-section-id=\"18kfcq5\" data-start=\"758\" data-end=\"828\">Tiro de <strong data-start=\"768\" data-end=\"795\">precisi\u00f3n o competici\u00f3n<\/strong>, donde la consistencia es clave.<\/li>\n<li data-section-id=\"xm8koe\" data-start=\"829\" data-end=\"898\">Usuarios que buscan <strong data-start=\"851\" data-end=\"877\">organizaci\u00f3n y rapidez<\/strong> en la l\u00ednea de tiro.<\/li>\n<\/ul>\n<h3 data-section-id=\"3bfomq\" data-start=\"900\" data-end=\"915\">\ud83d\udd39 Ventajas<\/h3>\n<ul data-start=\"916\" data-end=\"1058\">\n<li data-section-id=\"3v377y\" data-start=\"916\" data-end=\"966\">Mantiene el disparador seguro cuando no se usa<\/li>\n<li data-section-id=\"zydck1\" data-start=\"967\" data-end=\"1012\">Mejora la fluidez en la secuencia de tiro<\/li>\n<li data-section-id=\"9c7e25\" data-start=\"1013\" data-end=\"1058\">Reduce distracciones y p\u00e9rdidas de tiempo<\/li>\n<\/ul>\n<\/div>\n<\/div>\n<\/div>\n<\/div>\n<\/div>\n<\/div>\n<\/section>\n","protected":false},"excerpt":{"rendered":"<p data-start=\"0\" data-end=\"197\">La Bolsa de liberaci\u00f3n <strong data-start=\"3\" data-end=\"27\">WIAWIS <\/strong>es un accesorio dise\u00f1ado para arqueros que utilizan disparadores (release aid) y buscan comodidad, rapidez y protecci\u00f3n para su equipo durante la pr\u00e1ctica o competici\u00f3n.<\/p>\n<h3 data-section-id=\"c3akl\" data-start=\"199\" data-end=\"233\">\ud83d\udd39 Caracter\u00edsticas principales<\/h3>\n<ul data-start=\"234\" data-end=\"673\">\n<li data-section-id=\"14ga9q0\" data-start=\"234\" data-end=\"321\"><strong data-start=\"236\" data-end=\"264\">Dise\u00f1o compacto y ligero<\/strong>: no molesta durante el tiro ni a\u00f1ade peso innecesario.<\/li>\n<li data-section-id=\"1akptnw\" data-start=\"322\" data-end=\"411\"><strong data-start=\"324\" data-end=\"341\">Acceso r\u00e1pido<\/strong>: permite guardar y sacar el disparador de forma c\u00f3moda entre tiros.<\/li>\n<li data-section-id=\"mhwogj\" data-start=\"412\" data-end=\"501\"><strong data-start=\"414\" data-end=\"437\">Material resistente<\/strong>: fabricado con tejidos duraderos para soportar uso intensivo.<\/li>\n<li data-section-id=\"be5whh\" data-start=\"502\" data-end=\"605\"><strong data-start=\"504\" data-end=\"539\">Sistema de fijaci\u00f3n al cintur\u00f3n<\/strong>: se engancha f\u00e1cilmente, manteniendo el disparador siempre a mano.<\/li>\n<li data-section-id=\"13yp6yy\" data-start=\"606\" data-end=\"673\"><strong data-start=\"608\" data-end=\"637\">Protecci\u00f3n del disparador<\/strong>: evita golpes, suciedad o p\u00e9rdidas.<\/li>\n<\/ul>\n","protected":false},"featured_media":129484,"comment_status":"open","ping_status":"closed","template":"","meta":{"_acf_changed":false},"product_brand":[4194],"product_cat":[1271,120],"product_tag":[],"class_list":{"0":"post-129483","1":"product","2":"type-product","3":"status-publish","4":"has-post-thumbnail","6":"product_brand-wiawis","7":"product_cat-accesorios-carcaj","8":"product_cat-carcaj","10":"first","11":"onbackorder","12":"taxable","13":"shipping-taxable","14":"purchasable","15":"product-type-simple"},"acf":[],"yoast_head":"<!-- This site is optimized with the Yoast SEO plugin v27.5 - https:\/\/yoast.com\/product\/yoast-seo-wordpress\/ -->\n<title>Bolsa de liberaci\u00f3n Wiawis - MoitoArchery<\/title>\n<meta name=\"description\" content=\"La Bolsa de liberaci\u00f3n WIAWIS es un accesorio dise\u00f1ado para arqueros que utilizan disparadores (release aid) y buscan comodidad, rapidez y protecci\u00f3n para su equipo durante la pr\u00e1ctica o competici\u00f3n.\ud83d\udd39 Caracter\u00edsticas principalesDise\u00f1o compacto y ligero: no molesta durante el tiro ni a\u00f1ade peso innecesario.Acceso r\u00e1pido: permite guardar y sacar el disparador de forma c\u00f3moda entre tiros.Material resistente: fabricado con tejidos duraderos para soportar uso intensivo.Sistema de fijaci\u00f3n al cintur\u00f3n: se engancha f\u00e1cilmente, manteniendo el disparador siempre a mano.Protecci\u00f3n del disparador: evita golpes, suciedad o p\u00e9rdidas.\" \/>\n<meta name=\"robots\" content=\"index, follow, max-snippet:-1, max-image-preview:large, max-video-preview:-1\" \/>\n<link rel=\"canonical\" href=\"https:\/\/moitoarchery.com\/en\/product\/bolsa-de-liberacion-wiawis\/\" \/>\n<meta property=\"og:locale\" content=\"en_US\" \/>\n<meta property=\"og:type\" content=\"article\" \/>\n<meta property=\"og:title\" content=\"Bolsa de liberaci\u00f3n Wiawis - MoitoArchery\" \/>\n<meta property=\"og:description\" content=\"La Bolsa de liberaci\u00f3n WIAWIS es un accesorio dise\u00f1ado para arqueros que utilizan disparadores (release aid) y buscan comodidad, rapidez y protecci\u00f3n para su equipo durante la pr\u00e1ctica o competici\u00f3n.\ud83d\udd39 Caracter\u00edsticas principalesDise\u00f1o compacto y ligero: no molesta durante el tiro ni a\u00f1ade peso innecesario.Acceso r\u00e1pido: permite guardar y sacar el disparador de forma c\u00f3moda entre tiros.Material resistente: fabricado con tejidos duraderos para soportar uso intensivo.Sistema de fijaci\u00f3n al cintur\u00f3n: se engancha f\u00e1cilmente, manteniendo el disparador siempre a mano.Protecci\u00f3n del disparador: evita golpes, suciedad o p\u00e9rdidas.\" \/>\n<meta property=\"og:url\" content=\"https:\/\/moitoarchery.com\/en\/product\/bolsa-de-liberacion-wiawis\/\" \/>\n<meta property=\"og:site_name\" content=\"MoitoArchery\" \/>\n<meta property=\"article:publisher\" content=\"https:\/\/www.facebook.com\/arqueriaOnline\/\" \/>\n<meta property=\"article:modified_time\" content=\"2026-04-16T09:21:19+00:00\" \/>\n<meta property=\"og:image\" content=\"https:\/\/moitoarchery.com\/wp-content\/uploads\/2026\/03\/Bolsa-de-liberacion-wiawis.jpg\" \/>\n\t<meta property=\"og:image:width\" content=\"800\" \/>\n\t<meta property=\"og:image:height\" content=\"800\" \/>\n\t<meta property=\"og:image:type\" content=\"image\/jpeg\" \/>\n<meta name=\"twitter:card\" content=\"summary_large_image\" \/>\n<meta name=\"twitter:label1\" content=\"Est. reading time\" \/>\n\t<meta name=\"twitter:data1\" content=\"1 minute\" \/>\n<script type=\"application\/ld+json\" class=\"yoast-schema-graph\">{\"@context\":\"https:\\\/\\\/schema.org\",\"@graph\":[{\"@type\":\"WebPage\",\"@id\":\"https:\\\/\\\/moitoarchery.com\\\/en\\\/product\\\/bolsa-de-liberacion-wiawis\\\/\",\"url\":\"https:\\\/\\\/moitoarchery.com\\\/en\\\/product\\\/bolsa-de-liberacion-wiawis\\\/\",\"name\":\"Bolsa de liberaci\u00f3n Wiawis - MoitoArchery\",\"isPartOf\":{\"@id\":\"https:\\\/\\\/moitoarchery.com\\\/en\\\/#website\"},\"primaryImageOfPage\":{\"@id\":\"https:\\\/\\\/moitoarchery.com\\\/en\\\/product\\\/bolsa-de-liberacion-wiawis\\\/#primaryimage\"},\"image\":{\"@id\":\"https:\\\/\\\/moitoarchery.com\\\/en\\\/product\\\/bolsa-de-liberacion-wiawis\\\/#primaryimage\"},\"thumbnailUrl\":\"https:\\\/\\\/moitoarchery.com\\\/wp-content\\\/uploads\\\/2026\\\/03\\\/Bolsa-de-liberacion-wiawis.jpg\",\"datePublished\":\"2026-03-25T09:09:58+00:00\",\"dateModified\":\"2026-04-16T09:21:19+00:00\",\"description\":\"La Bolsa de liberaci\u00f3n WIAWIS es un accesorio dise\u00f1ado para arqueros que utilizan disparadores (release aid) y buscan comodidad, rapidez y protecci\u00f3n para su equipo durante la pr\u00e1ctica o competici\u00f3n.\ud83d\udd39 Caracter\u00edsticas principalesDise\u00f1o compacto y ligero: no molesta durante el tiro ni a\u00f1ade peso innecesario.Acceso r\u00e1pido: permite guardar y sacar el disparador de forma c\u00f3moda entre tiros.Material resistente: fabricado con tejidos duraderos para soportar uso intensivo.Sistema de fijaci\u00f3n al cintur\u00f3n: se engancha f\u00e1cilmente, manteniendo el disparador siempre a mano.Protecci\u00f3n del disparador: evita golpes, suciedad o p\u00e9rdidas.\",\"breadcrumb\":{\"@id\":\"https:\\\/\\\/moitoarchery.com\\\/en\\\/product\\\/bolsa-de-liberacion-wiawis\\\/#breadcrumb\"},\"inLanguage\":\"en-US\",\"potentialAction\":[{\"@type\":\"ReadAction\",\"target\":[\"https:\\\/\\\/moitoarchery.com\\\/en\\\/product\\\/bolsa-de-liberacion-wiawis\\\/\"]}]},{\"@type\":\"ImageObject\",\"inLanguage\":\"en-US\",\"@id\":\"https:\\\/\\\/moitoarchery.com\\\/en\\\/product\\\/bolsa-de-liberacion-wiawis\\\/#primaryimage\",\"url\":\"https:\\\/\\\/moitoarchery.com\\\/wp-content\\\/uploads\\\/2026\\\/03\\\/Bolsa-de-liberacion-wiawis.jpg\",\"contentUrl\":\"https:\\\/\\\/moitoarchery.com\\\/wp-content\\\/uploads\\\/2026\\\/03\\\/Bolsa-de-liberacion-wiawis.jpg\",\"width\":800,\"height\":800,\"caption\":\"Bolsa de liberaci\u00f3n Wiawis\"},{\"@type\":\"BreadcrumbList\",\"@id\":\"https:\\\/\\\/moitoarchery.com\\\/en\\\/product\\\/bolsa-de-liberacion-wiawis\\\/#breadcrumb\",\"itemListElement\":[{\"@type\":\"ListItem\",\"position\":1,\"name\":\"Portada\",\"item\":\"https:\\\/\\\/moitoarchery.com\\\/en\\\/\"},{\"@type\":\"ListItem\",\"position\":2,\"name\":\"Shop\",\"item\":\"https:\\\/\\\/moitoarchery.com\\\/en\\\/shop\\\/\"},{\"@type\":\"ListItem\",\"position\":3,\"name\":\"Bolsa de liberaci\u00f3n Wiawis\"}]},{\"@type\":\"WebSite\",\"@id\":\"https:\\\/\\\/moitoarchery.com\\\/en\\\/#website\",\"url\":\"https:\\\/\\\/moitoarchery.com\\\/en\\\/\",\"name\":\"MoitoArchery\",\"description\":\"Tienda de Tiro con arco\",\"publisher\":{\"@id\":\"https:\\\/\\\/moitoarchery.com\\\/en\\\/#organization\"},\"potentialAction\":[{\"@type\":\"SearchAction\",\"target\":{\"@type\":\"EntryPoint\",\"urlTemplate\":\"https:\\\/\\\/moitoarchery.com\\\/en\\\/?s={search_term_string}\"},\"query-input\":{\"@type\":\"PropertyValueSpecification\",\"valueRequired\":true,\"valueName\":\"search_term_string\"}}],\"inLanguage\":\"en-US\"},{\"@type\":\"Organization\",\"@id\":\"https:\\\/\\\/moitoarchery.com\\\/en\\\/#organization\",\"name\":\"MoitoArchery\",\"url\":\"https:\\\/\\\/moitoarchery.com\\\/en\\\/\",\"logo\":{\"@type\":\"ImageObject\",\"inLanguage\":\"en-US\",\"@id\":\"https:\\\/\\\/moitoarchery.com\\\/en\\\/#\\\/schema\\\/logo\\\/image\\\/\",\"url\":\"https:\\\/\\\/moitoarchery.com\\\/wp-content\\\/uploads\\\/2020\\\/09\\\/logotipo-moitoarchery.png\",\"contentUrl\":\"https:\\\/\\\/moitoarchery.com\\\/wp-content\\\/uploads\\\/2020\\\/09\\\/logotipo-moitoarchery.png\",\"width\":300,\"height\":66,\"caption\":\"MoitoArchery\"},\"image\":{\"@id\":\"https:\\\/\\\/moitoarchery.com\\\/en\\\/#\\\/schema\\\/logo\\\/image\\\/\"},\"sameAs\":[\"https:\\\/\\\/www.facebook.com\\\/arqueriaOnline\\\/\",\"https:\\\/\\\/www.instagram.com\\\/moitoarchery\\\/\",\"https:\\\/\\\/www.youtube.com\\\/channel\\\/UCvmj39gVUIKVoJJ6vQC9GPA\\\/\"]}]}<\/script>\n<!-- \/ Yoast SEO plugin. -->","yoast_head_json":{"title":"Bolsa de liberaci\u00f3n Wiawis - MoitoArchery","description":"La Bolsa de liberaci\u00f3n WIAWIS es un accesorio dise\u00f1ado para arqueros que utilizan disparadores (release aid) y buscan comodidad, rapidez y protecci\u00f3n para su equipo durante la pr\u00e1ctica o competici\u00f3n.\ud83d\udd39 Caracter\u00edsticas principalesDise\u00f1o compacto y ligero: no molesta durante el tiro ni a\u00f1ade peso innecesario.Acceso r\u00e1pido: permite guardar y sacar el disparador de forma c\u00f3moda entre tiros.Material resistente: fabricado con tejidos duraderos para soportar uso intensivo.Sistema de fijaci\u00f3n al cintur\u00f3n: se engancha f\u00e1cilmente, manteniendo el disparador siempre a mano.Protecci\u00f3n del disparador: evita golpes, suciedad o p\u00e9rdidas.","robots":{"index":"index","follow":"follow","max-snippet":"max-snippet:-1","max-image-preview":"max-image-preview:large","max-video-preview":"max-video-preview:-1"},"canonical":"https:\/\/moitoarchery.com\/en\/product\/bolsa-de-liberacion-wiawis\/","og_locale":"en_US","og_type":"article","og_title":"Bolsa de liberaci\u00f3n Wiawis - MoitoArchery","og_description":"La Bolsa de liberaci\u00f3n WIAWIS es un accesorio dise\u00f1ado para arqueros que utilizan disparadores (release aid) y buscan comodidad, rapidez y protecci\u00f3n para su equipo durante la pr\u00e1ctica o competici\u00f3n.\ud83d\udd39 Caracter\u00edsticas principalesDise\u00f1o compacto y ligero: no molesta durante el tiro ni a\u00f1ade peso innecesario.Acceso r\u00e1pido: permite guardar y sacar el disparador de forma c\u00f3moda entre tiros.Material resistente: fabricado con tejidos duraderos para soportar uso intensivo.Sistema de fijaci\u00f3n al cintur\u00f3n: se engancha f\u00e1cilmente, manteniendo el disparador siempre a mano.Protecci\u00f3n del disparador: evita golpes, suciedad o p\u00e9rdidas.","og_url":"https:\/\/moitoarchery.com\/en\/product\/bolsa-de-liberacion-wiawis\/","og_site_name":"MoitoArchery","article_publisher":"https:\/\/www.facebook.com\/arqueriaOnline\/","article_modified_time":"2026-04-16T09:21:19+00:00","og_image":[{"width":800,"height":800,"url":"https:\/\/moitoarchery.com\/wp-content\/uploads\/2026\/03\/Bolsa-de-liberacion-wiawis.jpg","type":"image\/jpeg"}],"twitter_card":"summary_large_image","twitter_misc":{"Est. reading time":"1 minute"},"schema":{"@context":"https:\/\/schema.org","@graph":[{"@type":"WebPage","@id":"https:\/\/moitoarchery.com\/en\/product\/bolsa-de-liberacion-wiawis\/","url":"https:\/\/moitoarchery.com\/en\/product\/bolsa-de-liberacion-wiawis\/","name":"Bolsa de liberaci\u00f3n Wiawis - MoitoArchery","isPartOf":{"@id":"https:\/\/moitoarchery.com\/en\/#website"},"primaryImageOfPage":{"@id":"https:\/\/moitoarchery.com\/en\/product\/bolsa-de-liberacion-wiawis\/#primaryimage"},"image":{"@id":"https:\/\/moitoarchery.com\/en\/product\/bolsa-de-liberacion-wiawis\/#primaryimage"},"thumbnailUrl":"https:\/\/moitoarchery.com\/wp-content\/uploads\/2026\/03\/Bolsa-de-liberacion-wiawis.jpg","datePublished":"2026-03-25T09:09:58+00:00","dateModified":"2026-04-16T09:21:19+00:00","description":"La Bolsa de liberaci\u00f3n WIAWIS es un accesorio dise\u00f1ado para arqueros que utilizan disparadores (release aid) y buscan comodidad, rapidez y protecci\u00f3n para su equipo durante la pr\u00e1ctica o competici\u00f3n.\ud83d\udd39 Caracter\u00edsticas principalesDise\u00f1o compacto y ligero: no molesta durante el tiro ni a\u00f1ade peso innecesario.Acceso r\u00e1pido: permite guardar y sacar el disparador de forma c\u00f3moda entre tiros.Material resistente: fabricado con tejidos duraderos para soportar uso intensivo.Sistema de fijaci\u00f3n al cintur\u00f3n: se engancha f\u00e1cilmente, manteniendo el disparador siempre a mano.Protecci\u00f3n del disparador: evita golpes, suciedad o p\u00e9rdidas.","breadcrumb":{"@id":"https:\/\/moitoarchery.com\/en\/product\/bolsa-de-liberacion-wiawis\/#breadcrumb"},"inLanguage":"en-US","potentialAction":[{"@type":"ReadAction","target":["https:\/\/moitoarchery.com\/en\/product\/bolsa-de-liberacion-wiawis\/"]}]},{"@type":"ImageObject","inLanguage":"en-US","@id":"https:\/\/moitoarchery.com\/en\/product\/bolsa-de-liberacion-wiawis\/#primaryimage","url":"https:\/\/moitoarchery.com\/wp-content\/uploads\/2026\/03\/Bolsa-de-liberacion-wiawis.jpg","contentUrl":"https:\/\/moitoarchery.com\/wp-content\/uploads\/2026\/03\/Bolsa-de-liberacion-wiawis.jpg","width":800,"height":800,"caption":"Bolsa de liberaci\u00f3n Wiawis"},{"@type":"BreadcrumbList","@id":"https:\/\/moitoarchery.com\/en\/product\/bolsa-de-liberacion-wiawis\/#breadcrumb","itemListElement":[{"@type":"ListItem","position":1,"name":"Portada","item":"https:\/\/moitoarchery.com\/en\/"},{"@type":"ListItem","position":2,"name":"Shop","item":"https:\/\/moitoarchery.com\/en\/shop\/"},{"@type":"ListItem","position":3,"name":"Bolsa de liberaci\u00f3n Wiawis"}]},{"@type":"WebSite","@id":"https:\/\/moitoarchery.com\/en\/#website","url":"https:\/\/moitoarchery.com\/en\/","name":"MoitoArchery","description":"Tienda de Tiro con arco","publisher":{"@id":"https:\/\/moitoarchery.com\/en\/#organization"},"potentialAction":[{"@type":"SearchAction","target":{"@type":"EntryPoint","urlTemplate":"https:\/\/moitoarchery.com\/en\/?s={search_term_string}"},"query-input":{"@type":"PropertyValueSpecification","valueRequired":true,"valueName":"search_term_string"}}],"inLanguage":"en-US"},{"@type":"Organization","@id":"https:\/\/moitoarchery.com\/en\/#organization","name":"MoitoArchery","url":"https:\/\/moitoarchery.com\/en\/","logo":{"@type":"ImageObject","inLanguage":"en-US","@id":"https:\/\/moitoarchery.com\/en\/#\/schema\/logo\/image\/","url":"https:\/\/moitoarchery.com\/wp-content\/uploads\/2020\/09\/logotipo-moitoarchery.png","contentUrl":"https:\/\/moitoarchery.com\/wp-content\/uploads\/2020\/09\/logotipo-moitoarchery.png","width":300,"height":66,"caption":"MoitoArchery"},"image":{"@id":"https:\/\/moitoarchery.com\/en\/#\/schema\/logo\/image\/"},"sameAs":["https:\/\/www.facebook.com\/arqueriaOnline\/","https:\/\/www.instagram.com\/moitoarchery\/","https:\/\/www.youtube.com\/channel\/UCvmj39gVUIKVoJJ6vQC9GPA\/"]}]}},"_links":{"self":[{"href":"https:\/\/moitoarchery.com\/en\/wp-json\/wp\/v2\/product\/129483","targetHints":{"allow":["GET"]}}],"collection":[{"href":"https:\/\/moitoarchery.com\/en\/wp-json\/wp\/v2\/product"}],"about":[{"href":"https:\/\/moitoarchery.com\/en\/wp-json\/wp\/v2\/types\/product"}],"replies":[{"embeddable":true,"href":"https:\/\/moitoarchery.com\/en\/wp-json\/wp\/v2\/comments?post=129483"}],"version-history":[{"count":3,"href":"https:\/\/moitoarchery.com\/en\/wp-json\/wp\/v2\/product\/129483\/revisions"}],"predecessor-version":[{"id":130064,"href":"https:\/\/moitoarchery.com\/en\/wp-json\/wp\/v2\/product\/129483\/revisions\/130064"}],"wp:featuredmedia":[{"embeddable":true,"href":"https:\/\/moitoarchery.com\/en\/wp-json\/wp\/v2\/media\/129484"}],"wp:attachment":[{"href":"https:\/\/moitoarchery.com\/en\/wp-json\/wp\/v2\/media?parent=129483"}],"wp:term":[{"taxonomy":"product_brand","embeddable":true,"href":"https:\/\/moitoarchery.com\/en\/wp-json\/wp\/v2\/product_brand?post=129483"},{"taxonomy":"product_cat","embeddable":true,"href":"https:\/\/moitoarchery.com\/en\/wp-json\/wp\/v2\/product_cat?post=129483"},{"taxonomy":"product_tag","embeddable":true,"href":"https:\/\/moitoarchery.com\/en\/wp-json\/wp\/v2\/product_tag?post=129483"}],"curies":[{"name":"wp","href":"https:\/\/api.w.org\/{rel}","templated":true}]}}