{"id":129148,"date":"2026-03-23T10:19:46","date_gmt":"2026-03-23T09:19:46","guid":{"rendered":"https:\/\/moitoarchery.com\/?post_type=product&#038;p=129148"},"modified":"2026-04-16T11:55:12","modified_gmt":"2026-04-16T09:55:12","slug":"pesos-para-cuerpos-barebow-gas-pro","status":"publish","type":"product","link":"https:\/\/moitoarchery.com\/en\/product\/pesos-para-cuerpos-barebow-gas-pro\/","title":{"rendered":"Pesos para Cuerpos Barebow GAS Pro"},"content":{"rendered":"<p data-start=\"136\" data-end=\"446\">Los pesos para risers de <strong data-start=\"161\" data-end=\"172\">GAS Pro<\/strong> est\u00e1n dise\u00f1ados espec\u00edficamente para arqueros de <strong data-start=\"222\" data-end=\"233\">barebow<\/strong> que buscan mejorar la estabilidad, el equilibrio y el control durante el disparo. Fabricados en acero de alta calidad, permiten ajustar con precisi\u00f3n el comportamiento del arco seg\u00fan las preferencias del tirador.<\/p>\n<p data-start=\"448\" data-end=\"581\">Disponibles en diferentes configuraciones, estos pesos ofrecen versatilidad para adaptarse a distintos estilos de tiro y necesidades:<\/p>\n<ul data-start=\"583\" data-end=\"670\">\n<li data-section-id=\"1wioblk\" data-start=\"583\" data-end=\"623\">Pesos en acero: 200 g, 250 g y 350 g<\/li>\n<li data-section-id=\"aze2yn\" data-start=\"624\" data-end=\"670\">Versi\u00f3n en color negro disponible en 250 g<\/li>\n<\/ul>\n<p data-start=\"672\" data-end=\"848\">Gracias a su dise\u00f1o compacto y resistente, los pesos GAS Pro se integran perfectamente en el riser, aportando una sensaci\u00f3n m\u00e1s s\u00f3lida y reduciendo vibraciones tras el disparo.<\/p>\n<p data-start=\"850\" data-end=\"1007\">Ideales tanto para entrenamiento como competici\u00f3n, son un accesorio imprescindible para arqueros que buscan maximizar su rendimiento en la modalidad barebow.<\/p>\n","protected":false},"excerpt":{"rendered":"<p data-start=\"136\" data-end=\"446\">Los pesos para risers de <strong data-start=\"161\" data-end=\"172\">GAS Pro<\/strong> est\u00e1n dise\u00f1ados espec\u00edficamente para arqueros de <strong data-start=\"222\" data-end=\"233\">barebow<\/strong> que buscan mejorar la estabilidad, el equilibrio y el control durante el disparo. Fabricados en acero de alta calidad, permiten ajustar con precisi\u00f3n el comportamiento del arco seg\u00fan las preferencias del tirador.<\/p>\n","protected":false},"featured_media":129156,"comment_status":"open","ping_status":"closed","template":"","meta":{"_acf_changed":false},"product_brand":[4161],"product_cat":[109,154],"product_tag":[],"class_list":{"0":"post-129148","1":"product","2":"type-product","3":"status-publish","4":"has-post-thumbnail","6":"product_brand-gas-pro","7":"product_cat-estabilizadores","8":"product_cat-pesos","10":"first","11":"onbackorder","12":"sale","13":"taxable","14":"shipping-taxable","15":"purchasable","16":"product-type-variable"},"acf":[],"yoast_head":"<!-- This site is optimized with the Yoast SEO plugin v27.5 - https:\/\/yoast.com\/product\/yoast-seo-wordpress\/ -->\n<title>Pesos para Cuerpos Barebow GAS Pro - MoitoArchery<\/title>\n<meta name=\"description\" content=\"Los pesos para risers de GAS Pro est\u00e1n dise\u00f1ados espec\u00edficamente para arqueros de barebow que buscan mejorar la estabilidad, el equilibrio y el control durante el disparo. Fabricados en acero de alta calidad, permiten ajustar con precisi\u00f3n el comportamiento del arco seg\u00fan las preferencias del tirador.Disponibles en diferentes configuraciones, estos pesos ofrecen versatilidad para adaptarse a distintos estilos de tiro y necesidades:Pesos en acero: 200 g, 250 g y 350 gVersi\u00f3n en color negro disponible en 250 gGracias a su dise\u00f1o compacto y resistente, los pesos GAS Pro se integran perfectamente en el riser, aportando una sensaci\u00f3n m\u00e1s s\u00f3lida y reduciendo vibraciones tras el disparo.Ideales tanto para entrenamiento como competici\u00f3n, son un accesorio imprescindible para arqueros que buscan maximizar su rendimiento en la modalidad barebow.\" \/>\n<meta name=\"robots\" content=\"index, follow, max-snippet:-1, max-image-preview:large, max-video-preview:-1\" \/>\n<link rel=\"canonical\" href=\"https:\/\/moitoarchery.com\/en\/product\/pesos-para-cuerpos-barebow-gas-pro\/\" \/>\n<meta property=\"og:locale\" content=\"en_US\" \/>\n<meta property=\"og:type\" content=\"article\" \/>\n<meta property=\"og:title\" content=\"Pesos para Cuerpos Barebow GAS Pro - MoitoArchery\" \/>\n<meta property=\"og:description\" content=\"Los pesos para risers de GAS Pro est\u00e1n dise\u00f1ados espec\u00edficamente para arqueros de barebow que buscan mejorar la estabilidad, el equilibrio y el control durante el disparo. Fabricados en acero de alta calidad, permiten ajustar con precisi\u00f3n el comportamiento del arco seg\u00fan las preferencias del tirador.Disponibles en diferentes configuraciones, estos pesos ofrecen versatilidad para adaptarse a distintos estilos de tiro y necesidades:Pesos en acero: 200 g, 250 g y 350 gVersi\u00f3n en color negro disponible en 250 gGracias a su dise\u00f1o compacto y resistente, los pesos GAS Pro se integran perfectamente en el riser, aportando una sensaci\u00f3n m\u00e1s s\u00f3lida y reduciendo vibraciones tras el disparo.Ideales tanto para entrenamiento como competici\u00f3n, son un accesorio imprescindible para arqueros que buscan maximizar su rendimiento en la modalidad barebow.\" \/>\n<meta property=\"og:url\" content=\"https:\/\/moitoarchery.com\/en\/product\/pesos-para-cuerpos-barebow-gas-pro\/\" \/>\n<meta property=\"og:site_name\" content=\"MoitoArchery\" \/>\n<meta property=\"article:publisher\" content=\"https:\/\/www.facebook.com\/arqueriaOnline\/\" \/>\n<meta property=\"article:modified_time\" content=\"2026-04-16T09:55:12+00:00\" \/>\n<meta property=\"og:image\" content=\"https:\/\/moitoarchery.com\/wp-content\/uploads\/2026\/03\/Pesos-Gas-Barerbow.jpg\" \/>\n\t<meta property=\"og:image:width\" content=\"800\" \/>\n\t<meta property=\"og:image:height\" content=\"800\" \/>\n\t<meta property=\"og:image:type\" content=\"image\/jpeg\" \/>\n<meta name=\"twitter:card\" content=\"summary_large_image\" \/>\n<meta name=\"twitter:label1\" content=\"Est. reading time\" \/>\n\t<meta name=\"twitter:data1\" content=\"1 minute\" \/>\n<script type=\"application\/ld+json\" class=\"yoast-schema-graph\">{\"@context\":\"https:\\\/\\\/schema.org\",\"@graph\":[{\"@type\":\"WebPage\",\"@id\":\"https:\\\/\\\/moitoarchery.com\\\/en\\\/product\\\/pesos-para-cuerpos-barebow-gas-pro\\\/\",\"url\":\"https:\\\/\\\/moitoarchery.com\\\/en\\\/product\\\/pesos-para-cuerpos-barebow-gas-pro\\\/\",\"name\":\"Pesos para Cuerpos Barebow GAS Pro - MoitoArchery\",\"isPartOf\":{\"@id\":\"https:\\\/\\\/moitoarchery.com\\\/en\\\/#website\"},\"primaryImageOfPage\":{\"@id\":\"https:\\\/\\\/moitoarchery.com\\\/en\\\/product\\\/pesos-para-cuerpos-barebow-gas-pro\\\/#primaryimage\"},\"image\":{\"@id\":\"https:\\\/\\\/moitoarchery.com\\\/en\\\/product\\\/pesos-para-cuerpos-barebow-gas-pro\\\/#primaryimage\"},\"thumbnailUrl\":\"https:\\\/\\\/moitoarchery.com\\\/wp-content\\\/uploads\\\/2026\\\/03\\\/Pesos-Gas-Barerbow.jpg\",\"datePublished\":\"2026-03-23T09:19:46+00:00\",\"dateModified\":\"2026-04-16T09:55:12+00:00\",\"description\":\"Los pesos para risers de GAS Pro est\u00e1n dise\u00f1ados espec\u00edficamente para arqueros de barebow que buscan mejorar la estabilidad, el equilibrio y el control durante el disparo. Fabricados en acero de alta calidad, permiten ajustar con precisi\u00f3n el comportamiento del arco seg\u00fan las preferencias del tirador.Disponibles en diferentes configuraciones, estos pesos ofrecen versatilidad para adaptarse a distintos estilos de tiro y necesidades:Pesos en acero: 200 g, 250 g y 350 gVersi\u00f3n en color negro disponible en 250 gGracias a su dise\u00f1o compacto y resistente, los pesos GAS Pro se integran perfectamente en el riser, aportando una sensaci\u00f3n m\u00e1s s\u00f3lida y reduciendo vibraciones tras el disparo.Ideales tanto para entrenamiento como competici\u00f3n, son un accesorio imprescindible para arqueros que buscan maximizar su rendimiento en la modalidad barebow.\",\"breadcrumb\":{\"@id\":\"https:\\\/\\\/moitoarchery.com\\\/en\\\/product\\\/pesos-para-cuerpos-barebow-gas-pro\\\/#breadcrumb\"},\"inLanguage\":\"en-US\",\"potentialAction\":[{\"@type\":\"ReadAction\",\"target\":[\"https:\\\/\\\/moitoarchery.com\\\/en\\\/product\\\/pesos-para-cuerpos-barebow-gas-pro\\\/\"]}]},{\"@type\":\"ImageObject\",\"inLanguage\":\"en-US\",\"@id\":\"https:\\\/\\\/moitoarchery.com\\\/en\\\/product\\\/pesos-para-cuerpos-barebow-gas-pro\\\/#primaryimage\",\"url\":\"https:\\\/\\\/moitoarchery.com\\\/wp-content\\\/uploads\\\/2026\\\/03\\\/Pesos-Gas-Barerbow.jpg\",\"contentUrl\":\"https:\\\/\\\/moitoarchery.com\\\/wp-content\\\/uploads\\\/2026\\\/03\\\/Pesos-Gas-Barerbow.jpg\",\"width\":800,\"height\":800,\"caption\":\"Pesos-Gas-Barerbow\"},{\"@type\":\"BreadcrumbList\",\"@id\":\"https:\\\/\\\/moitoarchery.com\\\/en\\\/product\\\/pesos-para-cuerpos-barebow-gas-pro\\\/#breadcrumb\",\"itemListElement\":[{\"@type\":\"ListItem\",\"position\":1,\"name\":\"Portada\",\"item\":\"https:\\\/\\\/moitoarchery.com\\\/en\\\/\"},{\"@type\":\"ListItem\",\"position\":2,\"name\":\"Shop\",\"item\":\"https:\\\/\\\/moitoarchery.com\\\/en\\\/shop\\\/\"},{\"@type\":\"ListItem\",\"position\":3,\"name\":\"Pesos para Cuerpos Barebow GAS Pro\"}]},{\"@type\":\"WebSite\",\"@id\":\"https:\\\/\\\/moitoarchery.com\\\/en\\\/#website\",\"url\":\"https:\\\/\\\/moitoarchery.com\\\/en\\\/\",\"name\":\"MoitoArchery\",\"description\":\"Tienda de Tiro con arco\",\"publisher\":{\"@id\":\"https:\\\/\\\/moitoarchery.com\\\/en\\\/#organization\"},\"potentialAction\":[{\"@type\":\"SearchAction\",\"target\":{\"@type\":\"EntryPoint\",\"urlTemplate\":\"https:\\\/\\\/moitoarchery.com\\\/en\\\/?s={search_term_string}\"},\"query-input\":{\"@type\":\"PropertyValueSpecification\",\"valueRequired\":true,\"valueName\":\"search_term_string\"}}],\"inLanguage\":\"en-US\"},{\"@type\":\"Organization\",\"@id\":\"https:\\\/\\\/moitoarchery.com\\\/en\\\/#organization\",\"name\":\"MoitoArchery\",\"url\":\"https:\\\/\\\/moitoarchery.com\\\/en\\\/\",\"logo\":{\"@type\":\"ImageObject\",\"inLanguage\":\"en-US\",\"@id\":\"https:\\\/\\\/moitoarchery.com\\\/en\\\/#\\\/schema\\\/logo\\\/image\\\/\",\"url\":\"https:\\\/\\\/moitoarchery.com\\\/wp-content\\\/uploads\\\/2020\\\/09\\\/logotipo-moitoarchery.png\",\"contentUrl\":\"https:\\\/\\\/moitoarchery.com\\\/wp-content\\\/uploads\\\/2020\\\/09\\\/logotipo-moitoarchery.png\",\"width\":300,\"height\":66,\"caption\":\"MoitoArchery\"},\"image\":{\"@id\":\"https:\\\/\\\/moitoarchery.com\\\/en\\\/#\\\/schema\\\/logo\\\/image\\\/\"},\"sameAs\":[\"https:\\\/\\\/www.facebook.com\\\/arqueriaOnline\\\/\",\"https:\\\/\\\/www.instagram.com\\\/moitoarchery\\\/\",\"https:\\\/\\\/www.youtube.com\\\/channel\\\/UCvmj39gVUIKVoJJ6vQC9GPA\\\/\"]}]}<\/script>\n<!-- \/ Yoast SEO plugin. -->","yoast_head_json":{"title":"Pesos para Cuerpos Barebow GAS Pro - MoitoArchery","description":"Los pesos para risers de GAS Pro est\u00e1n dise\u00f1ados espec\u00edficamente para arqueros de barebow que buscan mejorar la estabilidad, el equilibrio y el control durante el disparo. Fabricados en acero de alta calidad, permiten ajustar con precisi\u00f3n el comportamiento del arco seg\u00fan las preferencias del tirador.Disponibles en diferentes configuraciones, estos pesos ofrecen versatilidad para adaptarse a distintos estilos de tiro y necesidades:Pesos en acero: 200 g, 250 g y 350 gVersi\u00f3n en color negro disponible en 250 gGracias a su dise\u00f1o compacto y resistente, los pesos GAS Pro se integran perfectamente en el riser, aportando una sensaci\u00f3n m\u00e1s s\u00f3lida y reduciendo vibraciones tras el disparo.Ideales tanto para entrenamiento como competici\u00f3n, son un accesorio imprescindible para arqueros que buscan maximizar su rendimiento en la modalidad barebow.","robots":{"index":"index","follow":"follow","max-snippet":"max-snippet:-1","max-image-preview":"max-image-preview:large","max-video-preview":"max-video-preview:-1"},"canonical":"https:\/\/moitoarchery.com\/en\/product\/pesos-para-cuerpos-barebow-gas-pro\/","og_locale":"en_US","og_type":"article","og_title":"Pesos para Cuerpos Barebow GAS Pro - MoitoArchery","og_description":"Los pesos para risers de GAS Pro est\u00e1n dise\u00f1ados espec\u00edficamente para arqueros de barebow que buscan mejorar la estabilidad, el equilibrio y el control durante el disparo. Fabricados en acero de alta calidad, permiten ajustar con precisi\u00f3n el comportamiento del arco seg\u00fan las preferencias del tirador.Disponibles en diferentes configuraciones, estos pesos ofrecen versatilidad para adaptarse a distintos estilos de tiro y necesidades:Pesos en acero: 200 g, 250 g y 350 gVersi\u00f3n en color negro disponible en 250 gGracias a su dise\u00f1o compacto y resistente, los pesos GAS Pro se integran perfectamente en el riser, aportando una sensaci\u00f3n m\u00e1s s\u00f3lida y reduciendo vibraciones tras el disparo.Ideales tanto para entrenamiento como competici\u00f3n, son un accesorio imprescindible para arqueros que buscan maximizar su rendimiento en la modalidad barebow.","og_url":"https:\/\/moitoarchery.com\/en\/product\/pesos-para-cuerpos-barebow-gas-pro\/","og_site_name":"MoitoArchery","article_publisher":"https:\/\/www.facebook.com\/arqueriaOnline\/","article_modified_time":"2026-04-16T09:55:12+00:00","og_image":[{"width":800,"height":800,"url":"https:\/\/moitoarchery.com\/wp-content\/uploads\/2026\/03\/Pesos-Gas-Barerbow.jpg","type":"image\/jpeg"}],"twitter_card":"summary_large_image","twitter_misc":{"Est. reading time":"1 minute"},"schema":{"@context":"https:\/\/schema.org","@graph":[{"@type":"WebPage","@id":"https:\/\/moitoarchery.com\/en\/product\/pesos-para-cuerpos-barebow-gas-pro\/","url":"https:\/\/moitoarchery.com\/en\/product\/pesos-para-cuerpos-barebow-gas-pro\/","name":"Pesos para Cuerpos Barebow GAS Pro - MoitoArchery","isPartOf":{"@id":"https:\/\/moitoarchery.com\/en\/#website"},"primaryImageOfPage":{"@id":"https:\/\/moitoarchery.com\/en\/product\/pesos-para-cuerpos-barebow-gas-pro\/#primaryimage"},"image":{"@id":"https:\/\/moitoarchery.com\/en\/product\/pesos-para-cuerpos-barebow-gas-pro\/#primaryimage"},"thumbnailUrl":"https:\/\/moitoarchery.com\/wp-content\/uploads\/2026\/03\/Pesos-Gas-Barerbow.jpg","datePublished":"2026-03-23T09:19:46+00:00","dateModified":"2026-04-16T09:55:12+00:00","description":"Los pesos para risers de GAS Pro est\u00e1n dise\u00f1ados espec\u00edficamente para arqueros de barebow que buscan mejorar la estabilidad, el equilibrio y el control durante el disparo. Fabricados en acero de alta calidad, permiten ajustar con precisi\u00f3n el comportamiento del arco seg\u00fan las preferencias del tirador.Disponibles en diferentes configuraciones, estos pesos ofrecen versatilidad para adaptarse a distintos estilos de tiro y necesidades:Pesos en acero: 200 g, 250 g y 350 gVersi\u00f3n en color negro disponible en 250 gGracias a su dise\u00f1o compacto y resistente, los pesos GAS Pro se integran perfectamente en el riser, aportando una sensaci\u00f3n m\u00e1s s\u00f3lida y reduciendo vibraciones tras el disparo.Ideales tanto para entrenamiento como competici\u00f3n, son un accesorio imprescindible para arqueros que buscan maximizar su rendimiento en la modalidad barebow.","breadcrumb":{"@id":"https:\/\/moitoarchery.com\/en\/product\/pesos-para-cuerpos-barebow-gas-pro\/#breadcrumb"},"inLanguage":"en-US","potentialAction":[{"@type":"ReadAction","target":["https:\/\/moitoarchery.com\/en\/product\/pesos-para-cuerpos-barebow-gas-pro\/"]}]},{"@type":"ImageObject","inLanguage":"en-US","@id":"https:\/\/moitoarchery.com\/en\/product\/pesos-para-cuerpos-barebow-gas-pro\/#primaryimage","url":"https:\/\/moitoarchery.com\/wp-content\/uploads\/2026\/03\/Pesos-Gas-Barerbow.jpg","contentUrl":"https:\/\/moitoarchery.com\/wp-content\/uploads\/2026\/03\/Pesos-Gas-Barerbow.jpg","width":800,"height":800,"caption":"Pesos-Gas-Barerbow"},{"@type":"BreadcrumbList","@id":"https:\/\/moitoarchery.com\/en\/product\/pesos-para-cuerpos-barebow-gas-pro\/#breadcrumb","itemListElement":[{"@type":"ListItem","position":1,"name":"Portada","item":"https:\/\/moitoarchery.com\/en\/"},{"@type":"ListItem","position":2,"name":"Shop","item":"https:\/\/moitoarchery.com\/en\/shop\/"},{"@type":"ListItem","position":3,"name":"Pesos para Cuerpos Barebow GAS Pro"}]},{"@type":"WebSite","@id":"https:\/\/moitoarchery.com\/en\/#website","url":"https:\/\/moitoarchery.com\/en\/","name":"MoitoArchery","description":"Tienda de Tiro con arco","publisher":{"@id":"https:\/\/moitoarchery.com\/en\/#organization"},"potentialAction":[{"@type":"SearchAction","target":{"@type":"EntryPoint","urlTemplate":"https:\/\/moitoarchery.com\/en\/?s={search_term_string}"},"query-input":{"@type":"PropertyValueSpecification","valueRequired":true,"valueName":"search_term_string"}}],"inLanguage":"en-US"},{"@type":"Organization","@id":"https:\/\/moitoarchery.com\/en\/#organization","name":"MoitoArchery","url":"https:\/\/moitoarchery.com\/en\/","logo":{"@type":"ImageObject","inLanguage":"en-US","@id":"https:\/\/moitoarchery.com\/en\/#\/schema\/logo\/image\/","url":"https:\/\/moitoarchery.com\/wp-content\/uploads\/2020\/09\/logotipo-moitoarchery.png","contentUrl":"https:\/\/moitoarchery.com\/wp-content\/uploads\/2020\/09\/logotipo-moitoarchery.png","width":300,"height":66,"caption":"MoitoArchery"},"image":{"@id":"https:\/\/moitoarchery.com\/en\/#\/schema\/logo\/image\/"},"sameAs":["https:\/\/www.facebook.com\/arqueriaOnline\/","https:\/\/www.instagram.com\/moitoarchery\/","https:\/\/www.youtube.com\/channel\/UCvmj39gVUIKVoJJ6vQC9GPA\/"]}]}},"_links":{"self":[{"href":"https:\/\/moitoarchery.com\/en\/wp-json\/wp\/v2\/product\/129148","targetHints":{"allow":["GET"]}}],"collection":[{"href":"https:\/\/moitoarchery.com\/en\/wp-json\/wp\/v2\/product"}],"about":[{"href":"https:\/\/moitoarchery.com\/en\/wp-json\/wp\/v2\/types\/product"}],"replies":[{"embeddable":true,"href":"https:\/\/moitoarchery.com\/en\/wp-json\/wp\/v2\/comments?post=129148"}],"version-history":[{"count":2,"href":"https:\/\/moitoarchery.com\/en\/wp-json\/wp\/v2\/product\/129148\/revisions"}],"predecessor-version":[{"id":129183,"href":"https:\/\/moitoarchery.com\/en\/wp-json\/wp\/v2\/product\/129148\/revisions\/129183"}],"wp:featuredmedia":[{"embeddable":true,"href":"https:\/\/moitoarchery.com\/en\/wp-json\/wp\/v2\/media\/129156"}],"wp:attachment":[{"href":"https:\/\/moitoarchery.com\/en\/wp-json\/wp\/v2\/media?parent=129148"}],"wp:term":[{"taxonomy":"product_brand","embeddable":true,"href":"https:\/\/moitoarchery.com\/en\/wp-json\/wp\/v2\/product_brand?post=129148"},{"taxonomy":"product_cat","embeddable":true,"href":"https:\/\/moitoarchery.com\/en\/wp-json\/wp\/v2\/product_cat?post=129148"},{"taxonomy":"product_tag","embeddable":true,"href":"https:\/\/moitoarchery.com\/en\/wp-json\/wp\/v2\/product_tag?post=129148"}],"curies":[{"name":"wp","href":"https:\/\/api.w.org\/{rel}","templated":true}]}}