{"id":128837,"date":"2026-03-17T11:36:22","date_gmt":"2026-03-17T10:36:22","guid":{"rendered":"https:\/\/moitoarchery.com\/?post_type=product&#038;p=128837"},"modified":"2026-04-16T11:21:19","modified_gmt":"2026-04-16T09:21:19","slug":"kit-de-peep-specialty-archery-deluxe-pxs","status":"publish","type":"product","link":"https:\/\/moitoarchery.com\/en\/product\/kit-de-peep-specialty-archery-deluxe-pxs\/","title":{"rendered":"Kit de peep Specialty Archery Deluxe PXS"},"content":{"rendered":"<p data-start=\"144\" data-end=\"470\">El <strong data-start=\"147\" data-end=\"200\">Specialty Archery PXS Target Capture Aperture Kit<\/strong> es una soluci\u00f3n completa para arqueros que buscan m\u00e1xima precisi\u00f3n y versatilidad en su sistema peep. Dise\u00f1ado como parte del avanzado sistema PXS, este kit incluye todas las aperturas necesarias para adaptarse a distintas condiciones de tiro y preferencias personales.<\/p>\n<p data-start=\"472\" data-end=\"593\">Gracias a su innovadora tecnolog\u00eda, garantiza un ajuste seguro y evita la p\u00e9rdida de componentes durante su uso o cambio.<\/p>\n<p data-start=\"595\" data-end=\"627\"><strong data-start=\"595\" data-end=\"627\">Caracter\u00edsticas principales:<\/strong><\/p>\n<ul data-start=\"628\" data-end=\"1074\">\n<li data-section-id=\"1530t0m\" data-start=\"628\" data-end=\"736\">\n<p data-start=\"630\" data-end=\"677\">Incluye las <strong data-start=\"642\" data-end=\"676\">5 aperturas PXS Target Capture<\/strong>:<\/p>\n<ul data-start=\"680\" data-end=\"736\">\n<li data-section-id=\"wcfm78\" data-start=\"680\" data-end=\"689\">\n<p data-start=\"682\" data-end=\"689\">1\/32\u2033<\/p>\n<\/li>\n<li data-section-id=\"1dwj51\" data-start=\"692\" data-end=\"701\">\n<p data-start=\"694\" data-end=\"701\">3\/64\u2033<\/p>\n<\/li>\n<li data-section-id=\"wdoduq\" data-start=\"704\" data-end=\"713\">\n<p data-start=\"706\" data-end=\"713\">1\/16\u2033<\/p>\n<\/li>\n<li data-section-id=\"1tapwm\" data-start=\"716\" data-end=\"725\">\n<p data-start=\"718\" data-end=\"725\">3\/32\u2033<\/p>\n<\/li>\n<li data-section-id=\"dr7od9\" data-start=\"728\" data-end=\"736\">\n<p data-start=\"730\" data-end=\"736\">1\/8\u2033<\/p>\n<\/li>\n<\/ul>\n<\/li>\n<li data-section-id=\"3dcqb\" data-start=\"737\" data-end=\"819\">\n<p data-start=\"739\" data-end=\"819\">Incluye <strong data-start=\"747\" data-end=\"787\">estuche de almacenamiento PXS Target<\/strong> para mantener todo organizado<\/p>\n<\/li>\n<li data-section-id=\"fl8q9t\" data-start=\"820\" data-end=\"921\">\n<p data-start=\"822\" data-end=\"921\">Tecnolog\u00eda <strong data-start=\"833\" data-end=\"868\">LRT (Lens Retention Technology)<\/strong> que evita que las aperturas se caigan o se pierdan<\/p>\n<\/li>\n<li data-section-id=\"12f5h4j\" data-start=\"922\" data-end=\"993\">\n<p data-start=\"924\" data-end=\"993\">Sistema dise\u00f1ado para m\u00e1xima precisi\u00f3n y consistencia en el disparo<\/p>\n<\/li>\n<li data-section-id=\"xfepbe\" data-start=\"994\" data-end=\"1074\">\n<p data-start=\"996\" data-end=\"1074\">Permite adaptar r\u00e1pidamente la apertura seg\u00fan condiciones de luz y distancia<\/p>\n<\/li>\n<\/ul>\n<p data-start=\"1076\" data-end=\"1095\"><strong data-start=\"1076\" data-end=\"1095\">Compatibilidad:<\/strong><\/p>\n<ul data-start=\"1096\" data-end=\"1209\">\n<li data-section-id=\"fy41oh\" data-start=\"1096\" data-end=\"1165\">\n<p data-start=\"1098\" data-end=\"1165\">Compatible exclusivamente con <strong data-start=\"1128\" data-end=\"1165\">Specialty Archery PXS Target Peep<\/strong><\/p>\n<\/li>\n<li data-section-id=\"17lo4a2\" data-start=\"1166\" data-end=\"1209\">\n<p data-start=\"1168\" data-end=\"1209\">No compatible con otros modelos de peep<\/p>\n<\/li>\n<\/ul>\n<p data-start=\"1211\" data-end=\"1338\">Un kit imprescindible para arqueros que quieren optimizar su configuraci\u00f3n y disponer de todas las opciones en un solo paquete.<\/p>\n<figure id=\"attachment_130833\" aria-describedby=\"caption-attachment-130833\" style=\"width: 300px\" class=\"wp-caption alignnone\"><a href=\"https:\/\/moitoarchery.com\/?attachment_id=130833\" rel=\"attachment wp-att-130833\"><img decoding=\"async\" class=\"size-medium wp-image-130833\" src=\"https:\/\/moitoarchery.com\/wp-content\/uploads\/2026\/03\/csm_peep_angle_chart_d451845433-300x91.png\" alt=\"Tabla para elecci\u00f3n de peep\" width=\"300\" height=\"91\" srcset=\"https:\/\/moitoarchery.com\/wp-content\/uploads\/2026\/03\/csm_peep_angle_chart_d451845433-300x91.png 300w, https:\/\/moitoarchery.com\/wp-content\/uploads\/2026\/03\/csm_peep_angle_chart_d451845433-600x182.png 600w, https:\/\/moitoarchery.com\/wp-content\/uploads\/2026\/03\/csm_peep_angle_chart_d451845433.png 768w\" sizes=\"(max-width: 300px) 100vw, 300px\" \/><\/a><figcaption id=\"caption-attachment-130833\" class=\"wp-caption-text\">Tabla para elecci\u00f3n de peep<\/figcaption><\/figure>\n","protected":false},"excerpt":{"rendered":"<p data-start=\"144\" data-end=\"470\">El <strong data-start=\"147\" data-end=\"200\">Specialty Archery PXS Target Capture Aperture Kit<\/strong> es una soluci\u00f3n completa para arqueros que buscan m\u00e1xima precisi\u00f3n y versatilidad en su sistema peep. Dise\u00f1ado como parte del avanzado sistema PXS, este kit incluye todas las aperturas necesarias para adaptarse a distintas condiciones de tiro y preferencias personales.<\/p>\n<p data-start=\"472\" data-end=\"593\">Gracias a su innovadora tecnolog\u00eda, garantiza un ajuste seguro y evita la p\u00e9rdida de componentes durante su uso o cambio.<\/p>\n[caption id=\"attachment_130833\" align=\"alignnone\" width=\"768\"]<a href=\"https:\/\/moitoarchery.com\/?attachment_id=130833\" rel=\"attachment wp-att-130833\"><img fetchpriority=\"high\" decoding=\"async\" class=\"wp-image-130833 size-full\" src=\"https:\/\/moitoarchery.com\/wp-content\/uploads\/2026\/03\/csm_peep_angle_chart_d451845433.png\" alt=\"Tabla para elecci\u00f3n de peep\" width=\"768\" height=\"233\" srcset=\"https:\/\/moitoarchery.com\/wp-content\/uploads\/2026\/03\/csm_peep_angle_chart_d451845433.png 768w, https:\/\/moitoarchery.com\/wp-content\/uploads\/2026\/03\/csm_peep_angle_chart_d451845433-300x91.png 300w, https:\/\/moitoarchery.com\/wp-content\/uploads\/2026\/03\/csm_peep_angle_chart_d451845433-600x182.png 600w\" sizes=\"(max-width: 768px) 100vw, 768px\" \/><\/a> Tabla para elecci\u00f3n de peep[\/caption]\n","protected":false},"featured_media":128839,"comment_status":"open","ping_status":"closed","template":"","meta":{"_acf_changed":false},"product_brand":[4080],"product_cat":[104,131],"product_tag":[],"class_list":{"0":"post-128837","1":"product","2":"type-product","3":"status-publish","4":"has-post-thumbnail","6":"product_brand-specialty-archery","7":"product_cat-accesorios","8":"product_cat-peeps","10":"first","11":"onbackorder","12":"sale","13":"taxable","14":"shipping-taxable","15":"purchasable","16":"product-type-simple"},"acf":[],"yoast_head":"<!-- This site is optimized with the Yoast SEO plugin v27.5 - https:\/\/yoast.com\/product\/yoast-seo-wordpress\/ -->\n<title>Kit de peep Specialty Archery Deluxe PXS - MoitoArchery<\/title>\n<meta name=\"description\" content=\"El Specialty Archery PXS Target Capture Aperture Kit es una soluci\u00f3n completa para arqueros que buscan m\u00e1xima precisi\u00f3n y versatilidad en su sistema peep. Dise\u00f1ado como parte del avanzado sistema PXS, este kit incluye todas las aperturas necesarias para adaptarse a distintas condiciones de tiro y preferencias personales.Gracias a su innovadora tecnolog\u00eda, garantiza un ajuste seguro y evita la p\u00e9rdida de componentes durante su uso o cambio.\" \/>\n<meta name=\"robots\" content=\"index, follow, max-snippet:-1, max-image-preview:large, max-video-preview:-1\" \/>\n<link rel=\"canonical\" href=\"https:\/\/moitoarchery.com\/en\/product\/kit-de-peep-specialty-archery-deluxe-pxs\/\" \/>\n<meta property=\"og:locale\" content=\"en_US\" \/>\n<meta property=\"og:type\" content=\"article\" \/>\n<meta property=\"og:title\" content=\"Kit de peep Specialty Archery Deluxe PXS - MoitoArchery\" \/>\n<meta property=\"og:description\" content=\"El Specialty Archery PXS Target Capture Aperture Kit es una soluci\u00f3n completa para arqueros que buscan m\u00e1xima precisi\u00f3n y versatilidad en su sistema peep. Dise\u00f1ado como parte del avanzado sistema PXS, este kit incluye todas las aperturas necesarias para adaptarse a distintas condiciones de tiro y preferencias personales.Gracias a su innovadora tecnolog\u00eda, garantiza un ajuste seguro y evita la p\u00e9rdida de componentes durante su uso o cambio.\" \/>\n<meta property=\"og:url\" content=\"https:\/\/moitoarchery.com\/en\/product\/kit-de-peep-specialty-archery-deluxe-pxs\/\" \/>\n<meta property=\"og:site_name\" content=\"MoitoArchery\" \/>\n<meta property=\"article:publisher\" content=\"https:\/\/www.facebook.com\/arqueriaOnline\/\" \/>\n<meta property=\"article:modified_time\" content=\"2026-04-16T09:21:19+00:00\" \/>\n<meta property=\"og:image\" content=\"https:\/\/moitoarchery.com\/wp-content\/uploads\/2026\/03\/Kit-de-Peep-PXS-con-aperturas.jpg\" \/>\n\t<meta property=\"og:image:width\" content=\"800\" \/>\n\t<meta property=\"og:image:height\" content=\"800\" \/>\n\t<meta property=\"og:image:type\" content=\"image\/jpeg\" \/>\n<meta name=\"twitter:card\" content=\"summary_large_image\" \/>\n<meta name=\"twitter:label1\" content=\"Est. reading time\" \/>\n\t<meta name=\"twitter:data1\" content=\"2 minutes\" \/>\n<script type=\"application\/ld+json\" class=\"yoast-schema-graph\">{\"@context\":\"https:\\\/\\\/schema.org\",\"@graph\":[{\"@type\":\"WebPage\",\"@id\":\"https:\\\/\\\/moitoarchery.com\\\/en\\\/product\\\/kit-de-peep-specialty-archery-deluxe-pxs\\\/\",\"url\":\"https:\\\/\\\/moitoarchery.com\\\/en\\\/product\\\/kit-de-peep-specialty-archery-deluxe-pxs\\\/\",\"name\":\"Kit de peep Specialty Archery Deluxe PXS - MoitoArchery\",\"isPartOf\":{\"@id\":\"https:\\\/\\\/moitoarchery.com\\\/en\\\/#website\"},\"primaryImageOfPage\":{\"@id\":\"https:\\\/\\\/moitoarchery.com\\\/en\\\/product\\\/kit-de-peep-specialty-archery-deluxe-pxs\\\/#primaryimage\"},\"image\":{\"@id\":\"https:\\\/\\\/moitoarchery.com\\\/en\\\/product\\\/kit-de-peep-specialty-archery-deluxe-pxs\\\/#primaryimage\"},\"thumbnailUrl\":\"https:\\\/\\\/moitoarchery.com\\\/wp-content\\\/uploads\\\/2026\\\/03\\\/Kit-de-Peep-PXS-con-aperturas.jpg\",\"datePublished\":\"2026-03-17T10:36:22+00:00\",\"dateModified\":\"2026-04-16T09:21:19+00:00\",\"description\":\"El Specialty Archery PXS Target Capture Aperture Kit es una soluci\u00f3n completa para arqueros que buscan m\u00e1xima precisi\u00f3n y versatilidad en su sistema peep. Dise\u00f1ado como parte del avanzado sistema PXS, este kit incluye todas las aperturas necesarias para adaptarse a distintas condiciones de tiro y preferencias personales.Gracias a su innovadora tecnolog\u00eda, garantiza un ajuste seguro y evita la p\u00e9rdida de componentes durante su uso o cambio.\",\"breadcrumb\":{\"@id\":\"https:\\\/\\\/moitoarchery.com\\\/en\\\/product\\\/kit-de-peep-specialty-archery-deluxe-pxs\\\/#breadcrumb\"},\"inLanguage\":\"en-US\",\"potentialAction\":[{\"@type\":\"ReadAction\",\"target\":[\"https:\\\/\\\/moitoarchery.com\\\/en\\\/product\\\/kit-de-peep-specialty-archery-deluxe-pxs\\\/\"]}]},{\"@type\":\"ImageObject\",\"inLanguage\":\"en-US\",\"@id\":\"https:\\\/\\\/moitoarchery.com\\\/en\\\/product\\\/kit-de-peep-specialty-archery-deluxe-pxs\\\/#primaryimage\",\"url\":\"https:\\\/\\\/moitoarchery.com\\\/wp-content\\\/uploads\\\/2026\\\/03\\\/Kit-de-Peep-PXS-con-aperturas.jpg\",\"contentUrl\":\"https:\\\/\\\/moitoarchery.com\\\/wp-content\\\/uploads\\\/2026\\\/03\\\/Kit-de-Peep-PXS-con-aperturas.jpg\",\"width\":800,\"height\":800,\"caption\":\"Kit de peep Specialty Archery Deluxe PXS\"},{\"@type\":\"BreadcrumbList\",\"@id\":\"https:\\\/\\\/moitoarchery.com\\\/en\\\/product\\\/kit-de-peep-specialty-archery-deluxe-pxs\\\/#breadcrumb\",\"itemListElement\":[{\"@type\":\"ListItem\",\"position\":1,\"name\":\"Portada\",\"item\":\"https:\\\/\\\/moitoarchery.com\\\/en\\\/\"},{\"@type\":\"ListItem\",\"position\":2,\"name\":\"Shop\",\"item\":\"https:\\\/\\\/moitoarchery.com\\\/en\\\/shop\\\/\"},{\"@type\":\"ListItem\",\"position\":3,\"name\":\"Kit de peep Specialty Archery Deluxe PXS\"}]},{\"@type\":\"WebSite\",\"@id\":\"https:\\\/\\\/moitoarchery.com\\\/en\\\/#website\",\"url\":\"https:\\\/\\\/moitoarchery.com\\\/en\\\/\",\"name\":\"MoitoArchery\",\"description\":\"Tienda de Tiro con arco\",\"publisher\":{\"@id\":\"https:\\\/\\\/moitoarchery.com\\\/en\\\/#organization\"},\"potentialAction\":[{\"@type\":\"SearchAction\",\"target\":{\"@type\":\"EntryPoint\",\"urlTemplate\":\"https:\\\/\\\/moitoarchery.com\\\/en\\\/?s={search_term_string}\"},\"query-input\":{\"@type\":\"PropertyValueSpecification\",\"valueRequired\":true,\"valueName\":\"search_term_string\"}}],\"inLanguage\":\"en-US\"},{\"@type\":\"Organization\",\"@id\":\"https:\\\/\\\/moitoarchery.com\\\/en\\\/#organization\",\"name\":\"MoitoArchery\",\"url\":\"https:\\\/\\\/moitoarchery.com\\\/en\\\/\",\"logo\":{\"@type\":\"ImageObject\",\"inLanguage\":\"en-US\",\"@id\":\"https:\\\/\\\/moitoarchery.com\\\/en\\\/#\\\/schema\\\/logo\\\/image\\\/\",\"url\":\"https:\\\/\\\/moitoarchery.com\\\/wp-content\\\/uploads\\\/2020\\\/09\\\/logotipo-moitoarchery.png\",\"contentUrl\":\"https:\\\/\\\/moitoarchery.com\\\/wp-content\\\/uploads\\\/2020\\\/09\\\/logotipo-moitoarchery.png\",\"width\":300,\"height\":66,\"caption\":\"MoitoArchery\"},\"image\":{\"@id\":\"https:\\\/\\\/moitoarchery.com\\\/en\\\/#\\\/schema\\\/logo\\\/image\\\/\"},\"sameAs\":[\"https:\\\/\\\/www.facebook.com\\\/arqueriaOnline\\\/\",\"https:\\\/\\\/www.instagram.com\\\/moitoarchery\\\/\",\"https:\\\/\\\/www.youtube.com\\\/channel\\\/UCvmj39gVUIKVoJJ6vQC9GPA\\\/\"]}]}<\/script>\n<!-- \/ Yoast SEO plugin. -->","yoast_head_json":{"title":"Kit de peep Specialty Archery Deluxe PXS - MoitoArchery","description":"El Specialty Archery PXS Target Capture Aperture Kit es una soluci\u00f3n completa para arqueros que buscan m\u00e1xima precisi\u00f3n y versatilidad en su sistema peep. Dise\u00f1ado como parte del avanzado sistema PXS, este kit incluye todas las aperturas necesarias para adaptarse a distintas condiciones de tiro y preferencias personales.Gracias a su innovadora tecnolog\u00eda, garantiza un ajuste seguro y evita la p\u00e9rdida de componentes durante su uso o cambio.","robots":{"index":"index","follow":"follow","max-snippet":"max-snippet:-1","max-image-preview":"max-image-preview:large","max-video-preview":"max-video-preview:-1"},"canonical":"https:\/\/moitoarchery.com\/en\/product\/kit-de-peep-specialty-archery-deluxe-pxs\/","og_locale":"en_US","og_type":"article","og_title":"Kit de peep Specialty Archery Deluxe PXS - MoitoArchery","og_description":"El Specialty Archery PXS Target Capture Aperture Kit es una soluci\u00f3n completa para arqueros que buscan m\u00e1xima precisi\u00f3n y versatilidad en su sistema peep. Dise\u00f1ado como parte del avanzado sistema PXS, este kit incluye todas las aperturas necesarias para adaptarse a distintas condiciones de tiro y preferencias personales.Gracias a su innovadora tecnolog\u00eda, garantiza un ajuste seguro y evita la p\u00e9rdida de componentes durante su uso o cambio.","og_url":"https:\/\/moitoarchery.com\/en\/product\/kit-de-peep-specialty-archery-deluxe-pxs\/","og_site_name":"MoitoArchery","article_publisher":"https:\/\/www.facebook.com\/arqueriaOnline\/","article_modified_time":"2026-04-16T09:21:19+00:00","og_image":[{"width":800,"height":800,"url":"https:\/\/moitoarchery.com\/wp-content\/uploads\/2026\/03\/Kit-de-Peep-PXS-con-aperturas.jpg","type":"image\/jpeg"}],"twitter_card":"summary_large_image","twitter_misc":{"Est. reading time":"2 minutes"},"schema":{"@context":"https:\/\/schema.org","@graph":[{"@type":"WebPage","@id":"https:\/\/moitoarchery.com\/en\/product\/kit-de-peep-specialty-archery-deluxe-pxs\/","url":"https:\/\/moitoarchery.com\/en\/product\/kit-de-peep-specialty-archery-deluxe-pxs\/","name":"Kit de peep Specialty Archery Deluxe PXS - MoitoArchery","isPartOf":{"@id":"https:\/\/moitoarchery.com\/en\/#website"},"primaryImageOfPage":{"@id":"https:\/\/moitoarchery.com\/en\/product\/kit-de-peep-specialty-archery-deluxe-pxs\/#primaryimage"},"image":{"@id":"https:\/\/moitoarchery.com\/en\/product\/kit-de-peep-specialty-archery-deluxe-pxs\/#primaryimage"},"thumbnailUrl":"https:\/\/moitoarchery.com\/wp-content\/uploads\/2026\/03\/Kit-de-Peep-PXS-con-aperturas.jpg","datePublished":"2026-03-17T10:36:22+00:00","dateModified":"2026-04-16T09:21:19+00:00","description":"El Specialty Archery PXS Target Capture Aperture Kit es una soluci\u00f3n completa para arqueros que buscan m\u00e1xima precisi\u00f3n y versatilidad en su sistema peep. Dise\u00f1ado como parte del avanzado sistema PXS, este kit incluye todas las aperturas necesarias para adaptarse a distintas condiciones de tiro y preferencias personales.Gracias a su innovadora tecnolog\u00eda, garantiza un ajuste seguro y evita la p\u00e9rdida de componentes durante su uso o cambio.","breadcrumb":{"@id":"https:\/\/moitoarchery.com\/en\/product\/kit-de-peep-specialty-archery-deluxe-pxs\/#breadcrumb"},"inLanguage":"en-US","potentialAction":[{"@type":"ReadAction","target":["https:\/\/moitoarchery.com\/en\/product\/kit-de-peep-specialty-archery-deluxe-pxs\/"]}]},{"@type":"ImageObject","inLanguage":"en-US","@id":"https:\/\/moitoarchery.com\/en\/product\/kit-de-peep-specialty-archery-deluxe-pxs\/#primaryimage","url":"https:\/\/moitoarchery.com\/wp-content\/uploads\/2026\/03\/Kit-de-Peep-PXS-con-aperturas.jpg","contentUrl":"https:\/\/moitoarchery.com\/wp-content\/uploads\/2026\/03\/Kit-de-Peep-PXS-con-aperturas.jpg","width":800,"height":800,"caption":"Kit de peep Specialty Archery Deluxe PXS"},{"@type":"BreadcrumbList","@id":"https:\/\/moitoarchery.com\/en\/product\/kit-de-peep-specialty-archery-deluxe-pxs\/#breadcrumb","itemListElement":[{"@type":"ListItem","position":1,"name":"Portada","item":"https:\/\/moitoarchery.com\/en\/"},{"@type":"ListItem","position":2,"name":"Shop","item":"https:\/\/moitoarchery.com\/en\/shop\/"},{"@type":"ListItem","position":3,"name":"Kit de peep Specialty Archery Deluxe PXS"}]},{"@type":"WebSite","@id":"https:\/\/moitoarchery.com\/en\/#website","url":"https:\/\/moitoarchery.com\/en\/","name":"MoitoArchery","description":"Tienda de Tiro con arco","publisher":{"@id":"https:\/\/moitoarchery.com\/en\/#organization"},"potentialAction":[{"@type":"SearchAction","target":{"@type":"EntryPoint","urlTemplate":"https:\/\/moitoarchery.com\/en\/?s={search_term_string}"},"query-input":{"@type":"PropertyValueSpecification","valueRequired":true,"valueName":"search_term_string"}}],"inLanguage":"en-US"},{"@type":"Organization","@id":"https:\/\/moitoarchery.com\/en\/#organization","name":"MoitoArchery","url":"https:\/\/moitoarchery.com\/en\/","logo":{"@type":"ImageObject","inLanguage":"en-US","@id":"https:\/\/moitoarchery.com\/en\/#\/schema\/logo\/image\/","url":"https:\/\/moitoarchery.com\/wp-content\/uploads\/2020\/09\/logotipo-moitoarchery.png","contentUrl":"https:\/\/moitoarchery.com\/wp-content\/uploads\/2020\/09\/logotipo-moitoarchery.png","width":300,"height":66,"caption":"MoitoArchery"},"image":{"@id":"https:\/\/moitoarchery.com\/en\/#\/schema\/logo\/image\/"},"sameAs":["https:\/\/www.facebook.com\/arqueriaOnline\/","https:\/\/www.instagram.com\/moitoarchery\/","https:\/\/www.youtube.com\/channel\/UCvmj39gVUIKVoJJ6vQC9GPA\/"]}]}},"_links":{"self":[{"href":"https:\/\/moitoarchery.com\/en\/wp-json\/wp\/v2\/product\/128837","targetHints":{"allow":["GET"]}}],"collection":[{"href":"https:\/\/moitoarchery.com\/en\/wp-json\/wp\/v2\/product"}],"about":[{"href":"https:\/\/moitoarchery.com\/en\/wp-json\/wp\/v2\/types\/product"}],"replies":[{"embeddable":true,"href":"https:\/\/moitoarchery.com\/en\/wp-json\/wp\/v2\/comments?post=128837"}],"version-history":[{"count":5,"href":"https:\/\/moitoarchery.com\/en\/wp-json\/wp\/v2\/product\/128837\/revisions"}],"predecessor-version":[{"id":132768,"href":"https:\/\/moitoarchery.com\/en\/wp-json\/wp\/v2\/product\/128837\/revisions\/132768"}],"wp:featuredmedia":[{"embeddable":true,"href":"https:\/\/moitoarchery.com\/en\/wp-json\/wp\/v2\/media\/128839"}],"wp:attachment":[{"href":"https:\/\/moitoarchery.com\/en\/wp-json\/wp\/v2\/media?parent=128837"}],"wp:term":[{"taxonomy":"product_brand","embeddable":true,"href":"https:\/\/moitoarchery.com\/en\/wp-json\/wp\/v2\/product_brand?post=128837"},{"taxonomy":"product_cat","embeddable":true,"href":"https:\/\/moitoarchery.com\/en\/wp-json\/wp\/v2\/product_cat?post=128837"},{"taxonomy":"product_tag","embeddable":true,"href":"https:\/\/moitoarchery.com\/en\/wp-json\/wp\/v2\/product_tag?post=128837"}],"curies":[{"name":"wp","href":"https:\/\/api.w.org\/{rel}","templated":true}]}}