{"id":128826,"date":"2026-03-17T11:15:14","date_gmt":"2026-03-17T10:15:14","guid":{"rendered":"https:\/\/moitoarchery.com\/?post_type=product&#038;p=128826"},"modified":"2026-04-16T11:55:12","modified_gmt":"2026-04-16T09:55:12","slug":"sistema-peep-de-alta-precision-pxs-specialty-archery","status":"publish","type":"product","link":"https:\/\/moitoarchery.com\/en\/product\/sistema-peep-de-alta-precision-pxs-specialty-archery\/","title":{"rendered":"Sistema Peep de Alta Precisi\u00f3n PXS Specialty Archery"},"content":{"rendered":"<p data-start=\"165\" data-end=\"469\">El <strong data-start=\"168\" data-end=\"208\">Specialty Archery PXS Target Housing<\/strong> es un sistema de peep avanzado, dise\u00f1ado para ofrecer la m\u00e1xima precisi\u00f3n y consistencia en cada disparo. Gracias a sus innovadoras tecnolog\u00edas, garantiza una alineaci\u00f3n perfecta y una experiencia de tiro superior, ideal para arqueros exigentes de competici\u00f3n.<\/p>\n<p data-start=\"471\" data-end=\"503\"><strong data-start=\"471\" data-end=\"503\">Caracter\u00edsticas principales:<\/strong><\/p>\n<ul data-start=\"504\" data-end=\"1079\">\n<li data-section-id=\"pixxeb\" data-start=\"504\" data-end=\"642\">\n<p data-start=\"506\" data-end=\"642\"><strong data-start=\"506\" data-end=\"534\">Center String Technology<\/strong>: colocado en el centro de la cuerda, elimina desviaciones izquierda\/derecha para una alineaci\u00f3n perfecta.<\/p>\n<\/li>\n<li data-section-id=\"197298i\" data-start=\"643\" data-end=\"754\">\n<p data-start=\"645\" data-end=\"754\"><strong data-start=\"645\" data-end=\"676\">Optical Centered Technology<\/strong>: mejora el centrado de las lentes, aumentando la precisi\u00f3n en cada disparo.<\/p>\n<\/li>\n<li data-section-id=\"1l98cun\" data-start=\"755\" data-end=\"863\">\n<p data-start=\"757\" data-end=\"863\"><strong data-start=\"757\" data-end=\"786\">Protected Lens Technology<\/strong>: lentes protegidas por ambos lados con pl\u00e1stico, evitando da\u00f1os o roturas.<\/p>\n<\/li>\n<li data-section-id=\"1kqsuqv\" data-start=\"864\" data-end=\"972\">\n<p data-start=\"866\" data-end=\"972\"><strong data-start=\"866\" data-end=\"898\">Dual String Angle Technology<\/strong>: compatible con \u00e1ngulos de cuerda de <strong data-start=\"936\" data-end=\"949\">37\u00b0 y 45\u00b0<\/strong> en un mismo housing.<\/p>\n<\/li>\n<li data-section-id=\"zg1eqs\" data-start=\"973\" data-end=\"1079\">\n<p data-start=\"975\" data-end=\"1079\"><strong data-start=\"975\" data-end=\"1008\">Tool-less Aperture Technology<\/strong>: permite cambiar aperturas f\u00e1cilmente sin necesidad de herramientas.<\/p>\n<\/li>\n<\/ul>\n<p data-start=\"1081\" data-end=\"1100\"><strong data-start=\"1081\" data-end=\"1100\">Compatibilidad:<\/strong><\/p>\n<ul data-start=\"1101\" data-end=\"1299\">\n<li data-section-id=\"91c7r0\" data-start=\"1101\" data-end=\"1234\">\n<p data-start=\"1103\" data-end=\"1185\">Compatible exclusivamente con accesorios <strong data-start=\"1144\" data-end=\"1163\">PXS Target Peep<\/strong> de Specialty Archery:<\/p>\n<ul data-start=\"1188\" data-end=\"1234\">\n<li data-section-id=\"1dvh963\" data-start=\"1188\" data-end=\"1201\">\n<p data-start=\"1190\" data-end=\"1201\">Apertures<\/p>\n<\/li>\n<li data-section-id=\"71fora\" data-start=\"1204\" data-end=\"1218\">\n<p data-start=\"1206\" data-end=\"1218\">Clarifiers<\/p>\n<\/li>\n<li data-section-id=\"nnnh8r\" data-start=\"1221\" data-end=\"1234\">\n<p data-start=\"1223\" data-end=\"1234\">Verifiers<\/p>\n<\/li>\n<\/ul>\n<\/li>\n<li data-section-id=\"1s1lkr5\" data-start=\"1235\" data-end=\"1299\">\n<p data-start=\"1237\" data-end=\"1299\">No compatible con otros modelos de peep de Specialty Archery<\/p>\n<\/li>\n<\/ul>\n<p data-start=\"1301\" data-end=\"1467\">Dise\u00f1ado para arqueros que buscan un sistema fiable, preciso y f\u00e1cil de ajustar, el PXS Target Housing es la base perfecta para un equipo de tiro de alto rendimiento.<\/p>\n","protected":false},"excerpt":{"rendered":"<p>El <strong data-start=\"168\" data-end=\"208\">Specialty Archery PXS Target Housing<\/strong> es un sistema de peep avanzado, dise\u00f1ado para ofrecer la m\u00e1xima precisi\u00f3n y consistencia en cada disparo. Gracias a sus innovadoras tecnolog\u00edas, garantiza una alineaci\u00f3n perfecta y una experiencia de tiro superior, ideal para arqueros exigentes de competici\u00f3n.<\/p>\n","protected":false},"featured_media":128834,"comment_status":"open","ping_status":"closed","template":"","meta":{"_acf_changed":false},"product_brand":[4080],"product_cat":[104,131],"product_tag":[],"class_list":{"0":"post-128826","1":"product","2":"type-product","3":"status-publish","4":"has-post-thumbnail","6":"product_brand-specialty-archery","7":"product_cat-accesorios","8":"product_cat-peeps","10":"first","11":"onbackorder","12":"sale","13":"taxable","14":"shipping-taxable","15":"purchasable","16":"product-type-variable"},"acf":[],"yoast_head":"<!-- This site is optimized with the Yoast SEO plugin v27.5 - https:\/\/yoast.com\/product\/yoast-seo-wordpress\/ -->\n<title>Sistema Peep de Alta Precisi\u00f3n PXS Specialty Archery - MoitoArchery<\/title>\n<meta name=\"description\" content=\"El Specialty Archery PXS Target Housing es un sistema de peep avanzado, dise\u00f1ado para ofrecer la m\u00e1xima precisi\u00f3n y consistencia en cada disparo. Gracias a sus innovadoras tecnolog\u00edas, garantiza una alineaci\u00f3n perfecta y una experiencia de tiro superior, ideal para arqueros exigentes de competici\u00f3n.\" \/>\n<meta name=\"robots\" content=\"index, follow, max-snippet:-1, max-image-preview:large, max-video-preview:-1\" \/>\n<link rel=\"canonical\" href=\"https:\/\/moitoarchery.com\/en\/product\/sistema-peep-de-alta-precision-pxs-specialty-archery\/\" \/>\n<meta property=\"og:locale\" content=\"en_US\" \/>\n<meta property=\"og:type\" content=\"article\" \/>\n<meta property=\"og:title\" content=\"Sistema Peep de Alta Precisi\u00f3n PXS Specialty Archery - MoitoArchery\" \/>\n<meta property=\"og:description\" content=\"El Specialty Archery PXS Target Housing es un sistema de peep avanzado, dise\u00f1ado para ofrecer la m\u00e1xima precisi\u00f3n y consistencia en cada disparo. Gracias a sus innovadoras tecnolog\u00edas, garantiza una alineaci\u00f3n perfecta y una experiencia de tiro superior, ideal para arqueros exigentes de competici\u00f3n.\" \/>\n<meta property=\"og:url\" content=\"https:\/\/moitoarchery.com\/en\/product\/sistema-peep-de-alta-precision-pxs-specialty-archery\/\" \/>\n<meta property=\"og:site_name\" content=\"MoitoArchery\" \/>\n<meta property=\"article:publisher\" content=\"https:\/\/www.facebook.com\/arqueriaOnline\/\" \/>\n<meta property=\"article:modified_time\" content=\"2026-04-16T09:55:12+00:00\" \/>\n<meta property=\"og:image\" content=\"https:\/\/moitoarchery.com\/wp-content\/uploads\/2026\/03\/Sistema-Peep-de-Alta-Precision-PXS-Specialty-Archery.jpg\" \/>\n\t<meta property=\"og:image:width\" content=\"800\" \/>\n\t<meta property=\"og:image:height\" content=\"800\" \/>\n\t<meta property=\"og:image:type\" content=\"image\/jpeg\" \/>\n<meta name=\"twitter:card\" content=\"summary_large_image\" \/>\n<meta name=\"twitter:label1\" content=\"Est. reading time\" \/>\n\t<meta name=\"twitter:data1\" content=\"1 minute\" \/>\n<script type=\"application\/ld+json\" class=\"yoast-schema-graph\">{\"@context\":\"https:\\\/\\\/schema.org\",\"@graph\":[{\"@type\":\"WebPage\",\"@id\":\"https:\\\/\\\/moitoarchery.com\\\/en\\\/product\\\/sistema-peep-de-alta-precision-pxs-specialty-archery\\\/\",\"url\":\"https:\\\/\\\/moitoarchery.com\\\/en\\\/product\\\/sistema-peep-de-alta-precision-pxs-specialty-archery\\\/\",\"name\":\"Sistema Peep de Alta Precisi\u00f3n PXS Specialty Archery - MoitoArchery\",\"isPartOf\":{\"@id\":\"https:\\\/\\\/moitoarchery.com\\\/en\\\/#website\"},\"primaryImageOfPage\":{\"@id\":\"https:\\\/\\\/moitoarchery.com\\\/en\\\/product\\\/sistema-peep-de-alta-precision-pxs-specialty-archery\\\/#primaryimage\"},\"image\":{\"@id\":\"https:\\\/\\\/moitoarchery.com\\\/en\\\/product\\\/sistema-peep-de-alta-precision-pxs-specialty-archery\\\/#primaryimage\"},\"thumbnailUrl\":\"https:\\\/\\\/moitoarchery.com\\\/wp-content\\\/uploads\\\/2026\\\/03\\\/Sistema-Peep-de-Alta-Precision-PXS-Specialty-Archery.jpg\",\"datePublished\":\"2026-03-17T10:15:14+00:00\",\"dateModified\":\"2026-04-16T09:55:12+00:00\",\"description\":\"El Specialty Archery PXS Target Housing es un sistema de peep avanzado, dise\u00f1ado para ofrecer la m\u00e1xima precisi\u00f3n y consistencia en cada disparo. Gracias a sus innovadoras tecnolog\u00edas, garantiza una alineaci\u00f3n perfecta y una experiencia de tiro superior, ideal para arqueros exigentes de competici\u00f3n.\",\"breadcrumb\":{\"@id\":\"https:\\\/\\\/moitoarchery.com\\\/en\\\/product\\\/sistema-peep-de-alta-precision-pxs-specialty-archery\\\/#breadcrumb\"},\"inLanguage\":\"en-US\",\"potentialAction\":[{\"@type\":\"ReadAction\",\"target\":[\"https:\\\/\\\/moitoarchery.com\\\/en\\\/product\\\/sistema-peep-de-alta-precision-pxs-specialty-archery\\\/\"]}]},{\"@type\":\"ImageObject\",\"inLanguage\":\"en-US\",\"@id\":\"https:\\\/\\\/moitoarchery.com\\\/en\\\/product\\\/sistema-peep-de-alta-precision-pxs-specialty-archery\\\/#primaryimage\",\"url\":\"https:\\\/\\\/moitoarchery.com\\\/wp-content\\\/uploads\\\/2026\\\/03\\\/Sistema-Peep-de-Alta-Precision-PXS-Specialty-Archery.jpg\",\"contentUrl\":\"https:\\\/\\\/moitoarchery.com\\\/wp-content\\\/uploads\\\/2026\\\/03\\\/Sistema-Peep-de-Alta-Precision-PXS-Specialty-Archery.jpg\",\"width\":800,\"height\":800,\"caption\":\"Sistema Peep de Alta Precisi\u00f3n PXS Specialty Archery\"},{\"@type\":\"BreadcrumbList\",\"@id\":\"https:\\\/\\\/moitoarchery.com\\\/en\\\/product\\\/sistema-peep-de-alta-precision-pxs-specialty-archery\\\/#breadcrumb\",\"itemListElement\":[{\"@type\":\"ListItem\",\"position\":1,\"name\":\"Portada\",\"item\":\"https:\\\/\\\/moitoarchery.com\\\/en\\\/\"},{\"@type\":\"ListItem\",\"position\":2,\"name\":\"Shop\",\"item\":\"https:\\\/\\\/moitoarchery.com\\\/en\\\/shop\\\/\"},{\"@type\":\"ListItem\",\"position\":3,\"name\":\"Sistema Peep de Alta Precisi\u00f3n PXS Specialty Archery\"}]},{\"@type\":\"WebSite\",\"@id\":\"https:\\\/\\\/moitoarchery.com\\\/en\\\/#website\",\"url\":\"https:\\\/\\\/moitoarchery.com\\\/en\\\/\",\"name\":\"MoitoArchery\",\"description\":\"Tienda de Tiro con arco\",\"publisher\":{\"@id\":\"https:\\\/\\\/moitoarchery.com\\\/en\\\/#organization\"},\"potentialAction\":[{\"@type\":\"SearchAction\",\"target\":{\"@type\":\"EntryPoint\",\"urlTemplate\":\"https:\\\/\\\/moitoarchery.com\\\/en\\\/?s={search_term_string}\"},\"query-input\":{\"@type\":\"PropertyValueSpecification\",\"valueRequired\":true,\"valueName\":\"search_term_string\"}}],\"inLanguage\":\"en-US\"},{\"@type\":\"Organization\",\"@id\":\"https:\\\/\\\/moitoarchery.com\\\/en\\\/#organization\",\"name\":\"MoitoArchery\",\"url\":\"https:\\\/\\\/moitoarchery.com\\\/en\\\/\",\"logo\":{\"@type\":\"ImageObject\",\"inLanguage\":\"en-US\",\"@id\":\"https:\\\/\\\/moitoarchery.com\\\/en\\\/#\\\/schema\\\/logo\\\/image\\\/\",\"url\":\"https:\\\/\\\/moitoarchery.com\\\/wp-content\\\/uploads\\\/2020\\\/09\\\/logotipo-moitoarchery.png\",\"contentUrl\":\"https:\\\/\\\/moitoarchery.com\\\/wp-content\\\/uploads\\\/2020\\\/09\\\/logotipo-moitoarchery.png\",\"width\":300,\"height\":66,\"caption\":\"MoitoArchery\"},\"image\":{\"@id\":\"https:\\\/\\\/moitoarchery.com\\\/en\\\/#\\\/schema\\\/logo\\\/image\\\/\"},\"sameAs\":[\"https:\\\/\\\/www.facebook.com\\\/arqueriaOnline\\\/\",\"https:\\\/\\\/www.instagram.com\\\/moitoarchery\\\/\",\"https:\\\/\\\/www.youtube.com\\\/channel\\\/UCvmj39gVUIKVoJJ6vQC9GPA\\\/\"]}]}<\/script>\n<!-- \/ Yoast SEO plugin. -->","yoast_head_json":{"title":"Sistema Peep de Alta Precisi\u00f3n PXS Specialty Archery - MoitoArchery","description":"El Specialty Archery PXS Target Housing es un sistema de peep avanzado, dise\u00f1ado para ofrecer la m\u00e1xima precisi\u00f3n y consistencia en cada disparo. Gracias a sus innovadoras tecnolog\u00edas, garantiza una alineaci\u00f3n perfecta y una experiencia de tiro superior, ideal para arqueros exigentes de competici\u00f3n.","robots":{"index":"index","follow":"follow","max-snippet":"max-snippet:-1","max-image-preview":"max-image-preview:large","max-video-preview":"max-video-preview:-1"},"canonical":"https:\/\/moitoarchery.com\/en\/product\/sistema-peep-de-alta-precision-pxs-specialty-archery\/","og_locale":"en_US","og_type":"article","og_title":"Sistema Peep de Alta Precisi\u00f3n PXS Specialty Archery - MoitoArchery","og_description":"El Specialty Archery PXS Target Housing es un sistema de peep avanzado, dise\u00f1ado para ofrecer la m\u00e1xima precisi\u00f3n y consistencia en cada disparo. Gracias a sus innovadoras tecnolog\u00edas, garantiza una alineaci\u00f3n perfecta y una experiencia de tiro superior, ideal para arqueros exigentes de competici\u00f3n.","og_url":"https:\/\/moitoarchery.com\/en\/product\/sistema-peep-de-alta-precision-pxs-specialty-archery\/","og_site_name":"MoitoArchery","article_publisher":"https:\/\/www.facebook.com\/arqueriaOnline\/","article_modified_time":"2026-04-16T09:55:12+00:00","og_image":[{"width":800,"height":800,"url":"https:\/\/moitoarchery.com\/wp-content\/uploads\/2026\/03\/Sistema-Peep-de-Alta-Precision-PXS-Specialty-Archery.jpg","type":"image\/jpeg"}],"twitter_card":"summary_large_image","twitter_misc":{"Est. reading time":"1 minute"},"schema":{"@context":"https:\/\/schema.org","@graph":[{"@type":"WebPage","@id":"https:\/\/moitoarchery.com\/en\/product\/sistema-peep-de-alta-precision-pxs-specialty-archery\/","url":"https:\/\/moitoarchery.com\/en\/product\/sistema-peep-de-alta-precision-pxs-specialty-archery\/","name":"Sistema Peep de Alta Precisi\u00f3n PXS Specialty Archery - MoitoArchery","isPartOf":{"@id":"https:\/\/moitoarchery.com\/en\/#website"},"primaryImageOfPage":{"@id":"https:\/\/moitoarchery.com\/en\/product\/sistema-peep-de-alta-precision-pxs-specialty-archery\/#primaryimage"},"image":{"@id":"https:\/\/moitoarchery.com\/en\/product\/sistema-peep-de-alta-precision-pxs-specialty-archery\/#primaryimage"},"thumbnailUrl":"https:\/\/moitoarchery.com\/wp-content\/uploads\/2026\/03\/Sistema-Peep-de-Alta-Precision-PXS-Specialty-Archery.jpg","datePublished":"2026-03-17T10:15:14+00:00","dateModified":"2026-04-16T09:55:12+00:00","description":"El Specialty Archery PXS Target Housing es un sistema de peep avanzado, dise\u00f1ado para ofrecer la m\u00e1xima precisi\u00f3n y consistencia en cada disparo. Gracias a sus innovadoras tecnolog\u00edas, garantiza una alineaci\u00f3n perfecta y una experiencia de tiro superior, ideal para arqueros exigentes de competici\u00f3n.","breadcrumb":{"@id":"https:\/\/moitoarchery.com\/en\/product\/sistema-peep-de-alta-precision-pxs-specialty-archery\/#breadcrumb"},"inLanguage":"en-US","potentialAction":[{"@type":"ReadAction","target":["https:\/\/moitoarchery.com\/en\/product\/sistema-peep-de-alta-precision-pxs-specialty-archery\/"]}]},{"@type":"ImageObject","inLanguage":"en-US","@id":"https:\/\/moitoarchery.com\/en\/product\/sistema-peep-de-alta-precision-pxs-specialty-archery\/#primaryimage","url":"https:\/\/moitoarchery.com\/wp-content\/uploads\/2026\/03\/Sistema-Peep-de-Alta-Precision-PXS-Specialty-Archery.jpg","contentUrl":"https:\/\/moitoarchery.com\/wp-content\/uploads\/2026\/03\/Sistema-Peep-de-Alta-Precision-PXS-Specialty-Archery.jpg","width":800,"height":800,"caption":"Sistema Peep de Alta Precisi\u00f3n PXS Specialty Archery"},{"@type":"BreadcrumbList","@id":"https:\/\/moitoarchery.com\/en\/product\/sistema-peep-de-alta-precision-pxs-specialty-archery\/#breadcrumb","itemListElement":[{"@type":"ListItem","position":1,"name":"Portada","item":"https:\/\/moitoarchery.com\/en\/"},{"@type":"ListItem","position":2,"name":"Shop","item":"https:\/\/moitoarchery.com\/en\/shop\/"},{"@type":"ListItem","position":3,"name":"Sistema Peep de Alta Precisi\u00f3n PXS Specialty Archery"}]},{"@type":"WebSite","@id":"https:\/\/moitoarchery.com\/en\/#website","url":"https:\/\/moitoarchery.com\/en\/","name":"MoitoArchery","description":"Tienda de Tiro con arco","publisher":{"@id":"https:\/\/moitoarchery.com\/en\/#organization"},"potentialAction":[{"@type":"SearchAction","target":{"@type":"EntryPoint","urlTemplate":"https:\/\/moitoarchery.com\/en\/?s={search_term_string}"},"query-input":{"@type":"PropertyValueSpecification","valueRequired":true,"valueName":"search_term_string"}}],"inLanguage":"en-US"},{"@type":"Organization","@id":"https:\/\/moitoarchery.com\/en\/#organization","name":"MoitoArchery","url":"https:\/\/moitoarchery.com\/en\/","logo":{"@type":"ImageObject","inLanguage":"en-US","@id":"https:\/\/moitoarchery.com\/en\/#\/schema\/logo\/image\/","url":"https:\/\/moitoarchery.com\/wp-content\/uploads\/2020\/09\/logotipo-moitoarchery.png","contentUrl":"https:\/\/moitoarchery.com\/wp-content\/uploads\/2020\/09\/logotipo-moitoarchery.png","width":300,"height":66,"caption":"MoitoArchery"},"image":{"@id":"https:\/\/moitoarchery.com\/en\/#\/schema\/logo\/image\/"},"sameAs":["https:\/\/www.facebook.com\/arqueriaOnline\/","https:\/\/www.instagram.com\/moitoarchery\/","https:\/\/www.youtube.com\/channel\/UCvmj39gVUIKVoJJ6vQC9GPA\/"]}]}},"_links":{"self":[{"href":"https:\/\/moitoarchery.com\/en\/wp-json\/wp\/v2\/product\/128826","targetHints":{"allow":["GET"]}}],"collection":[{"href":"https:\/\/moitoarchery.com\/en\/wp-json\/wp\/v2\/product"}],"about":[{"href":"https:\/\/moitoarchery.com\/en\/wp-json\/wp\/v2\/types\/product"}],"replies":[{"embeddable":true,"href":"https:\/\/moitoarchery.com\/en\/wp-json\/wp\/v2\/comments?post=128826"}],"version-history":[{"count":1,"href":"https:\/\/moitoarchery.com\/en\/wp-json\/wp\/v2\/product\/128826\/revisions"}],"predecessor-version":[{"id":134300,"href":"https:\/\/moitoarchery.com\/en\/wp-json\/wp\/v2\/product\/128826\/revisions\/134300"}],"wp:featuredmedia":[{"embeddable":true,"href":"https:\/\/moitoarchery.com\/en\/wp-json\/wp\/v2\/media\/128834"}],"wp:attachment":[{"href":"https:\/\/moitoarchery.com\/en\/wp-json\/wp\/v2\/media?parent=128826"}],"wp:term":[{"taxonomy":"product_brand","embeddable":true,"href":"https:\/\/moitoarchery.com\/en\/wp-json\/wp\/v2\/product_brand?post=128826"},{"taxonomy":"product_cat","embeddable":true,"href":"https:\/\/moitoarchery.com\/en\/wp-json\/wp\/v2\/product_cat?post=128826"},{"taxonomy":"product_tag","embeddable":true,"href":"https:\/\/moitoarchery.com\/en\/wp-json\/wp\/v2\/product_tag?post=128826"}],"curies":[{"name":"wp","href":"https:\/\/api.w.org\/{rel}","templated":true}]}}