{"id":128799,"date":"2026-03-17T12:07:21","date_gmt":"2026-03-17T11:07:21","guid":{"rendered":"https:\/\/moitoarchery.com\/?post_type=product&#038;p=128799"},"modified":"2026-04-16T11:55:11","modified_gmt":"2026-04-16T09:55:11","slug":"clarificador-para-peep-pxs-5-aumentos-disponibles","status":"publish","type":"product","link":"https:\/\/moitoarchery.com\/en\/product\/clarificador-para-peep-pxs-5-aumentos-disponibles\/","title":{"rendered":"Clarificador para Peep PXS 5 aumentos disponibles"},"content":{"rendered":"<p data-start=\"152\" data-end=\"451\">El <strong data-start=\"155\" data-end=\"183\">PXS Target Peep Verifier<\/strong> de Specialty Archery es un accesorio dise\u00f1ado para mejorar la claridad del objetivo al usar un visor y lente en tu arco. Permite distinguir con precisi\u00f3n los detalles del blanco a larga distancia, ideal para competiciones y entrenamientos de tiro de alta precisi\u00f3n.<\/p>\n<p data-start=\"453\" data-end=\"487\"><strong data-start=\"453\" data-end=\"485\">Caracter\u00edsticas principales:<\/strong><\/p>\n<ul data-start=\"488\" data-end=\"937\">\n<li data-section-id=\"qcgixv\" data-start=\"488\" data-end=\"578\">\n<p data-start=\"490\" data-end=\"578\">Funciona junto con un arco con visor y lente para mejorar la visibilidad del objetivo.<\/p>\n<\/li>\n<li data-section-id=\"6mocyk\" data-start=\"579\" data-end=\"689\">\n<p data-start=\"581\" data-end=\"689\">Disponible en <strong data-start=\"595\" data-end=\"620\">5 aumentos diferentes<\/strong> de Clarifier para adaptarse a distintos niveles de lente de visor. Dorado: 0.5 Amarillo: 1.0 Azul: 1.5 Verde: 2.0 Rojo: 3.0<\/p>\n<\/li>\n<li data-section-id=\"ms5k85\" data-start=\"690\" data-end=\"769\">\n<p data-start=\"692\" data-end=\"769\">Cuanto m\u00e1s potente sea tu lente, mayor aumento de Clarifier ser\u00e1 necesario.<\/p>\n<\/li>\n<li data-section-id=\"4rp0u\" data-start=\"770\" data-end=\"881\">\n<p data-start=\"772\" data-end=\"881\">Compatible <strong data-start=\"783\" data-end=\"801\">exclusivamente<\/strong> con PXS Target Peep de Specialty Archery. No apto para otros modelos de peep.<\/p>\n<\/li>\n<li data-section-id=\"sqw8zg\" data-start=\"882\" data-end=\"937\">\n<p data-start=\"884\" data-end=\"937\">Peso seg\u00fan modelo: 1.0 grains.<\/p>\n<\/li>\n<\/ul>\n<p data-start=\"939\" data-end=\"1090\">Optimiza tu tiro y logra la m\u00e1xima precisi\u00f3n en cada disparo con este accesorio esencial para arqueros que buscan claridad y rendimiento profesional.<\/p>\n<p data-start=\"941\" data-end=\"1059\">al en competici\u00f3n o entrenamiento.<\/p>\n","protected":false},"excerpt":{"rendered":"<p>El <strong data-start=\"155\" data-end=\"183\">PXS Target Peep Verifier<\/strong> de Specialty Archery es un accesorio dise\u00f1ado para mejorar la claridad del objetivo al usar un visor y lente en tu arco. Permite distinguir con precisi\u00f3n los detalles del blanco a larga distancia, ideal para competiciones y entrenamientos de tiro de alta precisi\u00f3n.<\/p>\n","protected":false},"featured_media":128811,"comment_status":"open","ping_status":"closed","template":"","meta":{"_acf_changed":false},"product_brand":[4080],"product_cat":[104,131],"product_tag":[],"class_list":{"0":"post-128799","1":"product","2":"type-product","3":"status-publish","4":"has-post-thumbnail","6":"product_brand-specialty-archery","7":"product_cat-accesorios","8":"product_cat-peeps","10":"first","11":"onbackorder","12":"sale","13":"taxable","14":"shipping-taxable","15":"purchasable","16":"product-type-variable"},"acf":[],"yoast_head":"<!-- This site is optimized with the Yoast SEO plugin v27.5 - https:\/\/yoast.com\/product\/yoast-seo-wordpress\/ -->\n<title>Clarificador para Peep PXS 5 aumentos disponibles - MoitoArchery<\/title>\n<meta name=\"description\" content=\"El PXS Target Peep Verifier de Specialty Archery es un accesorio dise\u00f1ado para mejorar la claridad del objetivo al usar un visor y lente en tu arco. Permite distinguir con precisi\u00f3n los detalles del blanco a larga distancia, ideal para competiciones y entrenamientos de tiro de alta precisi\u00f3n.\" \/>\n<meta name=\"robots\" content=\"index, follow, max-snippet:-1, max-image-preview:large, max-video-preview:-1\" \/>\n<link rel=\"canonical\" href=\"https:\/\/moitoarchery.com\/en\/product\/clarificador-para-peep-pxs-5-aumentos-disponibles\/\" \/>\n<meta property=\"og:locale\" content=\"en_US\" \/>\n<meta property=\"og:type\" content=\"article\" \/>\n<meta property=\"og:title\" content=\"Clarificador para Peep PXS 5 aumentos disponibles - MoitoArchery\" \/>\n<meta property=\"og:description\" content=\"El PXS Target Peep Verifier de Specialty Archery es un accesorio dise\u00f1ado para mejorar la claridad del objetivo al usar un visor y lente en tu arco. Permite distinguir con precisi\u00f3n los detalles del blanco a larga distancia, ideal para competiciones y entrenamientos de tiro de alta precisi\u00f3n.\" \/>\n<meta property=\"og:url\" content=\"https:\/\/moitoarchery.com\/en\/product\/clarificador-para-peep-pxs-5-aumentos-disponibles\/\" \/>\n<meta property=\"og:site_name\" content=\"MoitoArchery\" \/>\n<meta property=\"article:publisher\" content=\"https:\/\/www.facebook.com\/arqueriaOnline\/\" \/>\n<meta property=\"article:modified_time\" content=\"2026-04-16T09:55:11+00:00\" \/>\n<meta property=\"og:image\" content=\"https:\/\/moitoarchery.com\/wp-content\/uploads\/2026\/03\/Clarificador-Peep-PXS.jpg\" \/>\n\t<meta property=\"og:image:width\" content=\"800\" \/>\n\t<meta property=\"og:image:height\" content=\"800\" \/>\n\t<meta property=\"og:image:type\" content=\"image\/jpeg\" \/>\n<meta name=\"twitter:card\" content=\"summary_large_image\" \/>\n<meta name=\"twitter:label1\" content=\"Est. reading time\" \/>\n\t<meta name=\"twitter:data1\" content=\"1 minute\" \/>\n<script type=\"application\/ld+json\" class=\"yoast-schema-graph\">{\"@context\":\"https:\\\/\\\/schema.org\",\"@graph\":[{\"@type\":\"WebPage\",\"@id\":\"https:\\\/\\\/moitoarchery.com\\\/en\\\/product\\\/clarificador-para-peep-pxs-5-aumentos-disponibles\\\/\",\"url\":\"https:\\\/\\\/moitoarchery.com\\\/en\\\/product\\\/clarificador-para-peep-pxs-5-aumentos-disponibles\\\/\",\"name\":\"Clarificador para Peep PXS 5 aumentos disponibles - MoitoArchery\",\"isPartOf\":{\"@id\":\"https:\\\/\\\/moitoarchery.com\\\/en\\\/#website\"},\"primaryImageOfPage\":{\"@id\":\"https:\\\/\\\/moitoarchery.com\\\/en\\\/product\\\/clarificador-para-peep-pxs-5-aumentos-disponibles\\\/#primaryimage\"},\"image\":{\"@id\":\"https:\\\/\\\/moitoarchery.com\\\/en\\\/product\\\/clarificador-para-peep-pxs-5-aumentos-disponibles\\\/#primaryimage\"},\"thumbnailUrl\":\"https:\\\/\\\/moitoarchery.com\\\/wp-content\\\/uploads\\\/2026\\\/03\\\/Clarificador-Peep-PXS.jpg\",\"datePublished\":\"2026-03-17T11:07:21+00:00\",\"dateModified\":\"2026-04-16T09:55:11+00:00\",\"description\":\"El PXS Target Peep Verifier de Specialty Archery es un accesorio dise\u00f1ado para mejorar la claridad del objetivo al usar un visor y lente en tu arco. Permite distinguir con precisi\u00f3n los detalles del blanco a larga distancia, ideal para competiciones y entrenamientos de tiro de alta precisi\u00f3n.\",\"breadcrumb\":{\"@id\":\"https:\\\/\\\/moitoarchery.com\\\/en\\\/product\\\/clarificador-para-peep-pxs-5-aumentos-disponibles\\\/#breadcrumb\"},\"inLanguage\":\"en-US\",\"potentialAction\":[{\"@type\":\"ReadAction\",\"target\":[\"https:\\\/\\\/moitoarchery.com\\\/en\\\/product\\\/clarificador-para-peep-pxs-5-aumentos-disponibles\\\/\"]}]},{\"@type\":\"ImageObject\",\"inLanguage\":\"en-US\",\"@id\":\"https:\\\/\\\/moitoarchery.com\\\/en\\\/product\\\/clarificador-para-peep-pxs-5-aumentos-disponibles\\\/#primaryimage\",\"url\":\"https:\\\/\\\/moitoarchery.com\\\/wp-content\\\/uploads\\\/2026\\\/03\\\/Clarificador-Peep-PXS.jpg\",\"contentUrl\":\"https:\\\/\\\/moitoarchery.com\\\/wp-content\\\/uploads\\\/2026\\\/03\\\/Clarificador-Peep-PXS.jpg\",\"width\":800,\"height\":800,\"caption\":\"Clarificador-Peep-PXS\"},{\"@type\":\"BreadcrumbList\",\"@id\":\"https:\\\/\\\/moitoarchery.com\\\/en\\\/product\\\/clarificador-para-peep-pxs-5-aumentos-disponibles\\\/#breadcrumb\",\"itemListElement\":[{\"@type\":\"ListItem\",\"position\":1,\"name\":\"Portada\",\"item\":\"https:\\\/\\\/moitoarchery.com\\\/en\\\/\"},{\"@type\":\"ListItem\",\"position\":2,\"name\":\"Shop\",\"item\":\"https:\\\/\\\/moitoarchery.com\\\/en\\\/shop\\\/\"},{\"@type\":\"ListItem\",\"position\":3,\"name\":\"Clarificador para Peep PXS 5 aumentos disponibles\"}]},{\"@type\":\"WebSite\",\"@id\":\"https:\\\/\\\/moitoarchery.com\\\/en\\\/#website\",\"url\":\"https:\\\/\\\/moitoarchery.com\\\/en\\\/\",\"name\":\"MoitoArchery\",\"description\":\"Tienda de Tiro con arco\",\"publisher\":{\"@id\":\"https:\\\/\\\/moitoarchery.com\\\/en\\\/#organization\"},\"potentialAction\":[{\"@type\":\"SearchAction\",\"target\":{\"@type\":\"EntryPoint\",\"urlTemplate\":\"https:\\\/\\\/moitoarchery.com\\\/en\\\/?s={search_term_string}\"},\"query-input\":{\"@type\":\"PropertyValueSpecification\",\"valueRequired\":true,\"valueName\":\"search_term_string\"}}],\"inLanguage\":\"en-US\"},{\"@type\":\"Organization\",\"@id\":\"https:\\\/\\\/moitoarchery.com\\\/en\\\/#organization\",\"name\":\"MoitoArchery\",\"url\":\"https:\\\/\\\/moitoarchery.com\\\/en\\\/\",\"logo\":{\"@type\":\"ImageObject\",\"inLanguage\":\"en-US\",\"@id\":\"https:\\\/\\\/moitoarchery.com\\\/en\\\/#\\\/schema\\\/logo\\\/image\\\/\",\"url\":\"https:\\\/\\\/moitoarchery.com\\\/wp-content\\\/uploads\\\/2020\\\/09\\\/logotipo-moitoarchery.png\",\"contentUrl\":\"https:\\\/\\\/moitoarchery.com\\\/wp-content\\\/uploads\\\/2020\\\/09\\\/logotipo-moitoarchery.png\",\"width\":300,\"height\":66,\"caption\":\"MoitoArchery\"},\"image\":{\"@id\":\"https:\\\/\\\/moitoarchery.com\\\/en\\\/#\\\/schema\\\/logo\\\/image\\\/\"},\"sameAs\":[\"https:\\\/\\\/www.facebook.com\\\/arqueriaOnline\\\/\",\"https:\\\/\\\/www.instagram.com\\\/moitoarchery\\\/\",\"https:\\\/\\\/www.youtube.com\\\/channel\\\/UCvmj39gVUIKVoJJ6vQC9GPA\\\/\"]}]}<\/script>\n<!-- \/ Yoast SEO plugin. -->","yoast_head_json":{"title":"Clarificador para Peep PXS 5 aumentos disponibles - MoitoArchery","description":"El PXS Target Peep Verifier de Specialty Archery es un accesorio dise\u00f1ado para mejorar la claridad del objetivo al usar un visor y lente en tu arco. Permite distinguir con precisi\u00f3n los detalles del blanco a larga distancia, ideal para competiciones y entrenamientos de tiro de alta precisi\u00f3n.","robots":{"index":"index","follow":"follow","max-snippet":"max-snippet:-1","max-image-preview":"max-image-preview:large","max-video-preview":"max-video-preview:-1"},"canonical":"https:\/\/moitoarchery.com\/en\/product\/clarificador-para-peep-pxs-5-aumentos-disponibles\/","og_locale":"en_US","og_type":"article","og_title":"Clarificador para Peep PXS 5 aumentos disponibles - MoitoArchery","og_description":"El PXS Target Peep Verifier de Specialty Archery es un accesorio dise\u00f1ado para mejorar la claridad del objetivo al usar un visor y lente en tu arco. Permite distinguir con precisi\u00f3n los detalles del blanco a larga distancia, ideal para competiciones y entrenamientos de tiro de alta precisi\u00f3n.","og_url":"https:\/\/moitoarchery.com\/en\/product\/clarificador-para-peep-pxs-5-aumentos-disponibles\/","og_site_name":"MoitoArchery","article_publisher":"https:\/\/www.facebook.com\/arqueriaOnline\/","article_modified_time":"2026-04-16T09:55:11+00:00","og_image":[{"width":800,"height":800,"url":"https:\/\/moitoarchery.com\/wp-content\/uploads\/2026\/03\/Clarificador-Peep-PXS.jpg","type":"image\/jpeg"}],"twitter_card":"summary_large_image","twitter_misc":{"Est. reading time":"1 minute"},"schema":{"@context":"https:\/\/schema.org","@graph":[{"@type":"WebPage","@id":"https:\/\/moitoarchery.com\/en\/product\/clarificador-para-peep-pxs-5-aumentos-disponibles\/","url":"https:\/\/moitoarchery.com\/en\/product\/clarificador-para-peep-pxs-5-aumentos-disponibles\/","name":"Clarificador para Peep PXS 5 aumentos disponibles - MoitoArchery","isPartOf":{"@id":"https:\/\/moitoarchery.com\/en\/#website"},"primaryImageOfPage":{"@id":"https:\/\/moitoarchery.com\/en\/product\/clarificador-para-peep-pxs-5-aumentos-disponibles\/#primaryimage"},"image":{"@id":"https:\/\/moitoarchery.com\/en\/product\/clarificador-para-peep-pxs-5-aumentos-disponibles\/#primaryimage"},"thumbnailUrl":"https:\/\/moitoarchery.com\/wp-content\/uploads\/2026\/03\/Clarificador-Peep-PXS.jpg","datePublished":"2026-03-17T11:07:21+00:00","dateModified":"2026-04-16T09:55:11+00:00","description":"El PXS Target Peep Verifier de Specialty Archery es un accesorio dise\u00f1ado para mejorar la claridad del objetivo al usar un visor y lente en tu arco. Permite distinguir con precisi\u00f3n los detalles del blanco a larga distancia, ideal para competiciones y entrenamientos de tiro de alta precisi\u00f3n.","breadcrumb":{"@id":"https:\/\/moitoarchery.com\/en\/product\/clarificador-para-peep-pxs-5-aumentos-disponibles\/#breadcrumb"},"inLanguage":"en-US","potentialAction":[{"@type":"ReadAction","target":["https:\/\/moitoarchery.com\/en\/product\/clarificador-para-peep-pxs-5-aumentos-disponibles\/"]}]},{"@type":"ImageObject","inLanguage":"en-US","@id":"https:\/\/moitoarchery.com\/en\/product\/clarificador-para-peep-pxs-5-aumentos-disponibles\/#primaryimage","url":"https:\/\/moitoarchery.com\/wp-content\/uploads\/2026\/03\/Clarificador-Peep-PXS.jpg","contentUrl":"https:\/\/moitoarchery.com\/wp-content\/uploads\/2026\/03\/Clarificador-Peep-PXS.jpg","width":800,"height":800,"caption":"Clarificador-Peep-PXS"},{"@type":"BreadcrumbList","@id":"https:\/\/moitoarchery.com\/en\/product\/clarificador-para-peep-pxs-5-aumentos-disponibles\/#breadcrumb","itemListElement":[{"@type":"ListItem","position":1,"name":"Portada","item":"https:\/\/moitoarchery.com\/en\/"},{"@type":"ListItem","position":2,"name":"Shop","item":"https:\/\/moitoarchery.com\/en\/shop\/"},{"@type":"ListItem","position":3,"name":"Clarificador para Peep PXS 5 aumentos disponibles"}]},{"@type":"WebSite","@id":"https:\/\/moitoarchery.com\/en\/#website","url":"https:\/\/moitoarchery.com\/en\/","name":"MoitoArchery","description":"Tienda de Tiro con arco","publisher":{"@id":"https:\/\/moitoarchery.com\/en\/#organization"},"potentialAction":[{"@type":"SearchAction","target":{"@type":"EntryPoint","urlTemplate":"https:\/\/moitoarchery.com\/en\/?s={search_term_string}"},"query-input":{"@type":"PropertyValueSpecification","valueRequired":true,"valueName":"search_term_string"}}],"inLanguage":"en-US"},{"@type":"Organization","@id":"https:\/\/moitoarchery.com\/en\/#organization","name":"MoitoArchery","url":"https:\/\/moitoarchery.com\/en\/","logo":{"@type":"ImageObject","inLanguage":"en-US","@id":"https:\/\/moitoarchery.com\/en\/#\/schema\/logo\/image\/","url":"https:\/\/moitoarchery.com\/wp-content\/uploads\/2020\/09\/logotipo-moitoarchery.png","contentUrl":"https:\/\/moitoarchery.com\/wp-content\/uploads\/2020\/09\/logotipo-moitoarchery.png","width":300,"height":66,"caption":"MoitoArchery"},"image":{"@id":"https:\/\/moitoarchery.com\/en\/#\/schema\/logo\/image\/"},"sameAs":["https:\/\/www.facebook.com\/arqueriaOnline\/","https:\/\/www.instagram.com\/moitoarchery\/","https:\/\/www.youtube.com\/channel\/UCvmj39gVUIKVoJJ6vQC9GPA\/"]}]}},"_links":{"self":[{"href":"https:\/\/moitoarchery.com\/en\/wp-json\/wp\/v2\/product\/128799","targetHints":{"allow":["GET"]}}],"collection":[{"href":"https:\/\/moitoarchery.com\/en\/wp-json\/wp\/v2\/product"}],"about":[{"href":"https:\/\/moitoarchery.com\/en\/wp-json\/wp\/v2\/types\/product"}],"replies":[{"embeddable":true,"href":"https:\/\/moitoarchery.com\/en\/wp-json\/wp\/v2\/comments?post=128799"}],"version-history":[{"count":1,"href":"https:\/\/moitoarchery.com\/en\/wp-json\/wp\/v2\/product\/128799\/revisions"}],"predecessor-version":[{"id":134298,"href":"https:\/\/moitoarchery.com\/en\/wp-json\/wp\/v2\/product\/128799\/revisions\/134298"}],"wp:featuredmedia":[{"embeddable":true,"href":"https:\/\/moitoarchery.com\/en\/wp-json\/wp\/v2\/media\/128811"}],"wp:attachment":[{"href":"https:\/\/moitoarchery.com\/en\/wp-json\/wp\/v2\/media?parent=128799"}],"wp:term":[{"taxonomy":"product_brand","embeddable":true,"href":"https:\/\/moitoarchery.com\/en\/wp-json\/wp\/v2\/product_brand?post=128799"},{"taxonomy":"product_cat","embeddable":true,"href":"https:\/\/moitoarchery.com\/en\/wp-json\/wp\/v2\/product_cat?post=128799"},{"taxonomy":"product_tag","embeddable":true,"href":"https:\/\/moitoarchery.com\/en\/wp-json\/wp\/v2\/product_tag?post=128799"}],"curies":[{"name":"wp","href":"https:\/\/api.w.org\/{rel}","templated":true}]}}