{"id":128790,"date":"2026-03-17T10:12:08","date_gmt":"2026-03-17T09:12:08","guid":{"rendered":"https:\/\/moitoarchery.com\/?post_type=product&#038;p=128790"},"modified":"2026-04-16T11:21:19","modified_gmt":"2026-04-16T09:21:19","slug":"kit-de-peep-specialty-archery-deluxe-pxs-con-clarificadores","status":"publish","type":"product","link":"https:\/\/moitoarchery.com\/en\/product\/kit-de-peep-specialty-archery-deluxe-pxs-con-clarificadores\/","title":{"rendered":"Kit de peep Specialty Archery Deluxe PXS con clarificadores"},"content":{"rendered":"<p data-start=\"429\" data-end=\"725\">El <strong data-start=\"432\" data-end=\"490\">Kit Deluxe PXS con clarificadores de Specialty Archery<\/strong> es una soluci\u00f3n avanzada para arqueros que buscan el m\u00e1ximo nivel de precisi\u00f3n en tiro con arco. Gracias a su dise\u00f1o innovador y tecnolog\u00edas exclusivas, este sistema permite una alineaci\u00f3n perfecta y una visi\u00f3n m\u00e1s clara del objetivo.<\/p>\n<p data-start=\"727\" data-end=\"904\">Este kit incluye una selecci\u00f3n completa de aperturas y lentes clarificadoras, lo que te permite personalizar tu configuraci\u00f3n seg\u00fan tus necesidades de tiro y condiciones de luz.<\/p>\n<p data-start=\"906\" data-end=\"1094\">Su tecnolog\u00eda de centrado en la cuerda elimina desviaciones laterales, mientras que el centrado \u00f3ptico mejora la alineaci\u00f3n de la lente para obtener una precisi\u00f3n superior en cada disparo.<\/p>\n<figure id=\"attachment_130833\" aria-describedby=\"caption-attachment-130833\" style=\"width: 768px\" class=\"wp-caption alignnone\"><a href=\"https:\/\/moitoarchery.com\/?attachment_id=130833\" rel=\"attachment wp-att-130833\"><img fetchpriority=\"high\" decoding=\"async\" class=\"wp-image-130833 size-full\" src=\"https:\/\/moitoarchery.com\/wp-content\/uploads\/2026\/03\/csm_peep_angle_chart_d451845433.png\" alt=\"Tabla para elecci\u00f3n de peep\" width=\"768\" height=\"233\" srcset=\"https:\/\/moitoarchery.com\/wp-content\/uploads\/2026\/03\/csm_peep_angle_chart_d451845433.png 768w, https:\/\/moitoarchery.com\/wp-content\/uploads\/2026\/03\/csm_peep_angle_chart_d451845433-300x91.png 300w, https:\/\/moitoarchery.com\/wp-content\/uploads\/2026\/03\/csm_peep_angle_chart_d451845433-600x182.png 600w\" sizes=\"(max-width: 768px) 100vw, 768px\" \/><\/a><figcaption id=\"caption-attachment-130833\" class=\"wp-caption-text\">Tabla para elecci\u00f3n de peep<\/figcaption><\/figure>\n","protected":false},"excerpt":{"rendered":"<p data-start=\"429\" data-end=\"725\">El <strong data-start=\"432\" data-end=\"490\">Kit Deluxe PXS con clarificadores de Specialty Archery<\/strong> es una soluci\u00f3n avanzada para arqueros que buscan el m\u00e1ximo nivel de precisi\u00f3n en tiro con arco. Gracias a su dise\u00f1o innovador y tecnolog\u00edas exclusivas, este sistema permite una alineaci\u00f3n perfecta y una visi\u00f3n m\u00e1s clara del objetivo.<\/p>\n<p data-start=\"727\" data-end=\"904\">Este kit incluye una selecci\u00f3n completa de aperturas y lentes clarificadoras, lo que te permite personalizar tu configuraci\u00f3n seg\u00fan tus necesidades de tiro y condiciones de luz.<\/p>\n<p data-start=\"906\" data-end=\"1094\">Su tecnolog\u00eda de centrado en la cuerda elimina desviaciones laterales, mientras que el centrado \u00f3ptico mejora la alineaci\u00f3n de la lente para obtener una precisi\u00f3n superior en cada disparo.<\/p>\n[caption id=\"attachment_130833\" align=\"alignnone\" width=\"768\"]<a href=\"https:\/\/moitoarchery.com\/?attachment_id=130833\" rel=\"attachment wp-att-130833\"><img fetchpriority=\"high\" decoding=\"async\" class=\"wp-image-130833 size-full\" src=\"https:\/\/moitoarchery.com\/wp-content\/uploads\/2026\/03\/csm_peep_angle_chart_d451845433.png\" alt=\"Tabla para elecci\u00f3n de peep\" width=\"768\" height=\"233\" srcset=\"https:\/\/moitoarchery.com\/wp-content\/uploads\/2026\/03\/csm_peep_angle_chart_d451845433.png 768w, https:\/\/moitoarchery.com\/wp-content\/uploads\/2026\/03\/csm_peep_angle_chart_d451845433-300x91.png 300w, https:\/\/moitoarchery.com\/wp-content\/uploads\/2026\/03\/csm_peep_angle_chart_d451845433-600x182.png 600w\" sizes=\"(max-width: 768px) 100vw, 768px\" \/><\/a> Tabla para elecci\u00f3n de peep[\/caption]\n","protected":false},"featured_media":128792,"comment_status":"open","ping_status":"closed","template":"","meta":{"_acf_changed":false},"product_brand":[4080],"product_cat":[104,131],"product_tag":[],"class_list":{"0":"post-128790","1":"product","2":"type-product","3":"status-publish","4":"has-post-thumbnail","6":"product_brand-specialty-archery","7":"product_cat-accesorios","8":"product_cat-peeps","10":"first","11":"onbackorder","12":"sale","13":"taxable","14":"shipping-taxable","15":"purchasable","16":"product-type-simple"},"acf":[],"yoast_head":"<!-- This site is optimized with the Yoast SEO plugin v27.5 - https:\/\/yoast.com\/product\/yoast-seo-wordpress\/ -->\n<title>Kit de peep Specialty Archery Deluxe PXS con clarificadores - MoitoArchery<\/title>\n<meta name=\"description\" content=\"El Kit Deluxe PXS con clarificadores de Specialty Archery es una soluci\u00f3n avanzada para arqueros que buscan el m\u00e1ximo nivel de precisi\u00f3n en tiro con arco. Gracias a su dise\u00f1o innovador y tecnolog\u00edas exclusivas, este sistema permite una alineaci\u00f3n perfecta y una visi\u00f3n m\u00e1s clara del objetivo.\" \/>\n<meta name=\"robots\" content=\"index, follow, max-snippet:-1, max-image-preview:large, max-video-preview:-1\" \/>\n<link rel=\"canonical\" href=\"https:\/\/moitoarchery.com\/en\/product\/kit-de-peep-specialty-archery-deluxe-pxs-con-clarificadores\/\" \/>\n<meta property=\"og:locale\" content=\"en_US\" \/>\n<meta property=\"og:type\" content=\"article\" \/>\n<meta property=\"og:title\" content=\"Kit de peep Specialty Archery Deluxe PXS con clarificadores - MoitoArchery\" \/>\n<meta property=\"og:description\" content=\"El Kit Deluxe PXS con clarificadores de Specialty Archery es una soluci\u00f3n avanzada para arqueros que buscan el m\u00e1ximo nivel de precisi\u00f3n en tiro con arco. Gracias a su dise\u00f1o innovador y tecnolog\u00edas exclusivas, este sistema permite una alineaci\u00f3n perfecta y una visi\u00f3n m\u00e1s clara del objetivo.\" \/>\n<meta property=\"og:url\" content=\"https:\/\/moitoarchery.com\/en\/product\/kit-de-peep-specialty-archery-deluxe-pxs-con-clarificadores\/\" \/>\n<meta property=\"og:site_name\" content=\"MoitoArchery\" \/>\n<meta property=\"article:publisher\" content=\"https:\/\/www.facebook.com\/arqueriaOnline\/\" \/>\n<meta property=\"article:modified_time\" content=\"2026-04-16T09:21:19+00:00\" \/>\n<meta property=\"og:image\" content=\"https:\/\/moitoarchery.com\/wp-content\/uploads\/2026\/03\/kit-peep-pxs-specialty-archery.jpg\" \/>\n\t<meta property=\"og:image:width\" content=\"800\" \/>\n\t<meta property=\"og:image:height\" content=\"800\" \/>\n\t<meta property=\"og:image:type\" content=\"image\/jpeg\" \/>\n<meta name=\"twitter:card\" content=\"summary_large_image\" \/>\n<meta name=\"twitter:label1\" content=\"Est. reading time\" \/>\n\t<meta name=\"twitter:data1\" content=\"2 minutes\" \/>\n<script type=\"application\/ld+json\" class=\"yoast-schema-graph\">{\"@context\":\"https:\\\/\\\/schema.org\",\"@graph\":[{\"@type\":\"WebPage\",\"@id\":\"https:\\\/\\\/moitoarchery.com\\\/en\\\/product\\\/kit-de-peep-specialty-archery-deluxe-pxs-con-clarificadores\\\/\",\"url\":\"https:\\\/\\\/moitoarchery.com\\\/en\\\/product\\\/kit-de-peep-specialty-archery-deluxe-pxs-con-clarificadores\\\/\",\"name\":\"Kit de peep Specialty Archery Deluxe PXS con clarificadores - MoitoArchery\",\"isPartOf\":{\"@id\":\"https:\\\/\\\/moitoarchery.com\\\/en\\\/#website\"},\"primaryImageOfPage\":{\"@id\":\"https:\\\/\\\/moitoarchery.com\\\/en\\\/product\\\/kit-de-peep-specialty-archery-deluxe-pxs-con-clarificadores\\\/#primaryimage\"},\"image\":{\"@id\":\"https:\\\/\\\/moitoarchery.com\\\/en\\\/product\\\/kit-de-peep-specialty-archery-deluxe-pxs-con-clarificadores\\\/#primaryimage\"},\"thumbnailUrl\":\"https:\\\/\\\/moitoarchery.com\\\/wp-content\\\/uploads\\\/2026\\\/03\\\/kit-peep-pxs-specialty-archery.jpg\",\"datePublished\":\"2026-03-17T09:12:08+00:00\",\"dateModified\":\"2026-04-16T09:21:19+00:00\",\"description\":\"El Kit Deluxe PXS con clarificadores de Specialty Archery es una soluci\u00f3n avanzada para arqueros que buscan el m\u00e1ximo nivel de precisi\u00f3n en tiro con arco. Gracias a su dise\u00f1o innovador y tecnolog\u00edas exclusivas, este sistema permite una alineaci\u00f3n perfecta y una visi\u00f3n m\u00e1s clara del objetivo.\",\"breadcrumb\":{\"@id\":\"https:\\\/\\\/moitoarchery.com\\\/en\\\/product\\\/kit-de-peep-specialty-archery-deluxe-pxs-con-clarificadores\\\/#breadcrumb\"},\"inLanguage\":\"en-US\",\"potentialAction\":[{\"@type\":\"ReadAction\",\"target\":[\"https:\\\/\\\/moitoarchery.com\\\/en\\\/product\\\/kit-de-peep-specialty-archery-deluxe-pxs-con-clarificadores\\\/\"]}]},{\"@type\":\"ImageObject\",\"inLanguage\":\"en-US\",\"@id\":\"https:\\\/\\\/moitoarchery.com\\\/en\\\/product\\\/kit-de-peep-specialty-archery-deluxe-pxs-con-clarificadores\\\/#primaryimage\",\"url\":\"https:\\\/\\\/moitoarchery.com\\\/wp-content\\\/uploads\\\/2026\\\/03\\\/kit-peep-pxs-specialty-archery.jpg\",\"contentUrl\":\"https:\\\/\\\/moitoarchery.com\\\/wp-content\\\/uploads\\\/2026\\\/03\\\/kit-peep-pxs-specialty-archery.jpg\",\"width\":800,\"height\":800},{\"@type\":\"BreadcrumbList\",\"@id\":\"https:\\\/\\\/moitoarchery.com\\\/en\\\/product\\\/kit-de-peep-specialty-archery-deluxe-pxs-con-clarificadores\\\/#breadcrumb\",\"itemListElement\":[{\"@type\":\"ListItem\",\"position\":1,\"name\":\"Portada\",\"item\":\"https:\\\/\\\/moitoarchery.com\\\/en\\\/\"},{\"@type\":\"ListItem\",\"position\":2,\"name\":\"Shop\",\"item\":\"https:\\\/\\\/moitoarchery.com\\\/en\\\/shop\\\/\"},{\"@type\":\"ListItem\",\"position\":3,\"name\":\"Kit de peep Specialty Archery Deluxe PXS con clarificadores\"}]},{\"@type\":\"WebSite\",\"@id\":\"https:\\\/\\\/moitoarchery.com\\\/en\\\/#website\",\"url\":\"https:\\\/\\\/moitoarchery.com\\\/en\\\/\",\"name\":\"MoitoArchery\",\"description\":\"Tienda de Tiro con arco\",\"publisher\":{\"@id\":\"https:\\\/\\\/moitoarchery.com\\\/en\\\/#organization\"},\"potentialAction\":[{\"@type\":\"SearchAction\",\"target\":{\"@type\":\"EntryPoint\",\"urlTemplate\":\"https:\\\/\\\/moitoarchery.com\\\/en\\\/?s={search_term_string}\"},\"query-input\":{\"@type\":\"PropertyValueSpecification\",\"valueRequired\":true,\"valueName\":\"search_term_string\"}}],\"inLanguage\":\"en-US\"},{\"@type\":\"Organization\",\"@id\":\"https:\\\/\\\/moitoarchery.com\\\/en\\\/#organization\",\"name\":\"MoitoArchery\",\"url\":\"https:\\\/\\\/moitoarchery.com\\\/en\\\/\",\"logo\":{\"@type\":\"ImageObject\",\"inLanguage\":\"en-US\",\"@id\":\"https:\\\/\\\/moitoarchery.com\\\/en\\\/#\\\/schema\\\/logo\\\/image\\\/\",\"url\":\"https:\\\/\\\/moitoarchery.com\\\/wp-content\\\/uploads\\\/2020\\\/09\\\/logotipo-moitoarchery.png\",\"contentUrl\":\"https:\\\/\\\/moitoarchery.com\\\/wp-content\\\/uploads\\\/2020\\\/09\\\/logotipo-moitoarchery.png\",\"width\":300,\"height\":66,\"caption\":\"MoitoArchery\"},\"image\":{\"@id\":\"https:\\\/\\\/moitoarchery.com\\\/en\\\/#\\\/schema\\\/logo\\\/image\\\/\"},\"sameAs\":[\"https:\\\/\\\/www.facebook.com\\\/arqueriaOnline\\\/\",\"https:\\\/\\\/www.instagram.com\\\/moitoarchery\\\/\",\"https:\\\/\\\/www.youtube.com\\\/channel\\\/UCvmj39gVUIKVoJJ6vQC9GPA\\\/\"]}]}<\/script>\n<!-- \/ Yoast SEO plugin. -->","yoast_head_json":{"title":"Kit de peep Specialty Archery Deluxe PXS con clarificadores - MoitoArchery","description":"El Kit Deluxe PXS con clarificadores de Specialty Archery es una soluci\u00f3n avanzada para arqueros que buscan el m\u00e1ximo nivel de precisi\u00f3n en tiro con arco. Gracias a su dise\u00f1o innovador y tecnolog\u00edas exclusivas, este sistema permite una alineaci\u00f3n perfecta y una visi\u00f3n m\u00e1s clara del objetivo.","robots":{"index":"index","follow":"follow","max-snippet":"max-snippet:-1","max-image-preview":"max-image-preview:large","max-video-preview":"max-video-preview:-1"},"canonical":"https:\/\/moitoarchery.com\/en\/product\/kit-de-peep-specialty-archery-deluxe-pxs-con-clarificadores\/","og_locale":"en_US","og_type":"article","og_title":"Kit de peep Specialty Archery Deluxe PXS con clarificadores - MoitoArchery","og_description":"El Kit Deluxe PXS con clarificadores de Specialty Archery es una soluci\u00f3n avanzada para arqueros que buscan el m\u00e1ximo nivel de precisi\u00f3n en tiro con arco. Gracias a su dise\u00f1o innovador y tecnolog\u00edas exclusivas, este sistema permite una alineaci\u00f3n perfecta y una visi\u00f3n m\u00e1s clara del objetivo.","og_url":"https:\/\/moitoarchery.com\/en\/product\/kit-de-peep-specialty-archery-deluxe-pxs-con-clarificadores\/","og_site_name":"MoitoArchery","article_publisher":"https:\/\/www.facebook.com\/arqueriaOnline\/","article_modified_time":"2026-04-16T09:21:19+00:00","og_image":[{"width":800,"height":800,"url":"https:\/\/moitoarchery.com\/wp-content\/uploads\/2026\/03\/kit-peep-pxs-specialty-archery.jpg","type":"image\/jpeg"}],"twitter_card":"summary_large_image","twitter_misc":{"Est. reading time":"2 minutes"},"schema":{"@context":"https:\/\/schema.org","@graph":[{"@type":"WebPage","@id":"https:\/\/moitoarchery.com\/en\/product\/kit-de-peep-specialty-archery-deluxe-pxs-con-clarificadores\/","url":"https:\/\/moitoarchery.com\/en\/product\/kit-de-peep-specialty-archery-deluxe-pxs-con-clarificadores\/","name":"Kit de peep Specialty Archery Deluxe PXS con clarificadores - MoitoArchery","isPartOf":{"@id":"https:\/\/moitoarchery.com\/en\/#website"},"primaryImageOfPage":{"@id":"https:\/\/moitoarchery.com\/en\/product\/kit-de-peep-specialty-archery-deluxe-pxs-con-clarificadores\/#primaryimage"},"image":{"@id":"https:\/\/moitoarchery.com\/en\/product\/kit-de-peep-specialty-archery-deluxe-pxs-con-clarificadores\/#primaryimage"},"thumbnailUrl":"https:\/\/moitoarchery.com\/wp-content\/uploads\/2026\/03\/kit-peep-pxs-specialty-archery.jpg","datePublished":"2026-03-17T09:12:08+00:00","dateModified":"2026-04-16T09:21:19+00:00","description":"El Kit Deluxe PXS con clarificadores de Specialty Archery es una soluci\u00f3n avanzada para arqueros que buscan el m\u00e1ximo nivel de precisi\u00f3n en tiro con arco. Gracias a su dise\u00f1o innovador y tecnolog\u00edas exclusivas, este sistema permite una alineaci\u00f3n perfecta y una visi\u00f3n m\u00e1s clara del objetivo.","breadcrumb":{"@id":"https:\/\/moitoarchery.com\/en\/product\/kit-de-peep-specialty-archery-deluxe-pxs-con-clarificadores\/#breadcrumb"},"inLanguage":"en-US","potentialAction":[{"@type":"ReadAction","target":["https:\/\/moitoarchery.com\/en\/product\/kit-de-peep-specialty-archery-deluxe-pxs-con-clarificadores\/"]}]},{"@type":"ImageObject","inLanguage":"en-US","@id":"https:\/\/moitoarchery.com\/en\/product\/kit-de-peep-specialty-archery-deluxe-pxs-con-clarificadores\/#primaryimage","url":"https:\/\/moitoarchery.com\/wp-content\/uploads\/2026\/03\/kit-peep-pxs-specialty-archery.jpg","contentUrl":"https:\/\/moitoarchery.com\/wp-content\/uploads\/2026\/03\/kit-peep-pxs-specialty-archery.jpg","width":800,"height":800},{"@type":"BreadcrumbList","@id":"https:\/\/moitoarchery.com\/en\/product\/kit-de-peep-specialty-archery-deluxe-pxs-con-clarificadores\/#breadcrumb","itemListElement":[{"@type":"ListItem","position":1,"name":"Portada","item":"https:\/\/moitoarchery.com\/en\/"},{"@type":"ListItem","position":2,"name":"Shop","item":"https:\/\/moitoarchery.com\/en\/shop\/"},{"@type":"ListItem","position":3,"name":"Kit de peep Specialty Archery Deluxe PXS con clarificadores"}]},{"@type":"WebSite","@id":"https:\/\/moitoarchery.com\/en\/#website","url":"https:\/\/moitoarchery.com\/en\/","name":"MoitoArchery","description":"Tienda de Tiro con arco","publisher":{"@id":"https:\/\/moitoarchery.com\/en\/#organization"},"potentialAction":[{"@type":"SearchAction","target":{"@type":"EntryPoint","urlTemplate":"https:\/\/moitoarchery.com\/en\/?s={search_term_string}"},"query-input":{"@type":"PropertyValueSpecification","valueRequired":true,"valueName":"search_term_string"}}],"inLanguage":"en-US"},{"@type":"Organization","@id":"https:\/\/moitoarchery.com\/en\/#organization","name":"MoitoArchery","url":"https:\/\/moitoarchery.com\/en\/","logo":{"@type":"ImageObject","inLanguage":"en-US","@id":"https:\/\/moitoarchery.com\/en\/#\/schema\/logo\/image\/","url":"https:\/\/moitoarchery.com\/wp-content\/uploads\/2020\/09\/logotipo-moitoarchery.png","contentUrl":"https:\/\/moitoarchery.com\/wp-content\/uploads\/2020\/09\/logotipo-moitoarchery.png","width":300,"height":66,"caption":"MoitoArchery"},"image":{"@id":"https:\/\/moitoarchery.com\/en\/#\/schema\/logo\/image\/"},"sameAs":["https:\/\/www.facebook.com\/arqueriaOnline\/","https:\/\/www.instagram.com\/moitoarchery\/","https:\/\/www.youtube.com\/channel\/UCvmj39gVUIKVoJJ6vQC9GPA\/"]}]}},"_links":{"self":[{"href":"https:\/\/moitoarchery.com\/en\/wp-json\/wp\/v2\/product\/128790","targetHints":{"allow":["GET"]}}],"collection":[{"href":"https:\/\/moitoarchery.com\/en\/wp-json\/wp\/v2\/product"}],"about":[{"href":"https:\/\/moitoarchery.com\/en\/wp-json\/wp\/v2\/types\/product"}],"replies":[{"embeddable":true,"href":"https:\/\/moitoarchery.com\/en\/wp-json\/wp\/v2\/comments?post=128790"}],"version-history":[{"count":3,"href":"https:\/\/moitoarchery.com\/en\/wp-json\/wp\/v2\/product\/128790\/revisions"}],"predecessor-version":[{"id":132767,"href":"https:\/\/moitoarchery.com\/en\/wp-json\/wp\/v2\/product\/128790\/revisions\/132767"}],"wp:featuredmedia":[{"embeddable":true,"href":"https:\/\/moitoarchery.com\/en\/wp-json\/wp\/v2\/media\/128792"}],"wp:attachment":[{"href":"https:\/\/moitoarchery.com\/en\/wp-json\/wp\/v2\/media?parent=128790"}],"wp:term":[{"taxonomy":"product_brand","embeddable":true,"href":"https:\/\/moitoarchery.com\/en\/wp-json\/wp\/v2\/product_brand?post=128790"},{"taxonomy":"product_cat","embeddable":true,"href":"https:\/\/moitoarchery.com\/en\/wp-json\/wp\/v2\/product_cat?post=128790"},{"taxonomy":"product_tag","embeddable":true,"href":"https:\/\/moitoarchery.com\/en\/wp-json\/wp\/v2\/product_tag?post=128790"}],"curies":[{"name":"wp","href":"https:\/\/api.w.org\/{rel}","templated":true}]}}