{"id":128481,"date":"2026-03-12T12:55:13","date_gmt":"2026-03-12T11:55:13","guid":{"rendered":"https:\/\/moitoarchery.com\/?post_type=product&#038;p=128481"},"modified":"2026-04-16T11:55:11","modified_gmt":"2026-04-16T09:55:11","slug":"arco-tradicional-old-mountain-washington-64%e2%80%b3-rh-lh","status":"publish","type":"product","link":"https:\/\/moitoarchery.com\/en\/product\/arco-tradicional-old-mountain-washington-64%e2%80%b3-rh-lh\/","title":{"rendered":"Arco Tradicional Old Mountain Washington 64\u2033 RH\/LH"},"content":{"rendered":"<p data-start=\"184\" data-end=\"564\">El <strong data-start=\"187\" data-end=\"230\">Old Mountain Washington 64&#8243; Recurve Bow<\/strong> es un arco recurvo tradicional de una pieza dise\u00f1ado para quienes valoran la <strong data-start=\"308\" data-end=\"363\">arquear\u00eda cl\u00e1sica con materiales modernos y fiables<\/strong>. Su combinaci\u00f3n de <strong data-start=\"383\" data-end=\"432\">bamb\u00fa laminado, hard maple y Black Dymondwood<\/strong> ofrece una excelente estabilidad, suavidad en la apertura y gran durabilidad tanto para tiro recreativo como para caza tradicional.<\/p>\n<p data-start=\"566\" data-end=\"867\">Con una longitud de <strong data-start=\"586\" data-end=\"601\">64 pulgadas<\/strong>, el Washington proporciona una apertura m\u00e1s <strong data-start=\"646\" data-end=\"680\">suave, tolerante y consistente<\/strong>, lo que lo convierte en una opci\u00f3n ideal tanto para <strong data-start=\"733\" data-end=\"779\">principiantes en tiro con arco tradicional<\/strong> como para arqueros experimentados que buscan un arco fiable para el campo o la galer\u00eda.<\/p>\n<p data-start=\"869\" data-end=\"1130\">Las <strong data-start=\"873\" data-end=\"912\">palas de bamb\u00fa doblemente laminadas<\/strong> est\u00e1n reforzadas con <strong data-start=\"934\" data-end=\"959\">fibra de vidrio negra<\/strong>, aumentando su resistencia y eficiencia. Adem\u00e1s, el arco incluye <strong data-start=\"1025\" data-end=\"1072\">cuerda BCY Fast Flight y funda Old Mountain<\/strong>, por lo que est\u00e1 listo para usar desde el primer momento.<\/p>\n<p data-start=\"2463\" data-end=\"2479\">\u2705 <strong data-start=\"2465\" data-end=\"2477\">Incluye:<\/strong><\/p>\n<ul data-start=\"2480\" data-end=\"2581\">\n<li data-section-id=\"tw35ft\" data-start=\"2480\" data-end=\"2520\">\n<p data-start=\"2482\" data-end=\"2520\">Arco recurvo Old Mountain Washington<\/p>\n<\/li>\n<li data-section-id=\"1r8ciz0\" data-start=\"2521\" data-end=\"2547\">\n<p data-start=\"2523\" data-end=\"2547\">Cuerda BCY Fast Flight<\/p>\n<\/li>\n<li data-section-id=\"wpmh7v\" data-start=\"2548\" data-end=\"2581\">\n<p data-start=\"2550\" data-end=\"2581\">Funda protectora Old Mountain<\/p>\n<\/li>\n<\/ul>\n<p> .<\/p>\n","protected":false},"excerpt":{"rendered":"<p data-start=\"184\" data-end=\"564\">El <strong data-start=\"187\" data-end=\"230\">Old Mountain Washington 64&#8243; Recurve Bow<\/strong> es un arco recurvo tradicional de una pieza dise\u00f1ado para quienes valoran la <strong data-start=\"308\" data-end=\"363\">arquear\u00eda cl\u00e1sica con materiales modernos y fiables<\/strong>. Su combinaci\u00f3n de <strong data-start=\"383\" data-end=\"432\">bamb\u00fa laminado, hard maple y Black Dymondwood<\/strong> ofrece una excelente estabilidad, suavidad en la apertura y gran durabilidad tanto para tiro recreativo como para caza tradicional.<\/p>\n<p data-start=\"566\" data-end=\"867\">Con una longitud de <strong data-start=\"586\" data-end=\"601\">64 pulgadas<\/strong>, el Washington proporciona una apertura m\u00e1s <strong data-start=\"646\" data-end=\"680\">suave, tolerante y consistente<\/strong>, lo que lo convierte en una opci\u00f3n ideal tanto para <strong data-start=\"733\" data-end=\"779\">principiantes en tiro con arco tradicional<\/strong> como para arqueros experimentados que buscan un arco fiable para el campo o la galer\u00eda.<\/p>\n<p data-start=\"869\" data-end=\"1130\">Las <strong data-start=\"873\" data-end=\"912\">palas de bamb\u00fa doblemente laminadas<\/strong> est\u00e1n reforzadas con <strong data-start=\"934\" data-end=\"959\">fibra de vidrio negra<\/strong>, aumentando su resistencia y eficiencia. Adem\u00e1s, el arco incluye <strong data-start=\"1025\" data-end=\"1072\">cuerda BCY Fast Flight y funda Old Mountain<\/strong>, por lo que est\u00e1 listo para usar desde el primer momento.<\/p>\n<p data-start=\"2463\" data-end=\"2479\">\u2705 <strong data-start=\"2465\" data-end=\"2477\">Incluye:<\/strong><\/p>\n<ul data-start=\"2480\" data-end=\"2581\">\n<li data-section-id=\"tw35ft\" data-start=\"2480\" data-end=\"2520\">\n<p data-start=\"2482\" data-end=\"2520\">Arco recurvo Old Mountain Washington<\/p>\n<\/li>\n<li data-section-id=\"1r8ciz0\" data-start=\"2521\" data-end=\"2547\">\n<p data-start=\"2523\" data-end=\"2547\">Cuerda BCY Fast Flight<\/p>\n<\/li>\n<li data-section-id=\"wpmh7v\" data-start=\"2548\" data-end=\"2581\">\n<p data-start=\"2550\" data-end=\"2581\">Funda protectora Old Mountain<\/p>\n<\/li>\n<\/ul>\n<p> .<\/p>\n","protected":false},"featured_media":128557,"comment_status":"open","ping_status":"closed","template":"","meta":{"_acf_changed":false},"product_brand":[4202],"product_cat":[105,144,807],"product_tag":[],"class_list":{"0":"post-128481","1":"product","2":"type-product","3":"status-publish","4":"has-post-thumbnail","6":"product_brand-old-mountain","7":"product_cat-arcos","8":"product_cat-arcos-tradicionales","9":"product_cat-arcos-recurvos-monobloque","11":"first","12":"onbackorder","13":"sale","14":"taxable","15":"shipping-taxable","16":"purchasable","17":"product-type-variable"},"acf":[],"yoast_head":"<!-- This site is optimized with the Yoast SEO plugin v27.4 - https:\/\/yoast.com\/product\/yoast-seo-wordpress\/ -->\n<title>Arco Tradicional Old Mountain Washington 64\u2033 RH\/LH - MoitoArchery<\/title>\n<meta name=\"description\" content=\"El Old Mountain Washington 64&quot; Recurve Bow es un arco recurvo tradicional de una pieza dise\u00f1ado para quienes valoran la arquear\u00eda cl\u00e1sica con materiales modernos y fiables. Su combinaci\u00f3n de bamb\u00fa laminado, hard maple y Black Dymondwood ofrece una excelente estabilidad, suavidad en la apertura y gran durabilidad tanto para tiro recreativo como para caza tradicional.\" \/>\n<meta name=\"robots\" content=\"index, follow, max-snippet:-1, max-image-preview:large, max-video-preview:-1\" \/>\n<link rel=\"canonical\" href=\"https:\/\/moitoarchery.com\/en\/product\/arco-tradicional-old-mountain-washington-64%e2%80%b3-rh-lh\/\" \/>\n<meta property=\"og:locale\" content=\"en_US\" \/>\n<meta property=\"og:type\" content=\"article\" \/>\n<meta property=\"og:title\" content=\"Arco Tradicional Old Mountain Washington 64\u2033 RH\/LH - MoitoArchery\" \/>\n<meta property=\"og:description\" content=\"El Old Mountain Washington 64&quot; Recurve Bow es un arco recurvo tradicional de una pieza dise\u00f1ado para quienes valoran la arquear\u00eda cl\u00e1sica con materiales modernos y fiables. Su combinaci\u00f3n de bamb\u00fa laminado, hard maple y Black Dymondwood ofrece una excelente estabilidad, suavidad en la apertura y gran durabilidad tanto para tiro recreativo como para caza tradicional.\" \/>\n<meta property=\"og:url\" content=\"https:\/\/moitoarchery.com\/en\/product\/arco-tradicional-old-mountain-washington-64%e2%80%b3-rh-lh\/\" \/>\n<meta property=\"og:site_name\" content=\"MoitoArchery\" \/>\n<meta property=\"article:publisher\" content=\"https:\/\/www.facebook.com\/arqueriaOnline\/\" \/>\n<meta property=\"article:modified_time\" content=\"2026-04-16T09:55:11+00:00\" \/>\n<meta property=\"og:image\" content=\"https:\/\/moitoarchery.com\/wp-content\/uploads\/2026\/03\/OLD-MOUNTAIN-WASHINGTON-64-1.jpg\" \/>\n\t<meta property=\"og:image:width\" content=\"800\" \/>\n\t<meta property=\"og:image:height\" content=\"800\" \/>\n\t<meta property=\"og:image:type\" content=\"image\/jpeg\" \/>\n<meta name=\"twitter:card\" content=\"summary_large_image\" \/>\n<meta name=\"twitter:label1\" content=\"Est. reading time\" \/>\n\t<meta name=\"twitter:data1\" content=\"2 minutes\" \/>\n<script type=\"application\/ld+json\" class=\"yoast-schema-graph\">{\"@context\":\"https:\\\/\\\/schema.org\",\"@graph\":[{\"@type\":\"WebPage\",\"@id\":\"https:\\\/\\\/moitoarchery.com\\\/en\\\/product\\\/arco-tradicional-old-mountain-washington-64%e2%80%b3-rh-lh\\\/\",\"url\":\"https:\\\/\\\/moitoarchery.com\\\/en\\\/product\\\/arco-tradicional-old-mountain-washington-64%e2%80%b3-rh-lh\\\/\",\"name\":\"Arco Tradicional Old Mountain Washington 64\u2033 RH\\\/LH - MoitoArchery\",\"isPartOf\":{\"@id\":\"https:\\\/\\\/moitoarchery.com\\\/en\\\/#website\"},\"primaryImageOfPage\":{\"@id\":\"https:\\\/\\\/moitoarchery.com\\\/en\\\/product\\\/arco-tradicional-old-mountain-washington-64%e2%80%b3-rh-lh\\\/#primaryimage\"},\"image\":{\"@id\":\"https:\\\/\\\/moitoarchery.com\\\/en\\\/product\\\/arco-tradicional-old-mountain-washington-64%e2%80%b3-rh-lh\\\/#primaryimage\"},\"thumbnailUrl\":\"https:\\\/\\\/moitoarchery.com\\\/wp-content\\\/uploads\\\/2026\\\/03\\\/OLD-MOUNTAIN-WASHINGTON-64-1.jpg\",\"datePublished\":\"2026-03-12T11:55:13+00:00\",\"dateModified\":\"2026-04-16T09:55:11+00:00\",\"description\":\"El Old Mountain Washington 64\\\" Recurve Bow es un arco recurvo tradicional de una pieza dise\u00f1ado para quienes valoran la arquear\u00eda cl\u00e1sica con materiales modernos y fiables. Su combinaci\u00f3n de bamb\u00fa laminado, hard maple y Black Dymondwood ofrece una excelente estabilidad, suavidad en la apertura y gran durabilidad tanto para tiro recreativo como para caza tradicional.\",\"breadcrumb\":{\"@id\":\"https:\\\/\\\/moitoarchery.com\\\/en\\\/product\\\/arco-tradicional-old-mountain-washington-64%e2%80%b3-rh-lh\\\/#breadcrumb\"},\"inLanguage\":\"en-US\",\"potentialAction\":[{\"@type\":\"ReadAction\",\"target\":[\"https:\\\/\\\/moitoarchery.com\\\/en\\\/product\\\/arco-tradicional-old-mountain-washington-64%e2%80%b3-rh-lh\\\/\"]}]},{\"@type\":\"ImageObject\",\"inLanguage\":\"en-US\",\"@id\":\"https:\\\/\\\/moitoarchery.com\\\/en\\\/product\\\/arco-tradicional-old-mountain-washington-64%e2%80%b3-rh-lh\\\/#primaryimage\",\"url\":\"https:\\\/\\\/moitoarchery.com\\\/wp-content\\\/uploads\\\/2026\\\/03\\\/OLD-MOUNTAIN-WASHINGTON-64-1.jpg\",\"contentUrl\":\"https:\\\/\\\/moitoarchery.com\\\/wp-content\\\/uploads\\\/2026\\\/03\\\/OLD-MOUNTAIN-WASHINGTON-64-1.jpg\",\"width\":800,\"height\":800},{\"@type\":\"BreadcrumbList\",\"@id\":\"https:\\\/\\\/moitoarchery.com\\\/en\\\/product\\\/arco-tradicional-old-mountain-washington-64%e2%80%b3-rh-lh\\\/#breadcrumb\",\"itemListElement\":[{\"@type\":\"ListItem\",\"position\":1,\"name\":\"Portada\",\"item\":\"https:\\\/\\\/moitoarchery.com\\\/en\\\/\"},{\"@type\":\"ListItem\",\"position\":2,\"name\":\"Shop\",\"item\":\"https:\\\/\\\/moitoarchery.com\\\/en\\\/shop\\\/\"},{\"@type\":\"ListItem\",\"position\":3,\"name\":\"Arco Tradicional Old Mountain Washington 64\u2033 RH\\\/LH\"}]},{\"@type\":\"WebSite\",\"@id\":\"https:\\\/\\\/moitoarchery.com\\\/en\\\/#website\",\"url\":\"https:\\\/\\\/moitoarchery.com\\\/en\\\/\",\"name\":\"MoitoArchery\",\"description\":\"Tienda de Tiro con arco\",\"publisher\":{\"@id\":\"https:\\\/\\\/moitoarchery.com\\\/en\\\/#organization\"},\"potentialAction\":[{\"@type\":\"SearchAction\",\"target\":{\"@type\":\"EntryPoint\",\"urlTemplate\":\"https:\\\/\\\/moitoarchery.com\\\/en\\\/?s={search_term_string}\"},\"query-input\":{\"@type\":\"PropertyValueSpecification\",\"valueRequired\":true,\"valueName\":\"search_term_string\"}}],\"inLanguage\":\"en-US\"},{\"@type\":\"Organization\",\"@id\":\"https:\\\/\\\/moitoarchery.com\\\/en\\\/#organization\",\"name\":\"MoitoArchery\",\"url\":\"https:\\\/\\\/moitoarchery.com\\\/en\\\/\",\"logo\":{\"@type\":\"ImageObject\",\"inLanguage\":\"en-US\",\"@id\":\"https:\\\/\\\/moitoarchery.com\\\/en\\\/#\\\/schema\\\/logo\\\/image\\\/\",\"url\":\"https:\\\/\\\/moitoarchery.com\\\/wp-content\\\/uploads\\\/2020\\\/09\\\/logotipo-moitoarchery.png\",\"contentUrl\":\"https:\\\/\\\/moitoarchery.com\\\/wp-content\\\/uploads\\\/2020\\\/09\\\/logotipo-moitoarchery.png\",\"width\":300,\"height\":66,\"caption\":\"MoitoArchery\"},\"image\":{\"@id\":\"https:\\\/\\\/moitoarchery.com\\\/en\\\/#\\\/schema\\\/logo\\\/image\\\/\"},\"sameAs\":[\"https:\\\/\\\/www.facebook.com\\\/arqueriaOnline\\\/\",\"https:\\\/\\\/www.instagram.com\\\/moitoarchery\\\/\",\"https:\\\/\\\/www.youtube.com\\\/channel\\\/UCvmj39gVUIKVoJJ6vQC9GPA\\\/\"]}]}<\/script>\n<!-- \/ Yoast SEO plugin. -->","yoast_head_json":{"title":"Arco Tradicional Old Mountain Washington 64\u2033 RH\/LH - MoitoArchery","description":"El Old Mountain Washington 64\" Recurve Bow es un arco recurvo tradicional de una pieza dise\u00f1ado para quienes valoran la arquear\u00eda cl\u00e1sica con materiales modernos y fiables. Su combinaci\u00f3n de bamb\u00fa laminado, hard maple y Black Dymondwood ofrece una excelente estabilidad, suavidad en la apertura y gran durabilidad tanto para tiro recreativo como para caza tradicional.","robots":{"index":"index","follow":"follow","max-snippet":"max-snippet:-1","max-image-preview":"max-image-preview:large","max-video-preview":"max-video-preview:-1"},"canonical":"https:\/\/moitoarchery.com\/en\/product\/arco-tradicional-old-mountain-washington-64%e2%80%b3-rh-lh\/","og_locale":"en_US","og_type":"article","og_title":"Arco Tradicional Old Mountain Washington 64\u2033 RH\/LH - MoitoArchery","og_description":"El Old Mountain Washington 64\" Recurve Bow es un arco recurvo tradicional de una pieza dise\u00f1ado para quienes valoran la arquear\u00eda cl\u00e1sica con materiales modernos y fiables. Su combinaci\u00f3n de bamb\u00fa laminado, hard maple y Black Dymondwood ofrece una excelente estabilidad, suavidad en la apertura y gran durabilidad tanto para tiro recreativo como para caza tradicional.","og_url":"https:\/\/moitoarchery.com\/en\/product\/arco-tradicional-old-mountain-washington-64%e2%80%b3-rh-lh\/","og_site_name":"MoitoArchery","article_publisher":"https:\/\/www.facebook.com\/arqueriaOnline\/","article_modified_time":"2026-04-16T09:55:11+00:00","og_image":[{"width":800,"height":800,"url":"https:\/\/moitoarchery.com\/wp-content\/uploads\/2026\/03\/OLD-MOUNTAIN-WASHINGTON-64-1.jpg","type":"image\/jpeg"}],"twitter_card":"summary_large_image","twitter_misc":{"Est. reading time":"2 minutes"},"schema":{"@context":"https:\/\/schema.org","@graph":[{"@type":"WebPage","@id":"https:\/\/moitoarchery.com\/en\/product\/arco-tradicional-old-mountain-washington-64%e2%80%b3-rh-lh\/","url":"https:\/\/moitoarchery.com\/en\/product\/arco-tradicional-old-mountain-washington-64%e2%80%b3-rh-lh\/","name":"Arco Tradicional Old Mountain Washington 64\u2033 RH\/LH - MoitoArchery","isPartOf":{"@id":"https:\/\/moitoarchery.com\/en\/#website"},"primaryImageOfPage":{"@id":"https:\/\/moitoarchery.com\/en\/product\/arco-tradicional-old-mountain-washington-64%e2%80%b3-rh-lh\/#primaryimage"},"image":{"@id":"https:\/\/moitoarchery.com\/en\/product\/arco-tradicional-old-mountain-washington-64%e2%80%b3-rh-lh\/#primaryimage"},"thumbnailUrl":"https:\/\/moitoarchery.com\/wp-content\/uploads\/2026\/03\/OLD-MOUNTAIN-WASHINGTON-64-1.jpg","datePublished":"2026-03-12T11:55:13+00:00","dateModified":"2026-04-16T09:55:11+00:00","description":"El Old Mountain Washington 64\" Recurve Bow es un arco recurvo tradicional de una pieza dise\u00f1ado para quienes valoran la arquear\u00eda cl\u00e1sica con materiales modernos y fiables. Su combinaci\u00f3n de bamb\u00fa laminado, hard maple y Black Dymondwood ofrece una excelente estabilidad, suavidad en la apertura y gran durabilidad tanto para tiro recreativo como para caza tradicional.","breadcrumb":{"@id":"https:\/\/moitoarchery.com\/en\/product\/arco-tradicional-old-mountain-washington-64%e2%80%b3-rh-lh\/#breadcrumb"},"inLanguage":"en-US","potentialAction":[{"@type":"ReadAction","target":["https:\/\/moitoarchery.com\/en\/product\/arco-tradicional-old-mountain-washington-64%e2%80%b3-rh-lh\/"]}]},{"@type":"ImageObject","inLanguage":"en-US","@id":"https:\/\/moitoarchery.com\/en\/product\/arco-tradicional-old-mountain-washington-64%e2%80%b3-rh-lh\/#primaryimage","url":"https:\/\/moitoarchery.com\/wp-content\/uploads\/2026\/03\/OLD-MOUNTAIN-WASHINGTON-64-1.jpg","contentUrl":"https:\/\/moitoarchery.com\/wp-content\/uploads\/2026\/03\/OLD-MOUNTAIN-WASHINGTON-64-1.jpg","width":800,"height":800},{"@type":"BreadcrumbList","@id":"https:\/\/moitoarchery.com\/en\/product\/arco-tradicional-old-mountain-washington-64%e2%80%b3-rh-lh\/#breadcrumb","itemListElement":[{"@type":"ListItem","position":1,"name":"Portada","item":"https:\/\/moitoarchery.com\/en\/"},{"@type":"ListItem","position":2,"name":"Shop","item":"https:\/\/moitoarchery.com\/en\/shop\/"},{"@type":"ListItem","position":3,"name":"Arco Tradicional Old Mountain Washington 64\u2033 RH\/LH"}]},{"@type":"WebSite","@id":"https:\/\/moitoarchery.com\/en\/#website","url":"https:\/\/moitoarchery.com\/en\/","name":"MoitoArchery","description":"Tienda de Tiro con arco","publisher":{"@id":"https:\/\/moitoarchery.com\/en\/#organization"},"potentialAction":[{"@type":"SearchAction","target":{"@type":"EntryPoint","urlTemplate":"https:\/\/moitoarchery.com\/en\/?s={search_term_string}"},"query-input":{"@type":"PropertyValueSpecification","valueRequired":true,"valueName":"search_term_string"}}],"inLanguage":"en-US"},{"@type":"Organization","@id":"https:\/\/moitoarchery.com\/en\/#organization","name":"MoitoArchery","url":"https:\/\/moitoarchery.com\/en\/","logo":{"@type":"ImageObject","inLanguage":"en-US","@id":"https:\/\/moitoarchery.com\/en\/#\/schema\/logo\/image\/","url":"https:\/\/moitoarchery.com\/wp-content\/uploads\/2020\/09\/logotipo-moitoarchery.png","contentUrl":"https:\/\/moitoarchery.com\/wp-content\/uploads\/2020\/09\/logotipo-moitoarchery.png","width":300,"height":66,"caption":"MoitoArchery"},"image":{"@id":"https:\/\/moitoarchery.com\/en\/#\/schema\/logo\/image\/"},"sameAs":["https:\/\/www.facebook.com\/arqueriaOnline\/","https:\/\/www.instagram.com\/moitoarchery\/","https:\/\/www.youtube.com\/channel\/UCvmj39gVUIKVoJJ6vQC9GPA\/"]}]}},"_links":{"self":[{"href":"https:\/\/moitoarchery.com\/en\/wp-json\/wp\/v2\/product\/128481","targetHints":{"allow":["GET"]}}],"collection":[{"href":"https:\/\/moitoarchery.com\/en\/wp-json\/wp\/v2\/product"}],"about":[{"href":"https:\/\/moitoarchery.com\/en\/wp-json\/wp\/v2\/types\/product"}],"replies":[{"embeddable":true,"href":"https:\/\/moitoarchery.com\/en\/wp-json\/wp\/v2\/comments?post=128481"}],"version-history":[{"count":1,"href":"https:\/\/moitoarchery.com\/en\/wp-json\/wp\/v2\/product\/128481\/revisions"}],"predecessor-version":[{"id":134296,"href":"https:\/\/moitoarchery.com\/en\/wp-json\/wp\/v2\/product\/128481\/revisions\/134296"}],"wp:featuredmedia":[{"embeddable":true,"href":"https:\/\/moitoarchery.com\/en\/wp-json\/wp\/v2\/media\/128557"}],"wp:attachment":[{"href":"https:\/\/moitoarchery.com\/en\/wp-json\/wp\/v2\/media?parent=128481"}],"wp:term":[{"taxonomy":"product_brand","embeddable":true,"href":"https:\/\/moitoarchery.com\/en\/wp-json\/wp\/v2\/product_brand?post=128481"},{"taxonomy":"product_cat","embeddable":true,"href":"https:\/\/moitoarchery.com\/en\/wp-json\/wp\/v2\/product_cat?post=128481"},{"taxonomy":"product_tag","embeddable":true,"href":"https:\/\/moitoarchery.com\/en\/wp-json\/wp\/v2\/product_tag?post=128481"}],"curies":[{"name":"wp","href":"https:\/\/api.w.org\/{rel}","templated":true}]}}