{"id":128374,"date":"2026-03-09T13:59:30","date_gmt":"2026-03-09T12:59:30","guid":{"rendered":"https:\/\/moitoarchery.com\/?post_type=product&#038;p=128374"},"modified":"2026-04-16T11:21:19","modified_gmt":"2026-04-16T09:21:19","slug":"visor-de-3-pines-octane-stryker","status":"publish","type":"product","link":"https:\/\/moitoarchery.com\/en\/product\/visor-de-3-pines-octane-stryker\/","title":{"rendered":"Visor de 3 pines Octane Stryker"},"content":{"rendered":"<p data-start=\"73\" data-end=\"476\">El <strong data-start=\"76\" data-end=\"96\">visor de 3 pines<\/strong> incluido en el paquete <strong data-start=\"120\" data-end=\"161\">Diamond Edge Max Compound Bow Package<\/strong> es un visor dise\u00f1ado para arcos de poleas que ofrece una referencia clara y r\u00e1pida para diferentes distancias de tiro. Este accesorio forma parte de los componentes listos para disparar incluidos en muchos kits de <strong data-start=\"376\" data-end=\"417\"><span class=\"hover:entity-accent entity-underline inline cursor-pointer align-baseline\"><span class=\"whitespace-normal\">Diamond Archery<\/span><\/span><\/strong>, fabricados por <strong data-start=\"434\" data-end=\"475\"><span class=\"hover:entity-accent entity-underline inline cursor-pointer align-baseline\"><span class=\"whitespace-normal\">Octane Archery<\/span><\/span><\/strong>.<\/p>\n<p data-start=\"478\" data-end=\"866\">Su sistema de <strong data-start=\"492\" data-end=\"518\">tres pines de punter\u00eda<\/strong> permite ajustar cada referencia para diferentes distancias habituales, facilitando al arquero adaptarse r\u00e1pidamente a distintas situaciones de tiro, ya sea en pr\u00e1ctica deportiva o en caza con arco. Los pines de fibra \u00f3ptica proporcionan una <strong data-start=\"760\" data-end=\"816\">buena visibilidad incluso en condiciones de poca luz<\/strong>, mejorando la precisi\u00f3n en el momento de apuntar.<\/p>\n<p data-start=\"868\" data-end=\"1168\">El visor cuenta con <strong data-start=\"888\" data-end=\"920\">ajuste horizontal y vertical<\/strong>, permitiendo calibrar correctamente el punto de impacto seg\u00fan la configuraci\u00f3n del arco y las flechas utilizadas. Su construcci\u00f3n ligera y resistente lo convierte en una opci\u00f3n pr\u00e1ctica para arqueros que buscan un equipo funcional y f\u00e1cil de usar.<\/p>\n<h3 data-section-id=\"zmewqp\" data-start=\"1170\" data-end=\"1201\">Caracter\u00edsticas principales<\/h3>\n<ul data-start=\"1203\" data-end=\"1503\">\n<li data-section-id=\"1hjetyq\" data-start=\"1203\" data-end=\"1247\">\n<p data-start=\"1205\" data-end=\"1247\">Visor de <strong data-start=\"1214\" data-end=\"1225\">3 pines<\/strong> para arco de poleas<\/p>\n<\/li>\n<li data-section-id=\"1p2hnqi\" data-start=\"1248\" data-end=\"1300\">\n<p data-start=\"1250\" data-end=\"1300\"><strong data-start=\"1250\" data-end=\"1275\">Pines de fibra \u00f3ptica<\/strong> para mayor visibilidad<\/p>\n<\/li>\n<li data-section-id=\"199v0zl\" data-start=\"1301\" data-end=\"1337\">\n<p data-start=\"1303\" data-end=\"1337\">Ajuste <strong data-start=\"1310\" data-end=\"1335\">vertical y horizontal<\/strong><\/p>\n<\/li>\n<li data-section-id=\"fuugce\" data-start=\"1338\" data-end=\"1372\">\n<p data-start=\"1340\" data-end=\"1372\">Dise\u00f1o <strong data-start=\"1347\" data-end=\"1370\">ligero y resistente<\/strong><\/p>\n<\/li>\n<li data-section-id=\"17w1bpu\" data-start=\"1373\" data-end=\"1426\">\n<p data-start=\"1375\" data-end=\"1426\">Compatible con la mayor\u00eda de <strong data-start=\"1404\" data-end=\"1424\">arcos compuestos<\/strong><\/p>\n<\/li>\n<li data-section-id=\"1mqxlo2\" data-start=\"1427\" data-end=\"1503\">\n<p data-start=\"1429\" data-end=\"1503\">Incluido en kits de arco como el <strong data-start=\"1462\" data-end=\"1503\">Diamond Edge Max Compound Bow Package<\/strong><\/p>\n<\/li>\n<\/ul>\n","protected":false},"excerpt":{"rendered":"<p data-start=\"73\" data-end=\"476\">El <strong data-start=\"76\" data-end=\"96\">visor de 3 pines<\/strong> incluido en el paquete <strong data-start=\"120\" data-end=\"161\">Diamond Edge Max Compound Bow Package<\/strong> es un visor dise\u00f1ado para arcos de poleas que ofrece una referencia clara y r\u00e1pida para diferentes distancias de tiro. Este accesorio forma parte de los componentes listos para disparar incluidos en muchos kits de <strong data-start=\"376\" data-end=\"417\"><span class=\"hover:entity-accent entity-underline inline cursor-pointer align-baseline\"><span class=\"whitespace-normal\">Diamond Archery<\/span><\/span><\/strong>, fabricados por <strong data-start=\"434\" data-end=\"475\"><span class=\"hover:entity-accent entity-underline inline cursor-pointer align-baseline\"><span class=\"whitespace-normal\">Octane Archery<\/span><\/span><\/strong>.<\/p>\n<p data-start=\"478\" data-end=\"866\">Su sistema de <strong data-start=\"492\" data-end=\"518\">tres pines de punter\u00eda<\/strong> permite ajustar cada referencia para diferentes distancias habituales, facilitando al arquero adaptarse r\u00e1pidamente a distintas situaciones de tiro, ya sea en pr\u00e1ctica deportiva o en caza con arco. Los pines de fibra \u00f3ptica proporcionan una <strong data-start=\"760\" data-end=\"816\">buena visibilidad incluso en condiciones de poca luz<\/strong>, mejorando la precisi\u00f3n en el momento de apuntar.<\/p>\n<p data-start=\"868\" data-end=\"1168\">El visor cuenta con <strong data-start=\"888\" data-end=\"920\">ajuste horizontal y vertical<\/strong>, permitiendo calibrar correctamente el punto de impacto seg\u00fan la configuraci\u00f3n del arco y las flechas utilizadas. Su construcci\u00f3n ligera y resistente lo convierte en una opci\u00f3n pr\u00e1ctica para arqueros que buscan un equipo funcional y f\u00e1cil de usar.<\/p>\n","protected":false},"featured_media":128375,"comment_status":"open","ping_status":"closed","template":"","meta":{"_acf_changed":false},"product_brand":[4188],"product_cat":[402,111],"product_tag":[],"class_list":{"0":"post-128374","1":"product","2":"type-product","3":"status-publish","4":"has-post-thumbnail","6":"product_brand-octane","7":"product_cat-visor-para-arco-de-poleas-de-caza","8":"product_cat-visores","10":"first","11":"instock","12":"sale","13":"taxable","14":"shipping-taxable","15":"purchasable","16":"product-type-simple"},"acf":[],"yoast_head":"<!-- This site is optimized with the Yoast SEO plugin v27.3 - https:\/\/yoast.com\/product\/yoast-seo-wordpress\/ -->\n<title>Visor de 3 pines Octane Stryker - MoitoArchery<\/title>\n<meta name=\"description\" content=\"El visor de 3 pines incluido en el paquete Diamond Edge Max Compound Bow Package es un visor dise\u00f1ado para arcos de poleas que ofrece una referencia clara y r\u00e1pida para diferentes distancias de tiro. Este accesorio forma parte de los componentes listos para disparar incluidos en muchos kits de Diamond Archery, fabricados por Octane Archery.Su sistema de tres pines de punter\u00eda permite ajustar cada referencia para diferentes distancias habituales, facilitando al arquero adaptarse r\u00e1pidamente a distintas situaciones de tiro, ya sea en pr\u00e1ctica deportiva o en caza con arco. Los pines de fibra \u00f3ptica proporcionan una buena visibilidad incluso en condiciones de poca luz, mejorando la precisi\u00f3n en el momento de apuntar.El visor cuenta con ajuste horizontal y vertical, permitiendo calibrar correctamente el punto de impacto seg\u00fan la configuraci\u00f3n del arco y las flechas utilizadas. Su construcci\u00f3n ligera y resistente lo convierte en una opci\u00f3n pr\u00e1ctica para arqueros que buscan un equipo funcional y f\u00e1cil de usar.\" \/>\n<meta name=\"robots\" content=\"index, follow, max-snippet:-1, max-image-preview:large, max-video-preview:-1\" \/>\n<link rel=\"canonical\" href=\"https:\/\/moitoarchery.com\/en\/product\/visor-de-3-pines-octane-stryker\/\" \/>\n<meta property=\"og:locale\" content=\"en_US\" \/>\n<meta property=\"og:type\" content=\"article\" \/>\n<meta property=\"og:title\" content=\"Visor de 3 pines Octane Stryker - MoitoArchery\" \/>\n<meta property=\"og:description\" content=\"El visor de 3 pines incluido en el paquete Diamond Edge Max Compound Bow Package es un visor dise\u00f1ado para arcos de poleas que ofrece una referencia clara y r\u00e1pida para diferentes distancias de tiro. Este accesorio forma parte de los componentes listos para disparar incluidos en muchos kits de Diamond Archery, fabricados por Octane Archery.Su sistema de tres pines de punter\u00eda permite ajustar cada referencia para diferentes distancias habituales, facilitando al arquero adaptarse r\u00e1pidamente a distintas situaciones de tiro, ya sea en pr\u00e1ctica deportiva o en caza con arco. Los pines de fibra \u00f3ptica proporcionan una buena visibilidad incluso en condiciones de poca luz, mejorando la precisi\u00f3n en el momento de apuntar.El visor cuenta con ajuste horizontal y vertical, permitiendo calibrar correctamente el punto de impacto seg\u00fan la configuraci\u00f3n del arco y las flechas utilizadas. Su construcci\u00f3n ligera y resistente lo convierte en una opci\u00f3n pr\u00e1ctica para arqueros que buscan un equipo funcional y f\u00e1cil de usar.\" \/>\n<meta property=\"og:url\" content=\"https:\/\/moitoarchery.com\/en\/product\/visor-de-3-pines-octane-stryker\/\" \/>\n<meta property=\"og:site_name\" content=\"MoitoArchery\" \/>\n<meta property=\"article:publisher\" content=\"https:\/\/www.facebook.com\/arqueriaOnline\/\" \/>\n<meta property=\"article:modified_time\" content=\"2026-04-16T09:21:19+00:00\" \/>\n<meta property=\"og:image\" content=\"https:\/\/moitoarchery.com\/wp-content\/uploads\/2026\/03\/Sin-titulo-1.jpg\" \/>\n\t<meta property=\"og:image:width\" content=\"800\" \/>\n\t<meta property=\"og:image:height\" content=\"800\" \/>\n\t<meta property=\"og:image:type\" content=\"image\/jpeg\" \/>\n<meta name=\"twitter:card\" content=\"summary_large_image\" \/>\n<meta name=\"twitter:label1\" content=\"Est. reading time\" \/>\n\t<meta name=\"twitter:data1\" content=\"1 minute\" \/>\n<script type=\"application\/ld+json\" class=\"yoast-schema-graph\">{\"@context\":\"https:\\\/\\\/schema.org\",\"@graph\":[{\"@type\":\"WebPage\",\"@id\":\"https:\\\/\\\/moitoarchery.com\\\/en\\\/product\\\/visor-de-3-pines-octane-stryker\\\/\",\"url\":\"https:\\\/\\\/moitoarchery.com\\\/en\\\/product\\\/visor-de-3-pines-octane-stryker\\\/\",\"name\":\"Visor de 3 pines Octane Stryker - MoitoArchery\",\"isPartOf\":{\"@id\":\"https:\\\/\\\/moitoarchery.com\\\/en\\\/#website\"},\"primaryImageOfPage\":{\"@id\":\"https:\\\/\\\/moitoarchery.com\\\/en\\\/product\\\/visor-de-3-pines-octane-stryker\\\/#primaryimage\"},\"image\":{\"@id\":\"https:\\\/\\\/moitoarchery.com\\\/en\\\/product\\\/visor-de-3-pines-octane-stryker\\\/#primaryimage\"},\"thumbnailUrl\":\"https:\\\/\\\/moitoarchery.com\\\/wp-content\\\/uploads\\\/2026\\\/03\\\/Sin-titulo-1.jpg\",\"datePublished\":\"2026-03-09T12:59:30+00:00\",\"dateModified\":\"2026-04-16T09:21:19+00:00\",\"description\":\"El visor de 3 pines incluido en el paquete Diamond Edge Max Compound Bow Package es un visor dise\u00f1ado para arcos de poleas que ofrece una referencia clara y r\u00e1pida para diferentes distancias de tiro. Este accesorio forma parte de los componentes listos para disparar incluidos en muchos kits de Diamond Archery, fabricados por Octane Archery.Su sistema de tres pines de punter\u00eda permite ajustar cada referencia para diferentes distancias habituales, facilitando al arquero adaptarse r\u00e1pidamente a distintas situaciones de tiro, ya sea en pr\u00e1ctica deportiva o en caza con arco. Los pines de fibra \u00f3ptica proporcionan una buena visibilidad incluso en condiciones de poca luz, mejorando la precisi\u00f3n en el momento de apuntar.El visor cuenta con ajuste horizontal y vertical, permitiendo calibrar correctamente el punto de impacto seg\u00fan la configuraci\u00f3n del arco y las flechas utilizadas. Su construcci\u00f3n ligera y resistente lo convierte en una opci\u00f3n pr\u00e1ctica para arqueros que buscan un equipo funcional y f\u00e1cil de usar.\",\"breadcrumb\":{\"@id\":\"https:\\\/\\\/moitoarchery.com\\\/en\\\/product\\\/visor-de-3-pines-octane-stryker\\\/#breadcrumb\"},\"inLanguage\":\"en-US\",\"potentialAction\":[{\"@type\":\"ReadAction\",\"target\":[\"https:\\\/\\\/moitoarchery.com\\\/en\\\/product\\\/visor-de-3-pines-octane-stryker\\\/\"]}]},{\"@type\":\"ImageObject\",\"inLanguage\":\"en-US\",\"@id\":\"https:\\\/\\\/moitoarchery.com\\\/en\\\/product\\\/visor-de-3-pines-octane-stryker\\\/#primaryimage\",\"url\":\"https:\\\/\\\/moitoarchery.com\\\/wp-content\\\/uploads\\\/2026\\\/03\\\/Sin-titulo-1.jpg\",\"contentUrl\":\"https:\\\/\\\/moitoarchery.com\\\/wp-content\\\/uploads\\\/2026\\\/03\\\/Sin-titulo-1.jpg\",\"width\":800,\"height\":800,\"caption\":\"Visor octane 3 pines\"},{\"@type\":\"BreadcrumbList\",\"@id\":\"https:\\\/\\\/moitoarchery.com\\\/en\\\/product\\\/visor-de-3-pines-octane-stryker\\\/#breadcrumb\",\"itemListElement\":[{\"@type\":\"ListItem\",\"position\":1,\"name\":\"Portada\",\"item\":\"https:\\\/\\\/moitoarchery.com\\\/en\\\/\"},{\"@type\":\"ListItem\",\"position\":2,\"name\":\"Shop\",\"item\":\"https:\\\/\\\/moitoarchery.com\\\/en\\\/shop\\\/\"},{\"@type\":\"ListItem\",\"position\":3,\"name\":\"Visor de 3 pines Octane Stryker\"}]},{\"@type\":\"WebSite\",\"@id\":\"https:\\\/\\\/moitoarchery.com\\\/en\\\/#website\",\"url\":\"https:\\\/\\\/moitoarchery.com\\\/en\\\/\",\"name\":\"MoitoArchery\",\"description\":\"Tienda de Tiro con arco\",\"publisher\":{\"@id\":\"https:\\\/\\\/moitoarchery.com\\\/en\\\/#organization\"},\"potentialAction\":[{\"@type\":\"SearchAction\",\"target\":{\"@type\":\"EntryPoint\",\"urlTemplate\":\"https:\\\/\\\/moitoarchery.com\\\/en\\\/?s={search_term_string}\"},\"query-input\":{\"@type\":\"PropertyValueSpecification\",\"valueRequired\":true,\"valueName\":\"search_term_string\"}}],\"inLanguage\":\"en-US\"},{\"@type\":\"Organization\",\"@id\":\"https:\\\/\\\/moitoarchery.com\\\/en\\\/#organization\",\"name\":\"MoitoArchery\",\"url\":\"https:\\\/\\\/moitoarchery.com\\\/en\\\/\",\"logo\":{\"@type\":\"ImageObject\",\"inLanguage\":\"en-US\",\"@id\":\"https:\\\/\\\/moitoarchery.com\\\/en\\\/#\\\/schema\\\/logo\\\/image\\\/\",\"url\":\"https:\\\/\\\/moitoarchery.com\\\/wp-content\\\/uploads\\\/2020\\\/09\\\/logotipo-moitoarchery.png\",\"contentUrl\":\"https:\\\/\\\/moitoarchery.com\\\/wp-content\\\/uploads\\\/2020\\\/09\\\/logotipo-moitoarchery.png\",\"width\":300,\"height\":66,\"caption\":\"MoitoArchery\"},\"image\":{\"@id\":\"https:\\\/\\\/moitoarchery.com\\\/en\\\/#\\\/schema\\\/logo\\\/image\\\/\"},\"sameAs\":[\"https:\\\/\\\/www.facebook.com\\\/arqueriaOnline\\\/\",\"https:\\\/\\\/www.instagram.com\\\/moitoarchery\\\/\",\"https:\\\/\\\/www.youtube.com\\\/channel\\\/UCvmj39gVUIKVoJJ6vQC9GPA\\\/\"]}]}<\/script>\n<!-- \/ Yoast SEO plugin. -->","yoast_head_json":{"title":"Visor de 3 pines Octane Stryker - MoitoArchery","description":"El visor de 3 pines incluido en el paquete Diamond Edge Max Compound Bow Package es un visor dise\u00f1ado para arcos de poleas que ofrece una referencia clara y r\u00e1pida para diferentes distancias de tiro. Este accesorio forma parte de los componentes listos para disparar incluidos en muchos kits de Diamond Archery, fabricados por Octane Archery.Su sistema de tres pines de punter\u00eda permite ajustar cada referencia para diferentes distancias habituales, facilitando al arquero adaptarse r\u00e1pidamente a distintas situaciones de tiro, ya sea en pr\u00e1ctica deportiva o en caza con arco. Los pines de fibra \u00f3ptica proporcionan una buena visibilidad incluso en condiciones de poca luz, mejorando la precisi\u00f3n en el momento de apuntar.El visor cuenta con ajuste horizontal y vertical, permitiendo calibrar correctamente el punto de impacto seg\u00fan la configuraci\u00f3n del arco y las flechas utilizadas. Su construcci\u00f3n ligera y resistente lo convierte en una opci\u00f3n pr\u00e1ctica para arqueros que buscan un equipo funcional y f\u00e1cil de usar.","robots":{"index":"index","follow":"follow","max-snippet":"max-snippet:-1","max-image-preview":"max-image-preview:large","max-video-preview":"max-video-preview:-1"},"canonical":"https:\/\/moitoarchery.com\/en\/product\/visor-de-3-pines-octane-stryker\/","og_locale":"en_US","og_type":"article","og_title":"Visor de 3 pines Octane Stryker - MoitoArchery","og_description":"El visor de 3 pines incluido en el paquete Diamond Edge Max Compound Bow Package es un visor dise\u00f1ado para arcos de poleas que ofrece una referencia clara y r\u00e1pida para diferentes distancias de tiro. Este accesorio forma parte de los componentes listos para disparar incluidos en muchos kits de Diamond Archery, fabricados por Octane Archery.Su sistema de tres pines de punter\u00eda permite ajustar cada referencia para diferentes distancias habituales, facilitando al arquero adaptarse r\u00e1pidamente a distintas situaciones de tiro, ya sea en pr\u00e1ctica deportiva o en caza con arco. Los pines de fibra \u00f3ptica proporcionan una buena visibilidad incluso en condiciones de poca luz, mejorando la precisi\u00f3n en el momento de apuntar.El visor cuenta con ajuste horizontal y vertical, permitiendo calibrar correctamente el punto de impacto seg\u00fan la configuraci\u00f3n del arco y las flechas utilizadas. Su construcci\u00f3n ligera y resistente lo convierte en una opci\u00f3n pr\u00e1ctica para arqueros que buscan un equipo funcional y f\u00e1cil de usar.","og_url":"https:\/\/moitoarchery.com\/en\/product\/visor-de-3-pines-octane-stryker\/","og_site_name":"MoitoArchery","article_publisher":"https:\/\/www.facebook.com\/arqueriaOnline\/","article_modified_time":"2026-04-16T09:21:19+00:00","og_image":[{"width":800,"height":800,"url":"https:\/\/moitoarchery.com\/wp-content\/uploads\/2026\/03\/Sin-titulo-1.jpg","type":"image\/jpeg"}],"twitter_card":"summary_large_image","twitter_misc":{"Est. reading time":"1 minute"},"schema":{"@context":"https:\/\/schema.org","@graph":[{"@type":"WebPage","@id":"https:\/\/moitoarchery.com\/en\/product\/visor-de-3-pines-octane-stryker\/","url":"https:\/\/moitoarchery.com\/en\/product\/visor-de-3-pines-octane-stryker\/","name":"Visor de 3 pines Octane Stryker - MoitoArchery","isPartOf":{"@id":"https:\/\/moitoarchery.com\/en\/#website"},"primaryImageOfPage":{"@id":"https:\/\/moitoarchery.com\/en\/product\/visor-de-3-pines-octane-stryker\/#primaryimage"},"image":{"@id":"https:\/\/moitoarchery.com\/en\/product\/visor-de-3-pines-octane-stryker\/#primaryimage"},"thumbnailUrl":"https:\/\/moitoarchery.com\/wp-content\/uploads\/2026\/03\/Sin-titulo-1.jpg","datePublished":"2026-03-09T12:59:30+00:00","dateModified":"2026-04-16T09:21:19+00:00","description":"El visor de 3 pines incluido en el paquete Diamond Edge Max Compound Bow Package es un visor dise\u00f1ado para arcos de poleas que ofrece una referencia clara y r\u00e1pida para diferentes distancias de tiro. Este accesorio forma parte de los componentes listos para disparar incluidos en muchos kits de Diamond Archery, fabricados por Octane Archery.Su sistema de tres pines de punter\u00eda permite ajustar cada referencia para diferentes distancias habituales, facilitando al arquero adaptarse r\u00e1pidamente a distintas situaciones de tiro, ya sea en pr\u00e1ctica deportiva o en caza con arco. Los pines de fibra \u00f3ptica proporcionan una buena visibilidad incluso en condiciones de poca luz, mejorando la precisi\u00f3n en el momento de apuntar.El visor cuenta con ajuste horizontal y vertical, permitiendo calibrar correctamente el punto de impacto seg\u00fan la configuraci\u00f3n del arco y las flechas utilizadas. Su construcci\u00f3n ligera y resistente lo convierte en una opci\u00f3n pr\u00e1ctica para arqueros que buscan un equipo funcional y f\u00e1cil de usar.","breadcrumb":{"@id":"https:\/\/moitoarchery.com\/en\/product\/visor-de-3-pines-octane-stryker\/#breadcrumb"},"inLanguage":"en-US","potentialAction":[{"@type":"ReadAction","target":["https:\/\/moitoarchery.com\/en\/product\/visor-de-3-pines-octane-stryker\/"]}]},{"@type":"ImageObject","inLanguage":"en-US","@id":"https:\/\/moitoarchery.com\/en\/product\/visor-de-3-pines-octane-stryker\/#primaryimage","url":"https:\/\/moitoarchery.com\/wp-content\/uploads\/2026\/03\/Sin-titulo-1.jpg","contentUrl":"https:\/\/moitoarchery.com\/wp-content\/uploads\/2026\/03\/Sin-titulo-1.jpg","width":800,"height":800,"caption":"Visor octane 3 pines"},{"@type":"BreadcrumbList","@id":"https:\/\/moitoarchery.com\/en\/product\/visor-de-3-pines-octane-stryker\/#breadcrumb","itemListElement":[{"@type":"ListItem","position":1,"name":"Portada","item":"https:\/\/moitoarchery.com\/en\/"},{"@type":"ListItem","position":2,"name":"Shop","item":"https:\/\/moitoarchery.com\/en\/shop\/"},{"@type":"ListItem","position":3,"name":"Visor de 3 pines Octane Stryker"}]},{"@type":"WebSite","@id":"https:\/\/moitoarchery.com\/en\/#website","url":"https:\/\/moitoarchery.com\/en\/","name":"MoitoArchery","description":"Tienda de Tiro con arco","publisher":{"@id":"https:\/\/moitoarchery.com\/en\/#organization"},"potentialAction":[{"@type":"SearchAction","target":{"@type":"EntryPoint","urlTemplate":"https:\/\/moitoarchery.com\/en\/?s={search_term_string}"},"query-input":{"@type":"PropertyValueSpecification","valueRequired":true,"valueName":"search_term_string"}}],"inLanguage":"en-US"},{"@type":"Organization","@id":"https:\/\/moitoarchery.com\/en\/#organization","name":"MoitoArchery","url":"https:\/\/moitoarchery.com\/en\/","logo":{"@type":"ImageObject","inLanguage":"en-US","@id":"https:\/\/moitoarchery.com\/en\/#\/schema\/logo\/image\/","url":"https:\/\/moitoarchery.com\/wp-content\/uploads\/2020\/09\/logotipo-moitoarchery.png","contentUrl":"https:\/\/moitoarchery.com\/wp-content\/uploads\/2020\/09\/logotipo-moitoarchery.png","width":300,"height":66,"caption":"MoitoArchery"},"image":{"@id":"https:\/\/moitoarchery.com\/en\/#\/schema\/logo\/image\/"},"sameAs":["https:\/\/www.facebook.com\/arqueriaOnline\/","https:\/\/www.instagram.com\/moitoarchery\/","https:\/\/www.youtube.com\/channel\/UCvmj39gVUIKVoJJ6vQC9GPA\/"]}]}},"_links":{"self":[{"href":"https:\/\/moitoarchery.com\/en\/wp-json\/wp\/v2\/product\/128374","targetHints":{"allow":["GET"]}}],"collection":[{"href":"https:\/\/moitoarchery.com\/en\/wp-json\/wp\/v2\/product"}],"about":[{"href":"https:\/\/moitoarchery.com\/en\/wp-json\/wp\/v2\/types\/product"}],"replies":[{"embeddable":true,"href":"https:\/\/moitoarchery.com\/en\/wp-json\/wp\/v2\/comments?post=128374"}],"version-history":[{"count":2,"href":"https:\/\/moitoarchery.com\/en\/wp-json\/wp\/v2\/product\/128374\/revisions"}],"predecessor-version":[{"id":132766,"href":"https:\/\/moitoarchery.com\/en\/wp-json\/wp\/v2\/product\/128374\/revisions\/132766"}],"wp:featuredmedia":[{"embeddable":true,"href":"https:\/\/moitoarchery.com\/en\/wp-json\/wp\/v2\/media\/128375"}],"wp:attachment":[{"href":"https:\/\/moitoarchery.com\/en\/wp-json\/wp\/v2\/media?parent=128374"}],"wp:term":[{"taxonomy":"product_brand","embeddable":true,"href":"https:\/\/moitoarchery.com\/en\/wp-json\/wp\/v2\/product_brand?post=128374"},{"taxonomy":"product_cat","embeddable":true,"href":"https:\/\/moitoarchery.com\/en\/wp-json\/wp\/v2\/product_cat?post=128374"},{"taxonomy":"product_tag","embeddable":true,"href":"https:\/\/moitoarchery.com\/en\/wp-json\/wp\/v2\/product_tag?post=128374"}],"curies":[{"name":"wp","href":"https:\/\/api.w.org\/{rel}","templated":true}]}}