{"id":128370,"date":"2026-03-09T13:49:25","date_gmt":"2026-03-09T12:49:25","guid":{"rendered":"https:\/\/moitoarchery.com\/?post_type=product&#038;p=128370"},"modified":"2026-04-16T11:21:19","modified_gmt":"2026-04-16T09:21:19","slug":"estabilizador-octane-de-5-pulgadas-para-arco-de-poleas","status":"publish","type":"product","link":"https:\/\/moitoarchery.com\/en\/product\/estabilizador-octane-de-5-pulgadas-para-arco-de-poleas\/","title":{"rendered":"Estabilizador Octane de 5 pulgadas para arco de poleas"},"content":{"rendered":"<p data-start=\"60\" data-end=\"382\">El <strong data-start=\"63\" data-end=\"94\">estabilizador de 5 pulgadas<\/strong> de <strong data-start=\"98\" data-end=\"139\"><span class=\"hover:entity-accent entity-underline inline cursor-pointer align-baseline\"><span class=\"whitespace-normal\">Octane Archery<\/span><\/span><\/strong> est\u00e1 dise\u00f1ado para mejorar el equilibrio y la estabilidad del arco durante el disparo. Su dise\u00f1o compacto ayuda a <strong data-start=\"254\" data-end=\"285\">reducir vibraciones y ruido<\/strong>, proporcionando una sensaci\u00f3n m\u00e1s suave despu\u00e9s de la suelta y favoreciendo una mayor precisi\u00f3n.<\/p>\n<p data-start=\"384\" data-end=\"759\">Fabricado con materiales ligeros y resistentes, este estabilizador es ideal para <strong data-start=\"465\" data-end=\"484\">arcos de poleas<\/strong>, especialmente en configuraciones de caza o tiro recreativo donde se busca mantener un equipo compacto y bien equilibrado. Su longitud de <strong data-start=\"623\" data-end=\"637\">5 pulgadas<\/strong> ofrece un buen compromiso entre <strong data-start=\"670\" data-end=\"703\">estabilidad y maniobrabilidad<\/strong>, evitando que el arco resulte demasiado largo o pesado.<\/p>\n<p data-start=\"761\" data-end=\"1012\">El estabilizador se instala f\u00e1cilmente en la <strong data-start=\"806\" data-end=\"841\">rosca est\u00e1ndar frontal del arco<\/strong>, compatible con la mayor\u00eda de arcos compuestos del mercado. Adem\u00e1s, su dise\u00f1o discreto en color negro combina perfectamente con la mayor\u00eda de configuraciones de arquer\u00eda.<\/p>\n<p data-start=\"1014\" data-end=\"1258\">Este tipo de estabilizador suele encontrarse en kits de arcos compuestos como los de <strong data-start=\"1099\" data-end=\"1140\"><span class=\"hover:entity-accent entity-underline inline cursor-pointer align-baseline\"><span class=\"whitespace-normal\">Diamond Archery<\/span><\/span><\/strong>, donde los accesorios de <strong data-start=\"1166\" data-end=\"1207\"><span class=\"hover:entity-accent entity-underline inline cursor-pointer align-baseline\"><span class=\"whitespace-normal\">Octane Archery<\/span><\/span><\/strong> se incluyen como equipamiento listo para disparar.<\/p>\n<h3 data-section-id=\"zmewqp\" data-start=\"1260\" data-end=\"1291\">Caracter\u00edsticas principales<\/h3>\n<ul data-start=\"1293\" data-end=\"1590\">\n<li data-section-id=\"jex3zs\" data-start=\"1293\" data-end=\"1321\">\n<p data-start=\"1295\" data-end=\"1321\">Longitud: <strong data-start=\"1305\" data-end=\"1319\">5 pulgadas<\/strong><\/p>\n<\/li>\n<li data-section-id=\"17f6i87\" data-start=\"1322\" data-end=\"1369\">\n<p data-start=\"1324\" data-end=\"1369\">Tipo: <strong data-start=\"1330\" data-end=\"1367\">Estabilizador para arco de poleas<\/strong><\/p>\n<\/li>\n<li data-section-id=\"4rcrqg\" data-start=\"1370\" data-end=\"1420\">\n<p data-start=\"1372\" data-end=\"1420\">Reduce <strong data-start=\"1379\" data-end=\"1402\">vibraciones y ruido<\/strong> tras el disparo<\/p>\n<\/li>\n<li data-section-id=\"11715ou\" data-start=\"1421\" data-end=\"1475\">\n<p data-start=\"1423\" data-end=\"1475\">Mejora el <strong data-start=\"1433\" data-end=\"1473\">equilibrio y la estabilidad del arco<\/strong><\/p>\n<\/li>\n<li data-section-id=\"q67vxv\" data-start=\"1476\" data-end=\"1539\">\n<p data-start=\"1478\" data-end=\"1539\"><strong data-start=\"1478\" data-end=\"1502\">Instalaci\u00f3n sencilla<\/strong> en rosca est\u00e1ndar de estabilizador<\/p>\n<\/li>\n<li data-section-id=\"kc5qzq\" data-start=\"1540\" data-end=\"1572\">\n<p data-start=\"1542\" data-end=\"1572\">Dise\u00f1o <strong data-start=\"1549\" data-end=\"1570\">ligero y compacto<\/strong><\/p>\n<\/li>\n<li data-section-id=\"10pcqh0\" data-start=\"1573\" data-end=\"1590\">\n<p data-start=\"1575\" data-end=\"1590\">Color <strong data-start=\"1581\" data-end=\"1590\">negro<\/strong><\/p>\n<\/li>\n<\/ul>\n","protected":false},"excerpt":{"rendered":"<p data-start=\"60\" data-end=\"382\">El <strong data-start=\"63\" data-end=\"94\">estabilizador de 5 pulgadas<\/strong> de <strong data-start=\"98\" data-end=\"139\"><span class=\"hover:entity-accent entity-underline inline cursor-pointer align-baseline\"><span class=\"whitespace-normal\">Octane Archery<\/span><\/span><\/strong> est\u00e1 dise\u00f1ado para mejorar el equilibrio y la estabilidad del arco durante el disparo. Su dise\u00f1o compacto ayuda a <strong data-start=\"254\" data-end=\"285\">reducir vibraciones y ruido<\/strong>, proporcionando una sensaci\u00f3n m\u00e1s suave despu\u00e9s de la suelta y favoreciendo una mayor precisi\u00f3n.<\/p>\n<p data-start=\"384\" data-end=\"759\">Fabricado con materiales ligeros y resistentes, este estabilizador es ideal para <strong data-start=\"465\" data-end=\"484\">arcos de poleas<\/strong>, especialmente en configuraciones de caza o tiro recreativo donde se busca mantener un equipo compacto y bien equilibrado. Su longitud de <strong data-start=\"623\" data-end=\"637\">5 pulgadas<\/strong> ofrece un buen compromiso entre <strong data-start=\"670\" data-end=\"703\">estabilidad y maniobrabilidad<\/strong>, evitando que el arco resulte demasiado largo o pesado.<\/p>\n<p data-start=\"761\" data-end=\"1012\">El estabilizador se instala f\u00e1cilmente en la <strong data-start=\"806\" data-end=\"841\">rosca est\u00e1ndar frontal del arco<\/strong>, compatible con la mayor\u00eda de arcos compuestos del mercado. Adem\u00e1s, su dise\u00f1o discreto en color negro combina perfectamente con la mayor\u00eda de configuraciones de arquer\u00eda.<\/p>\n<p data-start=\"1014\" data-end=\"1258\">Este tipo de estabilizador suele encontrarse en kits de arcos compuestos como los de <strong data-start=\"1099\" data-end=\"1140\"><span class=\"hover:entity-accent entity-underline inline cursor-pointer align-baseline\"><span class=\"whitespace-normal\">Diamond Archery<\/span><\/span><\/strong>, donde los accesorios de <strong data-start=\"1166\" data-end=\"1207\"><span class=\"hover:entity-accent entity-underline inline cursor-pointer align-baseline\"><span class=\"whitespace-normal\">Octane Archery<\/span><\/span><\/strong> se incluyen como equipamiento listo para disparar.<\/p>\n","protected":false},"featured_media":128371,"comment_status":"open","ping_status":"closed","template":"","meta":{"_acf_changed":false},"product_brand":[4188],"product_cat":[151,109],"product_tag":[],"class_list":{"0":"post-128370","1":"product","2":"type-product","3":"status-publish","4":"has-post-thumbnail","6":"product_brand-octane","7":"product_cat-estabilizador-corto","8":"product_cat-estabilizadores","10":"first","11":"instock","12":"sale","13":"taxable","14":"shipping-taxable","15":"purchasable","16":"product-type-simple"},"acf":[],"yoast_head":"<!-- This site is optimized with the Yoast SEO plugin v27.3 - https:\/\/yoast.com\/product\/yoast-seo-wordpress\/ -->\n<title>Estabilizador Octane de 5 pulgadas para arco de poleas - MoitoArchery<\/title>\n<meta name=\"description\" content=\"El estabilizador de 5 pulgadas de Octane Archery est\u00e1 dise\u00f1ado para mejorar el equilibrio y la estabilidad del arco durante el disparo. Su dise\u00f1o compacto ayuda a reducir vibraciones y ruido, proporcionando una sensaci\u00f3n m\u00e1s suave despu\u00e9s de la suelta y favoreciendo una mayor precisi\u00f3n.Fabricado con materiales ligeros y resistentes, este estabilizador es ideal para arcos de poleas, especialmente en configuraciones de caza o tiro recreativo donde se busca mantener un equipo compacto y bien equilibrado. Su longitud de 5 pulgadas ofrece un buen compromiso entre estabilidad y maniobrabilidad, evitando que el arco resulte demasiado largo o pesado.El estabilizador se instala f\u00e1cilmente en la rosca est\u00e1ndar frontal del arco, compatible con la mayor\u00eda de arcos compuestos del mercado. Adem\u00e1s, su dise\u00f1o discreto en color negro combina perfectamente con la mayor\u00eda de configuraciones de arquer\u00eda.Este tipo de estabilizador suele encontrarse en kits de arcos compuestos como los de Diamond Archery, donde los accesorios de Octane Archery se incluyen como equipamiento listo para disparar.\" \/>\n<meta name=\"robots\" content=\"index, follow, max-snippet:-1, max-image-preview:large, max-video-preview:-1\" \/>\n<link rel=\"canonical\" href=\"https:\/\/moitoarchery.com\/en\/product\/estabilizador-octane-de-5-pulgadas-para-arco-de-poleas\/\" \/>\n<meta property=\"og:locale\" content=\"en_US\" \/>\n<meta property=\"og:type\" content=\"article\" \/>\n<meta property=\"og:title\" content=\"Estabilizador Octane de 5 pulgadas para arco de poleas - MoitoArchery\" \/>\n<meta property=\"og:description\" content=\"El estabilizador de 5 pulgadas de Octane Archery est\u00e1 dise\u00f1ado para mejorar el equilibrio y la estabilidad del arco durante el disparo. Su dise\u00f1o compacto ayuda a reducir vibraciones y ruido, proporcionando una sensaci\u00f3n m\u00e1s suave despu\u00e9s de la suelta y favoreciendo una mayor precisi\u00f3n.Fabricado con materiales ligeros y resistentes, este estabilizador es ideal para arcos de poleas, especialmente en configuraciones de caza o tiro recreativo donde se busca mantener un equipo compacto y bien equilibrado. Su longitud de 5 pulgadas ofrece un buen compromiso entre estabilidad y maniobrabilidad, evitando que el arco resulte demasiado largo o pesado.El estabilizador se instala f\u00e1cilmente en la rosca est\u00e1ndar frontal del arco, compatible con la mayor\u00eda de arcos compuestos del mercado. Adem\u00e1s, su dise\u00f1o discreto en color negro combina perfectamente con la mayor\u00eda de configuraciones de arquer\u00eda.Este tipo de estabilizador suele encontrarse en kits de arcos compuestos como los de Diamond Archery, donde los accesorios de Octane Archery se incluyen como equipamiento listo para disparar.\" \/>\n<meta property=\"og:url\" content=\"https:\/\/moitoarchery.com\/en\/product\/estabilizador-octane-de-5-pulgadas-para-arco-de-poleas\/\" \/>\n<meta property=\"og:site_name\" content=\"MoitoArchery\" \/>\n<meta property=\"article:publisher\" content=\"https:\/\/www.facebook.com\/arqueriaOnline\/\" \/>\n<meta property=\"article:modified_time\" content=\"2026-04-16T09:21:19+00:00\" \/>\n<meta property=\"og:image\" content=\"https:\/\/moitoarchery.com\/wp-content\/uploads\/2025\/02\/silenciador-octane.jpg\" \/>\n\t<meta property=\"og:image:width\" content=\"800\" \/>\n\t<meta property=\"og:image:height\" content=\"800\" \/>\n\t<meta property=\"og:image:type\" content=\"image\/jpeg\" \/>\n<meta name=\"twitter:card\" content=\"summary_large_image\" \/>\n<meta name=\"twitter:label1\" content=\"Est. reading time\" \/>\n\t<meta name=\"twitter:data1\" content=\"2 minutes\" \/>\n<script type=\"application\/ld+json\" class=\"yoast-schema-graph\">{\"@context\":\"https:\\\/\\\/schema.org\",\"@graph\":[{\"@type\":\"WebPage\",\"@id\":\"https:\\\/\\\/moitoarchery.com\\\/en\\\/product\\\/estabilizador-octane-de-5-pulgadas-para-arco-de-poleas\\\/\",\"url\":\"https:\\\/\\\/moitoarchery.com\\\/en\\\/product\\\/estabilizador-octane-de-5-pulgadas-para-arco-de-poleas\\\/\",\"name\":\"Estabilizador Octane de 5 pulgadas para arco de poleas - MoitoArchery\",\"isPartOf\":{\"@id\":\"https:\\\/\\\/moitoarchery.com\\\/en\\\/#website\"},\"primaryImageOfPage\":{\"@id\":\"https:\\\/\\\/moitoarchery.com\\\/en\\\/product\\\/estabilizador-octane-de-5-pulgadas-para-arco-de-poleas\\\/#primaryimage\"},\"image\":{\"@id\":\"https:\\\/\\\/moitoarchery.com\\\/en\\\/product\\\/estabilizador-octane-de-5-pulgadas-para-arco-de-poleas\\\/#primaryimage\"},\"thumbnailUrl\":\"https:\\\/\\\/moitoarchery.com\\\/wp-content\\\/uploads\\\/2025\\\/02\\\/silenciador-octane.jpg\",\"datePublished\":\"2026-03-09T12:49:25+00:00\",\"dateModified\":\"2026-04-16T09:21:19+00:00\",\"description\":\"El estabilizador de 5 pulgadas de Octane Archery est\u00e1 dise\u00f1ado para mejorar el equilibrio y la estabilidad del arco durante el disparo. Su dise\u00f1o compacto ayuda a reducir vibraciones y ruido, proporcionando una sensaci\u00f3n m\u00e1s suave despu\u00e9s de la suelta y favoreciendo una mayor precisi\u00f3n.Fabricado con materiales ligeros y resistentes, este estabilizador es ideal para arcos de poleas, especialmente en configuraciones de caza o tiro recreativo donde se busca mantener un equipo compacto y bien equilibrado. Su longitud de 5 pulgadas ofrece un buen compromiso entre estabilidad y maniobrabilidad, evitando que el arco resulte demasiado largo o pesado.El estabilizador se instala f\u00e1cilmente en la rosca est\u00e1ndar frontal del arco, compatible con la mayor\u00eda de arcos compuestos del mercado. Adem\u00e1s, su dise\u00f1o discreto en color negro combina perfectamente con la mayor\u00eda de configuraciones de arquer\u00eda.Este tipo de estabilizador suele encontrarse en kits de arcos compuestos como los de Diamond Archery, donde los accesorios de Octane Archery se incluyen como equipamiento listo para disparar.\",\"breadcrumb\":{\"@id\":\"https:\\\/\\\/moitoarchery.com\\\/en\\\/product\\\/estabilizador-octane-de-5-pulgadas-para-arco-de-poleas\\\/#breadcrumb\"},\"inLanguage\":\"en-US\",\"potentialAction\":[{\"@type\":\"ReadAction\",\"target\":[\"https:\\\/\\\/moitoarchery.com\\\/en\\\/product\\\/estabilizador-octane-de-5-pulgadas-para-arco-de-poleas\\\/\"]}]},{\"@type\":\"ImageObject\",\"inLanguage\":\"en-US\",\"@id\":\"https:\\\/\\\/moitoarchery.com\\\/en\\\/product\\\/estabilizador-octane-de-5-pulgadas-para-arco-de-poleas\\\/#primaryimage\",\"url\":\"https:\\\/\\\/moitoarchery.com\\\/wp-content\\\/uploads\\\/2025\\\/02\\\/silenciador-octane.jpg\",\"contentUrl\":\"https:\\\/\\\/moitoarchery.com\\\/wp-content\\\/uploads\\\/2025\\\/02\\\/silenciador-octane.jpg\",\"width\":800,\"height\":800,\"caption\":\"Estabilizador Octane de 5\\\"\"},{\"@type\":\"BreadcrumbList\",\"@id\":\"https:\\\/\\\/moitoarchery.com\\\/en\\\/product\\\/estabilizador-octane-de-5-pulgadas-para-arco-de-poleas\\\/#breadcrumb\",\"itemListElement\":[{\"@type\":\"ListItem\",\"position\":1,\"name\":\"Portada\",\"item\":\"https:\\\/\\\/moitoarchery.com\\\/en\\\/\"},{\"@type\":\"ListItem\",\"position\":2,\"name\":\"Shop\",\"item\":\"https:\\\/\\\/moitoarchery.com\\\/en\\\/shop\\\/\"},{\"@type\":\"ListItem\",\"position\":3,\"name\":\"Estabilizador Octane de 5 pulgadas para arco de poleas\"}]},{\"@type\":\"WebSite\",\"@id\":\"https:\\\/\\\/moitoarchery.com\\\/en\\\/#website\",\"url\":\"https:\\\/\\\/moitoarchery.com\\\/en\\\/\",\"name\":\"MoitoArchery\",\"description\":\"Tienda de Tiro con arco\",\"publisher\":{\"@id\":\"https:\\\/\\\/moitoarchery.com\\\/en\\\/#organization\"},\"potentialAction\":[{\"@type\":\"SearchAction\",\"target\":{\"@type\":\"EntryPoint\",\"urlTemplate\":\"https:\\\/\\\/moitoarchery.com\\\/en\\\/?s={search_term_string}\"},\"query-input\":{\"@type\":\"PropertyValueSpecification\",\"valueRequired\":true,\"valueName\":\"search_term_string\"}}],\"inLanguage\":\"en-US\"},{\"@type\":\"Organization\",\"@id\":\"https:\\\/\\\/moitoarchery.com\\\/en\\\/#organization\",\"name\":\"MoitoArchery\",\"url\":\"https:\\\/\\\/moitoarchery.com\\\/en\\\/\",\"logo\":{\"@type\":\"ImageObject\",\"inLanguage\":\"en-US\",\"@id\":\"https:\\\/\\\/moitoarchery.com\\\/en\\\/#\\\/schema\\\/logo\\\/image\\\/\",\"url\":\"https:\\\/\\\/moitoarchery.com\\\/wp-content\\\/uploads\\\/2020\\\/09\\\/logotipo-moitoarchery.png\",\"contentUrl\":\"https:\\\/\\\/moitoarchery.com\\\/wp-content\\\/uploads\\\/2020\\\/09\\\/logotipo-moitoarchery.png\",\"width\":300,\"height\":66,\"caption\":\"MoitoArchery\"},\"image\":{\"@id\":\"https:\\\/\\\/moitoarchery.com\\\/en\\\/#\\\/schema\\\/logo\\\/image\\\/\"},\"sameAs\":[\"https:\\\/\\\/www.facebook.com\\\/arqueriaOnline\\\/\",\"https:\\\/\\\/www.instagram.com\\\/moitoarchery\\\/\",\"https:\\\/\\\/www.youtube.com\\\/channel\\\/UCvmj39gVUIKVoJJ6vQC9GPA\\\/\"]}]}<\/script>\n<!-- \/ Yoast SEO plugin. -->","yoast_head_json":{"title":"Estabilizador Octane de 5 pulgadas para arco de poleas - MoitoArchery","description":"El estabilizador de 5 pulgadas de Octane Archery est\u00e1 dise\u00f1ado para mejorar el equilibrio y la estabilidad del arco durante el disparo. Su dise\u00f1o compacto ayuda a reducir vibraciones y ruido, proporcionando una sensaci\u00f3n m\u00e1s suave despu\u00e9s de la suelta y favoreciendo una mayor precisi\u00f3n.Fabricado con materiales ligeros y resistentes, este estabilizador es ideal para arcos de poleas, especialmente en configuraciones de caza o tiro recreativo donde se busca mantener un equipo compacto y bien equilibrado. Su longitud de 5 pulgadas ofrece un buen compromiso entre estabilidad y maniobrabilidad, evitando que el arco resulte demasiado largo o pesado.El estabilizador se instala f\u00e1cilmente en la rosca est\u00e1ndar frontal del arco, compatible con la mayor\u00eda de arcos compuestos del mercado. Adem\u00e1s, su dise\u00f1o discreto en color negro combina perfectamente con la mayor\u00eda de configuraciones de arquer\u00eda.Este tipo de estabilizador suele encontrarse en kits de arcos compuestos como los de Diamond Archery, donde los accesorios de Octane Archery se incluyen como equipamiento listo para disparar.","robots":{"index":"index","follow":"follow","max-snippet":"max-snippet:-1","max-image-preview":"max-image-preview:large","max-video-preview":"max-video-preview:-1"},"canonical":"https:\/\/moitoarchery.com\/en\/product\/estabilizador-octane-de-5-pulgadas-para-arco-de-poleas\/","og_locale":"en_US","og_type":"article","og_title":"Estabilizador Octane de 5 pulgadas para arco de poleas - MoitoArchery","og_description":"El estabilizador de 5 pulgadas de Octane Archery est\u00e1 dise\u00f1ado para mejorar el equilibrio y la estabilidad del arco durante el disparo. Su dise\u00f1o compacto ayuda a reducir vibraciones y ruido, proporcionando una sensaci\u00f3n m\u00e1s suave despu\u00e9s de la suelta y favoreciendo una mayor precisi\u00f3n.Fabricado con materiales ligeros y resistentes, este estabilizador es ideal para arcos de poleas, especialmente en configuraciones de caza o tiro recreativo donde se busca mantener un equipo compacto y bien equilibrado. Su longitud de 5 pulgadas ofrece un buen compromiso entre estabilidad y maniobrabilidad, evitando que el arco resulte demasiado largo o pesado.El estabilizador se instala f\u00e1cilmente en la rosca est\u00e1ndar frontal del arco, compatible con la mayor\u00eda de arcos compuestos del mercado. Adem\u00e1s, su dise\u00f1o discreto en color negro combina perfectamente con la mayor\u00eda de configuraciones de arquer\u00eda.Este tipo de estabilizador suele encontrarse en kits de arcos compuestos como los de Diamond Archery, donde los accesorios de Octane Archery se incluyen como equipamiento listo para disparar.","og_url":"https:\/\/moitoarchery.com\/en\/product\/estabilizador-octane-de-5-pulgadas-para-arco-de-poleas\/","og_site_name":"MoitoArchery","article_publisher":"https:\/\/www.facebook.com\/arqueriaOnline\/","article_modified_time":"2026-04-16T09:21:19+00:00","og_image":[{"width":800,"height":800,"url":"https:\/\/moitoarchery.com\/wp-content\/uploads\/2025\/02\/silenciador-octane.jpg","type":"image\/jpeg"}],"twitter_card":"summary_large_image","twitter_misc":{"Est. reading time":"2 minutes"},"schema":{"@context":"https:\/\/schema.org","@graph":[{"@type":"WebPage","@id":"https:\/\/moitoarchery.com\/en\/product\/estabilizador-octane-de-5-pulgadas-para-arco-de-poleas\/","url":"https:\/\/moitoarchery.com\/en\/product\/estabilizador-octane-de-5-pulgadas-para-arco-de-poleas\/","name":"Estabilizador Octane de 5 pulgadas para arco de poleas - MoitoArchery","isPartOf":{"@id":"https:\/\/moitoarchery.com\/en\/#website"},"primaryImageOfPage":{"@id":"https:\/\/moitoarchery.com\/en\/product\/estabilizador-octane-de-5-pulgadas-para-arco-de-poleas\/#primaryimage"},"image":{"@id":"https:\/\/moitoarchery.com\/en\/product\/estabilizador-octane-de-5-pulgadas-para-arco-de-poleas\/#primaryimage"},"thumbnailUrl":"https:\/\/moitoarchery.com\/wp-content\/uploads\/2025\/02\/silenciador-octane.jpg","datePublished":"2026-03-09T12:49:25+00:00","dateModified":"2026-04-16T09:21:19+00:00","description":"El estabilizador de 5 pulgadas de Octane Archery est\u00e1 dise\u00f1ado para mejorar el equilibrio y la estabilidad del arco durante el disparo. Su dise\u00f1o compacto ayuda a reducir vibraciones y ruido, proporcionando una sensaci\u00f3n m\u00e1s suave despu\u00e9s de la suelta y favoreciendo una mayor precisi\u00f3n.Fabricado con materiales ligeros y resistentes, este estabilizador es ideal para arcos de poleas, especialmente en configuraciones de caza o tiro recreativo donde se busca mantener un equipo compacto y bien equilibrado. Su longitud de 5 pulgadas ofrece un buen compromiso entre estabilidad y maniobrabilidad, evitando que el arco resulte demasiado largo o pesado.El estabilizador se instala f\u00e1cilmente en la rosca est\u00e1ndar frontal del arco, compatible con la mayor\u00eda de arcos compuestos del mercado. Adem\u00e1s, su dise\u00f1o discreto en color negro combina perfectamente con la mayor\u00eda de configuraciones de arquer\u00eda.Este tipo de estabilizador suele encontrarse en kits de arcos compuestos como los de Diamond Archery, donde los accesorios de Octane Archery se incluyen como equipamiento listo para disparar.","breadcrumb":{"@id":"https:\/\/moitoarchery.com\/en\/product\/estabilizador-octane-de-5-pulgadas-para-arco-de-poleas\/#breadcrumb"},"inLanguage":"en-US","potentialAction":[{"@type":"ReadAction","target":["https:\/\/moitoarchery.com\/en\/product\/estabilizador-octane-de-5-pulgadas-para-arco-de-poleas\/"]}]},{"@type":"ImageObject","inLanguage":"en-US","@id":"https:\/\/moitoarchery.com\/en\/product\/estabilizador-octane-de-5-pulgadas-para-arco-de-poleas\/#primaryimage","url":"https:\/\/moitoarchery.com\/wp-content\/uploads\/2025\/02\/silenciador-octane.jpg","contentUrl":"https:\/\/moitoarchery.com\/wp-content\/uploads\/2025\/02\/silenciador-octane.jpg","width":800,"height":800,"caption":"Estabilizador Octane de 5\""},{"@type":"BreadcrumbList","@id":"https:\/\/moitoarchery.com\/en\/product\/estabilizador-octane-de-5-pulgadas-para-arco-de-poleas\/#breadcrumb","itemListElement":[{"@type":"ListItem","position":1,"name":"Portada","item":"https:\/\/moitoarchery.com\/en\/"},{"@type":"ListItem","position":2,"name":"Shop","item":"https:\/\/moitoarchery.com\/en\/shop\/"},{"@type":"ListItem","position":3,"name":"Estabilizador Octane de 5 pulgadas para arco de poleas"}]},{"@type":"WebSite","@id":"https:\/\/moitoarchery.com\/en\/#website","url":"https:\/\/moitoarchery.com\/en\/","name":"MoitoArchery","description":"Tienda de Tiro con arco","publisher":{"@id":"https:\/\/moitoarchery.com\/en\/#organization"},"potentialAction":[{"@type":"SearchAction","target":{"@type":"EntryPoint","urlTemplate":"https:\/\/moitoarchery.com\/en\/?s={search_term_string}"},"query-input":{"@type":"PropertyValueSpecification","valueRequired":true,"valueName":"search_term_string"}}],"inLanguage":"en-US"},{"@type":"Organization","@id":"https:\/\/moitoarchery.com\/en\/#organization","name":"MoitoArchery","url":"https:\/\/moitoarchery.com\/en\/","logo":{"@type":"ImageObject","inLanguage":"en-US","@id":"https:\/\/moitoarchery.com\/en\/#\/schema\/logo\/image\/","url":"https:\/\/moitoarchery.com\/wp-content\/uploads\/2020\/09\/logotipo-moitoarchery.png","contentUrl":"https:\/\/moitoarchery.com\/wp-content\/uploads\/2020\/09\/logotipo-moitoarchery.png","width":300,"height":66,"caption":"MoitoArchery"},"image":{"@id":"https:\/\/moitoarchery.com\/en\/#\/schema\/logo\/image\/"},"sameAs":["https:\/\/www.facebook.com\/arqueriaOnline\/","https:\/\/www.instagram.com\/moitoarchery\/","https:\/\/www.youtube.com\/channel\/UCvmj39gVUIKVoJJ6vQC9GPA\/"]}]}},"_links":{"self":[{"href":"https:\/\/moitoarchery.com\/en\/wp-json\/wp\/v2\/product\/128370","targetHints":{"allow":["GET"]}}],"collection":[{"href":"https:\/\/moitoarchery.com\/en\/wp-json\/wp\/v2\/product"}],"about":[{"href":"https:\/\/moitoarchery.com\/en\/wp-json\/wp\/v2\/types\/product"}],"replies":[{"embeddable":true,"href":"https:\/\/moitoarchery.com\/en\/wp-json\/wp\/v2\/comments?post=128370"}],"version-history":[{"count":1,"href":"https:\/\/moitoarchery.com\/en\/wp-json\/wp\/v2\/product\/128370\/revisions"}],"predecessor-version":[{"id":132765,"href":"https:\/\/moitoarchery.com\/en\/wp-json\/wp\/v2\/product\/128370\/revisions\/132765"}],"wp:featuredmedia":[{"embeddable":true,"href":"https:\/\/moitoarchery.com\/en\/wp-json\/wp\/v2\/media\/128371"}],"wp:attachment":[{"href":"https:\/\/moitoarchery.com\/en\/wp-json\/wp\/v2\/media?parent=128370"}],"wp:term":[{"taxonomy":"product_brand","embeddable":true,"href":"https:\/\/moitoarchery.com\/en\/wp-json\/wp\/v2\/product_brand?post=128370"},{"taxonomy":"product_cat","embeddable":true,"href":"https:\/\/moitoarchery.com\/en\/wp-json\/wp\/v2\/product_cat?post=128370"},{"taxonomy":"product_tag","embeddable":true,"href":"https:\/\/moitoarchery.com\/en\/wp-json\/wp\/v2\/product_tag?post=128370"}],"curies":[{"name":"wp","href":"https:\/\/api.w.org\/{rel}","templated":true}]}}