{"id":128366,"date":"2026-03-09T13:34:20","date_gmt":"2026-03-09T12:34:20","guid":{"rendered":"https:\/\/moitoarchery.com\/?post_type=product&#038;p=128366"},"modified":"2026-04-16T11:21:19","modified_gmt":"2026-04-16T09:21:19","slug":"correa-de-muneca-para-arco-diamond-bowtech","status":"publish","type":"product","link":"https:\/\/moitoarchery.com\/en\/product\/correa-de-muneca-para-arco-diamond-bowtech\/","title":{"rendered":"Correa de mu\u00f1eca para arco Diamond \/ Bowtech"},"content":{"rendered":"<p data-start=\"156\" data-end=\"587\">La <strong data-start=\"159\" data-end=\"189\">correa de mu\u00f1eca para arco<\/strong> de <strong data-start=\"193\" data-end=\"274\"><span class=\"hover:entity-accent entity-underline inline cursor-pointer align-baseline\"><span class=\"whitespace-normal\">Diamond Archery<\/span><\/span> \/ <span class=\"hover:entity-accent entity-underline inline cursor-pointer align-baseline\"><span class=\"whitespace-normal\">Bowtech<\/span><\/span><\/strong> es un accesorio esencial para arqueros que utilizan arcos de poleas y buscan <strong data-start=\"352\" data-end=\"413\">mayor seguridad, estabilidad y control durante el disparo<\/strong>. Dise\u00f1ada para fijarse al arco mediante el estabilizador, esta <strong data-start=\"477\" data-end=\"492\">wrist sling<\/strong> permite sujetar el arco c\u00f3modamente despu\u00e9s del disparo sin necesidad de agarrarlo con fuerza.<\/p>\n<p data-start=\"589\" data-end=\"946\">Fabricada con <strong data-start=\"603\" data-end=\"642\">cord\u00f3n resistente de estilo carbono<\/strong>, esta correa combina <strong data-start=\"664\" data-end=\"701\">ligereza, durabilidad y comodidad<\/strong>, proporcionando un ajuste firme alrededor de la mu\u00f1eca. Su dise\u00f1o ayuda a mantener una <strong data-start=\"789\" data-end=\"817\">t\u00e9cnica de tiro correcta<\/strong>, evitando ejercer presi\u00f3n innecesaria sobre la empu\u00f1adura del arco y permitiendo que el arco se mueva libremente tras la suelta.<\/p>\n<p data-start=\"948\" data-end=\"1224\">El acabado en <strong data-start=\"962\" data-end=\"977\">color negro<\/strong> ofrece un aspecto discreto y elegante que combina con la mayor\u00eda de arcos de poleas. Es un accesorio muy utilizado tanto en <strong data-start=\"1102\" data-end=\"1142\">tiro deportivo como en caza con arco<\/strong>, especialmente en arcos de marcas como <strong data-start=\"1182\" data-end=\"1223\"><span class=\"hover:entity-accent entity-underline inline cursor-pointer align-baseline\"><span class=\"whitespace-normal\">Diamond Archery<\/span><\/span><\/strong>.<\/p>\n<h3 data-section-id=\"zmewqp\" data-start=\"1226\" data-end=\"1257\">Caracter\u00edsticas principales<\/h3>\n<ul data-start=\"1259\" data-end=\"1580\">\n<li data-section-id=\"1g6kjz6\" data-start=\"1259\" data-end=\"1317\">\n<p data-start=\"1261\" data-end=\"1317\">Correa de mu\u00f1eca para <strong data-start=\"1283\" data-end=\"1315\">arco de poleas (wrist sling)<\/strong><\/p>\n<\/li>\n<li data-section-id=\"1ctz8kd\" data-start=\"1318\" data-end=\"1364\">\n<p data-start=\"1320\" data-end=\"1364\">Compatible con arcos <strong data-start=\"1341\" data-end=\"1362\">Diamond y Bowtech<\/strong><\/p>\n<\/li>\n<li data-section-id=\"1wwl9gr\" data-start=\"1365\" data-end=\"1405\">\n<p data-start=\"1367\" data-end=\"1405\"><strong data-start=\"1367\" data-end=\"1403\">Cord\u00f3n resistente estilo carbono<\/strong><\/p>\n<\/li>\n<li data-section-id=\"3oofuc\" data-start=\"1406\" data-end=\"1484\">\n<p data-start=\"1408\" data-end=\"1484\">Permite <strong data-start=\"1416\" data-end=\"1446\">mejorar la t\u00e9cnica de tiro<\/strong> evitando agarrar el arco con fuerza<\/p>\n<\/li>\n<li data-section-id=\"19g839k\" data-start=\"1485\" data-end=\"1536\">\n<p data-start=\"1487\" data-end=\"1536\"><strong data-start=\"1487\" data-end=\"1511\">Instalaci\u00f3n sencilla<\/strong> junto al estabilizador<\/p>\n<\/li>\n<li data-section-id=\"19ce3sl\" data-start=\"1537\" data-end=\"1562\">\n<p data-start=\"1539\" data-end=\"1562\"><strong data-start=\"1539\" data-end=\"1560\">Ligera y duradera<\/strong><\/p>\n<\/li>\n<li data-section-id=\"10pcqh0\" data-start=\"1563\" data-end=\"1580\">\n<p data-start=\"1565\" data-end=\"1580\">Color <strong data-start=\"1571\" data-end=\"1580\">negro<\/strong><\/p>\n<\/li>\n<\/ul>\n","protected":false},"excerpt":{"rendered":"<p>La correa de mu\u00f1eca para arco de Diamond Archery \/ Bowtech es un accesorio esencial para arqueros que utilizan arcos de poleas y buscan mayor seguridad, estabilidad y control durante el disparo. Dise\u00f1ada para fijarse al arco mediante el estabilizador, esta wrist sling permite sujetar el arco c\u00f3modamente despu\u00e9s del disparo sin necesidad de agarrarlo [&hellip;]<\/p>\n","protected":false},"featured_media":128367,"comment_status":"open","ping_status":"closed","template":"","meta":{"_acf_changed":false},"product_brand":[4126],"product_cat":[104,127],"product_tag":[],"class_list":{"0":"post-128366","1":"product","2":"type-product","3":"status-publish","4":"has-post-thumbnail","6":"product_brand-diamond-archery","7":"product_cat-accesorios","8":"product_cat-dragonera","10":"first","11":"instock","12":"sale","13":"taxable","14":"shipping-taxable","15":"purchasable","16":"product-type-simple"},"acf":[],"yoast_head":"<!-- This site is optimized with the Yoast SEO plugin v27.3 - https:\/\/yoast.com\/product\/yoast-seo-wordpress\/ -->\n<title>Correa de mu\u00f1eca para arco Diamond \/ Bowtech - MoitoArchery<\/title>\n<meta name=\"description\" content=\"La correa de mu\u00f1eca para arco de Diamond Archery \/ Bowtech es un accesorio esencial para arqueros que utilizan arcos de poleas y buscan mayor seguridad, estabilidad y control durante el disparo. Dise\u00f1ada para fijarse al arco mediante el estabilizador, esta wrist sling permite sujetar el arco c\u00f3modamente despu\u00e9s del disparo sin necesidad de agarrarlo con fuerza.Fabricada con cord\u00f3n resistente de estilo carbono, esta correa combina ligereza, durabilidad y comodidad, proporcionando un ajuste firme alrededor de la mu\u00f1eca. Su dise\u00f1o ayuda a mantener una t\u00e9cnica de tiro correcta, evitando ejercer presi\u00f3n innecesaria sobre la empu\u00f1adura del arco y permitiendo que el arco se mueva libremente tras la suelta.El acabado en color negro ofrece un aspecto discreto y elegante que combina con la mayor\u00eda de arcos de poleas. Es un accesorio muy utilizado tanto en tiro deportivo como en caza con arco, especialmente en arcos de marcas como Diamond Archery.\" \/>\n<meta name=\"robots\" content=\"index, follow, max-snippet:-1, max-image-preview:large, max-video-preview:-1\" \/>\n<link rel=\"canonical\" href=\"https:\/\/moitoarchery.com\/en\/product\/correa-de-muneca-para-arco-diamond-bowtech\/\" \/>\n<meta property=\"og:locale\" content=\"en_US\" \/>\n<meta property=\"og:type\" content=\"article\" \/>\n<meta property=\"og:title\" content=\"Correa de mu\u00f1eca para arco Diamond \/ Bowtech - MoitoArchery\" \/>\n<meta property=\"og:description\" content=\"La correa de mu\u00f1eca para arco de Diamond Archery \/ Bowtech es un accesorio esencial para arqueros que utilizan arcos de poleas y buscan mayor seguridad, estabilidad y control durante el disparo. Dise\u00f1ada para fijarse al arco mediante el estabilizador, esta wrist sling permite sujetar el arco c\u00f3modamente despu\u00e9s del disparo sin necesidad de agarrarlo con fuerza.Fabricada con cord\u00f3n resistente de estilo carbono, esta correa combina ligereza, durabilidad y comodidad, proporcionando un ajuste firme alrededor de la mu\u00f1eca. Su dise\u00f1o ayuda a mantener una t\u00e9cnica de tiro correcta, evitando ejercer presi\u00f3n innecesaria sobre la empu\u00f1adura del arco y permitiendo que el arco se mueva libremente tras la suelta.El acabado en color negro ofrece un aspecto discreto y elegante que combina con la mayor\u00eda de arcos de poleas. Es un accesorio muy utilizado tanto en tiro deportivo como en caza con arco, especialmente en arcos de marcas como Diamond Archery.\" \/>\n<meta property=\"og:url\" content=\"https:\/\/moitoarchery.com\/en\/product\/correa-de-muneca-para-arco-diamond-bowtech\/\" \/>\n<meta property=\"og:site_name\" content=\"MoitoArchery\" \/>\n<meta property=\"article:publisher\" content=\"https:\/\/www.facebook.com\/arqueriaOnline\/\" \/>\n<meta property=\"article:modified_time\" content=\"2026-04-16T09:21:19+00:00\" \/>\n<meta property=\"og:image\" content=\"https:\/\/moitoarchery.com\/wp-content\/uploads\/2025\/02\/Sin-titulo-1.jpg\" \/>\n\t<meta property=\"og:image:width\" content=\"800\" \/>\n\t<meta property=\"og:image:height\" content=\"800\" \/>\n\t<meta property=\"og:image:type\" content=\"image\/jpeg\" \/>\n<meta name=\"twitter:card\" content=\"summary_large_image\" \/>\n<meta name=\"twitter:label1\" content=\"Est. reading time\" \/>\n\t<meta name=\"twitter:data1\" content=\"2 minutes\" \/>\n<script type=\"application\/ld+json\" class=\"yoast-schema-graph\">{\"@context\":\"https:\\\/\\\/schema.org\",\"@graph\":[{\"@type\":\"WebPage\",\"@id\":\"https:\\\/\\\/moitoarchery.com\\\/en\\\/product\\\/correa-de-muneca-para-arco-diamond-bowtech\\\/\",\"url\":\"https:\\\/\\\/moitoarchery.com\\\/en\\\/product\\\/correa-de-muneca-para-arco-diamond-bowtech\\\/\",\"name\":\"Correa de mu\u00f1eca para arco Diamond \\\/ Bowtech - MoitoArchery\",\"isPartOf\":{\"@id\":\"https:\\\/\\\/moitoarchery.com\\\/en\\\/#website\"},\"primaryImageOfPage\":{\"@id\":\"https:\\\/\\\/moitoarchery.com\\\/en\\\/product\\\/correa-de-muneca-para-arco-diamond-bowtech\\\/#primaryimage\"},\"image\":{\"@id\":\"https:\\\/\\\/moitoarchery.com\\\/en\\\/product\\\/correa-de-muneca-para-arco-diamond-bowtech\\\/#primaryimage\"},\"thumbnailUrl\":\"https:\\\/\\\/moitoarchery.com\\\/wp-content\\\/uploads\\\/2025\\\/02\\\/Sin-titulo-1.jpg\",\"datePublished\":\"2026-03-09T12:34:20+00:00\",\"dateModified\":\"2026-04-16T09:21:19+00:00\",\"description\":\"La correa de mu\u00f1eca para arco de Diamond Archery \\\/ Bowtech es un accesorio esencial para arqueros que utilizan arcos de poleas y buscan mayor seguridad, estabilidad y control durante el disparo. Dise\u00f1ada para fijarse al arco mediante el estabilizador, esta wrist sling permite sujetar el arco c\u00f3modamente despu\u00e9s del disparo sin necesidad de agarrarlo con fuerza.Fabricada con cord\u00f3n resistente de estilo carbono, esta correa combina ligereza, durabilidad y comodidad, proporcionando un ajuste firme alrededor de la mu\u00f1eca. Su dise\u00f1o ayuda a mantener una t\u00e9cnica de tiro correcta, evitando ejercer presi\u00f3n innecesaria sobre la empu\u00f1adura del arco y permitiendo que el arco se mueva libremente tras la suelta.El acabado en color negro ofrece un aspecto discreto y elegante que combina con la mayor\u00eda de arcos de poleas. Es un accesorio muy utilizado tanto en tiro deportivo como en caza con arco, especialmente en arcos de marcas como Diamond Archery.\",\"breadcrumb\":{\"@id\":\"https:\\\/\\\/moitoarchery.com\\\/en\\\/product\\\/correa-de-muneca-para-arco-diamond-bowtech\\\/#breadcrumb\"},\"inLanguage\":\"en-US\",\"potentialAction\":[{\"@type\":\"ReadAction\",\"target\":[\"https:\\\/\\\/moitoarchery.com\\\/en\\\/product\\\/correa-de-muneca-para-arco-diamond-bowtech\\\/\"]}]},{\"@type\":\"ImageObject\",\"inLanguage\":\"en-US\",\"@id\":\"https:\\\/\\\/moitoarchery.com\\\/en\\\/product\\\/correa-de-muneca-para-arco-diamond-bowtech\\\/#primaryimage\",\"url\":\"https:\\\/\\\/moitoarchery.com\\\/wp-content\\\/uploads\\\/2025\\\/02\\\/Sin-titulo-1.jpg\",\"contentUrl\":\"https:\\\/\\\/moitoarchery.com\\\/wp-content\\\/uploads\\\/2025\\\/02\\\/Sin-titulo-1.jpg\",\"width\":800,\"height\":800,\"caption\":\"Correa de mu\u00f1eca para arco Diamond \\\/ Bowtech\"},{\"@type\":\"BreadcrumbList\",\"@id\":\"https:\\\/\\\/moitoarchery.com\\\/en\\\/product\\\/correa-de-muneca-para-arco-diamond-bowtech\\\/#breadcrumb\",\"itemListElement\":[{\"@type\":\"ListItem\",\"position\":1,\"name\":\"Portada\",\"item\":\"https:\\\/\\\/moitoarchery.com\\\/en\\\/\"},{\"@type\":\"ListItem\",\"position\":2,\"name\":\"Shop\",\"item\":\"https:\\\/\\\/moitoarchery.com\\\/en\\\/shop\\\/\"},{\"@type\":\"ListItem\",\"position\":3,\"name\":\"Correa de mu\u00f1eca para arco Diamond \\\/ Bowtech\"}]},{\"@type\":\"WebSite\",\"@id\":\"https:\\\/\\\/moitoarchery.com\\\/en\\\/#website\",\"url\":\"https:\\\/\\\/moitoarchery.com\\\/en\\\/\",\"name\":\"MoitoArchery\",\"description\":\"Tienda de Tiro con arco\",\"publisher\":{\"@id\":\"https:\\\/\\\/moitoarchery.com\\\/en\\\/#organization\"},\"potentialAction\":[{\"@type\":\"SearchAction\",\"target\":{\"@type\":\"EntryPoint\",\"urlTemplate\":\"https:\\\/\\\/moitoarchery.com\\\/en\\\/?s={search_term_string}\"},\"query-input\":{\"@type\":\"PropertyValueSpecification\",\"valueRequired\":true,\"valueName\":\"search_term_string\"}}],\"inLanguage\":\"en-US\"},{\"@type\":\"Organization\",\"@id\":\"https:\\\/\\\/moitoarchery.com\\\/en\\\/#organization\",\"name\":\"MoitoArchery\",\"url\":\"https:\\\/\\\/moitoarchery.com\\\/en\\\/\",\"logo\":{\"@type\":\"ImageObject\",\"inLanguage\":\"en-US\",\"@id\":\"https:\\\/\\\/moitoarchery.com\\\/en\\\/#\\\/schema\\\/logo\\\/image\\\/\",\"url\":\"https:\\\/\\\/moitoarchery.com\\\/wp-content\\\/uploads\\\/2020\\\/09\\\/logotipo-moitoarchery.png\",\"contentUrl\":\"https:\\\/\\\/moitoarchery.com\\\/wp-content\\\/uploads\\\/2020\\\/09\\\/logotipo-moitoarchery.png\",\"width\":300,\"height\":66,\"caption\":\"MoitoArchery\"},\"image\":{\"@id\":\"https:\\\/\\\/moitoarchery.com\\\/en\\\/#\\\/schema\\\/logo\\\/image\\\/\"},\"sameAs\":[\"https:\\\/\\\/www.facebook.com\\\/arqueriaOnline\\\/\",\"https:\\\/\\\/www.instagram.com\\\/moitoarchery\\\/\",\"https:\\\/\\\/www.youtube.com\\\/channel\\\/UCvmj39gVUIKVoJJ6vQC9GPA\\\/\"]}]}<\/script>\n<!-- \/ Yoast SEO plugin. -->","yoast_head_json":{"title":"Correa de mu\u00f1eca para arco Diamond \/ Bowtech - MoitoArchery","description":"La correa de mu\u00f1eca para arco de Diamond Archery \/ Bowtech es un accesorio esencial para arqueros que utilizan arcos de poleas y buscan mayor seguridad, estabilidad y control durante el disparo. Dise\u00f1ada para fijarse al arco mediante el estabilizador, esta wrist sling permite sujetar el arco c\u00f3modamente despu\u00e9s del disparo sin necesidad de agarrarlo con fuerza.Fabricada con cord\u00f3n resistente de estilo carbono, esta correa combina ligereza, durabilidad y comodidad, proporcionando un ajuste firme alrededor de la mu\u00f1eca. Su dise\u00f1o ayuda a mantener una t\u00e9cnica de tiro correcta, evitando ejercer presi\u00f3n innecesaria sobre la empu\u00f1adura del arco y permitiendo que el arco se mueva libremente tras la suelta.El acabado en color negro ofrece un aspecto discreto y elegante que combina con la mayor\u00eda de arcos de poleas. Es un accesorio muy utilizado tanto en tiro deportivo como en caza con arco, especialmente en arcos de marcas como Diamond Archery.","robots":{"index":"index","follow":"follow","max-snippet":"max-snippet:-1","max-image-preview":"max-image-preview:large","max-video-preview":"max-video-preview:-1"},"canonical":"https:\/\/moitoarchery.com\/en\/product\/correa-de-muneca-para-arco-diamond-bowtech\/","og_locale":"en_US","og_type":"article","og_title":"Correa de mu\u00f1eca para arco Diamond \/ Bowtech - MoitoArchery","og_description":"La correa de mu\u00f1eca para arco de Diamond Archery \/ Bowtech es un accesorio esencial para arqueros que utilizan arcos de poleas y buscan mayor seguridad, estabilidad y control durante el disparo. Dise\u00f1ada para fijarse al arco mediante el estabilizador, esta wrist sling permite sujetar el arco c\u00f3modamente despu\u00e9s del disparo sin necesidad de agarrarlo con fuerza.Fabricada con cord\u00f3n resistente de estilo carbono, esta correa combina ligereza, durabilidad y comodidad, proporcionando un ajuste firme alrededor de la mu\u00f1eca. Su dise\u00f1o ayuda a mantener una t\u00e9cnica de tiro correcta, evitando ejercer presi\u00f3n innecesaria sobre la empu\u00f1adura del arco y permitiendo que el arco se mueva libremente tras la suelta.El acabado en color negro ofrece un aspecto discreto y elegante que combina con la mayor\u00eda de arcos de poleas. Es un accesorio muy utilizado tanto en tiro deportivo como en caza con arco, especialmente en arcos de marcas como Diamond Archery.","og_url":"https:\/\/moitoarchery.com\/en\/product\/correa-de-muneca-para-arco-diamond-bowtech\/","og_site_name":"MoitoArchery","article_publisher":"https:\/\/www.facebook.com\/arqueriaOnline\/","article_modified_time":"2026-04-16T09:21:19+00:00","og_image":[{"width":800,"height":800,"url":"https:\/\/moitoarchery.com\/wp-content\/uploads\/2025\/02\/Sin-titulo-1.jpg","type":"image\/jpeg"}],"twitter_card":"summary_large_image","twitter_misc":{"Est. reading time":"2 minutes"},"schema":{"@context":"https:\/\/schema.org","@graph":[{"@type":"WebPage","@id":"https:\/\/moitoarchery.com\/en\/product\/correa-de-muneca-para-arco-diamond-bowtech\/","url":"https:\/\/moitoarchery.com\/en\/product\/correa-de-muneca-para-arco-diamond-bowtech\/","name":"Correa de mu\u00f1eca para arco Diamond \/ Bowtech - MoitoArchery","isPartOf":{"@id":"https:\/\/moitoarchery.com\/en\/#website"},"primaryImageOfPage":{"@id":"https:\/\/moitoarchery.com\/en\/product\/correa-de-muneca-para-arco-diamond-bowtech\/#primaryimage"},"image":{"@id":"https:\/\/moitoarchery.com\/en\/product\/correa-de-muneca-para-arco-diamond-bowtech\/#primaryimage"},"thumbnailUrl":"https:\/\/moitoarchery.com\/wp-content\/uploads\/2025\/02\/Sin-titulo-1.jpg","datePublished":"2026-03-09T12:34:20+00:00","dateModified":"2026-04-16T09:21:19+00:00","description":"La correa de mu\u00f1eca para arco de Diamond Archery \/ Bowtech es un accesorio esencial para arqueros que utilizan arcos de poleas y buscan mayor seguridad, estabilidad y control durante el disparo. Dise\u00f1ada para fijarse al arco mediante el estabilizador, esta wrist sling permite sujetar el arco c\u00f3modamente despu\u00e9s del disparo sin necesidad de agarrarlo con fuerza.Fabricada con cord\u00f3n resistente de estilo carbono, esta correa combina ligereza, durabilidad y comodidad, proporcionando un ajuste firme alrededor de la mu\u00f1eca. Su dise\u00f1o ayuda a mantener una t\u00e9cnica de tiro correcta, evitando ejercer presi\u00f3n innecesaria sobre la empu\u00f1adura del arco y permitiendo que el arco se mueva libremente tras la suelta.El acabado en color negro ofrece un aspecto discreto y elegante que combina con la mayor\u00eda de arcos de poleas. Es un accesorio muy utilizado tanto en tiro deportivo como en caza con arco, especialmente en arcos de marcas como Diamond Archery.","breadcrumb":{"@id":"https:\/\/moitoarchery.com\/en\/product\/correa-de-muneca-para-arco-diamond-bowtech\/#breadcrumb"},"inLanguage":"en-US","potentialAction":[{"@type":"ReadAction","target":["https:\/\/moitoarchery.com\/en\/product\/correa-de-muneca-para-arco-diamond-bowtech\/"]}]},{"@type":"ImageObject","inLanguage":"en-US","@id":"https:\/\/moitoarchery.com\/en\/product\/correa-de-muneca-para-arco-diamond-bowtech\/#primaryimage","url":"https:\/\/moitoarchery.com\/wp-content\/uploads\/2025\/02\/Sin-titulo-1.jpg","contentUrl":"https:\/\/moitoarchery.com\/wp-content\/uploads\/2025\/02\/Sin-titulo-1.jpg","width":800,"height":800,"caption":"Correa de mu\u00f1eca para arco Diamond \/ Bowtech"},{"@type":"BreadcrumbList","@id":"https:\/\/moitoarchery.com\/en\/product\/correa-de-muneca-para-arco-diamond-bowtech\/#breadcrumb","itemListElement":[{"@type":"ListItem","position":1,"name":"Portada","item":"https:\/\/moitoarchery.com\/en\/"},{"@type":"ListItem","position":2,"name":"Shop","item":"https:\/\/moitoarchery.com\/en\/shop\/"},{"@type":"ListItem","position":3,"name":"Correa de mu\u00f1eca para arco Diamond \/ Bowtech"}]},{"@type":"WebSite","@id":"https:\/\/moitoarchery.com\/en\/#website","url":"https:\/\/moitoarchery.com\/en\/","name":"MoitoArchery","description":"Tienda de Tiro con arco","publisher":{"@id":"https:\/\/moitoarchery.com\/en\/#organization"},"potentialAction":[{"@type":"SearchAction","target":{"@type":"EntryPoint","urlTemplate":"https:\/\/moitoarchery.com\/en\/?s={search_term_string}"},"query-input":{"@type":"PropertyValueSpecification","valueRequired":true,"valueName":"search_term_string"}}],"inLanguage":"en-US"},{"@type":"Organization","@id":"https:\/\/moitoarchery.com\/en\/#organization","name":"MoitoArchery","url":"https:\/\/moitoarchery.com\/en\/","logo":{"@type":"ImageObject","inLanguage":"en-US","@id":"https:\/\/moitoarchery.com\/en\/#\/schema\/logo\/image\/","url":"https:\/\/moitoarchery.com\/wp-content\/uploads\/2020\/09\/logotipo-moitoarchery.png","contentUrl":"https:\/\/moitoarchery.com\/wp-content\/uploads\/2020\/09\/logotipo-moitoarchery.png","width":300,"height":66,"caption":"MoitoArchery"},"image":{"@id":"https:\/\/moitoarchery.com\/en\/#\/schema\/logo\/image\/"},"sameAs":["https:\/\/www.facebook.com\/arqueriaOnline\/","https:\/\/www.instagram.com\/moitoarchery\/","https:\/\/www.youtube.com\/channel\/UCvmj39gVUIKVoJJ6vQC9GPA\/"]}]}},"_links":{"self":[{"href":"https:\/\/moitoarchery.com\/en\/wp-json\/wp\/v2\/product\/128366","targetHints":{"allow":["GET"]}}],"collection":[{"href":"https:\/\/moitoarchery.com\/en\/wp-json\/wp\/v2\/product"}],"about":[{"href":"https:\/\/moitoarchery.com\/en\/wp-json\/wp\/v2\/types\/product"}],"replies":[{"embeddable":true,"href":"https:\/\/moitoarchery.com\/en\/wp-json\/wp\/v2\/comments?post=128366"}],"version-history":[{"count":1,"href":"https:\/\/moitoarchery.com\/en\/wp-json\/wp\/v2\/product\/128366\/revisions"}],"predecessor-version":[{"id":132764,"href":"https:\/\/moitoarchery.com\/en\/wp-json\/wp\/v2\/product\/128366\/revisions\/132764"}],"wp:featuredmedia":[{"embeddable":true,"href":"https:\/\/moitoarchery.com\/en\/wp-json\/wp\/v2\/media\/128367"}],"wp:attachment":[{"href":"https:\/\/moitoarchery.com\/en\/wp-json\/wp\/v2\/media?parent=128366"}],"wp:term":[{"taxonomy":"product_brand","embeddable":true,"href":"https:\/\/moitoarchery.com\/en\/wp-json\/wp\/v2\/product_brand?post=128366"},{"taxonomy":"product_cat","embeddable":true,"href":"https:\/\/moitoarchery.com\/en\/wp-json\/wp\/v2\/product_cat?post=128366"},{"taxonomy":"product_tag","embeddable":true,"href":"https:\/\/moitoarchery.com\/en\/wp-json\/wp\/v2\/product_tag?post=128366"}],"curies":[{"name":"wp","href":"https:\/\/api.w.org\/{rel}","templated":true}]}}