{"id":128361,"date":"2026-03-09T13:27:33","date_gmt":"2026-03-09T12:27:33","guid":{"rendered":"https:\/\/moitoarchery.com\/?post_type=product&#038;p=128361"},"modified":"2026-04-16T11:21:19","modified_gmt":"2026-04-16T09:21:19","slug":"carcaj-para-poleas-octane-para-4-flechas","status":"publish","type":"product","link":"https:\/\/moitoarchery.com\/en\/product\/carcaj-para-poleas-octane-para-4-flechas\/","title":{"rendered":"Carcaj para poleas Octane para 4 flechas"},"content":{"rendered":"<p data-start=\"166\" data-end=\"478\">El Carcaj para poleas <strong data-start=\"169\" data-end=\"233\"><span class=\"hover:entity-accent entity-underline inline cursor-pointer align-baseline\"><span class=\"whitespace-normal\">Octane Archery<\/span><\/span> Furnace 4 flechas<\/strong>\u00a0es un carcaj ligero y funcional dise\u00f1ado para arcos de poleas. Con capacidad para <strong data-start=\"316\" data-end=\"329\">4 flechas<\/strong>, permite transportar tus flechas de forma segura directamente en el arco, facilitando un acceso r\u00e1pido durante la pr\u00e1ctica o en situaciones de caza.<\/p>\n<p data-start=\"480\" data-end=\"801\">Este carcaj incorpora un <strong data-start=\"505\" data-end=\"560\">sistema de doble sujeci\u00f3n para el tubo de la flecha<\/strong>, que mantiene las flechas firmemente en su sitio y evita vibraciones durante el disparo o el movimiento. La <strong data-start=\"669\" data-end=\"697\">base inferior con espuma<\/strong> protege las puntas y permite alojar tanto <strong data-start=\"740\" data-end=\"800\">puntas de pr\u00e1ctica como puntas de caza fijas o mec\u00e1nicas<\/strong>.<\/p>\n<p data-start=\"803\" data-end=\"1105\">Su <strong data-start=\"806\" data-end=\"835\">sistema de montaje r\u00e1pido<\/strong> es compatible con los insertos est\u00e1ndar de la mayor\u00eda de arcos de poleas, ofreciendo una instalaci\u00f3n sencilla y segura. Adem\u00e1s, el dise\u00f1o permite <strong data-start=\"982\" data-end=\"1023\">retirar el carcaj del arco f\u00e1cilmente<\/strong>, una caracter\u00edstica muy \u00fatil para el transporte o para sesiones de tiro en campo.<\/p>\n<p data-start=\"1107\" data-end=\"1307\">Este modelo suele encontrarse incluido en kits completos como el <strong data-start=\"1172\" data-end=\"1213\">Diamond Edge Max Compound Bow Package<\/strong>, siendo una soluci\u00f3n pr\u00e1ctica y ligera para arqueros que buscan un equipo funcional y fiable.<\/p>\n<p data-start=\"1309\" data-end=\"1341\"><strong data-start=\"1309\" data-end=\"1341\">Caracter\u00edsticas principales:<\/strong><\/p>\n<ul data-start=\"1343\" data-end=\"1639\">\n<li data-section-id=\"c1v30w\" data-start=\"1343\" data-end=\"1375\">\n<p data-start=\"1345\" data-end=\"1375\">Capacidad para <strong data-start=\"1360\" data-end=\"1373\">4 flechas<\/strong><\/p>\n<\/li>\n<li data-section-id=\"1p9id39\" data-start=\"1376\" data-end=\"1414\">\n<p data-start=\"1378\" data-end=\"1414\">Compatible con <strong data-start=\"1393\" data-end=\"1412\">arcos de poleas<\/strong><\/p>\n<\/li>\n<li data-section-id=\"hhb2m8\" data-start=\"1415\" data-end=\"1465\">\n<p data-start=\"1417\" data-end=\"1465\"><strong data-start=\"1417\" data-end=\"1442\">Sistema de doble clip<\/strong> para sujeci\u00f3n segura<\/p>\n<\/li>\n<li data-section-id=\"si08e3\" data-start=\"1466\" data-end=\"1518\">\n<p data-start=\"1468\" data-end=\"1518\"><strong data-start=\"1468\" data-end=\"1486\">Base de espuma<\/strong> para protecci\u00f3n de las puntas<\/p>\n<\/li>\n<li data-section-id=\"1t8co70\" data-start=\"1519\" data-end=\"1574\">\n<p data-start=\"1521\" data-end=\"1574\">Compatible con <strong data-start=\"1536\" data-end=\"1572\">puntas de campo y puntas de caza<\/strong><\/p>\n<\/li>\n<li data-section-id=\"2vdpmq\" data-start=\"1575\" data-end=\"1608\">\n<p data-start=\"1577\" data-end=\"1608\"><strong data-start=\"1577\" data-end=\"1595\">Montaje r\u00e1pido<\/strong> en el arco<\/p>\n<\/li>\n<li data-section-id=\"1kki0di\" data-start=\"1609\" data-end=\"1639\">\n<p data-start=\"1611\" data-end=\"1639\">Dise\u00f1o <strong data-start=\"1618\" data-end=\"1639\">ligero y compacto<\/strong><\/p>\n<\/li>\n<\/ul>\n","protected":false},"excerpt":{"rendered":"<p data-start=\"166\" data-end=\"478\">El Carcaj para poleas <strong data-start=\"169\" data-end=\"233\"><span class=\"hover:entity-accent entity-underline inline cursor-pointer align-baseline\"><span class=\"whitespace-normal\">Octane Archery<\/span><\/span> Furnace 4 flechas<\/strong>\u00a0es un carcaj ligero y funcional dise\u00f1ado para arcos de poleas. Con capacidad para <strong data-start=\"316\" data-end=\"329\">4 flechas<\/strong>, permite transportar tus flechas de forma segura directamente en el arco, facilitando un acceso r\u00e1pido durante la pr\u00e1ctica o en situaciones de caza.<\/p>\n<p data-start=\"480\" data-end=\"801\">Este carcaj incorpora un <strong data-start=\"505\" data-end=\"560\">sistema de doble sujeci\u00f3n para el tubo de la flecha<\/strong>, que mantiene las flechas firmemente en su sitio y evita vibraciones durante el disparo o el movimiento. La <strong data-start=\"669\" data-end=\"697\">base inferior con espuma<\/strong> protege las puntas y permite alojar tanto <strong data-start=\"740\" data-end=\"800\">puntas de pr\u00e1ctica como puntas de caza fijas o mec\u00e1nicas<\/strong>.<\/p>\n<p data-start=\"803\" data-end=\"1105\">Su <strong data-start=\"806\" data-end=\"835\">sistema de montaje r\u00e1pido<\/strong> es compatible con los insertos est\u00e1ndar de la mayor\u00eda de arcos de poleas, ofreciendo una instalaci\u00f3n sencilla y segura. Adem\u00e1s, el dise\u00f1o permite <strong data-start=\"982\" data-end=\"1023\">retirar el carcaj del arco f\u00e1cilmente<\/strong>, una caracter\u00edstica muy \u00fatil para el transporte o para sesiones de tiro en campo.<\/p>\n<p data-start=\"1107\" data-end=\"1307\">Este modelo suele encontrarse incluido en kits completos como el <strong data-start=\"1172\" data-end=\"1213\">Diamond Edge Max Compound Bow Package<\/strong>, siendo una soluci\u00f3n pr\u00e1ctica y ligera para arqueros que buscan un equipo funcional y fiable.<\/p>\n","protected":false},"featured_media":128363,"comment_status":"open","ping_status":"closed","template":"","meta":{"_acf_changed":false},"product_brand":[4188],"product_cat":[120,483],"product_tag":[],"class_list":{"0":"post-128361","1":"product","2":"type-product","3":"status-publish","4":"has-post-thumbnail","6":"product_brand-octane","7":"product_cat-carcaj","8":"product_cat-carcaj-de-caza-carcaj","10":"first","11":"instock","12":"sale","13":"taxable","14":"shipping-taxable","15":"purchasable","16":"product-type-simple"},"acf":[],"yoast_head":"<!-- This site is optimized with the Yoast SEO plugin v27.3 - https:\/\/yoast.com\/product\/yoast-seo-wordpress\/ -->\n<title>Carcaj para poleas Octane para 4 flechas - MoitoArchery<\/title>\n<meta name=\"description\" content=\"El Carcaj para poleas Octane Archery Furnace 4 flechas\u00a0es un carcaj ligero y funcional dise\u00f1ado para arcos de poleas. Con capacidad para 4 flechas, permite transportar tus flechas de forma segura directamente en el arco, facilitando un acceso r\u00e1pido durante la pr\u00e1ctica o en situaciones de caza.Este carcaj incorpora un sistema de doble sujeci\u00f3n para el tubo de la flecha, que mantiene las flechas firmemente en su sitio y evita vibraciones durante el disparo o el movimiento. La base inferior con espuma protege las puntas y permite alojar tanto puntas de pr\u00e1ctica como puntas de caza fijas o mec\u00e1nicas.Su sistema de montaje r\u00e1pido es compatible con los insertos est\u00e1ndar de la mayor\u00eda de arcos de poleas, ofreciendo una instalaci\u00f3n sencilla y segura. Adem\u00e1s, el dise\u00f1o permite retirar el carcaj del arco f\u00e1cilmente, una caracter\u00edstica muy \u00fatil para el transporte o para sesiones de tiro en campo.Este modelo suele encontrarse incluido en kits completos como el Diamond Edge Max Compound Bow Package, siendo una soluci\u00f3n pr\u00e1ctica y ligera para arqueros que buscan un equipo funcional y fiable.\" \/>\n<meta name=\"robots\" content=\"index, follow, max-snippet:-1, max-image-preview:large, max-video-preview:-1\" \/>\n<link rel=\"canonical\" href=\"https:\/\/moitoarchery.com\/en\/product\/carcaj-para-poleas-octane-para-4-flechas\/\" \/>\n<meta property=\"og:locale\" content=\"en_US\" \/>\n<meta property=\"og:type\" content=\"article\" \/>\n<meta property=\"og:title\" content=\"Carcaj para poleas Octane para 4 flechas - MoitoArchery\" \/>\n<meta property=\"og:description\" content=\"El Carcaj para poleas Octane Archery Furnace 4 flechas\u00a0es un carcaj ligero y funcional dise\u00f1ado para arcos de poleas. Con capacidad para 4 flechas, permite transportar tus flechas de forma segura directamente en el arco, facilitando un acceso r\u00e1pido durante la pr\u00e1ctica o en situaciones de caza.Este carcaj incorpora un sistema de doble sujeci\u00f3n para el tubo de la flecha, que mantiene las flechas firmemente en su sitio y evita vibraciones durante el disparo o el movimiento. La base inferior con espuma protege las puntas y permite alojar tanto puntas de pr\u00e1ctica como puntas de caza fijas o mec\u00e1nicas.Su sistema de montaje r\u00e1pido es compatible con los insertos est\u00e1ndar de la mayor\u00eda de arcos de poleas, ofreciendo una instalaci\u00f3n sencilla y segura. Adem\u00e1s, el dise\u00f1o permite retirar el carcaj del arco f\u00e1cilmente, una caracter\u00edstica muy \u00fatil para el transporte o para sesiones de tiro en campo.Este modelo suele encontrarse incluido en kits completos como el Diamond Edge Max Compound Bow Package, siendo una soluci\u00f3n pr\u00e1ctica y ligera para arqueros que buscan un equipo funcional y fiable.\" \/>\n<meta property=\"og:url\" content=\"https:\/\/moitoarchery.com\/en\/product\/carcaj-para-poleas-octane-para-4-flechas\/\" \/>\n<meta property=\"og:site_name\" content=\"MoitoArchery\" \/>\n<meta property=\"article:publisher\" content=\"https:\/\/www.facebook.com\/arqueriaOnline\/\" \/>\n<meta property=\"article:modified_time\" content=\"2026-04-16T09:21:19+00:00\" \/>\n<meta property=\"og:image\" content=\"https:\/\/moitoarchery.com\/wp-content\/uploads\/2025\/02\/carcaj-octane.jpg\" \/>\n\t<meta property=\"og:image:width\" content=\"800\" \/>\n\t<meta property=\"og:image:height\" content=\"800\" \/>\n\t<meta property=\"og:image:type\" content=\"image\/jpeg\" \/>\n<meta name=\"twitter:card\" content=\"summary_large_image\" \/>\n<meta name=\"twitter:label1\" content=\"Est. reading time\" \/>\n\t<meta name=\"twitter:data1\" content=\"2 minutes\" \/>\n<script type=\"application\/ld+json\" class=\"yoast-schema-graph\">{\"@context\":\"https:\\\/\\\/schema.org\",\"@graph\":[{\"@type\":\"WebPage\",\"@id\":\"https:\\\/\\\/moitoarchery.com\\\/en\\\/product\\\/carcaj-para-poleas-octane-para-4-flechas\\\/\",\"url\":\"https:\\\/\\\/moitoarchery.com\\\/en\\\/product\\\/carcaj-para-poleas-octane-para-4-flechas\\\/\",\"name\":\"Carcaj para poleas Octane para 4 flechas - MoitoArchery\",\"isPartOf\":{\"@id\":\"https:\\\/\\\/moitoarchery.com\\\/en\\\/#website\"},\"primaryImageOfPage\":{\"@id\":\"https:\\\/\\\/moitoarchery.com\\\/en\\\/product\\\/carcaj-para-poleas-octane-para-4-flechas\\\/#primaryimage\"},\"image\":{\"@id\":\"https:\\\/\\\/moitoarchery.com\\\/en\\\/product\\\/carcaj-para-poleas-octane-para-4-flechas\\\/#primaryimage\"},\"thumbnailUrl\":\"https:\\\/\\\/moitoarchery.com\\\/wp-content\\\/uploads\\\/2025\\\/02\\\/carcaj-octane.jpg\",\"datePublished\":\"2026-03-09T12:27:33+00:00\",\"dateModified\":\"2026-04-16T09:21:19+00:00\",\"description\":\"El Carcaj para poleas Octane Archery Furnace 4 flechas\u00a0es un carcaj ligero y funcional dise\u00f1ado para arcos de poleas. Con capacidad para 4 flechas, permite transportar tus flechas de forma segura directamente en el arco, facilitando un acceso r\u00e1pido durante la pr\u00e1ctica o en situaciones de caza.Este carcaj incorpora un sistema de doble sujeci\u00f3n para el tubo de la flecha, que mantiene las flechas firmemente en su sitio y evita vibraciones durante el disparo o el movimiento. La base inferior con espuma protege las puntas y permite alojar tanto puntas de pr\u00e1ctica como puntas de caza fijas o mec\u00e1nicas.Su sistema de montaje r\u00e1pido es compatible con los insertos est\u00e1ndar de la mayor\u00eda de arcos de poleas, ofreciendo una instalaci\u00f3n sencilla y segura. Adem\u00e1s, el dise\u00f1o permite retirar el carcaj del arco f\u00e1cilmente, una caracter\u00edstica muy \u00fatil para el transporte o para sesiones de tiro en campo.Este modelo suele encontrarse incluido en kits completos como el Diamond Edge Max Compound Bow Package, siendo una soluci\u00f3n pr\u00e1ctica y ligera para arqueros que buscan un equipo funcional y fiable.\",\"breadcrumb\":{\"@id\":\"https:\\\/\\\/moitoarchery.com\\\/en\\\/product\\\/carcaj-para-poleas-octane-para-4-flechas\\\/#breadcrumb\"},\"inLanguage\":\"en-US\",\"potentialAction\":[{\"@type\":\"ReadAction\",\"target\":[\"https:\\\/\\\/moitoarchery.com\\\/en\\\/product\\\/carcaj-para-poleas-octane-para-4-flechas\\\/\"]}]},{\"@type\":\"ImageObject\",\"inLanguage\":\"en-US\",\"@id\":\"https:\\\/\\\/moitoarchery.com\\\/en\\\/product\\\/carcaj-para-poleas-octane-para-4-flechas\\\/#primaryimage\",\"url\":\"https:\\\/\\\/moitoarchery.com\\\/wp-content\\\/uploads\\\/2025\\\/02\\\/carcaj-octane.jpg\",\"contentUrl\":\"https:\\\/\\\/moitoarchery.com\\\/wp-content\\\/uploads\\\/2025\\\/02\\\/carcaj-octane.jpg\",\"width\":800,\"height\":800,\"caption\":\"Carcaj de poleas Octane para 4 flechas\"},{\"@type\":\"BreadcrumbList\",\"@id\":\"https:\\\/\\\/moitoarchery.com\\\/en\\\/product\\\/carcaj-para-poleas-octane-para-4-flechas\\\/#breadcrumb\",\"itemListElement\":[{\"@type\":\"ListItem\",\"position\":1,\"name\":\"Portada\",\"item\":\"https:\\\/\\\/moitoarchery.com\\\/en\\\/\"},{\"@type\":\"ListItem\",\"position\":2,\"name\":\"Shop\",\"item\":\"https:\\\/\\\/moitoarchery.com\\\/en\\\/shop\\\/\"},{\"@type\":\"ListItem\",\"position\":3,\"name\":\"Carcaj para poleas Octane para 4 flechas\"}]},{\"@type\":\"WebSite\",\"@id\":\"https:\\\/\\\/moitoarchery.com\\\/en\\\/#website\",\"url\":\"https:\\\/\\\/moitoarchery.com\\\/en\\\/\",\"name\":\"MoitoArchery\",\"description\":\"Tienda de Tiro con arco\",\"publisher\":{\"@id\":\"https:\\\/\\\/moitoarchery.com\\\/en\\\/#organization\"},\"potentialAction\":[{\"@type\":\"SearchAction\",\"target\":{\"@type\":\"EntryPoint\",\"urlTemplate\":\"https:\\\/\\\/moitoarchery.com\\\/en\\\/?s={search_term_string}\"},\"query-input\":{\"@type\":\"PropertyValueSpecification\",\"valueRequired\":true,\"valueName\":\"search_term_string\"}}],\"inLanguage\":\"en-US\"},{\"@type\":\"Organization\",\"@id\":\"https:\\\/\\\/moitoarchery.com\\\/en\\\/#organization\",\"name\":\"MoitoArchery\",\"url\":\"https:\\\/\\\/moitoarchery.com\\\/en\\\/\",\"logo\":{\"@type\":\"ImageObject\",\"inLanguage\":\"en-US\",\"@id\":\"https:\\\/\\\/moitoarchery.com\\\/en\\\/#\\\/schema\\\/logo\\\/image\\\/\",\"url\":\"https:\\\/\\\/moitoarchery.com\\\/wp-content\\\/uploads\\\/2020\\\/09\\\/logotipo-moitoarchery.png\",\"contentUrl\":\"https:\\\/\\\/moitoarchery.com\\\/wp-content\\\/uploads\\\/2020\\\/09\\\/logotipo-moitoarchery.png\",\"width\":300,\"height\":66,\"caption\":\"MoitoArchery\"},\"image\":{\"@id\":\"https:\\\/\\\/moitoarchery.com\\\/en\\\/#\\\/schema\\\/logo\\\/image\\\/\"},\"sameAs\":[\"https:\\\/\\\/www.facebook.com\\\/arqueriaOnline\\\/\",\"https:\\\/\\\/www.instagram.com\\\/moitoarchery\\\/\",\"https:\\\/\\\/www.youtube.com\\\/channel\\\/UCvmj39gVUIKVoJJ6vQC9GPA\\\/\"]}]}<\/script>\n<!-- \/ Yoast SEO plugin. -->","yoast_head_json":{"title":"Carcaj para poleas Octane para 4 flechas - MoitoArchery","description":"El Carcaj para poleas Octane Archery Furnace 4 flechas\u00a0es un carcaj ligero y funcional dise\u00f1ado para arcos de poleas. Con capacidad para 4 flechas, permite transportar tus flechas de forma segura directamente en el arco, facilitando un acceso r\u00e1pido durante la pr\u00e1ctica o en situaciones de caza.Este carcaj incorpora un sistema de doble sujeci\u00f3n para el tubo de la flecha, que mantiene las flechas firmemente en su sitio y evita vibraciones durante el disparo o el movimiento. La base inferior con espuma protege las puntas y permite alojar tanto puntas de pr\u00e1ctica como puntas de caza fijas o mec\u00e1nicas.Su sistema de montaje r\u00e1pido es compatible con los insertos est\u00e1ndar de la mayor\u00eda de arcos de poleas, ofreciendo una instalaci\u00f3n sencilla y segura. Adem\u00e1s, el dise\u00f1o permite retirar el carcaj del arco f\u00e1cilmente, una caracter\u00edstica muy \u00fatil para el transporte o para sesiones de tiro en campo.Este modelo suele encontrarse incluido en kits completos como el Diamond Edge Max Compound Bow Package, siendo una soluci\u00f3n pr\u00e1ctica y ligera para arqueros que buscan un equipo funcional y fiable.","robots":{"index":"index","follow":"follow","max-snippet":"max-snippet:-1","max-image-preview":"max-image-preview:large","max-video-preview":"max-video-preview:-1"},"canonical":"https:\/\/moitoarchery.com\/en\/product\/carcaj-para-poleas-octane-para-4-flechas\/","og_locale":"en_US","og_type":"article","og_title":"Carcaj para poleas Octane para 4 flechas - MoitoArchery","og_description":"El Carcaj para poleas Octane Archery Furnace 4 flechas\u00a0es un carcaj ligero y funcional dise\u00f1ado para arcos de poleas. Con capacidad para 4 flechas, permite transportar tus flechas de forma segura directamente en el arco, facilitando un acceso r\u00e1pido durante la pr\u00e1ctica o en situaciones de caza.Este carcaj incorpora un sistema de doble sujeci\u00f3n para el tubo de la flecha, que mantiene las flechas firmemente en su sitio y evita vibraciones durante el disparo o el movimiento. La base inferior con espuma protege las puntas y permite alojar tanto puntas de pr\u00e1ctica como puntas de caza fijas o mec\u00e1nicas.Su sistema de montaje r\u00e1pido es compatible con los insertos est\u00e1ndar de la mayor\u00eda de arcos de poleas, ofreciendo una instalaci\u00f3n sencilla y segura. Adem\u00e1s, el dise\u00f1o permite retirar el carcaj del arco f\u00e1cilmente, una caracter\u00edstica muy \u00fatil para el transporte o para sesiones de tiro en campo.Este modelo suele encontrarse incluido en kits completos como el Diamond Edge Max Compound Bow Package, siendo una soluci\u00f3n pr\u00e1ctica y ligera para arqueros que buscan un equipo funcional y fiable.","og_url":"https:\/\/moitoarchery.com\/en\/product\/carcaj-para-poleas-octane-para-4-flechas\/","og_site_name":"MoitoArchery","article_publisher":"https:\/\/www.facebook.com\/arqueriaOnline\/","article_modified_time":"2026-04-16T09:21:19+00:00","og_image":[{"width":800,"height":800,"url":"https:\/\/moitoarchery.com\/wp-content\/uploads\/2025\/02\/carcaj-octane.jpg","type":"image\/jpeg"}],"twitter_card":"summary_large_image","twitter_misc":{"Est. reading time":"2 minutes"},"schema":{"@context":"https:\/\/schema.org","@graph":[{"@type":"WebPage","@id":"https:\/\/moitoarchery.com\/en\/product\/carcaj-para-poleas-octane-para-4-flechas\/","url":"https:\/\/moitoarchery.com\/en\/product\/carcaj-para-poleas-octane-para-4-flechas\/","name":"Carcaj para poleas Octane para 4 flechas - MoitoArchery","isPartOf":{"@id":"https:\/\/moitoarchery.com\/en\/#website"},"primaryImageOfPage":{"@id":"https:\/\/moitoarchery.com\/en\/product\/carcaj-para-poleas-octane-para-4-flechas\/#primaryimage"},"image":{"@id":"https:\/\/moitoarchery.com\/en\/product\/carcaj-para-poleas-octane-para-4-flechas\/#primaryimage"},"thumbnailUrl":"https:\/\/moitoarchery.com\/wp-content\/uploads\/2025\/02\/carcaj-octane.jpg","datePublished":"2026-03-09T12:27:33+00:00","dateModified":"2026-04-16T09:21:19+00:00","description":"El Carcaj para poleas Octane Archery Furnace 4 flechas\u00a0es un carcaj ligero y funcional dise\u00f1ado para arcos de poleas. Con capacidad para 4 flechas, permite transportar tus flechas de forma segura directamente en el arco, facilitando un acceso r\u00e1pido durante la pr\u00e1ctica o en situaciones de caza.Este carcaj incorpora un sistema de doble sujeci\u00f3n para el tubo de la flecha, que mantiene las flechas firmemente en su sitio y evita vibraciones durante el disparo o el movimiento. La base inferior con espuma protege las puntas y permite alojar tanto puntas de pr\u00e1ctica como puntas de caza fijas o mec\u00e1nicas.Su sistema de montaje r\u00e1pido es compatible con los insertos est\u00e1ndar de la mayor\u00eda de arcos de poleas, ofreciendo una instalaci\u00f3n sencilla y segura. Adem\u00e1s, el dise\u00f1o permite retirar el carcaj del arco f\u00e1cilmente, una caracter\u00edstica muy \u00fatil para el transporte o para sesiones de tiro en campo.Este modelo suele encontrarse incluido en kits completos como el Diamond Edge Max Compound Bow Package, siendo una soluci\u00f3n pr\u00e1ctica y ligera para arqueros que buscan un equipo funcional y fiable.","breadcrumb":{"@id":"https:\/\/moitoarchery.com\/en\/product\/carcaj-para-poleas-octane-para-4-flechas\/#breadcrumb"},"inLanguage":"en-US","potentialAction":[{"@type":"ReadAction","target":["https:\/\/moitoarchery.com\/en\/product\/carcaj-para-poleas-octane-para-4-flechas\/"]}]},{"@type":"ImageObject","inLanguage":"en-US","@id":"https:\/\/moitoarchery.com\/en\/product\/carcaj-para-poleas-octane-para-4-flechas\/#primaryimage","url":"https:\/\/moitoarchery.com\/wp-content\/uploads\/2025\/02\/carcaj-octane.jpg","contentUrl":"https:\/\/moitoarchery.com\/wp-content\/uploads\/2025\/02\/carcaj-octane.jpg","width":800,"height":800,"caption":"Carcaj de poleas Octane para 4 flechas"},{"@type":"BreadcrumbList","@id":"https:\/\/moitoarchery.com\/en\/product\/carcaj-para-poleas-octane-para-4-flechas\/#breadcrumb","itemListElement":[{"@type":"ListItem","position":1,"name":"Portada","item":"https:\/\/moitoarchery.com\/en\/"},{"@type":"ListItem","position":2,"name":"Shop","item":"https:\/\/moitoarchery.com\/en\/shop\/"},{"@type":"ListItem","position":3,"name":"Carcaj para poleas Octane para 4 flechas"}]},{"@type":"WebSite","@id":"https:\/\/moitoarchery.com\/en\/#website","url":"https:\/\/moitoarchery.com\/en\/","name":"MoitoArchery","description":"Tienda de Tiro con arco","publisher":{"@id":"https:\/\/moitoarchery.com\/en\/#organization"},"potentialAction":[{"@type":"SearchAction","target":{"@type":"EntryPoint","urlTemplate":"https:\/\/moitoarchery.com\/en\/?s={search_term_string}"},"query-input":{"@type":"PropertyValueSpecification","valueRequired":true,"valueName":"search_term_string"}}],"inLanguage":"en-US"},{"@type":"Organization","@id":"https:\/\/moitoarchery.com\/en\/#organization","name":"MoitoArchery","url":"https:\/\/moitoarchery.com\/en\/","logo":{"@type":"ImageObject","inLanguage":"en-US","@id":"https:\/\/moitoarchery.com\/en\/#\/schema\/logo\/image\/","url":"https:\/\/moitoarchery.com\/wp-content\/uploads\/2020\/09\/logotipo-moitoarchery.png","contentUrl":"https:\/\/moitoarchery.com\/wp-content\/uploads\/2020\/09\/logotipo-moitoarchery.png","width":300,"height":66,"caption":"MoitoArchery"},"image":{"@id":"https:\/\/moitoarchery.com\/en\/#\/schema\/logo\/image\/"},"sameAs":["https:\/\/www.facebook.com\/arqueriaOnline\/","https:\/\/www.instagram.com\/moitoarchery\/","https:\/\/www.youtube.com\/channel\/UCvmj39gVUIKVoJJ6vQC9GPA\/"]}]}},"_links":{"self":[{"href":"https:\/\/moitoarchery.com\/en\/wp-json\/wp\/v2\/product\/128361","targetHints":{"allow":["GET"]}}],"collection":[{"href":"https:\/\/moitoarchery.com\/en\/wp-json\/wp\/v2\/product"}],"about":[{"href":"https:\/\/moitoarchery.com\/en\/wp-json\/wp\/v2\/types\/product"}],"replies":[{"embeddable":true,"href":"https:\/\/moitoarchery.com\/en\/wp-json\/wp\/v2\/comments?post=128361"}],"version-history":[{"count":1,"href":"https:\/\/moitoarchery.com\/en\/wp-json\/wp\/v2\/product\/128361\/revisions"}],"predecessor-version":[{"id":132763,"href":"https:\/\/moitoarchery.com\/en\/wp-json\/wp\/v2\/product\/128361\/revisions\/132763"}],"wp:featuredmedia":[{"embeddable":true,"href":"https:\/\/moitoarchery.com\/en\/wp-json\/wp\/v2\/media\/128363"}],"wp:attachment":[{"href":"https:\/\/moitoarchery.com\/en\/wp-json\/wp\/v2\/media?parent=128361"}],"wp:term":[{"taxonomy":"product_brand","embeddable":true,"href":"https:\/\/moitoarchery.com\/en\/wp-json\/wp\/v2\/product_brand?post=128361"},{"taxonomy":"product_cat","embeddable":true,"href":"https:\/\/moitoarchery.com\/en\/wp-json\/wp\/v2\/product_cat?post=128361"},{"taxonomy":"product_tag","embeddable":true,"href":"https:\/\/moitoarchery.com\/en\/wp-json\/wp\/v2\/product_tag?post=128361"}],"curies":[{"name":"wp","href":"https:\/\/api.w.org\/{rel}","templated":true}]}}