{"id":128226,"date":"2026-03-04T11:54:29","date_gmt":"2026-03-04T10:54:29","guid":{"rendered":"https:\/\/moitoarchery.com\/?post_type=product&#038;p=128226"},"modified":"2026-04-16T11:21:18","modified_gmt":"2026-04-16T09:21:18","slug":"disparador-centric-jaw-360o-para-arcos-de-poleas","status":"publish","type":"product","link":"https:\/\/moitoarchery.com\/en\/product\/disparador-centric-jaw-360o-para-arcos-de-poleas\/","title":{"rendered":"Disparador Centric Jaw 360\u00ba para Arcos de Poleas"},"content":{"rendered":"<p data-start=\"112\" data-end=\"438\">El <strong data-start=\"115\" data-end=\"146\">Disparador Centric Jaw 360\u00ba<\/strong> de <span class=\"hover:entity-accent entity-underline inline cursor-pointer align-baseline\"><span class=\"whitespace-normal\">Centric Archery<\/span><\/span> est\u00e1 dise\u00f1ado para ofrecer <strong data-start=\"215\" data-end=\"257\">m\u00e1xima seguridad, suavidad y precisi\u00f3n<\/strong> en cada disparo. Su sistema de <strong data-start=\"289\" data-end=\"319\">doble mand\u00edbula (dual jaw)<\/strong> junto con una <strong data-start=\"334\" data-end=\"359\">cabeza rotatoria 360\u00b0<\/strong> garantiza una suelta limpia y consistente, reduciendo la torsi\u00f3n en la cuerda.<\/p>\n<p data-start=\"440\" data-end=\"532\">Ideal para arqueros de arco compuesto que buscan mayor control y repetibilidad en cada tiro.<\/p>\n<h2 data-start=\"1338\" data-end=\"1369\">\ud83d\udd27 Especificaciones t\u00e9cnicas<\/h2>\n<ul data-start=\"1371\" data-end=\"1682\">\n<li data-start=\"1371\" data-end=\"1389\">\n<p data-start=\"1373\" data-end=\"1389\">Marca: Centric<\/p>\n<\/li>\n<li data-start=\"1390\" data-end=\"1410\">\n<p data-start=\"1392\" data-end=\"1410\">Modelo: Jaw 360\u00ba<\/p>\n<\/li>\n<li data-start=\"1411\" data-end=\"1457\">\n<p data-start=\"1413\" data-end=\"1457\">Tipo: Disparador de mu\u00f1eca (wrist release)<\/p>\n<\/li>\n<li data-start=\"1458\" data-end=\"1497\">\n<p data-start=\"1460\" data-end=\"1497\">Sistema: Doble mand\u00edbula (dual jaw)<\/p>\n<\/li>\n<li data-start=\"1498\" data-end=\"1522\">\n<p data-start=\"1500\" data-end=\"1522\">Rotaci\u00f3n: 360 grados<\/p>\n<\/li>\n<li data-start=\"1523\" data-end=\"1553\">\n<p data-start=\"1525\" data-end=\"1553\">Ajuste de sensibilidad: S\u00ed<\/p>\n<\/li>\n<li data-start=\"1554\" data-end=\"1590\">\n<p data-start=\"1556\" data-end=\"1590\">Niveles de ajuste: 3 incrementos<\/p>\n<\/li>\n<li data-start=\"1591\" data-end=\"1633\">\n<p data-start=\"1593\" data-end=\"1633\">Mu\u00f1equera: Acolchada con cierre seguro<\/p>\n<\/li>\n<li data-start=\"1634\" data-end=\"1682\">\n<p data-start=\"1636\" data-end=\"1682\">Compatibilidad: Arcos compuestos \/ de poleas<\/p>\n<\/li>\n<\/ul>\n","protected":false},"excerpt":{"rendered":"<p data-start=\"112\" data-end=\"438\">El <strong data-start=\"115\" data-end=\"146\">Disparador Centric Jaw 360\u00ba<\/strong> de <span class=\"hover:entity-accent entity-underline inline cursor-pointer align-baseline\"><span class=\"whitespace-normal\">Centric Archery<\/span><\/span> est\u00e1 dise\u00f1ado para ofrecer <strong data-start=\"215\" data-end=\"257\">m\u00e1xima seguridad, suavidad y precisi\u00f3n<\/strong> en cada disparo. Su sistema de <strong data-start=\"289\" data-end=\"319\">doble mand\u00edbula (dual jaw)<\/strong> junto con una <strong data-start=\"334\" data-end=\"359\">cabeza rotatoria 360\u00b0<\/strong> garantiza una suelta limpia y consistente, reduciendo la torsi\u00f3n en la cuerda.<\/p>\n<p data-start=\"440\" data-end=\"532\">Ideal para arqueros de arco compuesto que buscan mayor control y repetibilidad en cada tiro.<\/p>\n<h2 data-start=\"1338\" data-end=\"1369\">\ud83d\udd27 Especificaciones t\u00e9cnicas<\/h2>\n<ul data-start=\"1371\" data-end=\"1682\">\n<li data-start=\"1371\" data-end=\"1389\">\n<p data-start=\"1373\" data-end=\"1389\">Marca: Centric<\/p>\n<\/li>\n<li data-start=\"1390\" data-end=\"1410\">\n<p data-start=\"1392\" data-end=\"1410\">Modelo: Jaw 360\u00ba<\/p>\n<\/li>\n<li data-start=\"1411\" data-end=\"1457\">\n<p data-start=\"1413\" data-end=\"1457\">Tipo: Disparador de mu\u00f1eca (wrist release)<\/p>\n<\/li>\n<li data-start=\"1458\" data-end=\"1497\">\n<p data-start=\"1460\" data-end=\"1497\">Sistema: Doble mand\u00edbula (dual jaw)<\/p>\n<\/li>\n<li data-start=\"1498\" data-end=\"1522\">\n<p data-start=\"1500\" data-end=\"1522\">Rotaci\u00f3n: 360 grados<\/p>\n<\/li>\n<li data-start=\"1523\" data-end=\"1553\">\n<p data-start=\"1525\" data-end=\"1553\">Ajuste de sensibilidad: S\u00ed<\/p>\n<\/li>\n<li data-start=\"1554\" data-end=\"1590\">\n<p data-start=\"1556\" data-end=\"1590\">Niveles de ajuste: 3 incrementos<\/p>\n<\/li>\n<li data-start=\"1591\" data-end=\"1633\">\n<p data-start=\"1593\" data-end=\"1633\">Mu\u00f1equera: Acolchada con cierre seguro<\/p>\n<\/li>\n<li data-start=\"1634\" data-end=\"1682\">\n<p data-start=\"1636\" data-end=\"1682\">Compatibilidad: Arcos compuestos \/ de poleas<\/p>\n<\/li>\n<\/ul>\n","protected":false},"featured_media":128227,"comment_status":"open","ping_status":"closed","template":"","meta":{"_acf_changed":false},"product_brand":[4908],"product_cat":[104,538,126],"product_tag":[],"class_list":{"0":"post-128226","1":"product","2":"type-product","3":"status-publish","4":"has-post-thumbnail","6":"product_brand-centric","7":"product_cat-accesorios","8":"product_cat-de-muneca","9":"product_cat-disparadores","11":"first","12":"instock","13":"sale","14":"taxable","15":"shipping-taxable","16":"purchasable","17":"product-type-simple"},"acf":[],"yoast_head":"<!-- This site is optimized with the Yoast SEO plugin v27.3 - https:\/\/yoast.com\/product\/yoast-seo-wordpress\/ -->\n<title>Disparador Centric Jaw 360\u00ba para Arcos de Poleas - MoitoArchery<\/title>\n<meta name=\"description\" content=\"El Disparador Centric Jaw 360\u00ba de Centric Archery est\u00e1 dise\u00f1ado para ofrecer m\u00e1xima seguridad, suavidad y precisi\u00f3n en cada disparo.\" \/>\n<meta name=\"robots\" content=\"index, follow, max-snippet:-1, max-image-preview:large, max-video-preview:-1\" \/>\n<link rel=\"canonical\" href=\"https:\/\/moitoarchery.com\/en\/product\/disparador-centric-jaw-360o-para-arcos-de-poleas\/\" \/>\n<meta property=\"og:locale\" content=\"en_US\" \/>\n<meta property=\"og:type\" content=\"article\" \/>\n<meta property=\"og:title\" content=\"Disparador Centric Jaw 360\u00ba para Arcos de Poleas - MoitoArchery\" \/>\n<meta property=\"og:description\" content=\"El Disparador Centric Jaw 360\u00ba de Centric Archery est\u00e1 dise\u00f1ado para ofrecer m\u00e1xima seguridad, suavidad y precisi\u00f3n en cada disparo.\" \/>\n<meta property=\"og:url\" content=\"https:\/\/moitoarchery.com\/en\/product\/disparador-centric-jaw-360o-para-arcos-de-poleas\/\" \/>\n<meta property=\"og:site_name\" content=\"MoitoArchery\" \/>\n<meta property=\"article:publisher\" content=\"https:\/\/www.facebook.com\/arqueriaOnline\/\" \/>\n<meta property=\"article:modified_time\" content=\"2026-04-16T09:21:18+00:00\" \/>\n<meta property=\"og:image\" content=\"https:\/\/moitoarchery.com\/wp-content\/uploads\/2026\/03\/disparador-centric-jaw-360.jpg\" \/>\n\t<meta property=\"og:image:width\" content=\"800\" \/>\n\t<meta property=\"og:image:height\" content=\"800\" \/>\n\t<meta property=\"og:image:type\" content=\"image\/jpeg\" \/>\n<meta name=\"twitter:card\" content=\"summary_large_image\" \/>\n<meta name=\"twitter:label1\" content=\"Est. reading time\" \/>\n\t<meta name=\"twitter:data1\" content=\"2 minutes\" \/>\n<script type=\"application\/ld+json\" class=\"yoast-schema-graph\">{\"@context\":\"https:\\\/\\\/schema.org\",\"@graph\":[{\"@type\":\"WebPage\",\"@id\":\"https:\\\/\\\/moitoarchery.com\\\/en\\\/product\\\/disparador-centric-jaw-360o-para-arcos-de-poleas\\\/\",\"url\":\"https:\\\/\\\/moitoarchery.com\\\/en\\\/product\\\/disparador-centric-jaw-360o-para-arcos-de-poleas\\\/\",\"name\":\"Disparador Centric Jaw 360\u00ba para Arcos de Poleas - MoitoArchery\",\"isPartOf\":{\"@id\":\"https:\\\/\\\/moitoarchery.com\\\/en\\\/#website\"},\"primaryImageOfPage\":{\"@id\":\"https:\\\/\\\/moitoarchery.com\\\/en\\\/product\\\/disparador-centric-jaw-360o-para-arcos-de-poleas\\\/#primaryimage\"},\"image\":{\"@id\":\"https:\\\/\\\/moitoarchery.com\\\/en\\\/product\\\/disparador-centric-jaw-360o-para-arcos-de-poleas\\\/#primaryimage\"},\"thumbnailUrl\":\"https:\\\/\\\/moitoarchery.com\\\/wp-content\\\/uploads\\\/2026\\\/03\\\/disparador-centric-jaw-360.jpg\",\"datePublished\":\"2026-03-04T10:54:29+00:00\",\"dateModified\":\"2026-04-16T09:21:18+00:00\",\"description\":\"El Disparador Centric Jaw 360\u00ba de Centric Archery est\u00e1 dise\u00f1ado para ofrecer m\u00e1xima seguridad, suavidad y precisi\u00f3n en cada disparo.\",\"breadcrumb\":{\"@id\":\"https:\\\/\\\/moitoarchery.com\\\/en\\\/product\\\/disparador-centric-jaw-360o-para-arcos-de-poleas\\\/#breadcrumb\"},\"inLanguage\":\"en-US\",\"potentialAction\":[{\"@type\":\"ReadAction\",\"target\":[\"https:\\\/\\\/moitoarchery.com\\\/en\\\/product\\\/disparador-centric-jaw-360o-para-arcos-de-poleas\\\/\"]}]},{\"@type\":\"ImageObject\",\"inLanguage\":\"en-US\",\"@id\":\"https:\\\/\\\/moitoarchery.com\\\/en\\\/product\\\/disparador-centric-jaw-360o-para-arcos-de-poleas\\\/#primaryimage\",\"url\":\"https:\\\/\\\/moitoarchery.com\\\/wp-content\\\/uploads\\\/2026\\\/03\\\/disparador-centric-jaw-360.jpg\",\"contentUrl\":\"https:\\\/\\\/moitoarchery.com\\\/wp-content\\\/uploads\\\/2026\\\/03\\\/disparador-centric-jaw-360.jpg\",\"width\":800,\"height\":800},{\"@type\":\"BreadcrumbList\",\"@id\":\"https:\\\/\\\/moitoarchery.com\\\/en\\\/product\\\/disparador-centric-jaw-360o-para-arcos-de-poleas\\\/#breadcrumb\",\"itemListElement\":[{\"@type\":\"ListItem\",\"position\":1,\"name\":\"Portada\",\"item\":\"https:\\\/\\\/moitoarchery.com\\\/en\\\/\"},{\"@type\":\"ListItem\",\"position\":2,\"name\":\"Shop\",\"item\":\"https:\\\/\\\/moitoarchery.com\\\/en\\\/shop\\\/\"},{\"@type\":\"ListItem\",\"position\":3,\"name\":\"Disparador Centric Jaw 360\u00ba para Arcos de Poleas\"}]},{\"@type\":\"WebSite\",\"@id\":\"https:\\\/\\\/moitoarchery.com\\\/en\\\/#website\",\"url\":\"https:\\\/\\\/moitoarchery.com\\\/en\\\/\",\"name\":\"MoitoArchery\",\"description\":\"Tienda de Tiro con arco\",\"publisher\":{\"@id\":\"https:\\\/\\\/moitoarchery.com\\\/en\\\/#organization\"},\"potentialAction\":[{\"@type\":\"SearchAction\",\"target\":{\"@type\":\"EntryPoint\",\"urlTemplate\":\"https:\\\/\\\/moitoarchery.com\\\/en\\\/?s={search_term_string}\"},\"query-input\":{\"@type\":\"PropertyValueSpecification\",\"valueRequired\":true,\"valueName\":\"search_term_string\"}}],\"inLanguage\":\"en-US\"},{\"@type\":\"Organization\",\"@id\":\"https:\\\/\\\/moitoarchery.com\\\/en\\\/#organization\",\"name\":\"MoitoArchery\",\"url\":\"https:\\\/\\\/moitoarchery.com\\\/en\\\/\",\"logo\":{\"@type\":\"ImageObject\",\"inLanguage\":\"en-US\",\"@id\":\"https:\\\/\\\/moitoarchery.com\\\/en\\\/#\\\/schema\\\/logo\\\/image\\\/\",\"url\":\"https:\\\/\\\/moitoarchery.com\\\/wp-content\\\/uploads\\\/2020\\\/09\\\/logotipo-moitoarchery.png\",\"contentUrl\":\"https:\\\/\\\/moitoarchery.com\\\/wp-content\\\/uploads\\\/2020\\\/09\\\/logotipo-moitoarchery.png\",\"width\":300,\"height\":66,\"caption\":\"MoitoArchery\"},\"image\":{\"@id\":\"https:\\\/\\\/moitoarchery.com\\\/en\\\/#\\\/schema\\\/logo\\\/image\\\/\"},\"sameAs\":[\"https:\\\/\\\/www.facebook.com\\\/arqueriaOnline\\\/\",\"https:\\\/\\\/www.instagram.com\\\/moitoarchery\\\/\",\"https:\\\/\\\/www.youtube.com\\\/channel\\\/UCvmj39gVUIKVoJJ6vQC9GPA\\\/\"]}]}<\/script>\n<!-- \/ Yoast SEO plugin. -->","yoast_head_json":{"title":"Disparador Centric Jaw 360\u00ba para Arcos de Poleas - MoitoArchery","description":"El Disparador Centric Jaw 360\u00ba de Centric Archery est\u00e1 dise\u00f1ado para ofrecer m\u00e1xima seguridad, suavidad y precisi\u00f3n en cada disparo.","robots":{"index":"index","follow":"follow","max-snippet":"max-snippet:-1","max-image-preview":"max-image-preview:large","max-video-preview":"max-video-preview:-1"},"canonical":"https:\/\/moitoarchery.com\/en\/product\/disparador-centric-jaw-360o-para-arcos-de-poleas\/","og_locale":"en_US","og_type":"article","og_title":"Disparador Centric Jaw 360\u00ba para Arcos de Poleas - MoitoArchery","og_description":"El Disparador Centric Jaw 360\u00ba de Centric Archery est\u00e1 dise\u00f1ado para ofrecer m\u00e1xima seguridad, suavidad y precisi\u00f3n en cada disparo.","og_url":"https:\/\/moitoarchery.com\/en\/product\/disparador-centric-jaw-360o-para-arcos-de-poleas\/","og_site_name":"MoitoArchery","article_publisher":"https:\/\/www.facebook.com\/arqueriaOnline\/","article_modified_time":"2026-04-16T09:21:18+00:00","og_image":[{"width":800,"height":800,"url":"https:\/\/moitoarchery.com\/wp-content\/uploads\/2026\/03\/disparador-centric-jaw-360.jpg","type":"image\/jpeg"}],"twitter_card":"summary_large_image","twitter_misc":{"Est. reading time":"2 minutes"},"schema":{"@context":"https:\/\/schema.org","@graph":[{"@type":"WebPage","@id":"https:\/\/moitoarchery.com\/en\/product\/disparador-centric-jaw-360o-para-arcos-de-poleas\/","url":"https:\/\/moitoarchery.com\/en\/product\/disparador-centric-jaw-360o-para-arcos-de-poleas\/","name":"Disparador Centric Jaw 360\u00ba para Arcos de Poleas - MoitoArchery","isPartOf":{"@id":"https:\/\/moitoarchery.com\/en\/#website"},"primaryImageOfPage":{"@id":"https:\/\/moitoarchery.com\/en\/product\/disparador-centric-jaw-360o-para-arcos-de-poleas\/#primaryimage"},"image":{"@id":"https:\/\/moitoarchery.com\/en\/product\/disparador-centric-jaw-360o-para-arcos-de-poleas\/#primaryimage"},"thumbnailUrl":"https:\/\/moitoarchery.com\/wp-content\/uploads\/2026\/03\/disparador-centric-jaw-360.jpg","datePublished":"2026-03-04T10:54:29+00:00","dateModified":"2026-04-16T09:21:18+00:00","description":"El Disparador Centric Jaw 360\u00ba de Centric Archery est\u00e1 dise\u00f1ado para ofrecer m\u00e1xima seguridad, suavidad y precisi\u00f3n en cada disparo.","breadcrumb":{"@id":"https:\/\/moitoarchery.com\/en\/product\/disparador-centric-jaw-360o-para-arcos-de-poleas\/#breadcrumb"},"inLanguage":"en-US","potentialAction":[{"@type":"ReadAction","target":["https:\/\/moitoarchery.com\/en\/product\/disparador-centric-jaw-360o-para-arcos-de-poleas\/"]}]},{"@type":"ImageObject","inLanguage":"en-US","@id":"https:\/\/moitoarchery.com\/en\/product\/disparador-centric-jaw-360o-para-arcos-de-poleas\/#primaryimage","url":"https:\/\/moitoarchery.com\/wp-content\/uploads\/2026\/03\/disparador-centric-jaw-360.jpg","contentUrl":"https:\/\/moitoarchery.com\/wp-content\/uploads\/2026\/03\/disparador-centric-jaw-360.jpg","width":800,"height":800},{"@type":"BreadcrumbList","@id":"https:\/\/moitoarchery.com\/en\/product\/disparador-centric-jaw-360o-para-arcos-de-poleas\/#breadcrumb","itemListElement":[{"@type":"ListItem","position":1,"name":"Portada","item":"https:\/\/moitoarchery.com\/en\/"},{"@type":"ListItem","position":2,"name":"Shop","item":"https:\/\/moitoarchery.com\/en\/shop\/"},{"@type":"ListItem","position":3,"name":"Disparador Centric Jaw 360\u00ba para Arcos de Poleas"}]},{"@type":"WebSite","@id":"https:\/\/moitoarchery.com\/en\/#website","url":"https:\/\/moitoarchery.com\/en\/","name":"MoitoArchery","description":"Tienda de Tiro con arco","publisher":{"@id":"https:\/\/moitoarchery.com\/en\/#organization"},"potentialAction":[{"@type":"SearchAction","target":{"@type":"EntryPoint","urlTemplate":"https:\/\/moitoarchery.com\/en\/?s={search_term_string}"},"query-input":{"@type":"PropertyValueSpecification","valueRequired":true,"valueName":"search_term_string"}}],"inLanguage":"en-US"},{"@type":"Organization","@id":"https:\/\/moitoarchery.com\/en\/#organization","name":"MoitoArchery","url":"https:\/\/moitoarchery.com\/en\/","logo":{"@type":"ImageObject","inLanguage":"en-US","@id":"https:\/\/moitoarchery.com\/en\/#\/schema\/logo\/image\/","url":"https:\/\/moitoarchery.com\/wp-content\/uploads\/2020\/09\/logotipo-moitoarchery.png","contentUrl":"https:\/\/moitoarchery.com\/wp-content\/uploads\/2020\/09\/logotipo-moitoarchery.png","width":300,"height":66,"caption":"MoitoArchery"},"image":{"@id":"https:\/\/moitoarchery.com\/en\/#\/schema\/logo\/image\/"},"sameAs":["https:\/\/www.facebook.com\/arqueriaOnline\/","https:\/\/www.instagram.com\/moitoarchery\/","https:\/\/www.youtube.com\/channel\/UCvmj39gVUIKVoJJ6vQC9GPA\/"]}]}},"_links":{"self":[{"href":"https:\/\/moitoarchery.com\/en\/wp-json\/wp\/v2\/product\/128226","targetHints":{"allow":["GET"]}}],"collection":[{"href":"https:\/\/moitoarchery.com\/en\/wp-json\/wp\/v2\/product"}],"about":[{"href":"https:\/\/moitoarchery.com\/en\/wp-json\/wp\/v2\/types\/product"}],"replies":[{"embeddable":true,"href":"https:\/\/moitoarchery.com\/en\/wp-json\/wp\/v2\/comments?post=128226"}],"version-history":[{"count":1,"href":"https:\/\/moitoarchery.com\/en\/wp-json\/wp\/v2\/product\/128226\/revisions"}],"predecessor-version":[{"id":132761,"href":"https:\/\/moitoarchery.com\/en\/wp-json\/wp\/v2\/product\/128226\/revisions\/132761"}],"wp:featuredmedia":[{"embeddable":true,"href":"https:\/\/moitoarchery.com\/en\/wp-json\/wp\/v2\/media\/128227"}],"wp:attachment":[{"href":"https:\/\/moitoarchery.com\/en\/wp-json\/wp\/v2\/media?parent=128226"}],"wp:term":[{"taxonomy":"product_brand","embeddable":true,"href":"https:\/\/moitoarchery.com\/en\/wp-json\/wp\/v2\/product_brand?post=128226"},{"taxonomy":"product_cat","embeddable":true,"href":"https:\/\/moitoarchery.com\/en\/wp-json\/wp\/v2\/product_cat?post=128226"},{"taxonomy":"product_tag","embeddable":true,"href":"https:\/\/moitoarchery.com\/en\/wp-json\/wp\/v2\/product_tag?post=128226"}],"curies":[{"name":"wp","href":"https:\/\/api.w.org\/{rel}","templated":true}]}}