{"id":126905,"date":"2026-02-13T10:11:22","date_gmt":"2026-02-13T09:11:22","guid":{"rendered":"https:\/\/moitoarchery.com\/?post_type=product&#038;p=126905"},"modified":"2026-03-27T12:17:49","modified_gmt":"2026-03-27T11:17:49","slug":"grim-reaper-razortip-mechanical-hunting-tip-3-pack-copia","status":"publish","type":"product","link":"https:\/\/moitoarchery.com\/en\/product\/grim-reaper-razortip-mechanical-hunting-tip-3-pack-copia\/","title":{"rendered":"Grim Reaper Razortip Mechanical Hunting Tip 1 3\/8 (3pcs)"},"content":{"rendered":"<p>The Grim Reaper Razortip hunting tip is highly effective.<\/p>\n<p>Las cuchillas son de acero inoxidable 440 de 0,035&#8243; de grosor, combinadas con las nuevas f\u00e9rulas de aluminio de calidad aeron\u00e1utica, la convierten en una de las puntas de Grim Reaper m\u00e1s resistente, afilada y penetrante.<\/p>\n<h2>Special Orders through the Distributor:<\/h2>\n<p><b>Custom Order:<\/b> To choose colors or other features, if available, you can contact us to check the available stock from our distributor or for any advice before placing your custom order. Prices may vary depending on the color. <\/p>\n<p><b>Delivery Time:<\/b> The minimum delivery time is approximately 10\u201314 days, but in some cases it may be longer due to possible delays, lack of stock, or other reasons.<\/p>\n<p><b>Workshop Service:<\/b> We offer assembly and tuning services in our workshop for all compound bows. You can check the various services on our <a href=\"https:\/\/moitoarchery.com\/en\/archery-workshop-service-adjustments-maintenance-and-repairs\/\">workshop page.<\/a> <\/p>\n","protected":false},"excerpt":{"rendered":"<p>The Grim Reaper Razortip hunting tip is highly effective.<\/p>\n<p>The blades are made of 0.035&#8243; thick 440 stainless steel, combined with new aerospace-grade aluminum ferrules, making it one of the most durable, sharp, and penetrating tips from Grim Reaper.<\/p>\n<h2>Special Orders through the Distributor:<\/h2>\n<p><b>Custom Order:<\/b> To choose colors or other features, if available, you can contact us to check the available stock from our distributor or for any advice before placing your custom order. Prices may vary depending on the color. <\/p>\n<p><b>Delivery Time:<\/b> The minimum delivery time is approximately 10\u201314 days, but in some cases it may be longer due to possible delays, lack of stock, or other reasons.<\/p>\n<p><b>Workshop Service:<\/b> We offer assembly and tuning services in our workshop for all compound bows. You can check the various services on our <a href=\"https:\/\/moitoarchery.com\/en\/archery-workshop-service-adjustments-maintenance-and-repairs\/\">workshop page.<\/a> <\/p>\n","protected":false},"featured_media":61262,"comment_status":"open","ping_status":"closed","template":"","meta":{"_acf_changed":false},"product_brand":[],"product_cat":[2844,2848],"product_tag":[],"class_list":{"0":"post-126905","1":"product","2":"type-product","3":"status-publish","4":"has-post-thumbnail","6":"product_cat-broadheads","7":"product_cat-mechanical","9":"first","10":"instock","11":"sale","12":"taxable","13":"shipping-taxable","14":"purchasable","15":"product-type-variable"},"acf":[],"yoast_head":"<!-- This site is optimized with the Yoast SEO plugin v27.3 - https:\/\/yoast.com\/product\/yoast-seo-wordpress\/ -->\n<title>Grim Reaper Razortip Mechanical Hunting Tip 1 3\/8 (3pcs) - MoitoArchery<\/title>\n<meta name=\"robots\" content=\"index, follow, max-snippet:-1, max-image-preview:large, max-video-preview:-1\" \/>\n<link rel=\"canonical\" href=\"https:\/\/moitoarchery.com\/en\/product\/grim-reaper-razortip-mechanical-hunting-tip-3-pack-copia\/\" \/>\n<meta property=\"og:locale\" content=\"en_US\" \/>\n<meta property=\"og:type\" content=\"article\" \/>\n<meta property=\"og:title\" content=\"Grim Reaper Razortip Mechanical Hunting Tip 1 3\/8 (3pcs) - MoitoArchery\" \/>\n<meta property=\"og:description\" content=\"The Grim Reaper Razortip hunting tip is highly effective. The blades are made of 0.035&quot; thick 440 stainless steel, combined with new aerospace-grade aluminum ferrules, making it one of the most durable, sharp, and penetrating tips from Grim Reaper. Special Orders through the Distributor: Custom Order: To choose colors or other features, if available, you can contact us to check the available stock from our distributor or for any advice before placing your custom order. Prices may vary depending on the color.  Delivery Time: The minimum delivery time is approximately 10\u201314 days, but in some cases it may be longer due to possible delays, lack of stock, or other reasons. Workshop Service: We offer assembly and tuning services in our workshop for all compound bows. You can check the various services on our workshop page.\" \/>\n<meta property=\"og:url\" content=\"https:\/\/moitoarchery.com\/en\/product\/grim-reaper-razortip-mechanical-hunting-tip-3-pack-copia\/\" \/>\n<meta property=\"og:site_name\" content=\"MoitoArchery\" \/>\n<meta property=\"article:publisher\" content=\"https:\/\/www.facebook.com\/arqueriaOnline\/\" \/>\n<meta property=\"article:modified_time\" content=\"2026-03-27T11:17:49+00:00\" \/>\n<meta property=\"og:image\" content=\"https:\/\/moitoarchery.com\/wp-content\/uploads\/2021\/07\/Punta-de-caza-mecanica-expansible-Razortip-Grim-Reaper-3uds.jpg\" \/>\n\t<meta property=\"og:image:width\" content=\"800\" \/>\n\t<meta property=\"og:image:height\" content=\"800\" \/>\n\t<meta property=\"og:image:type\" content=\"image\/jpeg\" \/>\n<meta name=\"twitter:card\" content=\"summary_large_image\" \/>\n<meta name=\"twitter:label1\" content=\"Est. reading time\" \/>\n\t<meta name=\"twitter:data1\" content=\"1 minute\" \/>\n<script type=\"application\/ld+json\" class=\"yoast-schema-graph\">{\"@context\":\"https:\\\/\\\/schema.org\",\"@graph\":[{\"@type\":\"WebPage\",\"@id\":\"https:\\\/\\\/moitoarchery.com\\\/en\\\/product\\\/grim-reaper-razortip-mechanical-hunting-tip-3-pack-copia\\\/\",\"url\":\"https:\\\/\\\/moitoarchery.com\\\/en\\\/product\\\/grim-reaper-razortip-mechanical-hunting-tip-3-pack-copia\\\/\",\"name\":\"Grim Reaper Razortip Mechanical Hunting Tip 1 3\\\/8 (3pcs) - MoitoArchery\",\"isPartOf\":{\"@id\":\"https:\\\/\\\/moitoarchery.com\\\/en\\\/#website\"},\"primaryImageOfPage\":{\"@id\":\"https:\\\/\\\/moitoarchery.com\\\/en\\\/product\\\/grim-reaper-razortip-mechanical-hunting-tip-3-pack-copia\\\/#primaryimage\"},\"image\":{\"@id\":\"https:\\\/\\\/moitoarchery.com\\\/en\\\/product\\\/grim-reaper-razortip-mechanical-hunting-tip-3-pack-copia\\\/#primaryimage\"},\"thumbnailUrl\":\"https:\\\/\\\/moitoarchery.com\\\/wp-content\\\/uploads\\\/2021\\\/07\\\/Punta-de-caza-mecanica-expansible-Razortip-Grim-Reaper-3uds.jpg\",\"datePublished\":\"2026-02-13T09:11:22+00:00\",\"dateModified\":\"2026-03-27T11:17:49+00:00\",\"breadcrumb\":{\"@id\":\"https:\\\/\\\/moitoarchery.com\\\/en\\\/product\\\/grim-reaper-razortip-mechanical-hunting-tip-3-pack-copia\\\/#breadcrumb\"},\"inLanguage\":\"en-US\",\"potentialAction\":[{\"@type\":\"ReadAction\",\"target\":[\"https:\\\/\\\/moitoarchery.com\\\/en\\\/product\\\/grim-reaper-razortip-mechanical-hunting-tip-3-pack-copia\\\/\"]}]},{\"@type\":\"ImageObject\",\"inLanguage\":\"en-US\",\"@id\":\"https:\\\/\\\/moitoarchery.com\\\/en\\\/product\\\/grim-reaper-razortip-mechanical-hunting-tip-3-pack-copia\\\/#primaryimage\",\"url\":\"https:\\\/\\\/moitoarchery.com\\\/wp-content\\\/uploads\\\/2021\\\/07\\\/Punta-de-caza-mecanica-expansible-Razortip-Grim-Reaper-3uds.jpg\",\"contentUrl\":\"https:\\\/\\\/moitoarchery.com\\\/wp-content\\\/uploads\\\/2021\\\/07\\\/Punta-de-caza-mecanica-expansible-Razortip-Grim-Reaper-3uds.jpg\",\"width\":800,\"height\":800,\"caption\":\"Grim Reaper Razortip Mechanical Hunting Tip (3 pack)\"},{\"@type\":\"BreadcrumbList\",\"@id\":\"https:\\\/\\\/moitoarchery.com\\\/en\\\/product\\\/grim-reaper-razortip-mechanical-hunting-tip-3-pack-copia\\\/#breadcrumb\",\"itemListElement\":[{\"@type\":\"ListItem\",\"position\":1,\"name\":\"Portada\",\"item\":\"https:\\\/\\\/moitoarchery.com\\\/en\\\/\"},{\"@type\":\"ListItem\",\"position\":2,\"name\":\"Shop\",\"item\":\"https:\\\/\\\/moitoarchery.com\\\/en\\\/shop\\\/\"},{\"@type\":\"ListItem\",\"position\":3,\"name\":\"Grim Reaper Razortip Mechanical Hunting Tip 1 3\\\/8 (3pcs)\"}]},{\"@type\":\"WebSite\",\"@id\":\"https:\\\/\\\/moitoarchery.com\\\/en\\\/#website\",\"url\":\"https:\\\/\\\/moitoarchery.com\\\/en\\\/\",\"name\":\"MoitoArchery\",\"description\":\"Tienda de Tiro con arco\",\"publisher\":{\"@id\":\"https:\\\/\\\/moitoarchery.com\\\/en\\\/#organization\"},\"potentialAction\":[{\"@type\":\"SearchAction\",\"target\":{\"@type\":\"EntryPoint\",\"urlTemplate\":\"https:\\\/\\\/moitoarchery.com\\\/en\\\/?s={search_term_string}\"},\"query-input\":{\"@type\":\"PropertyValueSpecification\",\"valueRequired\":true,\"valueName\":\"search_term_string\"}}],\"inLanguage\":\"en-US\"},{\"@type\":\"Organization\",\"@id\":\"https:\\\/\\\/moitoarchery.com\\\/en\\\/#organization\",\"name\":\"MoitoArchery\",\"url\":\"https:\\\/\\\/moitoarchery.com\\\/en\\\/\",\"logo\":{\"@type\":\"ImageObject\",\"inLanguage\":\"en-US\",\"@id\":\"https:\\\/\\\/moitoarchery.com\\\/en\\\/#\\\/schema\\\/logo\\\/image\\\/\",\"url\":\"https:\\\/\\\/moitoarchery.com\\\/wp-content\\\/uploads\\\/2020\\\/09\\\/logotipo-moitoarchery.png\",\"contentUrl\":\"https:\\\/\\\/moitoarchery.com\\\/wp-content\\\/uploads\\\/2020\\\/09\\\/logotipo-moitoarchery.png\",\"width\":300,\"height\":66,\"caption\":\"MoitoArchery\"},\"image\":{\"@id\":\"https:\\\/\\\/moitoarchery.com\\\/en\\\/#\\\/schema\\\/logo\\\/image\\\/\"},\"sameAs\":[\"https:\\\/\\\/www.facebook.com\\\/arqueriaOnline\\\/\",\"https:\\\/\\\/www.instagram.com\\\/moitoarchery\\\/\",\"https:\\\/\\\/www.youtube.com\\\/channel\\\/UCvmj39gVUIKVoJJ6vQC9GPA\\\/\"]}]}<\/script>\n<!-- \/ Yoast SEO plugin. -->","yoast_head_json":{"title":"Grim Reaper Razortip Mechanical Hunting Tip 1 3\/8 (3pcs) - MoitoArchery","robots":{"index":"index","follow":"follow","max-snippet":"max-snippet:-1","max-image-preview":"max-image-preview:large","max-video-preview":"max-video-preview:-1"},"canonical":"https:\/\/moitoarchery.com\/en\/product\/grim-reaper-razortip-mechanical-hunting-tip-3-pack-copia\/","og_locale":"en_US","og_type":"article","og_title":"Grim Reaper Razortip Mechanical Hunting Tip 1 3\/8 (3pcs) - MoitoArchery","og_description":"The Grim Reaper Razortip hunting tip is highly effective. The blades are made of 0.035\" thick 440 stainless steel, combined with new aerospace-grade aluminum ferrules, making it one of the most durable, sharp, and penetrating tips from Grim Reaper. Special Orders through the Distributor: Custom Order: To choose colors or other features, if available, you can contact us to check the available stock from our distributor or for any advice before placing your custom order. Prices may vary depending on the color.  Delivery Time: The minimum delivery time is approximately 10\u201314 days, but in some cases it may be longer due to possible delays, lack of stock, or other reasons. Workshop Service: We offer assembly and tuning services in our workshop for all compound bows. You can check the various services on our workshop page.","og_url":"https:\/\/moitoarchery.com\/en\/product\/grim-reaper-razortip-mechanical-hunting-tip-3-pack-copia\/","og_site_name":"MoitoArchery","article_publisher":"https:\/\/www.facebook.com\/arqueriaOnline\/","article_modified_time":"2026-03-27T11:17:49+00:00","og_image":[{"width":800,"height":800,"url":"https:\/\/moitoarchery.com\/wp-content\/uploads\/2021\/07\/Punta-de-caza-mecanica-expansible-Razortip-Grim-Reaper-3uds.jpg","type":"image\/jpeg"}],"twitter_card":"summary_large_image","twitter_misc":{"Est. reading time":"1 minute"},"schema":{"@context":"https:\/\/schema.org","@graph":[{"@type":"WebPage","@id":"https:\/\/moitoarchery.com\/en\/product\/grim-reaper-razortip-mechanical-hunting-tip-3-pack-copia\/","url":"https:\/\/moitoarchery.com\/en\/product\/grim-reaper-razortip-mechanical-hunting-tip-3-pack-copia\/","name":"Grim Reaper Razortip Mechanical Hunting Tip 1 3\/8 (3pcs) - MoitoArchery","isPartOf":{"@id":"https:\/\/moitoarchery.com\/en\/#website"},"primaryImageOfPage":{"@id":"https:\/\/moitoarchery.com\/en\/product\/grim-reaper-razortip-mechanical-hunting-tip-3-pack-copia\/#primaryimage"},"image":{"@id":"https:\/\/moitoarchery.com\/en\/product\/grim-reaper-razortip-mechanical-hunting-tip-3-pack-copia\/#primaryimage"},"thumbnailUrl":"https:\/\/moitoarchery.com\/wp-content\/uploads\/2021\/07\/Punta-de-caza-mecanica-expansible-Razortip-Grim-Reaper-3uds.jpg","datePublished":"2026-02-13T09:11:22+00:00","dateModified":"2026-03-27T11:17:49+00:00","breadcrumb":{"@id":"https:\/\/moitoarchery.com\/en\/product\/grim-reaper-razortip-mechanical-hunting-tip-3-pack-copia\/#breadcrumb"},"inLanguage":"en-US","potentialAction":[{"@type":"ReadAction","target":["https:\/\/moitoarchery.com\/en\/product\/grim-reaper-razortip-mechanical-hunting-tip-3-pack-copia\/"]}]},{"@type":"ImageObject","inLanguage":"en-US","@id":"https:\/\/moitoarchery.com\/en\/product\/grim-reaper-razortip-mechanical-hunting-tip-3-pack-copia\/#primaryimage","url":"https:\/\/moitoarchery.com\/wp-content\/uploads\/2021\/07\/Punta-de-caza-mecanica-expansible-Razortip-Grim-Reaper-3uds.jpg","contentUrl":"https:\/\/moitoarchery.com\/wp-content\/uploads\/2021\/07\/Punta-de-caza-mecanica-expansible-Razortip-Grim-Reaper-3uds.jpg","width":800,"height":800,"caption":"Grim Reaper Razortip Mechanical Hunting Tip (3 pack)"},{"@type":"BreadcrumbList","@id":"https:\/\/moitoarchery.com\/en\/product\/grim-reaper-razortip-mechanical-hunting-tip-3-pack-copia\/#breadcrumb","itemListElement":[{"@type":"ListItem","position":1,"name":"Portada","item":"https:\/\/moitoarchery.com\/en\/"},{"@type":"ListItem","position":2,"name":"Shop","item":"https:\/\/moitoarchery.com\/en\/shop\/"},{"@type":"ListItem","position":3,"name":"Grim Reaper Razortip Mechanical Hunting Tip 1 3\/8 (3pcs)"}]},{"@type":"WebSite","@id":"https:\/\/moitoarchery.com\/en\/#website","url":"https:\/\/moitoarchery.com\/en\/","name":"MoitoArchery","description":"Tienda de Tiro con arco","publisher":{"@id":"https:\/\/moitoarchery.com\/en\/#organization"},"potentialAction":[{"@type":"SearchAction","target":{"@type":"EntryPoint","urlTemplate":"https:\/\/moitoarchery.com\/en\/?s={search_term_string}"},"query-input":{"@type":"PropertyValueSpecification","valueRequired":true,"valueName":"search_term_string"}}],"inLanguage":"en-US"},{"@type":"Organization","@id":"https:\/\/moitoarchery.com\/en\/#organization","name":"MoitoArchery","url":"https:\/\/moitoarchery.com\/en\/","logo":{"@type":"ImageObject","inLanguage":"en-US","@id":"https:\/\/moitoarchery.com\/en\/#\/schema\/logo\/image\/","url":"https:\/\/moitoarchery.com\/wp-content\/uploads\/2020\/09\/logotipo-moitoarchery.png","contentUrl":"https:\/\/moitoarchery.com\/wp-content\/uploads\/2020\/09\/logotipo-moitoarchery.png","width":300,"height":66,"caption":"MoitoArchery"},"image":{"@id":"https:\/\/moitoarchery.com\/en\/#\/schema\/logo\/image\/"},"sameAs":["https:\/\/www.facebook.com\/arqueriaOnline\/","https:\/\/www.instagram.com\/moitoarchery\/","https:\/\/www.youtube.com\/channel\/UCvmj39gVUIKVoJJ6vQC9GPA\/"]}]}},"_links":{"self":[{"href":"https:\/\/moitoarchery.com\/en\/wp-json\/wp\/v2\/product\/126905","targetHints":{"allow":["GET"]}}],"collection":[{"href":"https:\/\/moitoarchery.com\/en\/wp-json\/wp\/v2\/product"}],"about":[{"href":"https:\/\/moitoarchery.com\/en\/wp-json\/wp\/v2\/types\/product"}],"replies":[{"embeddable":true,"href":"https:\/\/moitoarchery.com\/en\/wp-json\/wp\/v2\/comments?post=126905"}],"version-history":[{"count":1,"href":"https:\/\/moitoarchery.com\/en\/wp-json\/wp\/v2\/product\/126905\/revisions"}],"predecessor-version":[{"id":130429,"href":"https:\/\/moitoarchery.com\/en\/wp-json\/wp\/v2\/product\/126905\/revisions\/130429"}],"wp:featuredmedia":[{"embeddable":true,"href":"https:\/\/moitoarchery.com\/en\/wp-json\/wp\/v2\/media\/61262"}],"wp:attachment":[{"href":"https:\/\/moitoarchery.com\/en\/wp-json\/wp\/v2\/media?parent=126905"}],"wp:term":[{"taxonomy":"product_brand","embeddable":true,"href":"https:\/\/moitoarchery.com\/en\/wp-json\/wp\/v2\/product_brand?post=126905"},{"taxonomy":"product_cat","embeddable":true,"href":"https:\/\/moitoarchery.com\/en\/wp-json\/wp\/v2\/product_cat?post=126905"},{"taxonomy":"product_tag","embeddable":true,"href":"https:\/\/moitoarchery.com\/en\/wp-json\/wp\/v2\/product_tag?post=126905"}],"curies":[{"name":"wp","href":"https:\/\/api.w.org\/{rel}","templated":true}]}}