{"id":123039,"date":"2026-01-01T09:28:11","date_gmt":"2026-01-01T08:28:11","guid":{"rendered":"https:\/\/moitoarchery.com\/?post_type=product&#038;p=123039"},"modified":"2026-04-16T11:21:05","modified_gmt":"2026-04-16T09:21:05","slug":"kit-de-tiro-para-caza","status":"publish","type":"product","link":"https:\/\/moitoarchery.com\/en\/product\/kit-de-tiro-para-caza\/","title":{"rendered":"Kit de tiro para Caza"},"content":{"rendered":"<p>Construye tu propio pack de dianas y flechas para caza. Elige tus flechas de caza favoritas y entre nuestra amplia selecci\u00f3n de dianas 3D o 2D de animales y ahorra al comprar tu pack de entrenamiento personalizado.<\/p>\n","protected":false},"excerpt":{"rendered":"<p data-start=\"485\" data-end=\"842\">Entrena como en una situaci\u00f3n real de caza con nuestro <strong data-start=\"540\" data-end=\"578\">Pack de Dianas y Flechas para Caza<\/strong>, totalmente personalizable. Dise\u00f1ado para arqueros de <strong data-start=\"633\" data-end=\"650\">caza con arco<\/strong>, este pack te permite <strong data-start=\"673\" data-end=\"718\">crear tu propio conjunto de entrenamiento<\/strong> seleccionando las flechas que mejor se adapten a tu arco y una diana de nuestra amplia gama de <strong data-start=\"814\" data-end=\"841\">animales 3D o dianas 2D<\/strong>.<\/p>\n<p data-start=\"844\" data-end=\"1134\">Practicar con dianas espec\u00edficas de caza mejora la <strong data-start=\"895\" data-end=\"962\">precisi\u00f3n, el c\u00e1lculo de distancias y la colocaci\u00f3n del disparo<\/strong>, aspectos clave para una caza \u00e9tica y efectiva. Adem\u00e1s, al comprar el pack completo disfrutar\u00e1s de un <strong data-start=\"1065\" data-end=\"1084\">ahorro especial<\/strong> frente a la compra de cada producto por separado.<\/p>\n<p data-start=\"1136\" data-end=\"1280\">Ideal tanto para <strong data-start=\"1153\" data-end=\"1199\">arcos compuestos, recurvos o tradicionales<\/strong>, este pack es perfecto para entrenamientos en campo, clubes o jardines privados.<\/p>\n","protected":false},"featured_media":123412,"comment_status":"open","ping_status":"closed","template":"","meta":{"_acf_changed":false},"product_brand":[4054],"product_cat":[107,114],"product_tag":[],"class_list":{"0":"post-123039","1":"product","2":"type-product","3":"status-publish","4":"has-post-thumbnail","6":"product_brand-varios","7":"product_cat-dianas-y-parapetos","8":"product_cat-kit-arco-completo","10":"first","11":"instock","12":"taxable","13":"shipping-taxable","14":"purchasable","15":"product-type-easy_product_bundle"},"acf":[],"yoast_head":"<!-- This site is optimized with the Yoast SEO plugin v27.3 - https:\/\/yoast.com\/product\/yoast-seo-wordpress\/ -->\n<title>Kit de tiro para Caza - MoitoArchery<\/title>\n<meta name=\"description\" content=\"Construye tu propio pack de dianas y flechas para caza. Elige tus flechas de caza favoritas y entre nuestra amplia selecci\u00f3n de dianas 3D o 2D de animales y ahorra al comprar tu pack de entrenamiento personalizado.\" \/>\n<meta name=\"robots\" content=\"index, follow, max-snippet:-1, max-image-preview:large, max-video-preview:-1\" \/>\n<link rel=\"canonical\" href=\"https:\/\/moitoarchery.com\/en\/product\/kit-de-tiro-para-caza\/\" \/>\n<meta property=\"og:locale\" content=\"en_US\" \/>\n<meta property=\"og:type\" content=\"article\" \/>\n<meta property=\"og:title\" content=\"Kit de tiro para Caza - MoitoArchery\" \/>\n<meta property=\"og:description\" content=\"Construye tu propio pack de dianas y flechas para caza. Elige tus flechas de caza favoritas y entre nuestra amplia selecci\u00f3n de dianas 3D o 2D de animales y ahorra al comprar tu pack de entrenamiento personalizado.\" \/>\n<meta property=\"og:url\" content=\"https:\/\/moitoarchery.com\/en\/product\/kit-de-tiro-para-caza\/\" \/>\n<meta property=\"og:site_name\" content=\"MoitoArchery\" \/>\n<meta property=\"article:publisher\" content=\"https:\/\/www.facebook.com\/arqueriaOnline\/\" \/>\n<meta property=\"article:modified_time\" content=\"2026-04-16T09:21:05+00:00\" \/>\n<meta property=\"og:image\" content=\"https:\/\/moitoarchery.com\/wp-content\/uploads\/2025\/12\/configura-tu-kit-1.jpg\" \/>\n\t<meta property=\"og:image:width\" content=\"800\" \/>\n\t<meta property=\"og:image:height\" content=\"800\" \/>\n\t<meta property=\"og:image:type\" content=\"image\/jpeg\" \/>\n<meta name=\"twitter:card\" content=\"summary_large_image\" \/>\n<meta name=\"twitter:label1\" content=\"Est. reading time\" \/>\n\t<meta name=\"twitter:data1\" content=\"1 minute\" \/>\n<script type=\"application\/ld+json\" class=\"yoast-schema-graph\">{\"@context\":\"https:\\\/\\\/schema.org\",\"@graph\":[{\"@type\":\"WebPage\",\"@id\":\"https:\\\/\\\/moitoarchery.com\\\/en\\\/product\\\/kit-de-tiro-para-caza\\\/\",\"url\":\"https:\\\/\\\/moitoarchery.com\\\/en\\\/product\\\/kit-de-tiro-para-caza\\\/\",\"name\":\"Kit de tiro para Caza - MoitoArchery\",\"isPartOf\":{\"@id\":\"https:\\\/\\\/moitoarchery.com\\\/en\\\/#website\"},\"primaryImageOfPage\":{\"@id\":\"https:\\\/\\\/moitoarchery.com\\\/en\\\/product\\\/kit-de-tiro-para-caza\\\/#primaryimage\"},\"image\":{\"@id\":\"https:\\\/\\\/moitoarchery.com\\\/en\\\/product\\\/kit-de-tiro-para-caza\\\/#primaryimage\"},\"thumbnailUrl\":\"https:\\\/\\\/moitoarchery.com\\\/wp-content\\\/uploads\\\/2025\\\/12\\\/configura-tu-kit-1.jpg\",\"datePublished\":\"2026-01-01T08:28:11+00:00\",\"dateModified\":\"2026-04-16T09:21:05+00:00\",\"description\":\"Construye tu propio pack de dianas y flechas para caza. Elige tus flechas de caza favoritas y entre nuestra amplia selecci\u00f3n de dianas 3D o 2D de animales y ahorra al comprar tu pack de entrenamiento personalizado.\",\"breadcrumb\":{\"@id\":\"https:\\\/\\\/moitoarchery.com\\\/en\\\/product\\\/kit-de-tiro-para-caza\\\/#breadcrumb\"},\"inLanguage\":\"en-US\",\"potentialAction\":[{\"@type\":\"ReadAction\",\"target\":[\"https:\\\/\\\/moitoarchery.com\\\/en\\\/product\\\/kit-de-tiro-para-caza\\\/\"]}]},{\"@type\":\"ImageObject\",\"inLanguage\":\"en-US\",\"@id\":\"https:\\\/\\\/moitoarchery.com\\\/en\\\/product\\\/kit-de-tiro-para-caza\\\/#primaryimage\",\"url\":\"https:\\\/\\\/moitoarchery.com\\\/wp-content\\\/uploads\\\/2025\\\/12\\\/configura-tu-kit-1.jpg\",\"contentUrl\":\"https:\\\/\\\/moitoarchery.com\\\/wp-content\\\/uploads\\\/2025\\\/12\\\/configura-tu-kit-1.jpg\",\"width\":800,\"height\":800,\"caption\":\"Pack de Dianas y Flechas para Caza\"},{\"@type\":\"BreadcrumbList\",\"@id\":\"https:\\\/\\\/moitoarchery.com\\\/en\\\/product\\\/kit-de-tiro-para-caza\\\/#breadcrumb\",\"itemListElement\":[{\"@type\":\"ListItem\",\"position\":1,\"name\":\"Portada\",\"item\":\"https:\\\/\\\/moitoarchery.com\\\/en\\\/\"},{\"@type\":\"ListItem\",\"position\":2,\"name\":\"Shop\",\"item\":\"https:\\\/\\\/moitoarchery.com\\\/en\\\/shop\\\/\"},{\"@type\":\"ListItem\",\"position\":3,\"name\":\"Kit de tiro para Caza\"}]},{\"@type\":\"WebSite\",\"@id\":\"https:\\\/\\\/moitoarchery.com\\\/en\\\/#website\",\"url\":\"https:\\\/\\\/moitoarchery.com\\\/en\\\/\",\"name\":\"MoitoArchery\",\"description\":\"Tienda de Tiro con arco\",\"publisher\":{\"@id\":\"https:\\\/\\\/moitoarchery.com\\\/en\\\/#organization\"},\"potentialAction\":[{\"@type\":\"SearchAction\",\"target\":{\"@type\":\"EntryPoint\",\"urlTemplate\":\"https:\\\/\\\/moitoarchery.com\\\/en\\\/?s={search_term_string}\"},\"query-input\":{\"@type\":\"PropertyValueSpecification\",\"valueRequired\":true,\"valueName\":\"search_term_string\"}}],\"inLanguage\":\"en-US\"},{\"@type\":\"Organization\",\"@id\":\"https:\\\/\\\/moitoarchery.com\\\/en\\\/#organization\",\"name\":\"MoitoArchery\",\"url\":\"https:\\\/\\\/moitoarchery.com\\\/en\\\/\",\"logo\":{\"@type\":\"ImageObject\",\"inLanguage\":\"en-US\",\"@id\":\"https:\\\/\\\/moitoarchery.com\\\/en\\\/#\\\/schema\\\/logo\\\/image\\\/\",\"url\":\"https:\\\/\\\/moitoarchery.com\\\/wp-content\\\/uploads\\\/2020\\\/09\\\/logotipo-moitoarchery.png\",\"contentUrl\":\"https:\\\/\\\/moitoarchery.com\\\/wp-content\\\/uploads\\\/2020\\\/09\\\/logotipo-moitoarchery.png\",\"width\":300,\"height\":66,\"caption\":\"MoitoArchery\"},\"image\":{\"@id\":\"https:\\\/\\\/moitoarchery.com\\\/en\\\/#\\\/schema\\\/logo\\\/image\\\/\"},\"sameAs\":[\"https:\\\/\\\/www.facebook.com\\\/arqueriaOnline\\\/\",\"https:\\\/\\\/www.instagram.com\\\/moitoarchery\\\/\",\"https:\\\/\\\/www.youtube.com\\\/channel\\\/UCvmj39gVUIKVoJJ6vQC9GPA\\\/\"]}]}<\/script>\n<!-- \/ Yoast SEO plugin. -->","yoast_head_json":{"title":"Kit de tiro para Caza - MoitoArchery","description":"Construye tu propio pack de dianas y flechas para caza. Elige tus flechas de caza favoritas y entre nuestra amplia selecci\u00f3n de dianas 3D o 2D de animales y ahorra al comprar tu pack de entrenamiento personalizado.","robots":{"index":"index","follow":"follow","max-snippet":"max-snippet:-1","max-image-preview":"max-image-preview:large","max-video-preview":"max-video-preview:-1"},"canonical":"https:\/\/moitoarchery.com\/en\/product\/kit-de-tiro-para-caza\/","og_locale":"en_US","og_type":"article","og_title":"Kit de tiro para Caza - MoitoArchery","og_description":"Construye tu propio pack de dianas y flechas para caza. Elige tus flechas de caza favoritas y entre nuestra amplia selecci\u00f3n de dianas 3D o 2D de animales y ahorra al comprar tu pack de entrenamiento personalizado.","og_url":"https:\/\/moitoarchery.com\/en\/product\/kit-de-tiro-para-caza\/","og_site_name":"MoitoArchery","article_publisher":"https:\/\/www.facebook.com\/arqueriaOnline\/","article_modified_time":"2026-04-16T09:21:05+00:00","og_image":[{"width":800,"height":800,"url":"https:\/\/moitoarchery.com\/wp-content\/uploads\/2025\/12\/configura-tu-kit-1.jpg","type":"image\/jpeg"}],"twitter_card":"summary_large_image","twitter_misc":{"Est. reading time":"1 minute"},"schema":{"@context":"https:\/\/schema.org","@graph":[{"@type":"WebPage","@id":"https:\/\/moitoarchery.com\/en\/product\/kit-de-tiro-para-caza\/","url":"https:\/\/moitoarchery.com\/en\/product\/kit-de-tiro-para-caza\/","name":"Kit de tiro para Caza - MoitoArchery","isPartOf":{"@id":"https:\/\/moitoarchery.com\/en\/#website"},"primaryImageOfPage":{"@id":"https:\/\/moitoarchery.com\/en\/product\/kit-de-tiro-para-caza\/#primaryimage"},"image":{"@id":"https:\/\/moitoarchery.com\/en\/product\/kit-de-tiro-para-caza\/#primaryimage"},"thumbnailUrl":"https:\/\/moitoarchery.com\/wp-content\/uploads\/2025\/12\/configura-tu-kit-1.jpg","datePublished":"2026-01-01T08:28:11+00:00","dateModified":"2026-04-16T09:21:05+00:00","description":"Construye tu propio pack de dianas y flechas para caza. Elige tus flechas de caza favoritas y entre nuestra amplia selecci\u00f3n de dianas 3D o 2D de animales y ahorra al comprar tu pack de entrenamiento personalizado.","breadcrumb":{"@id":"https:\/\/moitoarchery.com\/en\/product\/kit-de-tiro-para-caza\/#breadcrumb"},"inLanguage":"en-US","potentialAction":[{"@type":"ReadAction","target":["https:\/\/moitoarchery.com\/en\/product\/kit-de-tiro-para-caza\/"]}]},{"@type":"ImageObject","inLanguage":"en-US","@id":"https:\/\/moitoarchery.com\/en\/product\/kit-de-tiro-para-caza\/#primaryimage","url":"https:\/\/moitoarchery.com\/wp-content\/uploads\/2025\/12\/configura-tu-kit-1.jpg","contentUrl":"https:\/\/moitoarchery.com\/wp-content\/uploads\/2025\/12\/configura-tu-kit-1.jpg","width":800,"height":800,"caption":"Pack de Dianas y Flechas para Caza"},{"@type":"BreadcrumbList","@id":"https:\/\/moitoarchery.com\/en\/product\/kit-de-tiro-para-caza\/#breadcrumb","itemListElement":[{"@type":"ListItem","position":1,"name":"Portada","item":"https:\/\/moitoarchery.com\/en\/"},{"@type":"ListItem","position":2,"name":"Shop","item":"https:\/\/moitoarchery.com\/en\/shop\/"},{"@type":"ListItem","position":3,"name":"Kit de tiro para Caza"}]},{"@type":"WebSite","@id":"https:\/\/moitoarchery.com\/en\/#website","url":"https:\/\/moitoarchery.com\/en\/","name":"MoitoArchery","description":"Tienda de Tiro con arco","publisher":{"@id":"https:\/\/moitoarchery.com\/en\/#organization"},"potentialAction":[{"@type":"SearchAction","target":{"@type":"EntryPoint","urlTemplate":"https:\/\/moitoarchery.com\/en\/?s={search_term_string}"},"query-input":{"@type":"PropertyValueSpecification","valueRequired":true,"valueName":"search_term_string"}}],"inLanguage":"en-US"},{"@type":"Organization","@id":"https:\/\/moitoarchery.com\/en\/#organization","name":"MoitoArchery","url":"https:\/\/moitoarchery.com\/en\/","logo":{"@type":"ImageObject","inLanguage":"en-US","@id":"https:\/\/moitoarchery.com\/en\/#\/schema\/logo\/image\/","url":"https:\/\/moitoarchery.com\/wp-content\/uploads\/2020\/09\/logotipo-moitoarchery.png","contentUrl":"https:\/\/moitoarchery.com\/wp-content\/uploads\/2020\/09\/logotipo-moitoarchery.png","width":300,"height":66,"caption":"MoitoArchery"},"image":{"@id":"https:\/\/moitoarchery.com\/en\/#\/schema\/logo\/image\/"},"sameAs":["https:\/\/www.facebook.com\/arqueriaOnline\/","https:\/\/www.instagram.com\/moitoarchery\/","https:\/\/www.youtube.com\/channel\/UCvmj39gVUIKVoJJ6vQC9GPA\/"]}]}},"_links":{"self":[{"href":"https:\/\/moitoarchery.com\/en\/wp-json\/wp\/v2\/product\/123039","targetHints":{"allow":["GET"]}}],"collection":[{"href":"https:\/\/moitoarchery.com\/en\/wp-json\/wp\/v2\/product"}],"about":[{"href":"https:\/\/moitoarchery.com\/en\/wp-json\/wp\/v2\/types\/product"}],"replies":[{"embeddable":true,"href":"https:\/\/moitoarchery.com\/en\/wp-json\/wp\/v2\/comments?post=123039"}],"version-history":[{"count":2,"href":"https:\/\/moitoarchery.com\/en\/wp-json\/wp\/v2\/product\/123039\/revisions"}],"predecessor-version":[{"id":130632,"href":"https:\/\/moitoarchery.com\/en\/wp-json\/wp\/v2\/product\/123039\/revisions\/130632"}],"wp:featuredmedia":[{"embeddable":true,"href":"https:\/\/moitoarchery.com\/en\/wp-json\/wp\/v2\/media\/123412"}],"wp:attachment":[{"href":"https:\/\/moitoarchery.com\/en\/wp-json\/wp\/v2\/media?parent=123039"}],"wp:term":[{"taxonomy":"product_brand","embeddable":true,"href":"https:\/\/moitoarchery.com\/en\/wp-json\/wp\/v2\/product_brand?post=123039"},{"taxonomy":"product_cat","embeddable":true,"href":"https:\/\/moitoarchery.com\/en\/wp-json\/wp\/v2\/product_cat?post=123039"},{"taxonomy":"product_tag","embeddable":true,"href":"https:\/\/moitoarchery.com\/en\/wp-json\/wp\/v2\/product_tag?post=123039"}],"curies":[{"name":"wp","href":"https:\/\/api.w.org\/{rel}","templated":true}]}}