{"id":120294,"date":"2021-03-16T22:55:08","date_gmt":"2021-03-16T22:55:08","guid":{"rendered":"https:\/\/moitoarchery.com\/producto\/kit-de-arco-completo-eco-economico-de-iniciacion-rh-o-lh\/"},"modified":"2025-11-20T12:53:00","modified_gmt":"2025-11-20T11:53:00","slug":"eco-economical-complete-beginner-archery-kit-for-rh-or-lh","status":"publish","type":"product","link":"https:\/\/moitoarchery.com\/en\/product\/eco-economical-complete-beginner-archery-kit-for-rh-or-lh\/","title":{"rendered":"\u201cEco\u201d (Economical) Complete Beginner Archery Kit for RH or LH"},"content":{"rendered":"<p>\u201cECO\u201d Beginner Archery Kit includes:<\/p>\n<ul>\n<li>Core Hit Black beginner limbs for recurve bow<\/li>\n<li>Core Wood Shift beginner bow riser<\/li>\n<li>Beginner Dacron string for recurve bow + nock<\/li>\n<li>Avalon Tyro Sticky arrow rest for RH or LH recurve bow<\/li>\n<li>Buck Trail finger tab with finger separator (size selectable)<\/li>\n<li>Winstorm ambidextrous arm guard for recurve bow<\/li>\n<li>Avalon A2 2-tube hip quiver for ambidextrous use (color selectable)<\/li>\n<li>Avalon bow stringer for recurve bows<\/li>\n<li>Avalon Basic Magnetic bow stand for recurve bow (color selectable)<\/li>\n<li>Avalon Hybrid 4.2 complete beginner arrows (6 units)<\/li>\n<li>Avalon Tyro First transport bag for take-down recurve bow (color selectable)<\/li>\n<\/ul>\n<p><strong>Order Note:<\/strong> Products with sizes, colors, or handedness can be specified in the order comments. Otherwise, a medium size, right-handed, and random color will be sent.<\/p>\n<p><strong>Additional Details:<\/strong><\/p>\n<ul>\n<li>Core Hit Black beginner limbs fit 20\u2033 and 24\u2033 risers in black.<\/li>\n<li>Available lengths: 62\u2033, 64\u2033, 68\u2033, 70\u2033, with different draw weights suitable for beginners.<\/li>\n<li>Core Wood Shift recurve risers (20\u2033 and 24\u2033) are made of wood.<\/li>\n<li>24\u2033 risers are compatible with 66\u2033, 68\u2033, and 70\u2033 limbs; 20\u2033 risers are compatible with 62\u2033 and 64\u2033 limbs.<\/li>\n<li>Dacron string (12 strands, Core brand) is ideal for slow-release shooting, absorbing part of the energy during draw. Perfect for beginner bows and wooden limbs that cannot handle high-performance strings.<\/li>\n<\/ul>\n","protected":false},"excerpt":{"rendered":"<p>The \u201cEco\u201d (Economical) Beginner Complete Archery Kit is our most affordable full kit and is currently on offer. It\u2019s an ideal starter kit for getting into archery. In this kit, we have selected popular accessories and included them so you can enjoy the best possible equipment at the best price. As your strength and skill increase, the bow can be upgraded by acquiring higher-poundage beginner limbs at a minimal additional cost.<\/p>\n","protected":false},"featured_media":65748,"comment_status":"open","ping_status":"closed","template":"","meta":{"_acf_changed":false},"product_brand":[4054],"product_cat":[3059,2563],"product_tag":[2525],"class_list":{"0":"post-120294","1":"product","2":"type-product","3":"status-publish","4":"has-post-thumbnail","6":"product_brand-varios","7":"product_cat-beginner-kits","8":"product_cat-complete-kits","9":"product_tag-bows-for-beginners","11":"first","12":"instock","13":"sale","14":"taxable","15":"shipping-taxable","16":"purchasable","17":"product-type-easy_product_bundle"},"acf":[],"yoast_head":"<!-- This site is optimized with the Yoast SEO plugin v27.4 - https:\/\/yoast.com\/product\/yoast-seo-wordpress\/ -->\n<title>\u201cEco\u201d (Economical) Complete Beginner Archery Kit for RH or LH - MoitoArchery<\/title>\n<meta name=\"description\" content=\"El kit de arco completo \u201cEco\u201d (Econ\u00f3mico) de iniciaci\u00f3n es nuestro kit completo m\u00e1s barato y adem\u00e1s en oferta. Ideal para iniciarse en arquer\u00eda.\" \/>\n<meta name=\"robots\" content=\"index, follow, max-snippet:-1, max-image-preview:large, max-video-preview:-1\" \/>\n<link rel=\"canonical\" href=\"https:\/\/moitoarchery.com\/en\/product\/eco-economical-complete-beginner-archery-kit-for-rh-or-lh\/\" \/>\n<meta property=\"og:locale\" content=\"en_US\" \/>\n<meta property=\"og:type\" content=\"article\" \/>\n<meta property=\"og:title\" content=\"\u201cEco\u201d (Economical) Complete Beginner Archery Kit for RH or LH - MoitoArchery\" \/>\n<meta property=\"og:description\" content=\"El kit de arco completo \u201cEco\u201d (Econ\u00f3mico) de iniciaci\u00f3n es nuestro kit completo m\u00e1s barato y adem\u00e1s en oferta. Ideal para iniciarse en arquer\u00eda.\" \/>\n<meta property=\"og:url\" content=\"https:\/\/moitoarchery.com\/en\/product\/eco-economical-complete-beginner-archery-kit-for-rh-or-lh\/\" \/>\n<meta property=\"og:site_name\" content=\"MoitoArchery\" \/>\n<meta property=\"article:publisher\" content=\"https:\/\/www.facebook.com\/arqueriaOnline\/\" \/>\n<meta property=\"article:modified_time\" content=\"2025-11-20T11:53:00+00:00\" \/>\n<meta property=\"og:image\" content=\"https:\/\/moitoarchery.com\/wp-content\/uploads\/2021\/03\/kit-arco-completo-economico-para-iniciacion-tiro-con-arco-1-1.jpg\" \/>\n\t<meta property=\"og:image:width\" content=\"800\" \/>\n\t<meta property=\"og:image:height\" content=\"800\" \/>\n\t<meta property=\"og:image:type\" content=\"image\/jpeg\" \/>\n<meta name=\"twitter:card\" content=\"summary_large_image\" \/>\n<meta name=\"twitter:label1\" content=\"Est. reading time\" \/>\n\t<meta name=\"twitter:data1\" content=\"2 minutes\" \/>\n<script type=\"application\/ld+json\" class=\"yoast-schema-graph\">{\"@context\":\"https:\\\/\\\/schema.org\",\"@graph\":[{\"@type\":\"WebPage\",\"@id\":\"https:\\\/\\\/moitoarchery.com\\\/en\\\/product\\\/eco-economical-complete-beginner-archery-kit-for-rh-or-lh\\\/\",\"url\":\"https:\\\/\\\/moitoarchery.com\\\/en\\\/product\\\/eco-economical-complete-beginner-archery-kit-for-rh-or-lh\\\/\",\"name\":\"\u201cEco\u201d (Economical) Complete Beginner Archery Kit for RH or LH - MoitoArchery\",\"isPartOf\":{\"@id\":\"https:\\\/\\\/moitoarchery.com\\\/en\\\/#website\"},\"primaryImageOfPage\":{\"@id\":\"https:\\\/\\\/moitoarchery.com\\\/en\\\/product\\\/eco-economical-complete-beginner-archery-kit-for-rh-or-lh\\\/#primaryimage\"},\"image\":{\"@id\":\"https:\\\/\\\/moitoarchery.com\\\/en\\\/product\\\/eco-economical-complete-beginner-archery-kit-for-rh-or-lh\\\/#primaryimage\"},\"thumbnailUrl\":\"https:\\\/\\\/moitoarchery.com\\\/wp-content\\\/uploads\\\/2021\\\/03\\\/kit-arco-completo-economico-para-iniciacion-tiro-con-arco-1-1.jpg\",\"datePublished\":\"2021-03-16T22:55:08+00:00\",\"dateModified\":\"2025-11-20T11:53:00+00:00\",\"description\":\"El kit de arco completo \u201cEco\u201d (Econ\u00f3mico) de iniciaci\u00f3n es nuestro kit completo m\u00e1s barato y adem\u00e1s en oferta. Ideal para iniciarse en arquer\u00eda.\",\"breadcrumb\":{\"@id\":\"https:\\\/\\\/moitoarchery.com\\\/en\\\/product\\\/eco-economical-complete-beginner-archery-kit-for-rh-or-lh\\\/#breadcrumb\"},\"inLanguage\":\"en-US\",\"potentialAction\":[{\"@type\":\"ReadAction\",\"target\":[\"https:\\\/\\\/moitoarchery.com\\\/en\\\/product\\\/eco-economical-complete-beginner-archery-kit-for-rh-or-lh\\\/\"]}]},{\"@type\":\"ImageObject\",\"inLanguage\":\"en-US\",\"@id\":\"https:\\\/\\\/moitoarchery.com\\\/en\\\/product\\\/eco-economical-complete-beginner-archery-kit-for-rh-or-lh\\\/#primaryimage\",\"url\":\"https:\\\/\\\/moitoarchery.com\\\/wp-content\\\/uploads\\\/2021\\\/03\\\/kit-arco-completo-economico-para-iniciacion-tiro-con-arco-1-1.jpg\",\"contentUrl\":\"https:\\\/\\\/moitoarchery.com\\\/wp-content\\\/uploads\\\/2021\\\/03\\\/kit-arco-completo-economico-para-iniciacion-tiro-con-arco-1-1.jpg\",\"width\":800,\"height\":800,\"caption\":\"Complete \\\"Eco\\\" Bow Kit (Budget-Friendly) for RH or LH Beginners\"},{\"@type\":\"BreadcrumbList\",\"@id\":\"https:\\\/\\\/moitoarchery.com\\\/en\\\/product\\\/eco-economical-complete-beginner-archery-kit-for-rh-or-lh\\\/#breadcrumb\",\"itemListElement\":[{\"@type\":\"ListItem\",\"position\":1,\"name\":\"Portada\",\"item\":\"https:\\\/\\\/moitoarchery.com\\\/en\\\/\"},{\"@type\":\"ListItem\",\"position\":2,\"name\":\"Shop\",\"item\":\"https:\\\/\\\/moitoarchery.com\\\/en\\\/shop\\\/\"},{\"@type\":\"ListItem\",\"position\":3,\"name\":\"\u201cEco\u201d (Economical) Complete Beginner Archery Kit for RH or LH\"}]},{\"@type\":\"WebSite\",\"@id\":\"https:\\\/\\\/moitoarchery.com\\\/en\\\/#website\",\"url\":\"https:\\\/\\\/moitoarchery.com\\\/en\\\/\",\"name\":\"MoitoArchery\",\"description\":\"Tienda de Tiro con arco\",\"publisher\":{\"@id\":\"https:\\\/\\\/moitoarchery.com\\\/en\\\/#organization\"},\"potentialAction\":[{\"@type\":\"SearchAction\",\"target\":{\"@type\":\"EntryPoint\",\"urlTemplate\":\"https:\\\/\\\/moitoarchery.com\\\/en\\\/?s={search_term_string}\"},\"query-input\":{\"@type\":\"PropertyValueSpecification\",\"valueRequired\":true,\"valueName\":\"search_term_string\"}}],\"inLanguage\":\"en-US\"},{\"@type\":\"Organization\",\"@id\":\"https:\\\/\\\/moitoarchery.com\\\/en\\\/#organization\",\"name\":\"MoitoArchery\",\"url\":\"https:\\\/\\\/moitoarchery.com\\\/en\\\/\",\"logo\":{\"@type\":\"ImageObject\",\"inLanguage\":\"en-US\",\"@id\":\"https:\\\/\\\/moitoarchery.com\\\/en\\\/#\\\/schema\\\/logo\\\/image\\\/\",\"url\":\"https:\\\/\\\/moitoarchery.com\\\/wp-content\\\/uploads\\\/2020\\\/09\\\/logotipo-moitoarchery.png\",\"contentUrl\":\"https:\\\/\\\/moitoarchery.com\\\/wp-content\\\/uploads\\\/2020\\\/09\\\/logotipo-moitoarchery.png\",\"width\":300,\"height\":66,\"caption\":\"MoitoArchery\"},\"image\":{\"@id\":\"https:\\\/\\\/moitoarchery.com\\\/en\\\/#\\\/schema\\\/logo\\\/image\\\/\"},\"sameAs\":[\"https:\\\/\\\/www.facebook.com\\\/arqueriaOnline\\\/\",\"https:\\\/\\\/www.instagram.com\\\/moitoarchery\\\/\",\"https:\\\/\\\/www.youtube.com\\\/channel\\\/UCvmj39gVUIKVoJJ6vQC9GPA\\\/\"]}]}<\/script>\n<!-- \/ Yoast SEO plugin. -->","yoast_head_json":{"title":"\u201cEco\u201d (Economical) Complete Beginner Archery Kit for RH or LH - MoitoArchery","description":"El kit de arco completo \u201cEco\u201d (Econ\u00f3mico) de iniciaci\u00f3n es nuestro kit completo m\u00e1s barato y adem\u00e1s en oferta. Ideal para iniciarse en arquer\u00eda.","robots":{"index":"index","follow":"follow","max-snippet":"max-snippet:-1","max-image-preview":"max-image-preview:large","max-video-preview":"max-video-preview:-1"},"canonical":"https:\/\/moitoarchery.com\/en\/product\/eco-economical-complete-beginner-archery-kit-for-rh-or-lh\/","og_locale":"en_US","og_type":"article","og_title":"\u201cEco\u201d (Economical) Complete Beginner Archery Kit for RH or LH - MoitoArchery","og_description":"El kit de arco completo \u201cEco\u201d (Econ\u00f3mico) de iniciaci\u00f3n es nuestro kit completo m\u00e1s barato y adem\u00e1s en oferta. Ideal para iniciarse en arquer\u00eda.","og_url":"https:\/\/moitoarchery.com\/en\/product\/eco-economical-complete-beginner-archery-kit-for-rh-or-lh\/","og_site_name":"MoitoArchery","article_publisher":"https:\/\/www.facebook.com\/arqueriaOnline\/","article_modified_time":"2025-11-20T11:53:00+00:00","og_image":[{"width":800,"height":800,"url":"https:\/\/moitoarchery.com\/wp-content\/uploads\/2021\/03\/kit-arco-completo-economico-para-iniciacion-tiro-con-arco-1-1.jpg","type":"image\/jpeg"}],"twitter_card":"summary_large_image","twitter_misc":{"Est. reading time":"2 minutes"},"schema":{"@context":"https:\/\/schema.org","@graph":[{"@type":"WebPage","@id":"https:\/\/moitoarchery.com\/en\/product\/eco-economical-complete-beginner-archery-kit-for-rh-or-lh\/","url":"https:\/\/moitoarchery.com\/en\/product\/eco-economical-complete-beginner-archery-kit-for-rh-or-lh\/","name":"\u201cEco\u201d (Economical) Complete Beginner Archery Kit for RH or LH - MoitoArchery","isPartOf":{"@id":"https:\/\/moitoarchery.com\/en\/#website"},"primaryImageOfPage":{"@id":"https:\/\/moitoarchery.com\/en\/product\/eco-economical-complete-beginner-archery-kit-for-rh-or-lh\/#primaryimage"},"image":{"@id":"https:\/\/moitoarchery.com\/en\/product\/eco-economical-complete-beginner-archery-kit-for-rh-or-lh\/#primaryimage"},"thumbnailUrl":"https:\/\/moitoarchery.com\/wp-content\/uploads\/2021\/03\/kit-arco-completo-economico-para-iniciacion-tiro-con-arco-1-1.jpg","datePublished":"2021-03-16T22:55:08+00:00","dateModified":"2025-11-20T11:53:00+00:00","description":"El kit de arco completo \u201cEco\u201d (Econ\u00f3mico) de iniciaci\u00f3n es nuestro kit completo m\u00e1s barato y adem\u00e1s en oferta. Ideal para iniciarse en arquer\u00eda.","breadcrumb":{"@id":"https:\/\/moitoarchery.com\/en\/product\/eco-economical-complete-beginner-archery-kit-for-rh-or-lh\/#breadcrumb"},"inLanguage":"en-US","potentialAction":[{"@type":"ReadAction","target":["https:\/\/moitoarchery.com\/en\/product\/eco-economical-complete-beginner-archery-kit-for-rh-or-lh\/"]}]},{"@type":"ImageObject","inLanguage":"en-US","@id":"https:\/\/moitoarchery.com\/en\/product\/eco-economical-complete-beginner-archery-kit-for-rh-or-lh\/#primaryimage","url":"https:\/\/moitoarchery.com\/wp-content\/uploads\/2021\/03\/kit-arco-completo-economico-para-iniciacion-tiro-con-arco-1-1.jpg","contentUrl":"https:\/\/moitoarchery.com\/wp-content\/uploads\/2021\/03\/kit-arco-completo-economico-para-iniciacion-tiro-con-arco-1-1.jpg","width":800,"height":800,"caption":"Complete \"Eco\" Bow Kit (Budget-Friendly) for RH or LH Beginners"},{"@type":"BreadcrumbList","@id":"https:\/\/moitoarchery.com\/en\/product\/eco-economical-complete-beginner-archery-kit-for-rh-or-lh\/#breadcrumb","itemListElement":[{"@type":"ListItem","position":1,"name":"Portada","item":"https:\/\/moitoarchery.com\/en\/"},{"@type":"ListItem","position":2,"name":"Shop","item":"https:\/\/moitoarchery.com\/en\/shop\/"},{"@type":"ListItem","position":3,"name":"\u201cEco\u201d (Economical) Complete Beginner Archery Kit for RH or LH"}]},{"@type":"WebSite","@id":"https:\/\/moitoarchery.com\/en\/#website","url":"https:\/\/moitoarchery.com\/en\/","name":"MoitoArchery","description":"Tienda de Tiro con arco","publisher":{"@id":"https:\/\/moitoarchery.com\/en\/#organization"},"potentialAction":[{"@type":"SearchAction","target":{"@type":"EntryPoint","urlTemplate":"https:\/\/moitoarchery.com\/en\/?s={search_term_string}"},"query-input":{"@type":"PropertyValueSpecification","valueRequired":true,"valueName":"search_term_string"}}],"inLanguage":"en-US"},{"@type":"Organization","@id":"https:\/\/moitoarchery.com\/en\/#organization","name":"MoitoArchery","url":"https:\/\/moitoarchery.com\/en\/","logo":{"@type":"ImageObject","inLanguage":"en-US","@id":"https:\/\/moitoarchery.com\/en\/#\/schema\/logo\/image\/","url":"https:\/\/moitoarchery.com\/wp-content\/uploads\/2020\/09\/logotipo-moitoarchery.png","contentUrl":"https:\/\/moitoarchery.com\/wp-content\/uploads\/2020\/09\/logotipo-moitoarchery.png","width":300,"height":66,"caption":"MoitoArchery"},"image":{"@id":"https:\/\/moitoarchery.com\/en\/#\/schema\/logo\/image\/"},"sameAs":["https:\/\/www.facebook.com\/arqueriaOnline\/","https:\/\/www.instagram.com\/moitoarchery\/","https:\/\/www.youtube.com\/channel\/UCvmj39gVUIKVoJJ6vQC9GPA\/"]}]}},"_links":{"self":[{"href":"https:\/\/moitoarchery.com\/en\/wp-json\/wp\/v2\/product\/120294","targetHints":{"allow":["GET"]}}],"collection":[{"href":"https:\/\/moitoarchery.com\/en\/wp-json\/wp\/v2\/product"}],"about":[{"href":"https:\/\/moitoarchery.com\/en\/wp-json\/wp\/v2\/types\/product"}],"replies":[{"embeddable":true,"href":"https:\/\/moitoarchery.com\/en\/wp-json\/wp\/v2\/comments?post=120294"}],"version-history":[{"count":0,"href":"https:\/\/moitoarchery.com\/en\/wp-json\/wp\/v2\/product\/120294\/revisions"}],"wp:featuredmedia":[{"embeddable":true,"href":"https:\/\/moitoarchery.com\/en\/wp-json\/wp\/v2\/media\/65748"}],"wp:attachment":[{"href":"https:\/\/moitoarchery.com\/en\/wp-json\/wp\/v2\/media?parent=120294"}],"wp:term":[{"taxonomy":"product_brand","embeddable":true,"href":"https:\/\/moitoarchery.com\/en\/wp-json\/wp\/v2\/product_brand?post=120294"},{"taxonomy":"product_cat","embeddable":true,"href":"https:\/\/moitoarchery.com\/en\/wp-json\/wp\/v2\/product_cat?post=120294"},{"taxonomy":"product_tag","embeddable":true,"href":"https:\/\/moitoarchery.com\/en\/wp-json\/wp\/v2\/product_tag?post=120294"}],"curies":[{"name":"wp","href":"https:\/\/api.w.org\/{rel}","templated":true}]}}