{"id":119947,"date":"2025-10-29T11:11:04","date_gmt":"2025-10-29T10:11:04","guid":{"rendered":"https:\/\/moitoarchery.com\/?post_type=product&#038;p=119947"},"modified":"2025-11-18T09:35:00","modified_gmt":"2025-11-18T08:35:00","slug":"ideal-impress-olympic-bow-kit-with-all-equipment","status":"publish","type":"product","link":"https:\/\/moitoarchery.com\/en\/product\/ideal-impress-olympic-bow-kit-with-all-equipment\/","title":{"rendered":"Ideal Impress Olympic Bow Kit with all equipment"},"content":{"rendered":"<p data-start=\"0\" data-end=\"62\">The Ideal Impress Olympic Bow Kit with all equipment includes:<\/p>\n<ul data-start=\"64\" data-end=\"715\">\n<li data-start=\"64\" data-end=\"115\">\n<p data-start=\"66\" data-end=\"115\">Samick Ideal 25&#8243; riser \u2013 White, Right-Hand (RH)<\/p>\n<\/li>\n<li data-start=\"116\" data-end=\"165\">\n<p data-start=\"118\" data-end=\"165\">ILF Samick Impress Carbon limbs \u2013 70&#8243;, 32 lbs<\/p>\n<\/li>\n<li data-start=\"166\" data-end=\"213\">\n<p data-start=\"168\" data-end=\"213\">Avalon 99R Carrera string (Color of choice)<\/p>\n<\/li>\n<li data-start=\"214\" data-end=\"222\">\n<p data-start=\"216\" data-end=\"222\">Nock<\/p>\n<\/li>\n<li data-start=\"223\" data-end=\"267\">\n<p data-start=\"225\" data-end=\"267\">Adjustable magnetic SF-RF WNS arrow rest<\/p>\n<\/li>\n<li data-start=\"268\" data-end=\"316\">\n<p data-start=\"270\" data-end=\"316\">Avalon Tyro plunger button (Color of choice)<\/p>\n<\/li>\n<li data-start=\"317\" data-end=\"355\">\n<p data-start=\"319\" data-end=\"355\">Avalon Basic stand for recurve bow<\/p>\n<\/li>\n<li data-start=\"356\" data-end=\"393\">\n<p data-start=\"358\" data-end=\"393\">6 complete Avalon Tyro 4.2 arrows<\/p>\n<\/li>\n<li data-start=\"394\" data-end=\"452\">\n<p data-start=\"396\" data-end=\"452\">Avalon Tyro backpack with arrow tube (Color of choice)<\/p>\n<\/li>\n<li data-start=\"453\" data-end=\"536\">\n<p data-start=\"455\" data-end=\"536\">Avalon Tyro 2.0 quiver with three waist tubes and side pocket (Color of choice)<\/p>\n<\/li>\n<li data-start=\"537\" data-end=\"583\">\n<p data-start=\"539\" data-end=\"583\">Avalon Tyro Metal sight for RH recurve bow<\/p>\n<\/li>\n<li data-start=\"584\" data-end=\"616\">\n<p data-start=\"586\" data-end=\"616\">Avalon Tyro finger tab RH\/LH<\/p>\n<\/li>\n<li data-start=\"617\" data-end=\"664\">\n<p data-start=\"619\" data-end=\"664\">Avalon Tyro long stabilizer 26&#8243;, 28&#8243; or 30&#8243;<\/p>\n<\/li>\n<li data-start=\"665\" data-end=\"691\">\n<p data-start=\"667\" data-end=\"691\">Avalon armguard size M<\/p>\n<\/li>\n<li data-start=\"692\" data-end=\"715\">\n<p data-start=\"694\" data-end=\"715\">Avalon bow stringer<\/p>\n<\/li>\n<\/ul>\n<p data-start=\"717\" data-end=\"772\"><em data-start=\"717\" data-end=\"772\">Specify colors, sizes, and length\/power in a comment.<\/em><\/p>\n<p data-start=\"774\" data-end=\"1040\"><strong data-start=\"774\" data-end=\"812\">Custom orders through distributor:<\/strong><br data-start=\"812\" data-end=\"815\" \/>Custom order: To choose colors or other features, you can contact us to check the available stock with our distributor or for any advisory questions before placing your custom order. Prices may vary from one color to another.<\/p>\n<p data-start=\"1042\" data-end=\"1208\"><strong data-start=\"1042\" data-end=\"1060\">Delivery time:<\/strong> The minimum delivery time is approximately 10\u201314 days, but in some cases, it may be longer due to possible delays, lack of stock, or other reasons.<\/p>\n<p data-start=\"1210\" data-end=\"1365\" data-is-last-node=\"\" data-is-only-node=\"\"><strong data-start=\"1210\" data-end=\"1231\">Workshop service:<\/strong> We offer assembly and tuning services in our workshop for all compound bows. You can check the various services on our workshop page.<\/p>\n","protected":false},"excerpt":{"rendered":"<div class=\"flex max-w-full flex-col flex-grow\">\n<div class=\"min-h-8 text-message flex w-full flex-col items-end gap-2 whitespace-normal break-words text-start [.text-message+&amp;]:mt-5\" dir=\"auto\" data-message-author-role=\"assistant\" data-message-id=\"201df76b-80b4-4f64-8eb7-78d8d963e163\" data-message-model-slug=\"gpt-4o-mini\">\n<div class=\"flex w-full flex-col gap-1 empty:hidden first:pt-[3px]\">\n<div class=\"markdown prose w-full break-words dark:prose-invert light\">\n<p data-start=\"0\" data-end=\"62\">The Ideal Impress Olympic Bow Kit with all equipment includes:<\/p>\n<ul data-start=\"64\" data-end=\"715\">\n<li data-start=\"64\" data-end=\"115\">\n<p data-start=\"66\" data-end=\"115\">Samick Ideal 25&#8243; riser \u2013 White, Right-Hand (RH)<\/p>\n<\/li>\n<li data-start=\"116\" data-end=\"165\">\n<p data-start=\"118\" data-end=\"165\">ILF Samick Impress Carbon limbs \u2013 70&#8243;, 32 lbs<\/p>\n<\/li>\n<li data-start=\"166\" data-end=\"213\">\n<p data-start=\"168\" data-end=\"213\">Avalon 99R Carrera string (Color of choice)<\/p>\n<\/li>\n<li data-start=\"214\" data-end=\"222\">\n<p data-start=\"216\" data-end=\"222\">Nock<\/p>\n<\/li>\n<li data-start=\"223\" data-end=\"267\">\n<p data-start=\"225\" data-end=\"267\">Adjustable magnetic SF-RF WNS arrow rest<\/p>\n<\/li>\n<li data-start=\"268\" data-end=\"316\">\n<p data-start=\"270\" data-end=\"316\">Avalon Tyro plunger button (Color of choice)<\/p>\n<\/li>\n<li data-start=\"317\" data-end=\"355\">\n<p data-start=\"319\" data-end=\"355\">Avalon Basic stand for recurve bow<\/p>\n<\/li>\n<li data-start=\"356\" data-end=\"393\">\n<p data-start=\"358\" data-end=\"393\">6 complete Avalon Tyro 4.2 arrows<\/p>\n<\/li>\n<li data-start=\"394\" data-end=\"452\">\n<p data-start=\"396\" data-end=\"452\">Avalon Tyro backpack with arrow tube (Color of choice)<\/p>\n<\/li>\n<li data-start=\"453\" data-end=\"536\">\n<p data-start=\"455\" data-end=\"536\">Avalon Tyro 2.0 quiver with three waist tubes and side pocket (Color of choice)<\/p>\n<\/li>\n<li data-start=\"537\" data-end=\"583\">\n<p data-start=\"539\" data-end=\"583\">Avalon Tyro Metal sight for RH recurve bow<\/p>\n<\/li>\n<li data-start=\"584\" data-end=\"616\">\n<p data-start=\"586\" data-end=\"616\">Avalon Tyro finger tab RH\/LH<\/p>\n<\/li>\n<li data-start=\"617\" data-end=\"664\">\n<p data-start=\"619\" data-end=\"664\">Avalon Tyro long stabilizer 26&#8243;, 28&#8243; or 30&#8243;<\/p>\n<\/li>\n<li data-start=\"665\" data-end=\"691\">\n<p data-start=\"667\" data-end=\"691\">Avalon armguard size M<\/p>\n<\/li>\n<li data-start=\"692\" data-end=\"715\">\n<p data-start=\"694\" data-end=\"715\">Avalon bow stringer<\/p>\n<\/li>\n<\/ul>\n<p data-start=\"774\" data-end=\"1040\"><strong data-start=\"774\" data-end=\"812\">Custom orders through distributor:<\/strong><br data-start=\"812\" data-end=\"815\" \/>Custom order: To choose colors or other features, you can contact us to check the available stock with our distributor or for any advisory questions before placing your custom order. Prices may vary from one color to another.<\/p>\n<p data-start=\"1042\" data-end=\"1208\"><strong data-start=\"1042\" data-end=\"1060\">Delivery time:<\/strong> The minimum delivery time is approximately 10\u201314 days, but in some cases, it may be longer due to possible delays, lack of stock, or other reasons.<\/p>\n<p data-start=\"1210\" data-end=\"1365\" data-is-last-node=\"\" data-is-only-node=\"\"><strong data-start=\"1210\" data-end=\"1231\">Workshop service:<\/strong> We offer assembly and tuning services in our workshop for all compound bows. You can check the various services on our workshop page.<\/p>\n<\/div>\n<\/div>\n<\/div>\n<\/div>\n<h2>Encargos para pedidos al distribuidor:<\/h2>\n<p><b>Pedido por encargo:<\/b> Para elegir colores u otras caracter\u00edsticas, si las hubiese, puede contactar con nosotros para revisar el stock disponible de nuestro distribuidor o cualquier duda de asesor\u00eda antes de realizar su pedido por encargo. Los precios pueden variar de un color a otro.<\/p>\n<p><b>Tiempo de entrega:<\/b> El tiempo m\u00ednimo de entrega es de 10-14 d\u00edas aproximadamente pero en algunos casos puede ser superior debido a posibles retrasos, falta de stock u otros motivos.<\/p>\n<p><b>Servicio de taller:<\/b>\u00a0Disponemos de servicio de montaje y ajuste en taller para todos los arcos de poleas. Puede consultar los diversos servicios en nuestra\u00a0<a href=\"https:\/\/moitoarchery.com\/en\/archery-workshop-service-adjustments-maintenance-and-repairs\/\">p\u00e1gina de taller<\/a>.<\/p>\n","protected":false},"featured_media":117592,"comment_status":"open","ping_status":"closed","template":"","meta":{"_acf_changed":false},"product_brand":[4054],"product_cat":[2587],"product_tag":[2521],"class_list":{"0":"post-119947","1":"product","2":"type-product","3":"status-publish","4":"has-post-thumbnail","6":"product_brand-varios","7":"product_cat-olympic-bows","8":"product_tag-olimpic-bow","10":"first","11":"instock","12":"sale","13":"sold-individually","14":"taxable","15":"shipping-taxable","16":"purchasable","17":"product-type-easy_product_bundle"},"acf":[],"yoast_head":"<!-- This site is optimized with the Yoast SEO plugin v27.3 - https:\/\/yoast.com\/product\/yoast-seo-wordpress\/ -->\n<title>Ideal Impress Olympic Bow Kit with all equipment - MoitoArchery<\/title>\n<meta name=\"description\" content=\"El kit arco ol\u00edmpico Ideal Impress incluye todo lo necesario para un rendimiento de alta calidad en el tiro con arco: Cuerpo Samick Ideal 25&quot; - Blanco, Diestro - RH, Palas ILF Samick Impress Carbon - 70&quot;, 32 lbs, cuerda Avalon 99R Carrera, nock, reposaflechas magn\u00e9tico RF-RF WNS ajustable, bot\u00f3n de presi\u00f3n Avalon Tyro, soporte Avalon Basic, 6 flechas completas Avalon Tyro 4.2, mochila Avalon Tyro con tubo portaflechas, carcaj Avalon Tyro 2.0 con tres tubos de cintura y bolsillo lateral, visor Avalon Tyro Metal, dactilera Avalon Tyro RH\/LH, estabilizador largo Avalon Tyro (26\u201d, 28\u201d o 30\u201d), protector de brazo Avalon talla M y armador de arco Avalon.\" \/>\n<meta name=\"robots\" content=\"index, follow, max-snippet:-1, max-image-preview:large, max-video-preview:-1\" \/>\n<link rel=\"canonical\" href=\"https:\/\/moitoarchery.com\/en\/product\/ideal-impress-olympic-bow-kit-with-all-equipment\/\" \/>\n<meta property=\"og:locale\" content=\"en_US\" \/>\n<meta property=\"og:type\" content=\"article\" \/>\n<meta property=\"og:title\" content=\"Ideal Impress Olympic Bow Kit with all equipment - MoitoArchery\" \/>\n<meta property=\"og:description\" content=\"El kit arco ol\u00edmpico Ideal Impress incluye todo lo necesario para un rendimiento de alta calidad en el tiro con arco: Cuerpo Samick Ideal 25&quot; - Blanco, Diestro - RH, Palas ILF Samick Impress Carbon - 70&quot;, 32 lbs, cuerda Avalon 99R Carrera, nock, reposaflechas magn\u00e9tico RF-RF WNS ajustable, bot\u00f3n de presi\u00f3n Avalon Tyro, soporte Avalon Basic, 6 flechas completas Avalon Tyro 4.2, mochila Avalon Tyro con tubo portaflechas, carcaj Avalon Tyro 2.0 con tres tubos de cintura y bolsillo lateral, visor Avalon Tyro Metal, dactilera Avalon Tyro RH\/LH, estabilizador largo Avalon Tyro (26\u201d, 28\u201d o 30\u201d), protector de brazo Avalon talla M y armador de arco Avalon.\" \/>\n<meta property=\"og:url\" content=\"https:\/\/moitoarchery.com\/en\/product\/ideal-impress-olympic-bow-kit-with-all-equipment\/\" \/>\n<meta property=\"og:site_name\" content=\"MoitoArchery\" \/>\n<meta property=\"article:publisher\" content=\"https:\/\/www.facebook.com\/arqueriaOnline\/\" \/>\n<meta property=\"article:modified_time\" content=\"2025-11-18T08:35:00+00:00\" \/>\n<meta property=\"og:image\" content=\"https:\/\/moitoarchery.com\/wp-content\/uploads\/2025\/10\/kit-ideal-impress-blanco.jpg\" \/>\n\t<meta property=\"og:image:width\" content=\"800\" \/>\n\t<meta property=\"og:image:height\" content=\"800\" \/>\n\t<meta property=\"og:image:type\" content=\"image\/jpeg\" \/>\n<meta name=\"twitter:card\" content=\"summary_large_image\" \/>\n<meta name=\"twitter:label1\" content=\"Est. reading time\" \/>\n\t<meta name=\"twitter:data1\" content=\"2 minutes\" \/>\n<script type=\"application\/ld+json\" class=\"yoast-schema-graph\">{\"@context\":\"https:\\\/\\\/schema.org\",\"@graph\":[{\"@type\":\"WebPage\",\"@id\":\"https:\\\/\\\/moitoarchery.com\\\/en\\\/product\\\/ideal-impress-olympic-bow-kit-with-all-equipment\\\/\",\"url\":\"https:\\\/\\\/moitoarchery.com\\\/en\\\/product\\\/ideal-impress-olympic-bow-kit-with-all-equipment\\\/\",\"name\":\"Ideal Impress Olympic Bow Kit with all equipment - MoitoArchery\",\"isPartOf\":{\"@id\":\"https:\\\/\\\/moitoarchery.com\\\/en\\\/#website\"},\"primaryImageOfPage\":{\"@id\":\"https:\\\/\\\/moitoarchery.com\\\/en\\\/product\\\/ideal-impress-olympic-bow-kit-with-all-equipment\\\/#primaryimage\"},\"image\":{\"@id\":\"https:\\\/\\\/moitoarchery.com\\\/en\\\/product\\\/ideal-impress-olympic-bow-kit-with-all-equipment\\\/#primaryimage\"},\"thumbnailUrl\":\"https:\\\/\\\/moitoarchery.com\\\/wp-content\\\/uploads\\\/2025\\\/10\\\/kit-ideal-impress-blanco.jpg\",\"datePublished\":\"2025-10-29T10:11:04+00:00\",\"dateModified\":\"2025-11-18T08:35:00+00:00\",\"description\":\"El kit arco ol\u00edmpico Ideal Impress incluye todo lo necesario para un rendimiento de alta calidad en el tiro con arco: Cuerpo Samick Ideal 25\\\" - Blanco, Diestro - RH, Palas ILF Samick Impress Carbon - 70\\\", 32 lbs, cuerda Avalon 99R Carrera, nock, reposaflechas magn\u00e9tico RF-RF WNS ajustable, bot\u00f3n de presi\u00f3n Avalon Tyro, soporte Avalon Basic, 6 flechas completas Avalon Tyro 4.2, mochila Avalon Tyro con tubo portaflechas, carcaj Avalon Tyro 2.0 con tres tubos de cintura y bolsillo lateral, visor Avalon Tyro Metal, dactilera Avalon Tyro RH\\\/LH, estabilizador largo Avalon Tyro (26\u201d, 28\u201d o 30\u201d), protector de brazo Avalon talla M y armador de arco Avalon.\",\"breadcrumb\":{\"@id\":\"https:\\\/\\\/moitoarchery.com\\\/en\\\/product\\\/ideal-impress-olympic-bow-kit-with-all-equipment\\\/#breadcrumb\"},\"inLanguage\":\"en-US\",\"potentialAction\":[{\"@type\":\"ReadAction\",\"target\":[\"https:\\\/\\\/moitoarchery.com\\\/en\\\/product\\\/ideal-impress-olympic-bow-kit-with-all-equipment\\\/\"]}]},{\"@type\":\"ImageObject\",\"inLanguage\":\"en-US\",\"@id\":\"https:\\\/\\\/moitoarchery.com\\\/en\\\/product\\\/ideal-impress-olympic-bow-kit-with-all-equipment\\\/#primaryimage\",\"url\":\"https:\\\/\\\/moitoarchery.com\\\/wp-content\\\/uploads\\\/2025\\\/10\\\/kit-ideal-impress-blanco.jpg\",\"contentUrl\":\"https:\\\/\\\/moitoarchery.com\\\/wp-content\\\/uploads\\\/2025\\\/10\\\/kit-ideal-impress-blanco.jpg\",\"width\":800,\"height\":800},{\"@type\":\"BreadcrumbList\",\"@id\":\"https:\\\/\\\/moitoarchery.com\\\/en\\\/product\\\/ideal-impress-olympic-bow-kit-with-all-equipment\\\/#breadcrumb\",\"itemListElement\":[{\"@type\":\"ListItem\",\"position\":1,\"name\":\"Portada\",\"item\":\"https:\\\/\\\/moitoarchery.com\\\/en\\\/\"},{\"@type\":\"ListItem\",\"position\":2,\"name\":\"Shop\",\"item\":\"https:\\\/\\\/moitoarchery.com\\\/en\\\/shop\\\/\"},{\"@type\":\"ListItem\",\"position\":3,\"name\":\"Ideal Impress Olympic Bow Kit with all equipment\"}]},{\"@type\":\"WebSite\",\"@id\":\"https:\\\/\\\/moitoarchery.com\\\/en\\\/#website\",\"url\":\"https:\\\/\\\/moitoarchery.com\\\/en\\\/\",\"name\":\"MoitoArchery\",\"description\":\"Tienda de Tiro con arco\",\"publisher\":{\"@id\":\"https:\\\/\\\/moitoarchery.com\\\/en\\\/#organization\"},\"potentialAction\":[{\"@type\":\"SearchAction\",\"target\":{\"@type\":\"EntryPoint\",\"urlTemplate\":\"https:\\\/\\\/moitoarchery.com\\\/en\\\/?s={search_term_string}\"},\"query-input\":{\"@type\":\"PropertyValueSpecification\",\"valueRequired\":true,\"valueName\":\"search_term_string\"}}],\"inLanguage\":\"en-US\"},{\"@type\":\"Organization\",\"@id\":\"https:\\\/\\\/moitoarchery.com\\\/en\\\/#organization\",\"name\":\"MoitoArchery\",\"url\":\"https:\\\/\\\/moitoarchery.com\\\/en\\\/\",\"logo\":{\"@type\":\"ImageObject\",\"inLanguage\":\"en-US\",\"@id\":\"https:\\\/\\\/moitoarchery.com\\\/en\\\/#\\\/schema\\\/logo\\\/image\\\/\",\"url\":\"https:\\\/\\\/moitoarchery.com\\\/wp-content\\\/uploads\\\/2020\\\/09\\\/logotipo-moitoarchery.png\",\"contentUrl\":\"https:\\\/\\\/moitoarchery.com\\\/wp-content\\\/uploads\\\/2020\\\/09\\\/logotipo-moitoarchery.png\",\"width\":300,\"height\":66,\"caption\":\"MoitoArchery\"},\"image\":{\"@id\":\"https:\\\/\\\/moitoarchery.com\\\/en\\\/#\\\/schema\\\/logo\\\/image\\\/\"},\"sameAs\":[\"https:\\\/\\\/www.facebook.com\\\/arqueriaOnline\\\/\",\"https:\\\/\\\/www.instagram.com\\\/moitoarchery\\\/\",\"https:\\\/\\\/www.youtube.com\\\/channel\\\/UCvmj39gVUIKVoJJ6vQC9GPA\\\/\"]}]}<\/script>\n<!-- \/ Yoast SEO plugin. -->","yoast_head_json":{"title":"Ideal Impress Olympic Bow Kit with all equipment - MoitoArchery","description":"El kit arco ol\u00edmpico Ideal Impress incluye todo lo necesario para un rendimiento de alta calidad en el tiro con arco: Cuerpo Samick Ideal 25\" - Blanco, Diestro - RH, Palas ILF Samick Impress Carbon - 70\", 32 lbs, cuerda Avalon 99R Carrera, nock, reposaflechas magn\u00e9tico RF-RF WNS ajustable, bot\u00f3n de presi\u00f3n Avalon Tyro, soporte Avalon Basic, 6 flechas completas Avalon Tyro 4.2, mochila Avalon Tyro con tubo portaflechas, carcaj Avalon Tyro 2.0 con tres tubos de cintura y bolsillo lateral, visor Avalon Tyro Metal, dactilera Avalon Tyro RH\/LH, estabilizador largo Avalon Tyro (26\u201d, 28\u201d o 30\u201d), protector de brazo Avalon talla M y armador de arco Avalon.","robots":{"index":"index","follow":"follow","max-snippet":"max-snippet:-1","max-image-preview":"max-image-preview:large","max-video-preview":"max-video-preview:-1"},"canonical":"https:\/\/moitoarchery.com\/en\/product\/ideal-impress-olympic-bow-kit-with-all-equipment\/","og_locale":"en_US","og_type":"article","og_title":"Ideal Impress Olympic Bow Kit with all equipment - MoitoArchery","og_description":"El kit arco ol\u00edmpico Ideal Impress incluye todo lo necesario para un rendimiento de alta calidad en el tiro con arco: Cuerpo Samick Ideal 25\" - Blanco, Diestro - RH, Palas ILF Samick Impress Carbon - 70\", 32 lbs, cuerda Avalon 99R Carrera, nock, reposaflechas magn\u00e9tico RF-RF WNS ajustable, bot\u00f3n de presi\u00f3n Avalon Tyro, soporte Avalon Basic, 6 flechas completas Avalon Tyro 4.2, mochila Avalon Tyro con tubo portaflechas, carcaj Avalon Tyro 2.0 con tres tubos de cintura y bolsillo lateral, visor Avalon Tyro Metal, dactilera Avalon Tyro RH\/LH, estabilizador largo Avalon Tyro (26\u201d, 28\u201d o 30\u201d), protector de brazo Avalon talla M y armador de arco Avalon.","og_url":"https:\/\/moitoarchery.com\/en\/product\/ideal-impress-olympic-bow-kit-with-all-equipment\/","og_site_name":"MoitoArchery","article_publisher":"https:\/\/www.facebook.com\/arqueriaOnline\/","article_modified_time":"2025-11-18T08:35:00+00:00","og_image":[{"width":800,"height":800,"url":"https:\/\/moitoarchery.com\/wp-content\/uploads\/2025\/10\/kit-ideal-impress-blanco.jpg","type":"image\/jpeg"}],"twitter_card":"summary_large_image","twitter_misc":{"Est. reading time":"2 minutes"},"schema":{"@context":"https:\/\/schema.org","@graph":[{"@type":"WebPage","@id":"https:\/\/moitoarchery.com\/en\/product\/ideal-impress-olympic-bow-kit-with-all-equipment\/","url":"https:\/\/moitoarchery.com\/en\/product\/ideal-impress-olympic-bow-kit-with-all-equipment\/","name":"Ideal Impress Olympic Bow Kit with all equipment - MoitoArchery","isPartOf":{"@id":"https:\/\/moitoarchery.com\/en\/#website"},"primaryImageOfPage":{"@id":"https:\/\/moitoarchery.com\/en\/product\/ideal-impress-olympic-bow-kit-with-all-equipment\/#primaryimage"},"image":{"@id":"https:\/\/moitoarchery.com\/en\/product\/ideal-impress-olympic-bow-kit-with-all-equipment\/#primaryimage"},"thumbnailUrl":"https:\/\/moitoarchery.com\/wp-content\/uploads\/2025\/10\/kit-ideal-impress-blanco.jpg","datePublished":"2025-10-29T10:11:04+00:00","dateModified":"2025-11-18T08:35:00+00:00","description":"El kit arco ol\u00edmpico Ideal Impress incluye todo lo necesario para un rendimiento de alta calidad en el tiro con arco: Cuerpo Samick Ideal 25\" - Blanco, Diestro - RH, Palas ILF Samick Impress Carbon - 70\", 32 lbs, cuerda Avalon 99R Carrera, nock, reposaflechas magn\u00e9tico RF-RF WNS ajustable, bot\u00f3n de presi\u00f3n Avalon Tyro, soporte Avalon Basic, 6 flechas completas Avalon Tyro 4.2, mochila Avalon Tyro con tubo portaflechas, carcaj Avalon Tyro 2.0 con tres tubos de cintura y bolsillo lateral, visor Avalon Tyro Metal, dactilera Avalon Tyro RH\/LH, estabilizador largo Avalon Tyro (26\u201d, 28\u201d o 30\u201d), protector de brazo Avalon talla M y armador de arco Avalon.","breadcrumb":{"@id":"https:\/\/moitoarchery.com\/en\/product\/ideal-impress-olympic-bow-kit-with-all-equipment\/#breadcrumb"},"inLanguage":"en-US","potentialAction":[{"@type":"ReadAction","target":["https:\/\/moitoarchery.com\/en\/product\/ideal-impress-olympic-bow-kit-with-all-equipment\/"]}]},{"@type":"ImageObject","inLanguage":"en-US","@id":"https:\/\/moitoarchery.com\/en\/product\/ideal-impress-olympic-bow-kit-with-all-equipment\/#primaryimage","url":"https:\/\/moitoarchery.com\/wp-content\/uploads\/2025\/10\/kit-ideal-impress-blanco.jpg","contentUrl":"https:\/\/moitoarchery.com\/wp-content\/uploads\/2025\/10\/kit-ideal-impress-blanco.jpg","width":800,"height":800},{"@type":"BreadcrumbList","@id":"https:\/\/moitoarchery.com\/en\/product\/ideal-impress-olympic-bow-kit-with-all-equipment\/#breadcrumb","itemListElement":[{"@type":"ListItem","position":1,"name":"Portada","item":"https:\/\/moitoarchery.com\/en\/"},{"@type":"ListItem","position":2,"name":"Shop","item":"https:\/\/moitoarchery.com\/en\/shop\/"},{"@type":"ListItem","position":3,"name":"Ideal Impress Olympic Bow Kit with all equipment"}]},{"@type":"WebSite","@id":"https:\/\/moitoarchery.com\/en\/#website","url":"https:\/\/moitoarchery.com\/en\/","name":"MoitoArchery","description":"Tienda de Tiro con arco","publisher":{"@id":"https:\/\/moitoarchery.com\/en\/#organization"},"potentialAction":[{"@type":"SearchAction","target":{"@type":"EntryPoint","urlTemplate":"https:\/\/moitoarchery.com\/en\/?s={search_term_string}"},"query-input":{"@type":"PropertyValueSpecification","valueRequired":true,"valueName":"search_term_string"}}],"inLanguage":"en-US"},{"@type":"Organization","@id":"https:\/\/moitoarchery.com\/en\/#organization","name":"MoitoArchery","url":"https:\/\/moitoarchery.com\/en\/","logo":{"@type":"ImageObject","inLanguage":"en-US","@id":"https:\/\/moitoarchery.com\/en\/#\/schema\/logo\/image\/","url":"https:\/\/moitoarchery.com\/wp-content\/uploads\/2020\/09\/logotipo-moitoarchery.png","contentUrl":"https:\/\/moitoarchery.com\/wp-content\/uploads\/2020\/09\/logotipo-moitoarchery.png","width":300,"height":66,"caption":"MoitoArchery"},"image":{"@id":"https:\/\/moitoarchery.com\/en\/#\/schema\/logo\/image\/"},"sameAs":["https:\/\/www.facebook.com\/arqueriaOnline\/","https:\/\/www.instagram.com\/moitoarchery\/","https:\/\/www.youtube.com\/channel\/UCvmj39gVUIKVoJJ6vQC9GPA\/"]}]}},"_links":{"self":[{"href":"https:\/\/moitoarchery.com\/en\/wp-json\/wp\/v2\/product\/119947","targetHints":{"allow":["GET"]}}],"collection":[{"href":"https:\/\/moitoarchery.com\/en\/wp-json\/wp\/v2\/product"}],"about":[{"href":"https:\/\/moitoarchery.com\/en\/wp-json\/wp\/v2\/types\/product"}],"replies":[{"embeddable":true,"href":"https:\/\/moitoarchery.com\/en\/wp-json\/wp\/v2\/comments?post=119947"}],"version-history":[{"count":0,"href":"https:\/\/moitoarchery.com\/en\/wp-json\/wp\/v2\/product\/119947\/revisions"}],"wp:featuredmedia":[{"embeddable":true,"href":"https:\/\/moitoarchery.com\/en\/wp-json\/wp\/v2\/media\/117592"}],"wp:attachment":[{"href":"https:\/\/moitoarchery.com\/en\/wp-json\/wp\/v2\/media?parent=119947"}],"wp:term":[{"taxonomy":"product_brand","embeddable":true,"href":"https:\/\/moitoarchery.com\/en\/wp-json\/wp\/v2\/product_brand?post=119947"},{"taxonomy":"product_cat","embeddable":true,"href":"https:\/\/moitoarchery.com\/en\/wp-json\/wp\/v2\/product_cat?post=119947"},{"taxonomy":"product_tag","embeddable":true,"href":"https:\/\/moitoarchery.com\/en\/wp-json\/wp\/v2\/product_tag?post=119947"}],"curies":[{"name":"wp","href":"https:\/\/api.w.org\/{rel}","templated":true}]}}