{"id":117134,"date":"2025-10-23T16:44:42","date_gmt":"2025-10-23T14:44:42","guid":{"rendered":"https:\/\/moitoarchery.com\/?post_type=product&#038;p=117134"},"modified":"2026-04-16T11:21:01","modified_gmt":"2026-04-16T09:21:01","slug":"kit-arco-olimpico-astral-explorer","status":"publish","type":"product","link":"https:\/\/moitoarchery.com\/en\/product\/kit-arco-olimpico-astral-explorer\/","title":{"rendered":"Kit Arco Ol\u00edmpico Astral Explorer"},"content":{"rendered":"<p>El kit arco ol\u00edmpico Astral con todo el equipamiento incluye:<\/p>\n<ul>\n<li>Cuerpo Core Astral ILF 25&#8243; RH\/LH. (<span style=\"color: #0000ff\"><a style=\"color: #0000ff\" href=\"https:\/\/moitoarchery.com\/producto\/cuerpo-core-astral-ilf-25\/\">Color a elegir<\/a><\/span>)<\/li>\n<li>Palas ILF WNS Explore W1 para arco ol\u00edmpico<\/li>\n<li>Cuerda Avalon Carrera 99R (<span style=\"color: #0000ff\"><a style=\"color: #0000ff\" href=\"https:\/\/moitoarchery.com\/producto\/cuerda-avalon-99r-carrera-para-arcos-recurvos\/\">Color a elegir<\/a><\/span>)<\/li>\n<li>Nock<\/li>\n<li>Reposaflechas Cartel Midas<\/li>\n<li>Bot\u00f3n de presi\u00f3n Avalon Tyro (<a href=\"https:\/\/moitoarchery.com\/producto\/boton-de-presion-avalon-tyro\/\"><span style=\"color: #0000ff\">Color a elegir<\/span><\/a>)<\/li>\n<li>Dragonera Avalon para arco recurvo ol\u00edmpico (<a href=\"https:\/\/moitoarchery.com\/producto\/dragonera-avalon\/\"><span style=\"color: #0000ff\">Talla a elegir<\/span><\/a>)<\/li>\n<li>Soporte de arco Avalon Basic<\/li>\n<li>Flecha Completa Avalon Tyro (6 uds)<\/li>\n<li>Mochila Avalon Tyro con tubo portaflechas (<span style=\"color: #0000ff\"><a style=\"color: #0000ff\" href=\"https:\/\/moitoarchery.com\/producto\/mochila-avalon-tyro\/\">Color a elegir<\/a><\/span>)<\/li>\n<li>Carcaj Avalon Tyro (<span style=\"color: #0000ff\"><a style=\"color: #0000ff\" href=\"https:\/\/moitoarchery.com\/producto\/carcaj-avalon-tyro-2-0-con-tres-tubos-de-cintura-y-bolsillo-lateral\/\">Color a elegir<\/a><\/span>)<\/li>\n<li>Dactilera Avalon Tyro (<span style=\"color: #0000ff\"><a style=\"color: #0000ff\" href=\"https:\/\/moitoarchery.com\/producto\/dactilera-avalon-tyro-rh-lh\/\">Talla a elegir<\/a><\/span>)<\/li>\n<li>Protector de Brazo Avalon Talla M<\/li>\n<li>Armador de arco Avalon<\/li>\n<li>Visor Avalon Tyro Metal<\/li>\n<li>Estabilizador Avalon Largo 26&#8243;,28&#8243; o 30&#8243; (<span style=\"color: #0000ff\"><a style=\"color: #0000ff\" href=\"https:\/\/moitoarchery.com\/producto\/estabilizador-largo-avalon-tyro-de-26-28-y-30\/\">Color a elegir<\/a><\/span>)<\/li>\n<\/ul>\n<p>*Especificar los colores y tallas en un comentario<\/p>\n","protected":false},"excerpt":{"rendered":"<p>El kit arco ol\u00edmpico Astral con todo el equipamiento incluye:<\/p>\n<ul>\n<li>Cuerpo Core Astral ILF 25&#8243; RH\/LH. (<span style=\"color: #0000ff\"><a style=\"color: #0000ff\" href=\"https:\/\/moitoarchery.com\/producto\/cuerpo-core-astral-ilf-25\/\">Color a elegir<\/a><\/span>)<\/li>\n<li>Palas ILF WNS Explore W1 para arco ol\u00edmpico<\/li>\n<li>Cuerda Avalon Carrera 99R (<span style=\"color: #0000ff\"><a style=\"color: #0000ff\" href=\"https:\/\/moitoarchery.com\/producto\/cuerda-avalon-99r-carrera-para-arcos-recurvos\/\">Color a elegir<\/a><\/span>)<\/li>\n<li>Nock<\/li>\n<li>Reposaflechas Cartel Midas<\/li>\n<li>Bot\u00f3n de presi\u00f3n Avalon Tyro (<a href=\"https:\/\/moitoarchery.com\/producto\/boton-de-presion-avalon-tyro\/\"><span style=\"color: #0000ff\">Color a elegir<\/span><\/a>)<\/li>\n<li>Dragonera Avalon para arco recurvo ol\u00edmpico (<span style=\"color: #0000ff\"><a style=\"color: #0000ff\" href=\"https:\/\/moitoarchery.com\/producto\/dragonera-avalon\/\">Talla a elegir<\/a><\/span>)<\/li>\n<li>Soporte de arco Avalon Basic<\/li>\n<li>Flecha Completa Avalon Tyro (6 uds)<\/li>\n<li>Mochila Avalon Tyro con tubo portaflechas (<span style=\"color: #0000ff\"><a style=\"color: #0000ff\" href=\"https:\/\/moitoarchery.com\/producto\/mochila-avalon-tyro\/\">Color a elegir<\/a><\/span>)<\/li>\n<li>Carcaj Avalon Tyro (<span style=\"color: #0000ff\"><a style=\"color: #0000ff\" href=\"https:\/\/moitoarchery.com\/producto\/carcaj-avalon-tyro-2-0-con-tres-tubos-de-cintura-y-bolsillo-lateral\/\">Color a elegir<\/a><\/span>)<\/li>\n<li>Dactilera Avalon Tyro (<span style=\"color: #0000ff\"><a style=\"color: #0000ff\" href=\"https:\/\/moitoarchery.com\/producto\/dactilera-avalon-tyro-rh-lh\/\">Talla a elegir<\/a><\/span>)<\/li>\n<li>Protector de Brazo Avalon Talla M<\/li>\n<li>Armador de arco Avalon<\/li>\n<li>Visor Avalon Tyro Metal<\/li>\n<li>Estabilizador Avalon Largo 26&#8243;,28&#8243; o 30&#8243; (<span style=\"color: #0000ff\"><a style=\"color: #0000ff\" href=\"https:\/\/moitoarchery.com\/producto\/estabilizador-largo-avalon-tyro-de-26-28-y-30\/\">Color a elegir<\/a><\/span>)<\/li>\n<\/ul>\n<p>*Especificar los colores y tallas en un comentario<\/p>\n","protected":false},"featured_media":117135,"comment_status":"open","ping_status":"closed","template":"","meta":{"_acf_changed":false},"product_brand":[4054],"product_cat":[469],"product_tag":[190],"class_list":{"0":"post-117134","1":"product","2":"type-product","3":"status-publish","4":"has-post-thumbnail","6":"product_brand-varios","7":"product_cat-kits-de-arco-olimpico","8":"product_tag-arcos-olimpicos","9":"product_shipping_class-envio-pe-2090e-ba-3890e","11":"first","12":"instock","13":"sale","14":"taxable","15":"shipping-taxable","16":"purchasable","17":"product-type-easy_product_bundle"},"acf":[],"yoast_head":"<!-- This site is optimized with the Yoast SEO plugin v27.3 - https:\/\/yoast.com\/product\/yoast-seo-wordpress\/ -->\n<title>Kit Arco Ol\u00edmpico Astral Explorer - MoitoArchery<\/title>\n<meta name=\"robots\" content=\"index, follow, max-snippet:-1, max-image-preview:large, max-video-preview:-1\" \/>\n<link rel=\"canonical\" href=\"https:\/\/moitoarchery.com\/en\/product\/kit-arco-olimpico-astral-explorer\/\" \/>\n<meta property=\"og:locale\" content=\"en_US\" \/>\n<meta property=\"og:type\" content=\"article\" \/>\n<meta property=\"og:title\" content=\"Kit Arco Ol\u00edmpico Astral Explorer - MoitoArchery\" \/>\n<meta property=\"og:description\" content=\"El kit arco ol\u00edmpico Astral con todo el equipamiento incluye:   Cuerpo Core Astral ILF 25&quot; RH\/LH. (Color a elegir)  Palas ILF WNS Explore W1 para arco ol\u00edmpico  Cuerda Avalon Carrera 99R (Color a elegir)  Nock  Reposaflechas Cartel Midas  Bot\u00f3n de presi\u00f3n Avalon Tyro (Color a elegir)  Dragonera Avalon para arco recurvo ol\u00edmpico (Talla a elegir)  Soporte de arco Avalon Basic  Flecha Completa Avalon Tyro (6 uds)  Mochila Avalon Tyro con tubo portaflechas (Color a elegir)  Carcaj Avalon Tyro (Color a elegir)  Dactilera Avalon Tyro (Talla a elegir)  Protector de Brazo Avalon Talla M  Armador de arco Avalon  Visor Avalon Tyro Metal  Estabilizador Avalon Largo 26&quot;,28&quot; o 30&quot; (Color a elegir)  *Especificar los colores y tallas en un comentario\" \/>\n<meta property=\"og:url\" content=\"https:\/\/moitoarchery.com\/en\/product\/kit-arco-olimpico-astral-explorer\/\" \/>\n<meta property=\"og:site_name\" content=\"MoitoArchery\" \/>\n<meta property=\"article:publisher\" content=\"https:\/\/www.facebook.com\/arqueriaOnline\/\" \/>\n<meta property=\"article:modified_time\" content=\"2026-04-16T09:21:01+00:00\" \/>\n<meta property=\"og:image\" content=\"https:\/\/moitoarchery.com\/wp-content\/uploads\/2025\/10\/KIT-ASTRAL-EXPLORE.jpg\" \/>\n\t<meta property=\"og:image:width\" content=\"800\" \/>\n\t<meta property=\"og:image:height\" content=\"800\" \/>\n\t<meta property=\"og:image:type\" content=\"image\/jpeg\" \/>\n<meta name=\"twitter:card\" content=\"summary_large_image\" \/>\n<meta name=\"twitter:label1\" content=\"Est. reading time\" \/>\n\t<meta name=\"twitter:data1\" content=\"2 minutes\" \/>\n<script type=\"application\/ld+json\" class=\"yoast-schema-graph\">{\"@context\":\"https:\\\/\\\/schema.org\",\"@graph\":[{\"@type\":\"WebPage\",\"@id\":\"https:\\\/\\\/moitoarchery.com\\\/en\\\/product\\\/kit-arco-olimpico-astral-explorer\\\/\",\"url\":\"https:\\\/\\\/moitoarchery.com\\\/en\\\/product\\\/kit-arco-olimpico-astral-explorer\\\/\",\"name\":\"Kit Arco Ol\u00edmpico Astral Explorer - MoitoArchery\",\"isPartOf\":{\"@id\":\"https:\\\/\\\/moitoarchery.com\\\/en\\\/#website\"},\"primaryImageOfPage\":{\"@id\":\"https:\\\/\\\/moitoarchery.com\\\/en\\\/product\\\/kit-arco-olimpico-astral-explorer\\\/#primaryimage\"},\"image\":{\"@id\":\"https:\\\/\\\/moitoarchery.com\\\/en\\\/product\\\/kit-arco-olimpico-astral-explorer\\\/#primaryimage\"},\"thumbnailUrl\":\"https:\\\/\\\/moitoarchery.com\\\/wp-content\\\/uploads\\\/2025\\\/10\\\/KIT-ASTRAL-EXPLORE.jpg\",\"datePublished\":\"2025-10-23T14:44:42+00:00\",\"dateModified\":\"2026-04-16T09:21:01+00:00\",\"breadcrumb\":{\"@id\":\"https:\\\/\\\/moitoarchery.com\\\/en\\\/product\\\/kit-arco-olimpico-astral-explorer\\\/#breadcrumb\"},\"inLanguage\":\"en-US\",\"potentialAction\":[{\"@type\":\"ReadAction\",\"target\":[\"https:\\\/\\\/moitoarchery.com\\\/en\\\/product\\\/kit-arco-olimpico-astral-explorer\\\/\"]}]},{\"@type\":\"ImageObject\",\"inLanguage\":\"en-US\",\"@id\":\"https:\\\/\\\/moitoarchery.com\\\/en\\\/product\\\/kit-arco-olimpico-astral-explorer\\\/#primaryimage\",\"url\":\"https:\\\/\\\/moitoarchery.com\\\/wp-content\\\/uploads\\\/2025\\\/10\\\/KIT-ASTRAL-EXPLORE.jpg\",\"contentUrl\":\"https:\\\/\\\/moitoarchery.com\\\/wp-content\\\/uploads\\\/2025\\\/10\\\/KIT-ASTRAL-EXPLORE.jpg\",\"width\":800,\"height\":800},{\"@type\":\"BreadcrumbList\",\"@id\":\"https:\\\/\\\/moitoarchery.com\\\/en\\\/product\\\/kit-arco-olimpico-astral-explorer\\\/#breadcrumb\",\"itemListElement\":[{\"@type\":\"ListItem\",\"position\":1,\"name\":\"Portada\",\"item\":\"https:\\\/\\\/moitoarchery.com\\\/en\\\/\"},{\"@type\":\"ListItem\",\"position\":2,\"name\":\"Shop\",\"item\":\"https:\\\/\\\/moitoarchery.com\\\/en\\\/shop\\\/\"},{\"@type\":\"ListItem\",\"position\":3,\"name\":\"Kit Arco Ol\u00edmpico Astral Explorer\"}]},{\"@type\":\"WebSite\",\"@id\":\"https:\\\/\\\/moitoarchery.com\\\/en\\\/#website\",\"url\":\"https:\\\/\\\/moitoarchery.com\\\/en\\\/\",\"name\":\"MoitoArchery\",\"description\":\"Tienda de Tiro con arco\",\"publisher\":{\"@id\":\"https:\\\/\\\/moitoarchery.com\\\/en\\\/#organization\"},\"potentialAction\":[{\"@type\":\"SearchAction\",\"target\":{\"@type\":\"EntryPoint\",\"urlTemplate\":\"https:\\\/\\\/moitoarchery.com\\\/en\\\/?s={search_term_string}\"},\"query-input\":{\"@type\":\"PropertyValueSpecification\",\"valueRequired\":true,\"valueName\":\"search_term_string\"}}],\"inLanguage\":\"en-US\"},{\"@type\":\"Organization\",\"@id\":\"https:\\\/\\\/moitoarchery.com\\\/en\\\/#organization\",\"name\":\"MoitoArchery\",\"url\":\"https:\\\/\\\/moitoarchery.com\\\/en\\\/\",\"logo\":{\"@type\":\"ImageObject\",\"inLanguage\":\"en-US\",\"@id\":\"https:\\\/\\\/moitoarchery.com\\\/en\\\/#\\\/schema\\\/logo\\\/image\\\/\",\"url\":\"https:\\\/\\\/moitoarchery.com\\\/wp-content\\\/uploads\\\/2020\\\/09\\\/logotipo-moitoarchery.png\",\"contentUrl\":\"https:\\\/\\\/moitoarchery.com\\\/wp-content\\\/uploads\\\/2020\\\/09\\\/logotipo-moitoarchery.png\",\"width\":300,\"height\":66,\"caption\":\"MoitoArchery\"},\"image\":{\"@id\":\"https:\\\/\\\/moitoarchery.com\\\/en\\\/#\\\/schema\\\/logo\\\/image\\\/\"},\"sameAs\":[\"https:\\\/\\\/www.facebook.com\\\/arqueriaOnline\\\/\",\"https:\\\/\\\/www.instagram.com\\\/moitoarchery\\\/\",\"https:\\\/\\\/www.youtube.com\\\/channel\\\/UCvmj39gVUIKVoJJ6vQC9GPA\\\/\"]}]}<\/script>\n<!-- \/ Yoast SEO plugin. -->","yoast_head_json":{"title":"Kit Arco Ol\u00edmpico Astral Explorer - MoitoArchery","robots":{"index":"index","follow":"follow","max-snippet":"max-snippet:-1","max-image-preview":"max-image-preview:large","max-video-preview":"max-video-preview:-1"},"canonical":"https:\/\/moitoarchery.com\/en\/product\/kit-arco-olimpico-astral-explorer\/","og_locale":"en_US","og_type":"article","og_title":"Kit Arco Ol\u00edmpico Astral Explorer - MoitoArchery","og_description":"El kit arco ol\u00edmpico Astral con todo el equipamiento incluye:   Cuerpo Core Astral ILF 25\" RH\/LH. (Color a elegir)  Palas ILF WNS Explore W1 para arco ol\u00edmpico  Cuerda Avalon Carrera 99R (Color a elegir)  Nock  Reposaflechas Cartel Midas  Bot\u00f3n de presi\u00f3n Avalon Tyro (Color a elegir)  Dragonera Avalon para arco recurvo ol\u00edmpico (Talla a elegir)  Soporte de arco Avalon Basic  Flecha Completa Avalon Tyro (6 uds)  Mochila Avalon Tyro con tubo portaflechas (Color a elegir)  Carcaj Avalon Tyro (Color a elegir)  Dactilera Avalon Tyro (Talla a elegir)  Protector de Brazo Avalon Talla M  Armador de arco Avalon  Visor Avalon Tyro Metal  Estabilizador Avalon Largo 26\",28\" o 30\" (Color a elegir)  *Especificar los colores y tallas en un comentario","og_url":"https:\/\/moitoarchery.com\/en\/product\/kit-arco-olimpico-astral-explorer\/","og_site_name":"MoitoArchery","article_publisher":"https:\/\/www.facebook.com\/arqueriaOnline\/","article_modified_time":"2026-04-16T09:21:01+00:00","og_image":[{"width":800,"height":800,"url":"https:\/\/moitoarchery.com\/wp-content\/uploads\/2025\/10\/KIT-ASTRAL-EXPLORE.jpg","type":"image\/jpeg"}],"twitter_card":"summary_large_image","twitter_misc":{"Est. reading time":"2 minutes"},"schema":{"@context":"https:\/\/schema.org","@graph":[{"@type":"WebPage","@id":"https:\/\/moitoarchery.com\/en\/product\/kit-arco-olimpico-astral-explorer\/","url":"https:\/\/moitoarchery.com\/en\/product\/kit-arco-olimpico-astral-explorer\/","name":"Kit Arco Ol\u00edmpico Astral Explorer - MoitoArchery","isPartOf":{"@id":"https:\/\/moitoarchery.com\/en\/#website"},"primaryImageOfPage":{"@id":"https:\/\/moitoarchery.com\/en\/product\/kit-arco-olimpico-astral-explorer\/#primaryimage"},"image":{"@id":"https:\/\/moitoarchery.com\/en\/product\/kit-arco-olimpico-astral-explorer\/#primaryimage"},"thumbnailUrl":"https:\/\/moitoarchery.com\/wp-content\/uploads\/2025\/10\/KIT-ASTRAL-EXPLORE.jpg","datePublished":"2025-10-23T14:44:42+00:00","dateModified":"2026-04-16T09:21:01+00:00","breadcrumb":{"@id":"https:\/\/moitoarchery.com\/en\/product\/kit-arco-olimpico-astral-explorer\/#breadcrumb"},"inLanguage":"en-US","potentialAction":[{"@type":"ReadAction","target":["https:\/\/moitoarchery.com\/en\/product\/kit-arco-olimpico-astral-explorer\/"]}]},{"@type":"ImageObject","inLanguage":"en-US","@id":"https:\/\/moitoarchery.com\/en\/product\/kit-arco-olimpico-astral-explorer\/#primaryimage","url":"https:\/\/moitoarchery.com\/wp-content\/uploads\/2025\/10\/KIT-ASTRAL-EXPLORE.jpg","contentUrl":"https:\/\/moitoarchery.com\/wp-content\/uploads\/2025\/10\/KIT-ASTRAL-EXPLORE.jpg","width":800,"height":800},{"@type":"BreadcrumbList","@id":"https:\/\/moitoarchery.com\/en\/product\/kit-arco-olimpico-astral-explorer\/#breadcrumb","itemListElement":[{"@type":"ListItem","position":1,"name":"Portada","item":"https:\/\/moitoarchery.com\/en\/"},{"@type":"ListItem","position":2,"name":"Shop","item":"https:\/\/moitoarchery.com\/en\/shop\/"},{"@type":"ListItem","position":3,"name":"Kit Arco Ol\u00edmpico Astral Explorer"}]},{"@type":"WebSite","@id":"https:\/\/moitoarchery.com\/en\/#website","url":"https:\/\/moitoarchery.com\/en\/","name":"MoitoArchery","description":"Tienda de Tiro con arco","publisher":{"@id":"https:\/\/moitoarchery.com\/en\/#organization"},"potentialAction":[{"@type":"SearchAction","target":{"@type":"EntryPoint","urlTemplate":"https:\/\/moitoarchery.com\/en\/?s={search_term_string}"},"query-input":{"@type":"PropertyValueSpecification","valueRequired":true,"valueName":"search_term_string"}}],"inLanguage":"en-US"},{"@type":"Organization","@id":"https:\/\/moitoarchery.com\/en\/#organization","name":"MoitoArchery","url":"https:\/\/moitoarchery.com\/en\/","logo":{"@type":"ImageObject","inLanguage":"en-US","@id":"https:\/\/moitoarchery.com\/en\/#\/schema\/logo\/image\/","url":"https:\/\/moitoarchery.com\/wp-content\/uploads\/2020\/09\/logotipo-moitoarchery.png","contentUrl":"https:\/\/moitoarchery.com\/wp-content\/uploads\/2020\/09\/logotipo-moitoarchery.png","width":300,"height":66,"caption":"MoitoArchery"},"image":{"@id":"https:\/\/moitoarchery.com\/en\/#\/schema\/logo\/image\/"},"sameAs":["https:\/\/www.facebook.com\/arqueriaOnline\/","https:\/\/www.instagram.com\/moitoarchery\/","https:\/\/www.youtube.com\/channel\/UCvmj39gVUIKVoJJ6vQC9GPA\/"]}]}},"_links":{"self":[{"href":"https:\/\/moitoarchery.com\/en\/wp-json\/wp\/v2\/product\/117134","targetHints":{"allow":["GET"]}}],"collection":[{"href":"https:\/\/moitoarchery.com\/en\/wp-json\/wp\/v2\/product"}],"about":[{"href":"https:\/\/moitoarchery.com\/en\/wp-json\/wp\/v2\/types\/product"}],"replies":[{"embeddable":true,"href":"https:\/\/moitoarchery.com\/en\/wp-json\/wp\/v2\/comments?post=117134"}],"version-history":[{"count":2,"href":"https:\/\/moitoarchery.com\/en\/wp-json\/wp\/v2\/product\/117134\/revisions"}],"predecessor-version":[{"id":132709,"href":"https:\/\/moitoarchery.com\/en\/wp-json\/wp\/v2\/product\/117134\/revisions\/132709"}],"wp:featuredmedia":[{"embeddable":true,"href":"https:\/\/moitoarchery.com\/en\/wp-json\/wp\/v2\/media\/117135"}],"wp:attachment":[{"href":"https:\/\/moitoarchery.com\/en\/wp-json\/wp\/v2\/media?parent=117134"}],"wp:term":[{"taxonomy":"product_brand","embeddable":true,"href":"https:\/\/moitoarchery.com\/en\/wp-json\/wp\/v2\/product_brand?post=117134"},{"taxonomy":"product_cat","embeddable":true,"href":"https:\/\/moitoarchery.com\/en\/wp-json\/wp\/v2\/product_cat?post=117134"},{"taxonomy":"product_tag","embeddable":true,"href":"https:\/\/moitoarchery.com\/en\/wp-json\/wp\/v2\/product_tag?post=117134"}],"curies":[{"name":"wp","href":"https:\/\/api.w.org\/{rel}","templated":true}]}}