{"id":117128,"date":"2025-10-23T16:40:07","date_gmt":"2025-10-23T14:40:07","guid":{"rendered":"https:\/\/moitoarchery.com\/?post_type=product&#038;p=117128"},"modified":"2026-04-16T11:21:01","modified_gmt":"2026-04-16T09:21:01","slug":"kit-arco-olimpico-dx-explorer-con-todo-el-equipamiento","status":"publish","type":"product","link":"https:\/\/moitoarchery.com\/en\/product\/kit-arco-olimpico-dx-explorer-con-todo-el-equipamiento\/","title":{"rendered":"Kit Arco Ol\u00edmpico DX Explorer con todo el equipamiento"},"content":{"rendered":"<p>El kit arco ol\u00edmpico DX Explorer con todo el equipamiento incluye:<\/p>\n<ul>\n<li>Cuerpo WNS Explore DX 25&#8243; RH \/ LH<\/li>\n<li>Palas ILF WNS Explore W1 para arco ol\u00edmpico<\/li>\n<li>Cuerda Avalon 99R Carrera (<span style=\"color: #0000ff\"><a style=\"color: #0000ff\" href=\"https:\/\/moitoarchery.com\/producto\/cuerda-avalon-99r-carrera-para-arcos-recurvos\/\">Color a elegir<\/a><\/span>)<\/li>\n<li>Nock<\/li>\n<li>Reposaflechas SF-RF WNS magnetico ajustable<\/li>\n<li>Bot\u00f3n de presi\u00f3n Avalon Tyro (<a href=\"https:\/\/moitoarchery.com\/producto\/boton-de-presion-avalon-tyro\/\"><span style=\"color: #0000ff\">Color a elegir<\/span><\/a>)<\/li>\n<li>Soporte Avalon Basic para arco recurvo<\/li>\n<li>Flecha Completa Avalon Tyro 4.2 (6 uds)<\/li>\n<li>Mochila Avalon Tyro con tubo portaflechas (<span style=\"color: #0000ff\"><a style=\"color: #0000ff\" href=\"https:\/\/moitoarchery.com\/producto\/mochila-avalon-tyro\/\">Color a elegir<\/a><\/span>)<\/li>\n<li>Carcaj Avalon Tyro 2.0 con tres tubos de cintura y bolsillo lateral (<span style=\"color: #0000ff\"><a style=\"color: #0000ff\" href=\"https:\/\/moitoarchery.com\/producto\/carcaj-avalon-tyro-2-0-con-tres-tubos-de-cintura-y-bolsillo-lateral\/\">Color a elegir<\/a><\/span>)<\/li>\n<li>Visor Avalon Tyro Metal para arco recurvo RH<\/li>\n<li>Dactilera Avalon Tyro RH\/LH<\/li>\n<li>Estabilizador largo Avalon Tyro de 26\u201d, 28\u201d o 30\u201d<\/li>\n<li>Protector de brazo Avalon talla M<\/li>\n<li>Armador de arco Avalon<\/li>\n<\/ul>\n<p>*Especificar colores, tallas y longitud\/potencia en un comentario<\/p>\n","protected":false},"excerpt":{"rendered":"<div class=\"flex max-w-full flex-col flex-grow\">\n<div class=\"min-h-8 text-message flex w-full flex-col items-end gap-2 whitespace-normal break-words text-start [.text-message+&amp;]:mt-5\" dir=\"auto\" data-message-author-role=\"assistant\" data-message-id=\"201df76b-80b4-4f64-8eb7-78d8d963e163\" data-message-model-slug=\"gpt-4o-mini\">\n<div class=\"flex w-full flex-col gap-1 empty:hidden first:pt-[3px]\">\n<div class=\"markdown prose w-full break-words dark:prose-invert light\">\n<p data-start=\"0\" data-end=\"740\" data-is-last-node=\"\">El kit arco ol\u00edmpico DX Prelude incluye todo lo necesario para un rendimiento de alta calidad en el tiro con arco: Cuerpo WNS Explore DX 25&#8243; RH \/ LH, Palas ILF WNS Explore W1 para arco ol\u00edmpico, cuerda Avalon 99R Carrera, nock, reposaflechas magn\u00e9tico RF-RF WNS ajustable, bot\u00f3n de presi\u00f3n Avalon Tyro, soporte Avalon Basic, 6 flechas completas Avalon Tyro 4.2, mochila Avalon Tyro con tubo portaflechas, carcaj Avalon Tyro 2.0 con tres tubos de cintura y bolsillo lateral, visor Avalon Tyro Metal, dactilera Avalon Tyro RH\/LH, estabilizador largo Avalon Tyro (26\u201d, 28\u201d o 30\u201d), protector de brazo Avalon talla M y armador de arco Avalon.<\/p>\n<p data-start=\"0\" data-end=\"740\" data-is-last-node=\"\">*Especificar colores, tallas y longitud\/potencia en un comentario<\/p>\n<\/div>\n<\/div>\n<\/div>\n<\/div>\n","protected":false},"featured_media":117130,"comment_status":"open","ping_status":"closed","template":"","meta":{"_acf_changed":false},"product_brand":[4054],"product_cat":[469],"product_tag":[190],"class_list":{"0":"post-117128","1":"product","2":"type-product","3":"status-publish","4":"has-post-thumbnail","6":"product_brand-varios","7":"product_cat-kits-de-arco-olimpico","8":"product_tag-arcos-olimpicos","9":"product_shipping_class-envio-pe-2090e-ba-3890e","11":"first","12":"instock","13":"sale","14":"taxable","15":"shipping-taxable","16":"purchasable","17":"product-type-easy_product_bundle"},"acf":[],"yoast_head":"<!-- This site is optimized with the Yoast SEO plugin v27.3 - https:\/\/yoast.com\/product\/yoast-seo-wordpress\/ -->\n<title>Kit Arco Ol\u00edmpico DX Explorer con todo el equipamiento - MoitoArchery<\/title>\n<meta name=\"description\" content=\"El kit arco ol\u00edmpico DX Prelude incluye todo lo necesario para un rendimiento de alta calidad en el tiro con arco: Cuerpo WNS Explore DX 25&quot; RH \/ LH, Palas ILF WNS Explore W1 para arco ol\u00edmpico, cuerda Avalon 99R Carrera, nock, reposaflechas magn\u00e9tico RF-RF WNS ajustable, bot\u00f3n de presi\u00f3n Avalon Tyro, soporte Avalon Basic, 6 flechas completas Avalon Tyro 4.2, mochila Avalon Tyro con tubo portaflechas, carcaj Avalon Tyro 2.0 con tres tubos de cintura y bolsillo lateral, visor Avalon Tyro Metal, dactilera Avalon Tyro RH\/LH, estabilizador largo Avalon Tyro (26\u201d, 28\u201d o 30\u201d), protector de brazo Avalon talla M y armador de arco Avalon.\" \/>\n<meta name=\"robots\" content=\"index, follow, max-snippet:-1, max-image-preview:large, max-video-preview:-1\" \/>\n<link rel=\"canonical\" href=\"https:\/\/moitoarchery.com\/en\/product\/kit-arco-olimpico-dx-explorer-con-todo-el-equipamiento\/\" \/>\n<meta property=\"og:locale\" content=\"en_US\" \/>\n<meta property=\"og:type\" content=\"article\" \/>\n<meta property=\"og:title\" content=\"Kit Arco Ol\u00edmpico DX Explorer con todo el equipamiento - MoitoArchery\" \/>\n<meta property=\"og:description\" content=\"El kit arco ol\u00edmpico DX Prelude incluye todo lo necesario para un rendimiento de alta calidad en el tiro con arco: Cuerpo WNS Explore DX 25&quot; RH \/ LH, Palas ILF WNS Explore W1 para arco ol\u00edmpico, cuerda Avalon 99R Carrera, nock, reposaflechas magn\u00e9tico RF-RF WNS ajustable, bot\u00f3n de presi\u00f3n Avalon Tyro, soporte Avalon Basic, 6 flechas completas Avalon Tyro 4.2, mochila Avalon Tyro con tubo portaflechas, carcaj Avalon Tyro 2.0 con tres tubos de cintura y bolsillo lateral, visor Avalon Tyro Metal, dactilera Avalon Tyro RH\/LH, estabilizador largo Avalon Tyro (26\u201d, 28\u201d o 30\u201d), protector de brazo Avalon talla M y armador de arco Avalon.\" \/>\n<meta property=\"og:url\" content=\"https:\/\/moitoarchery.com\/en\/product\/kit-arco-olimpico-dx-explorer-con-todo-el-equipamiento\/\" \/>\n<meta property=\"og:site_name\" content=\"MoitoArchery\" \/>\n<meta property=\"article:publisher\" content=\"https:\/\/www.facebook.com\/arqueriaOnline\/\" \/>\n<meta property=\"article:modified_time\" content=\"2026-04-16T09:21:01+00:00\" \/>\n<meta property=\"og:image\" content=\"https:\/\/moitoarchery.com\/wp-content\/uploads\/2025\/10\/DX-EXPLORE.jpg\" \/>\n\t<meta property=\"og:image:width\" content=\"800\" \/>\n\t<meta property=\"og:image:height\" content=\"800\" \/>\n\t<meta property=\"og:image:type\" content=\"image\/jpeg\" \/>\n<meta name=\"twitter:card\" content=\"summary_large_image\" \/>\n<meta name=\"twitter:label1\" content=\"Est. reading time\" \/>\n\t<meta name=\"twitter:data1\" content=\"2 minutes\" \/>\n<script type=\"application\/ld+json\" class=\"yoast-schema-graph\">{\"@context\":\"https:\\\/\\\/schema.org\",\"@graph\":[{\"@type\":\"WebPage\",\"@id\":\"https:\\\/\\\/moitoarchery.com\\\/en\\\/product\\\/kit-arco-olimpico-dx-explorer-con-todo-el-equipamiento\\\/\",\"url\":\"https:\\\/\\\/moitoarchery.com\\\/en\\\/product\\\/kit-arco-olimpico-dx-explorer-con-todo-el-equipamiento\\\/\",\"name\":\"Kit Arco Ol\u00edmpico DX Explorer con todo el equipamiento - MoitoArchery\",\"isPartOf\":{\"@id\":\"https:\\\/\\\/moitoarchery.com\\\/en\\\/#website\"},\"primaryImageOfPage\":{\"@id\":\"https:\\\/\\\/moitoarchery.com\\\/en\\\/product\\\/kit-arco-olimpico-dx-explorer-con-todo-el-equipamiento\\\/#primaryimage\"},\"image\":{\"@id\":\"https:\\\/\\\/moitoarchery.com\\\/en\\\/product\\\/kit-arco-olimpico-dx-explorer-con-todo-el-equipamiento\\\/#primaryimage\"},\"thumbnailUrl\":\"https:\\\/\\\/moitoarchery.com\\\/wp-content\\\/uploads\\\/2025\\\/10\\\/DX-EXPLORE.jpg\",\"datePublished\":\"2025-10-23T14:40:07+00:00\",\"dateModified\":\"2026-04-16T09:21:01+00:00\",\"description\":\"El kit arco ol\u00edmpico DX Prelude incluye todo lo necesario para un rendimiento de alta calidad en el tiro con arco: Cuerpo WNS Explore DX 25\\\" RH \\\/ LH, Palas ILF WNS Explore W1 para arco ol\u00edmpico, cuerda Avalon 99R Carrera, nock, reposaflechas magn\u00e9tico RF-RF WNS ajustable, bot\u00f3n de presi\u00f3n Avalon Tyro, soporte Avalon Basic, 6 flechas completas Avalon Tyro 4.2, mochila Avalon Tyro con tubo portaflechas, carcaj Avalon Tyro 2.0 con tres tubos de cintura y bolsillo lateral, visor Avalon Tyro Metal, dactilera Avalon Tyro RH\\\/LH, estabilizador largo Avalon Tyro (26\u201d, 28\u201d o 30\u201d), protector de brazo Avalon talla M y armador de arco Avalon.\",\"breadcrumb\":{\"@id\":\"https:\\\/\\\/moitoarchery.com\\\/en\\\/product\\\/kit-arco-olimpico-dx-explorer-con-todo-el-equipamiento\\\/#breadcrumb\"},\"inLanguage\":\"en-US\",\"potentialAction\":[{\"@type\":\"ReadAction\",\"target\":[\"https:\\\/\\\/moitoarchery.com\\\/en\\\/product\\\/kit-arco-olimpico-dx-explorer-con-todo-el-equipamiento\\\/\"]}]},{\"@type\":\"ImageObject\",\"inLanguage\":\"en-US\",\"@id\":\"https:\\\/\\\/moitoarchery.com\\\/en\\\/product\\\/kit-arco-olimpico-dx-explorer-con-todo-el-equipamiento\\\/#primaryimage\",\"url\":\"https:\\\/\\\/moitoarchery.com\\\/wp-content\\\/uploads\\\/2025\\\/10\\\/DX-EXPLORE.jpg\",\"contentUrl\":\"https:\\\/\\\/moitoarchery.com\\\/wp-content\\\/uploads\\\/2025\\\/10\\\/DX-EXPLORE.jpg\",\"width\":800,\"height\":800,\"caption\":\"Kit DX Explorer con todo el equipamiento\"},{\"@type\":\"BreadcrumbList\",\"@id\":\"https:\\\/\\\/moitoarchery.com\\\/en\\\/product\\\/kit-arco-olimpico-dx-explorer-con-todo-el-equipamiento\\\/#breadcrumb\",\"itemListElement\":[{\"@type\":\"ListItem\",\"position\":1,\"name\":\"Portada\",\"item\":\"https:\\\/\\\/moitoarchery.com\\\/en\\\/\"},{\"@type\":\"ListItem\",\"position\":2,\"name\":\"Shop\",\"item\":\"https:\\\/\\\/moitoarchery.com\\\/en\\\/shop\\\/\"},{\"@type\":\"ListItem\",\"position\":3,\"name\":\"Kit Arco Ol\u00edmpico DX Explorer con todo el equipamiento\"}]},{\"@type\":\"WebSite\",\"@id\":\"https:\\\/\\\/moitoarchery.com\\\/en\\\/#website\",\"url\":\"https:\\\/\\\/moitoarchery.com\\\/en\\\/\",\"name\":\"MoitoArchery\",\"description\":\"Tienda de Tiro con arco\",\"publisher\":{\"@id\":\"https:\\\/\\\/moitoarchery.com\\\/en\\\/#organization\"},\"potentialAction\":[{\"@type\":\"SearchAction\",\"target\":{\"@type\":\"EntryPoint\",\"urlTemplate\":\"https:\\\/\\\/moitoarchery.com\\\/en\\\/?s={search_term_string}\"},\"query-input\":{\"@type\":\"PropertyValueSpecification\",\"valueRequired\":true,\"valueName\":\"search_term_string\"}}],\"inLanguage\":\"en-US\"},{\"@type\":\"Organization\",\"@id\":\"https:\\\/\\\/moitoarchery.com\\\/en\\\/#organization\",\"name\":\"MoitoArchery\",\"url\":\"https:\\\/\\\/moitoarchery.com\\\/en\\\/\",\"logo\":{\"@type\":\"ImageObject\",\"inLanguage\":\"en-US\",\"@id\":\"https:\\\/\\\/moitoarchery.com\\\/en\\\/#\\\/schema\\\/logo\\\/image\\\/\",\"url\":\"https:\\\/\\\/moitoarchery.com\\\/wp-content\\\/uploads\\\/2020\\\/09\\\/logotipo-moitoarchery.png\",\"contentUrl\":\"https:\\\/\\\/moitoarchery.com\\\/wp-content\\\/uploads\\\/2020\\\/09\\\/logotipo-moitoarchery.png\",\"width\":300,\"height\":66,\"caption\":\"MoitoArchery\"},\"image\":{\"@id\":\"https:\\\/\\\/moitoarchery.com\\\/en\\\/#\\\/schema\\\/logo\\\/image\\\/\"},\"sameAs\":[\"https:\\\/\\\/www.facebook.com\\\/arqueriaOnline\\\/\",\"https:\\\/\\\/www.instagram.com\\\/moitoarchery\\\/\",\"https:\\\/\\\/www.youtube.com\\\/channel\\\/UCvmj39gVUIKVoJJ6vQC9GPA\\\/\"]}]}<\/script>\n<!-- \/ Yoast SEO plugin. -->","yoast_head_json":{"title":"Kit Arco Ol\u00edmpico DX Explorer con todo el equipamiento - MoitoArchery","description":"El kit arco ol\u00edmpico DX Prelude incluye todo lo necesario para un rendimiento de alta calidad en el tiro con arco: Cuerpo WNS Explore DX 25\" RH \/ LH, Palas ILF WNS Explore W1 para arco ol\u00edmpico, cuerda Avalon 99R Carrera, nock, reposaflechas magn\u00e9tico RF-RF WNS ajustable, bot\u00f3n de presi\u00f3n Avalon Tyro, soporte Avalon Basic, 6 flechas completas Avalon Tyro 4.2, mochila Avalon Tyro con tubo portaflechas, carcaj Avalon Tyro 2.0 con tres tubos de cintura y bolsillo lateral, visor Avalon Tyro Metal, dactilera Avalon Tyro RH\/LH, estabilizador largo Avalon Tyro (26\u201d, 28\u201d o 30\u201d), protector de brazo Avalon talla M y armador de arco Avalon.","robots":{"index":"index","follow":"follow","max-snippet":"max-snippet:-1","max-image-preview":"max-image-preview:large","max-video-preview":"max-video-preview:-1"},"canonical":"https:\/\/moitoarchery.com\/en\/product\/kit-arco-olimpico-dx-explorer-con-todo-el-equipamiento\/","og_locale":"en_US","og_type":"article","og_title":"Kit Arco Ol\u00edmpico DX Explorer con todo el equipamiento - MoitoArchery","og_description":"El kit arco ol\u00edmpico DX Prelude incluye todo lo necesario para un rendimiento de alta calidad en el tiro con arco: Cuerpo WNS Explore DX 25\" RH \/ LH, Palas ILF WNS Explore W1 para arco ol\u00edmpico, cuerda Avalon 99R Carrera, nock, reposaflechas magn\u00e9tico RF-RF WNS ajustable, bot\u00f3n de presi\u00f3n Avalon Tyro, soporte Avalon Basic, 6 flechas completas Avalon Tyro 4.2, mochila Avalon Tyro con tubo portaflechas, carcaj Avalon Tyro 2.0 con tres tubos de cintura y bolsillo lateral, visor Avalon Tyro Metal, dactilera Avalon Tyro RH\/LH, estabilizador largo Avalon Tyro (26\u201d, 28\u201d o 30\u201d), protector de brazo Avalon talla M y armador de arco Avalon.","og_url":"https:\/\/moitoarchery.com\/en\/product\/kit-arco-olimpico-dx-explorer-con-todo-el-equipamiento\/","og_site_name":"MoitoArchery","article_publisher":"https:\/\/www.facebook.com\/arqueriaOnline\/","article_modified_time":"2026-04-16T09:21:01+00:00","og_image":[{"width":800,"height":800,"url":"https:\/\/moitoarchery.com\/wp-content\/uploads\/2025\/10\/DX-EXPLORE.jpg","type":"image\/jpeg"}],"twitter_card":"summary_large_image","twitter_misc":{"Est. reading time":"2 minutes"},"schema":{"@context":"https:\/\/schema.org","@graph":[{"@type":"WebPage","@id":"https:\/\/moitoarchery.com\/en\/product\/kit-arco-olimpico-dx-explorer-con-todo-el-equipamiento\/","url":"https:\/\/moitoarchery.com\/en\/product\/kit-arco-olimpico-dx-explorer-con-todo-el-equipamiento\/","name":"Kit Arco Ol\u00edmpico DX Explorer con todo el equipamiento - MoitoArchery","isPartOf":{"@id":"https:\/\/moitoarchery.com\/en\/#website"},"primaryImageOfPage":{"@id":"https:\/\/moitoarchery.com\/en\/product\/kit-arco-olimpico-dx-explorer-con-todo-el-equipamiento\/#primaryimage"},"image":{"@id":"https:\/\/moitoarchery.com\/en\/product\/kit-arco-olimpico-dx-explorer-con-todo-el-equipamiento\/#primaryimage"},"thumbnailUrl":"https:\/\/moitoarchery.com\/wp-content\/uploads\/2025\/10\/DX-EXPLORE.jpg","datePublished":"2025-10-23T14:40:07+00:00","dateModified":"2026-04-16T09:21:01+00:00","description":"El kit arco ol\u00edmpico DX Prelude incluye todo lo necesario para un rendimiento de alta calidad en el tiro con arco: Cuerpo WNS Explore DX 25\" RH \/ LH, Palas ILF WNS Explore W1 para arco ol\u00edmpico, cuerda Avalon 99R Carrera, nock, reposaflechas magn\u00e9tico RF-RF WNS ajustable, bot\u00f3n de presi\u00f3n Avalon Tyro, soporte Avalon Basic, 6 flechas completas Avalon Tyro 4.2, mochila Avalon Tyro con tubo portaflechas, carcaj Avalon Tyro 2.0 con tres tubos de cintura y bolsillo lateral, visor Avalon Tyro Metal, dactilera Avalon Tyro RH\/LH, estabilizador largo Avalon Tyro (26\u201d, 28\u201d o 30\u201d), protector de brazo Avalon talla M y armador de arco Avalon.","breadcrumb":{"@id":"https:\/\/moitoarchery.com\/en\/product\/kit-arco-olimpico-dx-explorer-con-todo-el-equipamiento\/#breadcrumb"},"inLanguage":"en-US","potentialAction":[{"@type":"ReadAction","target":["https:\/\/moitoarchery.com\/en\/product\/kit-arco-olimpico-dx-explorer-con-todo-el-equipamiento\/"]}]},{"@type":"ImageObject","inLanguage":"en-US","@id":"https:\/\/moitoarchery.com\/en\/product\/kit-arco-olimpico-dx-explorer-con-todo-el-equipamiento\/#primaryimage","url":"https:\/\/moitoarchery.com\/wp-content\/uploads\/2025\/10\/DX-EXPLORE.jpg","contentUrl":"https:\/\/moitoarchery.com\/wp-content\/uploads\/2025\/10\/DX-EXPLORE.jpg","width":800,"height":800,"caption":"Kit DX Explorer con todo el equipamiento"},{"@type":"BreadcrumbList","@id":"https:\/\/moitoarchery.com\/en\/product\/kit-arco-olimpico-dx-explorer-con-todo-el-equipamiento\/#breadcrumb","itemListElement":[{"@type":"ListItem","position":1,"name":"Portada","item":"https:\/\/moitoarchery.com\/en\/"},{"@type":"ListItem","position":2,"name":"Shop","item":"https:\/\/moitoarchery.com\/en\/shop\/"},{"@type":"ListItem","position":3,"name":"Kit Arco Ol\u00edmpico DX Explorer con todo el equipamiento"}]},{"@type":"WebSite","@id":"https:\/\/moitoarchery.com\/en\/#website","url":"https:\/\/moitoarchery.com\/en\/","name":"MoitoArchery","description":"Tienda de Tiro con arco","publisher":{"@id":"https:\/\/moitoarchery.com\/en\/#organization"},"potentialAction":[{"@type":"SearchAction","target":{"@type":"EntryPoint","urlTemplate":"https:\/\/moitoarchery.com\/en\/?s={search_term_string}"},"query-input":{"@type":"PropertyValueSpecification","valueRequired":true,"valueName":"search_term_string"}}],"inLanguage":"en-US"},{"@type":"Organization","@id":"https:\/\/moitoarchery.com\/en\/#organization","name":"MoitoArchery","url":"https:\/\/moitoarchery.com\/en\/","logo":{"@type":"ImageObject","inLanguage":"en-US","@id":"https:\/\/moitoarchery.com\/en\/#\/schema\/logo\/image\/","url":"https:\/\/moitoarchery.com\/wp-content\/uploads\/2020\/09\/logotipo-moitoarchery.png","contentUrl":"https:\/\/moitoarchery.com\/wp-content\/uploads\/2020\/09\/logotipo-moitoarchery.png","width":300,"height":66,"caption":"MoitoArchery"},"image":{"@id":"https:\/\/moitoarchery.com\/en\/#\/schema\/logo\/image\/"},"sameAs":["https:\/\/www.facebook.com\/arqueriaOnline\/","https:\/\/www.instagram.com\/moitoarchery\/","https:\/\/www.youtube.com\/channel\/UCvmj39gVUIKVoJJ6vQC9GPA\/"]}]}},"_links":{"self":[{"href":"https:\/\/moitoarchery.com\/en\/wp-json\/wp\/v2\/product\/117128","targetHints":{"allow":["GET"]}}],"collection":[{"href":"https:\/\/moitoarchery.com\/en\/wp-json\/wp\/v2\/product"}],"about":[{"href":"https:\/\/moitoarchery.com\/en\/wp-json\/wp\/v2\/types\/product"}],"replies":[{"embeddable":true,"href":"https:\/\/moitoarchery.com\/en\/wp-json\/wp\/v2\/comments?post=117128"}],"version-history":[{"count":2,"href":"https:\/\/moitoarchery.com\/en\/wp-json\/wp\/v2\/product\/117128\/revisions"}],"predecessor-version":[{"id":132708,"href":"https:\/\/moitoarchery.com\/en\/wp-json\/wp\/v2\/product\/117128\/revisions\/132708"}],"wp:featuredmedia":[{"embeddable":true,"href":"https:\/\/moitoarchery.com\/en\/wp-json\/wp\/v2\/media\/117130"}],"wp:attachment":[{"href":"https:\/\/moitoarchery.com\/en\/wp-json\/wp\/v2\/media?parent=117128"}],"wp:term":[{"taxonomy":"product_brand","embeddable":true,"href":"https:\/\/moitoarchery.com\/en\/wp-json\/wp\/v2\/product_brand?post=117128"},{"taxonomy":"product_cat","embeddable":true,"href":"https:\/\/moitoarchery.com\/en\/wp-json\/wp\/v2\/product_cat?post=117128"},{"taxonomy":"product_tag","embeddable":true,"href":"https:\/\/moitoarchery.com\/en\/wp-json\/wp\/v2\/product_tag?post=117128"}],"curies":[{"name":"wp","href":"https:\/\/api.w.org\/{rel}","templated":true}]}}