{"id":117040,"date":"2025-10-23T11:01:03","date_gmt":"2025-10-23T09:01:03","guid":{"rendered":"https:\/\/moitoarchery.com\/?post_type=product&#038;p=117040"},"modified":"2026-04-16T11:20:59","modified_gmt":"2026-04-16T09:20:59","slug":"adaptador-picatinny-para-bipode-en-canon-maximal","status":"publish","type":"product","link":"https:\/\/moitoarchery.com\/en\/product\/adaptador-picatinny-para-bipode-en-canon-maximal\/","title":{"rendered":"Adaptador Picatinny para Bipode en Ca\u00f1\u00f3n MAXIMAL"},"content":{"rendered":"<p data-start=\"174\" data-end=\"601\">El <strong data-start=\"177\" data-end=\"229\">Adaptador Picatinny para Bipode en Ca\u00f1\u00f3n MAXIMAL<\/strong> transforma tu carabina de aire en una plataforma estable y vers\u00e1til, permitiendo montar bipodes est\u00e1ndar Picatinny\/Weaver directamente en el ca\u00f1\u00f3n sin necesidad de rieles superiores. Dise\u00f1ado para ofrecer un agarre seguro y sin juego, este adaptador es ideal para tiradores que buscan mejorar la estabilidad en disparos de precisi\u00f3n, sesiones de pr\u00e1ctica o competiciones.<\/p>\n<p data-start=\"603\" data-end=\"983\">Su dise\u00f1o compacto y de perfil bajo minimiza la interferencia con la ergonom\u00eda del arma y facilita la colocaci\u00f3n del bipode en la posici\u00f3n \u00f3ptima. Fabricado pensando en la durabilidad y uso continuado, el adaptador MAXIMAL es una soluci\u00f3n pr\u00e1ctica para convertir r\u00e1pidamente carabinas de aire comprimido en plataformas aptas para bipode, sin modificaciones permanentes en el arma.<\/p>\n<h2 data-start=\"985\" data-end=\"1029\">Caracter\u00edsticas principales<\/h2>\n<ul data-start=\"1030\" data-end=\"1665\">\n<li data-start=\"1030\" data-end=\"1111\">\n<p data-start=\"1032\" data-end=\"1111\"><strong data-start=\"1034\" data-end=\"1080\">Permite montaje de bipode Picatinny\/Weaver<\/strong> directamente sobre el ca\u00f1\u00f3n.<\/p>\n<\/li>\n<li data-start=\"1112\" data-end=\"1192\">\n<p data-start=\"1114\" data-end=\"1192\"><strong data-start=\"1117\" data-end=\"1145\">Dise\u00f1o de sujeci\u00f3n firme<\/strong> que minimiza juego y mantiene la alineaci\u00f3n.<\/p>\n<\/li>\n<li data-start=\"1193\" data-end=\"1283\">\n<p data-start=\"1195\" data-end=\"1283\"><strong data-start=\"1198\" data-end=\"1226\">Perfil compacto y ligero<\/strong> \u2014 no altera significativamente el equilibrio del arma.<\/p>\n<\/li>\n<li data-start=\"1284\" data-end=\"1372\">\n<p data-start=\"1286\" data-end=\"1372\"><strong data-start=\"1289\" data-end=\"1313\">Instalaci\u00f3n sencilla<\/strong> \u2014 montaje sin modificaciones permanentes en la carabina.<\/p>\n<\/li>\n<li data-start=\"1373\" data-end=\"1449\">\n<p data-start=\"1375\" data-end=\"1449\"><strong data-start=\"1378\" data-end=\"1405\">Construcci\u00f3n resistente<\/strong> adecuada para uso frecuente y transporte.<\/p>\n<\/li>\n<li data-start=\"1450\" data-end=\"1537\">\n<p data-start=\"1452\" data-end=\"1537\"><strong data-start=\"1455\" data-end=\"1480\">Mejora la estabilidad<\/strong> para disparos de precisi\u00f3n y entrenamiento con b\u00edpode.<\/p>\n<\/li>\n<li data-start=\"1538\" data-end=\"1665\">\n<p data-start=\"1540\" data-end=\"1665\"><strong data-start=\"1543\" data-end=\"1613\">Compatible con la mayor\u00eda de bipodes con interfaz Picatinny\/Weaver<\/strong> (comprueba medidas y compatibilidad con tu modelo).<\/p>\n<\/li>\n<\/ul>\n<p>&nbsp;<\/p>\n","protected":false},"excerpt":{"rendered":"<p data-start=\"174\" data-end=\"601\">El <strong data-start=\"177\" data-end=\"229\">Adaptador Picatinny para Bipode en Ca\u00f1\u00f3n MAXIMAL<\/strong> transforma tu carabina de aire en una plataforma estable y vers\u00e1til, permitiendo montar bipodes est\u00e1ndar Picatinny\/Weaver directamente en el ca\u00f1\u00f3n sin necesidad de rieles superiores. Dise\u00f1ado para ofrecer un agarre seguro y sin juego, este adaptador es ideal para tiradores que buscan mejorar la estabilidad en disparos de precisi\u00f3n, sesiones de pr\u00e1ctica o competiciones.<\/p>\n<p data-start=\"603\" data-end=\"983\">Su dise\u00f1o compacto y de perfil bajo minimiza la interferencia con la ergonom\u00eda del arma y facilita la colocaci\u00f3n del bipode en la posici\u00f3n \u00f3ptima. Fabricado pensando en la durabilidad y uso continuado, el adaptador MAXIMAL es una soluci\u00f3n pr\u00e1ctica para convertir r\u00e1pidamente carabinas de aire comprimido en plataformas aptas para bipode, sin modificaciones permanentes en el arma.<\/p>\n","protected":false},"featured_media":117041,"comment_status":"open","ping_status":"closed","template":"","meta":{"_acf_changed":false},"product_brand":[4066],"product_cat":[4411,4410,115],"product_tag":[],"class_list":{"0":"post-117040","1":"product","2":"type-product","3":"status-publish","4":"has-post-thumbnail","6":"product_brand-maximal","7":"product_cat-accesorios-carabinas-aire","8":"product_cat-carabinas-y-pistolas-aire","9":"product_cat-accesorios-varios","11":"first","12":"onbackorder","13":"taxable","14":"shipping-taxable","15":"purchasable","16":"product-type-simple"},"acf":[],"yoast_head":"<!-- This site is optimized with the Yoast SEO plugin v27.5 - https:\/\/yoast.com\/product\/yoast-seo-wordpress\/ -->\n<title>Adaptador Picatinny para Bipode en Ca\u00f1\u00f3n MAXIMAL - MoitoArchery<\/title>\n<meta name=\"description\" content=\"El Adaptador Picatinny para Bipode en Ca\u00f1\u00f3n MAXIMAL transforma tu carabina de aire en una plataforma estable y vers\u00e1til, permitiendo montar bipodes est\u00e1ndar Picatinny\/Weaver directamente en el ca\u00f1\u00f3n sin necesidad de rieles superiores. Dise\u00f1ado para ofrecer un agarre seguro y sin juego, este adaptador es ideal para tiradores que buscan mejorar la estabilidad en disparos de precisi\u00f3n, sesiones de pr\u00e1ctica o competiciones.Su dise\u00f1o compacto y de perfil bajo minimiza la interferencia con la ergonom\u00eda del arma y facilita la colocaci\u00f3n del bipode en la posici\u00f3n \u00f3ptima. Fabricado pensando en la durabilidad y uso continuado, el adaptador MAXIMAL es una soluci\u00f3n pr\u00e1ctica para convertir r\u00e1pidamente carabinas de aire comprimido en plataformas aptas para bipode, sin modificaciones permanentes en el arma.\" \/>\n<meta name=\"robots\" content=\"index, follow, max-snippet:-1, max-image-preview:large, max-video-preview:-1\" \/>\n<link rel=\"canonical\" href=\"https:\/\/moitoarchery.com\/en\/product\/adaptador-picatinny-para-bipode-en-canon-maximal\/\" \/>\n<meta property=\"og:locale\" content=\"en_US\" \/>\n<meta property=\"og:type\" content=\"article\" \/>\n<meta property=\"og:title\" content=\"Adaptador Picatinny para Bipode en Ca\u00f1\u00f3n MAXIMAL - MoitoArchery\" \/>\n<meta property=\"og:description\" content=\"El Adaptador Picatinny para Bipode en Ca\u00f1\u00f3n MAXIMAL transforma tu carabina de aire en una plataforma estable y vers\u00e1til, permitiendo montar bipodes est\u00e1ndar Picatinny\/Weaver directamente en el ca\u00f1\u00f3n sin necesidad de rieles superiores. Dise\u00f1ado para ofrecer un agarre seguro y sin juego, este adaptador es ideal para tiradores que buscan mejorar la estabilidad en disparos de precisi\u00f3n, sesiones de pr\u00e1ctica o competiciones.Su dise\u00f1o compacto y de perfil bajo minimiza la interferencia con la ergonom\u00eda del arma y facilita la colocaci\u00f3n del bipode en la posici\u00f3n \u00f3ptima. Fabricado pensando en la durabilidad y uso continuado, el adaptador MAXIMAL es una soluci\u00f3n pr\u00e1ctica para convertir r\u00e1pidamente carabinas de aire comprimido en plataformas aptas para bipode, sin modificaciones permanentes en el arma.\" \/>\n<meta property=\"og:url\" content=\"https:\/\/moitoarchery.com\/en\/product\/adaptador-picatinny-para-bipode-en-canon-maximal\/\" \/>\n<meta property=\"og:site_name\" content=\"MoitoArchery\" \/>\n<meta property=\"article:publisher\" content=\"https:\/\/www.facebook.com\/arqueriaOnline\/\" \/>\n<meta property=\"article:modified_time\" content=\"2026-04-16T09:20:59+00:00\" \/>\n<meta property=\"og:image\" content=\"https:\/\/moitoarchery.com\/wp-content\/uploads\/2025\/10\/a057096_1.jpg\" \/>\n\t<meta property=\"og:image:width\" content=\"800\" \/>\n\t<meta property=\"og:image:height\" content=\"800\" \/>\n\t<meta property=\"og:image:type\" content=\"image\/jpeg\" \/>\n<meta name=\"twitter:card\" content=\"summary_large_image\" \/>\n<meta name=\"twitter:label1\" content=\"Est. reading time\" \/>\n\t<meta name=\"twitter:data1\" content=\"2 minutes\" \/>\n<script type=\"application\/ld+json\" class=\"yoast-schema-graph\">{\"@context\":\"https:\\\/\\\/schema.org\",\"@graph\":[{\"@type\":\"WebPage\",\"@id\":\"https:\\\/\\\/moitoarchery.com\\\/en\\\/product\\\/adaptador-picatinny-para-bipode-en-canon-maximal\\\/\",\"url\":\"https:\\\/\\\/moitoarchery.com\\\/en\\\/product\\\/adaptador-picatinny-para-bipode-en-canon-maximal\\\/\",\"name\":\"Adaptador Picatinny para Bipode en Ca\u00f1\u00f3n MAXIMAL - MoitoArchery\",\"isPartOf\":{\"@id\":\"https:\\\/\\\/moitoarchery.com\\\/en\\\/#website\"},\"primaryImageOfPage\":{\"@id\":\"https:\\\/\\\/moitoarchery.com\\\/en\\\/product\\\/adaptador-picatinny-para-bipode-en-canon-maximal\\\/#primaryimage\"},\"image\":{\"@id\":\"https:\\\/\\\/moitoarchery.com\\\/en\\\/product\\\/adaptador-picatinny-para-bipode-en-canon-maximal\\\/#primaryimage\"},\"thumbnailUrl\":\"https:\\\/\\\/moitoarchery.com\\\/wp-content\\\/uploads\\\/2025\\\/10\\\/a057096_1.jpg\",\"datePublished\":\"2025-10-23T09:01:03+00:00\",\"dateModified\":\"2026-04-16T09:20:59+00:00\",\"description\":\"El Adaptador Picatinny para Bipode en Ca\u00f1\u00f3n MAXIMAL transforma tu carabina de aire en una plataforma estable y vers\u00e1til, permitiendo montar bipodes est\u00e1ndar Picatinny\\\/Weaver directamente en el ca\u00f1\u00f3n sin necesidad de rieles superiores. Dise\u00f1ado para ofrecer un agarre seguro y sin juego, este adaptador es ideal para tiradores que buscan mejorar la estabilidad en disparos de precisi\u00f3n, sesiones de pr\u00e1ctica o competiciones.Su dise\u00f1o compacto y de perfil bajo minimiza la interferencia con la ergonom\u00eda del arma y facilita la colocaci\u00f3n del bipode en la posici\u00f3n \u00f3ptima. Fabricado pensando en la durabilidad y uso continuado, el adaptador MAXIMAL es una soluci\u00f3n pr\u00e1ctica para convertir r\u00e1pidamente carabinas de aire comprimido en plataformas aptas para bipode, sin modificaciones permanentes en el arma.\",\"breadcrumb\":{\"@id\":\"https:\\\/\\\/moitoarchery.com\\\/en\\\/product\\\/adaptador-picatinny-para-bipode-en-canon-maximal\\\/#breadcrumb\"},\"inLanguage\":\"en-US\",\"potentialAction\":[{\"@type\":\"ReadAction\",\"target\":[\"https:\\\/\\\/moitoarchery.com\\\/en\\\/product\\\/adaptador-picatinny-para-bipode-en-canon-maximal\\\/\"]}]},{\"@type\":\"ImageObject\",\"inLanguage\":\"en-US\",\"@id\":\"https:\\\/\\\/moitoarchery.com\\\/en\\\/product\\\/adaptador-picatinny-para-bipode-en-canon-maximal\\\/#primaryimage\",\"url\":\"https:\\\/\\\/moitoarchery.com\\\/wp-content\\\/uploads\\\/2025\\\/10\\\/a057096_1.jpg\",\"contentUrl\":\"https:\\\/\\\/moitoarchery.com\\\/wp-content\\\/uploads\\\/2025\\\/10\\\/a057096_1.jpg\",\"width\":800,\"height\":800,\"caption\":\"Adaptador Picatinny para Bipode en Ca\u00f1\u00f3n MAXIMAL\"},{\"@type\":\"BreadcrumbList\",\"@id\":\"https:\\\/\\\/moitoarchery.com\\\/en\\\/product\\\/adaptador-picatinny-para-bipode-en-canon-maximal\\\/#breadcrumb\",\"itemListElement\":[{\"@type\":\"ListItem\",\"position\":1,\"name\":\"Portada\",\"item\":\"https:\\\/\\\/moitoarchery.com\\\/en\\\/\"},{\"@type\":\"ListItem\",\"position\":2,\"name\":\"Shop\",\"item\":\"https:\\\/\\\/moitoarchery.com\\\/en\\\/shop\\\/\"},{\"@type\":\"ListItem\",\"position\":3,\"name\":\"Adaptador Picatinny para Bipode en Ca\u00f1\u00f3n MAXIMAL\"}]},{\"@type\":\"WebSite\",\"@id\":\"https:\\\/\\\/moitoarchery.com\\\/en\\\/#website\",\"url\":\"https:\\\/\\\/moitoarchery.com\\\/en\\\/\",\"name\":\"MoitoArchery\",\"description\":\"Tienda de Tiro con arco\",\"publisher\":{\"@id\":\"https:\\\/\\\/moitoarchery.com\\\/en\\\/#organization\"},\"potentialAction\":[{\"@type\":\"SearchAction\",\"target\":{\"@type\":\"EntryPoint\",\"urlTemplate\":\"https:\\\/\\\/moitoarchery.com\\\/en\\\/?s={search_term_string}\"},\"query-input\":{\"@type\":\"PropertyValueSpecification\",\"valueRequired\":true,\"valueName\":\"search_term_string\"}}],\"inLanguage\":\"en-US\"},{\"@type\":\"Organization\",\"@id\":\"https:\\\/\\\/moitoarchery.com\\\/en\\\/#organization\",\"name\":\"MoitoArchery\",\"url\":\"https:\\\/\\\/moitoarchery.com\\\/en\\\/\",\"logo\":{\"@type\":\"ImageObject\",\"inLanguage\":\"en-US\",\"@id\":\"https:\\\/\\\/moitoarchery.com\\\/en\\\/#\\\/schema\\\/logo\\\/image\\\/\",\"url\":\"https:\\\/\\\/moitoarchery.com\\\/wp-content\\\/uploads\\\/2020\\\/09\\\/logotipo-moitoarchery.png\",\"contentUrl\":\"https:\\\/\\\/moitoarchery.com\\\/wp-content\\\/uploads\\\/2020\\\/09\\\/logotipo-moitoarchery.png\",\"width\":300,\"height\":66,\"caption\":\"MoitoArchery\"},\"image\":{\"@id\":\"https:\\\/\\\/moitoarchery.com\\\/en\\\/#\\\/schema\\\/logo\\\/image\\\/\"},\"sameAs\":[\"https:\\\/\\\/www.facebook.com\\\/arqueriaOnline\\\/\",\"https:\\\/\\\/www.instagram.com\\\/moitoarchery\\\/\",\"https:\\\/\\\/www.youtube.com\\\/channel\\\/UCvmj39gVUIKVoJJ6vQC9GPA\\\/\"]}]}<\/script>\n<!-- \/ Yoast SEO plugin. -->","yoast_head_json":{"title":"Adaptador Picatinny para Bipode en Ca\u00f1\u00f3n MAXIMAL - MoitoArchery","description":"El Adaptador Picatinny para Bipode en Ca\u00f1\u00f3n MAXIMAL transforma tu carabina de aire en una plataforma estable y vers\u00e1til, permitiendo montar bipodes est\u00e1ndar Picatinny\/Weaver directamente en el ca\u00f1\u00f3n sin necesidad de rieles superiores. Dise\u00f1ado para ofrecer un agarre seguro y sin juego, este adaptador es ideal para tiradores que buscan mejorar la estabilidad en disparos de precisi\u00f3n, sesiones de pr\u00e1ctica o competiciones.Su dise\u00f1o compacto y de perfil bajo minimiza la interferencia con la ergonom\u00eda del arma y facilita la colocaci\u00f3n del bipode en la posici\u00f3n \u00f3ptima. Fabricado pensando en la durabilidad y uso continuado, el adaptador MAXIMAL es una soluci\u00f3n pr\u00e1ctica para convertir r\u00e1pidamente carabinas de aire comprimido en plataformas aptas para bipode, sin modificaciones permanentes en el arma.","robots":{"index":"index","follow":"follow","max-snippet":"max-snippet:-1","max-image-preview":"max-image-preview:large","max-video-preview":"max-video-preview:-1"},"canonical":"https:\/\/moitoarchery.com\/en\/product\/adaptador-picatinny-para-bipode-en-canon-maximal\/","og_locale":"en_US","og_type":"article","og_title":"Adaptador Picatinny para Bipode en Ca\u00f1\u00f3n MAXIMAL - MoitoArchery","og_description":"El Adaptador Picatinny para Bipode en Ca\u00f1\u00f3n MAXIMAL transforma tu carabina de aire en una plataforma estable y vers\u00e1til, permitiendo montar bipodes est\u00e1ndar Picatinny\/Weaver directamente en el ca\u00f1\u00f3n sin necesidad de rieles superiores. Dise\u00f1ado para ofrecer un agarre seguro y sin juego, este adaptador es ideal para tiradores que buscan mejorar la estabilidad en disparos de precisi\u00f3n, sesiones de pr\u00e1ctica o competiciones.Su dise\u00f1o compacto y de perfil bajo minimiza la interferencia con la ergonom\u00eda del arma y facilita la colocaci\u00f3n del bipode en la posici\u00f3n \u00f3ptima. Fabricado pensando en la durabilidad y uso continuado, el adaptador MAXIMAL es una soluci\u00f3n pr\u00e1ctica para convertir r\u00e1pidamente carabinas de aire comprimido en plataformas aptas para bipode, sin modificaciones permanentes en el arma.","og_url":"https:\/\/moitoarchery.com\/en\/product\/adaptador-picatinny-para-bipode-en-canon-maximal\/","og_site_name":"MoitoArchery","article_publisher":"https:\/\/www.facebook.com\/arqueriaOnline\/","article_modified_time":"2026-04-16T09:20:59+00:00","og_image":[{"width":800,"height":800,"url":"https:\/\/moitoarchery.com\/wp-content\/uploads\/2025\/10\/a057096_1.jpg","type":"image\/jpeg"}],"twitter_card":"summary_large_image","twitter_misc":{"Est. reading time":"2 minutes"},"schema":{"@context":"https:\/\/schema.org","@graph":[{"@type":"WebPage","@id":"https:\/\/moitoarchery.com\/en\/product\/adaptador-picatinny-para-bipode-en-canon-maximal\/","url":"https:\/\/moitoarchery.com\/en\/product\/adaptador-picatinny-para-bipode-en-canon-maximal\/","name":"Adaptador Picatinny para Bipode en Ca\u00f1\u00f3n MAXIMAL - MoitoArchery","isPartOf":{"@id":"https:\/\/moitoarchery.com\/en\/#website"},"primaryImageOfPage":{"@id":"https:\/\/moitoarchery.com\/en\/product\/adaptador-picatinny-para-bipode-en-canon-maximal\/#primaryimage"},"image":{"@id":"https:\/\/moitoarchery.com\/en\/product\/adaptador-picatinny-para-bipode-en-canon-maximal\/#primaryimage"},"thumbnailUrl":"https:\/\/moitoarchery.com\/wp-content\/uploads\/2025\/10\/a057096_1.jpg","datePublished":"2025-10-23T09:01:03+00:00","dateModified":"2026-04-16T09:20:59+00:00","description":"El Adaptador Picatinny para Bipode en Ca\u00f1\u00f3n MAXIMAL transforma tu carabina de aire en una plataforma estable y vers\u00e1til, permitiendo montar bipodes est\u00e1ndar Picatinny\/Weaver directamente en el ca\u00f1\u00f3n sin necesidad de rieles superiores. Dise\u00f1ado para ofrecer un agarre seguro y sin juego, este adaptador es ideal para tiradores que buscan mejorar la estabilidad en disparos de precisi\u00f3n, sesiones de pr\u00e1ctica o competiciones.Su dise\u00f1o compacto y de perfil bajo minimiza la interferencia con la ergonom\u00eda del arma y facilita la colocaci\u00f3n del bipode en la posici\u00f3n \u00f3ptima. Fabricado pensando en la durabilidad y uso continuado, el adaptador MAXIMAL es una soluci\u00f3n pr\u00e1ctica para convertir r\u00e1pidamente carabinas de aire comprimido en plataformas aptas para bipode, sin modificaciones permanentes en el arma.","breadcrumb":{"@id":"https:\/\/moitoarchery.com\/en\/product\/adaptador-picatinny-para-bipode-en-canon-maximal\/#breadcrumb"},"inLanguage":"en-US","potentialAction":[{"@type":"ReadAction","target":["https:\/\/moitoarchery.com\/en\/product\/adaptador-picatinny-para-bipode-en-canon-maximal\/"]}]},{"@type":"ImageObject","inLanguage":"en-US","@id":"https:\/\/moitoarchery.com\/en\/product\/adaptador-picatinny-para-bipode-en-canon-maximal\/#primaryimage","url":"https:\/\/moitoarchery.com\/wp-content\/uploads\/2025\/10\/a057096_1.jpg","contentUrl":"https:\/\/moitoarchery.com\/wp-content\/uploads\/2025\/10\/a057096_1.jpg","width":800,"height":800,"caption":"Adaptador Picatinny para Bipode en Ca\u00f1\u00f3n MAXIMAL"},{"@type":"BreadcrumbList","@id":"https:\/\/moitoarchery.com\/en\/product\/adaptador-picatinny-para-bipode-en-canon-maximal\/#breadcrumb","itemListElement":[{"@type":"ListItem","position":1,"name":"Portada","item":"https:\/\/moitoarchery.com\/en\/"},{"@type":"ListItem","position":2,"name":"Shop","item":"https:\/\/moitoarchery.com\/en\/shop\/"},{"@type":"ListItem","position":3,"name":"Adaptador Picatinny para Bipode en Ca\u00f1\u00f3n MAXIMAL"}]},{"@type":"WebSite","@id":"https:\/\/moitoarchery.com\/en\/#website","url":"https:\/\/moitoarchery.com\/en\/","name":"MoitoArchery","description":"Tienda de Tiro con arco","publisher":{"@id":"https:\/\/moitoarchery.com\/en\/#organization"},"potentialAction":[{"@type":"SearchAction","target":{"@type":"EntryPoint","urlTemplate":"https:\/\/moitoarchery.com\/en\/?s={search_term_string}"},"query-input":{"@type":"PropertyValueSpecification","valueRequired":true,"valueName":"search_term_string"}}],"inLanguage":"en-US"},{"@type":"Organization","@id":"https:\/\/moitoarchery.com\/en\/#organization","name":"MoitoArchery","url":"https:\/\/moitoarchery.com\/en\/","logo":{"@type":"ImageObject","inLanguage":"en-US","@id":"https:\/\/moitoarchery.com\/en\/#\/schema\/logo\/image\/","url":"https:\/\/moitoarchery.com\/wp-content\/uploads\/2020\/09\/logotipo-moitoarchery.png","contentUrl":"https:\/\/moitoarchery.com\/wp-content\/uploads\/2020\/09\/logotipo-moitoarchery.png","width":300,"height":66,"caption":"MoitoArchery"},"image":{"@id":"https:\/\/moitoarchery.com\/en\/#\/schema\/logo\/image\/"},"sameAs":["https:\/\/www.facebook.com\/arqueriaOnline\/","https:\/\/www.instagram.com\/moitoarchery\/","https:\/\/www.youtube.com\/channel\/UCvmj39gVUIKVoJJ6vQC9GPA\/"]}]}},"_links":{"self":[{"href":"https:\/\/moitoarchery.com\/en\/wp-json\/wp\/v2\/product\/117040","targetHints":{"allow":["GET"]}}],"collection":[{"href":"https:\/\/moitoarchery.com\/en\/wp-json\/wp\/v2\/product"}],"about":[{"href":"https:\/\/moitoarchery.com\/en\/wp-json\/wp\/v2\/types\/product"}],"replies":[{"embeddable":true,"href":"https:\/\/moitoarchery.com\/en\/wp-json\/wp\/v2\/comments?post=117040"}],"version-history":[{"count":1,"href":"https:\/\/moitoarchery.com\/en\/wp-json\/wp\/v2\/product\/117040\/revisions"}],"predecessor-version":[{"id":132698,"href":"https:\/\/moitoarchery.com\/en\/wp-json\/wp\/v2\/product\/117040\/revisions\/132698"}],"wp:featuredmedia":[{"embeddable":true,"href":"https:\/\/moitoarchery.com\/en\/wp-json\/wp\/v2\/media\/117041"}],"wp:attachment":[{"href":"https:\/\/moitoarchery.com\/en\/wp-json\/wp\/v2\/media?parent=117040"}],"wp:term":[{"taxonomy":"product_brand","embeddable":true,"href":"https:\/\/moitoarchery.com\/en\/wp-json\/wp\/v2\/product_brand?post=117040"},{"taxonomy":"product_cat","embeddable":true,"href":"https:\/\/moitoarchery.com\/en\/wp-json\/wp\/v2\/product_cat?post=117040"},{"taxonomy":"product_tag","embeddable":true,"href":"https:\/\/moitoarchery.com\/en\/wp-json\/wp\/v2\/product_tag?post=117040"}],"curies":[{"name":"wp","href":"https:\/\/api.w.org\/{rel}","templated":true}]}}