{"id":116181,"date":"2025-10-16T09:54:47","date_gmt":"2025-10-16T07:54:47","guid":{"rendered":"https:\/\/moitoarchery.com\/?post_type=product&#038;p=116181"},"modified":"2026-04-16T11:54:27","modified_gmt":"2026-04-16T09:54:27","slug":"bobina-bcy-1-4-b97-dynaflight-para-hacer-cuerdas","status":"publish","type":"product","link":"https:\/\/moitoarchery.com\/en\/product\/bobina-bcy-1-4-b97-dynaflight-para-hacer-cuerdas\/","title":{"rendered":"Bobina BCY 1\/4 B97 Dynaflight para hacer cuerdas"},"content":{"rendered":"<p data-start=\"340\" data-end=\"671\">La <strong data-start=\"405\" data-end=\"438\">Bobina BCY 1\/4 B97 Dynaflight<\/strong> es un hilo de alta calidad dise\u00f1ado espec\u00edficamente para la fabricaci\u00f3n de cuerdas de arco. Compuesta por una mezcla de <strong data-start=\"559\" data-end=\"583\">poli\u00e9ster y Dyneema\u00ae<\/strong>, esta fibra ofrece una excelente combinaci\u00f3n de resistencia, estabilidad y durabilidad.<\/p>\n<p data-start=\"673\" data-end=\"849\">Perfecta para arcos recurvos, longbows y compuestos, esta bobina permite fabricar cuerdas de alto rendimiento con una m\u00ednima elongaci\u00f3n inicial y una gran consistencia de tiro.<\/p>\n<h3 data-start=\"851\" data-end=\"886\">\ud83d\udd27 Caracter\u00edsticas principales:<\/h3>\n<ul data-start=\"887\" data-end=\"1195\">\n<li data-start=\"887\" data-end=\"936\">\n<p data-start=\"889\" data-end=\"936\">\ud83d\udca0 <strong data-start=\"892\" data-end=\"904\">Material<\/strong>: 100% SK 75<\/p>\n<\/li>\n<li data-start=\"937\" data-end=\"989\">\n<p data-start=\"939\" data-end=\"989\">\ud83d\udccf <strong data-start=\"942\" data-end=\"952\">Tama\u00f1o<\/strong>: 1\/4 lb (aproximadamente 120 metros)<\/p>\n<\/li>\n<li data-start=\"990\" data-end=\"1069\">\n<p data-start=\"992\" data-end=\"1069\">\ud83e\uddf5 <strong data-start=\"995\" data-end=\"1011\">Tipo de hilo<\/strong>: B97 Dynaflight \u2013 conocido por su suavidad y flexibilidad<\/p>\n<\/li>\n<li data-start=\"1070\" data-end=\"1131\">\n<p data-start=\"1072\" data-end=\"1131\">\ud83c\udfaf <strong data-start=\"1075\" data-end=\"1089\">Ideal para<\/strong>: Cuerdas de arco tradicionales y modernos<\/p>\n<\/li>\n<li data-start=\"1132\" data-end=\"1195\">\n<p data-start=\"1134\" data-end=\"1195\">\u2699\ufe0f <strong data-start=\"1137\" data-end=\"1156\">Uso recomendado<\/strong>: Cuerdas principales y cables de arcos<\/p>\n<\/li>\n<\/ul>\n<h3 data-start=\"1197\" data-end=\"1214\">\u2705 Beneficios:<\/h3>\n<ul data-start=\"1215\" data-end=\"1438\">\n<li data-start=\"1215\" data-end=\"1277\">\n<p data-start=\"1217\" data-end=\"1277\">Bajo estiramiento inicial: mayor estabilidad en el disparo<\/p>\n<\/li>\n<li data-start=\"1278\" data-end=\"1336\">\n<p data-start=\"1280\" data-end=\"1336\">Suave al tacto: f\u00e1cil de manipular durante el trenzado<\/p>\n<\/li>\n<li data-start=\"1381\" data-end=\"1438\">\n<p data-start=\"1383\" data-end=\"1438\">Disponible en varios colores (consultar disponibilidad)<\/p>\n<\/li>\n<\/ul>\n","protected":false},"excerpt":{"rendered":"<p>El material de cuerda de arco de dacr\u00f3n BCY B55 es la mejor opci\u00f3n para arco largo tradicional y cuerdas de arco recurvo.<\/p>\n<p>B55 es 100% poli\u00e9ster con caracter\u00edsticas similares al dacron pero con mayor durabilidad y menor estiramiento.<\/p>\n<p>Es una cuerda con cierta elasticidad por lo que es adecuada para arcos que no tengan las puntas de las palas reforzadas como los arcos tradicionales, longbow y otros arcos antiguos.<\/p>\n","protected":false},"featured_media":116219,"comment_status":"open","ping_status":"closed","template":"","meta":{"_acf_changed":false},"product_brand":[4036],"product_cat":[108,3992],"product_tag":[806],"class_list":{"0":"post-116181","1":"product","2":"type-product","3":"status-publish","4":"has-post-thumbnail","6":"product_brand-bcy-bowstring","7":"product_cat-hilos-y-cuerdas","8":"product_cat-material-de-cuerda","9":"product_tag-mantenimiento-y-taller","11":"first","12":"instock","13":"sale","14":"taxable","15":"shipping-taxable","16":"purchasable","17":"product-type-variable"},"acf":[],"yoast_head":"<!-- This site is optimized with the Yoast SEO plugin v27.3 - https:\/\/yoast.com\/product\/yoast-seo-wordpress\/ -->\n<title>Bobina BCY 1\/4 B97 Dynaflight para hacer cuerdas - MoitoArchery<\/title>\n<meta name=\"description\" content=\"Hilo BCY B97 Dynaflight en bobina de 1\/4 lb. Perfecto para fabricar cuerdas de arco duraderas, con baja elongaci\u00f3n y alto rendimiento\" \/>\n<meta name=\"robots\" content=\"index, follow, max-snippet:-1, max-image-preview:large, max-video-preview:-1\" \/>\n<link rel=\"canonical\" href=\"https:\/\/moitoarchery.com\/en\/product\/bobina-bcy-1-4-b97-dynaflight-para-hacer-cuerdas\/\" \/>\n<meta property=\"og:locale\" content=\"en_US\" \/>\n<meta property=\"og:type\" content=\"article\" \/>\n<meta property=\"og:title\" content=\"Bobina BCY 1\/4 B97 Dynaflight para hacer cuerdas - MoitoArchery\" \/>\n<meta property=\"og:description\" content=\"Hilo BCY B97 Dynaflight en bobina de 1\/4 lb. Perfecto para fabricar cuerdas de arco duraderas, con baja elongaci\u00f3n y alto rendimiento\" \/>\n<meta property=\"og:url\" content=\"https:\/\/moitoarchery.com\/en\/product\/bobina-bcy-1-4-b97-dynaflight-para-hacer-cuerdas\/\" \/>\n<meta property=\"og:site_name\" content=\"MoitoArchery\" \/>\n<meta property=\"article:publisher\" content=\"https:\/\/www.facebook.com\/arqueriaOnline\/\" \/>\n<meta property=\"article:modified_time\" content=\"2026-04-16T09:54:27+00:00\" \/>\n<meta property=\"og:image\" content=\"https:\/\/moitoarchery.com\/wp-content\/uploads\/2025\/10\/bobina-bcy-d97.jpg\" \/>\n\t<meta property=\"og:image:width\" content=\"800\" \/>\n\t<meta property=\"og:image:height\" content=\"800\" \/>\n\t<meta property=\"og:image:type\" content=\"image\/jpeg\" \/>\n<meta name=\"twitter:card\" content=\"summary_large_image\" \/>\n<meta name=\"twitter:label1\" content=\"Est. reading time\" \/>\n\t<meta name=\"twitter:data1\" content=\"1 minute\" \/>\n<script type=\"application\/ld+json\" class=\"yoast-schema-graph\">{\"@context\":\"https:\\\/\\\/schema.org\",\"@graph\":[{\"@type\":\"WebPage\",\"@id\":\"https:\\\/\\\/moitoarchery.com\\\/en\\\/product\\\/bobina-bcy-1-4-b97-dynaflight-para-hacer-cuerdas\\\/\",\"url\":\"https:\\\/\\\/moitoarchery.com\\\/en\\\/product\\\/bobina-bcy-1-4-b97-dynaflight-para-hacer-cuerdas\\\/\",\"name\":\"Bobina BCY 1\\\/4 B97 Dynaflight para hacer cuerdas - MoitoArchery\",\"isPartOf\":{\"@id\":\"https:\\\/\\\/moitoarchery.com\\\/en\\\/#website\"},\"primaryImageOfPage\":{\"@id\":\"https:\\\/\\\/moitoarchery.com\\\/en\\\/product\\\/bobina-bcy-1-4-b97-dynaflight-para-hacer-cuerdas\\\/#primaryimage\"},\"image\":{\"@id\":\"https:\\\/\\\/moitoarchery.com\\\/en\\\/product\\\/bobina-bcy-1-4-b97-dynaflight-para-hacer-cuerdas\\\/#primaryimage\"},\"thumbnailUrl\":\"https:\\\/\\\/moitoarchery.com\\\/wp-content\\\/uploads\\\/2025\\\/10\\\/bobina-bcy-d97.jpg\",\"datePublished\":\"2025-10-16T07:54:47+00:00\",\"dateModified\":\"2026-04-16T09:54:27+00:00\",\"description\":\"Hilo BCY B97 Dynaflight en bobina de 1\\\/4 lb. Perfecto para fabricar cuerdas de arco duraderas, con baja elongaci\u00f3n y alto rendimiento\",\"breadcrumb\":{\"@id\":\"https:\\\/\\\/moitoarchery.com\\\/en\\\/product\\\/bobina-bcy-1-4-b97-dynaflight-para-hacer-cuerdas\\\/#breadcrumb\"},\"inLanguage\":\"en-US\",\"potentialAction\":[{\"@type\":\"ReadAction\",\"target\":[\"https:\\\/\\\/moitoarchery.com\\\/en\\\/product\\\/bobina-bcy-1-4-b97-dynaflight-para-hacer-cuerdas\\\/\"]}]},{\"@type\":\"ImageObject\",\"inLanguage\":\"en-US\",\"@id\":\"https:\\\/\\\/moitoarchery.com\\\/en\\\/product\\\/bobina-bcy-1-4-b97-dynaflight-para-hacer-cuerdas\\\/#primaryimage\",\"url\":\"https:\\\/\\\/moitoarchery.com\\\/wp-content\\\/uploads\\\/2025\\\/10\\\/bobina-bcy-d97.jpg\",\"contentUrl\":\"https:\\\/\\\/moitoarchery.com\\\/wp-content\\\/uploads\\\/2025\\\/10\\\/bobina-bcy-d97.jpg\",\"width\":800,\"height\":800},{\"@type\":\"BreadcrumbList\",\"@id\":\"https:\\\/\\\/moitoarchery.com\\\/en\\\/product\\\/bobina-bcy-1-4-b97-dynaflight-para-hacer-cuerdas\\\/#breadcrumb\",\"itemListElement\":[{\"@type\":\"ListItem\",\"position\":1,\"name\":\"Portada\",\"item\":\"https:\\\/\\\/moitoarchery.com\\\/en\\\/\"},{\"@type\":\"ListItem\",\"position\":2,\"name\":\"Shop\",\"item\":\"https:\\\/\\\/moitoarchery.com\\\/en\\\/shop\\\/\"},{\"@type\":\"ListItem\",\"position\":3,\"name\":\"Bobina BCY 1\\\/4 B97 Dynaflight para hacer cuerdas\"}]},{\"@type\":\"WebSite\",\"@id\":\"https:\\\/\\\/moitoarchery.com\\\/en\\\/#website\",\"url\":\"https:\\\/\\\/moitoarchery.com\\\/en\\\/\",\"name\":\"MoitoArchery\",\"description\":\"Tienda de Tiro con arco\",\"publisher\":{\"@id\":\"https:\\\/\\\/moitoarchery.com\\\/en\\\/#organization\"},\"potentialAction\":[{\"@type\":\"SearchAction\",\"target\":{\"@type\":\"EntryPoint\",\"urlTemplate\":\"https:\\\/\\\/moitoarchery.com\\\/en\\\/?s={search_term_string}\"},\"query-input\":{\"@type\":\"PropertyValueSpecification\",\"valueRequired\":true,\"valueName\":\"search_term_string\"}}],\"inLanguage\":\"en-US\"},{\"@type\":\"Organization\",\"@id\":\"https:\\\/\\\/moitoarchery.com\\\/en\\\/#organization\",\"name\":\"MoitoArchery\",\"url\":\"https:\\\/\\\/moitoarchery.com\\\/en\\\/\",\"logo\":{\"@type\":\"ImageObject\",\"inLanguage\":\"en-US\",\"@id\":\"https:\\\/\\\/moitoarchery.com\\\/en\\\/#\\\/schema\\\/logo\\\/image\\\/\",\"url\":\"https:\\\/\\\/moitoarchery.com\\\/wp-content\\\/uploads\\\/2020\\\/09\\\/logotipo-moitoarchery.png\",\"contentUrl\":\"https:\\\/\\\/moitoarchery.com\\\/wp-content\\\/uploads\\\/2020\\\/09\\\/logotipo-moitoarchery.png\",\"width\":300,\"height\":66,\"caption\":\"MoitoArchery\"},\"image\":{\"@id\":\"https:\\\/\\\/moitoarchery.com\\\/en\\\/#\\\/schema\\\/logo\\\/image\\\/\"},\"sameAs\":[\"https:\\\/\\\/www.facebook.com\\\/arqueriaOnline\\\/\",\"https:\\\/\\\/www.instagram.com\\\/moitoarchery\\\/\",\"https:\\\/\\\/www.youtube.com\\\/channel\\\/UCvmj39gVUIKVoJJ6vQC9GPA\\\/\"]}]}<\/script>\n<!-- \/ Yoast SEO plugin. -->","yoast_head_json":{"title":"Bobina BCY 1\/4 B97 Dynaflight para hacer cuerdas - MoitoArchery","description":"Hilo BCY B97 Dynaflight en bobina de 1\/4 lb. Perfecto para fabricar cuerdas de arco duraderas, con baja elongaci\u00f3n y alto rendimiento","robots":{"index":"index","follow":"follow","max-snippet":"max-snippet:-1","max-image-preview":"max-image-preview:large","max-video-preview":"max-video-preview:-1"},"canonical":"https:\/\/moitoarchery.com\/en\/product\/bobina-bcy-1-4-b97-dynaflight-para-hacer-cuerdas\/","og_locale":"en_US","og_type":"article","og_title":"Bobina BCY 1\/4 B97 Dynaflight para hacer cuerdas - MoitoArchery","og_description":"Hilo BCY B97 Dynaflight en bobina de 1\/4 lb. Perfecto para fabricar cuerdas de arco duraderas, con baja elongaci\u00f3n y alto rendimiento","og_url":"https:\/\/moitoarchery.com\/en\/product\/bobina-bcy-1-4-b97-dynaflight-para-hacer-cuerdas\/","og_site_name":"MoitoArchery","article_publisher":"https:\/\/www.facebook.com\/arqueriaOnline\/","article_modified_time":"2026-04-16T09:54:27+00:00","og_image":[{"width":800,"height":800,"url":"https:\/\/moitoarchery.com\/wp-content\/uploads\/2025\/10\/bobina-bcy-d97.jpg","type":"image\/jpeg"}],"twitter_card":"summary_large_image","twitter_misc":{"Est. reading time":"1 minute"},"schema":{"@context":"https:\/\/schema.org","@graph":[{"@type":"WebPage","@id":"https:\/\/moitoarchery.com\/en\/product\/bobina-bcy-1-4-b97-dynaflight-para-hacer-cuerdas\/","url":"https:\/\/moitoarchery.com\/en\/product\/bobina-bcy-1-4-b97-dynaflight-para-hacer-cuerdas\/","name":"Bobina BCY 1\/4 B97 Dynaflight para hacer cuerdas - MoitoArchery","isPartOf":{"@id":"https:\/\/moitoarchery.com\/en\/#website"},"primaryImageOfPage":{"@id":"https:\/\/moitoarchery.com\/en\/product\/bobina-bcy-1-4-b97-dynaflight-para-hacer-cuerdas\/#primaryimage"},"image":{"@id":"https:\/\/moitoarchery.com\/en\/product\/bobina-bcy-1-4-b97-dynaflight-para-hacer-cuerdas\/#primaryimage"},"thumbnailUrl":"https:\/\/moitoarchery.com\/wp-content\/uploads\/2025\/10\/bobina-bcy-d97.jpg","datePublished":"2025-10-16T07:54:47+00:00","dateModified":"2026-04-16T09:54:27+00:00","description":"Hilo BCY B97 Dynaflight en bobina de 1\/4 lb. Perfecto para fabricar cuerdas de arco duraderas, con baja elongaci\u00f3n y alto rendimiento","breadcrumb":{"@id":"https:\/\/moitoarchery.com\/en\/product\/bobina-bcy-1-4-b97-dynaflight-para-hacer-cuerdas\/#breadcrumb"},"inLanguage":"en-US","potentialAction":[{"@type":"ReadAction","target":["https:\/\/moitoarchery.com\/en\/product\/bobina-bcy-1-4-b97-dynaflight-para-hacer-cuerdas\/"]}]},{"@type":"ImageObject","inLanguage":"en-US","@id":"https:\/\/moitoarchery.com\/en\/product\/bobina-bcy-1-4-b97-dynaflight-para-hacer-cuerdas\/#primaryimage","url":"https:\/\/moitoarchery.com\/wp-content\/uploads\/2025\/10\/bobina-bcy-d97.jpg","contentUrl":"https:\/\/moitoarchery.com\/wp-content\/uploads\/2025\/10\/bobina-bcy-d97.jpg","width":800,"height":800},{"@type":"BreadcrumbList","@id":"https:\/\/moitoarchery.com\/en\/product\/bobina-bcy-1-4-b97-dynaflight-para-hacer-cuerdas\/#breadcrumb","itemListElement":[{"@type":"ListItem","position":1,"name":"Portada","item":"https:\/\/moitoarchery.com\/en\/"},{"@type":"ListItem","position":2,"name":"Shop","item":"https:\/\/moitoarchery.com\/en\/shop\/"},{"@type":"ListItem","position":3,"name":"Bobina BCY 1\/4 B97 Dynaflight para hacer cuerdas"}]},{"@type":"WebSite","@id":"https:\/\/moitoarchery.com\/en\/#website","url":"https:\/\/moitoarchery.com\/en\/","name":"MoitoArchery","description":"Tienda de Tiro con arco","publisher":{"@id":"https:\/\/moitoarchery.com\/en\/#organization"},"potentialAction":[{"@type":"SearchAction","target":{"@type":"EntryPoint","urlTemplate":"https:\/\/moitoarchery.com\/en\/?s={search_term_string}"},"query-input":{"@type":"PropertyValueSpecification","valueRequired":true,"valueName":"search_term_string"}}],"inLanguage":"en-US"},{"@type":"Organization","@id":"https:\/\/moitoarchery.com\/en\/#organization","name":"MoitoArchery","url":"https:\/\/moitoarchery.com\/en\/","logo":{"@type":"ImageObject","inLanguage":"en-US","@id":"https:\/\/moitoarchery.com\/en\/#\/schema\/logo\/image\/","url":"https:\/\/moitoarchery.com\/wp-content\/uploads\/2020\/09\/logotipo-moitoarchery.png","contentUrl":"https:\/\/moitoarchery.com\/wp-content\/uploads\/2020\/09\/logotipo-moitoarchery.png","width":300,"height":66,"caption":"MoitoArchery"},"image":{"@id":"https:\/\/moitoarchery.com\/en\/#\/schema\/logo\/image\/"},"sameAs":["https:\/\/www.facebook.com\/arqueriaOnline\/","https:\/\/www.instagram.com\/moitoarchery\/","https:\/\/www.youtube.com\/channel\/UCvmj39gVUIKVoJJ6vQC9GPA\/"]}]}},"_links":{"self":[{"href":"https:\/\/moitoarchery.com\/en\/wp-json\/wp\/v2\/product\/116181","targetHints":{"allow":["GET"]}}],"collection":[{"href":"https:\/\/moitoarchery.com\/en\/wp-json\/wp\/v2\/product"}],"about":[{"href":"https:\/\/moitoarchery.com\/en\/wp-json\/wp\/v2\/types\/product"}],"replies":[{"embeddable":true,"href":"https:\/\/moitoarchery.com\/en\/wp-json\/wp\/v2\/comments?post=116181"}],"version-history":[{"count":1,"href":"https:\/\/moitoarchery.com\/en\/wp-json\/wp\/v2\/product\/116181\/revisions"}],"predecessor-version":[{"id":134182,"href":"https:\/\/moitoarchery.com\/en\/wp-json\/wp\/v2\/product\/116181\/revisions\/134182"}],"wp:featuredmedia":[{"embeddable":true,"href":"https:\/\/moitoarchery.com\/en\/wp-json\/wp\/v2\/media\/116219"}],"wp:attachment":[{"href":"https:\/\/moitoarchery.com\/en\/wp-json\/wp\/v2\/media?parent=116181"}],"wp:term":[{"taxonomy":"product_brand","embeddable":true,"href":"https:\/\/moitoarchery.com\/en\/wp-json\/wp\/v2\/product_brand?post=116181"},{"taxonomy":"product_cat","embeddable":true,"href":"https:\/\/moitoarchery.com\/en\/wp-json\/wp\/v2\/product_cat?post=116181"},{"taxonomy":"product_tag","embeddable":true,"href":"https:\/\/moitoarchery.com\/en\/wp-json\/wp\/v2\/product_tag?post=116181"}],"curies":[{"name":"wp","href":"https:\/\/api.w.org\/{rel}","templated":true}]}}