{"id":115929,"date":"2025-09-29T12:17:09","date_gmt":"2025-09-29T10:17:09","guid":{"rendered":"https:\/\/moitoarchery.com\/?post_type=product&#038;p=115929"},"modified":"2026-04-16T11:54:27","modified_gmt":"2026-04-16T09:54:27","slug":"disparador-de-muneca-truball-assassin","status":"publish","type":"product","link":"https:\/\/moitoarchery.com\/en\/product\/disparador-de-muneca-truball-assassin\/","title":{"rendered":"Disparador de mu\u00f1eca Truball Assassin"},"content":{"rendered":"<p data-start=\"251\" data-end=\"574\">Eleva tu precisi\u00f3n y comodidad en cada disparo con el Disparador de mu\u00f1eca <strong data-start=\"305\" data-end=\"343\">ASSASSIN de Truball<\/strong>, dise\u00f1ado para arqueros que buscan control absoluto y fiabilidad. Su <strong data-start=\"413\" data-end=\"440\">gatillo ergon\u00f3mico<\/strong> ofrece una respuesta suave y r\u00e1pida, mientras que las <strong data-start=\"495\" data-end=\"516\">mand\u00edbulas\u00a0<\/strong>aseguran un anclaje firme y consistente en cada flecha.<\/p>\n<p data-start=\"576\" data-end=\"853\">La <strong data-start=\"579\" data-end=\"611\">correa con hebilla ajustable<\/strong> proporciona un ajuste seguro y personalizado, evitando deslizamientos y aumentando la estabilidad durante la pr\u00e1ctica o la competici\u00f3n. Ideal para arqueros de todos los niveles que desean mejorar su t\u00e9cnica y obtener disparos m\u00e1s precisos.<\/p>\n<p data-start=\"855\" data-end=\"891\">\u2705 <strong data-start=\"857\" data-end=\"889\">Caracter\u00edsticas principales:<\/strong><\/p>\n<ul data-start=\"892\" data-end=\"1212\">\n<li data-start=\"892\" data-end=\"960\">\n<p data-start=\"894\" data-end=\"960\">Disparador de dedo \u00edndice con gatillo de alta sensibilidad.<\/p>\n<\/li>\n<li data-start=\"961\" data-end=\"1019\">\n<p data-start=\"963\" data-end=\"1019\">Mand\u00edbulas resistentes para una sujeci\u00f3n firme.<\/p>\n<\/li>\n<li data-start=\"1020\" data-end=\"1085\">\n<p data-start=\"1022\" data-end=\"1085\">Correa de mu\u00f1eca con hebilla ajustable para m\u00e1xima seguridad.<\/p>\n<\/li>\n<li data-start=\"1086\" data-end=\"1150\">\n<p data-start=\"1088\" data-end=\"1150\">Dise\u00f1o ergon\u00f3mico que mejora la comodidad y la consistencia.<\/p>\n<\/li>\n<li data-start=\"1151\" data-end=\"1212\">\n<p data-start=\"1153\" data-end=\"1212\">Perfecto para arquer\u00eda de caza y tiro con arco deportivo.<\/p>\n<\/li>\n<\/ul>\n<p data-start=\"1214\" data-end=\"1340\">Con el <strong data-start=\"1221\" data-end=\"1259\">ASSASSIN Disparador de Dedo \u00cdndice<\/strong>, cada disparo se convierte en una experiencia m\u00e1s fluida, precisa y confiable.<\/p>\n","protected":false},"excerpt":{"rendered":"<p data-start=\"251\" data-end=\"574\">Eleva tu precisi\u00f3n y comodidad en cada disparo con el Disparador de mu\u00f1eca <strong data-start=\"305\" data-end=\"343\">ASSASSIN de Truball<\/strong>, dise\u00f1ado para arqueros que buscan control absoluto y fiabilidad. Su <strong data-start=\"413\" data-end=\"440\">gatillo ergon\u00f3mico<\/strong> ofrece una respuesta suave y r\u00e1pida, mientras que las <strong data-start=\"495\" data-end=\"516\">mand\u00edbulas\u00a0<\/strong>aseguran un anclaje firme y consistente en cada flecha.<\/p>\n<p data-start=\"576\" data-end=\"853\">La <strong data-start=\"579\" data-end=\"611\">correa con hebilla ajustable<\/strong> proporciona un ajuste seguro y personalizado, evitando deslizamientos y aumentando la estabilidad durante la pr\u00e1ctica o la competici\u00f3n. Ideal para arqueros de todos los niveles que desean mejorar su t\u00e9cnica y obtener disparos m\u00e1s precisos.<\/p>\n<p>&nbsp;<\/p>\n<p> .<\/p>\n","protected":false},"featured_media":115952,"comment_status":"open","ping_status":"closed","template":"","meta":{"_acf_changed":false},"product_brand":[4096],"product_cat":[104,538,126],"product_tag":[189],"class_list":{"0":"post-115929","1":"product","2":"type-product","3":"status-publish","4":"has-post-thumbnail","6":"product_brand-truball-archery","7":"product_cat-accesorios","8":"product_cat-de-muneca","9":"product_cat-disparadores","10":"product_tag-caza-con-arco-de-poleas","12":"first","13":"onbackorder","14":"sale","15":"taxable","16":"shipping-taxable","17":"purchasable","18":"product-type-variable"},"acf":[],"yoast_head":"<!-- This site is optimized with the Yoast SEO plugin v27.3 - https:\/\/yoast.com\/product\/yoast-seo-wordpress\/ -->\n<title>Disparador de mu\u00f1eca Truball Assassin - MoitoArchery<\/title>\n<meta name=\"description\" content=\"Eleva tu precisi\u00f3n y comodidad en cada disparo con el Disparador de mu\u00f1eca ASSASSIN de Truball, dise\u00f1ado para arqueros que buscan control absoluto y fiabilidad. Su gatillo ergon\u00f3mico ofrece una respuesta suave y r\u00e1pida, mientras que las mand\u00edbulas\u00a0aseguran un anclaje firme y consistente en cada flecha.La correa con hebilla ajustable proporciona un ajuste seguro y personalizado, evitando deslizamientos y aumentando la estabilidad durante la pr\u00e1ctica o la competici\u00f3n. Ideal para arqueros de todos los niveles que desean mejorar su t\u00e9cnica y obtener disparos m\u00e1s precisos.\" \/>\n<meta name=\"robots\" content=\"index, follow, max-snippet:-1, max-image-preview:large, max-video-preview:-1\" \/>\n<link rel=\"canonical\" href=\"https:\/\/moitoarchery.com\/en\/product\/disparador-de-muneca-truball-assassin\/\" \/>\n<meta property=\"og:locale\" content=\"en_US\" \/>\n<meta property=\"og:type\" content=\"article\" \/>\n<meta property=\"og:title\" content=\"Disparador de mu\u00f1eca Truball Assassin - MoitoArchery\" \/>\n<meta property=\"og:description\" content=\"Eleva tu precisi\u00f3n y comodidad en cada disparo con el Disparador de mu\u00f1eca ASSASSIN de Truball, dise\u00f1ado para arqueros que buscan control absoluto y fiabilidad. Su gatillo ergon\u00f3mico ofrece una respuesta suave y r\u00e1pida, mientras que las mand\u00edbulas\u00a0aseguran un anclaje firme y consistente en cada flecha.La correa con hebilla ajustable proporciona un ajuste seguro y personalizado, evitando deslizamientos y aumentando la estabilidad durante la pr\u00e1ctica o la competici\u00f3n. Ideal para arqueros de todos los niveles que desean mejorar su t\u00e9cnica y obtener disparos m\u00e1s precisos.\" \/>\n<meta property=\"og:url\" content=\"https:\/\/moitoarchery.com\/en\/product\/disparador-de-muneca-truball-assassin\/\" \/>\n<meta property=\"og:site_name\" content=\"MoitoArchery\" \/>\n<meta property=\"article:publisher\" content=\"https:\/\/www.facebook.com\/arqueriaOnline\/\" \/>\n<meta property=\"article:modified_time\" content=\"2026-04-16T09:54:27+00:00\" \/>\n<meta property=\"og:image\" content=\"https:\/\/moitoarchery.com\/wp-content\/uploads\/2025\/09\/a015985_1.jpg\" \/>\n\t<meta property=\"og:image:width\" content=\"800\" \/>\n\t<meta property=\"og:image:height\" content=\"800\" \/>\n\t<meta property=\"og:image:type\" content=\"image\/jpeg\" \/>\n<meta name=\"twitter:card\" content=\"summary_large_image\" \/>\n<meta name=\"twitter:label1\" content=\"Est. reading time\" \/>\n\t<meta name=\"twitter:data1\" content=\"1 minute\" \/>\n<script type=\"application\/ld+json\" class=\"yoast-schema-graph\">{\"@context\":\"https:\\\/\\\/schema.org\",\"@graph\":[{\"@type\":\"WebPage\",\"@id\":\"https:\\\/\\\/moitoarchery.com\\\/en\\\/product\\\/disparador-de-muneca-truball-assassin\\\/\",\"url\":\"https:\\\/\\\/moitoarchery.com\\\/en\\\/product\\\/disparador-de-muneca-truball-assassin\\\/\",\"name\":\"Disparador de mu\u00f1eca Truball Assassin - MoitoArchery\",\"isPartOf\":{\"@id\":\"https:\\\/\\\/moitoarchery.com\\\/en\\\/#website\"},\"primaryImageOfPage\":{\"@id\":\"https:\\\/\\\/moitoarchery.com\\\/en\\\/product\\\/disparador-de-muneca-truball-assassin\\\/#primaryimage\"},\"image\":{\"@id\":\"https:\\\/\\\/moitoarchery.com\\\/en\\\/product\\\/disparador-de-muneca-truball-assassin\\\/#primaryimage\"},\"thumbnailUrl\":\"https:\\\/\\\/moitoarchery.com\\\/wp-content\\\/uploads\\\/2025\\\/09\\\/a015985_1.jpg\",\"datePublished\":\"2025-09-29T10:17:09+00:00\",\"dateModified\":\"2026-04-16T09:54:27+00:00\",\"description\":\"Eleva tu precisi\u00f3n y comodidad en cada disparo con el Disparador de mu\u00f1eca ASSASSIN de Truball, dise\u00f1ado para arqueros que buscan control absoluto y fiabilidad. Su gatillo ergon\u00f3mico ofrece una respuesta suave y r\u00e1pida, mientras que las mand\u00edbulas\u00a0aseguran un anclaje firme y consistente en cada flecha.La correa con hebilla ajustable proporciona un ajuste seguro y personalizado, evitando deslizamientos y aumentando la estabilidad durante la pr\u00e1ctica o la competici\u00f3n. Ideal para arqueros de todos los niveles que desean mejorar su t\u00e9cnica y obtener disparos m\u00e1s precisos.\",\"breadcrumb\":{\"@id\":\"https:\\\/\\\/moitoarchery.com\\\/en\\\/product\\\/disparador-de-muneca-truball-assassin\\\/#breadcrumb\"},\"inLanguage\":\"en-US\",\"potentialAction\":[{\"@type\":\"ReadAction\",\"target\":[\"https:\\\/\\\/moitoarchery.com\\\/en\\\/product\\\/disparador-de-muneca-truball-assassin\\\/\"]}]},{\"@type\":\"ImageObject\",\"inLanguage\":\"en-US\",\"@id\":\"https:\\\/\\\/moitoarchery.com\\\/en\\\/product\\\/disparador-de-muneca-truball-assassin\\\/#primaryimage\",\"url\":\"https:\\\/\\\/moitoarchery.com\\\/wp-content\\\/uploads\\\/2025\\\/09\\\/a015985_1.jpg\",\"contentUrl\":\"https:\\\/\\\/moitoarchery.com\\\/wp-content\\\/uploads\\\/2025\\\/09\\\/a015985_1.jpg\",\"width\":800,\"height\":800,\"caption\":\"Disparador de mu\u00f1eca Truball Assassin\"},{\"@type\":\"BreadcrumbList\",\"@id\":\"https:\\\/\\\/moitoarchery.com\\\/en\\\/product\\\/disparador-de-muneca-truball-assassin\\\/#breadcrumb\",\"itemListElement\":[{\"@type\":\"ListItem\",\"position\":1,\"name\":\"Portada\",\"item\":\"https:\\\/\\\/moitoarchery.com\\\/en\\\/\"},{\"@type\":\"ListItem\",\"position\":2,\"name\":\"Shop\",\"item\":\"https:\\\/\\\/moitoarchery.com\\\/en\\\/shop\\\/\"},{\"@type\":\"ListItem\",\"position\":3,\"name\":\"Disparador de mu\u00f1eca Truball Assassin\"}]},{\"@type\":\"WebSite\",\"@id\":\"https:\\\/\\\/moitoarchery.com\\\/en\\\/#website\",\"url\":\"https:\\\/\\\/moitoarchery.com\\\/en\\\/\",\"name\":\"MoitoArchery\",\"description\":\"Tienda de Tiro con arco\",\"publisher\":{\"@id\":\"https:\\\/\\\/moitoarchery.com\\\/en\\\/#organization\"},\"potentialAction\":[{\"@type\":\"SearchAction\",\"target\":{\"@type\":\"EntryPoint\",\"urlTemplate\":\"https:\\\/\\\/moitoarchery.com\\\/en\\\/?s={search_term_string}\"},\"query-input\":{\"@type\":\"PropertyValueSpecification\",\"valueRequired\":true,\"valueName\":\"search_term_string\"}}],\"inLanguage\":\"en-US\"},{\"@type\":\"Organization\",\"@id\":\"https:\\\/\\\/moitoarchery.com\\\/en\\\/#organization\",\"name\":\"MoitoArchery\",\"url\":\"https:\\\/\\\/moitoarchery.com\\\/en\\\/\",\"logo\":{\"@type\":\"ImageObject\",\"inLanguage\":\"en-US\",\"@id\":\"https:\\\/\\\/moitoarchery.com\\\/en\\\/#\\\/schema\\\/logo\\\/image\\\/\",\"url\":\"https:\\\/\\\/moitoarchery.com\\\/wp-content\\\/uploads\\\/2020\\\/09\\\/logotipo-moitoarchery.png\",\"contentUrl\":\"https:\\\/\\\/moitoarchery.com\\\/wp-content\\\/uploads\\\/2020\\\/09\\\/logotipo-moitoarchery.png\",\"width\":300,\"height\":66,\"caption\":\"MoitoArchery\"},\"image\":{\"@id\":\"https:\\\/\\\/moitoarchery.com\\\/en\\\/#\\\/schema\\\/logo\\\/image\\\/\"},\"sameAs\":[\"https:\\\/\\\/www.facebook.com\\\/arqueriaOnline\\\/\",\"https:\\\/\\\/www.instagram.com\\\/moitoarchery\\\/\",\"https:\\\/\\\/www.youtube.com\\\/channel\\\/UCvmj39gVUIKVoJJ6vQC9GPA\\\/\"]}]}<\/script>\n<!-- \/ Yoast SEO plugin. -->","yoast_head_json":{"title":"Disparador de mu\u00f1eca Truball Assassin - MoitoArchery","description":"Eleva tu precisi\u00f3n y comodidad en cada disparo con el Disparador de mu\u00f1eca ASSASSIN de Truball, dise\u00f1ado para arqueros que buscan control absoluto y fiabilidad. Su gatillo ergon\u00f3mico ofrece una respuesta suave y r\u00e1pida, mientras que las mand\u00edbulas\u00a0aseguran un anclaje firme y consistente en cada flecha.La correa con hebilla ajustable proporciona un ajuste seguro y personalizado, evitando deslizamientos y aumentando la estabilidad durante la pr\u00e1ctica o la competici\u00f3n. Ideal para arqueros de todos los niveles que desean mejorar su t\u00e9cnica y obtener disparos m\u00e1s precisos.","robots":{"index":"index","follow":"follow","max-snippet":"max-snippet:-1","max-image-preview":"max-image-preview:large","max-video-preview":"max-video-preview:-1"},"canonical":"https:\/\/moitoarchery.com\/en\/product\/disparador-de-muneca-truball-assassin\/","og_locale":"en_US","og_type":"article","og_title":"Disparador de mu\u00f1eca Truball Assassin - MoitoArchery","og_description":"Eleva tu precisi\u00f3n y comodidad en cada disparo con el Disparador de mu\u00f1eca ASSASSIN de Truball, dise\u00f1ado para arqueros que buscan control absoluto y fiabilidad. Su gatillo ergon\u00f3mico ofrece una respuesta suave y r\u00e1pida, mientras que las mand\u00edbulas\u00a0aseguran un anclaje firme y consistente en cada flecha.La correa con hebilla ajustable proporciona un ajuste seguro y personalizado, evitando deslizamientos y aumentando la estabilidad durante la pr\u00e1ctica o la competici\u00f3n. Ideal para arqueros de todos los niveles que desean mejorar su t\u00e9cnica y obtener disparos m\u00e1s precisos.","og_url":"https:\/\/moitoarchery.com\/en\/product\/disparador-de-muneca-truball-assassin\/","og_site_name":"MoitoArchery","article_publisher":"https:\/\/www.facebook.com\/arqueriaOnline\/","article_modified_time":"2026-04-16T09:54:27+00:00","og_image":[{"width":800,"height":800,"url":"https:\/\/moitoarchery.com\/wp-content\/uploads\/2025\/09\/a015985_1.jpg","type":"image\/jpeg"}],"twitter_card":"summary_large_image","twitter_misc":{"Est. reading time":"1 minute"},"schema":{"@context":"https:\/\/schema.org","@graph":[{"@type":"WebPage","@id":"https:\/\/moitoarchery.com\/en\/product\/disparador-de-muneca-truball-assassin\/","url":"https:\/\/moitoarchery.com\/en\/product\/disparador-de-muneca-truball-assassin\/","name":"Disparador de mu\u00f1eca Truball Assassin - MoitoArchery","isPartOf":{"@id":"https:\/\/moitoarchery.com\/en\/#website"},"primaryImageOfPage":{"@id":"https:\/\/moitoarchery.com\/en\/product\/disparador-de-muneca-truball-assassin\/#primaryimage"},"image":{"@id":"https:\/\/moitoarchery.com\/en\/product\/disparador-de-muneca-truball-assassin\/#primaryimage"},"thumbnailUrl":"https:\/\/moitoarchery.com\/wp-content\/uploads\/2025\/09\/a015985_1.jpg","datePublished":"2025-09-29T10:17:09+00:00","dateModified":"2026-04-16T09:54:27+00:00","description":"Eleva tu precisi\u00f3n y comodidad en cada disparo con el Disparador de mu\u00f1eca ASSASSIN de Truball, dise\u00f1ado para arqueros que buscan control absoluto y fiabilidad. Su gatillo ergon\u00f3mico ofrece una respuesta suave y r\u00e1pida, mientras que las mand\u00edbulas\u00a0aseguran un anclaje firme y consistente en cada flecha.La correa con hebilla ajustable proporciona un ajuste seguro y personalizado, evitando deslizamientos y aumentando la estabilidad durante la pr\u00e1ctica o la competici\u00f3n. Ideal para arqueros de todos los niveles que desean mejorar su t\u00e9cnica y obtener disparos m\u00e1s precisos.","breadcrumb":{"@id":"https:\/\/moitoarchery.com\/en\/product\/disparador-de-muneca-truball-assassin\/#breadcrumb"},"inLanguage":"en-US","potentialAction":[{"@type":"ReadAction","target":["https:\/\/moitoarchery.com\/en\/product\/disparador-de-muneca-truball-assassin\/"]}]},{"@type":"ImageObject","inLanguage":"en-US","@id":"https:\/\/moitoarchery.com\/en\/product\/disparador-de-muneca-truball-assassin\/#primaryimage","url":"https:\/\/moitoarchery.com\/wp-content\/uploads\/2025\/09\/a015985_1.jpg","contentUrl":"https:\/\/moitoarchery.com\/wp-content\/uploads\/2025\/09\/a015985_1.jpg","width":800,"height":800,"caption":"Disparador de mu\u00f1eca Truball Assassin"},{"@type":"BreadcrumbList","@id":"https:\/\/moitoarchery.com\/en\/product\/disparador-de-muneca-truball-assassin\/#breadcrumb","itemListElement":[{"@type":"ListItem","position":1,"name":"Portada","item":"https:\/\/moitoarchery.com\/en\/"},{"@type":"ListItem","position":2,"name":"Shop","item":"https:\/\/moitoarchery.com\/en\/shop\/"},{"@type":"ListItem","position":3,"name":"Disparador de mu\u00f1eca Truball Assassin"}]},{"@type":"WebSite","@id":"https:\/\/moitoarchery.com\/en\/#website","url":"https:\/\/moitoarchery.com\/en\/","name":"MoitoArchery","description":"Tienda de Tiro con arco","publisher":{"@id":"https:\/\/moitoarchery.com\/en\/#organization"},"potentialAction":[{"@type":"SearchAction","target":{"@type":"EntryPoint","urlTemplate":"https:\/\/moitoarchery.com\/en\/?s={search_term_string}"},"query-input":{"@type":"PropertyValueSpecification","valueRequired":true,"valueName":"search_term_string"}}],"inLanguage":"en-US"},{"@type":"Organization","@id":"https:\/\/moitoarchery.com\/en\/#organization","name":"MoitoArchery","url":"https:\/\/moitoarchery.com\/en\/","logo":{"@type":"ImageObject","inLanguage":"en-US","@id":"https:\/\/moitoarchery.com\/en\/#\/schema\/logo\/image\/","url":"https:\/\/moitoarchery.com\/wp-content\/uploads\/2020\/09\/logotipo-moitoarchery.png","contentUrl":"https:\/\/moitoarchery.com\/wp-content\/uploads\/2020\/09\/logotipo-moitoarchery.png","width":300,"height":66,"caption":"MoitoArchery"},"image":{"@id":"https:\/\/moitoarchery.com\/en\/#\/schema\/logo\/image\/"},"sameAs":["https:\/\/www.facebook.com\/arqueriaOnline\/","https:\/\/www.instagram.com\/moitoarchery\/","https:\/\/www.youtube.com\/channel\/UCvmj39gVUIKVoJJ6vQC9GPA\/"]}]}},"_links":{"self":[{"href":"https:\/\/moitoarchery.com\/en\/wp-json\/wp\/v2\/product\/115929","targetHints":{"allow":["GET"]}}],"collection":[{"href":"https:\/\/moitoarchery.com\/en\/wp-json\/wp\/v2\/product"}],"about":[{"href":"https:\/\/moitoarchery.com\/en\/wp-json\/wp\/v2\/types\/product"}],"replies":[{"embeddable":true,"href":"https:\/\/moitoarchery.com\/en\/wp-json\/wp\/v2\/comments?post=115929"}],"version-history":[{"count":1,"href":"https:\/\/moitoarchery.com\/en\/wp-json\/wp\/v2\/product\/115929\/revisions"}],"predecessor-version":[{"id":134181,"href":"https:\/\/moitoarchery.com\/en\/wp-json\/wp\/v2\/product\/115929\/revisions\/134181"}],"wp:featuredmedia":[{"embeddable":true,"href":"https:\/\/moitoarchery.com\/en\/wp-json\/wp\/v2\/media\/115952"}],"wp:attachment":[{"href":"https:\/\/moitoarchery.com\/en\/wp-json\/wp\/v2\/media?parent=115929"}],"wp:term":[{"taxonomy":"product_brand","embeddable":true,"href":"https:\/\/moitoarchery.com\/en\/wp-json\/wp\/v2\/product_brand?post=115929"},{"taxonomy":"product_cat","embeddable":true,"href":"https:\/\/moitoarchery.com\/en\/wp-json\/wp\/v2\/product_cat?post=115929"},{"taxonomy":"product_tag","embeddable":true,"href":"https:\/\/moitoarchery.com\/en\/wp-json\/wp\/v2\/product_tag?post=115929"}],"curies":[{"name":"wp","href":"https:\/\/api.w.org\/{rel}","templated":true}]}}