{"id":115195,"date":"2025-09-22T09:38:12","date_gmt":"2025-09-22T07:38:12","guid":{"rendered":"https:\/\/moitoarchery.com\/?post_type=product&#038;p=115195"},"modified":"2026-04-16T11:54:24","modified_gmt":"2026-04-16T09:54:24","slug":"pesos-estabilizador-5-16-bowfinger-archery-tungsteno","status":"publish","type":"product","link":"https:\/\/moitoarchery.com\/en\/product\/pesos-estabilizador-5-16-bowfinger-archery-tungsteno\/","title":{"rendered":"Pesos Estabilizador 5\/16 Bowfinger Archery Tungsteno"},"content":{"rendered":"<p data-start=\"211\" data-end=\"583\">Los <strong data-start=\"215\" data-end=\"260\">pesos de tungsteno Bowfinger Archery 5\/16<\/strong> son la elecci\u00f3n ideal para arqueros que buscan un ajuste fino en su estabilizador y la m\u00e1xima precisi\u00f3n en cada disparo. Fabricados en <strong data-start=\"396\" data-end=\"426\">tungsteno de alta densidad<\/strong>, estos contrapesos ofrecen m\u00e1s peso en un menor volumen, lo que permite una mejor distribuci\u00f3n y control sin a\u00f1adir longitud innecesaria al estabilizador.<\/p>\n<p data-start=\"585\" data-end=\"621\">\u2705 <strong data-start=\"587\" data-end=\"619\">Caracter\u00edsticas principales:<\/strong><\/p>\n<ul data-start=\"622\" data-end=\"1000\">\n<li data-start=\"622\" data-end=\"704\">\n<p data-start=\"624\" data-end=\"704\">Material: <strong data-start=\"634\" data-end=\"664\">Tungsteno de alta densidad<\/strong> (m\u00e1s pesado que el acero o el lat\u00f3n).<\/p>\n<\/li>\n<li data-start=\"705\" data-end=\"794\">\n<p data-start=\"707\" data-end=\"794\">Rosca: <strong data-start=\"714\" data-end=\"725\">5\/16-24<\/strong>, compatible con la mayor\u00eda de estabilizadores de arco del mercado.<\/p>\n<\/li>\n<li data-start=\"795\" data-end=\"857\">\n<p data-start=\"797\" data-end=\"857\">Dise\u00f1o compacto que reduce la longitud total del conjunto.<\/p>\n<\/li>\n<li data-start=\"858\" data-end=\"912\">\n<p data-start=\"860\" data-end=\"912\">Acabado de alta calidad y resistencia al desgaste.<\/p>\n<\/li>\n<li data-start=\"913\" data-end=\"1000\">\n<p data-start=\"915\" data-end=\"1000\">Ideal para <strong data-start=\"926\" data-end=\"953\">arqueros de competici\u00f3n<\/strong> y cazadores que buscan el m\u00e1ximo equilibrio.<\/p>\n<\/li>\n<\/ul>\n<p data-start=\"1002\" data-end=\"1029\">\u2696\ufe0f <strong data-start=\"1005\" data-end=\"1027\">Pesos disponibles:<\/strong><\/p>\n<ul data-start=\"1030\" data-end=\"1173\">\n<li data-start=\"1030\" data-end=\"1077\">\n<p data-start=\"1032\" data-end=\"1077\"><strong data-start=\"1032\" data-end=\"1040\">1 oz<\/strong> \u2013 Grosor: 0,087\u2033 | Di\u00e1metro: 1,25\u2033<\/p>\n<\/li>\n<li data-start=\"1078\" data-end=\"1125\">\n<p data-start=\"1080\" data-end=\"1125\"><strong data-start=\"1080\" data-end=\"1088\">2 oz<\/strong> \u2013 Grosor: 0,170\u2033 | Di\u00e1metro: 1,25\u2033<\/p>\n<\/li>\n<li data-start=\"1126\" data-end=\"1173\">\n<p data-start=\"1128\" data-end=\"1173\"><strong data-start=\"1128\" data-end=\"1136\">3 oz<\/strong> \u2013 Grosor: 0,246\u2033 | Di\u00e1metro: 1,25\u2033<\/p>\n<\/li>\n<\/ul>\n","protected":false},"excerpt":{"rendered":"<p data-start=\"211\" data-end=\"583\">Los <strong data-start=\"215\" data-end=\"260\">pesos de tungsteno Bowfinger Archery 5\/16<\/strong> son la elecci\u00f3n ideal para arqueros que buscan un ajuste fino en su estabilizador y la m\u00e1xima precisi\u00f3n en cada disparo. Fabricados en <strong data-start=\"396\" data-end=\"426\">tungsteno de alta densidad<\/strong>, estos contrapesos ofrecen m\u00e1s peso en un menor volumen, lo que permite una mejor distribuci\u00f3n y control sin a\u00f1adir longitud innecesaria al estabilizador.<\/p>\n<p data-start=\"1002\" data-end=\"1029\">\u2696\ufe0f <strong data-start=\"1005\" data-end=\"1027\">Pesos disponibles:<\/strong><\/p>\n<ul data-start=\"1030\" data-end=\"1173\">\n<li data-start=\"1030\" data-end=\"1077\">\n<p data-start=\"1032\" data-end=\"1077\"><strong data-start=\"1032\" data-end=\"1040\">1 oz<\/strong> \u2013 Grosor: 0,087\u2033 | Di\u00e1metro: 1,25\u2033<\/p>\n<\/li>\n<li data-start=\"1078\" data-end=\"1125\">\n<p data-start=\"1080\" data-end=\"1125\"><strong data-start=\"1080\" data-end=\"1088\">2 oz<\/strong> \u2013 Grosor: 0,170\u2033 | Di\u00e1metro: 1,25\u2033<\/p>\n<\/li>\n<li data-start=\"1126\" data-end=\"1173\">\n<p data-start=\"1128\" data-end=\"1173\"><strong data-start=\"1128\" data-end=\"1136\">3 oz<\/strong> \u2013 Grosor: 0,246\u2033 | Di\u00e1metro: 1,25\u2033<\/p>\n<\/li>\n<\/ul>\n","protected":false},"featured_media":115200,"comment_status":"open","ping_status":"closed","template":"","meta":{"_acf_changed":false},"product_brand":[4172],"product_cat":[109,154],"product_tag":[],"class_list":{"0":"post-115195","1":"product","2":"type-product","3":"status-publish","4":"has-post-thumbnail","6":"product_brand-bowfinger","7":"product_cat-estabilizadores","8":"product_cat-pesos","10":"first","11":"onbackorder","12":"taxable","13":"shipping-taxable","14":"purchasable","15":"product-type-variable"},"acf":[],"yoast_head":"<!-- This site is optimized with the Yoast SEO plugin v27.3 - https:\/\/yoast.com\/product\/yoast-seo-wordpress\/ -->\n<title>Pesos Estabilizador 5\/16 Bowfinger Archery Tungsteno - MoitoArchery<\/title>\n<meta name=\"description\" content=\"Los pesos de tungsteno Bowfinger Archery 5\/16 son la elecci\u00f3n ideal para arqueros que buscan un ajuste fino en su estabilizador y la m\u00e1xima precisi\u00f3n en cada disparo. Fabricados en tungsteno de alta densidad, estos contrapesos ofrecen m\u00e1s peso en un menor volumen, lo que permite una mejor distribuci\u00f3n y control sin a\u00f1adir longitud innecesaria al estabilizador. Pesos disponibles:1 oz \u2013 Grosor: 0,087\u2033 | Di\u00e1metro: 1,25\u20332 oz \u2013 Grosor: 0,170\u2033 | Di\u00e1metro: 1,25\u2033 3 oz \u2013 Grosor: 0,246\u2033 | Di\u00e1metro: 1,25\u2033\" \/>\n<meta name=\"robots\" content=\"index, follow, max-snippet:-1, max-image-preview:large, max-video-preview:-1\" \/>\n<link rel=\"canonical\" href=\"https:\/\/moitoarchery.com\/en\/product\/pesos-estabilizador-5-16-bowfinger-archery-tungsteno\/\" \/>\n<meta property=\"og:locale\" content=\"en_US\" \/>\n<meta property=\"og:type\" content=\"article\" \/>\n<meta property=\"og:title\" content=\"Pesos Estabilizador 5\/16 Bowfinger Archery Tungsteno - MoitoArchery\" \/>\n<meta property=\"og:description\" content=\"Los pesos de tungsteno Bowfinger Archery 5\/16 son la elecci\u00f3n ideal para arqueros que buscan un ajuste fino en su estabilizador y la m\u00e1xima precisi\u00f3n en cada disparo. Fabricados en tungsteno de alta densidad, estos contrapesos ofrecen m\u00e1s peso en un menor volumen, lo que permite una mejor distribuci\u00f3n y control sin a\u00f1adir longitud innecesaria al estabilizador. Pesos disponibles:1 oz \u2013 Grosor: 0,087\u2033 | Di\u00e1metro: 1,25\u20332 oz \u2013 Grosor: 0,170\u2033 | Di\u00e1metro: 1,25\u2033 3 oz \u2013 Grosor: 0,246\u2033 | Di\u00e1metro: 1,25\u2033\" \/>\n<meta property=\"og:url\" content=\"https:\/\/moitoarchery.com\/en\/product\/pesos-estabilizador-5-16-bowfinger-archery-tungsteno\/\" \/>\n<meta property=\"og:site_name\" content=\"MoitoArchery\" \/>\n<meta property=\"article:publisher\" content=\"https:\/\/www.facebook.com\/arqueriaOnline\/\" \/>\n<meta property=\"article:modified_time\" content=\"2026-04-16T09:54:24+00:00\" \/>\n<meta property=\"og:image\" content=\"https:\/\/moitoarchery.com\/wp-content\/uploads\/2025\/09\/122043.webp\" \/>\n\t<meta property=\"og:image:width\" content=\"800\" \/>\n\t<meta property=\"og:image:height\" content=\"800\" \/>\n\t<meta property=\"og:image:type\" content=\"image\/webp\" \/>\n<meta name=\"twitter:card\" content=\"summary_large_image\" \/>\n<meta name=\"twitter:label1\" content=\"Est. reading time\" \/>\n\t<meta name=\"twitter:data1\" content=\"1 minute\" \/>\n<script type=\"application\/ld+json\" class=\"yoast-schema-graph\">{\"@context\":\"https:\\\/\\\/schema.org\",\"@graph\":[{\"@type\":\"WebPage\",\"@id\":\"https:\\\/\\\/moitoarchery.com\\\/en\\\/product\\\/pesos-estabilizador-5-16-bowfinger-archery-tungsteno\\\/\",\"url\":\"https:\\\/\\\/moitoarchery.com\\\/en\\\/product\\\/pesos-estabilizador-5-16-bowfinger-archery-tungsteno\\\/\",\"name\":\"Pesos Estabilizador 5\\\/16 Bowfinger Archery Tungsteno - MoitoArchery\",\"isPartOf\":{\"@id\":\"https:\\\/\\\/moitoarchery.com\\\/en\\\/#website\"},\"primaryImageOfPage\":{\"@id\":\"https:\\\/\\\/moitoarchery.com\\\/en\\\/product\\\/pesos-estabilizador-5-16-bowfinger-archery-tungsteno\\\/#primaryimage\"},\"image\":{\"@id\":\"https:\\\/\\\/moitoarchery.com\\\/en\\\/product\\\/pesos-estabilizador-5-16-bowfinger-archery-tungsteno\\\/#primaryimage\"},\"thumbnailUrl\":\"https:\\\/\\\/moitoarchery.com\\\/wp-content\\\/uploads\\\/2025\\\/09\\\/122043.webp\",\"datePublished\":\"2025-09-22T07:38:12+00:00\",\"dateModified\":\"2026-04-16T09:54:24+00:00\",\"description\":\"Los pesos de tungsteno Bowfinger Archery 5\\\/16 son la elecci\u00f3n ideal para arqueros que buscan un ajuste fino en su estabilizador y la m\u00e1xima precisi\u00f3n en cada disparo. Fabricados en tungsteno de alta densidad, estos contrapesos ofrecen m\u00e1s peso en un menor volumen, lo que permite una mejor distribuci\u00f3n y control sin a\u00f1adir longitud innecesaria al estabilizador. Pesos disponibles:1 oz \u2013 Grosor: 0,087\u2033 | Di\u00e1metro: 1,25\u20332 oz \u2013 Grosor: 0,170\u2033 | Di\u00e1metro: 1,25\u2033 3 oz \u2013 Grosor: 0,246\u2033 | Di\u00e1metro: 1,25\u2033\",\"breadcrumb\":{\"@id\":\"https:\\\/\\\/moitoarchery.com\\\/en\\\/product\\\/pesos-estabilizador-5-16-bowfinger-archery-tungsteno\\\/#breadcrumb\"},\"inLanguage\":\"en-US\",\"potentialAction\":[{\"@type\":\"ReadAction\",\"target\":[\"https:\\\/\\\/moitoarchery.com\\\/en\\\/product\\\/pesos-estabilizador-5-16-bowfinger-archery-tungsteno\\\/\"]}]},{\"@type\":\"ImageObject\",\"inLanguage\":\"en-US\",\"@id\":\"https:\\\/\\\/moitoarchery.com\\\/en\\\/product\\\/pesos-estabilizador-5-16-bowfinger-archery-tungsteno\\\/#primaryimage\",\"url\":\"https:\\\/\\\/moitoarchery.com\\\/wp-content\\\/uploads\\\/2025\\\/09\\\/122043.webp\",\"contentUrl\":\"https:\\\/\\\/moitoarchery.com\\\/wp-content\\\/uploads\\\/2025\\\/09\\\/122043.webp\",\"width\":800,\"height\":800,\"caption\":\"Pesos Estabilizador Bowfinger Archery Tungsteno\"},{\"@type\":\"BreadcrumbList\",\"@id\":\"https:\\\/\\\/moitoarchery.com\\\/en\\\/product\\\/pesos-estabilizador-5-16-bowfinger-archery-tungsteno\\\/#breadcrumb\",\"itemListElement\":[{\"@type\":\"ListItem\",\"position\":1,\"name\":\"Portada\",\"item\":\"https:\\\/\\\/moitoarchery.com\\\/en\\\/\"},{\"@type\":\"ListItem\",\"position\":2,\"name\":\"Shop\",\"item\":\"https:\\\/\\\/moitoarchery.com\\\/en\\\/shop\\\/\"},{\"@type\":\"ListItem\",\"position\":3,\"name\":\"Pesos Estabilizador 5\\\/16 Bowfinger Archery Tungsteno\"}]},{\"@type\":\"WebSite\",\"@id\":\"https:\\\/\\\/moitoarchery.com\\\/en\\\/#website\",\"url\":\"https:\\\/\\\/moitoarchery.com\\\/en\\\/\",\"name\":\"MoitoArchery\",\"description\":\"Tienda de Tiro con arco\",\"publisher\":{\"@id\":\"https:\\\/\\\/moitoarchery.com\\\/en\\\/#organization\"},\"potentialAction\":[{\"@type\":\"SearchAction\",\"target\":{\"@type\":\"EntryPoint\",\"urlTemplate\":\"https:\\\/\\\/moitoarchery.com\\\/en\\\/?s={search_term_string}\"},\"query-input\":{\"@type\":\"PropertyValueSpecification\",\"valueRequired\":true,\"valueName\":\"search_term_string\"}}],\"inLanguage\":\"en-US\"},{\"@type\":\"Organization\",\"@id\":\"https:\\\/\\\/moitoarchery.com\\\/en\\\/#organization\",\"name\":\"MoitoArchery\",\"url\":\"https:\\\/\\\/moitoarchery.com\\\/en\\\/\",\"logo\":{\"@type\":\"ImageObject\",\"inLanguage\":\"en-US\",\"@id\":\"https:\\\/\\\/moitoarchery.com\\\/en\\\/#\\\/schema\\\/logo\\\/image\\\/\",\"url\":\"https:\\\/\\\/moitoarchery.com\\\/wp-content\\\/uploads\\\/2020\\\/09\\\/logotipo-moitoarchery.png\",\"contentUrl\":\"https:\\\/\\\/moitoarchery.com\\\/wp-content\\\/uploads\\\/2020\\\/09\\\/logotipo-moitoarchery.png\",\"width\":300,\"height\":66,\"caption\":\"MoitoArchery\"},\"image\":{\"@id\":\"https:\\\/\\\/moitoarchery.com\\\/en\\\/#\\\/schema\\\/logo\\\/image\\\/\"},\"sameAs\":[\"https:\\\/\\\/www.facebook.com\\\/arqueriaOnline\\\/\",\"https:\\\/\\\/www.instagram.com\\\/moitoarchery\\\/\",\"https:\\\/\\\/www.youtube.com\\\/channel\\\/UCvmj39gVUIKVoJJ6vQC9GPA\\\/\"]}]}<\/script>\n<!-- \/ Yoast SEO plugin. -->","yoast_head_json":{"title":"Pesos Estabilizador 5\/16 Bowfinger Archery Tungsteno - MoitoArchery","description":"Los pesos de tungsteno Bowfinger Archery 5\/16 son la elecci\u00f3n ideal para arqueros que buscan un ajuste fino en su estabilizador y la m\u00e1xima precisi\u00f3n en cada disparo. Fabricados en tungsteno de alta densidad, estos contrapesos ofrecen m\u00e1s peso en un menor volumen, lo que permite una mejor distribuci\u00f3n y control sin a\u00f1adir longitud innecesaria al estabilizador. Pesos disponibles:1 oz \u2013 Grosor: 0,087\u2033 | Di\u00e1metro: 1,25\u20332 oz \u2013 Grosor: 0,170\u2033 | Di\u00e1metro: 1,25\u2033 3 oz \u2013 Grosor: 0,246\u2033 | Di\u00e1metro: 1,25\u2033","robots":{"index":"index","follow":"follow","max-snippet":"max-snippet:-1","max-image-preview":"max-image-preview:large","max-video-preview":"max-video-preview:-1"},"canonical":"https:\/\/moitoarchery.com\/en\/product\/pesos-estabilizador-5-16-bowfinger-archery-tungsteno\/","og_locale":"en_US","og_type":"article","og_title":"Pesos Estabilizador 5\/16 Bowfinger Archery Tungsteno - MoitoArchery","og_description":"Los pesos de tungsteno Bowfinger Archery 5\/16 son la elecci\u00f3n ideal para arqueros que buscan un ajuste fino en su estabilizador y la m\u00e1xima precisi\u00f3n en cada disparo. Fabricados en tungsteno de alta densidad, estos contrapesos ofrecen m\u00e1s peso en un menor volumen, lo que permite una mejor distribuci\u00f3n y control sin a\u00f1adir longitud innecesaria al estabilizador. Pesos disponibles:1 oz \u2013 Grosor: 0,087\u2033 | Di\u00e1metro: 1,25\u20332 oz \u2013 Grosor: 0,170\u2033 | Di\u00e1metro: 1,25\u2033 3 oz \u2013 Grosor: 0,246\u2033 | Di\u00e1metro: 1,25\u2033","og_url":"https:\/\/moitoarchery.com\/en\/product\/pesos-estabilizador-5-16-bowfinger-archery-tungsteno\/","og_site_name":"MoitoArchery","article_publisher":"https:\/\/www.facebook.com\/arqueriaOnline\/","article_modified_time":"2026-04-16T09:54:24+00:00","og_image":[{"width":800,"height":800,"url":"https:\/\/moitoarchery.com\/wp-content\/uploads\/2025\/09\/122043.webp","type":"image\/webp"}],"twitter_card":"summary_large_image","twitter_misc":{"Est. reading time":"1 minute"},"schema":{"@context":"https:\/\/schema.org","@graph":[{"@type":"WebPage","@id":"https:\/\/moitoarchery.com\/en\/product\/pesos-estabilizador-5-16-bowfinger-archery-tungsteno\/","url":"https:\/\/moitoarchery.com\/en\/product\/pesos-estabilizador-5-16-bowfinger-archery-tungsteno\/","name":"Pesos Estabilizador 5\/16 Bowfinger Archery Tungsteno - MoitoArchery","isPartOf":{"@id":"https:\/\/moitoarchery.com\/en\/#website"},"primaryImageOfPage":{"@id":"https:\/\/moitoarchery.com\/en\/product\/pesos-estabilizador-5-16-bowfinger-archery-tungsteno\/#primaryimage"},"image":{"@id":"https:\/\/moitoarchery.com\/en\/product\/pesos-estabilizador-5-16-bowfinger-archery-tungsteno\/#primaryimage"},"thumbnailUrl":"https:\/\/moitoarchery.com\/wp-content\/uploads\/2025\/09\/122043.webp","datePublished":"2025-09-22T07:38:12+00:00","dateModified":"2026-04-16T09:54:24+00:00","description":"Los pesos de tungsteno Bowfinger Archery 5\/16 son la elecci\u00f3n ideal para arqueros que buscan un ajuste fino en su estabilizador y la m\u00e1xima precisi\u00f3n en cada disparo. Fabricados en tungsteno de alta densidad, estos contrapesos ofrecen m\u00e1s peso en un menor volumen, lo que permite una mejor distribuci\u00f3n y control sin a\u00f1adir longitud innecesaria al estabilizador. Pesos disponibles:1 oz \u2013 Grosor: 0,087\u2033 | Di\u00e1metro: 1,25\u20332 oz \u2013 Grosor: 0,170\u2033 | Di\u00e1metro: 1,25\u2033 3 oz \u2013 Grosor: 0,246\u2033 | Di\u00e1metro: 1,25\u2033","breadcrumb":{"@id":"https:\/\/moitoarchery.com\/en\/product\/pesos-estabilizador-5-16-bowfinger-archery-tungsteno\/#breadcrumb"},"inLanguage":"en-US","potentialAction":[{"@type":"ReadAction","target":["https:\/\/moitoarchery.com\/en\/product\/pesos-estabilizador-5-16-bowfinger-archery-tungsteno\/"]}]},{"@type":"ImageObject","inLanguage":"en-US","@id":"https:\/\/moitoarchery.com\/en\/product\/pesos-estabilizador-5-16-bowfinger-archery-tungsteno\/#primaryimage","url":"https:\/\/moitoarchery.com\/wp-content\/uploads\/2025\/09\/122043.webp","contentUrl":"https:\/\/moitoarchery.com\/wp-content\/uploads\/2025\/09\/122043.webp","width":800,"height":800,"caption":"Pesos Estabilizador Bowfinger Archery Tungsteno"},{"@type":"BreadcrumbList","@id":"https:\/\/moitoarchery.com\/en\/product\/pesos-estabilizador-5-16-bowfinger-archery-tungsteno\/#breadcrumb","itemListElement":[{"@type":"ListItem","position":1,"name":"Portada","item":"https:\/\/moitoarchery.com\/en\/"},{"@type":"ListItem","position":2,"name":"Shop","item":"https:\/\/moitoarchery.com\/en\/shop\/"},{"@type":"ListItem","position":3,"name":"Pesos Estabilizador 5\/16 Bowfinger Archery Tungsteno"}]},{"@type":"WebSite","@id":"https:\/\/moitoarchery.com\/en\/#website","url":"https:\/\/moitoarchery.com\/en\/","name":"MoitoArchery","description":"Tienda de Tiro con arco","publisher":{"@id":"https:\/\/moitoarchery.com\/en\/#organization"},"potentialAction":[{"@type":"SearchAction","target":{"@type":"EntryPoint","urlTemplate":"https:\/\/moitoarchery.com\/en\/?s={search_term_string}"},"query-input":{"@type":"PropertyValueSpecification","valueRequired":true,"valueName":"search_term_string"}}],"inLanguage":"en-US"},{"@type":"Organization","@id":"https:\/\/moitoarchery.com\/en\/#organization","name":"MoitoArchery","url":"https:\/\/moitoarchery.com\/en\/","logo":{"@type":"ImageObject","inLanguage":"en-US","@id":"https:\/\/moitoarchery.com\/en\/#\/schema\/logo\/image\/","url":"https:\/\/moitoarchery.com\/wp-content\/uploads\/2020\/09\/logotipo-moitoarchery.png","contentUrl":"https:\/\/moitoarchery.com\/wp-content\/uploads\/2020\/09\/logotipo-moitoarchery.png","width":300,"height":66,"caption":"MoitoArchery"},"image":{"@id":"https:\/\/moitoarchery.com\/en\/#\/schema\/logo\/image\/"},"sameAs":["https:\/\/www.facebook.com\/arqueriaOnline\/","https:\/\/www.instagram.com\/moitoarchery\/","https:\/\/www.youtube.com\/channel\/UCvmj39gVUIKVoJJ6vQC9GPA\/"]}]}},"_links":{"self":[{"href":"https:\/\/moitoarchery.com\/en\/wp-json\/wp\/v2\/product\/115195","targetHints":{"allow":["GET"]}}],"collection":[{"href":"https:\/\/moitoarchery.com\/en\/wp-json\/wp\/v2\/product"}],"about":[{"href":"https:\/\/moitoarchery.com\/en\/wp-json\/wp\/v2\/types\/product"}],"replies":[{"embeddable":true,"href":"https:\/\/moitoarchery.com\/en\/wp-json\/wp\/v2\/comments?post=115195"}],"version-history":[{"count":1,"href":"https:\/\/moitoarchery.com\/en\/wp-json\/wp\/v2\/product\/115195\/revisions"}],"predecessor-version":[{"id":134176,"href":"https:\/\/moitoarchery.com\/en\/wp-json\/wp\/v2\/product\/115195\/revisions\/134176"}],"wp:featuredmedia":[{"embeddable":true,"href":"https:\/\/moitoarchery.com\/en\/wp-json\/wp\/v2\/media\/115200"}],"wp:attachment":[{"href":"https:\/\/moitoarchery.com\/en\/wp-json\/wp\/v2\/media?parent=115195"}],"wp:term":[{"taxonomy":"product_brand","embeddable":true,"href":"https:\/\/moitoarchery.com\/en\/wp-json\/wp\/v2\/product_brand?post=115195"},{"taxonomy":"product_cat","embeddable":true,"href":"https:\/\/moitoarchery.com\/en\/wp-json\/wp\/v2\/product_cat?post=115195"},{"taxonomy":"product_tag","embeddable":true,"href":"https:\/\/moitoarchery.com\/en\/wp-json\/wp\/v2\/product_tag?post=115195"}],"curies":[{"name":"wp","href":"https:\/\/api.w.org\/{rel}","templated":true}]}}