{"id":115017,"date":"2025-09-19T11:59:09","date_gmt":"2025-09-19T09:59:09","guid":{"rendered":"https:\/\/moitoarchery.com\/?post_type=product&#038;p=115017"},"modified":"2026-04-16T11:54:19","modified_gmt":"2026-04-16T09:54:19","slug":"flecha-completa-avalon-tyro-4-2-de-iniciacion-con-pluma-natural-2-5","status":"publish","type":"product","link":"https:\/\/moitoarchery.com\/en\/product\/flecha-completa-avalon-tyro-4-2-de-iniciacion-con-pluma-natural-2-5\/","title":{"rendered":"Flecha Completa Avalon Tyro 4.2 de iniciaci\u00f3n con pluma natural 2.5&#8243;"},"content":{"rendered":"<p>La <strong data-start=\"374\" data-end=\"393\">Avalon Tyro 4.2<\/strong> es una flecha de iniciaci\u00f3n perfecta para arqueros que buscan combinar el control natural de las plumas tradicionales con la estabilidad de un tubo de carbono moderno. Ideal para arquer\u00eda tradicional, recurvo o barebow, esta flecha ofrece precisi\u00f3n, durabilidad y una excelente relaci\u00f3n calidad-precio.<\/p>\n<h3 data-start=\"703\" data-end=\"740\">\ud83c\udfaf <strong data-start=\"710\" data-end=\"740\">Caracter\u00edsticas Destacadas<\/strong><\/h3>\n<ul data-start=\"741\" data-end=\"1106\">\n<li data-start=\"741\" data-end=\"835\">\n<p data-start=\"743\" data-end=\"835\"><strong data-start=\"743\" data-end=\"782\">\ud83e\udeb6 Pluma Natural de 2.5\u201d (3-Fletch)<\/strong> \u2013 Mejor control en vuelo y excelente salida del arco<\/p>\n<\/li>\n<li data-start=\"836\" data-end=\"925\">\n<p data-start=\"838\" data-end=\"925\"><strong data-start=\"838\" data-end=\"881\">\ud83d\udd01 Compatible con M\u00faltiples Modalidades<\/strong> \u2013 Ideal para recurvo, tradicional y barebow<\/p>\n<\/li>\n<li data-start=\"926\" data-end=\"1016\">\n<p data-start=\"928\" data-end=\"1016\"><strong data-start=\"928\" data-end=\"956\">\ud83d\udcb8 Econ\u00f3mica y Confiable<\/strong> \u2013 Perfecta para principiantes, clubes o pr\u00e1cticas regulares<\/p>\n<\/li>\n<li data-start=\"1017\" data-end=\"1106\">\n<p data-start=\"1019\" data-end=\"1106\"><strong data-start=\"1019\" data-end=\"1063\">\ud83d\udccf Amplia Variedad de Longitudes y Spine<\/strong> \u2013 Se adapta a diferentes estilos y niveles<\/p>\n<\/li>\n<\/ul>\n<p>Rectitud: \u00b1.007&#8243;<\/p>\n<p>IMPORTANTE: <a href=\"https:\/\/moitoarchery.com\/wp-content\/uploads\/2021\/05\/tabla-de-spines-o-durezas-de-flechas-avalon-tyro.jpg\">Ver tabla de spines o durezas para elegir la flecha adecuada seg\u00fan la potencia del arco<\/a>.<\/p>\n<p><strong>Largura:<\/strong><\/p>\n<ul>\n<li>Spine 1100-1500: 28&#8243;<\/li>\n<li>Spine 900-1000: 29&#8243;<\/li>\n<li>Spine 700-800: 30&#8243;<\/li>\n<li>Spine 600: 31&#8243;<\/li>\n<\/ul>\n<p>&nbsp;<\/p>\n","protected":false},"excerpt":{"rendered":"<p>La <strong data-start=\"374\" data-end=\"393\">Avalon Tyro 4.2<\/strong> es una flecha de iniciaci\u00f3n perfecta para arqueros que buscan combinar el control natural de las plumas tradicionales con la estabilidad de un tubo de carbono moderno. Ideal para arquer\u00eda tradicional, recurvo o barebow, esta flecha ofrece precisi\u00f3n, durabilidad y una excelente relaci\u00f3n calidad-precio.<\/p>\n<h3 data-start=\"703\" data-end=\"740\">\ud83c\udfaf <strong data-start=\"710\" data-end=\"740\">Caracter\u00edsticas Destacadas<\/strong><\/h3>\n<ul data-start=\"741\" data-end=\"1106\">\n<li data-start=\"741\" data-end=\"835\">\n<p data-start=\"743\" data-end=\"835\"><strong data-start=\"743\" data-end=\"782\">\ud83e\udeb6 Pluma Natural de 2.5\u201d (3-Fletch)<\/strong> \u2013 Mejor control en vuelo y excelente salida del arco<\/p>\n<\/li>\n<li data-start=\"836\" data-end=\"925\">\n<p data-start=\"838\" data-end=\"925\"><strong data-start=\"838\" data-end=\"881\">\ud83d\udd01 Compatible con M\u00faltiples Modalidades<\/strong> \u2013 Ideal para recurvo, tradicional y barebow<\/p>\n<\/li>\n<li data-start=\"926\" data-end=\"1016\">\n<p data-start=\"928\" data-end=\"1016\"><strong data-start=\"928\" data-end=\"956\">\ud83d\udcb8 Econ\u00f3mica y Confiable<\/strong> \u2013 Perfecta para principiantes, clubes o pr\u00e1cticas regulares<\/p>\n<\/li>\n<li data-start=\"1017\" data-end=\"1106\">\n<p data-start=\"1019\" data-end=\"1106\"><strong data-start=\"1019\" data-end=\"1063\">\ud83d\udccf Amplia Variedad de Longitudes y Spine<\/strong> \u2013 Se adapta a diferentes estilos y niveles<\/p>\n<\/li>\n<\/ul>\n<p>Rectitud: \u00b1.007&#8243;<\/p>\n<p>IMPORTANTE: <a href=\"https:\/\/moitoarchery.com\/wp-content\/uploads\/2021\/05\/tabla-de-spines-o-durezas-de-flechas-avalon-tyro.jpg\">Ver tabla de spines o durezas para elegir la flecha adecuada seg\u00fan la potencia del arco<\/a>.<\/p>\n<p><strong>Largura:<\/strong><\/p>\n<ul>\n<li>Spine 1100-1500: 28&#8243;<\/li>\n<li>Spine 900-1000: 29&#8243;<\/li>\n<li>Spine 700-800: 30&#8243;<\/li>\n<li>Spine 600: 31&#8243;<\/li>\n<\/ul>\n","protected":false},"featured_media":115034,"comment_status":"open","ping_status":"closed","template":"","meta":{"_acf_changed":false},"product_brand":[4037],"product_cat":[2535,2438,2534],"product_tag":[2525],"class_list":{"0":"post-115017","1":"product","2":"type-product","3":"status-publish","4":"has-post-thumbnail","6":"product_brand-avalon-archery","7":"product_cat-carbon","8":"product_cat-arrows","9":"product_cat-complete-arrows","10":"product_tag-bows-for-beginners","12":"first","13":"instock","14":"taxable","15":"shipping-taxable","16":"purchasable","17":"product-type-variable"},"acf":[],"yoast_head":"<!-- This site is optimized with the Yoast SEO plugin v27.3 - https:\/\/yoast.com\/product\/yoast-seo-wordpress\/ -->\n<title>Flecha Completa Avalon Tyro 4.2 de iniciaci\u00f3n con pluma natural 2.5&quot; - MoitoArchery<\/title>\n<meta name=\"description\" content=\"Flecha completa Avalon Tyro 4.2 con pluma natural 2.5&quot;, ideal para arquer\u00eda tradicional, barebow y recurvo. Disponible en m\u00faltiples longitudes y spine.\" \/>\n<meta name=\"robots\" content=\"index, follow, max-snippet:-1, max-image-preview:large, max-video-preview:-1\" \/>\n<link rel=\"canonical\" href=\"https:\/\/moitoarchery.com\/en\/product\/flecha-completa-avalon-tyro-4-2-de-iniciacion-con-pluma-natural-2-5\/\" \/>\n<meta property=\"og:locale\" content=\"en_US\" \/>\n<meta property=\"og:type\" content=\"article\" \/>\n<meta property=\"og:title\" content=\"Flecha Completa Avalon Tyro 4.2 de iniciaci\u00f3n con pluma natural 2.5&quot; - MoitoArchery\" \/>\n<meta property=\"og:description\" content=\"Flecha completa Avalon Tyro 4.2 con pluma natural 2.5&quot;, ideal para arquer\u00eda tradicional, barebow y recurvo. Disponible en m\u00faltiples longitudes y spine.\" \/>\n<meta property=\"og:url\" content=\"https:\/\/moitoarchery.com\/en\/product\/flecha-completa-avalon-tyro-4-2-de-iniciacion-con-pluma-natural-2-5\/\" \/>\n<meta property=\"og:site_name\" content=\"MoitoArchery\" \/>\n<meta property=\"article:publisher\" content=\"https:\/\/www.facebook.com\/arqueriaOnline\/\" \/>\n<meta property=\"article:modified_time\" content=\"2026-04-16T09:54:19+00:00\" \/>\n<meta property=\"og:image\" content=\"https:\/\/moitoarchery.com\/wp-content\/uploads\/2025\/09\/flechas-avalon-tyro-con-pluma-natural.jpg\" \/>\n\t<meta property=\"og:image:width\" content=\"800\" \/>\n\t<meta property=\"og:image:height\" content=\"800\" \/>\n\t<meta property=\"og:image:type\" content=\"image\/jpeg\" \/>\n<meta name=\"twitter:card\" content=\"summary_large_image\" \/>\n<meta name=\"twitter:label1\" content=\"Est. reading time\" \/>\n\t<meta name=\"twitter:data1\" content=\"1 minute\" \/>\n<script type=\"application\/ld+json\" class=\"yoast-schema-graph\">{\"@context\":\"https:\\\/\\\/schema.org\",\"@graph\":[{\"@type\":\"WebPage\",\"@id\":\"https:\\\/\\\/moitoarchery.com\\\/en\\\/product\\\/flecha-completa-avalon-tyro-4-2-de-iniciacion-con-pluma-natural-2-5\\\/\",\"url\":\"https:\\\/\\\/moitoarchery.com\\\/en\\\/product\\\/flecha-completa-avalon-tyro-4-2-de-iniciacion-con-pluma-natural-2-5\\\/\",\"name\":\"Flecha Completa Avalon Tyro 4.2 de iniciaci\u00f3n con pluma natural 2.5\\\" - MoitoArchery\",\"isPartOf\":{\"@id\":\"https:\\\/\\\/moitoarchery.com\\\/en\\\/#website\"},\"primaryImageOfPage\":{\"@id\":\"https:\\\/\\\/moitoarchery.com\\\/en\\\/product\\\/flecha-completa-avalon-tyro-4-2-de-iniciacion-con-pluma-natural-2-5\\\/#primaryimage\"},\"image\":{\"@id\":\"https:\\\/\\\/moitoarchery.com\\\/en\\\/product\\\/flecha-completa-avalon-tyro-4-2-de-iniciacion-con-pluma-natural-2-5\\\/#primaryimage\"},\"thumbnailUrl\":\"https:\\\/\\\/moitoarchery.com\\\/wp-content\\\/uploads\\\/2025\\\/09\\\/flechas-avalon-tyro-con-pluma-natural.jpg\",\"datePublished\":\"2025-09-19T09:59:09+00:00\",\"dateModified\":\"2026-04-16T09:54:19+00:00\",\"description\":\"Flecha completa Avalon Tyro 4.2 con pluma natural 2.5\\\", ideal para arquer\u00eda tradicional, barebow y recurvo. Disponible en m\u00faltiples longitudes y spine.\",\"breadcrumb\":{\"@id\":\"https:\\\/\\\/moitoarchery.com\\\/en\\\/product\\\/flecha-completa-avalon-tyro-4-2-de-iniciacion-con-pluma-natural-2-5\\\/#breadcrumb\"},\"inLanguage\":\"en-US\",\"potentialAction\":[{\"@type\":\"ReadAction\",\"target\":[\"https:\\\/\\\/moitoarchery.com\\\/en\\\/product\\\/flecha-completa-avalon-tyro-4-2-de-iniciacion-con-pluma-natural-2-5\\\/\"]}]},{\"@type\":\"ImageObject\",\"inLanguage\":\"en-US\",\"@id\":\"https:\\\/\\\/moitoarchery.com\\\/en\\\/product\\\/flecha-completa-avalon-tyro-4-2-de-iniciacion-con-pluma-natural-2-5\\\/#primaryimage\",\"url\":\"https:\\\/\\\/moitoarchery.com\\\/wp-content\\\/uploads\\\/2025\\\/09\\\/flechas-avalon-tyro-con-pluma-natural.jpg\",\"contentUrl\":\"https:\\\/\\\/moitoarchery.com\\\/wp-content\\\/uploads\\\/2025\\\/09\\\/flechas-avalon-tyro-con-pluma-natural.jpg\",\"width\":800,\"height\":800},{\"@type\":\"BreadcrumbList\",\"@id\":\"https:\\\/\\\/moitoarchery.com\\\/en\\\/product\\\/flecha-completa-avalon-tyro-4-2-de-iniciacion-con-pluma-natural-2-5\\\/#breadcrumb\",\"itemListElement\":[{\"@type\":\"ListItem\",\"position\":1,\"name\":\"Portada\",\"item\":\"https:\\\/\\\/moitoarchery.com\\\/en\\\/\"},{\"@type\":\"ListItem\",\"position\":2,\"name\":\"Shop\",\"item\":\"https:\\\/\\\/moitoarchery.com\\\/en\\\/shop\\\/\"},{\"@type\":\"ListItem\",\"position\":3,\"name\":\"Flecha Completa Avalon Tyro 4.2 de iniciaci\u00f3n con pluma natural 2.5&#8243;\"}]},{\"@type\":\"WebSite\",\"@id\":\"https:\\\/\\\/moitoarchery.com\\\/en\\\/#website\",\"url\":\"https:\\\/\\\/moitoarchery.com\\\/en\\\/\",\"name\":\"MoitoArchery\",\"description\":\"Tienda de Tiro con arco\",\"publisher\":{\"@id\":\"https:\\\/\\\/moitoarchery.com\\\/en\\\/#organization\"},\"potentialAction\":[{\"@type\":\"SearchAction\",\"target\":{\"@type\":\"EntryPoint\",\"urlTemplate\":\"https:\\\/\\\/moitoarchery.com\\\/en\\\/?s={search_term_string}\"},\"query-input\":{\"@type\":\"PropertyValueSpecification\",\"valueRequired\":true,\"valueName\":\"search_term_string\"}}],\"inLanguage\":\"en-US\"},{\"@type\":\"Organization\",\"@id\":\"https:\\\/\\\/moitoarchery.com\\\/en\\\/#organization\",\"name\":\"MoitoArchery\",\"url\":\"https:\\\/\\\/moitoarchery.com\\\/en\\\/\",\"logo\":{\"@type\":\"ImageObject\",\"inLanguage\":\"en-US\",\"@id\":\"https:\\\/\\\/moitoarchery.com\\\/en\\\/#\\\/schema\\\/logo\\\/image\\\/\",\"url\":\"https:\\\/\\\/moitoarchery.com\\\/wp-content\\\/uploads\\\/2020\\\/09\\\/logotipo-moitoarchery.png\",\"contentUrl\":\"https:\\\/\\\/moitoarchery.com\\\/wp-content\\\/uploads\\\/2020\\\/09\\\/logotipo-moitoarchery.png\",\"width\":300,\"height\":66,\"caption\":\"MoitoArchery\"},\"image\":{\"@id\":\"https:\\\/\\\/moitoarchery.com\\\/en\\\/#\\\/schema\\\/logo\\\/image\\\/\"},\"sameAs\":[\"https:\\\/\\\/www.facebook.com\\\/arqueriaOnline\\\/\",\"https:\\\/\\\/www.instagram.com\\\/moitoarchery\\\/\",\"https:\\\/\\\/www.youtube.com\\\/channel\\\/UCvmj39gVUIKVoJJ6vQC9GPA\\\/\"]}]}<\/script>\n<!-- \/ Yoast SEO plugin. -->","yoast_head_json":{"title":"Flecha Completa Avalon Tyro 4.2 de iniciaci\u00f3n con pluma natural 2.5\" - MoitoArchery","description":"Flecha completa Avalon Tyro 4.2 con pluma natural 2.5\", ideal para arquer\u00eda tradicional, barebow y recurvo. Disponible en m\u00faltiples longitudes y spine.","robots":{"index":"index","follow":"follow","max-snippet":"max-snippet:-1","max-image-preview":"max-image-preview:large","max-video-preview":"max-video-preview:-1"},"canonical":"https:\/\/moitoarchery.com\/en\/product\/flecha-completa-avalon-tyro-4-2-de-iniciacion-con-pluma-natural-2-5\/","og_locale":"en_US","og_type":"article","og_title":"Flecha Completa Avalon Tyro 4.2 de iniciaci\u00f3n con pluma natural 2.5\" - MoitoArchery","og_description":"Flecha completa Avalon Tyro 4.2 con pluma natural 2.5\", ideal para arquer\u00eda tradicional, barebow y recurvo. Disponible en m\u00faltiples longitudes y spine.","og_url":"https:\/\/moitoarchery.com\/en\/product\/flecha-completa-avalon-tyro-4-2-de-iniciacion-con-pluma-natural-2-5\/","og_site_name":"MoitoArchery","article_publisher":"https:\/\/www.facebook.com\/arqueriaOnline\/","article_modified_time":"2026-04-16T09:54:19+00:00","og_image":[{"width":800,"height":800,"url":"https:\/\/moitoarchery.com\/wp-content\/uploads\/2025\/09\/flechas-avalon-tyro-con-pluma-natural.jpg","type":"image\/jpeg"}],"twitter_card":"summary_large_image","twitter_misc":{"Est. reading time":"1 minute"},"schema":{"@context":"https:\/\/schema.org","@graph":[{"@type":"WebPage","@id":"https:\/\/moitoarchery.com\/en\/product\/flecha-completa-avalon-tyro-4-2-de-iniciacion-con-pluma-natural-2-5\/","url":"https:\/\/moitoarchery.com\/en\/product\/flecha-completa-avalon-tyro-4-2-de-iniciacion-con-pluma-natural-2-5\/","name":"Flecha Completa Avalon Tyro 4.2 de iniciaci\u00f3n con pluma natural 2.5\" - MoitoArchery","isPartOf":{"@id":"https:\/\/moitoarchery.com\/en\/#website"},"primaryImageOfPage":{"@id":"https:\/\/moitoarchery.com\/en\/product\/flecha-completa-avalon-tyro-4-2-de-iniciacion-con-pluma-natural-2-5\/#primaryimage"},"image":{"@id":"https:\/\/moitoarchery.com\/en\/product\/flecha-completa-avalon-tyro-4-2-de-iniciacion-con-pluma-natural-2-5\/#primaryimage"},"thumbnailUrl":"https:\/\/moitoarchery.com\/wp-content\/uploads\/2025\/09\/flechas-avalon-tyro-con-pluma-natural.jpg","datePublished":"2025-09-19T09:59:09+00:00","dateModified":"2026-04-16T09:54:19+00:00","description":"Flecha completa Avalon Tyro 4.2 con pluma natural 2.5\", ideal para arquer\u00eda tradicional, barebow y recurvo. Disponible en m\u00faltiples longitudes y spine.","breadcrumb":{"@id":"https:\/\/moitoarchery.com\/en\/product\/flecha-completa-avalon-tyro-4-2-de-iniciacion-con-pluma-natural-2-5\/#breadcrumb"},"inLanguage":"en-US","potentialAction":[{"@type":"ReadAction","target":["https:\/\/moitoarchery.com\/en\/product\/flecha-completa-avalon-tyro-4-2-de-iniciacion-con-pluma-natural-2-5\/"]}]},{"@type":"ImageObject","inLanguage":"en-US","@id":"https:\/\/moitoarchery.com\/en\/product\/flecha-completa-avalon-tyro-4-2-de-iniciacion-con-pluma-natural-2-5\/#primaryimage","url":"https:\/\/moitoarchery.com\/wp-content\/uploads\/2025\/09\/flechas-avalon-tyro-con-pluma-natural.jpg","contentUrl":"https:\/\/moitoarchery.com\/wp-content\/uploads\/2025\/09\/flechas-avalon-tyro-con-pluma-natural.jpg","width":800,"height":800},{"@type":"BreadcrumbList","@id":"https:\/\/moitoarchery.com\/en\/product\/flecha-completa-avalon-tyro-4-2-de-iniciacion-con-pluma-natural-2-5\/#breadcrumb","itemListElement":[{"@type":"ListItem","position":1,"name":"Portada","item":"https:\/\/moitoarchery.com\/en\/"},{"@type":"ListItem","position":2,"name":"Shop","item":"https:\/\/moitoarchery.com\/en\/shop\/"},{"@type":"ListItem","position":3,"name":"Flecha Completa Avalon Tyro 4.2 de iniciaci\u00f3n con pluma natural 2.5&#8243;"}]},{"@type":"WebSite","@id":"https:\/\/moitoarchery.com\/en\/#website","url":"https:\/\/moitoarchery.com\/en\/","name":"MoitoArchery","description":"Tienda de Tiro con arco","publisher":{"@id":"https:\/\/moitoarchery.com\/en\/#organization"},"potentialAction":[{"@type":"SearchAction","target":{"@type":"EntryPoint","urlTemplate":"https:\/\/moitoarchery.com\/en\/?s={search_term_string}"},"query-input":{"@type":"PropertyValueSpecification","valueRequired":true,"valueName":"search_term_string"}}],"inLanguage":"en-US"},{"@type":"Organization","@id":"https:\/\/moitoarchery.com\/en\/#organization","name":"MoitoArchery","url":"https:\/\/moitoarchery.com\/en\/","logo":{"@type":"ImageObject","inLanguage":"en-US","@id":"https:\/\/moitoarchery.com\/en\/#\/schema\/logo\/image\/","url":"https:\/\/moitoarchery.com\/wp-content\/uploads\/2020\/09\/logotipo-moitoarchery.png","contentUrl":"https:\/\/moitoarchery.com\/wp-content\/uploads\/2020\/09\/logotipo-moitoarchery.png","width":300,"height":66,"caption":"MoitoArchery"},"image":{"@id":"https:\/\/moitoarchery.com\/en\/#\/schema\/logo\/image\/"},"sameAs":["https:\/\/www.facebook.com\/arqueriaOnline\/","https:\/\/www.instagram.com\/moitoarchery\/","https:\/\/www.youtube.com\/channel\/UCvmj39gVUIKVoJJ6vQC9GPA\/"]}]}},"_links":{"self":[{"href":"https:\/\/moitoarchery.com\/en\/wp-json\/wp\/v2\/product\/115017","targetHints":{"allow":["GET"]}}],"collection":[{"href":"https:\/\/moitoarchery.com\/en\/wp-json\/wp\/v2\/product"}],"about":[{"href":"https:\/\/moitoarchery.com\/en\/wp-json\/wp\/v2\/types\/product"}],"replies":[{"embeddable":true,"href":"https:\/\/moitoarchery.com\/en\/wp-json\/wp\/v2\/comments?post=115017"}],"version-history":[{"count":1,"href":"https:\/\/moitoarchery.com\/en\/wp-json\/wp\/v2\/product\/115017\/revisions"}],"predecessor-version":[{"id":134173,"href":"https:\/\/moitoarchery.com\/en\/wp-json\/wp\/v2\/product\/115017\/revisions\/134173"}],"wp:featuredmedia":[{"embeddable":true,"href":"https:\/\/moitoarchery.com\/en\/wp-json\/wp\/v2\/media\/115034"}],"wp:attachment":[{"href":"https:\/\/moitoarchery.com\/en\/wp-json\/wp\/v2\/media?parent=115017"}],"wp:term":[{"taxonomy":"product_brand","embeddable":true,"href":"https:\/\/moitoarchery.com\/en\/wp-json\/wp\/v2\/product_brand?post=115017"},{"taxonomy":"product_cat","embeddable":true,"href":"https:\/\/moitoarchery.com\/en\/wp-json\/wp\/v2\/product_cat?post=115017"},{"taxonomy":"product_tag","embeddable":true,"href":"https:\/\/moitoarchery.com\/en\/wp-json\/wp\/v2\/product_tag?post=115017"}],"curies":[{"name":"wp","href":"https:\/\/api.w.org\/{rel}","templated":true}]}}