{"id":114971,"date":"2025-09-19T11:41:56","date_gmt":"2025-09-19T09:41:56","guid":{"rendered":"https:\/\/moitoarchery.com\/?post_type=product&#038;p=114971"},"modified":"2026-04-16T11:54:19","modified_gmt":"2026-04-16T09:54:19","slug":"pack-de-arco-de-poleas-core-zeal-junior-rh-16-28","status":"publish","type":"product","link":"https:\/\/moitoarchery.com\/en\/product\/pack-de-arco-de-poleas-core-zeal-junior-rh-16-28\/","title":{"rendered":"Pack de Arco de poleas Core Zeal Junior RH 16&#8243;-28&#8243;"},"content":{"rendered":"<p>El <strong data-start=\"360\" data-end=\"380\">Core Zeal Junior<\/strong> es un arco de poleas dise\u00f1ado especialmente para arqueros j\u00f3venes o principiantes. Su dise\u00f1o compacto y peso ligero lo convierten en la opci\u00f3n ideal para quienes se inician en el tiro con arco. Con una amplia gama de ajuste en longitud y peso de tiro, este pack crece junto al arquero, permitiendo una progresi\u00f3n t\u00e9cnica segura y c\u00f3moda.<\/p>\n<h3 data-start=\"725\" data-end=\"763\">\ud83c\udfaf <strong data-start=\"732\" data-end=\"763\">Caracter\u00edsticas Principales<\/strong><\/h3>\n<ul data-start=\"764\" data-end=\"1225\">\n<li data-start=\"764\" data-end=\"856\">\n<p data-start=\"766\" data-end=\"856\"><strong data-start=\"766\" data-end=\"788\">\ud83d\udd27 Listo para Usar<\/strong> \u2013 Incluye visor (sight), estabilizador y reposaflechas (arrow rest)<\/p>\n<\/li>\n<li data-start=\"857\" data-end=\"960\">\n<p data-start=\"859\" data-end=\"960\"><strong data-start=\"859\" data-end=\"898\">\ud83c\udfaf Ajuste Totalmente Personalizable<\/strong> \u2013 Apertura de tiro de <strong data-start=\"921\" data-end=\"934\">16&#8243; a 28&#8243;<\/strong> y potencia de <strong data-start=\"945\" data-end=\"960\">10 a 40 lbs<\/strong><\/p>\n<\/li>\n<li data-start=\"961\" data-end=\"1042\">\n<p data-start=\"963\" data-end=\"1042\"><strong data-start=\"963\" data-end=\"988\">\ud83e\uddd2 Ideal para J\u00f3venes<\/strong> \u2013 Dise\u00f1o compacto y ligero: solo <strong data-start=\"1022\" data-end=\"1042\">885 g (1.95 lbs)<\/strong><\/p>\n<\/li>\n<li data-start=\"1043\" data-end=\"1130\">\n<p data-start=\"1045\" data-end=\"1130\"><strong data-start=\"1045\" data-end=\"1078\">\ud83d\udca8 Disparo Suave y Controlado<\/strong> \u2013 Sistema de doble polea para un tiro m\u00e1s fluido<\/p>\n<\/li>\n<li data-start=\"1131\" data-end=\"1225\">\n<p data-start=\"1133\" data-end=\"1225\"><strong data-start=\"1133\" data-end=\"1169\">\ud83d\udee1\ufe0f Fomenta una T\u00e9cnica Correcta<\/strong> \u2013 Perfecto para el desarrollo de habilidades desde cero<\/p>\n<\/li>\n<\/ul>\n<p><strong>Caracter\u00edsticas: <\/strong><\/p>\n<ul>\n<li>Peso: 885 gramos<\/li>\n<li>Longitud: 26&#8243;<\/li>\n<li>Potencia: 10-40 libras<\/li>\n<li>Apertura: 16 &#8220;- 28&#8221;<\/li>\n<li>F\u00e1cil ajuste<\/li>\n<li>Para diestros<\/li>\n<li>Let off: 75%<\/li>\n<li>Velocidad IBO: 290 fps<\/li>\n<\/ul>\n<p> .<\/p>\n","protected":false},"excerpt":{"rendered":"<p>El <strong data-start=\"360\" data-end=\"380\">Core Zeal Junior<\/strong> es un arco de poleas dise\u00f1ado especialmente para arqueros j\u00f3venes o principiantes. Su dise\u00f1o compacto y peso ligero lo convierten en la opci\u00f3n ideal para quienes se inician en el tiro con arco. Con una amplia gama de ajuste en longitud y peso de tiro, este pack crece junto al arquero, permitiendo una progresi\u00f3n t\u00e9cnica segura y c\u00f3moda.<\/p>\n<h3 data-start=\"725\" data-end=\"763\">\ud83c\udfaf <strong data-start=\"732\" data-end=\"763\">Caracter\u00edsticas Principales<\/strong><\/h3>\n<ul data-start=\"764\" data-end=\"1225\">\n<li data-start=\"764\" data-end=\"856\">\n<p data-start=\"766\" data-end=\"856\"><strong data-start=\"766\" data-end=\"788\">\ud83d\udd27 Listo para Usar<\/strong> \u2013 Incluye visor (sight), estabilizador y reposaflechas (arrow rest)<\/p>\n<\/li>\n<li data-start=\"857\" data-end=\"960\">\n<p data-start=\"859\" data-end=\"960\"><strong data-start=\"859\" data-end=\"898\">\ud83c\udfaf Ajuste Totalmente Personalizable<\/strong> \u2013 Apertura de tiro de <strong data-start=\"921\" data-end=\"934\">16&#8243; a 28&#8243;<\/strong> y potencia de <strong data-start=\"945\" data-end=\"960\">10 a 40 lbs<\/strong><\/p>\n<\/li>\n<li data-start=\"961\" data-end=\"1042\">\n<p data-start=\"963\" data-end=\"1042\"><strong data-start=\"963\" data-end=\"988\">\ud83e\uddd2 Ideal para J\u00f3venes<\/strong> \u2013 Dise\u00f1o compacto y ligero: solo <strong data-start=\"1022\" data-end=\"1042\">885 g (1.95 lbs)<\/strong><\/p>\n<\/li>\n<li data-start=\"1043\" data-end=\"1130\">\n<p data-start=\"1045\" data-end=\"1130\"><strong data-start=\"1045\" data-end=\"1078\">\ud83d\udca8 Disparo Suave y Controlado<\/strong> \u2013 Sistema de doble polea para un tiro m\u00e1s fluido<\/p>\n<\/li>\n<li data-start=\"1131\" data-end=\"1225\">\n<p data-start=\"1133\" data-end=\"1225\"><strong data-start=\"1133\" data-end=\"1169\">\ud83d\udee1\ufe0f Fomenta una T\u00e9cnica Correcta<\/strong> \u2013 Perfecto para el desarrollo de habilidades desde cero<\/p>\n<\/li>\n<\/ul>\n<p><strong>Caracter\u00edsticas: <\/strong><\/p>\n<ul>\n<li>Peso: 885 gramos<\/li>\n<li>Longitud: 26&#8243;<\/li>\n<li>Potencia: 10-40 libras<\/li>\n<li>Apertura: 16 &#8220;- 28&#8221;<\/li>\n<li>F\u00e1cil ajuste<\/li>\n<li>Para diestros<\/li>\n<li>Let off: 75%<\/li>\n<li>Velocidad IBO: 290 fps<\/li>\n<\/ul>\n<p> .<\/p>\n","protected":false},"featured_media":115008,"comment_status":"open","ping_status":"closed","template":"","meta":{"_acf_changed":false},"product_brand":[4043],"product_cat":[105,141,140,811,470,466,4931,114],"product_tag":[4442],"class_list":{"0":"post-114971","1":"product","2":"type-product","3":"status-publish","4":"has-post-thumbnail","6":"product_brand-core-archery","7":"product_cat-arcos","8":"product_cat-arcos-de-iniciacion","9":"product_cat-arco-de-poleas","10":"product_cat-arcos-de-poleas-menos-de-35-pulgadas","11":"product_cat-kits-de-iniciacion","12":"product_cat-kits-de-poleas","13":"product_cat-envio-gratuito","14":"product_cat-kit-arco-completo","15":"product_tag-bows-for-beginners","16":"product_shipping_class-envio-gratuito","18":"first","19":"onbackorder","20":"featured","21":"taxable","22":"shipping-taxable","23":"purchasable","24":"product-type-variable"},"acf":[],"yoast_head":"<!-- This site is optimized with the Yoast SEO plugin v27.3 - https:\/\/yoast.com\/product\/yoast-seo-wordpress\/ -->\n<title>Pack de Arco de poleas Core Zeal Junior RH 16&quot;-28&quot; - MoitoArchery<\/title>\n<meta name=\"description\" content=\"Pack de arco compuesto Core Zeal Junior RH 16&quot;-28&quot;, ajustable y ligero para j\u00f3venes arqueros. Incluye accesorios. Ideal para iniciaci\u00f3n en tiro con arco.\" \/>\n<meta name=\"robots\" content=\"index, follow, max-snippet:-1, max-image-preview:large, max-video-preview:-1\" \/>\n<link rel=\"canonical\" href=\"https:\/\/moitoarchery.com\/en\/product\/pack-de-arco-de-poleas-core-zeal-junior-rh-16-28\/\" \/>\n<meta property=\"og:locale\" content=\"en_US\" \/>\n<meta property=\"og:type\" content=\"article\" \/>\n<meta property=\"og:title\" content=\"Pack de Arco de poleas Core Zeal Junior RH 16&quot;-28&quot; - MoitoArchery\" \/>\n<meta property=\"og:description\" content=\"Pack de arco compuesto Core Zeal Junior RH 16&quot;-28&quot;, ajustable y ligero para j\u00f3venes arqueros. Incluye accesorios. Ideal para iniciaci\u00f3n en tiro con arco.\" \/>\n<meta property=\"og:url\" content=\"https:\/\/moitoarchery.com\/en\/product\/pack-de-arco-de-poleas-core-zeal-junior-rh-16-28\/\" \/>\n<meta property=\"og:site_name\" content=\"MoitoArchery\" \/>\n<meta property=\"article:publisher\" content=\"https:\/\/www.facebook.com\/arqueriaOnline\/\" \/>\n<meta property=\"article:modified_time\" content=\"2026-04-16T09:54:19+00:00\" \/>\n<meta property=\"og:image\" content=\"https:\/\/moitoarchery.com\/wp-content\/uploads\/2025\/09\/core-zeal-junior-colores.jpg\" \/>\n\t<meta property=\"og:image:width\" content=\"800\" \/>\n\t<meta property=\"og:image:height\" content=\"800\" \/>\n\t<meta property=\"og:image:type\" content=\"image\/jpeg\" \/>\n<meta name=\"twitter:card\" content=\"summary_large_image\" \/>\n<meta name=\"twitter:label1\" content=\"Est. reading time\" \/>\n\t<meta name=\"twitter:data1\" content=\"2 minutes\" \/>\n<script type=\"application\/ld+json\" class=\"yoast-schema-graph\">{\"@context\":\"https:\\\/\\\/schema.org\",\"@graph\":[{\"@type\":\"WebPage\",\"@id\":\"https:\\\/\\\/moitoarchery.com\\\/en\\\/product\\\/pack-de-arco-de-poleas-core-zeal-junior-rh-16-28\\\/\",\"url\":\"https:\\\/\\\/moitoarchery.com\\\/en\\\/product\\\/pack-de-arco-de-poleas-core-zeal-junior-rh-16-28\\\/\",\"name\":\"Pack de Arco de poleas Core Zeal Junior RH 16\\\"-28\\\" - MoitoArchery\",\"isPartOf\":{\"@id\":\"https:\\\/\\\/moitoarchery.com\\\/en\\\/#website\"},\"primaryImageOfPage\":{\"@id\":\"https:\\\/\\\/moitoarchery.com\\\/en\\\/product\\\/pack-de-arco-de-poleas-core-zeal-junior-rh-16-28\\\/#primaryimage\"},\"image\":{\"@id\":\"https:\\\/\\\/moitoarchery.com\\\/en\\\/product\\\/pack-de-arco-de-poleas-core-zeal-junior-rh-16-28\\\/#primaryimage\"},\"thumbnailUrl\":\"https:\\\/\\\/moitoarchery.com\\\/wp-content\\\/uploads\\\/2025\\\/09\\\/core-zeal-junior-colores.jpg\",\"datePublished\":\"2025-09-19T09:41:56+00:00\",\"dateModified\":\"2026-04-16T09:54:19+00:00\",\"description\":\"Pack de arco compuesto Core Zeal Junior RH 16\\\"-28\\\", ajustable y ligero para j\u00f3venes arqueros. Incluye accesorios. Ideal para iniciaci\u00f3n en tiro con arco.\",\"breadcrumb\":{\"@id\":\"https:\\\/\\\/moitoarchery.com\\\/en\\\/product\\\/pack-de-arco-de-poleas-core-zeal-junior-rh-16-28\\\/#breadcrumb\"},\"inLanguage\":\"en-US\",\"potentialAction\":[{\"@type\":\"ReadAction\",\"target\":[\"https:\\\/\\\/moitoarchery.com\\\/en\\\/product\\\/pack-de-arco-de-poleas-core-zeal-junior-rh-16-28\\\/\"]}]},{\"@type\":\"ImageObject\",\"inLanguage\":\"en-US\",\"@id\":\"https:\\\/\\\/moitoarchery.com\\\/en\\\/product\\\/pack-de-arco-de-poleas-core-zeal-junior-rh-16-28\\\/#primaryimage\",\"url\":\"https:\\\/\\\/moitoarchery.com\\\/wp-content\\\/uploads\\\/2025\\\/09\\\/core-zeal-junior-colores.jpg\",\"contentUrl\":\"https:\\\/\\\/moitoarchery.com\\\/wp-content\\\/uploads\\\/2025\\\/09\\\/core-zeal-junior-colores.jpg\",\"width\":800,\"height\":800},{\"@type\":\"BreadcrumbList\",\"@id\":\"https:\\\/\\\/moitoarchery.com\\\/en\\\/product\\\/pack-de-arco-de-poleas-core-zeal-junior-rh-16-28\\\/#breadcrumb\",\"itemListElement\":[{\"@type\":\"ListItem\",\"position\":1,\"name\":\"Portada\",\"item\":\"https:\\\/\\\/moitoarchery.com\\\/en\\\/\"},{\"@type\":\"ListItem\",\"position\":2,\"name\":\"Shop\",\"item\":\"https:\\\/\\\/moitoarchery.com\\\/en\\\/shop\\\/\"},{\"@type\":\"ListItem\",\"position\":3,\"name\":\"Pack de Arco de poleas Core Zeal Junior RH 16&#8243;-28&#8243;\"}]},{\"@type\":\"WebSite\",\"@id\":\"https:\\\/\\\/moitoarchery.com\\\/en\\\/#website\",\"url\":\"https:\\\/\\\/moitoarchery.com\\\/en\\\/\",\"name\":\"MoitoArchery\",\"description\":\"Tienda de Tiro con arco\",\"publisher\":{\"@id\":\"https:\\\/\\\/moitoarchery.com\\\/en\\\/#organization\"},\"potentialAction\":[{\"@type\":\"SearchAction\",\"target\":{\"@type\":\"EntryPoint\",\"urlTemplate\":\"https:\\\/\\\/moitoarchery.com\\\/en\\\/?s={search_term_string}\"},\"query-input\":{\"@type\":\"PropertyValueSpecification\",\"valueRequired\":true,\"valueName\":\"search_term_string\"}}],\"inLanguage\":\"en-US\"},{\"@type\":\"Organization\",\"@id\":\"https:\\\/\\\/moitoarchery.com\\\/en\\\/#organization\",\"name\":\"MoitoArchery\",\"url\":\"https:\\\/\\\/moitoarchery.com\\\/en\\\/\",\"logo\":{\"@type\":\"ImageObject\",\"inLanguage\":\"en-US\",\"@id\":\"https:\\\/\\\/moitoarchery.com\\\/en\\\/#\\\/schema\\\/logo\\\/image\\\/\",\"url\":\"https:\\\/\\\/moitoarchery.com\\\/wp-content\\\/uploads\\\/2020\\\/09\\\/logotipo-moitoarchery.png\",\"contentUrl\":\"https:\\\/\\\/moitoarchery.com\\\/wp-content\\\/uploads\\\/2020\\\/09\\\/logotipo-moitoarchery.png\",\"width\":300,\"height\":66,\"caption\":\"MoitoArchery\"},\"image\":{\"@id\":\"https:\\\/\\\/moitoarchery.com\\\/en\\\/#\\\/schema\\\/logo\\\/image\\\/\"},\"sameAs\":[\"https:\\\/\\\/www.facebook.com\\\/arqueriaOnline\\\/\",\"https:\\\/\\\/www.instagram.com\\\/moitoarchery\\\/\",\"https:\\\/\\\/www.youtube.com\\\/channel\\\/UCvmj39gVUIKVoJJ6vQC9GPA\\\/\"]}]}<\/script>\n<!-- \/ Yoast SEO plugin. -->","yoast_head_json":{"title":"Pack de Arco de poleas Core Zeal Junior RH 16\"-28\" - MoitoArchery","description":"Pack de arco compuesto Core Zeal Junior RH 16\"-28\", ajustable y ligero para j\u00f3venes arqueros. Incluye accesorios. Ideal para iniciaci\u00f3n en tiro con arco.","robots":{"index":"index","follow":"follow","max-snippet":"max-snippet:-1","max-image-preview":"max-image-preview:large","max-video-preview":"max-video-preview:-1"},"canonical":"https:\/\/moitoarchery.com\/en\/product\/pack-de-arco-de-poleas-core-zeal-junior-rh-16-28\/","og_locale":"en_US","og_type":"article","og_title":"Pack de Arco de poleas Core Zeal Junior RH 16\"-28\" - MoitoArchery","og_description":"Pack de arco compuesto Core Zeal Junior RH 16\"-28\", ajustable y ligero para j\u00f3venes arqueros. Incluye accesorios. Ideal para iniciaci\u00f3n en tiro con arco.","og_url":"https:\/\/moitoarchery.com\/en\/product\/pack-de-arco-de-poleas-core-zeal-junior-rh-16-28\/","og_site_name":"MoitoArchery","article_publisher":"https:\/\/www.facebook.com\/arqueriaOnline\/","article_modified_time":"2026-04-16T09:54:19+00:00","og_image":[{"width":800,"height":800,"url":"https:\/\/moitoarchery.com\/wp-content\/uploads\/2025\/09\/core-zeal-junior-colores.jpg","type":"image\/jpeg"}],"twitter_card":"summary_large_image","twitter_misc":{"Est. reading time":"2 minutes"},"schema":{"@context":"https:\/\/schema.org","@graph":[{"@type":"WebPage","@id":"https:\/\/moitoarchery.com\/en\/product\/pack-de-arco-de-poleas-core-zeal-junior-rh-16-28\/","url":"https:\/\/moitoarchery.com\/en\/product\/pack-de-arco-de-poleas-core-zeal-junior-rh-16-28\/","name":"Pack de Arco de poleas Core Zeal Junior RH 16\"-28\" - MoitoArchery","isPartOf":{"@id":"https:\/\/moitoarchery.com\/en\/#website"},"primaryImageOfPage":{"@id":"https:\/\/moitoarchery.com\/en\/product\/pack-de-arco-de-poleas-core-zeal-junior-rh-16-28\/#primaryimage"},"image":{"@id":"https:\/\/moitoarchery.com\/en\/product\/pack-de-arco-de-poleas-core-zeal-junior-rh-16-28\/#primaryimage"},"thumbnailUrl":"https:\/\/moitoarchery.com\/wp-content\/uploads\/2025\/09\/core-zeal-junior-colores.jpg","datePublished":"2025-09-19T09:41:56+00:00","dateModified":"2026-04-16T09:54:19+00:00","description":"Pack de arco compuesto Core Zeal Junior RH 16\"-28\", ajustable y ligero para j\u00f3venes arqueros. Incluye accesorios. Ideal para iniciaci\u00f3n en tiro con arco.","breadcrumb":{"@id":"https:\/\/moitoarchery.com\/en\/product\/pack-de-arco-de-poleas-core-zeal-junior-rh-16-28\/#breadcrumb"},"inLanguage":"en-US","potentialAction":[{"@type":"ReadAction","target":["https:\/\/moitoarchery.com\/en\/product\/pack-de-arco-de-poleas-core-zeal-junior-rh-16-28\/"]}]},{"@type":"ImageObject","inLanguage":"en-US","@id":"https:\/\/moitoarchery.com\/en\/product\/pack-de-arco-de-poleas-core-zeal-junior-rh-16-28\/#primaryimage","url":"https:\/\/moitoarchery.com\/wp-content\/uploads\/2025\/09\/core-zeal-junior-colores.jpg","contentUrl":"https:\/\/moitoarchery.com\/wp-content\/uploads\/2025\/09\/core-zeal-junior-colores.jpg","width":800,"height":800},{"@type":"BreadcrumbList","@id":"https:\/\/moitoarchery.com\/en\/product\/pack-de-arco-de-poleas-core-zeal-junior-rh-16-28\/#breadcrumb","itemListElement":[{"@type":"ListItem","position":1,"name":"Portada","item":"https:\/\/moitoarchery.com\/en\/"},{"@type":"ListItem","position":2,"name":"Shop","item":"https:\/\/moitoarchery.com\/en\/shop\/"},{"@type":"ListItem","position":3,"name":"Pack de Arco de poleas Core Zeal Junior RH 16&#8243;-28&#8243;"}]},{"@type":"WebSite","@id":"https:\/\/moitoarchery.com\/en\/#website","url":"https:\/\/moitoarchery.com\/en\/","name":"MoitoArchery","description":"Tienda de Tiro con arco","publisher":{"@id":"https:\/\/moitoarchery.com\/en\/#organization"},"potentialAction":[{"@type":"SearchAction","target":{"@type":"EntryPoint","urlTemplate":"https:\/\/moitoarchery.com\/en\/?s={search_term_string}"},"query-input":{"@type":"PropertyValueSpecification","valueRequired":true,"valueName":"search_term_string"}}],"inLanguage":"en-US"},{"@type":"Organization","@id":"https:\/\/moitoarchery.com\/en\/#organization","name":"MoitoArchery","url":"https:\/\/moitoarchery.com\/en\/","logo":{"@type":"ImageObject","inLanguage":"en-US","@id":"https:\/\/moitoarchery.com\/en\/#\/schema\/logo\/image\/","url":"https:\/\/moitoarchery.com\/wp-content\/uploads\/2020\/09\/logotipo-moitoarchery.png","contentUrl":"https:\/\/moitoarchery.com\/wp-content\/uploads\/2020\/09\/logotipo-moitoarchery.png","width":300,"height":66,"caption":"MoitoArchery"},"image":{"@id":"https:\/\/moitoarchery.com\/en\/#\/schema\/logo\/image\/"},"sameAs":["https:\/\/www.facebook.com\/arqueriaOnline\/","https:\/\/www.instagram.com\/moitoarchery\/","https:\/\/www.youtube.com\/channel\/UCvmj39gVUIKVoJJ6vQC9GPA\/"]}]}},"_links":{"self":[{"href":"https:\/\/moitoarchery.com\/en\/wp-json\/wp\/v2\/product\/114971","targetHints":{"allow":["GET"]}}],"collection":[{"href":"https:\/\/moitoarchery.com\/en\/wp-json\/wp\/v2\/product"}],"about":[{"href":"https:\/\/moitoarchery.com\/en\/wp-json\/wp\/v2\/types\/product"}],"replies":[{"embeddable":true,"href":"https:\/\/moitoarchery.com\/en\/wp-json\/wp\/v2\/comments?post=114971"}],"version-history":[{"count":1,"href":"https:\/\/moitoarchery.com\/en\/wp-json\/wp\/v2\/product\/114971\/revisions"}],"predecessor-version":[{"id":134172,"href":"https:\/\/moitoarchery.com\/en\/wp-json\/wp\/v2\/product\/114971\/revisions\/134172"}],"wp:featuredmedia":[{"embeddable":true,"href":"https:\/\/moitoarchery.com\/en\/wp-json\/wp\/v2\/media\/115008"}],"wp:attachment":[{"href":"https:\/\/moitoarchery.com\/en\/wp-json\/wp\/v2\/media?parent=114971"}],"wp:term":[{"taxonomy":"product_brand","embeddable":true,"href":"https:\/\/moitoarchery.com\/en\/wp-json\/wp\/v2\/product_brand?post=114971"},{"taxonomy":"product_cat","embeddable":true,"href":"https:\/\/moitoarchery.com\/en\/wp-json\/wp\/v2\/product_cat?post=114971"},{"taxonomy":"product_tag","embeddable":true,"href":"https:\/\/moitoarchery.com\/en\/wp-json\/wp\/v2\/product_tag?post=114971"}],"curies":[{"name":"wp","href":"https:\/\/api.w.org\/{rel}","templated":true}]}}