{"id":114769,"date":"2025-09-18T11:43:09","date_gmt":"2025-09-18T09:43:09","guid":{"rendered":"https:\/\/moitoarchery.com\/?post_type=product&#038;p=114769"},"modified":"2026-04-16T11:54:19","modified_gmt":"2026-04-16T09:54:19","slug":"tubo-gold-tip-carbon-hunting-velocity-pro-12-uds","status":"publish","type":"product","link":"https:\/\/moitoarchery.com\/en\/product\/tubo-gold-tip-carbon-hunting-velocity-pro-12-uds\/","title":{"rendered":"Tubo Gold Tip Carbon Hunting Velocity Pro (12 uds)"},"content":{"rendered":"<p data-start=\"393\" data-end=\"693\">Los tubos <strong data-start=\"454\" data-end=\"479\">Gold Tip Velocity Pro<\/strong> est\u00e1n dise\u00f1ados para arqueros exigentes que buscan velocidad, precisi\u00f3n y resistencia. Fabricados con <strong data-start=\"582\" data-end=\"603\">carbono 100% puro<\/strong>, ofrecen una durabilidad excepcional y una rectitud que se mantiene disparo tras disparo.<\/p>\n<p data-start=\"695\" data-end=\"1004\">Perfectos para cazadores y tiradores de alto nivel, estos tubos <strong data-start=\"759\" data-end=\"795\">aumentan la velocidad de tu arco<\/strong>, tanto si usas un arco m\u00e1s lento como uno de alta potencia. Gracias a su tecnolog\u00eda de tolerancia ajustada y construcci\u00f3n de alto rendimiento, los <strong data-start=\"943\" data-end=\"959\">Velocity Pro<\/strong> son la c\u00faspide en flechas de alta velocidad.<\/p>\n<ul>\n<li>Longitud: 30&#8243; Aproximadamente<\/li>\n<li>Spine: 300 &#8211; 700<\/li>\n<li>Rectitud: +\/- 0,001&#8243;<\/li>\n<li>Material: carbono<\/li>\n<li>Di\u00e1metro interno: .246<\/li>\n<\/ul>\n<p>Paquete de 12 unidades.<\/p>\n<p>*Atenci\u00f3n los tubos de spine 700 no llevan ning\u00fan componente*<\/p>\n","protected":false},"excerpt":{"rendered":"<p data-start=\"393\" data-end=\"693\">Los tubos <strong data-start=\"454\" data-end=\"479\">Gold Tip Velocity Pro<\/strong> est\u00e1n dise\u00f1ados para arqueros exigentes que buscan velocidad, precisi\u00f3n y resistencia. Fabricados con <strong data-start=\"582\" data-end=\"603\">carbono 100% puro<\/strong>, ofrecen una durabilidad excepcional y una rectitud que se mantiene disparo tras disparo.<\/p>\n<p data-start=\"695\" data-end=\"1004\">Perfectos para cazadores y tiradores de alto nivel, estos tubos <strong data-start=\"759\" data-end=\"795\">aumentan la velocidad de tu arco<\/strong>, tanto si usas un arco m\u00e1s lento como uno de alta potencia. Gracias a su tecnolog\u00eda de tolerancia ajustada y construcci\u00f3n de alto rendimiento, los <strong data-start=\"943\" data-end=\"959\">Velocity Pro<\/strong> son la c\u00faspide en flechas de alta velocidad.<\/p>\n<ul>\n<li>Longitud: 30&#8243; Aproximadamente<\/li>\n<li>Spine: 300 &#8211; 700<\/li>\n<li>Rectitud: +\/- 0,001&#8243;<\/li>\n<li>Material: carbono<\/li>\n<li>Di\u00e1metro interno: .246<\/li>\n<\/ul>\n<p>Paquete de 12 unidades.<\/p>\n<p>*Atenci\u00f3n los tubos de spine 700 no llevan ning\u00fan componente*<\/p>\n","protected":false},"featured_media":114785,"comment_status":"open","ping_status":"closed","template":"","meta":{"_acf_changed":false},"product_brand":[4107],"product_cat":[2854,2438,2851],"product_tag":[2494],"class_list":{"0":"post-114769","1":"product","2":"type-product","3":"status-publish","4":"has-post-thumbnail","6":"product_brand-gold-tip","7":"product_cat-carbon-shafts","8":"product_cat-arrows","9":"product_cat-shafts-en","10":"product_tag-caza-con-arco-de-poleas-en","12":"first","13":"onbackorder","14":"sale","15":"taxable","16":"shipping-taxable","17":"purchasable","18":"product-type-variable"},"acf":[],"yoast_head":"<!-- This site is optimized with the Yoast SEO plugin v27.3 - https:\/\/yoast.com\/product\/yoast-seo-wordpress\/ -->\n<title>Tubo Gold Tip Carbon Hunting Velocity Pro (12 uds) - MoitoArchery<\/title>\n<meta name=\"description\" content=\"Los tubos Gold Tip Velocity Pro est\u00e1n dise\u00f1ados para arqueros exigentes que buscan velocidad, precisi\u00f3n y resistencia. Fabricados con carbono 100% puro, ofrecen una durabilidad excepcional y una rectitud que se mantiene disparo tras disparo.\" \/>\n<meta name=\"robots\" content=\"index, follow, max-snippet:-1, max-image-preview:large, max-video-preview:-1\" \/>\n<link rel=\"canonical\" href=\"https:\/\/moitoarchery.com\/en\/product\/tubo-gold-tip-carbon-hunting-velocity-pro-12-uds\/\" \/>\n<meta property=\"og:locale\" content=\"en_US\" \/>\n<meta property=\"og:type\" content=\"article\" \/>\n<meta property=\"og:title\" content=\"Tubo Gold Tip Carbon Hunting Velocity Pro (12 uds) - MoitoArchery\" \/>\n<meta property=\"og:description\" content=\"Los tubos Gold Tip Velocity Pro est\u00e1n dise\u00f1ados para arqueros exigentes que buscan velocidad, precisi\u00f3n y resistencia. Fabricados con carbono 100% puro, ofrecen una durabilidad excepcional y una rectitud que se mantiene disparo tras disparo.\" \/>\n<meta property=\"og:url\" content=\"https:\/\/moitoarchery.com\/en\/product\/tubo-gold-tip-carbon-hunting-velocity-pro-12-uds\/\" \/>\n<meta property=\"og:site_name\" content=\"MoitoArchery\" \/>\n<meta property=\"article:publisher\" content=\"https:\/\/www.facebook.com\/arqueriaOnline\/\" \/>\n<meta property=\"article:modified_time\" content=\"2026-04-16T09:54:19+00:00\" \/>\n<meta property=\"og:image\" content=\"https:\/\/moitoarchery.com\/wp-content\/uploads\/2025\/09\/gold-tip-carbon-velocity-pro.jpg\" \/>\n\t<meta property=\"og:image:width\" content=\"800\" \/>\n\t<meta property=\"og:image:height\" content=\"800\" \/>\n\t<meta property=\"og:image:type\" content=\"image\/jpeg\" \/>\n<meta name=\"twitter:card\" content=\"summary_large_image\" \/>\n<meta name=\"twitter:label1\" content=\"Est. reading time\" \/>\n\t<meta name=\"twitter:data1\" content=\"1 minute\" \/>\n<script type=\"application\/ld+json\" class=\"yoast-schema-graph\">{\"@context\":\"https:\\\/\\\/schema.org\",\"@graph\":[{\"@type\":\"WebPage\",\"@id\":\"https:\\\/\\\/moitoarchery.com\\\/en\\\/product\\\/tubo-gold-tip-carbon-hunting-velocity-pro-12-uds\\\/\",\"url\":\"https:\\\/\\\/moitoarchery.com\\\/en\\\/product\\\/tubo-gold-tip-carbon-hunting-velocity-pro-12-uds\\\/\",\"name\":\"Tubo Gold Tip Carbon Hunting Velocity Pro (12 uds) - MoitoArchery\",\"isPartOf\":{\"@id\":\"https:\\\/\\\/moitoarchery.com\\\/en\\\/#website\"},\"primaryImageOfPage\":{\"@id\":\"https:\\\/\\\/moitoarchery.com\\\/en\\\/product\\\/tubo-gold-tip-carbon-hunting-velocity-pro-12-uds\\\/#primaryimage\"},\"image\":{\"@id\":\"https:\\\/\\\/moitoarchery.com\\\/en\\\/product\\\/tubo-gold-tip-carbon-hunting-velocity-pro-12-uds\\\/#primaryimage\"},\"thumbnailUrl\":\"https:\\\/\\\/moitoarchery.com\\\/wp-content\\\/uploads\\\/2025\\\/09\\\/gold-tip-carbon-velocity-pro.jpg\",\"datePublished\":\"2025-09-18T09:43:09+00:00\",\"dateModified\":\"2026-04-16T09:54:19+00:00\",\"description\":\"Los tubos Gold Tip Velocity Pro est\u00e1n dise\u00f1ados para arqueros exigentes que buscan velocidad, precisi\u00f3n y resistencia. Fabricados con carbono 100% puro, ofrecen una durabilidad excepcional y una rectitud que se mantiene disparo tras disparo.\",\"breadcrumb\":{\"@id\":\"https:\\\/\\\/moitoarchery.com\\\/en\\\/product\\\/tubo-gold-tip-carbon-hunting-velocity-pro-12-uds\\\/#breadcrumb\"},\"inLanguage\":\"en-US\",\"potentialAction\":[{\"@type\":\"ReadAction\",\"target\":[\"https:\\\/\\\/moitoarchery.com\\\/en\\\/product\\\/tubo-gold-tip-carbon-hunting-velocity-pro-12-uds\\\/\"]}]},{\"@type\":\"ImageObject\",\"inLanguage\":\"en-US\",\"@id\":\"https:\\\/\\\/moitoarchery.com\\\/en\\\/product\\\/tubo-gold-tip-carbon-hunting-velocity-pro-12-uds\\\/#primaryimage\",\"url\":\"https:\\\/\\\/moitoarchery.com\\\/wp-content\\\/uploads\\\/2025\\\/09\\\/gold-tip-carbon-velocity-pro.jpg\",\"contentUrl\":\"https:\\\/\\\/moitoarchery.com\\\/wp-content\\\/uploads\\\/2025\\\/09\\\/gold-tip-carbon-velocity-pro.jpg\",\"width\":800,\"height\":800},{\"@type\":\"BreadcrumbList\",\"@id\":\"https:\\\/\\\/moitoarchery.com\\\/en\\\/product\\\/tubo-gold-tip-carbon-hunting-velocity-pro-12-uds\\\/#breadcrumb\",\"itemListElement\":[{\"@type\":\"ListItem\",\"position\":1,\"name\":\"Portada\",\"item\":\"https:\\\/\\\/moitoarchery.com\\\/en\\\/\"},{\"@type\":\"ListItem\",\"position\":2,\"name\":\"Shop\",\"item\":\"https:\\\/\\\/moitoarchery.com\\\/en\\\/shop\\\/\"},{\"@type\":\"ListItem\",\"position\":3,\"name\":\"Tubo Gold Tip Carbon Hunting Velocity Pro (12 uds)\"}]},{\"@type\":\"WebSite\",\"@id\":\"https:\\\/\\\/moitoarchery.com\\\/en\\\/#website\",\"url\":\"https:\\\/\\\/moitoarchery.com\\\/en\\\/\",\"name\":\"MoitoArchery\",\"description\":\"Tienda de Tiro con arco\",\"publisher\":{\"@id\":\"https:\\\/\\\/moitoarchery.com\\\/en\\\/#organization\"},\"potentialAction\":[{\"@type\":\"SearchAction\",\"target\":{\"@type\":\"EntryPoint\",\"urlTemplate\":\"https:\\\/\\\/moitoarchery.com\\\/en\\\/?s={search_term_string}\"},\"query-input\":{\"@type\":\"PropertyValueSpecification\",\"valueRequired\":true,\"valueName\":\"search_term_string\"}}],\"inLanguage\":\"en-US\"},{\"@type\":\"Organization\",\"@id\":\"https:\\\/\\\/moitoarchery.com\\\/en\\\/#organization\",\"name\":\"MoitoArchery\",\"url\":\"https:\\\/\\\/moitoarchery.com\\\/en\\\/\",\"logo\":{\"@type\":\"ImageObject\",\"inLanguage\":\"en-US\",\"@id\":\"https:\\\/\\\/moitoarchery.com\\\/en\\\/#\\\/schema\\\/logo\\\/image\\\/\",\"url\":\"https:\\\/\\\/moitoarchery.com\\\/wp-content\\\/uploads\\\/2020\\\/09\\\/logotipo-moitoarchery.png\",\"contentUrl\":\"https:\\\/\\\/moitoarchery.com\\\/wp-content\\\/uploads\\\/2020\\\/09\\\/logotipo-moitoarchery.png\",\"width\":300,\"height\":66,\"caption\":\"MoitoArchery\"},\"image\":{\"@id\":\"https:\\\/\\\/moitoarchery.com\\\/en\\\/#\\\/schema\\\/logo\\\/image\\\/\"},\"sameAs\":[\"https:\\\/\\\/www.facebook.com\\\/arqueriaOnline\\\/\",\"https:\\\/\\\/www.instagram.com\\\/moitoarchery\\\/\",\"https:\\\/\\\/www.youtube.com\\\/channel\\\/UCvmj39gVUIKVoJJ6vQC9GPA\\\/\"]}]}<\/script>\n<!-- \/ Yoast SEO plugin. -->","yoast_head_json":{"title":"Tubo Gold Tip Carbon Hunting Velocity Pro (12 uds) - MoitoArchery","description":"Los tubos Gold Tip Velocity Pro est\u00e1n dise\u00f1ados para arqueros exigentes que buscan velocidad, precisi\u00f3n y resistencia. Fabricados con carbono 100% puro, ofrecen una durabilidad excepcional y una rectitud que se mantiene disparo tras disparo.","robots":{"index":"index","follow":"follow","max-snippet":"max-snippet:-1","max-image-preview":"max-image-preview:large","max-video-preview":"max-video-preview:-1"},"canonical":"https:\/\/moitoarchery.com\/en\/product\/tubo-gold-tip-carbon-hunting-velocity-pro-12-uds\/","og_locale":"en_US","og_type":"article","og_title":"Tubo Gold Tip Carbon Hunting Velocity Pro (12 uds) - MoitoArchery","og_description":"Los tubos Gold Tip Velocity Pro est\u00e1n dise\u00f1ados para arqueros exigentes que buscan velocidad, precisi\u00f3n y resistencia. Fabricados con carbono 100% puro, ofrecen una durabilidad excepcional y una rectitud que se mantiene disparo tras disparo.","og_url":"https:\/\/moitoarchery.com\/en\/product\/tubo-gold-tip-carbon-hunting-velocity-pro-12-uds\/","og_site_name":"MoitoArchery","article_publisher":"https:\/\/www.facebook.com\/arqueriaOnline\/","article_modified_time":"2026-04-16T09:54:19+00:00","og_image":[{"width":800,"height":800,"url":"https:\/\/moitoarchery.com\/wp-content\/uploads\/2025\/09\/gold-tip-carbon-velocity-pro.jpg","type":"image\/jpeg"}],"twitter_card":"summary_large_image","twitter_misc":{"Est. reading time":"1 minute"},"schema":{"@context":"https:\/\/schema.org","@graph":[{"@type":"WebPage","@id":"https:\/\/moitoarchery.com\/en\/product\/tubo-gold-tip-carbon-hunting-velocity-pro-12-uds\/","url":"https:\/\/moitoarchery.com\/en\/product\/tubo-gold-tip-carbon-hunting-velocity-pro-12-uds\/","name":"Tubo Gold Tip Carbon Hunting Velocity Pro (12 uds) - MoitoArchery","isPartOf":{"@id":"https:\/\/moitoarchery.com\/en\/#website"},"primaryImageOfPage":{"@id":"https:\/\/moitoarchery.com\/en\/product\/tubo-gold-tip-carbon-hunting-velocity-pro-12-uds\/#primaryimage"},"image":{"@id":"https:\/\/moitoarchery.com\/en\/product\/tubo-gold-tip-carbon-hunting-velocity-pro-12-uds\/#primaryimage"},"thumbnailUrl":"https:\/\/moitoarchery.com\/wp-content\/uploads\/2025\/09\/gold-tip-carbon-velocity-pro.jpg","datePublished":"2025-09-18T09:43:09+00:00","dateModified":"2026-04-16T09:54:19+00:00","description":"Los tubos Gold Tip Velocity Pro est\u00e1n dise\u00f1ados para arqueros exigentes que buscan velocidad, precisi\u00f3n y resistencia. Fabricados con carbono 100% puro, ofrecen una durabilidad excepcional y una rectitud que se mantiene disparo tras disparo.","breadcrumb":{"@id":"https:\/\/moitoarchery.com\/en\/product\/tubo-gold-tip-carbon-hunting-velocity-pro-12-uds\/#breadcrumb"},"inLanguage":"en-US","potentialAction":[{"@type":"ReadAction","target":["https:\/\/moitoarchery.com\/en\/product\/tubo-gold-tip-carbon-hunting-velocity-pro-12-uds\/"]}]},{"@type":"ImageObject","inLanguage":"en-US","@id":"https:\/\/moitoarchery.com\/en\/product\/tubo-gold-tip-carbon-hunting-velocity-pro-12-uds\/#primaryimage","url":"https:\/\/moitoarchery.com\/wp-content\/uploads\/2025\/09\/gold-tip-carbon-velocity-pro.jpg","contentUrl":"https:\/\/moitoarchery.com\/wp-content\/uploads\/2025\/09\/gold-tip-carbon-velocity-pro.jpg","width":800,"height":800},{"@type":"BreadcrumbList","@id":"https:\/\/moitoarchery.com\/en\/product\/tubo-gold-tip-carbon-hunting-velocity-pro-12-uds\/#breadcrumb","itemListElement":[{"@type":"ListItem","position":1,"name":"Portada","item":"https:\/\/moitoarchery.com\/en\/"},{"@type":"ListItem","position":2,"name":"Shop","item":"https:\/\/moitoarchery.com\/en\/shop\/"},{"@type":"ListItem","position":3,"name":"Tubo Gold Tip Carbon Hunting Velocity Pro (12 uds)"}]},{"@type":"WebSite","@id":"https:\/\/moitoarchery.com\/en\/#website","url":"https:\/\/moitoarchery.com\/en\/","name":"MoitoArchery","description":"Tienda de Tiro con arco","publisher":{"@id":"https:\/\/moitoarchery.com\/en\/#organization"},"potentialAction":[{"@type":"SearchAction","target":{"@type":"EntryPoint","urlTemplate":"https:\/\/moitoarchery.com\/en\/?s={search_term_string}"},"query-input":{"@type":"PropertyValueSpecification","valueRequired":true,"valueName":"search_term_string"}}],"inLanguage":"en-US"},{"@type":"Organization","@id":"https:\/\/moitoarchery.com\/en\/#organization","name":"MoitoArchery","url":"https:\/\/moitoarchery.com\/en\/","logo":{"@type":"ImageObject","inLanguage":"en-US","@id":"https:\/\/moitoarchery.com\/en\/#\/schema\/logo\/image\/","url":"https:\/\/moitoarchery.com\/wp-content\/uploads\/2020\/09\/logotipo-moitoarchery.png","contentUrl":"https:\/\/moitoarchery.com\/wp-content\/uploads\/2020\/09\/logotipo-moitoarchery.png","width":300,"height":66,"caption":"MoitoArchery"},"image":{"@id":"https:\/\/moitoarchery.com\/en\/#\/schema\/logo\/image\/"},"sameAs":["https:\/\/www.facebook.com\/arqueriaOnline\/","https:\/\/www.instagram.com\/moitoarchery\/","https:\/\/www.youtube.com\/channel\/UCvmj39gVUIKVoJJ6vQC9GPA\/"]}]}},"_links":{"self":[{"href":"https:\/\/moitoarchery.com\/en\/wp-json\/wp\/v2\/product\/114769","targetHints":{"allow":["GET"]}}],"collection":[{"href":"https:\/\/moitoarchery.com\/en\/wp-json\/wp\/v2\/product"}],"about":[{"href":"https:\/\/moitoarchery.com\/en\/wp-json\/wp\/v2\/types\/product"}],"replies":[{"embeddable":true,"href":"https:\/\/moitoarchery.com\/en\/wp-json\/wp\/v2\/comments?post=114769"}],"version-history":[{"count":1,"href":"https:\/\/moitoarchery.com\/en\/wp-json\/wp\/v2\/product\/114769\/revisions"}],"predecessor-version":[{"id":134171,"href":"https:\/\/moitoarchery.com\/en\/wp-json\/wp\/v2\/product\/114769\/revisions\/134171"}],"wp:featuredmedia":[{"embeddable":true,"href":"https:\/\/moitoarchery.com\/en\/wp-json\/wp\/v2\/media\/114785"}],"wp:attachment":[{"href":"https:\/\/moitoarchery.com\/en\/wp-json\/wp\/v2\/media?parent=114769"}],"wp:term":[{"taxonomy":"product_brand","embeddable":true,"href":"https:\/\/moitoarchery.com\/en\/wp-json\/wp\/v2\/product_brand?post=114769"},{"taxonomy":"product_cat","embeddable":true,"href":"https:\/\/moitoarchery.com\/en\/wp-json\/wp\/v2\/product_cat?post=114769"},{"taxonomy":"product_tag","embeddable":true,"href":"https:\/\/moitoarchery.com\/en\/wp-json\/wp\/v2\/product_tag?post=114769"}],"curies":[{"name":"wp","href":"https:\/\/api.w.org\/{rel}","templated":true}]}}