{"id":113471,"date":"2025-09-12T11:45:36","date_gmt":"2025-09-12T09:45:36","guid":{"rendered":"https:\/\/moitoarchery.com\/?post_type=product&#038;p=113471"},"modified":"2026-04-16T11:54:16","modified_gmt":"2026-04-16T09:54:16","slug":"kit-de-arco-tradicional-sanlida-x8-hermit","status":"publish","type":"product","link":"https:\/\/moitoarchery.com\/en\/product\/kit-de-arco-tradicional-sanlida-x8-hermit\/","title":{"rendered":"Kit de Arco Tradicional Sanlida X8 Hermit"},"content":{"rendered":"<p data-start=\"607\" data-end=\"800\">El <strong data-start=\"610\" data-end=\"659\">Sanlida Hermit X8 ILF Kit<\/strong> es un <strong data-start=\"666\" data-end=\"704\">kit completo y listo para disparar<\/strong>, ideal para arqueros tradicionales que buscan un arco de alto rendimiento, port\u00e1til y duradero.<\/p>\n<p data-start=\"802\" data-end=\"1118\">Con un dise\u00f1o desmontable <strong data-start=\"828\" data-end=\"864\">ILF (International Limb Fitting)<\/strong>, este arco recurvado combina materiales modernos con un dise\u00f1o cl\u00e1sico. Su cuerpo (riser) cuenta con aluminio anodizado de grado aeron\u00e1utico que aporta precisi\u00f3n y resistencia, mientras que la <strong data-start=\"1060\" data-end=\"1077\">madera Dymond<\/strong> ofrece comodidad y una est\u00e9tica natural.<\/p>\n<p data-start=\"1120\" data-end=\"1346\">Sus <strong data-start=\"1124\" data-end=\"1143\">palas laminadas<\/strong> con n\u00facleo de madera de arce y fibra de vidrio proporcionan un disparo suave, constante y con gran energ\u00eda. Las puntas de bakelita aseguran compatibilidad con cuerdas FastFlight y una mayor durabilidad.<\/p>\n<p data-start=\"1348\" data-end=\"1490\">Incluye cuerda <strong data-start=\"1363\" data-end=\"1397\">Flemish Twist D97<\/strong>, que reduce vibraci\u00f3n y estiramiento, optimizando la precisi\u00f3n y la sensaci\u00f3n en el disparo.<\/p>\n<p data-start=\"1348\" data-end=\"1490\"><strong>Especificaciones:\u00a0<\/strong><\/p>\n<ul>\n<li data-start=\"1348\" data-end=\"1490\">Longitud: 60&#8243;<\/li>\n<li data-start=\"1348\" data-end=\"1490\">Potencia: 25 &#8211; 60 lbs<\/li>\n<li data-start=\"1348\" data-end=\"1490\">Fistmele: 7&#8243;- 8&#8243;<\/li>\n<li data-start=\"1348\" data-end=\"1490\">Mano: Diestro (RH)<\/li>\n<\/ul>\n<p data-start=\"1348\" data-end=\"1490\">\n","protected":false},"excerpt":{"rendered":"<p data-start=\"607\" data-end=\"800\">El <strong data-start=\"610\" data-end=\"659\">Sanlida Hermit X8 ILF Kit<\/strong> es un <strong data-start=\"666\" data-end=\"704\">kit completo y listo para disparar<\/strong>, ideal para arqueros tradicionales que buscan un arco de alto rendimiento, port\u00e1til y duradero.<\/p>\n<p data-start=\"802\" data-end=\"1118\">Con un dise\u00f1o desmontable <strong data-start=\"828\" data-end=\"864\">ILF (International Limb Fitting)<\/strong>, este arco recurvado combina materiales modernos con un dise\u00f1o cl\u00e1sico. Su cuerpo (riser) cuenta con aluminio anodizado de grado aeron\u00e1utico que aporta precisi\u00f3n y resistencia, mientras que la <strong data-start=\"1060\" data-end=\"1077\">madera Dymond<\/strong> ofrece comodidad y una est\u00e9tica natural.<\/p>\n<p data-start=\"1120\" data-end=\"1346\">Sus <strong data-start=\"1124\" data-end=\"1143\">palas laminadas<\/strong> con n\u00facleo de madera de arce y fibra de vidrio proporcionan un disparo suave, constante y con gran energ\u00eda. Las puntas de bakelita aseguran compatibilidad con cuerdas FastFlight y una mayor durabilidad.<\/p>\n<p data-start=\"1348\" data-end=\"1490\">Incluye cuerda <strong data-start=\"1363\" data-end=\"1397\">Flemish Twist D97<\/strong>, que reduce vibraci\u00f3n y estiramiento, optimizando la precisi\u00f3n y la sensaci\u00f3n en el disparo.<\/p>\n<p data-start=\"1348\" data-end=\"1490\"><strong>Especificaciones:\u00a0<\/strong><\/p>\n<ul>\n<li data-start=\"1348\" data-end=\"1490\">Longitud: 60&#8243;<\/li>\n<li data-start=\"1348\" data-end=\"1490\">Potencia: 25 &#8211; 60 lbs<\/li>\n<li data-start=\"1348\" data-end=\"1490\">Fistmele: 7&#8243;- 8&#8243;<\/li>\n<li data-start=\"1348\" data-end=\"1490\">Mano: Diestro (RH)<\/li>\n<\/ul>\n","protected":false},"featured_media":113505,"comment_status":"open","ping_status":"closed","template":"","meta":{"_acf_changed":false},"product_brand":[4117],"product_cat":[114,1295],"product_tag":[],"class_list":{"0":"post-113471","1":"product","2":"type-product","3":"status-publish","4":"has-post-thumbnail","6":"product_brand-sanlida","7":"product_cat-kit-arco-completo","8":"product_cat-kits-tradicional-recurvo-t-d","9":"product_shipping_class-envio-gratuito","11":"first","12":"onbackorder","13":"featured","14":"taxable","15":"shipping-taxable","16":"purchasable","17":"product-type-variable"},"acf":[],"yoast_head":"<!-- This site is optimized with the Yoast SEO plugin v27.3 - https:\/\/yoast.com\/product\/yoast-seo-wordpress\/ -->\n<title>Kit de Arco Tradicional Sanlida X8 Hermit - MoitoArchery<\/title>\n<meta name=\"description\" content=\"El Sanlida Hermit X8 ILF Hunting Recurve Bow Kit es un kit completo y listo para disparar, ideal para arqueros tradicionales que buscan un arco de alto rendimiento, port\u00e1til y duradero.\" \/>\n<meta name=\"robots\" content=\"index, follow, max-snippet:-1, max-image-preview:large, max-video-preview:-1\" \/>\n<link rel=\"canonical\" href=\"https:\/\/moitoarchery.com\/en\/product\/kit-de-arco-tradicional-sanlida-x8-hermit\/\" \/>\n<meta property=\"og:locale\" content=\"en_US\" \/>\n<meta property=\"og:type\" content=\"article\" \/>\n<meta property=\"og:title\" content=\"Kit de Arco Tradicional Sanlida X8 Hermit - MoitoArchery\" \/>\n<meta property=\"og:description\" content=\"El Sanlida Hermit X8 ILF Hunting Recurve Bow Kit es un kit completo y listo para disparar, ideal para arqueros tradicionales que buscan un arco de alto rendimiento, port\u00e1til y duradero.\" \/>\n<meta property=\"og:url\" content=\"https:\/\/moitoarchery.com\/en\/product\/kit-de-arco-tradicional-sanlida-x8-hermit\/\" \/>\n<meta property=\"og:site_name\" content=\"MoitoArchery\" \/>\n<meta property=\"article:publisher\" content=\"https:\/\/www.facebook.com\/arqueriaOnline\/\" \/>\n<meta property=\"article:modified_time\" content=\"2026-04-16T09:54:16+00:00\" \/>\n<meta property=\"og:image\" content=\"https:\/\/moitoarchery.com\/wp-content\/uploads\/2025\/09\/kit-sanlida-hermit-x8.jpg\" \/>\n\t<meta property=\"og:image:width\" content=\"800\" \/>\n\t<meta property=\"og:image:height\" content=\"800\" \/>\n\t<meta property=\"og:image:type\" content=\"image\/jpeg\" \/>\n<meta name=\"twitter:card\" content=\"summary_large_image\" \/>\n<meta name=\"twitter:label1\" content=\"Est. reading time\" \/>\n\t<meta name=\"twitter:data1\" content=\"1 minute\" \/>\n<script type=\"application\/ld+json\" class=\"yoast-schema-graph\">{\"@context\":\"https:\\\/\\\/schema.org\",\"@graph\":[{\"@type\":\"WebPage\",\"@id\":\"https:\\\/\\\/moitoarchery.com\\\/en\\\/product\\\/kit-de-arco-tradicional-sanlida-x8-hermit\\\/\",\"url\":\"https:\\\/\\\/moitoarchery.com\\\/en\\\/product\\\/kit-de-arco-tradicional-sanlida-x8-hermit\\\/\",\"name\":\"Kit de Arco Tradicional Sanlida X8 Hermit - MoitoArchery\",\"isPartOf\":{\"@id\":\"https:\\\/\\\/moitoarchery.com\\\/en\\\/#website\"},\"primaryImageOfPage\":{\"@id\":\"https:\\\/\\\/moitoarchery.com\\\/en\\\/product\\\/kit-de-arco-tradicional-sanlida-x8-hermit\\\/#primaryimage\"},\"image\":{\"@id\":\"https:\\\/\\\/moitoarchery.com\\\/en\\\/product\\\/kit-de-arco-tradicional-sanlida-x8-hermit\\\/#primaryimage\"},\"thumbnailUrl\":\"https:\\\/\\\/moitoarchery.com\\\/wp-content\\\/uploads\\\/2025\\\/09\\\/kit-sanlida-hermit-x8.jpg\",\"datePublished\":\"2025-09-12T09:45:36+00:00\",\"dateModified\":\"2026-04-16T09:54:16+00:00\",\"description\":\"El Sanlida Hermit X8 ILF Hunting Recurve Bow Kit es un kit completo y listo para disparar, ideal para arqueros tradicionales que buscan un arco de alto rendimiento, port\u00e1til y duradero.\",\"breadcrumb\":{\"@id\":\"https:\\\/\\\/moitoarchery.com\\\/en\\\/product\\\/kit-de-arco-tradicional-sanlida-x8-hermit\\\/#breadcrumb\"},\"inLanguage\":\"en-US\",\"potentialAction\":[{\"@type\":\"ReadAction\",\"target\":[\"https:\\\/\\\/moitoarchery.com\\\/en\\\/product\\\/kit-de-arco-tradicional-sanlida-x8-hermit\\\/\"]}]},{\"@type\":\"ImageObject\",\"inLanguage\":\"en-US\",\"@id\":\"https:\\\/\\\/moitoarchery.com\\\/en\\\/product\\\/kit-de-arco-tradicional-sanlida-x8-hermit\\\/#primaryimage\",\"url\":\"https:\\\/\\\/moitoarchery.com\\\/wp-content\\\/uploads\\\/2025\\\/09\\\/kit-sanlida-hermit-x8.jpg\",\"contentUrl\":\"https:\\\/\\\/moitoarchery.com\\\/wp-content\\\/uploads\\\/2025\\\/09\\\/kit-sanlida-hermit-x8.jpg\",\"width\":800,\"height\":800},{\"@type\":\"BreadcrumbList\",\"@id\":\"https:\\\/\\\/moitoarchery.com\\\/en\\\/product\\\/kit-de-arco-tradicional-sanlida-x8-hermit\\\/#breadcrumb\",\"itemListElement\":[{\"@type\":\"ListItem\",\"position\":1,\"name\":\"Portada\",\"item\":\"https:\\\/\\\/moitoarchery.com\\\/en\\\/\"},{\"@type\":\"ListItem\",\"position\":2,\"name\":\"Shop\",\"item\":\"https:\\\/\\\/moitoarchery.com\\\/en\\\/shop\\\/\"},{\"@type\":\"ListItem\",\"position\":3,\"name\":\"Kit de Arco Tradicional Sanlida X8 Hermit\"}]},{\"@type\":\"WebSite\",\"@id\":\"https:\\\/\\\/moitoarchery.com\\\/en\\\/#website\",\"url\":\"https:\\\/\\\/moitoarchery.com\\\/en\\\/\",\"name\":\"MoitoArchery\",\"description\":\"Tienda de Tiro con arco\",\"publisher\":{\"@id\":\"https:\\\/\\\/moitoarchery.com\\\/en\\\/#organization\"},\"potentialAction\":[{\"@type\":\"SearchAction\",\"target\":{\"@type\":\"EntryPoint\",\"urlTemplate\":\"https:\\\/\\\/moitoarchery.com\\\/en\\\/?s={search_term_string}\"},\"query-input\":{\"@type\":\"PropertyValueSpecification\",\"valueRequired\":true,\"valueName\":\"search_term_string\"}}],\"inLanguage\":\"en-US\"},{\"@type\":\"Organization\",\"@id\":\"https:\\\/\\\/moitoarchery.com\\\/en\\\/#organization\",\"name\":\"MoitoArchery\",\"url\":\"https:\\\/\\\/moitoarchery.com\\\/en\\\/\",\"logo\":{\"@type\":\"ImageObject\",\"inLanguage\":\"en-US\",\"@id\":\"https:\\\/\\\/moitoarchery.com\\\/en\\\/#\\\/schema\\\/logo\\\/image\\\/\",\"url\":\"https:\\\/\\\/moitoarchery.com\\\/wp-content\\\/uploads\\\/2020\\\/09\\\/logotipo-moitoarchery.png\",\"contentUrl\":\"https:\\\/\\\/moitoarchery.com\\\/wp-content\\\/uploads\\\/2020\\\/09\\\/logotipo-moitoarchery.png\",\"width\":300,\"height\":66,\"caption\":\"MoitoArchery\"},\"image\":{\"@id\":\"https:\\\/\\\/moitoarchery.com\\\/en\\\/#\\\/schema\\\/logo\\\/image\\\/\"},\"sameAs\":[\"https:\\\/\\\/www.facebook.com\\\/arqueriaOnline\\\/\",\"https:\\\/\\\/www.instagram.com\\\/moitoarchery\\\/\",\"https:\\\/\\\/www.youtube.com\\\/channel\\\/UCvmj39gVUIKVoJJ6vQC9GPA\\\/\"]}]}<\/script>\n<!-- \/ Yoast SEO plugin. -->","yoast_head_json":{"title":"Kit de Arco Tradicional Sanlida X8 Hermit - MoitoArchery","description":"El Sanlida Hermit X8 ILF Hunting Recurve Bow Kit es un kit completo y listo para disparar, ideal para arqueros tradicionales que buscan un arco de alto rendimiento, port\u00e1til y duradero.","robots":{"index":"index","follow":"follow","max-snippet":"max-snippet:-1","max-image-preview":"max-image-preview:large","max-video-preview":"max-video-preview:-1"},"canonical":"https:\/\/moitoarchery.com\/en\/product\/kit-de-arco-tradicional-sanlida-x8-hermit\/","og_locale":"en_US","og_type":"article","og_title":"Kit de Arco Tradicional Sanlida X8 Hermit - MoitoArchery","og_description":"El Sanlida Hermit X8 ILF Hunting Recurve Bow Kit es un kit completo y listo para disparar, ideal para arqueros tradicionales que buscan un arco de alto rendimiento, port\u00e1til y duradero.","og_url":"https:\/\/moitoarchery.com\/en\/product\/kit-de-arco-tradicional-sanlida-x8-hermit\/","og_site_name":"MoitoArchery","article_publisher":"https:\/\/www.facebook.com\/arqueriaOnline\/","article_modified_time":"2026-04-16T09:54:16+00:00","og_image":[{"width":800,"height":800,"url":"https:\/\/moitoarchery.com\/wp-content\/uploads\/2025\/09\/kit-sanlida-hermit-x8.jpg","type":"image\/jpeg"}],"twitter_card":"summary_large_image","twitter_misc":{"Est. reading time":"1 minute"},"schema":{"@context":"https:\/\/schema.org","@graph":[{"@type":"WebPage","@id":"https:\/\/moitoarchery.com\/en\/product\/kit-de-arco-tradicional-sanlida-x8-hermit\/","url":"https:\/\/moitoarchery.com\/en\/product\/kit-de-arco-tradicional-sanlida-x8-hermit\/","name":"Kit de Arco Tradicional Sanlida X8 Hermit - MoitoArchery","isPartOf":{"@id":"https:\/\/moitoarchery.com\/en\/#website"},"primaryImageOfPage":{"@id":"https:\/\/moitoarchery.com\/en\/product\/kit-de-arco-tradicional-sanlida-x8-hermit\/#primaryimage"},"image":{"@id":"https:\/\/moitoarchery.com\/en\/product\/kit-de-arco-tradicional-sanlida-x8-hermit\/#primaryimage"},"thumbnailUrl":"https:\/\/moitoarchery.com\/wp-content\/uploads\/2025\/09\/kit-sanlida-hermit-x8.jpg","datePublished":"2025-09-12T09:45:36+00:00","dateModified":"2026-04-16T09:54:16+00:00","description":"El Sanlida Hermit X8 ILF Hunting Recurve Bow Kit es un kit completo y listo para disparar, ideal para arqueros tradicionales que buscan un arco de alto rendimiento, port\u00e1til y duradero.","breadcrumb":{"@id":"https:\/\/moitoarchery.com\/en\/product\/kit-de-arco-tradicional-sanlida-x8-hermit\/#breadcrumb"},"inLanguage":"en-US","potentialAction":[{"@type":"ReadAction","target":["https:\/\/moitoarchery.com\/en\/product\/kit-de-arco-tradicional-sanlida-x8-hermit\/"]}]},{"@type":"ImageObject","inLanguage":"en-US","@id":"https:\/\/moitoarchery.com\/en\/product\/kit-de-arco-tradicional-sanlida-x8-hermit\/#primaryimage","url":"https:\/\/moitoarchery.com\/wp-content\/uploads\/2025\/09\/kit-sanlida-hermit-x8.jpg","contentUrl":"https:\/\/moitoarchery.com\/wp-content\/uploads\/2025\/09\/kit-sanlida-hermit-x8.jpg","width":800,"height":800},{"@type":"BreadcrumbList","@id":"https:\/\/moitoarchery.com\/en\/product\/kit-de-arco-tradicional-sanlida-x8-hermit\/#breadcrumb","itemListElement":[{"@type":"ListItem","position":1,"name":"Portada","item":"https:\/\/moitoarchery.com\/en\/"},{"@type":"ListItem","position":2,"name":"Shop","item":"https:\/\/moitoarchery.com\/en\/shop\/"},{"@type":"ListItem","position":3,"name":"Kit de Arco Tradicional Sanlida X8 Hermit"}]},{"@type":"WebSite","@id":"https:\/\/moitoarchery.com\/en\/#website","url":"https:\/\/moitoarchery.com\/en\/","name":"MoitoArchery","description":"Tienda de Tiro con arco","publisher":{"@id":"https:\/\/moitoarchery.com\/en\/#organization"},"potentialAction":[{"@type":"SearchAction","target":{"@type":"EntryPoint","urlTemplate":"https:\/\/moitoarchery.com\/en\/?s={search_term_string}"},"query-input":{"@type":"PropertyValueSpecification","valueRequired":true,"valueName":"search_term_string"}}],"inLanguage":"en-US"},{"@type":"Organization","@id":"https:\/\/moitoarchery.com\/en\/#organization","name":"MoitoArchery","url":"https:\/\/moitoarchery.com\/en\/","logo":{"@type":"ImageObject","inLanguage":"en-US","@id":"https:\/\/moitoarchery.com\/en\/#\/schema\/logo\/image\/","url":"https:\/\/moitoarchery.com\/wp-content\/uploads\/2020\/09\/logotipo-moitoarchery.png","contentUrl":"https:\/\/moitoarchery.com\/wp-content\/uploads\/2020\/09\/logotipo-moitoarchery.png","width":300,"height":66,"caption":"MoitoArchery"},"image":{"@id":"https:\/\/moitoarchery.com\/en\/#\/schema\/logo\/image\/"},"sameAs":["https:\/\/www.facebook.com\/arqueriaOnline\/","https:\/\/www.instagram.com\/moitoarchery\/","https:\/\/www.youtube.com\/channel\/UCvmj39gVUIKVoJJ6vQC9GPA\/"]}]}},"_links":{"self":[{"href":"https:\/\/moitoarchery.com\/en\/wp-json\/wp\/v2\/product\/113471","targetHints":{"allow":["GET"]}}],"collection":[{"href":"https:\/\/moitoarchery.com\/en\/wp-json\/wp\/v2\/product"}],"about":[{"href":"https:\/\/moitoarchery.com\/en\/wp-json\/wp\/v2\/types\/product"}],"replies":[{"embeddable":true,"href":"https:\/\/moitoarchery.com\/en\/wp-json\/wp\/v2\/comments?post=113471"}],"version-history":[{"count":1,"href":"https:\/\/moitoarchery.com\/en\/wp-json\/wp\/v2\/product\/113471\/revisions"}],"predecessor-version":[{"id":134166,"href":"https:\/\/moitoarchery.com\/en\/wp-json\/wp\/v2\/product\/113471\/revisions\/134166"}],"wp:featuredmedia":[{"embeddable":true,"href":"https:\/\/moitoarchery.com\/en\/wp-json\/wp\/v2\/media\/113505"}],"wp:attachment":[{"href":"https:\/\/moitoarchery.com\/en\/wp-json\/wp\/v2\/media?parent=113471"}],"wp:term":[{"taxonomy":"product_brand","embeddable":true,"href":"https:\/\/moitoarchery.com\/en\/wp-json\/wp\/v2\/product_brand?post=113471"},{"taxonomy":"product_cat","embeddable":true,"href":"https:\/\/moitoarchery.com\/en\/wp-json\/wp\/v2\/product_cat?post=113471"},{"taxonomy":"product_tag","embeddable":true,"href":"https:\/\/moitoarchery.com\/en\/wp-json\/wp\/v2\/product_tag?post=113471"}],"curies":[{"name":"wp","href":"https:\/\/api.w.org\/{rel}","templated":true}]}}