{"id":108740,"date":"2025-08-29T13:53:36","date_gmt":"2025-08-29T11:53:36","guid":{"rendered":"https:\/\/moitoarchery.com\/?post_type=product&#038;p=108740"},"modified":"2026-04-16T11:53:59","modified_gmt":"2026-04-16T09:53:59","slug":"pack-de-arco-de-poleas-elite-basin","status":"publish","type":"product","link":"https:\/\/moitoarchery.com\/en\/product\/pack-de-arco-de-poleas-elite-basin\/","title":{"rendered":"Pack de Arco de poleas Elite Basin"},"content":{"rendered":"<p data-start=\"256\" data-end=\"498\"><strong data-start=\"387\" data-end=\"405\">El Elite Basin<\/strong> ha sido dise\u00f1ado para ofrecer rendimiento profesional en un arco accesible, duradero y completamente ajustable. Con materiales de alta calidad, ingenier\u00eda de precisi\u00f3n y una configuraci\u00f3n lista para disparar, este pack es ideal para arqueros que buscan <strong data-start=\"659\" data-end=\"695\">fiabilidad, comodidad y potencia<\/strong>, tanto en el campo de caza como en el campo de tiro.<\/p>\n<p data-start=\"256\" data-end=\"498\">El <strong>pack de arco<\/strong> <strong data-start=\"2387\" data-end=\"2406\">Elite Basin RTS<\/strong> es la elecci\u00f3n perfecta para quienes buscan un arco listo para cazar con calidad de fabricaci\u00f3n superior. Fiable, suave y adaptable a cualquier arquero.<\/p>\n<p><strong>Caracter\u00edsticas:<\/strong><\/p>\n<ul>\n<li>Longitud: 32-3\/8&#8243;<\/li>\n<li>Fistmele: \u00a06-11\/16&#8243;<\/li>\n<li>Velocidad: 315 fps<\/li>\n<li>Peso: 3.9 lbs<\/li>\n<li>Apertura: 16-30&#8243;<\/li>\n<li>Potencia: 20-70 lbs<\/li>\n<\/ul>\n<h4 data-start=\"1732\" data-end=\"1780\"><strong data-start=\"1740\" data-end=\"1780\">Incluye \u2013 Pack RTS (Ready To Shoot):<\/strong><\/h4>\n<ul data-start=\"1782\" data-end=\"1972\">\n<li data-start=\"1782\" data-end=\"1802\">\n<p data-start=\"1784\" data-end=\"1802\">Arco Elite Basin<\/p>\n<\/li>\n<li data-start=\"1803\" data-end=\"1833\">\n<p data-start=\"1805\" data-end=\"1833\">Visor de 3 pines instalado<\/p>\n<\/li>\n<li data-start=\"1834\" data-end=\"1872\">\n<p data-start=\"1836\" data-end=\"1872\">Reposaflechas tipo Whisker Biscuit<\/p>\n<\/li>\n<li data-start=\"1873\" data-end=\"1890\">\n<p data-start=\"1875\" data-end=\"1890\">Estabilizador<\/p>\n<\/li>\n<li data-start=\"1891\" data-end=\"1928\">\n<p data-start=\"1893\" data-end=\"1928\">Peep sight y D-loop preinstalados<\/p>\n<\/li>\n<\/ul>\n","protected":false},"excerpt":{"rendered":"<p data-start=\"256\" data-end=\"498\"><strong data-start=\"387\" data-end=\"405\">El Elite Basin<\/strong> ha sido dise\u00f1ado para ofrecer rendimiento profesional en un arco accesible, duradero y completamente ajustable. Con materiales de alta calidad, ingenier\u00eda de precisi\u00f3n y una configuraci\u00f3n lista para disparar, este pack es ideal para arqueros que buscan <strong data-start=\"659\" data-end=\"695\">fiabilidad, comodidad y potencia<\/strong>, tanto en el campo de caza como en el campo de tiro.<\/p>\n<p data-start=\"256\" data-end=\"498\">El <strong>pack de arco<\/strong> <strong data-start=\"2387\" data-end=\"2406\">Elite Basin RTS<\/strong> es la elecci\u00f3n perfecta para quienes buscan un arco listo para cazar con calidad de fabricaci\u00f3n superior. Fiable, suave y adaptable a cualquier arquero.<\/p>\n<p><strong>Caracter\u00edsticas:<\/strong><\/p>\n<ul>\n<li>Longitud: 32-3\/8&#8243;<\/li>\n<li>Fistmele: \u00a06-11\/16&#8243;<\/li>\n<li>Velocidad: 315 fps<\/li>\n<li>Peso: 3.9 lbs<\/li>\n<li>Apertura: 16-30&#8243;<\/li>\n<li>Potencia: 20-70 lbs<\/li>\n<\/ul>\n<h4 data-start=\"1732\" data-end=\"1780\"><strong data-start=\"1740\" data-end=\"1780\">Incluye \u2013 Pack RTS (Ready To Shoot):<\/strong><\/h4>\n<ul data-start=\"1782\" data-end=\"1972\">\n<li data-start=\"1782\" data-end=\"1802\">\n<p data-start=\"1784\" data-end=\"1802\">Arco Elite Basin<\/p>\n<\/li>\n<li data-start=\"1803\" data-end=\"1833\">\n<p data-start=\"1805\" data-end=\"1833\">Visor de 3 pines instalado<\/p>\n<\/li>\n<li data-start=\"1834\" data-end=\"1872\">\n<p data-start=\"1836\" data-end=\"1872\">Reposaflechas tipo Whisker Biscuit<\/p>\n<\/li>\n<li data-start=\"1873\" data-end=\"1890\">\n<p data-start=\"1875\" data-end=\"1890\">Estabilizador<\/p>\n<\/li>\n<li data-start=\"1891\" data-end=\"1928\">\n<p data-start=\"1893\" data-end=\"1928\">Peep sight y D-loop preinstalados<\/p>\n<\/li>\n<\/ul>\n","protected":false},"featured_media":108750,"comment_status":"open","ping_status":"closed","template":"","meta":{"_acf_changed":false},"product_brand":[4128],"product_cat":[140,811],"product_tag":[189],"class_list":{"0":"post-108740","1":"product","2":"type-product","3":"status-publish","4":"has-post-thumbnail","6":"product_brand-elite-archery","7":"product_cat-arco-de-poleas","8":"product_cat-arcos-de-poleas-menos-de-35-pulgadas","9":"product_tag-caza-con-arco-de-poleas","10":"product_shipping_class-envio-pe-2090e-ba-3890e","12":"first","13":"onbackorder","14":"sale","15":"taxable","16":"shipping-taxable","17":"purchasable","18":"product-type-variable"},"acf":[],"yoast_head":"<!-- This site is optimized with the Yoast SEO plugin v27.3 - https:\/\/yoast.com\/product\/yoast-seo-wordpress\/ -->\n<title>Pack de Arco de poleas Elite Basin - MoitoArchery<\/title>\n<meta name=\"description\" content=\"El Elite Basin es un arco de poleas vers\u00e1til, potente y completamente ajustable, dise\u00f1ado tanto para arqueros en crecimiento como para cazadores experimentados. Combina rendimiento de nivel profesional con materiales de alta gama en un dise\u00f1o accesible, duradero y preciso.\" \/>\n<meta name=\"robots\" content=\"index, follow, max-snippet:-1, max-image-preview:large, max-video-preview:-1\" \/>\n<link rel=\"canonical\" href=\"https:\/\/moitoarchery.com\/en\/product\/pack-de-arco-de-poleas-elite-basin\/\" \/>\n<meta property=\"og:locale\" content=\"en_US\" \/>\n<meta property=\"og:type\" content=\"article\" \/>\n<meta property=\"og:title\" content=\"Pack de Arco de poleas Elite Basin - MoitoArchery\" \/>\n<meta property=\"og:description\" content=\"El Elite Basin es un arco de poleas vers\u00e1til, potente y completamente ajustable, dise\u00f1ado tanto para arqueros en crecimiento como para cazadores experimentados. Combina rendimiento de nivel profesional con materiales de alta gama en un dise\u00f1o accesible, duradero y preciso.\" \/>\n<meta property=\"og:url\" content=\"https:\/\/moitoarchery.com\/en\/product\/pack-de-arco-de-poleas-elite-basin\/\" \/>\n<meta property=\"og:site_name\" content=\"MoitoArchery\" \/>\n<meta property=\"article:publisher\" content=\"https:\/\/www.facebook.com\/arqueriaOnline\/\" \/>\n<meta property=\"article:modified_time\" content=\"2026-04-16T09:53:59+00:00\" \/>\n<meta property=\"og:image\" content=\"https:\/\/moitoarchery.com\/wp-content\/uploads\/2025\/08\/pack-elite-basin.jpg\" \/>\n\t<meta property=\"og:image:width\" content=\"800\" \/>\n\t<meta property=\"og:image:height\" content=\"800\" \/>\n\t<meta property=\"og:image:type\" content=\"image\/jpeg\" \/>\n<meta name=\"twitter:card\" content=\"summary_large_image\" \/>\n<meta name=\"twitter:label1\" content=\"Est. reading time\" \/>\n\t<meta name=\"twitter:data1\" content=\"2 minutes\" \/>\n<script type=\"application\/ld+json\" class=\"yoast-schema-graph\">{\"@context\":\"https:\\\/\\\/schema.org\",\"@graph\":[{\"@type\":\"WebPage\",\"@id\":\"https:\\\/\\\/moitoarchery.com\\\/en\\\/product\\\/pack-de-arco-de-poleas-elite-basin\\\/\",\"url\":\"https:\\\/\\\/moitoarchery.com\\\/en\\\/product\\\/pack-de-arco-de-poleas-elite-basin\\\/\",\"name\":\"Pack de Arco de poleas Elite Basin - MoitoArchery\",\"isPartOf\":{\"@id\":\"https:\\\/\\\/moitoarchery.com\\\/en\\\/#website\"},\"primaryImageOfPage\":{\"@id\":\"https:\\\/\\\/moitoarchery.com\\\/en\\\/product\\\/pack-de-arco-de-poleas-elite-basin\\\/#primaryimage\"},\"image\":{\"@id\":\"https:\\\/\\\/moitoarchery.com\\\/en\\\/product\\\/pack-de-arco-de-poleas-elite-basin\\\/#primaryimage\"},\"thumbnailUrl\":\"https:\\\/\\\/moitoarchery.com\\\/wp-content\\\/uploads\\\/2025\\\/08\\\/pack-elite-basin.jpg\",\"datePublished\":\"2025-08-29T11:53:36+00:00\",\"dateModified\":\"2026-04-16T09:53:59+00:00\",\"description\":\"El Elite Basin es un arco de poleas vers\u00e1til, potente y completamente ajustable, dise\u00f1ado tanto para arqueros en crecimiento como para cazadores experimentados. Combina rendimiento de nivel profesional con materiales de alta gama en un dise\u00f1o accesible, duradero y preciso.\",\"breadcrumb\":{\"@id\":\"https:\\\/\\\/moitoarchery.com\\\/en\\\/product\\\/pack-de-arco-de-poleas-elite-basin\\\/#breadcrumb\"},\"inLanguage\":\"en-US\",\"potentialAction\":[{\"@type\":\"ReadAction\",\"target\":[\"https:\\\/\\\/moitoarchery.com\\\/en\\\/product\\\/pack-de-arco-de-poleas-elite-basin\\\/\"]}]},{\"@type\":\"ImageObject\",\"inLanguage\":\"en-US\",\"@id\":\"https:\\\/\\\/moitoarchery.com\\\/en\\\/product\\\/pack-de-arco-de-poleas-elite-basin\\\/#primaryimage\",\"url\":\"https:\\\/\\\/moitoarchery.com\\\/wp-content\\\/uploads\\\/2025\\\/08\\\/pack-elite-basin.jpg\",\"contentUrl\":\"https:\\\/\\\/moitoarchery.com\\\/wp-content\\\/uploads\\\/2025\\\/08\\\/pack-elite-basin.jpg\",\"width\":800,\"height\":800},{\"@type\":\"BreadcrumbList\",\"@id\":\"https:\\\/\\\/moitoarchery.com\\\/en\\\/product\\\/pack-de-arco-de-poleas-elite-basin\\\/#breadcrumb\",\"itemListElement\":[{\"@type\":\"ListItem\",\"position\":1,\"name\":\"Portada\",\"item\":\"https:\\\/\\\/moitoarchery.com\\\/en\\\/\"},{\"@type\":\"ListItem\",\"position\":2,\"name\":\"Shop\",\"item\":\"https:\\\/\\\/moitoarchery.com\\\/en\\\/shop\\\/\"},{\"@type\":\"ListItem\",\"position\":3,\"name\":\"Pack de Arco de poleas Elite Basin\"}]},{\"@type\":\"WebSite\",\"@id\":\"https:\\\/\\\/moitoarchery.com\\\/en\\\/#website\",\"url\":\"https:\\\/\\\/moitoarchery.com\\\/en\\\/\",\"name\":\"MoitoArchery\",\"description\":\"Tienda de Tiro con arco\",\"publisher\":{\"@id\":\"https:\\\/\\\/moitoarchery.com\\\/en\\\/#organization\"},\"potentialAction\":[{\"@type\":\"SearchAction\",\"target\":{\"@type\":\"EntryPoint\",\"urlTemplate\":\"https:\\\/\\\/moitoarchery.com\\\/en\\\/?s={search_term_string}\"},\"query-input\":{\"@type\":\"PropertyValueSpecification\",\"valueRequired\":true,\"valueName\":\"search_term_string\"}}],\"inLanguage\":\"en-US\"},{\"@type\":\"Organization\",\"@id\":\"https:\\\/\\\/moitoarchery.com\\\/en\\\/#organization\",\"name\":\"MoitoArchery\",\"url\":\"https:\\\/\\\/moitoarchery.com\\\/en\\\/\",\"logo\":{\"@type\":\"ImageObject\",\"inLanguage\":\"en-US\",\"@id\":\"https:\\\/\\\/moitoarchery.com\\\/en\\\/#\\\/schema\\\/logo\\\/image\\\/\",\"url\":\"https:\\\/\\\/moitoarchery.com\\\/wp-content\\\/uploads\\\/2020\\\/09\\\/logotipo-moitoarchery.png\",\"contentUrl\":\"https:\\\/\\\/moitoarchery.com\\\/wp-content\\\/uploads\\\/2020\\\/09\\\/logotipo-moitoarchery.png\",\"width\":300,\"height\":66,\"caption\":\"MoitoArchery\"},\"image\":{\"@id\":\"https:\\\/\\\/moitoarchery.com\\\/en\\\/#\\\/schema\\\/logo\\\/image\\\/\"},\"sameAs\":[\"https:\\\/\\\/www.facebook.com\\\/arqueriaOnline\\\/\",\"https:\\\/\\\/www.instagram.com\\\/moitoarchery\\\/\",\"https:\\\/\\\/www.youtube.com\\\/channel\\\/UCvmj39gVUIKVoJJ6vQC9GPA\\\/\"]}]}<\/script>\n<!-- \/ Yoast SEO plugin. -->","yoast_head_json":{"title":"Pack de Arco de poleas Elite Basin - MoitoArchery","description":"El Elite Basin es un arco de poleas vers\u00e1til, potente y completamente ajustable, dise\u00f1ado tanto para arqueros en crecimiento como para cazadores experimentados. Combina rendimiento de nivel profesional con materiales de alta gama en un dise\u00f1o accesible, duradero y preciso.","robots":{"index":"index","follow":"follow","max-snippet":"max-snippet:-1","max-image-preview":"max-image-preview:large","max-video-preview":"max-video-preview:-1"},"canonical":"https:\/\/moitoarchery.com\/en\/product\/pack-de-arco-de-poleas-elite-basin\/","og_locale":"en_US","og_type":"article","og_title":"Pack de Arco de poleas Elite Basin - MoitoArchery","og_description":"El Elite Basin es un arco de poleas vers\u00e1til, potente y completamente ajustable, dise\u00f1ado tanto para arqueros en crecimiento como para cazadores experimentados. Combina rendimiento de nivel profesional con materiales de alta gama en un dise\u00f1o accesible, duradero y preciso.","og_url":"https:\/\/moitoarchery.com\/en\/product\/pack-de-arco-de-poleas-elite-basin\/","og_site_name":"MoitoArchery","article_publisher":"https:\/\/www.facebook.com\/arqueriaOnline\/","article_modified_time":"2026-04-16T09:53:59+00:00","og_image":[{"width":800,"height":800,"url":"https:\/\/moitoarchery.com\/wp-content\/uploads\/2025\/08\/pack-elite-basin.jpg","type":"image\/jpeg"}],"twitter_card":"summary_large_image","twitter_misc":{"Est. reading time":"2 minutes"},"schema":{"@context":"https:\/\/schema.org","@graph":[{"@type":"WebPage","@id":"https:\/\/moitoarchery.com\/en\/product\/pack-de-arco-de-poleas-elite-basin\/","url":"https:\/\/moitoarchery.com\/en\/product\/pack-de-arco-de-poleas-elite-basin\/","name":"Pack de Arco de poleas Elite Basin - MoitoArchery","isPartOf":{"@id":"https:\/\/moitoarchery.com\/en\/#website"},"primaryImageOfPage":{"@id":"https:\/\/moitoarchery.com\/en\/product\/pack-de-arco-de-poleas-elite-basin\/#primaryimage"},"image":{"@id":"https:\/\/moitoarchery.com\/en\/product\/pack-de-arco-de-poleas-elite-basin\/#primaryimage"},"thumbnailUrl":"https:\/\/moitoarchery.com\/wp-content\/uploads\/2025\/08\/pack-elite-basin.jpg","datePublished":"2025-08-29T11:53:36+00:00","dateModified":"2026-04-16T09:53:59+00:00","description":"El Elite Basin es un arco de poleas vers\u00e1til, potente y completamente ajustable, dise\u00f1ado tanto para arqueros en crecimiento como para cazadores experimentados. Combina rendimiento de nivel profesional con materiales de alta gama en un dise\u00f1o accesible, duradero y preciso.","breadcrumb":{"@id":"https:\/\/moitoarchery.com\/en\/product\/pack-de-arco-de-poleas-elite-basin\/#breadcrumb"},"inLanguage":"en-US","potentialAction":[{"@type":"ReadAction","target":["https:\/\/moitoarchery.com\/en\/product\/pack-de-arco-de-poleas-elite-basin\/"]}]},{"@type":"ImageObject","inLanguage":"en-US","@id":"https:\/\/moitoarchery.com\/en\/product\/pack-de-arco-de-poleas-elite-basin\/#primaryimage","url":"https:\/\/moitoarchery.com\/wp-content\/uploads\/2025\/08\/pack-elite-basin.jpg","contentUrl":"https:\/\/moitoarchery.com\/wp-content\/uploads\/2025\/08\/pack-elite-basin.jpg","width":800,"height":800},{"@type":"BreadcrumbList","@id":"https:\/\/moitoarchery.com\/en\/product\/pack-de-arco-de-poleas-elite-basin\/#breadcrumb","itemListElement":[{"@type":"ListItem","position":1,"name":"Portada","item":"https:\/\/moitoarchery.com\/en\/"},{"@type":"ListItem","position":2,"name":"Shop","item":"https:\/\/moitoarchery.com\/en\/shop\/"},{"@type":"ListItem","position":3,"name":"Pack de Arco de poleas Elite Basin"}]},{"@type":"WebSite","@id":"https:\/\/moitoarchery.com\/en\/#website","url":"https:\/\/moitoarchery.com\/en\/","name":"MoitoArchery","description":"Tienda de Tiro con arco","publisher":{"@id":"https:\/\/moitoarchery.com\/en\/#organization"},"potentialAction":[{"@type":"SearchAction","target":{"@type":"EntryPoint","urlTemplate":"https:\/\/moitoarchery.com\/en\/?s={search_term_string}"},"query-input":{"@type":"PropertyValueSpecification","valueRequired":true,"valueName":"search_term_string"}}],"inLanguage":"en-US"},{"@type":"Organization","@id":"https:\/\/moitoarchery.com\/en\/#organization","name":"MoitoArchery","url":"https:\/\/moitoarchery.com\/en\/","logo":{"@type":"ImageObject","inLanguage":"en-US","@id":"https:\/\/moitoarchery.com\/en\/#\/schema\/logo\/image\/","url":"https:\/\/moitoarchery.com\/wp-content\/uploads\/2020\/09\/logotipo-moitoarchery.png","contentUrl":"https:\/\/moitoarchery.com\/wp-content\/uploads\/2020\/09\/logotipo-moitoarchery.png","width":300,"height":66,"caption":"MoitoArchery"},"image":{"@id":"https:\/\/moitoarchery.com\/en\/#\/schema\/logo\/image\/"},"sameAs":["https:\/\/www.facebook.com\/arqueriaOnline\/","https:\/\/www.instagram.com\/moitoarchery\/","https:\/\/www.youtube.com\/channel\/UCvmj39gVUIKVoJJ6vQC9GPA\/"]}]}},"_links":{"self":[{"href":"https:\/\/moitoarchery.com\/en\/wp-json\/wp\/v2\/product\/108740","targetHints":{"allow":["GET"]}}],"collection":[{"href":"https:\/\/moitoarchery.com\/en\/wp-json\/wp\/v2\/product"}],"about":[{"href":"https:\/\/moitoarchery.com\/en\/wp-json\/wp\/v2\/types\/product"}],"replies":[{"embeddable":true,"href":"https:\/\/moitoarchery.com\/en\/wp-json\/wp\/v2\/comments?post=108740"}],"version-history":[{"count":2,"href":"https:\/\/moitoarchery.com\/en\/wp-json\/wp\/v2\/product\/108740\/revisions"}],"predecessor-version":[{"id":134150,"href":"https:\/\/moitoarchery.com\/en\/wp-json\/wp\/v2\/product\/108740\/revisions\/134150"}],"wp:featuredmedia":[{"embeddable":true,"href":"https:\/\/moitoarchery.com\/en\/wp-json\/wp\/v2\/media\/108750"}],"wp:attachment":[{"href":"https:\/\/moitoarchery.com\/en\/wp-json\/wp\/v2\/media?parent=108740"}],"wp:term":[{"taxonomy":"product_brand","embeddable":true,"href":"https:\/\/moitoarchery.com\/en\/wp-json\/wp\/v2\/product_brand?post=108740"},{"taxonomy":"product_cat","embeddable":true,"href":"https:\/\/moitoarchery.com\/en\/wp-json\/wp\/v2\/product_cat?post=108740"},{"taxonomy":"product_tag","embeddable":true,"href":"https:\/\/moitoarchery.com\/en\/wp-json\/wp\/v2\/product_tag?post=108740"}],"curies":[{"name":"wp","href":"https:\/\/api.w.org\/{rel}","templated":true}]}}