{"id":105152,"date":"2025-08-26T12:58:27","date_gmt":"2025-08-26T10:58:27","guid":{"rendered":"https:\/\/moitoarchery.com\/?post_type=product&#038;p=105152"},"modified":"2026-04-16T11:53:57","modified_gmt":"2026-04-16T09:53:57","slug":"arco-tradicional-buck-trail-kite-longbow-66","status":"publish","type":"product","link":"https:\/\/moitoarchery.com\/en\/product\/arco-tradicional-buck-trail-kite-longbow-66\/","title":{"rendered":"Arco Tradicional Buck Trail Kite Longbow 66&#8243;"},"content":{"rendered":"<p data-start=\"362\" data-end=\"680\">El <strong data-start=\"365\" data-end=\"399\">Buck Trail Kite Longbow de 66&#8243;<\/strong> es una excelente elecci\u00f3n para arqueros que buscan un arco tradicional elegante, eficiente y accesible. Fabricado con maderas laminadas de alta calidad, este longbow destaca por su suavidad al tensar y su excelente comportamiento en el disparo, incluso con potencias m\u00e1s elevadas.<\/p>\n<p data-start=\"682\" data-end=\"912\">Con sus <strong data-start=\"690\" data-end=\"717\">66 pulgadas de longitud<\/strong>, el Kite ofrece una transici\u00f3n suave de energ\u00eda, lo que lo convierte en un arco ideal tanto para principiantes como para arqueros intermedios interesados en el <strong data-start=\"878\" data-end=\"911\">tiro instintivo o tradicional<\/strong>.<\/p>\n<p data-start=\"914\" data-end=\"1028\">Adem\u00e1s, su est\u00e9tica cuidada y su empu\u00f1adura ergon\u00f3mica lo hacen c\u00f3modo de manejar durante sesiones largas de tiro.<\/p>\n<hr data-start=\"1030\" data-end=\"1033\" \/>\n<h3 data-start=\"1035\" data-end=\"1071\">\u2699\ufe0f <strong data-start=\"1042\" data-end=\"1071\">Especificaciones t\u00e9cnicas<\/strong><\/h3>\n<ul data-start=\"1072\" data-end=\"1540\">\n<li data-start=\"1072\" data-end=\"1113\">\n<p data-start=\"1074\" data-end=\"1113\"><strong data-start=\"1074\" data-end=\"1091\">Tipo de arco:<\/strong> Longbow tradicional<\/p>\n<\/li>\n<li data-start=\"1114\" data-end=\"1134\">\n<p data-start=\"1116\" data-end=\"1134\"><strong data-start=\"1116\" data-end=\"1127\">Modelo:<\/strong> Kite<\/p>\n<\/li>\n<li data-start=\"1135\" data-end=\"1167\">\n<p data-start=\"1137\" data-end=\"1167\"><strong data-start=\"1137\" data-end=\"1150\">Longitud:<\/strong> 66&#8243; (pulgadas)<\/p>\n<\/li>\n<li data-start=\"1168\" data-end=\"1220\">\n<p data-start=\"1170\" data-end=\"1220\"><strong data-start=\"1170\" data-end=\"1187\">Mano de tiro:<\/strong> RH o LH (seleccionar variante)<\/p>\n<\/li>\n<li data-start=\"1221\" data-end=\"1277\">\n<p data-start=\"1223\" data-end=\"1277\"><strong data-start=\"1223\" data-end=\"1249\">Potencias disponibles:<\/strong> Desde 25 lbs hasta 55 lbs<\/p>\n<\/li>\n<\/ul>\n","protected":false},"excerpt":{"rendered":"<p data-start=\"362\" data-end=\"680\">El <strong data-start=\"365\" data-end=\"399\">Buck Trail Kite Longbow de 66&#8243;<\/strong> es una excelente elecci\u00f3n para arqueros que buscan un arco tradicional elegante, eficiente y accesible. Fabricado con maderas laminadas de alta calidad, este longbow destaca por su suavidad al tensar y su excelente comportamiento en el disparo, incluso con potencias m\u00e1s elevadas.<\/p>\n<p data-start=\"682\" data-end=\"912\">Con sus <strong data-start=\"690\" data-end=\"717\">66 pulgadas de longitud<\/strong>, el Kite ofrece una transici\u00f3n suave de energ\u00eda, lo que lo convierte en un arco ideal tanto para principiantes como para arqueros intermedios interesados en el <strong data-start=\"878\" data-end=\"911\">tiro instintivo o tradicional<\/strong>.<\/p>\n<p data-start=\"914\" data-end=\"1028\">Adem\u00e1s, su est\u00e9tica cuidada y su empu\u00f1adura ergon\u00f3mica lo hacen c\u00f3modo de manejar durante sesiones largas de tiro.<\/p>\n<hr data-start=\"1030\" data-end=\"1033\" \/>\n<h3 data-start=\"1035\" data-end=\"1071\">\u2699\ufe0f <strong data-start=\"1042\" data-end=\"1071\">Especificaciones t\u00e9cnicas<\/strong><\/h3>\n<ul data-start=\"1072\" data-end=\"1540\">\n<li data-start=\"1072\" data-end=\"1113\">\n<p data-start=\"1074\" data-end=\"1113\"><strong data-start=\"1074\" data-end=\"1091\">Tipo de arco:<\/strong> Longbow tradicional<\/p>\n<\/li>\n<li data-start=\"1114\" data-end=\"1134\">\n<p data-start=\"1116\" data-end=\"1134\"><strong data-start=\"1116\" data-end=\"1127\">Modelo:<\/strong> Kite<\/p>\n<\/li>\n<li data-start=\"1135\" data-end=\"1167\">\n<p data-start=\"1137\" data-end=\"1167\"><strong data-start=\"1137\" data-end=\"1150\">Longitud:<\/strong> 66&#8243; (pulgadas)<\/p>\n<\/li>\n<li data-start=\"1168\" data-end=\"1220\">\n<p data-start=\"1170\" data-end=\"1220\"><strong data-start=\"1170\" data-end=\"1187\">Mano de tiro:<\/strong> RH o LH (seleccionar variante)<\/p>\n<\/li>\n<li data-start=\"1221\" data-end=\"1277\">\n<p data-start=\"1223\" data-end=\"1277\"><strong data-start=\"1223\" data-end=\"1249\">Potencias disponibles:<\/strong> Desde 25 lbs hasta 55 lbs<\/p>\n<\/li>\n<\/ul>\n","protected":false},"featured_media":105173,"comment_status":"open","ping_status":"closed","template":"","meta":{"_acf_changed":false},"product_brand":[4048],"product_cat":[105,142,144,4931],"product_tag":[],"class_list":{"0":"post-105152","1":"product","2":"type-product","3":"status-publish","4":"has-post-thumbnail","6":"product_brand-buck-trail","7":"product_cat-arcos","8":"product_cat-arcos-longbow","9":"product_cat-arcos-tradicionales","10":"product_cat-envio-gratuito","11":"product_shipping_class-envio-gratuito","13":"first","14":"instock","15":"featured","16":"taxable","17":"shipping-taxable","18":"purchasable","19":"product-type-variable"},"acf":[],"yoast_head":"<!-- This site is optimized with the Yoast SEO plugin v27.3 - https:\/\/yoast.com\/product\/yoast-seo-wordpress\/ -->\n<title>Arco Tradicional Buck Trail Kite Longbow 66&quot; - MoitoArchery<\/title>\n<meta name=\"description\" content=\"El Buck Trail Kite Longbow de 66&quot; es una excelente elecci\u00f3n para arqueros que buscan un arco tradicional elegante, eficiente y accesible. Fabricado con maderas laminadas de alta calidad, este longbow destaca por su suavidad al tensar y su excelente comportamiento en el disparo, incluso con potencias m\u00e1s elevadas.\" \/>\n<meta name=\"robots\" content=\"index, follow, max-snippet:-1, max-image-preview:large, max-video-preview:-1\" \/>\n<link rel=\"canonical\" href=\"https:\/\/moitoarchery.com\/en\/product\/arco-tradicional-buck-trail-kite-longbow-66\/\" \/>\n<meta property=\"og:locale\" content=\"en_US\" \/>\n<meta property=\"og:type\" content=\"article\" \/>\n<meta property=\"og:title\" content=\"Arco Tradicional Buck Trail Kite Longbow 66&quot; - MoitoArchery\" \/>\n<meta property=\"og:description\" content=\"El Buck Trail Kite Longbow de 66&quot; es una excelente elecci\u00f3n para arqueros que buscan un arco tradicional elegante, eficiente y accesible. Fabricado con maderas laminadas de alta calidad, este longbow destaca por su suavidad al tensar y su excelente comportamiento en el disparo, incluso con potencias m\u00e1s elevadas.\" \/>\n<meta property=\"og:url\" content=\"https:\/\/moitoarchery.com\/en\/product\/arco-tradicional-buck-trail-kite-longbow-66\/\" \/>\n<meta property=\"og:site_name\" content=\"MoitoArchery\" \/>\n<meta property=\"article:publisher\" content=\"https:\/\/www.facebook.com\/arqueriaOnline\/\" \/>\n<meta property=\"article:modified_time\" content=\"2026-04-16T09:53:57+00:00\" \/>\n<meta property=\"og:image\" content=\"https:\/\/moitoarchery.com\/wp-content\/uploads\/2025\/08\/arco-longbow-buck-trail-kite.jpg\" \/>\n\t<meta property=\"og:image:width\" content=\"800\" \/>\n\t<meta property=\"og:image:height\" content=\"800\" \/>\n\t<meta property=\"og:image:type\" content=\"image\/jpeg\" \/>\n<meta name=\"twitter:card\" content=\"summary_large_image\" \/>\n<meta name=\"twitter:label1\" content=\"Est. reading time\" \/>\n\t<meta name=\"twitter:data1\" content=\"1 minute\" \/>\n<script type=\"application\/ld+json\" class=\"yoast-schema-graph\">{\"@context\":\"https:\\\/\\\/schema.org\",\"@graph\":[{\"@type\":\"WebPage\",\"@id\":\"https:\\\/\\\/moitoarchery.com\\\/en\\\/product\\\/arco-tradicional-buck-trail-kite-longbow-66\\\/\",\"url\":\"https:\\\/\\\/moitoarchery.com\\\/en\\\/product\\\/arco-tradicional-buck-trail-kite-longbow-66\\\/\",\"name\":\"Arco Tradicional Buck Trail Kite Longbow 66\\\" - MoitoArchery\",\"isPartOf\":{\"@id\":\"https:\\\/\\\/moitoarchery.com\\\/en\\\/#website\"},\"primaryImageOfPage\":{\"@id\":\"https:\\\/\\\/moitoarchery.com\\\/en\\\/product\\\/arco-tradicional-buck-trail-kite-longbow-66\\\/#primaryimage\"},\"image\":{\"@id\":\"https:\\\/\\\/moitoarchery.com\\\/en\\\/product\\\/arco-tradicional-buck-trail-kite-longbow-66\\\/#primaryimage\"},\"thumbnailUrl\":\"https:\\\/\\\/moitoarchery.com\\\/wp-content\\\/uploads\\\/2025\\\/08\\\/arco-longbow-buck-trail-kite.jpg\",\"datePublished\":\"2025-08-26T10:58:27+00:00\",\"dateModified\":\"2026-04-16T09:53:57+00:00\",\"description\":\"El Buck Trail Kite Longbow de 66\\\" es una excelente elecci\u00f3n para arqueros que buscan un arco tradicional elegante, eficiente y accesible. Fabricado con maderas laminadas de alta calidad, este longbow destaca por su suavidad al tensar y su excelente comportamiento en el disparo, incluso con potencias m\u00e1s elevadas.\",\"breadcrumb\":{\"@id\":\"https:\\\/\\\/moitoarchery.com\\\/en\\\/product\\\/arco-tradicional-buck-trail-kite-longbow-66\\\/#breadcrumb\"},\"inLanguage\":\"en-US\",\"potentialAction\":[{\"@type\":\"ReadAction\",\"target\":[\"https:\\\/\\\/moitoarchery.com\\\/en\\\/product\\\/arco-tradicional-buck-trail-kite-longbow-66\\\/\"]}]},{\"@type\":\"ImageObject\",\"inLanguage\":\"en-US\",\"@id\":\"https:\\\/\\\/moitoarchery.com\\\/en\\\/product\\\/arco-tradicional-buck-trail-kite-longbow-66\\\/#primaryimage\",\"url\":\"https:\\\/\\\/moitoarchery.com\\\/wp-content\\\/uploads\\\/2025\\\/08\\\/arco-longbow-buck-trail-kite.jpg\",\"contentUrl\":\"https:\\\/\\\/moitoarchery.com\\\/wp-content\\\/uploads\\\/2025\\\/08\\\/arco-longbow-buck-trail-kite.jpg\",\"width\":800,\"height\":800},{\"@type\":\"BreadcrumbList\",\"@id\":\"https:\\\/\\\/moitoarchery.com\\\/en\\\/product\\\/arco-tradicional-buck-trail-kite-longbow-66\\\/#breadcrumb\",\"itemListElement\":[{\"@type\":\"ListItem\",\"position\":1,\"name\":\"Portada\",\"item\":\"https:\\\/\\\/moitoarchery.com\\\/en\\\/\"},{\"@type\":\"ListItem\",\"position\":2,\"name\":\"Shop\",\"item\":\"https:\\\/\\\/moitoarchery.com\\\/en\\\/shop\\\/\"},{\"@type\":\"ListItem\",\"position\":3,\"name\":\"Arco Tradicional Buck Trail Kite Longbow 66&#8243;\"}]},{\"@type\":\"WebSite\",\"@id\":\"https:\\\/\\\/moitoarchery.com\\\/en\\\/#website\",\"url\":\"https:\\\/\\\/moitoarchery.com\\\/en\\\/\",\"name\":\"MoitoArchery\",\"description\":\"Tienda de Tiro con arco\",\"publisher\":{\"@id\":\"https:\\\/\\\/moitoarchery.com\\\/en\\\/#organization\"},\"potentialAction\":[{\"@type\":\"SearchAction\",\"target\":{\"@type\":\"EntryPoint\",\"urlTemplate\":\"https:\\\/\\\/moitoarchery.com\\\/en\\\/?s={search_term_string}\"},\"query-input\":{\"@type\":\"PropertyValueSpecification\",\"valueRequired\":true,\"valueName\":\"search_term_string\"}}],\"inLanguage\":\"en-US\"},{\"@type\":\"Organization\",\"@id\":\"https:\\\/\\\/moitoarchery.com\\\/en\\\/#organization\",\"name\":\"MoitoArchery\",\"url\":\"https:\\\/\\\/moitoarchery.com\\\/en\\\/\",\"logo\":{\"@type\":\"ImageObject\",\"inLanguage\":\"en-US\",\"@id\":\"https:\\\/\\\/moitoarchery.com\\\/en\\\/#\\\/schema\\\/logo\\\/image\\\/\",\"url\":\"https:\\\/\\\/moitoarchery.com\\\/wp-content\\\/uploads\\\/2020\\\/09\\\/logotipo-moitoarchery.png\",\"contentUrl\":\"https:\\\/\\\/moitoarchery.com\\\/wp-content\\\/uploads\\\/2020\\\/09\\\/logotipo-moitoarchery.png\",\"width\":300,\"height\":66,\"caption\":\"MoitoArchery\"},\"image\":{\"@id\":\"https:\\\/\\\/moitoarchery.com\\\/en\\\/#\\\/schema\\\/logo\\\/image\\\/\"},\"sameAs\":[\"https:\\\/\\\/www.facebook.com\\\/arqueriaOnline\\\/\",\"https:\\\/\\\/www.instagram.com\\\/moitoarchery\\\/\",\"https:\\\/\\\/www.youtube.com\\\/channel\\\/UCvmj39gVUIKVoJJ6vQC9GPA\\\/\"]}]}<\/script>\n<!-- \/ Yoast SEO plugin. -->","yoast_head_json":{"title":"Arco Tradicional Buck Trail Kite Longbow 66\" - MoitoArchery","description":"El Buck Trail Kite Longbow de 66\" es una excelente elecci\u00f3n para arqueros que buscan un arco tradicional elegante, eficiente y accesible. Fabricado con maderas laminadas de alta calidad, este longbow destaca por su suavidad al tensar y su excelente comportamiento en el disparo, incluso con potencias m\u00e1s elevadas.","robots":{"index":"index","follow":"follow","max-snippet":"max-snippet:-1","max-image-preview":"max-image-preview:large","max-video-preview":"max-video-preview:-1"},"canonical":"https:\/\/moitoarchery.com\/en\/product\/arco-tradicional-buck-trail-kite-longbow-66\/","og_locale":"en_US","og_type":"article","og_title":"Arco Tradicional Buck Trail Kite Longbow 66\" - MoitoArchery","og_description":"El Buck Trail Kite Longbow de 66\" es una excelente elecci\u00f3n para arqueros que buscan un arco tradicional elegante, eficiente y accesible. Fabricado con maderas laminadas de alta calidad, este longbow destaca por su suavidad al tensar y su excelente comportamiento en el disparo, incluso con potencias m\u00e1s elevadas.","og_url":"https:\/\/moitoarchery.com\/en\/product\/arco-tradicional-buck-trail-kite-longbow-66\/","og_site_name":"MoitoArchery","article_publisher":"https:\/\/www.facebook.com\/arqueriaOnline\/","article_modified_time":"2026-04-16T09:53:57+00:00","og_image":[{"width":800,"height":800,"url":"https:\/\/moitoarchery.com\/wp-content\/uploads\/2025\/08\/arco-longbow-buck-trail-kite.jpg","type":"image\/jpeg"}],"twitter_card":"summary_large_image","twitter_misc":{"Est. reading time":"1 minute"},"schema":{"@context":"https:\/\/schema.org","@graph":[{"@type":"WebPage","@id":"https:\/\/moitoarchery.com\/en\/product\/arco-tradicional-buck-trail-kite-longbow-66\/","url":"https:\/\/moitoarchery.com\/en\/product\/arco-tradicional-buck-trail-kite-longbow-66\/","name":"Arco Tradicional Buck Trail Kite Longbow 66\" - MoitoArchery","isPartOf":{"@id":"https:\/\/moitoarchery.com\/en\/#website"},"primaryImageOfPage":{"@id":"https:\/\/moitoarchery.com\/en\/product\/arco-tradicional-buck-trail-kite-longbow-66\/#primaryimage"},"image":{"@id":"https:\/\/moitoarchery.com\/en\/product\/arco-tradicional-buck-trail-kite-longbow-66\/#primaryimage"},"thumbnailUrl":"https:\/\/moitoarchery.com\/wp-content\/uploads\/2025\/08\/arco-longbow-buck-trail-kite.jpg","datePublished":"2025-08-26T10:58:27+00:00","dateModified":"2026-04-16T09:53:57+00:00","description":"El Buck Trail Kite Longbow de 66\" es una excelente elecci\u00f3n para arqueros que buscan un arco tradicional elegante, eficiente y accesible. Fabricado con maderas laminadas de alta calidad, este longbow destaca por su suavidad al tensar y su excelente comportamiento en el disparo, incluso con potencias m\u00e1s elevadas.","breadcrumb":{"@id":"https:\/\/moitoarchery.com\/en\/product\/arco-tradicional-buck-trail-kite-longbow-66\/#breadcrumb"},"inLanguage":"en-US","potentialAction":[{"@type":"ReadAction","target":["https:\/\/moitoarchery.com\/en\/product\/arco-tradicional-buck-trail-kite-longbow-66\/"]}]},{"@type":"ImageObject","inLanguage":"en-US","@id":"https:\/\/moitoarchery.com\/en\/product\/arco-tradicional-buck-trail-kite-longbow-66\/#primaryimage","url":"https:\/\/moitoarchery.com\/wp-content\/uploads\/2025\/08\/arco-longbow-buck-trail-kite.jpg","contentUrl":"https:\/\/moitoarchery.com\/wp-content\/uploads\/2025\/08\/arco-longbow-buck-trail-kite.jpg","width":800,"height":800},{"@type":"BreadcrumbList","@id":"https:\/\/moitoarchery.com\/en\/product\/arco-tradicional-buck-trail-kite-longbow-66\/#breadcrumb","itemListElement":[{"@type":"ListItem","position":1,"name":"Portada","item":"https:\/\/moitoarchery.com\/en\/"},{"@type":"ListItem","position":2,"name":"Shop","item":"https:\/\/moitoarchery.com\/en\/shop\/"},{"@type":"ListItem","position":3,"name":"Arco Tradicional Buck Trail Kite Longbow 66&#8243;"}]},{"@type":"WebSite","@id":"https:\/\/moitoarchery.com\/en\/#website","url":"https:\/\/moitoarchery.com\/en\/","name":"MoitoArchery","description":"Tienda de Tiro con arco","publisher":{"@id":"https:\/\/moitoarchery.com\/en\/#organization"},"potentialAction":[{"@type":"SearchAction","target":{"@type":"EntryPoint","urlTemplate":"https:\/\/moitoarchery.com\/en\/?s={search_term_string}"},"query-input":{"@type":"PropertyValueSpecification","valueRequired":true,"valueName":"search_term_string"}}],"inLanguage":"en-US"},{"@type":"Organization","@id":"https:\/\/moitoarchery.com\/en\/#organization","name":"MoitoArchery","url":"https:\/\/moitoarchery.com\/en\/","logo":{"@type":"ImageObject","inLanguage":"en-US","@id":"https:\/\/moitoarchery.com\/en\/#\/schema\/logo\/image\/","url":"https:\/\/moitoarchery.com\/wp-content\/uploads\/2020\/09\/logotipo-moitoarchery.png","contentUrl":"https:\/\/moitoarchery.com\/wp-content\/uploads\/2020\/09\/logotipo-moitoarchery.png","width":300,"height":66,"caption":"MoitoArchery"},"image":{"@id":"https:\/\/moitoarchery.com\/en\/#\/schema\/logo\/image\/"},"sameAs":["https:\/\/www.facebook.com\/arqueriaOnline\/","https:\/\/www.instagram.com\/moitoarchery\/","https:\/\/www.youtube.com\/channel\/UCvmj39gVUIKVoJJ6vQC9GPA\/"]}]}},"_links":{"self":[{"href":"https:\/\/moitoarchery.com\/en\/wp-json\/wp\/v2\/product\/105152","targetHints":{"allow":["GET"]}}],"collection":[{"href":"https:\/\/moitoarchery.com\/en\/wp-json\/wp\/v2\/product"}],"about":[{"href":"https:\/\/moitoarchery.com\/en\/wp-json\/wp\/v2\/types\/product"}],"replies":[{"embeddable":true,"href":"https:\/\/moitoarchery.com\/en\/wp-json\/wp\/v2\/comments?post=105152"}],"version-history":[{"count":1,"href":"https:\/\/moitoarchery.com\/en\/wp-json\/wp\/v2\/product\/105152\/revisions"}],"predecessor-version":[{"id":134144,"href":"https:\/\/moitoarchery.com\/en\/wp-json\/wp\/v2\/product\/105152\/revisions\/134144"}],"wp:featuredmedia":[{"embeddable":true,"href":"https:\/\/moitoarchery.com\/en\/wp-json\/wp\/v2\/media\/105173"}],"wp:attachment":[{"href":"https:\/\/moitoarchery.com\/en\/wp-json\/wp\/v2\/media?parent=105152"}],"wp:term":[{"taxonomy":"product_brand","embeddable":true,"href":"https:\/\/moitoarchery.com\/en\/wp-json\/wp\/v2\/product_brand?post=105152"},{"taxonomy":"product_cat","embeddable":true,"href":"https:\/\/moitoarchery.com\/en\/wp-json\/wp\/v2\/product_cat?post=105152"},{"taxonomy":"product_tag","embeddable":true,"href":"https:\/\/moitoarchery.com\/en\/wp-json\/wp\/v2\/product_tag?post=105152"}],"curies":[{"name":"wp","href":"https:\/\/api.w.org\/{rel}","templated":true}]}}