{"id":104085,"date":"2025-08-22T09:23:28","date_gmt":"2025-08-22T07:23:28","guid":{"rendered":"https:\/\/moitoarchery.com\/?post_type=product&#038;p=104085"},"modified":"2026-04-16T11:53:55","modified_gmt":"2026-04-16T09:53:55","slug":"palas-bearpaw-chief-short-para-recurvo-bls","status":"publish","type":"product","link":"https:\/\/moitoarchery.com\/en\/product\/palas-bearpaw-chief-short-para-recurvo-bls\/","title":{"rendered":"Palas Bearpaw Chief Short para Recurvo BLS"},"content":{"rendered":"<p data-start=\"338\" data-end=\"715\">\u00a1Las palas Chief est\u00e1n de vuelta! Las <strong data-start=\"376\" data-end=\"406\">Bearpaw Chief Recurve Short<\/strong> ahora son totalmente compatibles con el <strong data-start=\"447\" data-end=\"476\">Bearpaw Limb System (BLS)<\/strong>, lo que te permite disfrutar de su rendimiento legendario en una configuraci\u00f3n modular. Estas palas han sido dise\u00f1adas para ofrecer <strong data-start=\"609\" data-end=\"638\">alta velocidad de disparo<\/strong>, <strong data-start=\"640\" data-end=\"655\">estabilidad<\/strong> y una est\u00e9tica espectacular gracias a sus acabados premium.<\/p>\n<p data-start=\"717\" data-end=\"1060\">Fabricadas con un n\u00facleo de <strong data-start=\"745\" data-end=\"754\">bamb\u00fa<\/strong>, reforzadas con una capa de <strong data-start=\"783\" data-end=\"802\">carbono BEARPAW<\/strong> y una capa interna de <strong data-start=\"825\" data-end=\"840\">Stabil Core<\/strong>, las Chief garantizan un disparo r\u00e1pido, suave y con gran estabilidad. La versi\u00f3n <strong data-start=\"923\" data-end=\"939\">Recurve short<\/strong>, combinada con un riser BLS est\u00e1ndar, forma un arco de <strong data-start=\"995\" data-end=\"1010\">60 pulgadas<\/strong>, ideal para tiro tradicional de alto rendimiento.<\/p>\n<p><strong>Caracter\u00edsticas t\u00e9cnicas:<\/strong><\/p>\n<ul>\n<li>Compatibilidad: Sistema BEARPAW Limb System (BLS) \u2013 Compatible con todos los mangos BLS<\/li>\n<li>Tipo de pala: Recurvo short \u2013 Longitud total del arco: 60\u201d en un cuerpo de 17&#8243;<\/li>\n<li>Potencia: De 20 a 55 libras (en incrementos de 5 lbs)<\/li>\n<li>Tips: Micarta triple laminada \u2013 Apto para cuerdas Fast Flight<\/li>\n<li>N\u00facleo: Bamb\u00fa con capa de carbono BEARPAW + n\u00facleo central Stabil Core<\/li>\n<li>Acabados del laminado (veneer):\n<ul>\n<li>Powerglas Crystal Clear con acabado Olive<\/li>\n<li>Powerglas Crystal Clear con chapado Golden Sandalwood<\/li>\n<li>Powerglas Pure Black<\/li>\n<\/ul>\n<\/li>\n<li>Garant\u00eda: 30 a\u00f1os de garant\u00eda BEARPAW Bows<\/li>\n<\/ul>\n<p><strong>Recomendado para:<\/strong><\/p>\n<p>Arqueros exigentes que buscan una pala r\u00e1pida, estable y con acabados de alta gama, compatible con el sistema modular BLS de Bearpaw.<\/p>\n<p> .<\/p>\n","protected":false},"excerpt":{"rendered":"<p data-start=\"338\" data-end=\"715\">\u00a1Las palas Chief est\u00e1n de vuelta! Las <strong data-start=\"376\" data-end=\"406\">Bearpaw Chief Recurve Short<\/strong> ahora son totalmente compatibles con el <strong data-start=\"447\" data-end=\"476\">Bearpaw Limb System (BLS)<\/strong>, lo que te permite disfrutar de su rendimiento legendario en una configuraci\u00f3n modular. Estas palas han sido dise\u00f1adas para ofrecer <strong data-start=\"609\" data-end=\"638\">alta velocidad de disparo<\/strong>, <strong data-start=\"640\" data-end=\"655\">estabilidad<\/strong> y una est\u00e9tica espectacular gracias a sus acabados premium.<\/p>\n<p data-start=\"717\" data-end=\"1060\">Fabricadas con un n\u00facleo de <strong data-start=\"745\" data-end=\"754\">bamb\u00fa<\/strong>, reforzadas con una capa de <strong data-start=\"783\" data-end=\"802\">carbono BEARPAW<\/strong> y una capa interna de <strong data-start=\"825\" data-end=\"840\">Stabil Core<\/strong>, las Chief garantizan un disparo r\u00e1pido, suave y con gran estabilidad. La versi\u00f3n <strong data-start=\"923\" data-end=\"939\">Recurve short<\/strong>, combinada con un riser BLS est\u00e1ndar, forma un arco de <strong data-start=\"995\" data-end=\"1010\">60 pulgadas<\/strong>, ideal para tiro tradicional de alto rendimiento.<\/p>\n<p><strong>Caracter\u00edsticas t\u00e9cnicas:<\/strong><\/p>\n<ul>\n<li>Compatibilidad: Sistema BEARPAW Limb System (BLS) \u2013 Compatible con todos los mangos BLS<\/li>\n<li>Tipo de pala: Recurvo short \u2013 Longitud total del arco: 60\u201d en un cuerpo de 17&#8243;<\/li>\n<li>Potencia: De 20 a 55 libras (en incrementos de 5 lbs)<\/li>\n<li>Tips: Micarta triple laminada \u2013 Apto para cuerdas Fast Flight<\/li>\n<li>N\u00facleo: Bamb\u00fa con capa de carbono BEARPAW + n\u00facleo central Stabil Core<\/li>\n<li>Acabados del laminado (veneer):\n<ul>\n<li>Powerglas Crystal Clear con acabado Olive<\/li>\n<li>Powerglas Crystal Clear con chapado Golden Sandalwood<\/li>\n<li>Powerglas Pure Black<\/li>\n<\/ul>\n<\/li>\n<li>Garant\u00eda: 30 a\u00f1os de garant\u00eda BEARPAW Bows<\/li>\n<\/ul>\n<p><strong>Recomendado para:<\/strong><\/p>\n<p>Arqueros exigentes que buscan una pala r\u00e1pida, estable y con acabados de alta gama, compatible con el sistema modular BLS de Bearpaw.<\/p>\n<p> .<\/p>\n","protected":false},"featured_media":104072,"comment_status":"open","ping_status":"closed","template":"","meta":{"_acf_changed":false},"product_brand":[4041],"product_cat":[105,144,1301],"product_tag":[],"class_list":{"0":"post-104085","1":"product","2":"type-product","3":"status-publish","4":"has-post-thumbnail","6":"product_brand-bearpaw","7":"product_cat-arcos","8":"product_cat-arcos-tradicionales","9":"product_cat-palas-arco-tradicional","11":"first","12":"onbackorder","13":"sale","14":"taxable","15":"shipping-taxable","16":"purchasable","17":"product-type-variable"},"acf":[],"yoast_head":"<!-- This site is optimized with the Yoast SEO plugin v27.3 - https:\/\/yoast.com\/product\/yoast-seo-wordpress\/ -->\n<title>Palas Bearpaw Chief Short para Recurvo BLS - MoitoArchery<\/title>\n<meta name=\"description\" content=\"\u00a1Las palas Chief est\u00e1n de vuelta! Las Bearpaw Chief Recurve Long ahora son totalmente compatibles con el Bearpaw Limb System (BLS), lo que te permite disfrutar de su rendimiento legendario en una configuraci\u00f3n modular.\" \/>\n<meta name=\"robots\" content=\"index, follow, max-snippet:-1, max-image-preview:large, max-video-preview:-1\" \/>\n<link rel=\"canonical\" href=\"https:\/\/moitoarchery.com\/en\/product\/palas-bearpaw-chief-short-para-recurvo-bls\/\" \/>\n<meta property=\"og:locale\" content=\"en_US\" \/>\n<meta property=\"og:type\" content=\"article\" \/>\n<meta property=\"og:title\" content=\"Palas Bearpaw Chief Short para Recurvo BLS - MoitoArchery\" \/>\n<meta property=\"og:description\" content=\"\u00a1Las palas Chief est\u00e1n de vuelta! Las Bearpaw Chief Recurve Long ahora son totalmente compatibles con el Bearpaw Limb System (BLS), lo que te permite disfrutar de su rendimiento legendario en una configuraci\u00f3n modular.\" \/>\n<meta property=\"og:url\" content=\"https:\/\/moitoarchery.com\/en\/product\/palas-bearpaw-chief-short-para-recurvo-bls\/\" \/>\n<meta property=\"og:site_name\" content=\"MoitoArchery\" \/>\n<meta property=\"article:publisher\" content=\"https:\/\/www.facebook.com\/arqueriaOnline\/\" \/>\n<meta property=\"article:modified_time\" content=\"2026-04-16T09:53:55+00:00\" \/>\n<meta property=\"og:image\" content=\"https:\/\/moitoarchery.com\/wp-content\/uploads\/2025\/08\/palas-bearpaw-chief-olive.jpg\" \/>\n\t<meta property=\"og:image:width\" content=\"800\" \/>\n\t<meta property=\"og:image:height\" content=\"800\" \/>\n\t<meta property=\"og:image:type\" content=\"image\/jpeg\" \/>\n<meta name=\"twitter:card\" content=\"summary_large_image\" \/>\n<meta name=\"twitter:label1\" content=\"Est. reading time\" \/>\n\t<meta name=\"twitter:data1\" content=\"2 minutes\" \/>\n<script type=\"application\/ld+json\" class=\"yoast-schema-graph\">{\"@context\":\"https:\\\/\\\/schema.org\",\"@graph\":[{\"@type\":\"WebPage\",\"@id\":\"https:\\\/\\\/moitoarchery.com\\\/en\\\/product\\\/palas-bearpaw-chief-short-para-recurvo-bls\\\/\",\"url\":\"https:\\\/\\\/moitoarchery.com\\\/en\\\/product\\\/palas-bearpaw-chief-short-para-recurvo-bls\\\/\",\"name\":\"Palas Bearpaw Chief Short para Recurvo BLS - MoitoArchery\",\"isPartOf\":{\"@id\":\"https:\\\/\\\/moitoarchery.com\\\/en\\\/#website\"},\"primaryImageOfPage\":{\"@id\":\"https:\\\/\\\/moitoarchery.com\\\/en\\\/product\\\/palas-bearpaw-chief-short-para-recurvo-bls\\\/#primaryimage\"},\"image\":{\"@id\":\"https:\\\/\\\/moitoarchery.com\\\/en\\\/product\\\/palas-bearpaw-chief-short-para-recurvo-bls\\\/#primaryimage\"},\"thumbnailUrl\":\"https:\\\/\\\/moitoarchery.com\\\/wp-content\\\/uploads\\\/2025\\\/08\\\/palas-bearpaw-chief-olive.jpg\",\"datePublished\":\"2025-08-22T07:23:28+00:00\",\"dateModified\":\"2026-04-16T09:53:55+00:00\",\"description\":\"\u00a1Las palas Chief est\u00e1n de vuelta! Las Bearpaw Chief Recurve Long ahora son totalmente compatibles con el Bearpaw Limb System (BLS), lo que te permite disfrutar de su rendimiento legendario en una configuraci\u00f3n modular.\",\"breadcrumb\":{\"@id\":\"https:\\\/\\\/moitoarchery.com\\\/en\\\/product\\\/palas-bearpaw-chief-short-para-recurvo-bls\\\/#breadcrumb\"},\"inLanguage\":\"en-US\",\"potentialAction\":[{\"@type\":\"ReadAction\",\"target\":[\"https:\\\/\\\/moitoarchery.com\\\/en\\\/product\\\/palas-bearpaw-chief-short-para-recurvo-bls\\\/\"]}]},{\"@type\":\"ImageObject\",\"inLanguage\":\"en-US\",\"@id\":\"https:\\\/\\\/moitoarchery.com\\\/en\\\/product\\\/palas-bearpaw-chief-short-para-recurvo-bls\\\/#primaryimage\",\"url\":\"https:\\\/\\\/moitoarchery.com\\\/wp-content\\\/uploads\\\/2025\\\/08\\\/palas-bearpaw-chief-olive.jpg\",\"contentUrl\":\"https:\\\/\\\/moitoarchery.com\\\/wp-content\\\/uploads\\\/2025\\\/08\\\/palas-bearpaw-chief-olive.jpg\",\"width\":800,\"height\":800},{\"@type\":\"BreadcrumbList\",\"@id\":\"https:\\\/\\\/moitoarchery.com\\\/en\\\/product\\\/palas-bearpaw-chief-short-para-recurvo-bls\\\/#breadcrumb\",\"itemListElement\":[{\"@type\":\"ListItem\",\"position\":1,\"name\":\"Portada\",\"item\":\"https:\\\/\\\/moitoarchery.com\\\/en\\\/\"},{\"@type\":\"ListItem\",\"position\":2,\"name\":\"Shop\",\"item\":\"https:\\\/\\\/moitoarchery.com\\\/en\\\/shop\\\/\"},{\"@type\":\"ListItem\",\"position\":3,\"name\":\"Palas Bearpaw Chief Short para Recurvo BLS\"}]},{\"@type\":\"WebSite\",\"@id\":\"https:\\\/\\\/moitoarchery.com\\\/en\\\/#website\",\"url\":\"https:\\\/\\\/moitoarchery.com\\\/en\\\/\",\"name\":\"MoitoArchery\",\"description\":\"Tienda de Tiro con arco\",\"publisher\":{\"@id\":\"https:\\\/\\\/moitoarchery.com\\\/en\\\/#organization\"},\"potentialAction\":[{\"@type\":\"SearchAction\",\"target\":{\"@type\":\"EntryPoint\",\"urlTemplate\":\"https:\\\/\\\/moitoarchery.com\\\/en\\\/?s={search_term_string}\"},\"query-input\":{\"@type\":\"PropertyValueSpecification\",\"valueRequired\":true,\"valueName\":\"search_term_string\"}}],\"inLanguage\":\"en-US\"},{\"@type\":\"Organization\",\"@id\":\"https:\\\/\\\/moitoarchery.com\\\/en\\\/#organization\",\"name\":\"MoitoArchery\",\"url\":\"https:\\\/\\\/moitoarchery.com\\\/en\\\/\",\"logo\":{\"@type\":\"ImageObject\",\"inLanguage\":\"en-US\",\"@id\":\"https:\\\/\\\/moitoarchery.com\\\/en\\\/#\\\/schema\\\/logo\\\/image\\\/\",\"url\":\"https:\\\/\\\/moitoarchery.com\\\/wp-content\\\/uploads\\\/2020\\\/09\\\/logotipo-moitoarchery.png\",\"contentUrl\":\"https:\\\/\\\/moitoarchery.com\\\/wp-content\\\/uploads\\\/2020\\\/09\\\/logotipo-moitoarchery.png\",\"width\":300,\"height\":66,\"caption\":\"MoitoArchery\"},\"image\":{\"@id\":\"https:\\\/\\\/moitoarchery.com\\\/en\\\/#\\\/schema\\\/logo\\\/image\\\/\"},\"sameAs\":[\"https:\\\/\\\/www.facebook.com\\\/arqueriaOnline\\\/\",\"https:\\\/\\\/www.instagram.com\\\/moitoarchery\\\/\",\"https:\\\/\\\/www.youtube.com\\\/channel\\\/UCvmj39gVUIKVoJJ6vQC9GPA\\\/\"]}]}<\/script>\n<!-- \/ Yoast SEO plugin. -->","yoast_head_json":{"title":"Palas Bearpaw Chief Short para Recurvo BLS - MoitoArchery","description":"\u00a1Las palas Chief est\u00e1n de vuelta! Las Bearpaw Chief Recurve Long ahora son totalmente compatibles con el Bearpaw Limb System (BLS), lo que te permite disfrutar de su rendimiento legendario en una configuraci\u00f3n modular.","robots":{"index":"index","follow":"follow","max-snippet":"max-snippet:-1","max-image-preview":"max-image-preview:large","max-video-preview":"max-video-preview:-1"},"canonical":"https:\/\/moitoarchery.com\/en\/product\/palas-bearpaw-chief-short-para-recurvo-bls\/","og_locale":"en_US","og_type":"article","og_title":"Palas Bearpaw Chief Short para Recurvo BLS - MoitoArchery","og_description":"\u00a1Las palas Chief est\u00e1n de vuelta! Las Bearpaw Chief Recurve Long ahora son totalmente compatibles con el Bearpaw Limb System (BLS), lo que te permite disfrutar de su rendimiento legendario en una configuraci\u00f3n modular.","og_url":"https:\/\/moitoarchery.com\/en\/product\/palas-bearpaw-chief-short-para-recurvo-bls\/","og_site_name":"MoitoArchery","article_publisher":"https:\/\/www.facebook.com\/arqueriaOnline\/","article_modified_time":"2026-04-16T09:53:55+00:00","og_image":[{"width":800,"height":800,"url":"https:\/\/moitoarchery.com\/wp-content\/uploads\/2025\/08\/palas-bearpaw-chief-olive.jpg","type":"image\/jpeg"}],"twitter_card":"summary_large_image","twitter_misc":{"Est. reading time":"2 minutes"},"schema":{"@context":"https:\/\/schema.org","@graph":[{"@type":"WebPage","@id":"https:\/\/moitoarchery.com\/en\/product\/palas-bearpaw-chief-short-para-recurvo-bls\/","url":"https:\/\/moitoarchery.com\/en\/product\/palas-bearpaw-chief-short-para-recurvo-bls\/","name":"Palas Bearpaw Chief Short para Recurvo BLS - MoitoArchery","isPartOf":{"@id":"https:\/\/moitoarchery.com\/en\/#website"},"primaryImageOfPage":{"@id":"https:\/\/moitoarchery.com\/en\/product\/palas-bearpaw-chief-short-para-recurvo-bls\/#primaryimage"},"image":{"@id":"https:\/\/moitoarchery.com\/en\/product\/palas-bearpaw-chief-short-para-recurvo-bls\/#primaryimage"},"thumbnailUrl":"https:\/\/moitoarchery.com\/wp-content\/uploads\/2025\/08\/palas-bearpaw-chief-olive.jpg","datePublished":"2025-08-22T07:23:28+00:00","dateModified":"2026-04-16T09:53:55+00:00","description":"\u00a1Las palas Chief est\u00e1n de vuelta! Las Bearpaw Chief Recurve Long ahora son totalmente compatibles con el Bearpaw Limb System (BLS), lo que te permite disfrutar de su rendimiento legendario en una configuraci\u00f3n modular.","breadcrumb":{"@id":"https:\/\/moitoarchery.com\/en\/product\/palas-bearpaw-chief-short-para-recurvo-bls\/#breadcrumb"},"inLanguage":"en-US","potentialAction":[{"@type":"ReadAction","target":["https:\/\/moitoarchery.com\/en\/product\/palas-bearpaw-chief-short-para-recurvo-bls\/"]}]},{"@type":"ImageObject","inLanguage":"en-US","@id":"https:\/\/moitoarchery.com\/en\/product\/palas-bearpaw-chief-short-para-recurvo-bls\/#primaryimage","url":"https:\/\/moitoarchery.com\/wp-content\/uploads\/2025\/08\/palas-bearpaw-chief-olive.jpg","contentUrl":"https:\/\/moitoarchery.com\/wp-content\/uploads\/2025\/08\/palas-bearpaw-chief-olive.jpg","width":800,"height":800},{"@type":"BreadcrumbList","@id":"https:\/\/moitoarchery.com\/en\/product\/palas-bearpaw-chief-short-para-recurvo-bls\/#breadcrumb","itemListElement":[{"@type":"ListItem","position":1,"name":"Portada","item":"https:\/\/moitoarchery.com\/en\/"},{"@type":"ListItem","position":2,"name":"Shop","item":"https:\/\/moitoarchery.com\/en\/shop\/"},{"@type":"ListItem","position":3,"name":"Palas Bearpaw Chief Short para Recurvo BLS"}]},{"@type":"WebSite","@id":"https:\/\/moitoarchery.com\/en\/#website","url":"https:\/\/moitoarchery.com\/en\/","name":"MoitoArchery","description":"Tienda de Tiro con arco","publisher":{"@id":"https:\/\/moitoarchery.com\/en\/#organization"},"potentialAction":[{"@type":"SearchAction","target":{"@type":"EntryPoint","urlTemplate":"https:\/\/moitoarchery.com\/en\/?s={search_term_string}"},"query-input":{"@type":"PropertyValueSpecification","valueRequired":true,"valueName":"search_term_string"}}],"inLanguage":"en-US"},{"@type":"Organization","@id":"https:\/\/moitoarchery.com\/en\/#organization","name":"MoitoArchery","url":"https:\/\/moitoarchery.com\/en\/","logo":{"@type":"ImageObject","inLanguage":"en-US","@id":"https:\/\/moitoarchery.com\/en\/#\/schema\/logo\/image\/","url":"https:\/\/moitoarchery.com\/wp-content\/uploads\/2020\/09\/logotipo-moitoarchery.png","contentUrl":"https:\/\/moitoarchery.com\/wp-content\/uploads\/2020\/09\/logotipo-moitoarchery.png","width":300,"height":66,"caption":"MoitoArchery"},"image":{"@id":"https:\/\/moitoarchery.com\/en\/#\/schema\/logo\/image\/"},"sameAs":["https:\/\/www.facebook.com\/arqueriaOnline\/","https:\/\/www.instagram.com\/moitoarchery\/","https:\/\/www.youtube.com\/channel\/UCvmj39gVUIKVoJJ6vQC9GPA\/"]}]}},"_links":{"self":[{"href":"https:\/\/moitoarchery.com\/en\/wp-json\/wp\/v2\/product\/104085","targetHints":{"allow":["GET"]}}],"collection":[{"href":"https:\/\/moitoarchery.com\/en\/wp-json\/wp\/v2\/product"}],"about":[{"href":"https:\/\/moitoarchery.com\/en\/wp-json\/wp\/v2\/types\/product"}],"replies":[{"embeddable":true,"href":"https:\/\/moitoarchery.com\/en\/wp-json\/wp\/v2\/comments?post=104085"}],"version-history":[{"count":1,"href":"https:\/\/moitoarchery.com\/en\/wp-json\/wp\/v2\/product\/104085\/revisions"}],"predecessor-version":[{"id":134139,"href":"https:\/\/moitoarchery.com\/en\/wp-json\/wp\/v2\/product\/104085\/revisions\/134139"}],"wp:featuredmedia":[{"embeddable":true,"href":"https:\/\/moitoarchery.com\/en\/wp-json\/wp\/v2\/media\/104072"}],"wp:attachment":[{"href":"https:\/\/moitoarchery.com\/en\/wp-json\/wp\/v2\/media?parent=104085"}],"wp:term":[{"taxonomy":"product_brand","embeddable":true,"href":"https:\/\/moitoarchery.com\/en\/wp-json\/wp\/v2\/product_brand?post=104085"},{"taxonomy":"product_cat","embeddable":true,"href":"https:\/\/moitoarchery.com\/en\/wp-json\/wp\/v2\/product_cat?post=104085"},{"taxonomy":"product_tag","embeddable":true,"href":"https:\/\/moitoarchery.com\/en\/wp-json\/wp\/v2\/product_tag?post=104085"}],"curies":[{"name":"wp","href":"https:\/\/api.w.org\/{rel}","templated":true}]}}